{"id":28194,"date":"2025-03-11T18:11:37","date_gmt":"2025-03-11T16:11:37","guid":{"rendered":"https:\/\/blondeau.be\/product\/kromschroder-vad-vag-vah-vav\/"},"modified":"2025-09-01T17:29:22","modified_gmt":"2025-09-01T15:29:22","slug":"kromschroder-vad-vag-vah-vav","status":"publish","type":"product","link":"https:\/\/blondeau.be\/fr\/produit\/kromschroder-vad-vag-vah-vav\/","title":{"rendered":"Kromschr\u00f6der VAD-VAG-VAH-VAV"},"content":{"rendered":"<p data-start=\"0\" data-end=\"172\">Les <strong data-start=\"3\" data-end=\"27\">VAD, VAG, VAH <\/strong>et <strong data-start=\"3\" data-end=\"27\">VAV<\/strong> de Kromschr\u00f6der sont des r\u00e9gulateurs de pression industriels combin\u00e9s \u00e0 des \u00e9lectrovannes utilis\u00e9s pour le contr\u00f4le s\u00fbr et efficace des flux de gaz dans les applications de br\u00fbleurs industriels.<\/p>\n<p><\/p>\n<ul data-start=\"217\" data-end=\"887\">\n<li data-start=\"217\" data-end=\"382\">\n<p data-start=\"219\" data-end=\"262\"><strong data-start=\"219\" data-end=\"260\">VAD (r\u00e9gulateur de pression avec \u00e9lectrovanne)<\/strong><\/p>\n<ul data-start=\"265\" data-end=\"382\">\n<li data-start=\"265\" data-end=\"330\">R\u00e9gule la pression du gaz en fonction du d\u00e9bit d&rsquo;air de combustion<\/li>\n<li data-start=\"333\" data-end=\"382\">Assure un rapport air-gaz constant<\/li>\n<\/ul>\n<\/li>\n<p> \t<\/p>\n<li data-start=\"384\" data-end=\"553\">\n<p data-start=\"386\" data-end=\"410\"><strong data-start=\"386\" data-end=\"408\">VAG (r\u00e9gulateur de pression \u00e9gale avec \u00e9lectrovanne)<\/strong><\/p>\n<ul data-start=\"413\" data-end=\"553\">\n<li data-start=\"413\" data-end=\"482\">Vanne de gaz \u00e0 commande m\u00e9canique permettant d&rsquo;arr\u00eater et de stabiliser un rapport de pression gaz\/air de 1:1 pour les br\u00fbleurs \u00e0 r\u00e9gulation modulante ou avec vanne de d\u00e9rivation pour les br\u00fbleurs \u00e0 r\u00e9gulation multi\u00e9tag\u00e9e.<\/li>\n<li data-start=\"485\" data-end=\"553\">Souvent utilis\u00e9 en combinaison avec un registre d&rsquo;air de combustion<\/li>\n<\/ul>\n<\/li>\n<p> \t<\/p>\n<li data-start=\"555\" data-end=\"719\">\n<p data-start=\"557\" data-end=\"593\"><strong data-start=\"557\" data-end=\"591\">VAH (r\u00e9gulateur de d\u00e9bit volum\u00e9trique avec \u00e9lectrovanne)<\/strong><\/p>\n<ul data-start=\"596\" data-end=\"719\">\n<li data-start=\"596\" data-end=\"663\">Electrovanne d&rsquo;arr\u00eat alimentant ou coupant le gaz<\/li>\n<li data-start=\"666\" data-end=\"719\">Pour stabiliser le rapport gaz\/air dans les br\u00fbleurs modulants et \u00e0 \u00e9tages. Le d\u00e9bit de gaz est contr\u00f4l\u00e9 proportionnellement au d\u00e9bit d&rsquo;air. <\/li>\n<\/ul>\n<\/li>\n<p> \t<\/p>\n<li data-start=\"721\" data-end=\"887\">\n<p data-start=\"723\" data-end=\"757\"><strong data-start=\"723\" data-end=\"755\">VAV (r\u00e9gulateur de pression de rapport avec \u00e9lectrovanne)<\/strong><\/p>\n<ul data-start=\"760\" data-end=\"887\">\n<li data-start=\"760\" data-end=\"825\">Vanne de gaz modulante pour un contr\u00f4le pr\u00e9cis du d\u00e9bit de gaz.<\/li>\n<li data-start=\"828\" data-end=\"887\">Pour arr\u00eater et stabiliser un rapport de pression gaz-air pour les br\u00fbleurs \u00e0 r\u00e9gulation modulante. Le rapport de transfert gaz-air est r\u00e9glable de 0,6:1 \u00e0 3:1. La pression de contr\u00f4le de la chambre de combustion psc permet de corriger les variations de pression dans la chambre de combustion.  <\/li>\n<\/ul>\n<\/li>\n<\/ul>\n<p><strong>Caract\u00e9ristiques et avantages :<\/strong><\/p>\n<ul>\n<li>Tailles disponibles : 1 \u00e0 3<\/li>\n<li>Diam\u00e8tres nominaux (DN) : 15 \u00e0 65<\/li>\n<li>Raccords : filet\u00e9s ou \u00e0 bride<\/li>\n<li>Modes de fonctionnement : ouverture et fermeture rapides<\/li>\n<li>Tensions secteur : 24 V DC, 120 V AC ou 230 V AC<\/li>\n<li>IP 65<\/li>\n<li>Pression d&rsquo;entr\u00e9e max. 500 mbar pression d&rsquo;entr\u00e9e<\/li>\n<li>Certifi\u00e9 par l&rsquo;UE<\/li>\n<li>R\u00e9gulateur de pression de classe A selon la norme EN 88 et \u00e9lectrovanne de classe A selon la norme EN 161<\/li>\n<li>Convient pour l&rsquo;hydrog\u00e8ne<\/li>\n<\/ul>\n<p><strong>Documentation :<\/strong><\/p>\n","protected":false},"excerpt":{"rendered":"<p>Les VAD, VAG, VAH et VAV de Kromschr\u00f6der sont des r\u00e9gulateurs de pression industriels combin\u00e9s \u00e0 des \u00e9lectrovannes utilis\u00e9s pour le contr\u00f4le s\u00fbr et efficace des flux de gaz dans les applications de br\u00fbleurs industriels. VAD (r\u00e9gulateur de pression avec \u00e9lectrovanne) R\u00e9gule la pression du gaz en fonction du d\u00e9bit d&rsquo;air de combustion Assure un [&hellip;]<\/p>\n","protected":false},"featured_media":28196,"template":"","meta":{"_acf_changed":false},"product_brand":[],"product_cat":[347],"product_tag":[348,394],"class_list":{"0":"post-28194","1":"product","2":"type-product","3":"status-publish","4":"has-post-thumbnail","6":"product_cat-electrovannes","7":"product_tag-electrovannes","8":"product_tag-regulateur-de-pression","10":"first","11":"instock","12":"taxable","13":"shipping-taxable","14":"product-type-simple"},"acf":[],"yoast_head":"<!-- This site is optimized with the Yoast SEO plugin v26.8 - https:\/\/yoast.com\/product\/yoast-seo-wordpress\/ -->\n<title>Kromschr\u00f6der VAD-VAG-VAH-VAV - Blondeau<\/title>\n<meta name=\"robots\" content=\"index, follow, max-snippet:-1, max-image-preview:large, max-video-preview:-1\" \/>\n<link rel=\"canonical\" href=\"https:\/\/blondeau.be\/fr\/produit\/kromschroder-vad-vag-vah-vav\/\" \/>\n<meta property=\"og:locale\" content=\"fr_FR\" \/>\n<meta property=\"og:type\" content=\"article\" \/>\n<meta property=\"og:title\" content=\"Kromschr\u00f6der VAD-VAG-VAH-VAV - Blondeau\" \/>\n<meta property=\"og:description\" content=\"Les VAD, VAG, VAH et VAV de Kromschr\u00f6der sont des r\u00e9gulateurs de pression industriels combin\u00e9s \u00e0 des \u00e9lectrovannes utilis\u00e9s pour le contr\u00f4le s\u00fbr et efficace des flux de gaz dans les applications de br\u00fbleurs industriels. VAD (r\u00e9gulateur de pression avec \u00e9lectrovanne) R\u00e9gule la pression du gaz en fonction du d\u00e9bit d&rsquo;air de combustion Assure un [&hellip;]\" \/>\n<meta property=\"og:url\" content=\"https:\/\/blondeau.be\/fr\/produit\/kromschroder-vad-vag-vah-vav\/\" \/>\n<meta property=\"og:site_name\" content=\"Blondeau\" \/>\n<meta property=\"article:modified_time\" content=\"2025-09-01T15:29:22+00:00\" \/>\n<meta property=\"og:image\" content=\"https:\/\/blondeau.be\/wp-content\/uploads\/2025\/03\/VAD-1.jpg\" \/>\n\t<meta property=\"og:image:width\" content=\"627\" \/>\n\t<meta property=\"og:image:height\" content=\"576\" \/>\n\t<meta property=\"og:image:type\" content=\"image\/jpeg\" \/>\n<meta name=\"twitter:card\" content=\"summary_large_image\" \/>\n<meta name=\"twitter:label1\" content=\"Dur\u00e9e de lecture estim\u00e9e\" \/>\n\t<meta name=\"twitter:data1\" content=\"2 minutes\" \/>\n<script type=\"application\/ld+json\" class=\"yoast-schema-graph\">{\"@context\":\"https:\/\/schema.org\",\"@graph\":[{\"@type\":\"WebPage\",\"@id\":\"https:\/\/blondeau.be\/fr\/produit\/kromschroder-vad-vag-vah-vav\/\",\"url\":\"https:\/\/blondeau.be\/fr\/produit\/kromschroder-vad-vag-vah-vav\/\",\"name\":\"Kromschr\u00f6der VAD-VAG-VAH-VAV - Blondeau\",\"isPartOf\":{\"@id\":\"https:\/\/blondeau.be\/fr\/#website\"},\"primaryImageOfPage\":{\"@id\":\"https:\/\/blondeau.be\/fr\/produit\/kromschroder-vad-vag-vah-vav\/#primaryimage\"},\"image\":{\"@id\":\"https:\/\/blondeau.be\/fr\/produit\/kromschroder-vad-vag-vah-vav\/#primaryimage\"},\"thumbnailUrl\":\"https:\/\/blondeau.be\/wp-content\/uploads\/2025\/03\/VAD-1.jpg\",\"datePublished\":\"2025-03-11T16:11:37+00:00\",\"dateModified\":\"2025-09-01T15:29:22+00:00\",\"breadcrumb\":{\"@id\":\"https:\/\/blondeau.be\/fr\/produit\/kromschroder-vad-vag-vah-vav\/#breadcrumb\"},\"inLanguage\":\"fr-FR\",\"potentialAction\":[{\"@type\":\"ReadAction\",\"target\":[\"https:\/\/blondeau.be\/fr\/produit\/kromschroder-vad-vag-vah-vav\/\"]}]},{\"@type\":\"ImageObject\",\"inLanguage\":\"fr-FR\",\"@id\":\"https:\/\/blondeau.be\/fr\/produit\/kromschroder-vad-vag-vah-vav\/#primaryimage\",\"url\":\"https:\/\/blondeau.be\/wp-content\/uploads\/2025\/03\/VAD-1.jpg\",\"contentUrl\":\"https:\/\/blondeau.be\/wp-content\/uploads\/2025\/03\/VAD-1.jpg\",\"width\":627,\"height\":576},{\"@type\":\"BreadcrumbList\",\"@id\":\"https:\/\/blondeau.be\/fr\/produit\/kromschroder-vad-vag-vah-vav\/#breadcrumb\",\"itemListElement\":[{\"@type\":\"ListItem\",\"position\":1,\"name\":\"Home\",\"item\":\"https:\/\/blondeau.be\/fr\/accueil\/\"},{\"@type\":\"ListItem\",\"position\":2,\"name\":\"Catalogue des produits\",\"item\":\"https:\/\/blondeau.be\/fr\/catalogue-des-produits\/\"},{\"@type\":\"ListItem\",\"position\":3,\"name\":\"Kromschr\u00f6der VAD-VAG-VAH-VAV\"}]},{\"@type\":\"WebSite\",\"@id\":\"https:\/\/blondeau.be\/fr\/#website\",\"url\":\"https:\/\/blondeau.be\/fr\/\",\"name\":\"Blondeau\",\"description\":\"Industrial Heating\",\"publisher\":{\"@id\":\"https:\/\/blondeau.be\/fr\/#organization\"},\"potentialAction\":[{\"@type\":\"SearchAction\",\"target\":{\"@type\":\"EntryPoint\",\"urlTemplate\":\"https:\/\/blondeau.be\/fr\/?s={search_term_string}\"},\"query-input\":{\"@type\":\"PropertyValueSpecification\",\"valueRequired\":true,\"valueName\":\"search_term_string\"}}],\"inLanguage\":\"fr-FR\"},{\"@type\":\"Organization\",\"@id\":\"https:\/\/blondeau.be\/fr\/#organization\",\"name\":\"Blondeau\",\"url\":\"https:\/\/blondeau.be\/fr\/\",\"logo\":{\"@type\":\"ImageObject\",\"inLanguage\":\"fr-FR\",\"@id\":\"https:\/\/blondeau.be\/fr\/#\/schema\/logo\/image\/\",\"url\":\"https:\/\/blondeau.be\/wp-content\/uploads\/2025\/08\/Logo.jpg\",\"contentUrl\":\"https:\/\/blondeau.be\/wp-content\/uploads\/2025\/08\/Logo.jpg\",\"width\":600,\"height\":600,\"caption\":\"Blondeau\"},\"image\":{\"@id\":\"https:\/\/blondeau.be\/fr\/#\/schema\/logo\/image\/\"}}]}<\/script>\n<!-- \/ Yoast SEO plugin. -->","yoast_head_json":{"title":"Kromschr\u00f6der VAD-VAG-VAH-VAV - Blondeau","robots":{"index":"index","follow":"follow","max-snippet":"max-snippet:-1","max-image-preview":"max-image-preview:large","max-video-preview":"max-video-preview:-1"},"canonical":"https:\/\/blondeau.be\/fr\/produit\/kromschroder-vad-vag-vah-vav\/","og_locale":"fr_FR","og_type":"article","og_title":"Kromschr\u00f6der VAD-VAG-VAH-VAV - Blondeau","og_description":"Les VAD, VAG, VAH et VAV de Kromschr\u00f6der sont des r\u00e9gulateurs de pression industriels combin\u00e9s \u00e0 des \u00e9lectrovannes utilis\u00e9s pour le contr\u00f4le s\u00fbr et efficace des flux de gaz dans les applications de br\u00fbleurs industriels. VAD (r\u00e9gulateur de pression avec \u00e9lectrovanne) R\u00e9gule la pression du gaz en fonction du d\u00e9bit d&rsquo;air de combustion Assure un [&hellip;]","og_url":"https:\/\/blondeau.be\/fr\/produit\/kromschroder-vad-vag-vah-vav\/","og_site_name":"Blondeau","article_modified_time":"2025-09-01T15:29:22+00:00","og_image":[{"width":627,"height":576,"url":"https:\/\/blondeau.be\/wp-content\/uploads\/2025\/03\/VAD-1.jpg","type":"image\/jpeg"}],"twitter_card":"summary_large_image","twitter_misc":{"Dur\u00e9e de lecture estim\u00e9e":"2 minutes"},"schema":{"@context":"https:\/\/schema.org","@graph":[{"@type":"WebPage","@id":"https:\/\/blondeau.be\/fr\/produit\/kromschroder-vad-vag-vah-vav\/","url":"https:\/\/blondeau.be\/fr\/produit\/kromschroder-vad-vag-vah-vav\/","name":"Kromschr\u00f6der VAD-VAG-VAH-VAV - Blondeau","isPartOf":{"@id":"https:\/\/blondeau.be\/fr\/#website"},"primaryImageOfPage":{"@id":"https:\/\/blondeau.be\/fr\/produit\/kromschroder-vad-vag-vah-vav\/#primaryimage"},"image":{"@id":"https:\/\/blondeau.be\/fr\/produit\/kromschroder-vad-vag-vah-vav\/#primaryimage"},"thumbnailUrl":"https:\/\/blondeau.be\/wp-content\/uploads\/2025\/03\/VAD-1.jpg","datePublished":"2025-03-11T16:11:37+00:00","dateModified":"2025-09-01T15:29:22+00:00","breadcrumb":{"@id":"https:\/\/blondeau.be\/fr\/produit\/kromschroder-vad-vag-vah-vav\/#breadcrumb"},"inLanguage":"fr-FR","potentialAction":[{"@type":"ReadAction","target":["https:\/\/blondeau.be\/fr\/produit\/kromschroder-vad-vag-vah-vav\/"]}]},{"@type":"ImageObject","inLanguage":"fr-FR","@id":"https:\/\/blondeau.be\/fr\/produit\/kromschroder-vad-vag-vah-vav\/#primaryimage","url":"https:\/\/blondeau.be\/wp-content\/uploads\/2025\/03\/VAD-1.jpg","contentUrl":"https:\/\/blondeau.be\/wp-content\/uploads\/2025\/03\/VAD-1.jpg","width":627,"height":576},{"@type":"BreadcrumbList","@id":"https:\/\/blondeau.be\/fr\/produit\/kromschroder-vad-vag-vah-vav\/#breadcrumb","itemListElement":[{"@type":"ListItem","position":1,"name":"Home","item":"https:\/\/blondeau.be\/fr\/accueil\/"},{"@type":"ListItem","position":2,"name":"Catalogue des produits","item":"https:\/\/blondeau.be\/fr\/catalogue-des-produits\/"},{"@type":"ListItem","position":3,"name":"Kromschr\u00f6der VAD-VAG-VAH-VAV"}]},{"@type":"WebSite","@id":"https:\/\/blondeau.be\/fr\/#website","url":"https:\/\/blondeau.be\/fr\/","name":"Blondeau","description":"Industrial Heating","publisher":{"@id":"https:\/\/blondeau.be\/fr\/#organization"},"potentialAction":[{"@type":"SearchAction","target":{"@type":"EntryPoint","urlTemplate":"https:\/\/blondeau.be\/fr\/?s={search_term_string}"},"query-input":{"@type":"PropertyValueSpecification","valueRequired":true,"valueName":"search_term_string"}}],"inLanguage":"fr-FR"},{"@type":"Organization","@id":"https:\/\/blondeau.be\/fr\/#organization","name":"Blondeau","url":"https:\/\/blondeau.be\/fr\/","logo":{"@type":"ImageObject","inLanguage":"fr-FR","@id":"https:\/\/blondeau.be\/fr\/#\/schema\/logo\/image\/","url":"https:\/\/blondeau.be\/wp-content\/uploads\/2025\/08\/Logo.jpg","contentUrl":"https:\/\/blondeau.be\/wp-content\/uploads\/2025\/08\/Logo.jpg","width":600,"height":600,"caption":"Blondeau"},"image":{"@id":"https:\/\/blondeau.be\/fr\/#\/schema\/logo\/image\/"}}]}},"_links":{"self":[{"href":"https:\/\/blondeau.be\/fr\/wp-json\/wp\/v2\/product\/28194","targetHints":{"allow":["GET"]}}],"collection":[{"href":"https:\/\/blondeau.be\/fr\/wp-json\/wp\/v2\/product"}],"about":[{"href":"https:\/\/blondeau.be\/fr\/wp-json\/wp\/v2\/types\/product"}],"wp:featuredmedia":[{"embeddable":true,"href":"https:\/\/blondeau.be\/fr\/wp-json\/wp\/v2\/media\/28196"}],"wp:attachment":[{"href":"https:\/\/blondeau.be\/fr\/wp-json\/wp\/v2\/media?parent=28194"}],"wp:term":[{"taxonomy":"product_brand","embeddable":true,"href":"https:\/\/blondeau.be\/fr\/wp-json\/wp\/v2\/product_brand?post=28194"},{"taxonomy":"product_cat","embeddable":true,"href":"https:\/\/blondeau.be\/fr\/wp-json\/wp\/v2\/product_cat?post=28194"},{"taxonomy":"product_tag","embeddable":true,"href":"https:\/\/blondeau.be\/fr\/wp-json\/wp\/v2\/product_tag?post=28194"}],"curies":[{"name":"wp","href":"https:\/\/api.w.org\/{rel}","templated":true}]}}