{"id":28187,"date":"2025-03-07T19:40:05","date_gmt":"2025-03-07T17:40:05","guid":{"rendered":"https:\/\/blondeau.be\/product\/eclipse-immersojet\/"},"modified":"2025-07-28T18:54:15","modified_gmt":"2025-07-28T16:54:15","slug":"eclipse-immersojet","status":"publish","type":"product","link":"https:\/\/blondeau.be\/fr\/produit\/eclipse-immersojet\/","title":{"rendered":"Eclipse ImmersoJet"},"content":{"rendered":"<p><strong>Les br\u00fbleurs Eclipse ImmersoJet<\/strong> offrent une combustion \u00e0 haute capacit\u00e9 \u00e0 travers un tube d&rsquo;immersion de petit diam\u00e8tre. Les gaz de combustion balayent la surface interne du tube, assurant ainsi le taux de transfert de chaleur le plus \u00e9lev\u00e9 parmi tous les br\u00fbleurs \u00e0 immersion. Gr\u00e2ce \u00e0 cette performance, l&rsquo;ImmersoJet peut fonctionner avec des tubes de diam\u00e8tre r\u00e9duit tout en conservant le m\u00eame rendement thermique. Cela permet une plus grande flexibilit\u00e9 dans la conception de syst\u00e8mes d&rsquo;immersion, en r\u00e9pondant \u00e0 la fois aux contraintes d\u2019espace et aux exigences de performance. Le mod\u00e8le standard est livr\u00e9 avec un ventilateur int\u00e9gr\u00e9 ainsi qu\u2019une vanne de r\u00e9gulation air\/gaz \u00e9quip\u00e9e d\u2019un servomoteur pour un contr\u00f4le pr\u00e9cis.   <\/p>\n<p><strong>Caract\u00e9ristiques et avantages :<\/strong><\/p>\n<ul>\n \t<\/p>\n<li>Capacit\u00e9 de 50 \u00e0 1000 kW<\/li>\n<li>Plage de contr\u00f4le jusqu&rsquo;\u00e0 10:1<\/li>\n<li>Temps de chauffe rapide et transfert de chaleur \u00e9lev\u00e9<\/li>\n<li>La conception unique de la buse r\u00e9duit les nuisances sonores<\/li>\n<li>Combustible : gaz naturel, propane, butane<\/li>\n<\/ul>\n<p><strong>Documentation :<\/strong><\/p>\n","protected":false},"excerpt":{"rendered":"<p>Les br\u00fbleurs Eclipse ImmersoJet offrent une combustion \u00e0 haute capacit\u00e9 \u00e0 travers un tube d&rsquo;immersion de petit diam\u00e8tre. Les gaz de combustion balayent la surface interne du tube, assurant ainsi le taux de transfert de chaleur le plus \u00e9lev\u00e9 parmi tous les br\u00fbleurs \u00e0 immersion. Gr\u00e2ce \u00e0 cette performance, l&rsquo;ImmersoJet peut fonctionner avec des tubes [&hellip;]<\/p>\n","protected":false},"featured_media":28190,"template":"","meta":{"_acf_changed":false},"product_brand":[],"product_cat":[365],"product_tag":[366],"class_list":{"0":"post-28187","1":"product","2":"type-product","3":"status-publish","4":"has-post-thumbnail","6":"product_cat-bruleurs","7":"product_tag-bruleurs-melange","9":"first","10":"instock","11":"taxable","12":"shipping-taxable","13":"product-type-simple"},"acf":[],"yoast_head":"<!-- This site is optimized with the Yoast SEO plugin v26.8 - https:\/\/yoast.com\/product\/yoast-seo-wordpress\/ -->\n<title>Eclipse ImmersoJet - Blondeau<\/title>\n<meta name=\"robots\" content=\"index, follow, max-snippet:-1, max-image-preview:large, max-video-preview:-1\" \/>\n<link rel=\"canonical\" href=\"https:\/\/blondeau.be\/fr\/produit\/eclipse-immersojet\/\" \/>\n<meta property=\"og:locale\" content=\"fr_FR\" \/>\n<meta property=\"og:type\" content=\"article\" \/>\n<meta property=\"og:title\" content=\"Eclipse ImmersoJet - Blondeau\" \/>\n<meta property=\"og:description\" content=\"Les br\u00fbleurs Eclipse ImmersoJet offrent une combustion \u00e0 haute capacit\u00e9 \u00e0 travers un tube d&rsquo;immersion de petit diam\u00e8tre. Les gaz de combustion balayent la surface interne du tube, assurant ainsi le taux de transfert de chaleur le plus \u00e9lev\u00e9 parmi tous les br\u00fbleurs \u00e0 immersion. Gr\u00e2ce \u00e0 cette performance, l&rsquo;ImmersoJet peut fonctionner avec des tubes [&hellip;]\" \/>\n<meta property=\"og:url\" content=\"https:\/\/blondeau.be\/fr\/produit\/eclipse-immersojet\/\" \/>\n<meta property=\"og:site_name\" content=\"Blondeau\" \/>\n<meta property=\"article:modified_time\" content=\"2025-07-28T16:54:15+00:00\" \/>\n<meta property=\"og:image\" content=\"https:\/\/blondeau.be\/wp-content\/uploads\/2025\/03\/ImmersoJet-1-1.jpg\" \/>\n\t<meta property=\"og:image:width\" content=\"540\" \/>\n\t<meta property=\"og:image:height\" content=\"343\" \/>\n\t<meta property=\"og:image:type\" content=\"image\/jpeg\" \/>\n<meta name=\"twitter:card\" content=\"summary_large_image\" \/>\n<meta name=\"twitter:label1\" content=\"Dur\u00e9e de lecture estim\u00e9e\" \/>\n\t<meta name=\"twitter:data1\" content=\"1 minute\" \/>\n<script type=\"application\/ld+json\" class=\"yoast-schema-graph\">{\"@context\":\"https:\/\/schema.org\",\"@graph\":[{\"@type\":\"WebPage\",\"@id\":\"https:\/\/blondeau.be\/fr\/produit\/eclipse-immersojet\/\",\"url\":\"https:\/\/blondeau.be\/fr\/produit\/eclipse-immersojet\/\",\"name\":\"Eclipse ImmersoJet - Blondeau\",\"isPartOf\":{\"@id\":\"https:\/\/blondeau.be\/fr\/#website\"},\"primaryImageOfPage\":{\"@id\":\"https:\/\/blondeau.be\/fr\/produit\/eclipse-immersojet\/#primaryimage\"},\"image\":{\"@id\":\"https:\/\/blondeau.be\/fr\/produit\/eclipse-immersojet\/#primaryimage\"},\"thumbnailUrl\":\"https:\/\/blondeau.be\/wp-content\/uploads\/2025\/03\/ImmersoJet-1-1.jpg\",\"datePublished\":\"2025-03-07T17:40:05+00:00\",\"dateModified\":\"2025-07-28T16:54:15+00:00\",\"breadcrumb\":{\"@id\":\"https:\/\/blondeau.be\/fr\/produit\/eclipse-immersojet\/#breadcrumb\"},\"inLanguage\":\"fr-FR\",\"potentialAction\":[{\"@type\":\"ReadAction\",\"target\":[\"https:\/\/blondeau.be\/fr\/produit\/eclipse-immersojet\/\"]}]},{\"@type\":\"ImageObject\",\"inLanguage\":\"fr-FR\",\"@id\":\"https:\/\/blondeau.be\/fr\/produit\/eclipse-immersojet\/#primaryimage\",\"url\":\"https:\/\/blondeau.be\/wp-content\/uploads\/2025\/03\/ImmersoJet-1-1.jpg\",\"contentUrl\":\"https:\/\/blondeau.be\/wp-content\/uploads\/2025\/03\/ImmersoJet-1-1.jpg\",\"width\":540,\"height\":343},{\"@type\":\"BreadcrumbList\",\"@id\":\"https:\/\/blondeau.be\/fr\/produit\/eclipse-immersojet\/#breadcrumb\",\"itemListElement\":[{\"@type\":\"ListItem\",\"position\":1,\"name\":\"Home\",\"item\":\"https:\/\/blondeau.be\/fr\/accueil\/\"},{\"@type\":\"ListItem\",\"position\":2,\"name\":\"Catalogue des produits\",\"item\":\"https:\/\/blondeau.be\/fr\/catalogue-des-produits\/\"},{\"@type\":\"ListItem\",\"position\":3,\"name\":\"Eclipse ImmersoJet\"}]},{\"@type\":\"WebSite\",\"@id\":\"https:\/\/blondeau.be\/fr\/#website\",\"url\":\"https:\/\/blondeau.be\/fr\/\",\"name\":\"Blondeau\",\"description\":\"Industrial Heating\",\"publisher\":{\"@id\":\"https:\/\/blondeau.be\/fr\/#organization\"},\"potentialAction\":[{\"@type\":\"SearchAction\",\"target\":{\"@type\":\"EntryPoint\",\"urlTemplate\":\"https:\/\/blondeau.be\/fr\/?s={search_term_string}\"},\"query-input\":{\"@type\":\"PropertyValueSpecification\",\"valueRequired\":true,\"valueName\":\"search_term_string\"}}],\"inLanguage\":\"fr-FR\"},{\"@type\":\"Organization\",\"@id\":\"https:\/\/blondeau.be\/fr\/#organization\",\"name\":\"Blondeau\",\"url\":\"https:\/\/blondeau.be\/fr\/\",\"logo\":{\"@type\":\"ImageObject\",\"inLanguage\":\"fr-FR\",\"@id\":\"https:\/\/blondeau.be\/fr\/#\/schema\/logo\/image\/\",\"url\":\"https:\/\/blondeau.be\/wp-content\/uploads\/2025\/08\/Logo.jpg\",\"contentUrl\":\"https:\/\/blondeau.be\/wp-content\/uploads\/2025\/08\/Logo.jpg\",\"width\":600,\"height\":600,\"caption\":\"Blondeau\"},\"image\":{\"@id\":\"https:\/\/blondeau.be\/fr\/#\/schema\/logo\/image\/\"}}]}<\/script>\n<!-- \/ Yoast SEO plugin. -->","yoast_head_json":{"title":"Eclipse ImmersoJet - Blondeau","robots":{"index":"index","follow":"follow","max-snippet":"max-snippet:-1","max-image-preview":"max-image-preview:large","max-video-preview":"max-video-preview:-1"},"canonical":"https:\/\/blondeau.be\/fr\/produit\/eclipse-immersojet\/","og_locale":"fr_FR","og_type":"article","og_title":"Eclipse ImmersoJet - Blondeau","og_description":"Les br\u00fbleurs Eclipse ImmersoJet offrent une combustion \u00e0 haute capacit\u00e9 \u00e0 travers un tube d&rsquo;immersion de petit diam\u00e8tre. Les gaz de combustion balayent la surface interne du tube, assurant ainsi le taux de transfert de chaleur le plus \u00e9lev\u00e9 parmi tous les br\u00fbleurs \u00e0 immersion. Gr\u00e2ce \u00e0 cette performance, l&rsquo;ImmersoJet peut fonctionner avec des tubes [&hellip;]","og_url":"https:\/\/blondeau.be\/fr\/produit\/eclipse-immersojet\/","og_site_name":"Blondeau","article_modified_time":"2025-07-28T16:54:15+00:00","og_image":[{"width":540,"height":343,"url":"https:\/\/blondeau.be\/wp-content\/uploads\/2025\/03\/ImmersoJet-1-1.jpg","type":"image\/jpeg"}],"twitter_card":"summary_large_image","twitter_misc":{"Dur\u00e9e de lecture estim\u00e9e":"1 minute"},"schema":{"@context":"https:\/\/schema.org","@graph":[{"@type":"WebPage","@id":"https:\/\/blondeau.be\/fr\/produit\/eclipse-immersojet\/","url":"https:\/\/blondeau.be\/fr\/produit\/eclipse-immersojet\/","name":"Eclipse ImmersoJet - Blondeau","isPartOf":{"@id":"https:\/\/blondeau.be\/fr\/#website"},"primaryImageOfPage":{"@id":"https:\/\/blondeau.be\/fr\/produit\/eclipse-immersojet\/#primaryimage"},"image":{"@id":"https:\/\/blondeau.be\/fr\/produit\/eclipse-immersojet\/#primaryimage"},"thumbnailUrl":"https:\/\/blondeau.be\/wp-content\/uploads\/2025\/03\/ImmersoJet-1-1.jpg","datePublished":"2025-03-07T17:40:05+00:00","dateModified":"2025-07-28T16:54:15+00:00","breadcrumb":{"@id":"https:\/\/blondeau.be\/fr\/produit\/eclipse-immersojet\/#breadcrumb"},"inLanguage":"fr-FR","potentialAction":[{"@type":"ReadAction","target":["https:\/\/blondeau.be\/fr\/produit\/eclipse-immersojet\/"]}]},{"@type":"ImageObject","inLanguage":"fr-FR","@id":"https:\/\/blondeau.be\/fr\/produit\/eclipse-immersojet\/#primaryimage","url":"https:\/\/blondeau.be\/wp-content\/uploads\/2025\/03\/ImmersoJet-1-1.jpg","contentUrl":"https:\/\/blondeau.be\/wp-content\/uploads\/2025\/03\/ImmersoJet-1-1.jpg","width":540,"height":343},{"@type":"BreadcrumbList","@id":"https:\/\/blondeau.be\/fr\/produit\/eclipse-immersojet\/#breadcrumb","itemListElement":[{"@type":"ListItem","position":1,"name":"Home","item":"https:\/\/blondeau.be\/fr\/accueil\/"},{"@type":"ListItem","position":2,"name":"Catalogue des produits","item":"https:\/\/blondeau.be\/fr\/catalogue-des-produits\/"},{"@type":"ListItem","position":3,"name":"Eclipse ImmersoJet"}]},{"@type":"WebSite","@id":"https:\/\/blondeau.be\/fr\/#website","url":"https:\/\/blondeau.be\/fr\/","name":"Blondeau","description":"Industrial Heating","publisher":{"@id":"https:\/\/blondeau.be\/fr\/#organization"},"potentialAction":[{"@type":"SearchAction","target":{"@type":"EntryPoint","urlTemplate":"https:\/\/blondeau.be\/fr\/?s={search_term_string}"},"query-input":{"@type":"PropertyValueSpecification","valueRequired":true,"valueName":"search_term_string"}}],"inLanguage":"fr-FR"},{"@type":"Organization","@id":"https:\/\/blondeau.be\/fr\/#organization","name":"Blondeau","url":"https:\/\/blondeau.be\/fr\/","logo":{"@type":"ImageObject","inLanguage":"fr-FR","@id":"https:\/\/blondeau.be\/fr\/#\/schema\/logo\/image\/","url":"https:\/\/blondeau.be\/wp-content\/uploads\/2025\/08\/Logo.jpg","contentUrl":"https:\/\/blondeau.be\/wp-content\/uploads\/2025\/08\/Logo.jpg","width":600,"height":600,"caption":"Blondeau"},"image":{"@id":"https:\/\/blondeau.be\/fr\/#\/schema\/logo\/image\/"}}]}},"_links":{"self":[{"href":"https:\/\/blondeau.be\/fr\/wp-json\/wp\/v2\/product\/28187","targetHints":{"allow":["GET"]}}],"collection":[{"href":"https:\/\/blondeau.be\/fr\/wp-json\/wp\/v2\/product"}],"about":[{"href":"https:\/\/blondeau.be\/fr\/wp-json\/wp\/v2\/types\/product"}],"wp:featuredmedia":[{"embeddable":true,"href":"https:\/\/blondeau.be\/fr\/wp-json\/wp\/v2\/media\/28190"}],"wp:attachment":[{"href":"https:\/\/blondeau.be\/fr\/wp-json\/wp\/v2\/media?parent=28187"}],"wp:term":[{"taxonomy":"product_brand","embeddable":true,"href":"https:\/\/blondeau.be\/fr\/wp-json\/wp\/v2\/product_brand?post=28187"},{"taxonomy":"product_cat","embeddable":true,"href":"https:\/\/blondeau.be\/fr\/wp-json\/wp\/v2\/product_cat?post=28187"},{"taxonomy":"product_tag","embeddable":true,"href":"https:\/\/blondeau.be\/fr\/wp-json\/wp\/v2\/product_tag?post=28187"}],"curies":[{"name":"wp","href":"https:\/\/api.w.org\/{rel}","templated":true}]}}