{"id":28166,"date":"2025-03-06T18:41:30","date_gmt":"2025-03-06T16:41:30","guid":{"rendered":"https:\/\/blondeau.be\/product\/bruleur-a-tubes-eclipse-tfb\/"},"modified":"2025-07-28T18:46:31","modified_gmt":"2025-07-28T16:46:31","slug":"bruleur-a-tubes-eclipse-tfb","status":"publish","type":"product","link":"https:\/\/blondeau.be\/fr\/produit\/bruleur-a-tubes-eclipse-tfb\/","title":{"rendered":"Br\u00fbleur \u00e0 tubes Eclipse (TFB)"},"content":{"rendered":"<p>Le <strong>br\u00fbleur Eclipse Tube Firing Burner (TFB) <\/strong> est un br\u00fbleur \u00e0 faible \u00e9mission con\u00e7u pour une utilisation sur des tubes radiants ou immerg\u00e9s, avec une plage de puissance allant de 80 \u00e0 530 kW. Sa buse innovante g\u00e9n\u00e8re une flamme intense, rotative et r\u00e9glable en longueur. Cette flamme en spirale favorise une combustion propre, un transfert de chaleur optimal et une temp\u00e9rature uniforme et pr\u00e9cise le long du tube.<br \/>Le br\u00fbleur TFB peut fonctionner avec ou sans r\u00e9cup\u00e9rateur de gaz d\u2019\u00e9chappement. Lorsqu\u2019il est associ\u00e9 au r\u00e9cup\u00e9rateur Eclipse Bayonet-Ultra, l\u2019air de combustion est pr\u00e9chauff\u00e9 \u00e0 l\u2019aide d\u2019un \u00e9changeur de chaleur, ce qui peut am\u00e9liorer le rendement \u00e9nerg\u00e9tique jusqu\u2019\u00e0 20 %. Le TFB est capable de fonctionner avec de l\u2019air de combustion pr\u00e9chauff\u00e9 jusqu\u2019\u00e0 400 \u00b0C.      <\/p>\n<p><strong>Caract\u00e9ristiques et avantages :<\/strong><\/p>\n<ul>\n \t<\/p>\n<li>Capacit\u00e9 de 80 \u00e0 530 kW<\/li>\n<li>Plage de contr\u00f4le jusqu&rsquo;\u00e0 30:1<\/li>\n<li>Temp\u00e9rature maximale du processus : 1040\u00b0C<\/li>\n<li>Air pr\u00e9chauff\u00e9 jusqu&rsquo;\u00e0 400\u00b0C<\/li>\n<li>Longueurs disponibles de 800 mm \u00e0 2450 mm<\/li>\n<li>Combustible : gaz naturel, propane, butane<\/li>\n<li>En option : r\u00e9cup\u00e9rateur\/\u00e9changeur de chaleur (Eclipse Bayonet-Ultra)<\/li>\n<\/ul>\n<p><strong>Documentation :<\/strong><\/p>\n","protected":false},"excerpt":{"rendered":"<p>Le br\u00fbleur Eclipse Tube Firing Burner (TFB) est un br\u00fbleur \u00e0 faible \u00e9mission con\u00e7u pour une utilisation sur des tubes radiants ou immerg\u00e9s, avec une plage de puissance allant de 80 \u00e0 530 kW. Sa buse innovante g\u00e9n\u00e8re une flamme intense, rotative et r\u00e9glable en longueur. Cette flamme en spirale favorise une combustion propre, un [&hellip;]<\/p>\n","protected":false},"featured_media":28168,"template":"","meta":{"_acf_changed":false},"product_brand":[],"product_cat":[365],"product_tag":[366],"class_list":{"0":"post-28166","1":"product","2":"type-product","3":"status-publish","4":"has-post-thumbnail","6":"product_cat-bruleurs","7":"product_tag-bruleurs-melange","9":"first","10":"instock","11":"taxable","12":"shipping-taxable","13":"product-type-simple"},"acf":[],"yoast_head":"<!-- This site is optimized with the Yoast SEO plugin v26.8 - https:\/\/yoast.com\/product\/yoast-seo-wordpress\/ -->\n<title>Br\u00fbleur \u00e0 tubes Eclipse (TFB) - Blondeau<\/title>\n<meta name=\"robots\" content=\"index, follow, max-snippet:-1, max-image-preview:large, max-video-preview:-1\" \/>\n<link rel=\"canonical\" href=\"https:\/\/blondeau.be\/fr\/produit\/bruleur-a-tubes-eclipse-tfb\/\" \/>\n<meta property=\"og:locale\" content=\"fr_FR\" \/>\n<meta property=\"og:type\" content=\"article\" \/>\n<meta property=\"og:title\" content=\"Br\u00fbleur \u00e0 tubes Eclipse (TFB) - Blondeau\" \/>\n<meta property=\"og:description\" content=\"Le br\u00fbleur Eclipse Tube Firing Burner (TFB) est un br\u00fbleur \u00e0 faible \u00e9mission con\u00e7u pour une utilisation sur des tubes radiants ou immerg\u00e9s, avec une plage de puissance allant de 80 \u00e0 530 kW. Sa buse innovante g\u00e9n\u00e8re une flamme intense, rotative et r\u00e9glable en longueur. Cette flamme en spirale favorise une combustion propre, un [&hellip;]\" \/>\n<meta property=\"og:url\" content=\"https:\/\/blondeau.be\/fr\/produit\/bruleur-a-tubes-eclipse-tfb\/\" \/>\n<meta property=\"og:site_name\" content=\"Blondeau\" \/>\n<meta property=\"article:modified_time\" content=\"2025-07-28T16:46:31+00:00\" \/>\n<meta property=\"og:image\" content=\"https:\/\/blondeau.be\/wp-content\/uploads\/2025\/03\/TFB-1-2.jpg\" \/>\n\t<meta property=\"og:image:width\" content=\"655\" \/>\n\t<meta property=\"og:image:height\" content=\"352\" \/>\n\t<meta property=\"og:image:type\" content=\"image\/jpeg\" \/>\n<meta name=\"twitter:card\" content=\"summary_large_image\" \/>\n<meta name=\"twitter:label1\" content=\"Dur\u00e9e de lecture estim\u00e9e\" \/>\n\t<meta name=\"twitter:data1\" content=\"1 minute\" \/>\n<script type=\"application\/ld+json\" class=\"yoast-schema-graph\">{\"@context\":\"https:\/\/schema.org\",\"@graph\":[{\"@type\":\"WebPage\",\"@id\":\"https:\/\/blondeau.be\/fr\/produit\/bruleur-a-tubes-eclipse-tfb\/\",\"url\":\"https:\/\/blondeau.be\/fr\/produit\/bruleur-a-tubes-eclipse-tfb\/\",\"name\":\"Br\u00fbleur \u00e0 tubes Eclipse (TFB) - Blondeau\",\"isPartOf\":{\"@id\":\"https:\/\/blondeau.be\/fr\/#website\"},\"primaryImageOfPage\":{\"@id\":\"https:\/\/blondeau.be\/fr\/produit\/bruleur-a-tubes-eclipse-tfb\/#primaryimage\"},\"image\":{\"@id\":\"https:\/\/blondeau.be\/fr\/produit\/bruleur-a-tubes-eclipse-tfb\/#primaryimage\"},\"thumbnailUrl\":\"https:\/\/blondeau.be\/wp-content\/uploads\/2025\/03\/TFB-1-2.jpg\",\"datePublished\":\"2025-03-06T16:41:30+00:00\",\"dateModified\":\"2025-07-28T16:46:31+00:00\",\"breadcrumb\":{\"@id\":\"https:\/\/blondeau.be\/fr\/produit\/bruleur-a-tubes-eclipse-tfb\/#breadcrumb\"},\"inLanguage\":\"fr-FR\",\"potentialAction\":[{\"@type\":\"ReadAction\",\"target\":[\"https:\/\/blondeau.be\/fr\/produit\/bruleur-a-tubes-eclipse-tfb\/\"]}]},{\"@type\":\"ImageObject\",\"inLanguage\":\"fr-FR\",\"@id\":\"https:\/\/blondeau.be\/fr\/produit\/bruleur-a-tubes-eclipse-tfb\/#primaryimage\",\"url\":\"https:\/\/blondeau.be\/wp-content\/uploads\/2025\/03\/TFB-1-2.jpg\",\"contentUrl\":\"https:\/\/blondeau.be\/wp-content\/uploads\/2025\/03\/TFB-1-2.jpg\",\"width\":655,\"height\":352},{\"@type\":\"BreadcrumbList\",\"@id\":\"https:\/\/blondeau.be\/fr\/produit\/bruleur-a-tubes-eclipse-tfb\/#breadcrumb\",\"itemListElement\":[{\"@type\":\"ListItem\",\"position\":1,\"name\":\"Home\",\"item\":\"https:\/\/blondeau.be\/fr\/accueil\/\"},{\"@type\":\"ListItem\",\"position\":2,\"name\":\"Catalogue des produits\",\"item\":\"https:\/\/blondeau.be\/fr\/catalogue-des-produits\/\"},{\"@type\":\"ListItem\",\"position\":3,\"name\":\"Br\u00fbleur \u00e0 tubes Eclipse (TFB)\"}]},{\"@type\":\"WebSite\",\"@id\":\"https:\/\/blondeau.be\/fr\/#website\",\"url\":\"https:\/\/blondeau.be\/fr\/\",\"name\":\"Blondeau\",\"description\":\"Industrial Heating\",\"publisher\":{\"@id\":\"https:\/\/blondeau.be\/fr\/#organization\"},\"potentialAction\":[{\"@type\":\"SearchAction\",\"target\":{\"@type\":\"EntryPoint\",\"urlTemplate\":\"https:\/\/blondeau.be\/fr\/?s={search_term_string}\"},\"query-input\":{\"@type\":\"PropertyValueSpecification\",\"valueRequired\":true,\"valueName\":\"search_term_string\"}}],\"inLanguage\":\"fr-FR\"},{\"@type\":\"Organization\",\"@id\":\"https:\/\/blondeau.be\/fr\/#organization\",\"name\":\"Blondeau\",\"url\":\"https:\/\/blondeau.be\/fr\/\",\"logo\":{\"@type\":\"ImageObject\",\"inLanguage\":\"fr-FR\",\"@id\":\"https:\/\/blondeau.be\/fr\/#\/schema\/logo\/image\/\",\"url\":\"https:\/\/blondeau.be\/wp-content\/uploads\/2025\/08\/Logo.jpg\",\"contentUrl\":\"https:\/\/blondeau.be\/wp-content\/uploads\/2025\/08\/Logo.jpg\",\"width\":600,\"height\":600,\"caption\":\"Blondeau\"},\"image\":{\"@id\":\"https:\/\/blondeau.be\/fr\/#\/schema\/logo\/image\/\"}}]}<\/script>\n<!-- \/ Yoast SEO plugin. -->","yoast_head_json":{"title":"Br\u00fbleur \u00e0 tubes Eclipse (TFB) - Blondeau","robots":{"index":"index","follow":"follow","max-snippet":"max-snippet:-1","max-image-preview":"max-image-preview:large","max-video-preview":"max-video-preview:-1"},"canonical":"https:\/\/blondeau.be\/fr\/produit\/bruleur-a-tubes-eclipse-tfb\/","og_locale":"fr_FR","og_type":"article","og_title":"Br\u00fbleur \u00e0 tubes Eclipse (TFB) - Blondeau","og_description":"Le br\u00fbleur Eclipse Tube Firing Burner (TFB) est un br\u00fbleur \u00e0 faible \u00e9mission con\u00e7u pour une utilisation sur des tubes radiants ou immerg\u00e9s, avec une plage de puissance allant de 80 \u00e0 530 kW. Sa buse innovante g\u00e9n\u00e8re une flamme intense, rotative et r\u00e9glable en longueur. Cette flamme en spirale favorise une combustion propre, un [&hellip;]","og_url":"https:\/\/blondeau.be\/fr\/produit\/bruleur-a-tubes-eclipse-tfb\/","og_site_name":"Blondeau","article_modified_time":"2025-07-28T16:46:31+00:00","og_image":[{"width":655,"height":352,"url":"https:\/\/blondeau.be\/wp-content\/uploads\/2025\/03\/TFB-1-2.jpg","type":"image\/jpeg"}],"twitter_card":"summary_large_image","twitter_misc":{"Dur\u00e9e de lecture estim\u00e9e":"1 minute"},"schema":{"@context":"https:\/\/schema.org","@graph":[{"@type":"WebPage","@id":"https:\/\/blondeau.be\/fr\/produit\/bruleur-a-tubes-eclipse-tfb\/","url":"https:\/\/blondeau.be\/fr\/produit\/bruleur-a-tubes-eclipse-tfb\/","name":"Br\u00fbleur \u00e0 tubes Eclipse (TFB) - Blondeau","isPartOf":{"@id":"https:\/\/blondeau.be\/fr\/#website"},"primaryImageOfPage":{"@id":"https:\/\/blondeau.be\/fr\/produit\/bruleur-a-tubes-eclipse-tfb\/#primaryimage"},"image":{"@id":"https:\/\/blondeau.be\/fr\/produit\/bruleur-a-tubes-eclipse-tfb\/#primaryimage"},"thumbnailUrl":"https:\/\/blondeau.be\/wp-content\/uploads\/2025\/03\/TFB-1-2.jpg","datePublished":"2025-03-06T16:41:30+00:00","dateModified":"2025-07-28T16:46:31+00:00","breadcrumb":{"@id":"https:\/\/blondeau.be\/fr\/produit\/bruleur-a-tubes-eclipse-tfb\/#breadcrumb"},"inLanguage":"fr-FR","potentialAction":[{"@type":"ReadAction","target":["https:\/\/blondeau.be\/fr\/produit\/bruleur-a-tubes-eclipse-tfb\/"]}]},{"@type":"ImageObject","inLanguage":"fr-FR","@id":"https:\/\/blondeau.be\/fr\/produit\/bruleur-a-tubes-eclipse-tfb\/#primaryimage","url":"https:\/\/blondeau.be\/wp-content\/uploads\/2025\/03\/TFB-1-2.jpg","contentUrl":"https:\/\/blondeau.be\/wp-content\/uploads\/2025\/03\/TFB-1-2.jpg","width":655,"height":352},{"@type":"BreadcrumbList","@id":"https:\/\/blondeau.be\/fr\/produit\/bruleur-a-tubes-eclipse-tfb\/#breadcrumb","itemListElement":[{"@type":"ListItem","position":1,"name":"Home","item":"https:\/\/blondeau.be\/fr\/accueil\/"},{"@type":"ListItem","position":2,"name":"Catalogue des produits","item":"https:\/\/blondeau.be\/fr\/catalogue-des-produits\/"},{"@type":"ListItem","position":3,"name":"Br\u00fbleur \u00e0 tubes Eclipse (TFB)"}]},{"@type":"WebSite","@id":"https:\/\/blondeau.be\/fr\/#website","url":"https:\/\/blondeau.be\/fr\/","name":"Blondeau","description":"Industrial Heating","publisher":{"@id":"https:\/\/blondeau.be\/fr\/#organization"},"potentialAction":[{"@type":"SearchAction","target":{"@type":"EntryPoint","urlTemplate":"https:\/\/blondeau.be\/fr\/?s={search_term_string}"},"query-input":{"@type":"PropertyValueSpecification","valueRequired":true,"valueName":"search_term_string"}}],"inLanguage":"fr-FR"},{"@type":"Organization","@id":"https:\/\/blondeau.be\/fr\/#organization","name":"Blondeau","url":"https:\/\/blondeau.be\/fr\/","logo":{"@type":"ImageObject","inLanguage":"fr-FR","@id":"https:\/\/blondeau.be\/fr\/#\/schema\/logo\/image\/","url":"https:\/\/blondeau.be\/wp-content\/uploads\/2025\/08\/Logo.jpg","contentUrl":"https:\/\/blondeau.be\/wp-content\/uploads\/2025\/08\/Logo.jpg","width":600,"height":600,"caption":"Blondeau"},"image":{"@id":"https:\/\/blondeau.be\/fr\/#\/schema\/logo\/image\/"}}]}},"_links":{"self":[{"href":"https:\/\/blondeau.be\/fr\/wp-json\/wp\/v2\/product\/28166","targetHints":{"allow":["GET"]}}],"collection":[{"href":"https:\/\/blondeau.be\/fr\/wp-json\/wp\/v2\/product"}],"about":[{"href":"https:\/\/blondeau.be\/fr\/wp-json\/wp\/v2\/types\/product"}],"wp:featuredmedia":[{"embeddable":true,"href":"https:\/\/blondeau.be\/fr\/wp-json\/wp\/v2\/media\/28168"}],"wp:attachment":[{"href":"https:\/\/blondeau.be\/fr\/wp-json\/wp\/v2\/media?parent=28166"}],"wp:term":[{"taxonomy":"product_brand","embeddable":true,"href":"https:\/\/blondeau.be\/fr\/wp-json\/wp\/v2\/product_brand?post=28166"},{"taxonomy":"product_cat","embeddable":true,"href":"https:\/\/blondeau.be\/fr\/wp-json\/wp\/v2\/product_cat?post=28166"},{"taxonomy":"product_tag","embeddable":true,"href":"https:\/\/blondeau.be\/fr\/wp-json\/wp\/v2\/product_tag?post=28166"}],"curies":[{"name":"wp","href":"https:\/\/api.w.org\/{rel}","templated":true}]}}