{"id":28157,"date":"2025-03-07T20:05:47","date_gmt":"2025-03-07T18:05:47","guid":{"rendered":"https:\/\/blondeau.be\/product\/eclipse-incinicone\/"},"modified":"2025-07-28T18:45:05","modified_gmt":"2025-07-28T16:45:05","slug":"eclipse-incinicone","status":"publish","type":"product","link":"https:\/\/blondeau.be\/fr\/produit\/eclipse-incinicone\/","title":{"rendered":"Eclipse InciniCone"},"content":{"rendered":"<p>Les br\u00fbleurs <strong>Eclipse InciniCone <\/strong>sont sp\u00e9cialement con\u00e7us pour la combustion des gaz d\u2019\u00e9chappement provenant de s\u00e9choirs, de fours et d&rsquo;autres \u00e9quipements industriels similaires. Install\u00e9s directement dans le conduit d\u2019\u00e9vacuation, ils utilisent uniquement l\u2019oxyg\u00e8ne contenu dans les gaz d\u2019\u00e9chappement pour assurer une combustion compl\u00e8te. Le br\u00fbleur est parfaitement adapt\u00e9 \u00e0 la destruction propre et efficace des compos\u00e9s organiques volatils (COV), des fum\u00e9es et des odeurs. Il se distingue par sa conception compacte, sa large plage de modulation et ses faibles besoins en maintenance, ce qui en fait une solution performante et fiable face aux syst\u00e8mes traditionnels.   <\/p>\n<p><strong>Caract\u00e9ristiques et avantages :<\/strong><\/p>\n<ul>\n \t<\/p>\n<li>Disponible en 9 tailles<\/li>\n<li>Capacit\u00e9 de 400 \u00e0 8600 kW<\/li>\n<li>Plage de contr\u00f4le jusqu&rsquo;\u00e0 25:1<\/li>\n<li>Temp\u00e9rature maximale du processus : 900\u00b0C<\/li>\n<li>Combustible : gaz naturel, propane, butane<\/li>\n<\/ul>\n<p><strong>Documentation :<\/strong><\/p>\n","protected":false},"excerpt":{"rendered":"<p>Les br\u00fbleurs Eclipse InciniCone sont sp\u00e9cialement con\u00e7us pour la combustion des gaz d\u2019\u00e9chappement provenant de s\u00e9choirs, de fours et d&rsquo;autres \u00e9quipements industriels similaires. Install\u00e9s directement dans le conduit d\u2019\u00e9vacuation, ils utilisent uniquement l\u2019oxyg\u00e8ne contenu dans les gaz d\u2019\u00e9chappement pour assurer une combustion compl\u00e8te. Le br\u00fbleur est parfaitement adapt\u00e9 \u00e0 la destruction propre et efficace des [&hellip;]<\/p>\n","protected":false},"featured_media":28159,"template":"","meta":{"_acf_changed":false},"product_brand":[],"product_cat":[365],"product_tag":[366],"class_list":{"0":"post-28157","1":"product","2":"type-product","3":"status-publish","4":"has-post-thumbnail","6":"product_cat-bruleurs","7":"product_tag-bruleurs-melange","9":"first","10":"instock","11":"taxable","12":"shipping-taxable","13":"product-type-simple"},"acf":[],"yoast_head":"<!-- This site is optimized with the Yoast SEO plugin v26.8 - https:\/\/yoast.com\/product\/yoast-seo-wordpress\/ -->\n<title>Eclipse InciniCone - Blondeau<\/title>\n<meta name=\"robots\" content=\"index, follow, max-snippet:-1, max-image-preview:large, max-video-preview:-1\" \/>\n<link rel=\"canonical\" href=\"https:\/\/blondeau.be\/fr\/produit\/eclipse-incinicone\/\" \/>\n<meta property=\"og:locale\" content=\"fr_FR\" \/>\n<meta property=\"og:type\" content=\"article\" \/>\n<meta property=\"og:title\" content=\"Eclipse InciniCone - Blondeau\" \/>\n<meta property=\"og:description\" content=\"Les br\u00fbleurs Eclipse InciniCone sont sp\u00e9cialement con\u00e7us pour la combustion des gaz d\u2019\u00e9chappement provenant de s\u00e9choirs, de fours et d&rsquo;autres \u00e9quipements industriels similaires. Install\u00e9s directement dans le conduit d\u2019\u00e9vacuation, ils utilisent uniquement l\u2019oxyg\u00e8ne contenu dans les gaz d\u2019\u00e9chappement pour assurer une combustion compl\u00e8te. Le br\u00fbleur est parfaitement adapt\u00e9 \u00e0 la destruction propre et efficace des [&hellip;]\" \/>\n<meta property=\"og:url\" content=\"https:\/\/blondeau.be\/fr\/produit\/eclipse-incinicone\/\" \/>\n<meta property=\"og:site_name\" content=\"Blondeau\" \/>\n<meta property=\"article:modified_time\" content=\"2025-07-28T16:45:05+00:00\" \/>\n<meta property=\"og:image\" content=\"https:\/\/blondeau.be\/wp-content\/uploads\/2025\/03\/InciniCone-1.jpg\" \/>\n\t<meta property=\"og:image:width\" content=\"540\" \/>\n\t<meta property=\"og:image:height\" content=\"350\" \/>\n\t<meta property=\"og:image:type\" content=\"image\/jpeg\" \/>\n<meta name=\"twitter:card\" content=\"summary_large_image\" \/>\n<meta name=\"twitter:label1\" content=\"Dur\u00e9e de lecture estim\u00e9e\" \/>\n\t<meta name=\"twitter:data1\" content=\"1 minute\" \/>\n<script type=\"application\/ld+json\" class=\"yoast-schema-graph\">{\"@context\":\"https:\/\/schema.org\",\"@graph\":[{\"@type\":\"WebPage\",\"@id\":\"https:\/\/blondeau.be\/fr\/produit\/eclipse-incinicone\/\",\"url\":\"https:\/\/blondeau.be\/fr\/produit\/eclipse-incinicone\/\",\"name\":\"Eclipse InciniCone - Blondeau\",\"isPartOf\":{\"@id\":\"https:\/\/blondeau.be\/fr\/#website\"},\"primaryImageOfPage\":{\"@id\":\"https:\/\/blondeau.be\/fr\/produit\/eclipse-incinicone\/#primaryimage\"},\"image\":{\"@id\":\"https:\/\/blondeau.be\/fr\/produit\/eclipse-incinicone\/#primaryimage\"},\"thumbnailUrl\":\"https:\/\/blondeau.be\/wp-content\/uploads\/2025\/03\/InciniCone-1.jpg\",\"datePublished\":\"2025-03-07T18:05:47+00:00\",\"dateModified\":\"2025-07-28T16:45:05+00:00\",\"breadcrumb\":{\"@id\":\"https:\/\/blondeau.be\/fr\/produit\/eclipse-incinicone\/#breadcrumb\"},\"inLanguage\":\"fr-FR\",\"potentialAction\":[{\"@type\":\"ReadAction\",\"target\":[\"https:\/\/blondeau.be\/fr\/produit\/eclipse-incinicone\/\"]}]},{\"@type\":\"ImageObject\",\"inLanguage\":\"fr-FR\",\"@id\":\"https:\/\/blondeau.be\/fr\/produit\/eclipse-incinicone\/#primaryimage\",\"url\":\"https:\/\/blondeau.be\/wp-content\/uploads\/2025\/03\/InciniCone-1.jpg\",\"contentUrl\":\"https:\/\/blondeau.be\/wp-content\/uploads\/2025\/03\/InciniCone-1.jpg\",\"width\":540,\"height\":350},{\"@type\":\"BreadcrumbList\",\"@id\":\"https:\/\/blondeau.be\/fr\/produit\/eclipse-incinicone\/#breadcrumb\",\"itemListElement\":[{\"@type\":\"ListItem\",\"position\":1,\"name\":\"Home\",\"item\":\"https:\/\/blondeau.be\/fr\/accueil\/\"},{\"@type\":\"ListItem\",\"position\":2,\"name\":\"Catalogue des produits\",\"item\":\"https:\/\/blondeau.be\/fr\/catalogue-des-produits\/\"},{\"@type\":\"ListItem\",\"position\":3,\"name\":\"Eclipse InciniCone\"}]},{\"@type\":\"WebSite\",\"@id\":\"https:\/\/blondeau.be\/fr\/#website\",\"url\":\"https:\/\/blondeau.be\/fr\/\",\"name\":\"Blondeau\",\"description\":\"Industrial Heating\",\"publisher\":{\"@id\":\"https:\/\/blondeau.be\/fr\/#organization\"},\"potentialAction\":[{\"@type\":\"SearchAction\",\"target\":{\"@type\":\"EntryPoint\",\"urlTemplate\":\"https:\/\/blondeau.be\/fr\/?s={search_term_string}\"},\"query-input\":{\"@type\":\"PropertyValueSpecification\",\"valueRequired\":true,\"valueName\":\"search_term_string\"}}],\"inLanguage\":\"fr-FR\"},{\"@type\":\"Organization\",\"@id\":\"https:\/\/blondeau.be\/fr\/#organization\",\"name\":\"Blondeau\",\"url\":\"https:\/\/blondeau.be\/fr\/\",\"logo\":{\"@type\":\"ImageObject\",\"inLanguage\":\"fr-FR\",\"@id\":\"https:\/\/blondeau.be\/fr\/#\/schema\/logo\/image\/\",\"url\":\"https:\/\/blondeau.be\/wp-content\/uploads\/2025\/08\/Logo.jpg\",\"contentUrl\":\"https:\/\/blondeau.be\/wp-content\/uploads\/2025\/08\/Logo.jpg\",\"width\":600,\"height\":600,\"caption\":\"Blondeau\"},\"image\":{\"@id\":\"https:\/\/blondeau.be\/fr\/#\/schema\/logo\/image\/\"}}]}<\/script>\n<!-- \/ Yoast SEO plugin. -->","yoast_head_json":{"title":"Eclipse InciniCone - Blondeau","robots":{"index":"index","follow":"follow","max-snippet":"max-snippet:-1","max-image-preview":"max-image-preview:large","max-video-preview":"max-video-preview:-1"},"canonical":"https:\/\/blondeau.be\/fr\/produit\/eclipse-incinicone\/","og_locale":"fr_FR","og_type":"article","og_title":"Eclipse InciniCone - Blondeau","og_description":"Les br\u00fbleurs Eclipse InciniCone sont sp\u00e9cialement con\u00e7us pour la combustion des gaz d\u2019\u00e9chappement provenant de s\u00e9choirs, de fours et d&rsquo;autres \u00e9quipements industriels similaires. Install\u00e9s directement dans le conduit d\u2019\u00e9vacuation, ils utilisent uniquement l\u2019oxyg\u00e8ne contenu dans les gaz d\u2019\u00e9chappement pour assurer une combustion compl\u00e8te. Le br\u00fbleur est parfaitement adapt\u00e9 \u00e0 la destruction propre et efficace des [&hellip;]","og_url":"https:\/\/blondeau.be\/fr\/produit\/eclipse-incinicone\/","og_site_name":"Blondeau","article_modified_time":"2025-07-28T16:45:05+00:00","og_image":[{"width":540,"height":350,"url":"https:\/\/blondeau.be\/wp-content\/uploads\/2025\/03\/InciniCone-1.jpg","type":"image\/jpeg"}],"twitter_card":"summary_large_image","twitter_misc":{"Dur\u00e9e de lecture estim\u00e9e":"1 minute"},"schema":{"@context":"https:\/\/schema.org","@graph":[{"@type":"WebPage","@id":"https:\/\/blondeau.be\/fr\/produit\/eclipse-incinicone\/","url":"https:\/\/blondeau.be\/fr\/produit\/eclipse-incinicone\/","name":"Eclipse InciniCone - Blondeau","isPartOf":{"@id":"https:\/\/blondeau.be\/fr\/#website"},"primaryImageOfPage":{"@id":"https:\/\/blondeau.be\/fr\/produit\/eclipse-incinicone\/#primaryimage"},"image":{"@id":"https:\/\/blondeau.be\/fr\/produit\/eclipse-incinicone\/#primaryimage"},"thumbnailUrl":"https:\/\/blondeau.be\/wp-content\/uploads\/2025\/03\/InciniCone-1.jpg","datePublished":"2025-03-07T18:05:47+00:00","dateModified":"2025-07-28T16:45:05+00:00","breadcrumb":{"@id":"https:\/\/blondeau.be\/fr\/produit\/eclipse-incinicone\/#breadcrumb"},"inLanguage":"fr-FR","potentialAction":[{"@type":"ReadAction","target":["https:\/\/blondeau.be\/fr\/produit\/eclipse-incinicone\/"]}]},{"@type":"ImageObject","inLanguage":"fr-FR","@id":"https:\/\/blondeau.be\/fr\/produit\/eclipse-incinicone\/#primaryimage","url":"https:\/\/blondeau.be\/wp-content\/uploads\/2025\/03\/InciniCone-1.jpg","contentUrl":"https:\/\/blondeau.be\/wp-content\/uploads\/2025\/03\/InciniCone-1.jpg","width":540,"height":350},{"@type":"BreadcrumbList","@id":"https:\/\/blondeau.be\/fr\/produit\/eclipse-incinicone\/#breadcrumb","itemListElement":[{"@type":"ListItem","position":1,"name":"Home","item":"https:\/\/blondeau.be\/fr\/accueil\/"},{"@type":"ListItem","position":2,"name":"Catalogue des produits","item":"https:\/\/blondeau.be\/fr\/catalogue-des-produits\/"},{"@type":"ListItem","position":3,"name":"Eclipse InciniCone"}]},{"@type":"WebSite","@id":"https:\/\/blondeau.be\/fr\/#website","url":"https:\/\/blondeau.be\/fr\/","name":"Blondeau","description":"Industrial Heating","publisher":{"@id":"https:\/\/blondeau.be\/fr\/#organization"},"potentialAction":[{"@type":"SearchAction","target":{"@type":"EntryPoint","urlTemplate":"https:\/\/blondeau.be\/fr\/?s={search_term_string}"},"query-input":{"@type":"PropertyValueSpecification","valueRequired":true,"valueName":"search_term_string"}}],"inLanguage":"fr-FR"},{"@type":"Organization","@id":"https:\/\/blondeau.be\/fr\/#organization","name":"Blondeau","url":"https:\/\/blondeau.be\/fr\/","logo":{"@type":"ImageObject","inLanguage":"fr-FR","@id":"https:\/\/blondeau.be\/fr\/#\/schema\/logo\/image\/","url":"https:\/\/blondeau.be\/wp-content\/uploads\/2025\/08\/Logo.jpg","contentUrl":"https:\/\/blondeau.be\/wp-content\/uploads\/2025\/08\/Logo.jpg","width":600,"height":600,"caption":"Blondeau"},"image":{"@id":"https:\/\/blondeau.be\/fr\/#\/schema\/logo\/image\/"}}]}},"_links":{"self":[{"href":"https:\/\/blondeau.be\/fr\/wp-json\/wp\/v2\/product\/28157","targetHints":{"allow":["GET"]}}],"collection":[{"href":"https:\/\/blondeau.be\/fr\/wp-json\/wp\/v2\/product"}],"about":[{"href":"https:\/\/blondeau.be\/fr\/wp-json\/wp\/v2\/types\/product"}],"wp:featuredmedia":[{"embeddable":true,"href":"https:\/\/blondeau.be\/fr\/wp-json\/wp\/v2\/media\/28159"}],"wp:attachment":[{"href":"https:\/\/blondeau.be\/fr\/wp-json\/wp\/v2\/media?parent=28157"}],"wp:term":[{"taxonomy":"product_brand","embeddable":true,"href":"https:\/\/blondeau.be\/fr\/wp-json\/wp\/v2\/product_brand?post=28157"},{"taxonomy":"product_cat","embeddable":true,"href":"https:\/\/blondeau.be\/fr\/wp-json\/wp\/v2\/product_cat?post=28157"},{"taxonomy":"product_tag","embeddable":true,"href":"https:\/\/blondeau.be\/fr\/wp-json\/wp\/v2\/product_tag?post=28157"}],"curies":[{"name":"wp","href":"https:\/\/api.w.org\/{rel}","templated":true}]}}