{"id":28149,"date":"2025-03-06T18:39:52","date_gmt":"2025-03-06T16:39:52","guid":{"rendered":"https:\/\/blondeau.be\/product\/kromschroder-gik\/"},"modified":"2025-09-01T17:19:37","modified_gmt":"2025-09-01T15:19:37","slug":"kromschroder-gik","status":"publish","type":"product","link":"https:\/\/blondeau.be\/fr\/produit\/kromschroder-gik\/","title":{"rendered":"Kromschr\u00f6der GIK"},"content":{"rendered":"<p>Le <strong>GIK <\/strong>de <span style=\"font-size: 1rem;\">Kromschr\u00f6der<\/span><span style=\"font-size: 1rem;\"> <\/span><span style=\"font-size: 1rem;\">est un r\u00e9gulateur de rapport gaz\/air qui maintient une pression de gaz constante proportionnelle au d\u00e9bit d\u2019air, sp\u00e9cifiquement pour les br\u00fbleurs sans air de combustion pr\u00e9chauff\u00e9. Sa conception avec un diaphragme compensant la pression d\u2019entr\u00e9e, ainsi qu\u2019une fonction de fermeture \u00e0 z\u00e9ro, garantit une r\u00e9gulation pr\u00e9cise et fiable. <\/span><\/p>\n<p><strong>Caract\u00e9ristiques et avantages :<\/strong><\/p>\n<ul>\n<li data-start=\"183\" data-end=\"208\">DN 15-150<\/li>\n<li data-start=\"183\" data-end=\"208\">Pression d&rsquo;entr\u00e9e : max. 200 mbar<\/li>\n<li data-start=\"183\" data-end=\"208\">Rapport gaz\/air de 1:1<\/li>\n<li data-start=\"183\" data-end=\"208\">Rapport de modulation de 10:1<\/li>\n<li data-start=\"183\" data-end=\"208\">Certification UE<\/li>\n<li data-start=\"209\" data-end=\"242\" data-is-only-node=\"\">Raccord : filetage \u00e0 vis<\/li>\n<\/ul>\n<p><strong>Documentation :<\/strong><\/p>\n","protected":false},"excerpt":{"rendered":"<p>Le GIK de Kromschr\u00f6der est un r\u00e9gulateur de rapport gaz\/air qui maintient une pression de gaz constante proportionnelle au d\u00e9bit d\u2019air, sp\u00e9cifiquement pour les br\u00fbleurs sans air de combustion pr\u00e9chauff\u00e9. Sa conception avec un diaphragme compensant la pression d\u2019entr\u00e9e, ainsi qu\u2019une fonction de fermeture \u00e0 z\u00e9ro, garantit une r\u00e9gulation pr\u00e9cise et fiable. Caract\u00e9ristiques et avantages [&hellip;]<\/p>\n","protected":false},"featured_media":28152,"template":"","meta":{"_acf_changed":false},"product_brand":[],"product_cat":[393],"product_tag":[394],"class_list":{"0":"post-28149","1":"product","2":"type-product","3":"status-publish","4":"has-post-thumbnail","6":"product_cat-regulateurs-de-pression","7":"product_tag-regulateur-de-pression","9":"first","10":"instock","11":"taxable","12":"shipping-taxable","13":"product-type-simple"},"acf":[],"yoast_head":"<!-- This site is optimized with the Yoast SEO plugin v26.8 - https:\/\/yoast.com\/product\/yoast-seo-wordpress\/ -->\n<title>Kromschr\u00f6der GIK - Blondeau<\/title>\n<meta name=\"robots\" content=\"index, follow, max-snippet:-1, max-image-preview:large, max-video-preview:-1\" \/>\n<link rel=\"canonical\" href=\"https:\/\/blondeau.be\/fr\/produit\/kromschroder-gik\/\" \/>\n<meta property=\"og:locale\" content=\"fr_FR\" \/>\n<meta property=\"og:type\" content=\"article\" \/>\n<meta property=\"og:title\" content=\"Kromschr\u00f6der GIK - Blondeau\" \/>\n<meta property=\"og:description\" content=\"Le GIK de Kromschr\u00f6der est un r\u00e9gulateur de rapport gaz\/air qui maintient une pression de gaz constante proportionnelle au d\u00e9bit d\u2019air, sp\u00e9cifiquement pour les br\u00fbleurs sans air de combustion pr\u00e9chauff\u00e9. Sa conception avec un diaphragme compensant la pression d\u2019entr\u00e9e, ainsi qu\u2019une fonction de fermeture \u00e0 z\u00e9ro, garantit une r\u00e9gulation pr\u00e9cise et fiable. Caract\u00e9ristiques et avantages [&hellip;]\" \/>\n<meta property=\"og:url\" content=\"https:\/\/blondeau.be\/fr\/produit\/kromschroder-gik\/\" \/>\n<meta property=\"og:site_name\" content=\"Blondeau\" \/>\n<meta property=\"article:modified_time\" content=\"2025-09-01T15:19:37+00:00\" \/>\n<meta property=\"og:image\" content=\"https:\/\/blondeau.be\/wp-content\/uploads\/2025\/03\/GIK.jpg\" \/>\n\t<meta property=\"og:image:width\" content=\"281\" \/>\n\t<meta property=\"og:image:height\" content=\"271\" \/>\n\t<meta property=\"og:image:type\" content=\"image\/jpeg\" \/>\n<meta name=\"twitter:card\" content=\"summary_large_image\" \/>\n<meta name=\"twitter:label1\" content=\"Dur\u00e9e de lecture estim\u00e9e\" \/>\n\t<meta name=\"twitter:data1\" content=\"1 minute\" \/>\n<script type=\"application\/ld+json\" class=\"yoast-schema-graph\">{\"@context\":\"https:\/\/schema.org\",\"@graph\":[{\"@type\":\"WebPage\",\"@id\":\"https:\/\/blondeau.be\/fr\/produit\/kromschroder-gik\/\",\"url\":\"https:\/\/blondeau.be\/fr\/produit\/kromschroder-gik\/\",\"name\":\"Kromschr\u00f6der GIK - Blondeau\",\"isPartOf\":{\"@id\":\"https:\/\/blondeau.be\/fr\/#website\"},\"primaryImageOfPage\":{\"@id\":\"https:\/\/blondeau.be\/fr\/produit\/kromschroder-gik\/#primaryimage\"},\"image\":{\"@id\":\"https:\/\/blondeau.be\/fr\/produit\/kromschroder-gik\/#primaryimage\"},\"thumbnailUrl\":\"https:\/\/blondeau.be\/wp-content\/uploads\/2025\/03\/GIK.jpg\",\"datePublished\":\"2025-03-06T16:39:52+00:00\",\"dateModified\":\"2025-09-01T15:19:37+00:00\",\"breadcrumb\":{\"@id\":\"https:\/\/blondeau.be\/fr\/produit\/kromschroder-gik\/#breadcrumb\"},\"inLanguage\":\"fr-FR\",\"potentialAction\":[{\"@type\":\"ReadAction\",\"target\":[\"https:\/\/blondeau.be\/fr\/produit\/kromschroder-gik\/\"]}]},{\"@type\":\"ImageObject\",\"inLanguage\":\"fr-FR\",\"@id\":\"https:\/\/blondeau.be\/fr\/produit\/kromschroder-gik\/#primaryimage\",\"url\":\"https:\/\/blondeau.be\/wp-content\/uploads\/2025\/03\/GIK.jpg\",\"contentUrl\":\"https:\/\/blondeau.be\/wp-content\/uploads\/2025\/03\/GIK.jpg\",\"width\":281,\"height\":271},{\"@type\":\"BreadcrumbList\",\"@id\":\"https:\/\/blondeau.be\/fr\/produit\/kromschroder-gik\/#breadcrumb\",\"itemListElement\":[{\"@type\":\"ListItem\",\"position\":1,\"name\":\"Home\",\"item\":\"https:\/\/blondeau.be\/fr\/accueil\/\"},{\"@type\":\"ListItem\",\"position\":2,\"name\":\"Catalogue des produits\",\"item\":\"https:\/\/blondeau.be\/fr\/catalogue-des-produits\/\"},{\"@type\":\"ListItem\",\"position\":3,\"name\":\"Kromschr\u00f6der GIK\"}]},{\"@type\":\"WebSite\",\"@id\":\"https:\/\/blondeau.be\/fr\/#website\",\"url\":\"https:\/\/blondeau.be\/fr\/\",\"name\":\"Blondeau\",\"description\":\"Industrial Heating\",\"publisher\":{\"@id\":\"https:\/\/blondeau.be\/fr\/#organization\"},\"potentialAction\":[{\"@type\":\"SearchAction\",\"target\":{\"@type\":\"EntryPoint\",\"urlTemplate\":\"https:\/\/blondeau.be\/fr\/?s={search_term_string}\"},\"query-input\":{\"@type\":\"PropertyValueSpecification\",\"valueRequired\":true,\"valueName\":\"search_term_string\"}}],\"inLanguage\":\"fr-FR\"},{\"@type\":\"Organization\",\"@id\":\"https:\/\/blondeau.be\/fr\/#organization\",\"name\":\"Blondeau\",\"url\":\"https:\/\/blondeau.be\/fr\/\",\"logo\":{\"@type\":\"ImageObject\",\"inLanguage\":\"fr-FR\",\"@id\":\"https:\/\/blondeau.be\/fr\/#\/schema\/logo\/image\/\",\"url\":\"https:\/\/blondeau.be\/wp-content\/uploads\/2025\/08\/Logo.jpg\",\"contentUrl\":\"https:\/\/blondeau.be\/wp-content\/uploads\/2025\/08\/Logo.jpg\",\"width\":600,\"height\":600,\"caption\":\"Blondeau\"},\"image\":{\"@id\":\"https:\/\/blondeau.be\/fr\/#\/schema\/logo\/image\/\"}}]}<\/script>\n<!-- \/ Yoast SEO plugin. -->","yoast_head_json":{"title":"Kromschr\u00f6der GIK - Blondeau","robots":{"index":"index","follow":"follow","max-snippet":"max-snippet:-1","max-image-preview":"max-image-preview:large","max-video-preview":"max-video-preview:-1"},"canonical":"https:\/\/blondeau.be\/fr\/produit\/kromschroder-gik\/","og_locale":"fr_FR","og_type":"article","og_title":"Kromschr\u00f6der GIK - Blondeau","og_description":"Le GIK de Kromschr\u00f6der est un r\u00e9gulateur de rapport gaz\/air qui maintient une pression de gaz constante proportionnelle au d\u00e9bit d\u2019air, sp\u00e9cifiquement pour les br\u00fbleurs sans air de combustion pr\u00e9chauff\u00e9. Sa conception avec un diaphragme compensant la pression d\u2019entr\u00e9e, ainsi qu\u2019une fonction de fermeture \u00e0 z\u00e9ro, garantit une r\u00e9gulation pr\u00e9cise et fiable. Caract\u00e9ristiques et avantages [&hellip;]","og_url":"https:\/\/blondeau.be\/fr\/produit\/kromschroder-gik\/","og_site_name":"Blondeau","article_modified_time":"2025-09-01T15:19:37+00:00","og_image":[{"width":281,"height":271,"url":"https:\/\/blondeau.be\/wp-content\/uploads\/2025\/03\/GIK.jpg","type":"image\/jpeg"}],"twitter_card":"summary_large_image","twitter_misc":{"Dur\u00e9e de lecture estim\u00e9e":"1 minute"},"schema":{"@context":"https:\/\/schema.org","@graph":[{"@type":"WebPage","@id":"https:\/\/blondeau.be\/fr\/produit\/kromschroder-gik\/","url":"https:\/\/blondeau.be\/fr\/produit\/kromschroder-gik\/","name":"Kromschr\u00f6der GIK - Blondeau","isPartOf":{"@id":"https:\/\/blondeau.be\/fr\/#website"},"primaryImageOfPage":{"@id":"https:\/\/blondeau.be\/fr\/produit\/kromschroder-gik\/#primaryimage"},"image":{"@id":"https:\/\/blondeau.be\/fr\/produit\/kromschroder-gik\/#primaryimage"},"thumbnailUrl":"https:\/\/blondeau.be\/wp-content\/uploads\/2025\/03\/GIK.jpg","datePublished":"2025-03-06T16:39:52+00:00","dateModified":"2025-09-01T15:19:37+00:00","breadcrumb":{"@id":"https:\/\/blondeau.be\/fr\/produit\/kromschroder-gik\/#breadcrumb"},"inLanguage":"fr-FR","potentialAction":[{"@type":"ReadAction","target":["https:\/\/blondeau.be\/fr\/produit\/kromschroder-gik\/"]}]},{"@type":"ImageObject","inLanguage":"fr-FR","@id":"https:\/\/blondeau.be\/fr\/produit\/kromschroder-gik\/#primaryimage","url":"https:\/\/blondeau.be\/wp-content\/uploads\/2025\/03\/GIK.jpg","contentUrl":"https:\/\/blondeau.be\/wp-content\/uploads\/2025\/03\/GIK.jpg","width":281,"height":271},{"@type":"BreadcrumbList","@id":"https:\/\/blondeau.be\/fr\/produit\/kromschroder-gik\/#breadcrumb","itemListElement":[{"@type":"ListItem","position":1,"name":"Home","item":"https:\/\/blondeau.be\/fr\/accueil\/"},{"@type":"ListItem","position":2,"name":"Catalogue des produits","item":"https:\/\/blondeau.be\/fr\/catalogue-des-produits\/"},{"@type":"ListItem","position":3,"name":"Kromschr\u00f6der GIK"}]},{"@type":"WebSite","@id":"https:\/\/blondeau.be\/fr\/#website","url":"https:\/\/blondeau.be\/fr\/","name":"Blondeau","description":"Industrial Heating","publisher":{"@id":"https:\/\/blondeau.be\/fr\/#organization"},"potentialAction":[{"@type":"SearchAction","target":{"@type":"EntryPoint","urlTemplate":"https:\/\/blondeau.be\/fr\/?s={search_term_string}"},"query-input":{"@type":"PropertyValueSpecification","valueRequired":true,"valueName":"search_term_string"}}],"inLanguage":"fr-FR"},{"@type":"Organization","@id":"https:\/\/blondeau.be\/fr\/#organization","name":"Blondeau","url":"https:\/\/blondeau.be\/fr\/","logo":{"@type":"ImageObject","inLanguage":"fr-FR","@id":"https:\/\/blondeau.be\/fr\/#\/schema\/logo\/image\/","url":"https:\/\/blondeau.be\/wp-content\/uploads\/2025\/08\/Logo.jpg","contentUrl":"https:\/\/blondeau.be\/wp-content\/uploads\/2025\/08\/Logo.jpg","width":600,"height":600,"caption":"Blondeau"},"image":{"@id":"https:\/\/blondeau.be\/fr\/#\/schema\/logo\/image\/"}}]}},"_links":{"self":[{"href":"https:\/\/blondeau.be\/fr\/wp-json\/wp\/v2\/product\/28149","targetHints":{"allow":["GET"]}}],"collection":[{"href":"https:\/\/blondeau.be\/fr\/wp-json\/wp\/v2\/product"}],"about":[{"href":"https:\/\/blondeau.be\/fr\/wp-json\/wp\/v2\/types\/product"}],"wp:featuredmedia":[{"embeddable":true,"href":"https:\/\/blondeau.be\/fr\/wp-json\/wp\/v2\/media\/28152"}],"wp:attachment":[{"href":"https:\/\/blondeau.be\/fr\/wp-json\/wp\/v2\/media?parent=28149"}],"wp:term":[{"taxonomy":"product_brand","embeddable":true,"href":"https:\/\/blondeau.be\/fr\/wp-json\/wp\/v2\/product_brand?post=28149"},{"taxonomy":"product_cat","embeddable":true,"href":"https:\/\/blondeau.be\/fr\/wp-json\/wp\/v2\/product_cat?post=28149"},{"taxonomy":"product_tag","embeddable":true,"href":"https:\/\/blondeau.be\/fr\/wp-json\/wp\/v2\/product_tag?post=28149"}],"curies":[{"name":"wp","href":"https:\/\/api.w.org\/{rel}","templated":true}]}}