{"id":28127,"date":"2025-03-06T18:30:14","date_gmt":"2025-03-06T16:30:14","guid":{"rendered":"https:\/\/blondeau.be\/product\/kromschroder-vsbv\/"},"modified":"2025-09-01T17:15:40","modified_gmt":"2025-09-01T15:15:40","slug":"kromschroder-vsbv","status":"publish","type":"product","link":"https:\/\/blondeau.be\/fr\/produit\/kromschroder-vsbv\/","title":{"rendered":"Kromschr\u00f6der VSBV"},"content":{"rendered":"<p>La <strong>VSBV <\/strong>de Kromschr\u00f6der est une soupape de d\u00e9charge de s\u00e9curit\u00e9 con\u00e7ue pour absorber les pics de pression temporaires dans les installations de gaz et pour \u00e9viter les hausses de pression progressives caus\u00e9es par de l\u00e9g\u00e8res fuites. Elle permet ainsi d\u2019\u00e9viter le d\u00e9clenchement intempestif de la vanne de s\u00e9curit\u00e9 JSAV. <\/p>\n<p><strong>Caract\u00e9ristiques et avantages :<\/strong><\/p>\n<ul>\n<li data-start=\"183\" data-end=\"208\">DN 25<\/li>\n<li data-start=\"183\" data-end=\"208\">Pression d&rsquo;entr\u00e9e : max. 4 bar<\/li>\n<li data-start=\"183\" data-end=\"208\">Pression de sortie : 20-500 mbar (voir tableau des ressorts)<\/li>\n<li data-start=\"183\" data-end=\"208\">Certifi\u00e9 par l&rsquo;UE<\/li>\n<li data-start=\"209\" data-end=\"242\" data-is-only-node=\"\">Raccord : filetage \u00e0 vis<\/li>\n<li data-start=\"270\" data-end=\"334\">Convient pour l&rsquo;hydrog\u00e8ne<\/li>\n<\/ul>\n<p><strong>Documentation :<\/strong><\/p>\n","protected":false},"excerpt":{"rendered":"<p>La VSBV de Kromschr\u00f6der est une soupape de d\u00e9charge de s\u00e9curit\u00e9 con\u00e7ue pour absorber les pics de pression temporaires dans les installations de gaz et pour \u00e9viter les hausses de pression progressives caus\u00e9es par de l\u00e9g\u00e8res fuites. Elle permet ainsi d\u2019\u00e9viter le d\u00e9clenchement intempestif de la vanne de s\u00e9curit\u00e9 JSAV. Caract\u00e9ristiques et avantages : DN [&hellip;]<\/p>\n","protected":false},"featured_media":28130,"template":"","meta":{"_acf_changed":false},"product_brand":[],"product_cat":[393],"product_tag":[394],"class_list":{"0":"post-28127","1":"product","2":"type-product","3":"status-publish","4":"has-post-thumbnail","6":"product_cat-regulateurs-de-pression","7":"product_tag-regulateur-de-pression","9":"first","10":"instock","11":"taxable","12":"shipping-taxable","13":"product-type-simple"},"acf":[],"yoast_head":"<!-- This site is optimized with the Yoast SEO plugin v26.8 - https:\/\/yoast.com\/product\/yoast-seo-wordpress\/ -->\n<title>Kromschr\u00f6der VSBV - Blondeau<\/title>\n<meta name=\"robots\" content=\"index, follow, max-snippet:-1, max-image-preview:large, max-video-preview:-1\" \/>\n<link rel=\"canonical\" href=\"https:\/\/blondeau.be\/fr\/produit\/kromschroder-vsbv\/\" \/>\n<meta property=\"og:locale\" content=\"fr_FR\" \/>\n<meta property=\"og:type\" content=\"article\" \/>\n<meta property=\"og:title\" content=\"Kromschr\u00f6der VSBV - Blondeau\" \/>\n<meta property=\"og:description\" content=\"La VSBV de Kromschr\u00f6der est une soupape de d\u00e9charge de s\u00e9curit\u00e9 con\u00e7ue pour absorber les pics de pression temporaires dans les installations de gaz et pour \u00e9viter les hausses de pression progressives caus\u00e9es par de l\u00e9g\u00e8res fuites. Elle permet ainsi d\u2019\u00e9viter le d\u00e9clenchement intempestif de la vanne de s\u00e9curit\u00e9 JSAV. Caract\u00e9ristiques et avantages : DN [&hellip;]\" \/>\n<meta property=\"og:url\" content=\"https:\/\/blondeau.be\/fr\/produit\/kromschroder-vsbv\/\" \/>\n<meta property=\"og:site_name\" content=\"Blondeau\" \/>\n<meta property=\"article:modified_time\" content=\"2025-09-01T15:15:40+00:00\" \/>\n<meta property=\"og:image\" content=\"https:\/\/blondeau.be\/wp-content\/uploads\/2025\/03\/VSBV-1.jpg\" \/>\n\t<meta property=\"og:image:width\" content=\"365\" \/>\n\t<meta property=\"og:image:height\" content=\"481\" \/>\n\t<meta property=\"og:image:type\" content=\"image\/jpeg\" \/>\n<meta name=\"twitter:card\" content=\"summary_large_image\" \/>\n<meta name=\"twitter:label1\" content=\"Dur\u00e9e de lecture estim\u00e9e\" \/>\n\t<meta name=\"twitter:data1\" content=\"1 minute\" \/>\n<script type=\"application\/ld+json\" class=\"yoast-schema-graph\">{\"@context\":\"https:\/\/schema.org\",\"@graph\":[{\"@type\":\"WebPage\",\"@id\":\"https:\/\/blondeau.be\/fr\/produit\/kromschroder-vsbv\/\",\"url\":\"https:\/\/blondeau.be\/fr\/produit\/kromschroder-vsbv\/\",\"name\":\"Kromschr\u00f6der VSBV - Blondeau\",\"isPartOf\":{\"@id\":\"https:\/\/blondeau.be\/fr\/#website\"},\"primaryImageOfPage\":{\"@id\":\"https:\/\/blondeau.be\/fr\/produit\/kromschroder-vsbv\/#primaryimage\"},\"image\":{\"@id\":\"https:\/\/blondeau.be\/fr\/produit\/kromschroder-vsbv\/#primaryimage\"},\"thumbnailUrl\":\"https:\/\/blondeau.be\/wp-content\/uploads\/2025\/03\/VSBV-1.jpg\",\"datePublished\":\"2025-03-06T16:30:14+00:00\",\"dateModified\":\"2025-09-01T15:15:40+00:00\",\"breadcrumb\":{\"@id\":\"https:\/\/blondeau.be\/fr\/produit\/kromschroder-vsbv\/#breadcrumb\"},\"inLanguage\":\"fr-FR\",\"potentialAction\":[{\"@type\":\"ReadAction\",\"target\":[\"https:\/\/blondeau.be\/fr\/produit\/kromschroder-vsbv\/\"]}]},{\"@type\":\"ImageObject\",\"inLanguage\":\"fr-FR\",\"@id\":\"https:\/\/blondeau.be\/fr\/produit\/kromschroder-vsbv\/#primaryimage\",\"url\":\"https:\/\/blondeau.be\/wp-content\/uploads\/2025\/03\/VSBV-1.jpg\",\"contentUrl\":\"https:\/\/blondeau.be\/wp-content\/uploads\/2025\/03\/VSBV-1.jpg\",\"width\":365,\"height\":481},{\"@type\":\"BreadcrumbList\",\"@id\":\"https:\/\/blondeau.be\/fr\/produit\/kromschroder-vsbv\/#breadcrumb\",\"itemListElement\":[{\"@type\":\"ListItem\",\"position\":1,\"name\":\"Home\",\"item\":\"https:\/\/blondeau.be\/fr\/accueil\/\"},{\"@type\":\"ListItem\",\"position\":2,\"name\":\"Catalogue des produits\",\"item\":\"https:\/\/blondeau.be\/fr\/catalogue-des-produits\/\"},{\"@type\":\"ListItem\",\"position\":3,\"name\":\"Kromschr\u00f6der VSBV\"}]},{\"@type\":\"WebSite\",\"@id\":\"https:\/\/blondeau.be\/fr\/#website\",\"url\":\"https:\/\/blondeau.be\/fr\/\",\"name\":\"Blondeau\",\"description\":\"Industrial Heating\",\"publisher\":{\"@id\":\"https:\/\/blondeau.be\/fr\/#organization\"},\"potentialAction\":[{\"@type\":\"SearchAction\",\"target\":{\"@type\":\"EntryPoint\",\"urlTemplate\":\"https:\/\/blondeau.be\/fr\/?s={search_term_string}\"},\"query-input\":{\"@type\":\"PropertyValueSpecification\",\"valueRequired\":true,\"valueName\":\"search_term_string\"}}],\"inLanguage\":\"fr-FR\"},{\"@type\":\"Organization\",\"@id\":\"https:\/\/blondeau.be\/fr\/#organization\",\"name\":\"Blondeau\",\"url\":\"https:\/\/blondeau.be\/fr\/\",\"logo\":{\"@type\":\"ImageObject\",\"inLanguage\":\"fr-FR\",\"@id\":\"https:\/\/blondeau.be\/fr\/#\/schema\/logo\/image\/\",\"url\":\"https:\/\/blondeau.be\/wp-content\/uploads\/2025\/08\/Logo.jpg\",\"contentUrl\":\"https:\/\/blondeau.be\/wp-content\/uploads\/2025\/08\/Logo.jpg\",\"width\":600,\"height\":600,\"caption\":\"Blondeau\"},\"image\":{\"@id\":\"https:\/\/blondeau.be\/fr\/#\/schema\/logo\/image\/\"}}]}<\/script>\n<!-- \/ Yoast SEO plugin. -->","yoast_head_json":{"title":"Kromschr\u00f6der VSBV - Blondeau","robots":{"index":"index","follow":"follow","max-snippet":"max-snippet:-1","max-image-preview":"max-image-preview:large","max-video-preview":"max-video-preview:-1"},"canonical":"https:\/\/blondeau.be\/fr\/produit\/kromschroder-vsbv\/","og_locale":"fr_FR","og_type":"article","og_title":"Kromschr\u00f6der VSBV - Blondeau","og_description":"La VSBV de Kromschr\u00f6der est une soupape de d\u00e9charge de s\u00e9curit\u00e9 con\u00e7ue pour absorber les pics de pression temporaires dans les installations de gaz et pour \u00e9viter les hausses de pression progressives caus\u00e9es par de l\u00e9g\u00e8res fuites. Elle permet ainsi d\u2019\u00e9viter le d\u00e9clenchement intempestif de la vanne de s\u00e9curit\u00e9 JSAV. Caract\u00e9ristiques et avantages : DN [&hellip;]","og_url":"https:\/\/blondeau.be\/fr\/produit\/kromschroder-vsbv\/","og_site_name":"Blondeau","article_modified_time":"2025-09-01T15:15:40+00:00","og_image":[{"width":365,"height":481,"url":"https:\/\/blondeau.be\/wp-content\/uploads\/2025\/03\/VSBV-1.jpg","type":"image\/jpeg"}],"twitter_card":"summary_large_image","twitter_misc":{"Dur\u00e9e de lecture estim\u00e9e":"1 minute"},"schema":{"@context":"https:\/\/schema.org","@graph":[{"@type":"WebPage","@id":"https:\/\/blondeau.be\/fr\/produit\/kromschroder-vsbv\/","url":"https:\/\/blondeau.be\/fr\/produit\/kromschroder-vsbv\/","name":"Kromschr\u00f6der VSBV - Blondeau","isPartOf":{"@id":"https:\/\/blondeau.be\/fr\/#website"},"primaryImageOfPage":{"@id":"https:\/\/blondeau.be\/fr\/produit\/kromschroder-vsbv\/#primaryimage"},"image":{"@id":"https:\/\/blondeau.be\/fr\/produit\/kromschroder-vsbv\/#primaryimage"},"thumbnailUrl":"https:\/\/blondeau.be\/wp-content\/uploads\/2025\/03\/VSBV-1.jpg","datePublished":"2025-03-06T16:30:14+00:00","dateModified":"2025-09-01T15:15:40+00:00","breadcrumb":{"@id":"https:\/\/blondeau.be\/fr\/produit\/kromschroder-vsbv\/#breadcrumb"},"inLanguage":"fr-FR","potentialAction":[{"@type":"ReadAction","target":["https:\/\/blondeau.be\/fr\/produit\/kromschroder-vsbv\/"]}]},{"@type":"ImageObject","inLanguage":"fr-FR","@id":"https:\/\/blondeau.be\/fr\/produit\/kromschroder-vsbv\/#primaryimage","url":"https:\/\/blondeau.be\/wp-content\/uploads\/2025\/03\/VSBV-1.jpg","contentUrl":"https:\/\/blondeau.be\/wp-content\/uploads\/2025\/03\/VSBV-1.jpg","width":365,"height":481},{"@type":"BreadcrumbList","@id":"https:\/\/blondeau.be\/fr\/produit\/kromschroder-vsbv\/#breadcrumb","itemListElement":[{"@type":"ListItem","position":1,"name":"Home","item":"https:\/\/blondeau.be\/fr\/accueil\/"},{"@type":"ListItem","position":2,"name":"Catalogue des produits","item":"https:\/\/blondeau.be\/fr\/catalogue-des-produits\/"},{"@type":"ListItem","position":3,"name":"Kromschr\u00f6der VSBV"}]},{"@type":"WebSite","@id":"https:\/\/blondeau.be\/fr\/#website","url":"https:\/\/blondeau.be\/fr\/","name":"Blondeau","description":"Industrial Heating","publisher":{"@id":"https:\/\/blondeau.be\/fr\/#organization"},"potentialAction":[{"@type":"SearchAction","target":{"@type":"EntryPoint","urlTemplate":"https:\/\/blondeau.be\/fr\/?s={search_term_string}"},"query-input":{"@type":"PropertyValueSpecification","valueRequired":true,"valueName":"search_term_string"}}],"inLanguage":"fr-FR"},{"@type":"Organization","@id":"https:\/\/blondeau.be\/fr\/#organization","name":"Blondeau","url":"https:\/\/blondeau.be\/fr\/","logo":{"@type":"ImageObject","inLanguage":"fr-FR","@id":"https:\/\/blondeau.be\/fr\/#\/schema\/logo\/image\/","url":"https:\/\/blondeau.be\/wp-content\/uploads\/2025\/08\/Logo.jpg","contentUrl":"https:\/\/blondeau.be\/wp-content\/uploads\/2025\/08\/Logo.jpg","width":600,"height":600,"caption":"Blondeau"},"image":{"@id":"https:\/\/blondeau.be\/fr\/#\/schema\/logo\/image\/"}}]}},"_links":{"self":[{"href":"https:\/\/blondeau.be\/fr\/wp-json\/wp\/v2\/product\/28127","targetHints":{"allow":["GET"]}}],"collection":[{"href":"https:\/\/blondeau.be\/fr\/wp-json\/wp\/v2\/product"}],"about":[{"href":"https:\/\/blondeau.be\/fr\/wp-json\/wp\/v2\/types\/product"}],"wp:featuredmedia":[{"embeddable":true,"href":"https:\/\/blondeau.be\/fr\/wp-json\/wp\/v2\/media\/28130"}],"wp:attachment":[{"href":"https:\/\/blondeau.be\/fr\/wp-json\/wp\/v2\/media?parent=28127"}],"wp:term":[{"taxonomy":"product_brand","embeddable":true,"href":"https:\/\/blondeau.be\/fr\/wp-json\/wp\/v2\/product_brand?post=28127"},{"taxonomy":"product_cat","embeddable":true,"href":"https:\/\/blondeau.be\/fr\/wp-json\/wp\/v2\/product_cat?post=28127"},{"taxonomy":"product_tag","embeddable":true,"href":"https:\/\/blondeau.be\/fr\/wp-json\/wp\/v2\/product_tag?post=28127"}],"curies":[{"name":"wp","href":"https:\/\/api.w.org\/{rel}","templated":true}]}}