{"id":28107,"date":"2025-03-06T18:06:42","date_gmt":"2025-03-06T16:06:42","guid":{"rendered":"https:\/\/blondeau.be\/product\/kromschroder-jsav\/"},"modified":"2025-09-01T17:09:47","modified_gmt":"2025-09-01T15:09:47","slug":"kromschroder-jsav","status":"publish","type":"product","link":"https:\/\/blondeau.be\/fr\/produit\/kromschroder-jsav\/","title":{"rendered":"Kromschr\u00f6der JSAV"},"content":{"rendered":"<p>Le <strong>JSAV <\/strong>de Kromschr\u00f6der est une vanne de s\u00e9curit\u00e9 con\u00e7ue pour prot\u00e9ger tous les composants situ\u00e9s en aval contre une surpression dans le circuit de gaz. Il mesure la pression en sortie du r\u00e9gulateur de pression \u00e0 l\u2019aide d\u2019une conduite d\u2019impulsion externe. Si la pression d\u00e9passe la valeur pr\u00e9d\u00e9finie, le JSAV interrompt automatiquement l\u2019alimentation en gaz afin de pr\u00e9venir tout risque ou dommage.  <\/p>\n<p><strong>Caract\u00e9ristiques et avantages :<\/strong><\/p>\n<ul>\n<li data-start=\"183\" data-end=\"208\">DN 25-100<\/li>\n<li data-start=\"183\" data-end=\"208\">Pression d&rsquo;entr\u00e9e : max. 5 bar (d\u00e9pendant du mod\u00e8le)<\/li>\n<li data-start=\"183\" data-end=\"208\">Pression de sortie : 18-550 mbar (voir tableau des ressorts)<\/li>\n<li data-start=\"183\" data-end=\"208\">Certification UE<\/li>\n<li data-start=\"209\" data-end=\"242\" data-is-only-node=\"\">Raccordement : filetage ou bride<\/li>\n<li data-start=\"270\" data-end=\"334\">Conviennent pour l\u2019hydrog\u00e8ne<\/li>\n<li data-start=\"270\" data-end=\"334\">Les versions DN25 et DN40 sont \u00e9galement adapt\u00e9es \u00e0 la pression n\u00e9gative.<\/li>\n<\/ul>\n<p><strong>Documentation :<\/strong><\/p>\n","protected":false},"excerpt":{"rendered":"<p>Le JSAV de Kromschr\u00f6der est une vanne de s\u00e9curit\u00e9 con\u00e7ue pour prot\u00e9ger tous les composants situ\u00e9s en aval contre une surpression dans le circuit de gaz. Il mesure la pression en sortie du r\u00e9gulateur de pression \u00e0 l\u2019aide d\u2019une conduite d\u2019impulsion externe. Si la pression d\u00e9passe la valeur pr\u00e9d\u00e9finie, le JSAV interrompt automatiquement l\u2019alimentation en [&hellip;]<\/p>\n","protected":false},"featured_media":28113,"template":"","meta":{"_acf_changed":false},"product_brand":[],"product_cat":[393],"product_tag":[394,399],"class_list":{"0":"post-28107","1":"product","2":"type-product","3":"status-publish","4":"has-post-thumbnail","6":"product_cat-regulateurs-de-pression","7":"product_tag-regulateur-de-pression","8":"product_tag-vannes-darret-de-securite","10":"first","11":"instock","12":"taxable","13":"shipping-taxable","14":"product-type-simple"},"acf":[],"yoast_head":"<!-- This site is optimized with the Yoast SEO plugin v26.8 - https:\/\/yoast.com\/product\/yoast-seo-wordpress\/ -->\n<title>Kromschr\u00f6der JSAV - Blondeau<\/title>\n<meta name=\"robots\" content=\"index, follow, max-snippet:-1, max-image-preview:large, max-video-preview:-1\" \/>\n<link rel=\"canonical\" href=\"https:\/\/blondeau.be\/fr\/produit\/kromschroder-jsav\/\" \/>\n<meta property=\"og:locale\" content=\"fr_FR\" \/>\n<meta property=\"og:type\" content=\"article\" \/>\n<meta property=\"og:title\" content=\"Kromschr\u00f6der JSAV - Blondeau\" \/>\n<meta property=\"og:description\" content=\"Le JSAV de Kromschr\u00f6der est une vanne de s\u00e9curit\u00e9 con\u00e7ue pour prot\u00e9ger tous les composants situ\u00e9s en aval contre une surpression dans le circuit de gaz. Il mesure la pression en sortie du r\u00e9gulateur de pression \u00e0 l\u2019aide d\u2019une conduite d\u2019impulsion externe. Si la pression d\u00e9passe la valeur pr\u00e9d\u00e9finie, le JSAV interrompt automatiquement l\u2019alimentation en [&hellip;]\" \/>\n<meta property=\"og:url\" content=\"https:\/\/blondeau.be\/fr\/produit\/kromschroder-jsav\/\" \/>\n<meta property=\"og:site_name\" content=\"Blondeau\" \/>\n<meta property=\"article:modified_time\" content=\"2025-09-01T15:09:47+00:00\" \/>\n<meta property=\"og:image\" content=\"https:\/\/blondeau.be\/wp-content\/uploads\/2025\/03\/JSAV-1.jpg\" \/>\n\t<meta property=\"og:image:width\" content=\"399\" \/>\n\t<meta property=\"og:image:height\" content=\"453\" \/>\n\t<meta property=\"og:image:type\" content=\"image\/jpeg\" \/>\n<meta name=\"twitter:card\" content=\"summary_large_image\" \/>\n<meta name=\"twitter:label1\" content=\"Dur\u00e9e de lecture estim\u00e9e\" \/>\n\t<meta name=\"twitter:data1\" content=\"1 minute\" \/>\n<script type=\"application\/ld+json\" class=\"yoast-schema-graph\">{\"@context\":\"https:\/\/schema.org\",\"@graph\":[{\"@type\":\"WebPage\",\"@id\":\"https:\/\/blondeau.be\/fr\/produit\/kromschroder-jsav\/\",\"url\":\"https:\/\/blondeau.be\/fr\/produit\/kromschroder-jsav\/\",\"name\":\"Kromschr\u00f6der JSAV - Blondeau\",\"isPartOf\":{\"@id\":\"https:\/\/blondeau.be\/fr\/#website\"},\"primaryImageOfPage\":{\"@id\":\"https:\/\/blondeau.be\/fr\/produit\/kromschroder-jsav\/#primaryimage\"},\"image\":{\"@id\":\"https:\/\/blondeau.be\/fr\/produit\/kromschroder-jsav\/#primaryimage\"},\"thumbnailUrl\":\"https:\/\/blondeau.be\/wp-content\/uploads\/2025\/03\/JSAV-1.jpg\",\"datePublished\":\"2025-03-06T16:06:42+00:00\",\"dateModified\":\"2025-09-01T15:09:47+00:00\",\"breadcrumb\":{\"@id\":\"https:\/\/blondeau.be\/fr\/produit\/kromschroder-jsav\/#breadcrumb\"},\"inLanguage\":\"fr-FR\",\"potentialAction\":[{\"@type\":\"ReadAction\",\"target\":[\"https:\/\/blondeau.be\/fr\/produit\/kromschroder-jsav\/\"]}]},{\"@type\":\"ImageObject\",\"inLanguage\":\"fr-FR\",\"@id\":\"https:\/\/blondeau.be\/fr\/produit\/kromschroder-jsav\/#primaryimage\",\"url\":\"https:\/\/blondeau.be\/wp-content\/uploads\/2025\/03\/JSAV-1.jpg\",\"contentUrl\":\"https:\/\/blondeau.be\/wp-content\/uploads\/2025\/03\/JSAV-1.jpg\",\"width\":399,\"height\":453},{\"@type\":\"BreadcrumbList\",\"@id\":\"https:\/\/blondeau.be\/fr\/produit\/kromschroder-jsav\/#breadcrumb\",\"itemListElement\":[{\"@type\":\"ListItem\",\"position\":1,\"name\":\"Home\",\"item\":\"https:\/\/blondeau.be\/fr\/accueil\/\"},{\"@type\":\"ListItem\",\"position\":2,\"name\":\"Catalogue des produits\",\"item\":\"https:\/\/blondeau.be\/fr\/catalogue-des-produits\/\"},{\"@type\":\"ListItem\",\"position\":3,\"name\":\"Kromschr\u00f6der JSAV\"}]},{\"@type\":\"WebSite\",\"@id\":\"https:\/\/blondeau.be\/fr\/#website\",\"url\":\"https:\/\/blondeau.be\/fr\/\",\"name\":\"Blondeau\",\"description\":\"Industrial Heating\",\"publisher\":{\"@id\":\"https:\/\/blondeau.be\/fr\/#organization\"},\"potentialAction\":[{\"@type\":\"SearchAction\",\"target\":{\"@type\":\"EntryPoint\",\"urlTemplate\":\"https:\/\/blondeau.be\/fr\/?s={search_term_string}\"},\"query-input\":{\"@type\":\"PropertyValueSpecification\",\"valueRequired\":true,\"valueName\":\"search_term_string\"}}],\"inLanguage\":\"fr-FR\"},{\"@type\":\"Organization\",\"@id\":\"https:\/\/blondeau.be\/fr\/#organization\",\"name\":\"Blondeau\",\"url\":\"https:\/\/blondeau.be\/fr\/\",\"logo\":{\"@type\":\"ImageObject\",\"inLanguage\":\"fr-FR\",\"@id\":\"https:\/\/blondeau.be\/fr\/#\/schema\/logo\/image\/\",\"url\":\"https:\/\/blondeau.be\/wp-content\/uploads\/2025\/08\/Logo.jpg\",\"contentUrl\":\"https:\/\/blondeau.be\/wp-content\/uploads\/2025\/08\/Logo.jpg\",\"width\":600,\"height\":600,\"caption\":\"Blondeau\"},\"image\":{\"@id\":\"https:\/\/blondeau.be\/fr\/#\/schema\/logo\/image\/\"}}]}<\/script>\n<!-- \/ Yoast SEO plugin. -->","yoast_head_json":{"title":"Kromschr\u00f6der JSAV - Blondeau","robots":{"index":"index","follow":"follow","max-snippet":"max-snippet:-1","max-image-preview":"max-image-preview:large","max-video-preview":"max-video-preview:-1"},"canonical":"https:\/\/blondeau.be\/fr\/produit\/kromschroder-jsav\/","og_locale":"fr_FR","og_type":"article","og_title":"Kromschr\u00f6der JSAV - Blondeau","og_description":"Le JSAV de Kromschr\u00f6der est une vanne de s\u00e9curit\u00e9 con\u00e7ue pour prot\u00e9ger tous les composants situ\u00e9s en aval contre une surpression dans le circuit de gaz. Il mesure la pression en sortie du r\u00e9gulateur de pression \u00e0 l\u2019aide d\u2019une conduite d\u2019impulsion externe. Si la pression d\u00e9passe la valeur pr\u00e9d\u00e9finie, le JSAV interrompt automatiquement l\u2019alimentation en [&hellip;]","og_url":"https:\/\/blondeau.be\/fr\/produit\/kromschroder-jsav\/","og_site_name":"Blondeau","article_modified_time":"2025-09-01T15:09:47+00:00","og_image":[{"width":399,"height":453,"url":"https:\/\/blondeau.be\/wp-content\/uploads\/2025\/03\/JSAV-1.jpg","type":"image\/jpeg"}],"twitter_card":"summary_large_image","twitter_misc":{"Dur\u00e9e de lecture estim\u00e9e":"1 minute"},"schema":{"@context":"https:\/\/schema.org","@graph":[{"@type":"WebPage","@id":"https:\/\/blondeau.be\/fr\/produit\/kromschroder-jsav\/","url":"https:\/\/blondeau.be\/fr\/produit\/kromschroder-jsav\/","name":"Kromschr\u00f6der JSAV - Blondeau","isPartOf":{"@id":"https:\/\/blondeau.be\/fr\/#website"},"primaryImageOfPage":{"@id":"https:\/\/blondeau.be\/fr\/produit\/kromschroder-jsav\/#primaryimage"},"image":{"@id":"https:\/\/blondeau.be\/fr\/produit\/kromschroder-jsav\/#primaryimage"},"thumbnailUrl":"https:\/\/blondeau.be\/wp-content\/uploads\/2025\/03\/JSAV-1.jpg","datePublished":"2025-03-06T16:06:42+00:00","dateModified":"2025-09-01T15:09:47+00:00","breadcrumb":{"@id":"https:\/\/blondeau.be\/fr\/produit\/kromschroder-jsav\/#breadcrumb"},"inLanguage":"fr-FR","potentialAction":[{"@type":"ReadAction","target":["https:\/\/blondeau.be\/fr\/produit\/kromschroder-jsav\/"]}]},{"@type":"ImageObject","inLanguage":"fr-FR","@id":"https:\/\/blondeau.be\/fr\/produit\/kromschroder-jsav\/#primaryimage","url":"https:\/\/blondeau.be\/wp-content\/uploads\/2025\/03\/JSAV-1.jpg","contentUrl":"https:\/\/blondeau.be\/wp-content\/uploads\/2025\/03\/JSAV-1.jpg","width":399,"height":453},{"@type":"BreadcrumbList","@id":"https:\/\/blondeau.be\/fr\/produit\/kromschroder-jsav\/#breadcrumb","itemListElement":[{"@type":"ListItem","position":1,"name":"Home","item":"https:\/\/blondeau.be\/fr\/accueil\/"},{"@type":"ListItem","position":2,"name":"Catalogue des produits","item":"https:\/\/blondeau.be\/fr\/catalogue-des-produits\/"},{"@type":"ListItem","position":3,"name":"Kromschr\u00f6der JSAV"}]},{"@type":"WebSite","@id":"https:\/\/blondeau.be\/fr\/#website","url":"https:\/\/blondeau.be\/fr\/","name":"Blondeau","description":"Industrial Heating","publisher":{"@id":"https:\/\/blondeau.be\/fr\/#organization"},"potentialAction":[{"@type":"SearchAction","target":{"@type":"EntryPoint","urlTemplate":"https:\/\/blondeau.be\/fr\/?s={search_term_string}"},"query-input":{"@type":"PropertyValueSpecification","valueRequired":true,"valueName":"search_term_string"}}],"inLanguage":"fr-FR"},{"@type":"Organization","@id":"https:\/\/blondeau.be\/fr\/#organization","name":"Blondeau","url":"https:\/\/blondeau.be\/fr\/","logo":{"@type":"ImageObject","inLanguage":"fr-FR","@id":"https:\/\/blondeau.be\/fr\/#\/schema\/logo\/image\/","url":"https:\/\/blondeau.be\/wp-content\/uploads\/2025\/08\/Logo.jpg","contentUrl":"https:\/\/blondeau.be\/wp-content\/uploads\/2025\/08\/Logo.jpg","width":600,"height":600,"caption":"Blondeau"},"image":{"@id":"https:\/\/blondeau.be\/fr\/#\/schema\/logo\/image\/"}}]}},"_links":{"self":[{"href":"https:\/\/blondeau.be\/fr\/wp-json\/wp\/v2\/product\/28107","targetHints":{"allow":["GET"]}}],"collection":[{"href":"https:\/\/blondeau.be\/fr\/wp-json\/wp\/v2\/product"}],"about":[{"href":"https:\/\/blondeau.be\/fr\/wp-json\/wp\/v2\/types\/product"}],"wp:featuredmedia":[{"embeddable":true,"href":"https:\/\/blondeau.be\/fr\/wp-json\/wp\/v2\/media\/28113"}],"wp:attachment":[{"href":"https:\/\/blondeau.be\/fr\/wp-json\/wp\/v2\/media?parent=28107"}],"wp:term":[{"taxonomy":"product_brand","embeddable":true,"href":"https:\/\/blondeau.be\/fr\/wp-json\/wp\/v2\/product_brand?post=28107"},{"taxonomy":"product_cat","embeddable":true,"href":"https:\/\/blondeau.be\/fr\/wp-json\/wp\/v2\/product_cat?post=28107"},{"taxonomy":"product_tag","embeddable":true,"href":"https:\/\/blondeau.be\/fr\/wp-json\/wp\/v2\/product_tag?post=28107"}],"curies":[{"name":"wp","href":"https:\/\/api.w.org\/{rel}","templated":true}]}}