{"id":28099,"date":"2025-03-06T17:27:30","date_gmt":"2025-03-06T15:27:30","guid":{"rendered":"https:\/\/blondeau.be\/product\/eclipse-furnnox\/"},"modified":"2025-07-31T17:49:22","modified_gmt":"2025-07-31T15:49:22","slug":"eclipse-furnnox","status":"publish","type":"product","link":"https:\/\/blondeau.be\/fr\/produit\/eclipse-furnnox\/","title":{"rendered":"Eclipse Furnnox"},"content":{"rendered":"<p><strong>Le br\u00fbleur Furnnox d&rsquo;Eclipse <\/strong>est un br\u00fbleur \u00e0 flamme directe sp\u00e9cialement con\u00e7u pour les proc\u00e9d\u00e9s continus \u00e0 haute temp\u00e9rature, notamment dans l\u2019industrie sid\u00e9rurgique. Il se distingue par ses \u00e9missions de NOx exceptionnellement faibles, inf\u00e9rieures \u00e0 30 ppm \u00e0 3 % d\u2019O\u2082 dans la majorit\u00e9 des applications \u00e0 haute temp\u00e9rature. Pour garantir un rendement optimal, le br\u00fbleur ajuste automatiquement le rapport air\/gaz sur l\u2019ensemble de sa plage de fonctionnement. Il est propos\u00e9 en deux versions : une configuration standard pour un air de combustion pr\u00e9chauff\u00e9 jusqu\u2019\u00e0 150\u00b0C, et une version sp\u00e9ciale avec un bo\u00eetier isol\u00e9, adapt\u00e9e \u00e0 un air pr\u00e9chauff\u00e9 jusqu\u2019\u00e0 600\u00b0C. Le Furnnox permet une mise \u00e0 feu directe \u00e0 n\u2019importe quel point de la plage d\u2019allumage et de fonctionnement, sans n\u00e9cessiter de veilleuse. Parmi les applications typiques figurent les fours de galvanoplastie, de forgeage et de traitement thermique. Pour atteindre de faibles \u00e9missions de NOx, le br\u00fbleur doit \u00eatre utilis\u00e9 dans des chambres dont la teneur en O\u2082 reste inf\u00e9rieure \u00e0 5 %. La r\u00e9duction de l\u2019exc\u00e8s d\u2019air et du taux d\u2019oxyg\u00e8ne dans la chambre permet d\u2019am\u00e9liorer encore davantage les performances en mati\u00e8re d\u2019\u00e9missions.        <\/p>\n<p><strong>Caract\u00e9ristiques et avantages :<\/strong><\/p>\n<ul>\n \t<\/p>\n<li>\u00c9missions de NOx &lt; 30ppm (\u00e0 3% O2) dans la plupart des applications de fours \u00e0 haute temp\u00e9rature<\/li>\n<li>Puissance de 66 kW \u00e0 530 kW<\/li>\n<li>Plage de contr\u00f4le jusqu&rsquo;\u00e0 10:1<\/li>\n<li>Temp\u00e9rature maximale du processus : 1540\u00b0C<\/li>\n<li>Air pr\u00e9chauff\u00e9 jusqu&rsquo;\u00e0 150\u00b0C en version standard<\/li>\n<li>Air pr\u00e9chauff\u00e9 jusqu&rsquo;\u00e0 600\u00b0C avec bo\u00eetier sp\u00e9cialement isol\u00e9<\/li>\n<li>Combustible : gaz naturel, propane, butane<\/li>\n<\/ul>\n<p><strong>Documentation :<\/strong><\/p>\n","protected":false},"excerpt":{"rendered":"<p>Le br\u00fbleur Furnnox d&rsquo;Eclipse est un br\u00fbleur \u00e0 flamme directe sp\u00e9cialement con\u00e7u pour les proc\u00e9d\u00e9s continus \u00e0 haute temp\u00e9rature, notamment dans l\u2019industrie sid\u00e9rurgique. Il se distingue par ses \u00e9missions de NOx exceptionnellement faibles, inf\u00e9rieures \u00e0 30 ppm \u00e0 3 % d\u2019O\u2082 dans la majorit\u00e9 des applications \u00e0 haute temp\u00e9rature. Pour garantir un rendement optimal, le [&hellip;]<\/p>\n","protected":false},"featured_media":28102,"template":"","meta":{"_acf_changed":false},"product_brand":[],"product_cat":[365],"product_tag":[366],"class_list":{"0":"post-28099","1":"product","2":"type-product","3":"status-publish","4":"has-post-thumbnail","6":"product_cat-bruleurs","7":"product_tag-bruleurs-melange","9":"first","10":"instock","11":"taxable","12":"shipping-taxable","13":"product-type-simple"},"acf":[],"yoast_head":"<!-- This site is optimized with the Yoast SEO plugin v26.8 - https:\/\/yoast.com\/product\/yoast-seo-wordpress\/ -->\n<title>Eclipse Furnnox - Blondeau<\/title>\n<meta name=\"robots\" content=\"index, follow, max-snippet:-1, max-image-preview:large, max-video-preview:-1\" \/>\n<link rel=\"canonical\" href=\"https:\/\/blondeau.be\/fr\/produit\/eclipse-furnnox\/\" \/>\n<meta property=\"og:locale\" content=\"fr_FR\" \/>\n<meta property=\"og:type\" content=\"article\" \/>\n<meta property=\"og:title\" content=\"Eclipse Furnnox - Blondeau\" \/>\n<meta property=\"og:description\" content=\"Le br\u00fbleur Furnnox d&rsquo;Eclipse est un br\u00fbleur \u00e0 flamme directe sp\u00e9cialement con\u00e7u pour les proc\u00e9d\u00e9s continus \u00e0 haute temp\u00e9rature, notamment dans l\u2019industrie sid\u00e9rurgique. Il se distingue par ses \u00e9missions de NOx exceptionnellement faibles, inf\u00e9rieures \u00e0 30 ppm \u00e0 3 % d\u2019O\u2082 dans la majorit\u00e9 des applications \u00e0 haute temp\u00e9rature. Pour garantir un rendement optimal, le [&hellip;]\" \/>\n<meta property=\"og:url\" content=\"https:\/\/blondeau.be\/fr\/produit\/eclipse-furnnox\/\" \/>\n<meta property=\"og:site_name\" content=\"Blondeau\" \/>\n<meta property=\"article:modified_time\" content=\"2025-07-31T15:49:22+00:00\" \/>\n<meta property=\"og:image\" content=\"https:\/\/blondeau.be\/wp-content\/uploads\/2025\/03\/Furnnox-1.jpg\" \/>\n\t<meta property=\"og:image:width\" content=\"359\" \/>\n\t<meta property=\"og:image:height\" content=\"350\" \/>\n\t<meta property=\"og:image:type\" content=\"image\/jpeg\" \/>\n<meta name=\"twitter:card\" content=\"summary_large_image\" \/>\n<meta name=\"twitter:label1\" content=\"Dur\u00e9e de lecture estim\u00e9e\" \/>\n\t<meta name=\"twitter:data1\" content=\"1 minute\" \/>\n<script type=\"application\/ld+json\" class=\"yoast-schema-graph\">{\"@context\":\"https:\/\/schema.org\",\"@graph\":[{\"@type\":\"WebPage\",\"@id\":\"https:\/\/blondeau.be\/fr\/produit\/eclipse-furnnox\/\",\"url\":\"https:\/\/blondeau.be\/fr\/produit\/eclipse-furnnox\/\",\"name\":\"Eclipse Furnnox - Blondeau\",\"isPartOf\":{\"@id\":\"https:\/\/blondeau.be\/fr\/#website\"},\"primaryImageOfPage\":{\"@id\":\"https:\/\/blondeau.be\/fr\/produit\/eclipse-furnnox\/#primaryimage\"},\"image\":{\"@id\":\"https:\/\/blondeau.be\/fr\/produit\/eclipse-furnnox\/#primaryimage\"},\"thumbnailUrl\":\"https:\/\/blondeau.be\/wp-content\/uploads\/2025\/03\/Furnnox-1.jpg\",\"datePublished\":\"2025-03-06T15:27:30+00:00\",\"dateModified\":\"2025-07-31T15:49:22+00:00\",\"breadcrumb\":{\"@id\":\"https:\/\/blondeau.be\/fr\/produit\/eclipse-furnnox\/#breadcrumb\"},\"inLanguage\":\"fr-FR\",\"potentialAction\":[{\"@type\":\"ReadAction\",\"target\":[\"https:\/\/blondeau.be\/fr\/produit\/eclipse-furnnox\/\"]}]},{\"@type\":\"ImageObject\",\"inLanguage\":\"fr-FR\",\"@id\":\"https:\/\/blondeau.be\/fr\/produit\/eclipse-furnnox\/#primaryimage\",\"url\":\"https:\/\/blondeau.be\/wp-content\/uploads\/2025\/03\/Furnnox-1.jpg\",\"contentUrl\":\"https:\/\/blondeau.be\/wp-content\/uploads\/2025\/03\/Furnnox-1.jpg\",\"width\":359,\"height\":350},{\"@type\":\"BreadcrumbList\",\"@id\":\"https:\/\/blondeau.be\/fr\/produit\/eclipse-furnnox\/#breadcrumb\",\"itemListElement\":[{\"@type\":\"ListItem\",\"position\":1,\"name\":\"Home\",\"item\":\"https:\/\/blondeau.be\/fr\/accueil\/\"},{\"@type\":\"ListItem\",\"position\":2,\"name\":\"Catalogue des produits\",\"item\":\"https:\/\/blondeau.be\/fr\/catalogue-des-produits\/\"},{\"@type\":\"ListItem\",\"position\":3,\"name\":\"Eclipse Furnnox\"}]},{\"@type\":\"WebSite\",\"@id\":\"https:\/\/blondeau.be\/fr\/#website\",\"url\":\"https:\/\/blondeau.be\/fr\/\",\"name\":\"Blondeau\",\"description\":\"Industrial Heating\",\"publisher\":{\"@id\":\"https:\/\/blondeau.be\/fr\/#organization\"},\"potentialAction\":[{\"@type\":\"SearchAction\",\"target\":{\"@type\":\"EntryPoint\",\"urlTemplate\":\"https:\/\/blondeau.be\/fr\/?s={search_term_string}\"},\"query-input\":{\"@type\":\"PropertyValueSpecification\",\"valueRequired\":true,\"valueName\":\"search_term_string\"}}],\"inLanguage\":\"fr-FR\"},{\"@type\":\"Organization\",\"@id\":\"https:\/\/blondeau.be\/fr\/#organization\",\"name\":\"Blondeau\",\"url\":\"https:\/\/blondeau.be\/fr\/\",\"logo\":{\"@type\":\"ImageObject\",\"inLanguage\":\"fr-FR\",\"@id\":\"https:\/\/blondeau.be\/fr\/#\/schema\/logo\/image\/\",\"url\":\"https:\/\/blondeau.be\/wp-content\/uploads\/2025\/08\/Logo.jpg\",\"contentUrl\":\"https:\/\/blondeau.be\/wp-content\/uploads\/2025\/08\/Logo.jpg\",\"width\":600,\"height\":600,\"caption\":\"Blondeau\"},\"image\":{\"@id\":\"https:\/\/blondeau.be\/fr\/#\/schema\/logo\/image\/\"}}]}<\/script>\n<!-- \/ Yoast SEO plugin. -->","yoast_head_json":{"title":"Eclipse Furnnox - Blondeau","robots":{"index":"index","follow":"follow","max-snippet":"max-snippet:-1","max-image-preview":"max-image-preview:large","max-video-preview":"max-video-preview:-1"},"canonical":"https:\/\/blondeau.be\/fr\/produit\/eclipse-furnnox\/","og_locale":"fr_FR","og_type":"article","og_title":"Eclipse Furnnox - Blondeau","og_description":"Le br\u00fbleur Furnnox d&rsquo;Eclipse est un br\u00fbleur \u00e0 flamme directe sp\u00e9cialement con\u00e7u pour les proc\u00e9d\u00e9s continus \u00e0 haute temp\u00e9rature, notamment dans l\u2019industrie sid\u00e9rurgique. Il se distingue par ses \u00e9missions de NOx exceptionnellement faibles, inf\u00e9rieures \u00e0 30 ppm \u00e0 3 % d\u2019O\u2082 dans la majorit\u00e9 des applications \u00e0 haute temp\u00e9rature. Pour garantir un rendement optimal, le [&hellip;]","og_url":"https:\/\/blondeau.be\/fr\/produit\/eclipse-furnnox\/","og_site_name":"Blondeau","article_modified_time":"2025-07-31T15:49:22+00:00","og_image":[{"width":359,"height":350,"url":"https:\/\/blondeau.be\/wp-content\/uploads\/2025\/03\/Furnnox-1.jpg","type":"image\/jpeg"}],"twitter_card":"summary_large_image","twitter_misc":{"Dur\u00e9e de lecture estim\u00e9e":"1 minute"},"schema":{"@context":"https:\/\/schema.org","@graph":[{"@type":"WebPage","@id":"https:\/\/blondeau.be\/fr\/produit\/eclipse-furnnox\/","url":"https:\/\/blondeau.be\/fr\/produit\/eclipse-furnnox\/","name":"Eclipse Furnnox - Blondeau","isPartOf":{"@id":"https:\/\/blondeau.be\/fr\/#website"},"primaryImageOfPage":{"@id":"https:\/\/blondeau.be\/fr\/produit\/eclipse-furnnox\/#primaryimage"},"image":{"@id":"https:\/\/blondeau.be\/fr\/produit\/eclipse-furnnox\/#primaryimage"},"thumbnailUrl":"https:\/\/blondeau.be\/wp-content\/uploads\/2025\/03\/Furnnox-1.jpg","datePublished":"2025-03-06T15:27:30+00:00","dateModified":"2025-07-31T15:49:22+00:00","breadcrumb":{"@id":"https:\/\/blondeau.be\/fr\/produit\/eclipse-furnnox\/#breadcrumb"},"inLanguage":"fr-FR","potentialAction":[{"@type":"ReadAction","target":["https:\/\/blondeau.be\/fr\/produit\/eclipse-furnnox\/"]}]},{"@type":"ImageObject","inLanguage":"fr-FR","@id":"https:\/\/blondeau.be\/fr\/produit\/eclipse-furnnox\/#primaryimage","url":"https:\/\/blondeau.be\/wp-content\/uploads\/2025\/03\/Furnnox-1.jpg","contentUrl":"https:\/\/blondeau.be\/wp-content\/uploads\/2025\/03\/Furnnox-1.jpg","width":359,"height":350},{"@type":"BreadcrumbList","@id":"https:\/\/blondeau.be\/fr\/produit\/eclipse-furnnox\/#breadcrumb","itemListElement":[{"@type":"ListItem","position":1,"name":"Home","item":"https:\/\/blondeau.be\/fr\/accueil\/"},{"@type":"ListItem","position":2,"name":"Catalogue des produits","item":"https:\/\/blondeau.be\/fr\/catalogue-des-produits\/"},{"@type":"ListItem","position":3,"name":"Eclipse Furnnox"}]},{"@type":"WebSite","@id":"https:\/\/blondeau.be\/fr\/#website","url":"https:\/\/blondeau.be\/fr\/","name":"Blondeau","description":"Industrial Heating","publisher":{"@id":"https:\/\/blondeau.be\/fr\/#organization"},"potentialAction":[{"@type":"SearchAction","target":{"@type":"EntryPoint","urlTemplate":"https:\/\/blondeau.be\/fr\/?s={search_term_string}"},"query-input":{"@type":"PropertyValueSpecification","valueRequired":true,"valueName":"search_term_string"}}],"inLanguage":"fr-FR"},{"@type":"Organization","@id":"https:\/\/blondeau.be\/fr\/#organization","name":"Blondeau","url":"https:\/\/blondeau.be\/fr\/","logo":{"@type":"ImageObject","inLanguage":"fr-FR","@id":"https:\/\/blondeau.be\/fr\/#\/schema\/logo\/image\/","url":"https:\/\/blondeau.be\/wp-content\/uploads\/2025\/08\/Logo.jpg","contentUrl":"https:\/\/blondeau.be\/wp-content\/uploads\/2025\/08\/Logo.jpg","width":600,"height":600,"caption":"Blondeau"},"image":{"@id":"https:\/\/blondeau.be\/fr\/#\/schema\/logo\/image\/"}}]}},"_links":{"self":[{"href":"https:\/\/blondeau.be\/fr\/wp-json\/wp\/v2\/product\/28099","targetHints":{"allow":["GET"]}}],"collection":[{"href":"https:\/\/blondeau.be\/fr\/wp-json\/wp\/v2\/product"}],"about":[{"href":"https:\/\/blondeau.be\/fr\/wp-json\/wp\/v2\/types\/product"}],"wp:featuredmedia":[{"embeddable":true,"href":"https:\/\/blondeau.be\/fr\/wp-json\/wp\/v2\/media\/28102"}],"wp:attachment":[{"href":"https:\/\/blondeau.be\/fr\/wp-json\/wp\/v2\/media?parent=28099"}],"wp:term":[{"taxonomy":"product_brand","embeddable":true,"href":"https:\/\/blondeau.be\/fr\/wp-json\/wp\/v2\/product_brand?post=28099"},{"taxonomy":"product_cat","embeddable":true,"href":"https:\/\/blondeau.be\/fr\/wp-json\/wp\/v2\/product_cat?post=28099"},{"taxonomy":"product_tag","embeddable":true,"href":"https:\/\/blondeau.be\/fr\/wp-json\/wp\/v2\/product_tag?post=28099"}],"curies":[{"name":"wp","href":"https:\/\/api.w.org\/{rel}","templated":true}]}}