{"id":28098,"date":"2025-03-04T19:20:42","date_gmt":"2025-03-04T17:20:42","guid":{"rendered":"https:\/\/blondeau.be\/product\/eclipse-winnox\/"},"modified":"2025-07-24T18:44:34","modified_gmt":"2025-07-24T16:44:34","slug":"eclipse-winnox","status":"publish","type":"product","link":"https:\/\/blondeau.be\/fr\/produit\/eclipse-winnox\/","title":{"rendered":"Eclipse Winnox"},"content":{"rendered":"<p>Les <strong>br\u00fbleurs Eclipse Winnox <\/strong>sont con\u00e7us pour satisfaire aux normes mondiales en mati\u00e8re d\u2019\u00e9missions. Simples \u00e0 r\u00e9gler et \u00e0 utiliser, ils assurent un fonctionnement \u00e0 faibles \u00e9missions de NOx et conviennent parfaitement aux applications de chauffage et de s\u00e9chage de l\u2019air. Leur conception modulaire permet une grande vari\u00e9t\u00e9 d\u2019options et de configurations. Chaque br\u00fbleur est \u00e9quip\u00e9 d\u2019un allumage direct et d\u2019un syst\u00e8me de r\u00e9gulation gaz\/air offrant une large plage de modulation. Les br\u00fbleurs Winnox int\u00e8grent un nez innovant qui g\u00e9n\u00e8re une flamme courte, intense et tourbillonnante, enti\u00e8rement contenue dans le tube de flamme. Ce m\u00e9lange optimal entre l\u2019air et le combustible permet d\u2019atteindre des niveaux d\u2019\u00e9missions extr\u00eamement faibles.     <\/p>\n<p><strong>Caract\u00e9ristiques et avantages :<\/strong><\/p>\n<ul>\n \t<\/p>\n<li>Tr\u00e8s faibles \u00e9missions de NOx et de CO<\/li>\n<li>Contr\u00f4le simple et pr\u00e9cis gr\u00e2ce \u00e0 la vanne papillon int\u00e9gr\u00e9e et au r\u00e9gulateur gaz\/air<\/li>\n<li>Capacit\u00e9 de 150 kW \u00e0 3.500 kW<\/li>\n<li>Plage de contr\u00f4le jusqu&rsquo;\u00e0 10:1<\/li>\n<li>Temp\u00e9rature maximale du processus : 980\u00b0C<\/li>\n<li>Combustible : gaz naturel, propane, butane<\/li>\n<\/ul>\n<p><strong>Documentation :<\/strong><\/p>\n","protected":false},"excerpt":{"rendered":"<p>Les br\u00fbleurs Eclipse Winnox sont con\u00e7us pour satisfaire aux normes mondiales en mati\u00e8re d\u2019\u00e9missions. Simples \u00e0 r\u00e9gler et \u00e0 utiliser, ils assurent un fonctionnement \u00e0 faibles \u00e9missions de NOx et conviennent parfaitement aux applications de chauffage et de s\u00e9chage de l\u2019air. Leur conception modulaire permet une grande vari\u00e9t\u00e9 d\u2019options et de configurations. Chaque br\u00fbleur est [&hellip;]<\/p>\n","protected":false},"featured_media":28100,"template":"","meta":{"_acf_changed":false},"product_brand":[],"product_cat":[365],"product_tag":[366],"class_list":{"0":"post-28098","1":"product","2":"type-product","3":"status-publish","4":"has-post-thumbnail","6":"product_cat-bruleurs","7":"product_tag-bruleurs-melange","9":"first","10":"instock","11":"taxable","12":"shipping-taxable","13":"product-type-simple"},"acf":[],"yoast_head":"<!-- This site is optimized with the Yoast SEO plugin v26.8 - https:\/\/yoast.com\/product\/yoast-seo-wordpress\/ -->\n<title>Eclipse Winnox - Blondeau<\/title>\n<meta name=\"robots\" content=\"index, follow, max-snippet:-1, max-image-preview:large, max-video-preview:-1\" \/>\n<link rel=\"canonical\" href=\"https:\/\/blondeau.be\/fr\/produit\/eclipse-winnox\/\" \/>\n<meta property=\"og:locale\" content=\"fr_FR\" \/>\n<meta property=\"og:type\" content=\"article\" \/>\n<meta property=\"og:title\" content=\"Eclipse Winnox - Blondeau\" \/>\n<meta property=\"og:description\" content=\"Les br\u00fbleurs Eclipse Winnox sont con\u00e7us pour satisfaire aux normes mondiales en mati\u00e8re d\u2019\u00e9missions. Simples \u00e0 r\u00e9gler et \u00e0 utiliser, ils assurent un fonctionnement \u00e0 faibles \u00e9missions de NOx et conviennent parfaitement aux applications de chauffage et de s\u00e9chage de l\u2019air. Leur conception modulaire permet une grande vari\u00e9t\u00e9 d\u2019options et de configurations. Chaque br\u00fbleur est [&hellip;]\" \/>\n<meta property=\"og:url\" content=\"https:\/\/blondeau.be\/fr\/produit\/eclipse-winnox\/\" \/>\n<meta property=\"og:site_name\" content=\"Blondeau\" \/>\n<meta property=\"article:modified_time\" content=\"2025-07-24T16:44:34+00:00\" \/>\n<meta property=\"og:image\" content=\"https:\/\/blondeau.be\/wp-content\/uploads\/2025\/03\/Winnox-1.jpg\" \/>\n\t<meta property=\"og:image:width\" content=\"400\" \/>\n\t<meta property=\"og:image:height\" content=\"343\" \/>\n\t<meta property=\"og:image:type\" content=\"image\/jpeg\" \/>\n<meta name=\"twitter:card\" content=\"summary_large_image\" \/>\n<meta name=\"twitter:label1\" content=\"Dur\u00e9e de lecture estim\u00e9e\" \/>\n\t<meta name=\"twitter:data1\" content=\"1 minute\" \/>\n<script type=\"application\/ld+json\" class=\"yoast-schema-graph\">{\"@context\":\"https:\/\/schema.org\",\"@graph\":[{\"@type\":\"WebPage\",\"@id\":\"https:\/\/blondeau.be\/fr\/produit\/eclipse-winnox\/\",\"url\":\"https:\/\/blondeau.be\/fr\/produit\/eclipse-winnox\/\",\"name\":\"Eclipse Winnox - Blondeau\",\"isPartOf\":{\"@id\":\"https:\/\/blondeau.be\/fr\/#website\"},\"primaryImageOfPage\":{\"@id\":\"https:\/\/blondeau.be\/fr\/produit\/eclipse-winnox\/#primaryimage\"},\"image\":{\"@id\":\"https:\/\/blondeau.be\/fr\/produit\/eclipse-winnox\/#primaryimage\"},\"thumbnailUrl\":\"https:\/\/blondeau.be\/wp-content\/uploads\/2025\/03\/Winnox-1.jpg\",\"datePublished\":\"2025-03-04T17:20:42+00:00\",\"dateModified\":\"2025-07-24T16:44:34+00:00\",\"breadcrumb\":{\"@id\":\"https:\/\/blondeau.be\/fr\/produit\/eclipse-winnox\/#breadcrumb\"},\"inLanguage\":\"fr-FR\",\"potentialAction\":[{\"@type\":\"ReadAction\",\"target\":[\"https:\/\/blondeau.be\/fr\/produit\/eclipse-winnox\/\"]}]},{\"@type\":\"ImageObject\",\"inLanguage\":\"fr-FR\",\"@id\":\"https:\/\/blondeau.be\/fr\/produit\/eclipse-winnox\/#primaryimage\",\"url\":\"https:\/\/blondeau.be\/wp-content\/uploads\/2025\/03\/Winnox-1.jpg\",\"contentUrl\":\"https:\/\/blondeau.be\/wp-content\/uploads\/2025\/03\/Winnox-1.jpg\",\"width\":400,\"height\":343},{\"@type\":\"BreadcrumbList\",\"@id\":\"https:\/\/blondeau.be\/fr\/produit\/eclipse-winnox\/#breadcrumb\",\"itemListElement\":[{\"@type\":\"ListItem\",\"position\":1,\"name\":\"Home\",\"item\":\"https:\/\/blondeau.be\/fr\/accueil\/\"},{\"@type\":\"ListItem\",\"position\":2,\"name\":\"Catalogue des produits\",\"item\":\"https:\/\/blondeau.be\/fr\/catalogue-des-produits\/\"},{\"@type\":\"ListItem\",\"position\":3,\"name\":\"Eclipse Winnox\"}]},{\"@type\":\"WebSite\",\"@id\":\"https:\/\/blondeau.be\/fr\/#website\",\"url\":\"https:\/\/blondeau.be\/fr\/\",\"name\":\"Blondeau\",\"description\":\"Industrial Heating\",\"publisher\":{\"@id\":\"https:\/\/blondeau.be\/fr\/#organization\"},\"potentialAction\":[{\"@type\":\"SearchAction\",\"target\":{\"@type\":\"EntryPoint\",\"urlTemplate\":\"https:\/\/blondeau.be\/fr\/?s={search_term_string}\"},\"query-input\":{\"@type\":\"PropertyValueSpecification\",\"valueRequired\":true,\"valueName\":\"search_term_string\"}}],\"inLanguage\":\"fr-FR\"},{\"@type\":\"Organization\",\"@id\":\"https:\/\/blondeau.be\/fr\/#organization\",\"name\":\"Blondeau\",\"url\":\"https:\/\/blondeau.be\/fr\/\",\"logo\":{\"@type\":\"ImageObject\",\"inLanguage\":\"fr-FR\",\"@id\":\"https:\/\/blondeau.be\/fr\/#\/schema\/logo\/image\/\",\"url\":\"https:\/\/blondeau.be\/wp-content\/uploads\/2025\/08\/Logo.jpg\",\"contentUrl\":\"https:\/\/blondeau.be\/wp-content\/uploads\/2025\/08\/Logo.jpg\",\"width\":600,\"height\":600,\"caption\":\"Blondeau\"},\"image\":{\"@id\":\"https:\/\/blondeau.be\/fr\/#\/schema\/logo\/image\/\"}}]}<\/script>\n<!-- \/ Yoast SEO plugin. -->","yoast_head_json":{"title":"Eclipse Winnox - Blondeau","robots":{"index":"index","follow":"follow","max-snippet":"max-snippet:-1","max-image-preview":"max-image-preview:large","max-video-preview":"max-video-preview:-1"},"canonical":"https:\/\/blondeau.be\/fr\/produit\/eclipse-winnox\/","og_locale":"fr_FR","og_type":"article","og_title":"Eclipse Winnox - Blondeau","og_description":"Les br\u00fbleurs Eclipse Winnox sont con\u00e7us pour satisfaire aux normes mondiales en mati\u00e8re d\u2019\u00e9missions. Simples \u00e0 r\u00e9gler et \u00e0 utiliser, ils assurent un fonctionnement \u00e0 faibles \u00e9missions de NOx et conviennent parfaitement aux applications de chauffage et de s\u00e9chage de l\u2019air. Leur conception modulaire permet une grande vari\u00e9t\u00e9 d\u2019options et de configurations. Chaque br\u00fbleur est [&hellip;]","og_url":"https:\/\/blondeau.be\/fr\/produit\/eclipse-winnox\/","og_site_name":"Blondeau","article_modified_time":"2025-07-24T16:44:34+00:00","og_image":[{"width":400,"height":343,"url":"https:\/\/blondeau.be\/wp-content\/uploads\/2025\/03\/Winnox-1.jpg","type":"image\/jpeg"}],"twitter_card":"summary_large_image","twitter_misc":{"Dur\u00e9e de lecture estim\u00e9e":"1 minute"},"schema":{"@context":"https:\/\/schema.org","@graph":[{"@type":"WebPage","@id":"https:\/\/blondeau.be\/fr\/produit\/eclipse-winnox\/","url":"https:\/\/blondeau.be\/fr\/produit\/eclipse-winnox\/","name":"Eclipse Winnox - Blondeau","isPartOf":{"@id":"https:\/\/blondeau.be\/fr\/#website"},"primaryImageOfPage":{"@id":"https:\/\/blondeau.be\/fr\/produit\/eclipse-winnox\/#primaryimage"},"image":{"@id":"https:\/\/blondeau.be\/fr\/produit\/eclipse-winnox\/#primaryimage"},"thumbnailUrl":"https:\/\/blondeau.be\/wp-content\/uploads\/2025\/03\/Winnox-1.jpg","datePublished":"2025-03-04T17:20:42+00:00","dateModified":"2025-07-24T16:44:34+00:00","breadcrumb":{"@id":"https:\/\/blondeau.be\/fr\/produit\/eclipse-winnox\/#breadcrumb"},"inLanguage":"fr-FR","potentialAction":[{"@type":"ReadAction","target":["https:\/\/blondeau.be\/fr\/produit\/eclipse-winnox\/"]}]},{"@type":"ImageObject","inLanguage":"fr-FR","@id":"https:\/\/blondeau.be\/fr\/produit\/eclipse-winnox\/#primaryimage","url":"https:\/\/blondeau.be\/wp-content\/uploads\/2025\/03\/Winnox-1.jpg","contentUrl":"https:\/\/blondeau.be\/wp-content\/uploads\/2025\/03\/Winnox-1.jpg","width":400,"height":343},{"@type":"BreadcrumbList","@id":"https:\/\/blondeau.be\/fr\/produit\/eclipse-winnox\/#breadcrumb","itemListElement":[{"@type":"ListItem","position":1,"name":"Home","item":"https:\/\/blondeau.be\/fr\/accueil\/"},{"@type":"ListItem","position":2,"name":"Catalogue des produits","item":"https:\/\/blondeau.be\/fr\/catalogue-des-produits\/"},{"@type":"ListItem","position":3,"name":"Eclipse Winnox"}]},{"@type":"WebSite","@id":"https:\/\/blondeau.be\/fr\/#website","url":"https:\/\/blondeau.be\/fr\/","name":"Blondeau","description":"Industrial Heating","publisher":{"@id":"https:\/\/blondeau.be\/fr\/#organization"},"potentialAction":[{"@type":"SearchAction","target":{"@type":"EntryPoint","urlTemplate":"https:\/\/blondeau.be\/fr\/?s={search_term_string}"},"query-input":{"@type":"PropertyValueSpecification","valueRequired":true,"valueName":"search_term_string"}}],"inLanguage":"fr-FR"},{"@type":"Organization","@id":"https:\/\/blondeau.be\/fr\/#organization","name":"Blondeau","url":"https:\/\/blondeau.be\/fr\/","logo":{"@type":"ImageObject","inLanguage":"fr-FR","@id":"https:\/\/blondeau.be\/fr\/#\/schema\/logo\/image\/","url":"https:\/\/blondeau.be\/wp-content\/uploads\/2025\/08\/Logo.jpg","contentUrl":"https:\/\/blondeau.be\/wp-content\/uploads\/2025\/08\/Logo.jpg","width":600,"height":600,"caption":"Blondeau"},"image":{"@id":"https:\/\/blondeau.be\/fr\/#\/schema\/logo\/image\/"}}]}},"_links":{"self":[{"href":"https:\/\/blondeau.be\/fr\/wp-json\/wp\/v2\/product\/28098","targetHints":{"allow":["GET"]}}],"collection":[{"href":"https:\/\/blondeau.be\/fr\/wp-json\/wp\/v2\/product"}],"about":[{"href":"https:\/\/blondeau.be\/fr\/wp-json\/wp\/v2\/types\/product"}],"wp:featuredmedia":[{"embeddable":true,"href":"https:\/\/blondeau.be\/fr\/wp-json\/wp\/v2\/media\/28100"}],"wp:attachment":[{"href":"https:\/\/blondeau.be\/fr\/wp-json\/wp\/v2\/media?parent=28098"}],"wp:term":[{"taxonomy":"product_brand","embeddable":true,"href":"https:\/\/blondeau.be\/fr\/wp-json\/wp\/v2\/product_brand?post=28098"},{"taxonomy":"product_cat","embeddable":true,"href":"https:\/\/blondeau.be\/fr\/wp-json\/wp\/v2\/product_cat?post=28098"},{"taxonomy":"product_tag","embeddable":true,"href":"https:\/\/blondeau.be\/fr\/wp-json\/wp\/v2\/product_tag?post=28098"}],"curies":[{"name":"wp","href":"https:\/\/api.w.org\/{rel}","templated":true}]}}