{"id":28084,"date":"2025-02-25T20:04:02","date_gmt":"2025-02-25T18:04:02","guid":{"rendered":"https:\/\/blondeau.be\/product\/maxon-lvdt-hc\/"},"modified":"2025-06-27T11:48:17","modified_gmt":"2025-06-27T09:48:17","slug":"maxon-lvdt-hc","status":"publish","type":"product","link":"https:\/\/blondeau.be\/fr\/produit\/maxon-lvdt-hc\/","title":{"rendered":"Maxon LVDT-HC"},"content":{"rendered":"<p data-start=\"80\" data-end=\"376\">Le Maxon <strong>LVDT-HC<\/strong> est un br\u00fbleur pilote sp\u00e9cialement con\u00e7u pour une utilisation avec les br\u00fbleurs AIRFLO\u00ae des gammes \u00ab\u00a0LV\u00a0\u00bb, \u00ab\u00a0HC\u00a0\u00bb, DELTA-TE\u2122 et COMBUSTIFUME\u00ae. Fonctionnant selon le principe du m\u00e9lange par buse, ce br\u00fbleur est propos\u00e9 en version \u00ab\u202fplug-and-play\u202f\u00bb, ce qui facilite grandement son installation et sa maintenance. <\/p>\n<p data-start=\"378\" data-end=\"651\">Tous les composants, y compris l\u2019allumeur, sont accessibles et rempla\u00e7ables de l\u2019ext\u00e9rieur, sans avoir besoin d\u2019acc\u00e9der au conduit d\u2019air de process. Gr\u00e2ce \u00e0 sa construction enti\u00e8rement en acier inoxydable, le LVDT-HC est con\u00e7u pour r\u00e9sister \u00e0 des temp\u00e9ratures \u00e9lev\u00e9es, \u00e0 des environnements humides ainsi qu\u2019\u00e0 des flux d\u2019air charg\u00e9s ou contamin\u00e9s. <\/p>\n<p data-start=\"653\" data-end=\"821\">Le br\u00fbleur est \u00e9quip\u00e9 de buses fixes, \u00e9liminant ainsi tout besoin de r\u00e9glage des d\u00e9bits d\u2019air ou de gaz. Cette conception permet de r\u00e9duire significativement les temps de mise en service et de configuration. <\/p>\n<p data-start=\"0\" data-end=\"214\"><strong>Caract\u00e9ristiques et avantages :<\/strong><\/p>\n<ul>\n<li>Flamme pilote stable en combinaison avec diff\u00e9rents br\u00fbleurs MAXON<\/li>\n<li>Conception robuste<\/li>\n<li>Br\u00fble au gaz naturel, au propane et au GPL<\/li>\n<li>Convient \u00e0 tous les types d&rsquo;applications de chauffage de l&rsquo;air de process : br\u00fbleurs thermiques, br\u00fbleurs d&rsquo;appoint, etc.<\/li>\n<li>Facilit\u00e9 d&rsquo;entretien gr\u00e2ce \u00e0 l&rsquo;accessibilit\u00e9 optimale de tous les composants<\/li>\n<li>Pr\u00e9-r\u00e9glage en usine &#8211; aucun r\u00e9glage sur place n&rsquo;est n\u00e9cessaire<\/li>\n<li>Disponible en diff\u00e9rentes longueurs de tuyaux jusqu&rsquo;\u00e0 4 m<\/li>\n<\/ul>\n<p><strong>Documentation :<\/strong><\/p>\n","protected":false},"excerpt":{"rendered":"<p>Le Maxon LVDT-HC est un br\u00fbleur pilote sp\u00e9cialement con\u00e7u pour une utilisation avec les br\u00fbleurs AIRFLO\u00ae des gammes \u00ab\u00a0LV\u00a0\u00bb, \u00ab\u00a0HC\u00a0\u00bb, DELTA-TE\u2122 et COMBUSTIFUME\u00ae. Fonctionnant selon le principe du m\u00e9lange par buse, ce br\u00fbleur est propos\u00e9 en version \u00ab\u202fplug-and-play\u202f\u00bb, ce qui facilite grandement son installation et sa maintenance. Tous les composants, y compris l\u2019allumeur, sont accessibles [&hellip;]<\/p>\n","protected":false},"featured_media":28085,"template":"","meta":{"_acf_changed":false},"product_brand":[],"product_cat":[374],"product_tag":[386],"class_list":{"0":"post-28084","1":"product","2":"type-product","3":"status-publish","4":"has-post-thumbnail","6":"product_cat-bruleurs-fr","7":"product_tag-bruleurs-pilotes","9":"first","10":"instock","11":"taxable","12":"shipping-taxable","13":"product-type-simple"},"acf":[],"yoast_head":"<!-- This site is optimized with the Yoast SEO plugin v26.8 - https:\/\/yoast.com\/product\/yoast-seo-wordpress\/ -->\n<title>Maxon LVDT-HC - Blondeau<\/title>\n<meta name=\"robots\" content=\"index, follow, max-snippet:-1, max-image-preview:large, max-video-preview:-1\" \/>\n<link rel=\"canonical\" href=\"https:\/\/blondeau.be\/fr\/produit\/maxon-lvdt-hc\/\" \/>\n<meta property=\"og:locale\" content=\"fr_FR\" \/>\n<meta property=\"og:type\" content=\"article\" \/>\n<meta property=\"og:title\" content=\"Maxon LVDT-HC - Blondeau\" \/>\n<meta property=\"og:description\" content=\"Le Maxon LVDT-HC est un br\u00fbleur pilote sp\u00e9cialement con\u00e7u pour une utilisation avec les br\u00fbleurs AIRFLO\u00ae des gammes \u00ab\u00a0LV\u00a0\u00bb, \u00ab\u00a0HC\u00a0\u00bb, DELTA-TE\u2122 et COMBUSTIFUME\u00ae. Fonctionnant selon le principe du m\u00e9lange par buse, ce br\u00fbleur est propos\u00e9 en version \u00ab\u202fplug-and-play\u202f\u00bb, ce qui facilite grandement son installation et sa maintenance. Tous les composants, y compris l\u2019allumeur, sont accessibles [&hellip;]\" \/>\n<meta property=\"og:url\" content=\"https:\/\/blondeau.be\/fr\/produit\/maxon-lvdt-hc\/\" \/>\n<meta property=\"og:site_name\" content=\"Blondeau\" \/>\n<meta property=\"article:modified_time\" content=\"2025-06-27T09:48:17+00:00\" \/>\n<meta property=\"og:image\" content=\"https:\/\/blondeau.be\/wp-content\/uploads\/2025\/02\/LVDT-1.jpg\" \/>\n\t<meta property=\"og:image:width\" content=\"642\" \/>\n\t<meta property=\"og:image:height\" content=\"390\" \/>\n\t<meta property=\"og:image:type\" content=\"image\/jpeg\" \/>\n<meta name=\"twitter:card\" content=\"summary_large_image\" \/>\n<meta name=\"twitter:label1\" content=\"Dur\u00e9e de lecture estim\u00e9e\" \/>\n\t<meta name=\"twitter:data1\" content=\"1 minute\" \/>\n<script type=\"application\/ld+json\" class=\"yoast-schema-graph\">{\"@context\":\"https:\/\/schema.org\",\"@graph\":[{\"@type\":\"WebPage\",\"@id\":\"https:\/\/blondeau.be\/fr\/produit\/maxon-lvdt-hc\/\",\"url\":\"https:\/\/blondeau.be\/fr\/produit\/maxon-lvdt-hc\/\",\"name\":\"Maxon LVDT-HC - Blondeau\",\"isPartOf\":{\"@id\":\"https:\/\/blondeau.be\/fr\/#website\"},\"primaryImageOfPage\":{\"@id\":\"https:\/\/blondeau.be\/fr\/produit\/maxon-lvdt-hc\/#primaryimage\"},\"image\":{\"@id\":\"https:\/\/blondeau.be\/fr\/produit\/maxon-lvdt-hc\/#primaryimage\"},\"thumbnailUrl\":\"https:\/\/blondeau.be\/wp-content\/uploads\/2025\/02\/LVDT-1.jpg\",\"datePublished\":\"2025-02-25T18:04:02+00:00\",\"dateModified\":\"2025-06-27T09:48:17+00:00\",\"breadcrumb\":{\"@id\":\"https:\/\/blondeau.be\/fr\/produit\/maxon-lvdt-hc\/#breadcrumb\"},\"inLanguage\":\"fr-FR\",\"potentialAction\":[{\"@type\":\"ReadAction\",\"target\":[\"https:\/\/blondeau.be\/fr\/produit\/maxon-lvdt-hc\/\"]}]},{\"@type\":\"ImageObject\",\"inLanguage\":\"fr-FR\",\"@id\":\"https:\/\/blondeau.be\/fr\/produit\/maxon-lvdt-hc\/#primaryimage\",\"url\":\"https:\/\/blondeau.be\/wp-content\/uploads\/2025\/02\/LVDT-1.jpg\",\"contentUrl\":\"https:\/\/blondeau.be\/wp-content\/uploads\/2025\/02\/LVDT-1.jpg\",\"width\":642,\"height\":390},{\"@type\":\"BreadcrumbList\",\"@id\":\"https:\/\/blondeau.be\/fr\/produit\/maxon-lvdt-hc\/#breadcrumb\",\"itemListElement\":[{\"@type\":\"ListItem\",\"position\":1,\"name\":\"Home\",\"item\":\"https:\/\/blondeau.be\/fr\/accueil\/\"},{\"@type\":\"ListItem\",\"position\":2,\"name\":\"Catalogue des produits\",\"item\":\"https:\/\/blondeau.be\/fr\/catalogue-des-produits\/\"},{\"@type\":\"ListItem\",\"position\":3,\"name\":\"Maxon LVDT-HC\"}]},{\"@type\":\"WebSite\",\"@id\":\"https:\/\/blondeau.be\/fr\/#website\",\"url\":\"https:\/\/blondeau.be\/fr\/\",\"name\":\"Blondeau\",\"description\":\"Industrial Heating\",\"publisher\":{\"@id\":\"https:\/\/blondeau.be\/fr\/#organization\"},\"potentialAction\":[{\"@type\":\"SearchAction\",\"target\":{\"@type\":\"EntryPoint\",\"urlTemplate\":\"https:\/\/blondeau.be\/fr\/?s={search_term_string}\"},\"query-input\":{\"@type\":\"PropertyValueSpecification\",\"valueRequired\":true,\"valueName\":\"search_term_string\"}}],\"inLanguage\":\"fr-FR\"},{\"@type\":\"Organization\",\"@id\":\"https:\/\/blondeau.be\/fr\/#organization\",\"name\":\"Blondeau\",\"url\":\"https:\/\/blondeau.be\/fr\/\",\"logo\":{\"@type\":\"ImageObject\",\"inLanguage\":\"fr-FR\",\"@id\":\"https:\/\/blondeau.be\/fr\/#\/schema\/logo\/image\/\",\"url\":\"https:\/\/blondeau.be\/wp-content\/uploads\/2025\/08\/Logo.jpg\",\"contentUrl\":\"https:\/\/blondeau.be\/wp-content\/uploads\/2025\/08\/Logo.jpg\",\"width\":600,\"height\":600,\"caption\":\"Blondeau\"},\"image\":{\"@id\":\"https:\/\/blondeau.be\/fr\/#\/schema\/logo\/image\/\"}}]}<\/script>\n<!-- \/ Yoast SEO plugin. -->","yoast_head_json":{"title":"Maxon LVDT-HC - Blondeau","robots":{"index":"index","follow":"follow","max-snippet":"max-snippet:-1","max-image-preview":"max-image-preview:large","max-video-preview":"max-video-preview:-1"},"canonical":"https:\/\/blondeau.be\/fr\/produit\/maxon-lvdt-hc\/","og_locale":"fr_FR","og_type":"article","og_title":"Maxon LVDT-HC - Blondeau","og_description":"Le Maxon LVDT-HC est un br\u00fbleur pilote sp\u00e9cialement con\u00e7u pour une utilisation avec les br\u00fbleurs AIRFLO\u00ae des gammes \u00ab\u00a0LV\u00a0\u00bb, \u00ab\u00a0HC\u00a0\u00bb, DELTA-TE\u2122 et COMBUSTIFUME\u00ae. Fonctionnant selon le principe du m\u00e9lange par buse, ce br\u00fbleur est propos\u00e9 en version \u00ab\u202fplug-and-play\u202f\u00bb, ce qui facilite grandement son installation et sa maintenance. Tous les composants, y compris l\u2019allumeur, sont accessibles [&hellip;]","og_url":"https:\/\/blondeau.be\/fr\/produit\/maxon-lvdt-hc\/","og_site_name":"Blondeau","article_modified_time":"2025-06-27T09:48:17+00:00","og_image":[{"width":642,"height":390,"url":"https:\/\/blondeau.be\/wp-content\/uploads\/2025\/02\/LVDT-1.jpg","type":"image\/jpeg"}],"twitter_card":"summary_large_image","twitter_misc":{"Dur\u00e9e de lecture estim\u00e9e":"1 minute"},"schema":{"@context":"https:\/\/schema.org","@graph":[{"@type":"WebPage","@id":"https:\/\/blondeau.be\/fr\/produit\/maxon-lvdt-hc\/","url":"https:\/\/blondeau.be\/fr\/produit\/maxon-lvdt-hc\/","name":"Maxon LVDT-HC - Blondeau","isPartOf":{"@id":"https:\/\/blondeau.be\/fr\/#website"},"primaryImageOfPage":{"@id":"https:\/\/blondeau.be\/fr\/produit\/maxon-lvdt-hc\/#primaryimage"},"image":{"@id":"https:\/\/blondeau.be\/fr\/produit\/maxon-lvdt-hc\/#primaryimage"},"thumbnailUrl":"https:\/\/blondeau.be\/wp-content\/uploads\/2025\/02\/LVDT-1.jpg","datePublished":"2025-02-25T18:04:02+00:00","dateModified":"2025-06-27T09:48:17+00:00","breadcrumb":{"@id":"https:\/\/blondeau.be\/fr\/produit\/maxon-lvdt-hc\/#breadcrumb"},"inLanguage":"fr-FR","potentialAction":[{"@type":"ReadAction","target":["https:\/\/blondeau.be\/fr\/produit\/maxon-lvdt-hc\/"]}]},{"@type":"ImageObject","inLanguage":"fr-FR","@id":"https:\/\/blondeau.be\/fr\/produit\/maxon-lvdt-hc\/#primaryimage","url":"https:\/\/blondeau.be\/wp-content\/uploads\/2025\/02\/LVDT-1.jpg","contentUrl":"https:\/\/blondeau.be\/wp-content\/uploads\/2025\/02\/LVDT-1.jpg","width":642,"height":390},{"@type":"BreadcrumbList","@id":"https:\/\/blondeau.be\/fr\/produit\/maxon-lvdt-hc\/#breadcrumb","itemListElement":[{"@type":"ListItem","position":1,"name":"Home","item":"https:\/\/blondeau.be\/fr\/accueil\/"},{"@type":"ListItem","position":2,"name":"Catalogue des produits","item":"https:\/\/blondeau.be\/fr\/catalogue-des-produits\/"},{"@type":"ListItem","position":3,"name":"Maxon LVDT-HC"}]},{"@type":"WebSite","@id":"https:\/\/blondeau.be\/fr\/#website","url":"https:\/\/blondeau.be\/fr\/","name":"Blondeau","description":"Industrial Heating","publisher":{"@id":"https:\/\/blondeau.be\/fr\/#organization"},"potentialAction":[{"@type":"SearchAction","target":{"@type":"EntryPoint","urlTemplate":"https:\/\/blondeau.be\/fr\/?s={search_term_string}"},"query-input":{"@type":"PropertyValueSpecification","valueRequired":true,"valueName":"search_term_string"}}],"inLanguage":"fr-FR"},{"@type":"Organization","@id":"https:\/\/blondeau.be\/fr\/#organization","name":"Blondeau","url":"https:\/\/blondeau.be\/fr\/","logo":{"@type":"ImageObject","inLanguage":"fr-FR","@id":"https:\/\/blondeau.be\/fr\/#\/schema\/logo\/image\/","url":"https:\/\/blondeau.be\/wp-content\/uploads\/2025\/08\/Logo.jpg","contentUrl":"https:\/\/blondeau.be\/wp-content\/uploads\/2025\/08\/Logo.jpg","width":600,"height":600,"caption":"Blondeau"},"image":{"@id":"https:\/\/blondeau.be\/fr\/#\/schema\/logo\/image\/"}}]}},"_links":{"self":[{"href":"https:\/\/blondeau.be\/fr\/wp-json\/wp\/v2\/product\/28084","targetHints":{"allow":["GET"]}}],"collection":[{"href":"https:\/\/blondeau.be\/fr\/wp-json\/wp\/v2\/product"}],"about":[{"href":"https:\/\/blondeau.be\/fr\/wp-json\/wp\/v2\/types\/product"}],"wp:featuredmedia":[{"embeddable":true,"href":"https:\/\/blondeau.be\/fr\/wp-json\/wp\/v2\/media\/28085"}],"wp:attachment":[{"href":"https:\/\/blondeau.be\/fr\/wp-json\/wp\/v2\/media?parent=28084"}],"wp:term":[{"taxonomy":"product_brand","embeddable":true,"href":"https:\/\/blondeau.be\/fr\/wp-json\/wp\/v2\/product_brand?post=28084"},{"taxonomy":"product_cat","embeddable":true,"href":"https:\/\/blondeau.be\/fr\/wp-json\/wp\/v2\/product_cat?post=28084"},{"taxonomy":"product_tag","embeddable":true,"href":"https:\/\/blondeau.be\/fr\/wp-json\/wp\/v2\/product_tag?post=28084"}],"curies":[{"name":"wp","href":"https:\/\/api.w.org\/{rel}","templated":true}]}}