{"id":28083,"date":"2025-03-06T17:24:31","date_gmt":"2025-03-06T15:24:31","guid":{"rendered":"https:\/\/blondeau.be\/product\/kromschroder-gdj\/"},"modified":"2025-09-01T17:00:29","modified_gmt":"2025-09-01T15:00:29","slug":"kromschroder-gdj","status":"publish","type":"product","link":"https:\/\/blondeau.be\/fr\/produit\/kromschroder-gdj\/","title":{"rendered":"Kromschr\u00f6der GDJ"},"content":{"rendered":"<p>Le Kromschr\u00f6der <strong>GDJ<\/strong> est un r\u00e9gulateur de pression de gaz qui assure une pression de sortie constante m\u00eame avec des d\u00e9bits de gaz et des pressions d&rsquo;entr\u00e9e variables. Une membrane de s\u00e9curit\u00e9 suppl\u00e9mentaire \u00e9limine la n\u00e9cessit\u00e9 d&rsquo;une conduite d&rsquo;a\u00e9ration. <\/p>\n<p><strong>Caract\u00e9ristiques et avantages :<\/strong><\/p>\n<ul>\n<li data-start=\"183\" data-end=\"208\">DN 15-50<\/li>\n<li data-start=\"183\" data-end=\"208\">Pression d&rsquo;entr\u00e9e : max. 400 mbar<\/li>\n<li data-start=\"183\" data-end=\"208\">Pression de sortie : 2-160 mbar (voir tableau des ressorts)<\/li>\n<li data-start=\"183\" data-end=\"208\">Rapport de modulation: 10:1<\/li>\n<li data-start=\"183\" data-end=\"208\">Ligne d&rsquo;impulsion interne<\/li>\n<li data-start=\"183\" data-end=\"208\">Certification UE<\/li>\n<li data-start=\"209\" data-end=\"242\" data-is-only-node=\"\">Raccord : filetage \u00e0 vis<\/li>\n<li data-start=\"270\" data-end=\"334\">Avec membrane de compensation<\/li>\n<\/ul>\n<p><strong>Documentation :<\/strong><\/p>\n","protected":false},"excerpt":{"rendered":"<p>Le Kromschr\u00f6der GDJ est un r\u00e9gulateur de pression de gaz qui assure une pression de sortie constante m\u00eame avec des d\u00e9bits de gaz et des pressions d&rsquo;entr\u00e9e variables. Une membrane de s\u00e9curit\u00e9 suppl\u00e9mentaire \u00e9limine la n\u00e9cessit\u00e9 d&rsquo;une conduite d&rsquo;a\u00e9ration. Caract\u00e9ristiques et avantages : DN 15-50 Pression d&rsquo;entr\u00e9e : max. 400 mbar Pression de sortie : [&hellip;]<\/p>\n","protected":false},"featured_media":28088,"template":"","meta":{"_acf_changed":false},"product_brand":[],"product_cat":[393],"product_tag":[394],"class_list":{"0":"post-28083","1":"product","2":"type-product","3":"status-publish","4":"has-post-thumbnail","6":"product_cat-regulateurs-de-pression","7":"product_tag-regulateur-de-pression","9":"first","10":"instock","11":"taxable","12":"shipping-taxable","13":"product-type-simple"},"acf":[],"yoast_head":"<!-- This site is optimized with the Yoast SEO plugin v26.8 - https:\/\/yoast.com\/product\/yoast-seo-wordpress\/ -->\n<title>Kromschr\u00f6der GDJ - Blondeau<\/title>\n<meta name=\"robots\" content=\"index, follow, max-snippet:-1, max-image-preview:large, max-video-preview:-1\" \/>\n<link rel=\"canonical\" href=\"https:\/\/blondeau.be\/fr\/produit\/kromschroder-gdj\/\" \/>\n<meta property=\"og:locale\" content=\"fr_FR\" \/>\n<meta property=\"og:type\" content=\"article\" \/>\n<meta property=\"og:title\" content=\"Kromschr\u00f6der GDJ - Blondeau\" \/>\n<meta property=\"og:description\" content=\"Le Kromschr\u00f6der GDJ est un r\u00e9gulateur de pression de gaz qui assure une pression de sortie constante m\u00eame avec des d\u00e9bits de gaz et des pressions d&rsquo;entr\u00e9e variables. Une membrane de s\u00e9curit\u00e9 suppl\u00e9mentaire \u00e9limine la n\u00e9cessit\u00e9 d&rsquo;une conduite d&rsquo;a\u00e9ration. Caract\u00e9ristiques et avantages : DN 15-50 Pression d&rsquo;entr\u00e9e : max. 400 mbar Pression de sortie : [&hellip;]\" \/>\n<meta property=\"og:url\" content=\"https:\/\/blondeau.be\/fr\/produit\/kromschroder-gdj\/\" \/>\n<meta property=\"og:site_name\" content=\"Blondeau\" \/>\n<meta property=\"article:modified_time\" content=\"2025-09-01T15:00:29+00:00\" \/>\n<meta property=\"og:image\" content=\"https:\/\/blondeau.be\/wp-content\/uploads\/2025\/03\/GDJ.jpg\" \/>\n\t<meta property=\"og:image:width\" content=\"463\" \/>\n\t<meta property=\"og:image:height\" content=\"576\" \/>\n\t<meta property=\"og:image:type\" content=\"image\/jpeg\" \/>\n<meta name=\"twitter:card\" content=\"summary_large_image\" \/>\n<meta name=\"twitter:label1\" content=\"Dur\u00e9e de lecture estim\u00e9e\" \/>\n\t<meta name=\"twitter:data1\" content=\"1 minute\" \/>\n<script type=\"application\/ld+json\" class=\"yoast-schema-graph\">{\"@context\":\"https:\/\/schema.org\",\"@graph\":[{\"@type\":\"WebPage\",\"@id\":\"https:\/\/blondeau.be\/fr\/produit\/kromschroder-gdj\/\",\"url\":\"https:\/\/blondeau.be\/fr\/produit\/kromschroder-gdj\/\",\"name\":\"Kromschr\u00f6der GDJ - Blondeau\",\"isPartOf\":{\"@id\":\"https:\/\/blondeau.be\/fr\/#website\"},\"primaryImageOfPage\":{\"@id\":\"https:\/\/blondeau.be\/fr\/produit\/kromschroder-gdj\/#primaryimage\"},\"image\":{\"@id\":\"https:\/\/blondeau.be\/fr\/produit\/kromschroder-gdj\/#primaryimage\"},\"thumbnailUrl\":\"https:\/\/blondeau.be\/wp-content\/uploads\/2025\/03\/GDJ.jpg\",\"datePublished\":\"2025-03-06T15:24:31+00:00\",\"dateModified\":\"2025-09-01T15:00:29+00:00\",\"breadcrumb\":{\"@id\":\"https:\/\/blondeau.be\/fr\/produit\/kromschroder-gdj\/#breadcrumb\"},\"inLanguage\":\"fr-FR\",\"potentialAction\":[{\"@type\":\"ReadAction\",\"target\":[\"https:\/\/blondeau.be\/fr\/produit\/kromschroder-gdj\/\"]}]},{\"@type\":\"ImageObject\",\"inLanguage\":\"fr-FR\",\"@id\":\"https:\/\/blondeau.be\/fr\/produit\/kromschroder-gdj\/#primaryimage\",\"url\":\"https:\/\/blondeau.be\/wp-content\/uploads\/2025\/03\/GDJ.jpg\",\"contentUrl\":\"https:\/\/blondeau.be\/wp-content\/uploads\/2025\/03\/GDJ.jpg\",\"width\":463,\"height\":576},{\"@type\":\"BreadcrumbList\",\"@id\":\"https:\/\/blondeau.be\/fr\/produit\/kromschroder-gdj\/#breadcrumb\",\"itemListElement\":[{\"@type\":\"ListItem\",\"position\":1,\"name\":\"Home\",\"item\":\"https:\/\/blondeau.be\/fr\/accueil\/\"},{\"@type\":\"ListItem\",\"position\":2,\"name\":\"Catalogue des produits\",\"item\":\"https:\/\/blondeau.be\/fr\/catalogue-des-produits\/\"},{\"@type\":\"ListItem\",\"position\":3,\"name\":\"Kromschr\u00f6der GDJ\"}]},{\"@type\":\"WebSite\",\"@id\":\"https:\/\/blondeau.be\/fr\/#website\",\"url\":\"https:\/\/blondeau.be\/fr\/\",\"name\":\"Blondeau\",\"description\":\"Industrial Heating\",\"publisher\":{\"@id\":\"https:\/\/blondeau.be\/fr\/#organization\"},\"potentialAction\":[{\"@type\":\"SearchAction\",\"target\":{\"@type\":\"EntryPoint\",\"urlTemplate\":\"https:\/\/blondeau.be\/fr\/?s={search_term_string}\"},\"query-input\":{\"@type\":\"PropertyValueSpecification\",\"valueRequired\":true,\"valueName\":\"search_term_string\"}}],\"inLanguage\":\"fr-FR\"},{\"@type\":\"Organization\",\"@id\":\"https:\/\/blondeau.be\/fr\/#organization\",\"name\":\"Blondeau\",\"url\":\"https:\/\/blondeau.be\/fr\/\",\"logo\":{\"@type\":\"ImageObject\",\"inLanguage\":\"fr-FR\",\"@id\":\"https:\/\/blondeau.be\/fr\/#\/schema\/logo\/image\/\",\"url\":\"https:\/\/blondeau.be\/wp-content\/uploads\/2025\/08\/Logo.jpg\",\"contentUrl\":\"https:\/\/blondeau.be\/wp-content\/uploads\/2025\/08\/Logo.jpg\",\"width\":600,\"height\":600,\"caption\":\"Blondeau\"},\"image\":{\"@id\":\"https:\/\/blondeau.be\/fr\/#\/schema\/logo\/image\/\"}}]}<\/script>\n<!-- \/ Yoast SEO plugin. -->","yoast_head_json":{"title":"Kromschr\u00f6der GDJ - Blondeau","robots":{"index":"index","follow":"follow","max-snippet":"max-snippet:-1","max-image-preview":"max-image-preview:large","max-video-preview":"max-video-preview:-1"},"canonical":"https:\/\/blondeau.be\/fr\/produit\/kromschroder-gdj\/","og_locale":"fr_FR","og_type":"article","og_title":"Kromschr\u00f6der GDJ - Blondeau","og_description":"Le Kromschr\u00f6der GDJ est un r\u00e9gulateur de pression de gaz qui assure une pression de sortie constante m\u00eame avec des d\u00e9bits de gaz et des pressions d&rsquo;entr\u00e9e variables. Une membrane de s\u00e9curit\u00e9 suppl\u00e9mentaire \u00e9limine la n\u00e9cessit\u00e9 d&rsquo;une conduite d&rsquo;a\u00e9ration. Caract\u00e9ristiques et avantages : DN 15-50 Pression d&rsquo;entr\u00e9e : max. 400 mbar Pression de sortie : [&hellip;]","og_url":"https:\/\/blondeau.be\/fr\/produit\/kromschroder-gdj\/","og_site_name":"Blondeau","article_modified_time":"2025-09-01T15:00:29+00:00","og_image":[{"width":463,"height":576,"url":"https:\/\/blondeau.be\/wp-content\/uploads\/2025\/03\/GDJ.jpg","type":"image\/jpeg"}],"twitter_card":"summary_large_image","twitter_misc":{"Dur\u00e9e de lecture estim\u00e9e":"1 minute"},"schema":{"@context":"https:\/\/schema.org","@graph":[{"@type":"WebPage","@id":"https:\/\/blondeau.be\/fr\/produit\/kromschroder-gdj\/","url":"https:\/\/blondeau.be\/fr\/produit\/kromschroder-gdj\/","name":"Kromschr\u00f6der GDJ - Blondeau","isPartOf":{"@id":"https:\/\/blondeau.be\/fr\/#website"},"primaryImageOfPage":{"@id":"https:\/\/blondeau.be\/fr\/produit\/kromschroder-gdj\/#primaryimage"},"image":{"@id":"https:\/\/blondeau.be\/fr\/produit\/kromschroder-gdj\/#primaryimage"},"thumbnailUrl":"https:\/\/blondeau.be\/wp-content\/uploads\/2025\/03\/GDJ.jpg","datePublished":"2025-03-06T15:24:31+00:00","dateModified":"2025-09-01T15:00:29+00:00","breadcrumb":{"@id":"https:\/\/blondeau.be\/fr\/produit\/kromschroder-gdj\/#breadcrumb"},"inLanguage":"fr-FR","potentialAction":[{"@type":"ReadAction","target":["https:\/\/blondeau.be\/fr\/produit\/kromschroder-gdj\/"]}]},{"@type":"ImageObject","inLanguage":"fr-FR","@id":"https:\/\/blondeau.be\/fr\/produit\/kromschroder-gdj\/#primaryimage","url":"https:\/\/blondeau.be\/wp-content\/uploads\/2025\/03\/GDJ.jpg","contentUrl":"https:\/\/blondeau.be\/wp-content\/uploads\/2025\/03\/GDJ.jpg","width":463,"height":576},{"@type":"BreadcrumbList","@id":"https:\/\/blondeau.be\/fr\/produit\/kromschroder-gdj\/#breadcrumb","itemListElement":[{"@type":"ListItem","position":1,"name":"Home","item":"https:\/\/blondeau.be\/fr\/accueil\/"},{"@type":"ListItem","position":2,"name":"Catalogue des produits","item":"https:\/\/blondeau.be\/fr\/catalogue-des-produits\/"},{"@type":"ListItem","position":3,"name":"Kromschr\u00f6der GDJ"}]},{"@type":"WebSite","@id":"https:\/\/blondeau.be\/fr\/#website","url":"https:\/\/blondeau.be\/fr\/","name":"Blondeau","description":"Industrial Heating","publisher":{"@id":"https:\/\/blondeau.be\/fr\/#organization"},"potentialAction":[{"@type":"SearchAction","target":{"@type":"EntryPoint","urlTemplate":"https:\/\/blondeau.be\/fr\/?s={search_term_string}"},"query-input":{"@type":"PropertyValueSpecification","valueRequired":true,"valueName":"search_term_string"}}],"inLanguage":"fr-FR"},{"@type":"Organization","@id":"https:\/\/blondeau.be\/fr\/#organization","name":"Blondeau","url":"https:\/\/blondeau.be\/fr\/","logo":{"@type":"ImageObject","inLanguage":"fr-FR","@id":"https:\/\/blondeau.be\/fr\/#\/schema\/logo\/image\/","url":"https:\/\/blondeau.be\/wp-content\/uploads\/2025\/08\/Logo.jpg","contentUrl":"https:\/\/blondeau.be\/wp-content\/uploads\/2025\/08\/Logo.jpg","width":600,"height":600,"caption":"Blondeau"},"image":{"@id":"https:\/\/blondeau.be\/fr\/#\/schema\/logo\/image\/"}}]}},"_links":{"self":[{"href":"https:\/\/blondeau.be\/fr\/wp-json\/wp\/v2\/product\/28083","targetHints":{"allow":["GET"]}}],"collection":[{"href":"https:\/\/blondeau.be\/fr\/wp-json\/wp\/v2\/product"}],"about":[{"href":"https:\/\/blondeau.be\/fr\/wp-json\/wp\/v2\/types\/product"}],"wp:featuredmedia":[{"embeddable":true,"href":"https:\/\/blondeau.be\/fr\/wp-json\/wp\/v2\/media\/28088"}],"wp:attachment":[{"href":"https:\/\/blondeau.be\/fr\/wp-json\/wp\/v2\/media?parent=28083"}],"wp:term":[{"taxonomy":"product_brand","embeddable":true,"href":"https:\/\/blondeau.be\/fr\/wp-json\/wp\/v2\/product_brand?post=28083"},{"taxonomy":"product_cat","embeddable":true,"href":"https:\/\/blondeau.be\/fr\/wp-json\/wp\/v2\/product_cat?post=28083"},{"taxonomy":"product_tag","embeddable":true,"href":"https:\/\/blondeau.be\/fr\/wp-json\/wp\/v2\/product_tag?post=28083"}],"curies":[{"name":"wp","href":"https:\/\/api.w.org\/{rel}","templated":true}]}}