{"id":28060,"date":"2025-02-25T19:27:47","date_gmt":"2025-02-25T17:27:47","guid":{"rendered":"https:\/\/blondeau.be\/product\/kromschroder-zt-zta-et-zti-avec-s11t\/"},"modified":"2025-09-01T15:53:56","modified_gmt":"2025-09-01T13:53:56","slug":"kromschroder-zt-zta-et-zti-avec-s11t","status":"publish","type":"product","link":"https:\/\/blondeau.be\/fr\/produit\/kromschroder-zt-zta-et-zti-avec-s11t\/","title":{"rendered":"Kromschr\u00f6der ZT, ZTA et ZTI avec S11T"},"content":{"rendered":"<p data-start=\"0\" data-end=\"214\">Les br\u00fbleurs pilotes <strong>ZT <\/strong>de Kromschr\u00f6der sont con\u00e7us pour l\u2019allumage s\u00e9curis\u00e9 des br\u00fbleurs \u00e0 gaz et, associ\u00e9s \u00e0 la vanne de r\u00e9gulation <strong>S11T<\/strong>, assurent une protection thermo\u00e9lectrique de la flamme. Ils utilisent une \u00e9lectrode d\u2019allumage pour l\u2019allumage, en combinaison avec un transformateur d\u2019allumage. Les br\u00fbleurs ZT sont compatibles avec le gaz naturel, le gaz de cokerie et le GPL.  <\/p>\n<p>&nbsp;<\/p>\n<p data-start=\"0\" data-end=\"214\"><strong>Caract\u00e9ristiques et avantages :<\/strong><\/p>\n<p data-start=\"128\" data-end=\"153\"><strong data-start=\"128\" data-end=\"151\">Vanne de r\u00e9gulation S11T<\/strong><\/p>\n<ul>\n<li>Diam\u00e8tre nominal (DN) : 15 \u00e0 25<\/li>\n<li>Pression d&rsquo;entr\u00e9e maximale : 100\u202fmbar ou 1,5\u202fbar (selon le mod\u00e8le)<\/li>\n<li>Temps d&rsquo;ouverture : 10 \u00e0 15\u202fs<\/li>\n<li>Temps de fermeture : &lt;30\u202fs<\/li>\n<\/ul>\n<p data-start=\"323\" data-end=\"346\"><strong data-start=\"323\" data-end=\"344\">Br\u00fbleurs pilotes ZT<\/strong><\/p>\n<ul>\n<li data-start=\"349\" data-end=\"429\">Surveillance de flamme par thermocouple ; pour le mod\u00e8le ZTI 55, \u00e9galement par \u00e9lectrode d\u2019ionisation<\/li>\n<li data-start=\"349\" data-end=\"429\">Conception compacte pour une installation peu encombrante<\/li>\n<li data-start=\"349\" data-end=\"429\">Br\u00fbleurs pilotes thermiques atmosph\u00e9riques, \u00e9galement disponibles en option avec alimentation en air forc\u00e9<\/li>\n<li data-start=\"349\" data-end=\"429\">Longueur du tube du br\u00fbleur : 100 \u00e0 1000\u202fmm<\/li>\n<\/ul>\n<p><strong>Documentation :<\/strong><\/p>\n","protected":false},"excerpt":{"rendered":"<p>Les br\u00fbleurs pilotes ZT de Kromschr\u00f6der sont con\u00e7us pour l\u2019allumage s\u00e9curis\u00e9 des br\u00fbleurs \u00e0 gaz et, associ\u00e9s \u00e0 la vanne de r\u00e9gulation S11T, assurent une protection thermo\u00e9lectrique de la flamme. Ils utilisent une \u00e9lectrode d\u2019allumage pour l\u2019allumage, en combinaison avec un transformateur d\u2019allumage. Les br\u00fbleurs ZT sont compatibles avec le gaz naturel, le gaz de [&hellip;]<\/p>\n","protected":false},"featured_media":28070,"template":"","meta":{"_acf_changed":false},"product_brand":[],"product_cat":[385],"product_tag":[386],"class_list":{"0":"post-28060","1":"product","2":"type-product","3":"status-publish","4":"has-post-thumbnail","6":"product_cat-bruleurs-pilotes","7":"product_tag-bruleurs-pilotes","9":"first","10":"instock","11":"taxable","12":"shipping-taxable","13":"product-type-simple"},"acf":[],"yoast_head":"<!-- This site is optimized with the Yoast SEO plugin v26.8 - https:\/\/yoast.com\/product\/yoast-seo-wordpress\/ -->\n<title>Kromschr\u00f6der ZT, ZTA et ZTI avec S11T - Blondeau<\/title>\n<meta name=\"robots\" content=\"index, follow, max-snippet:-1, max-image-preview:large, max-video-preview:-1\" \/>\n<link rel=\"canonical\" href=\"https:\/\/blondeau.be\/fr\/produit\/kromschroder-zt-zta-et-zti-avec-s11t\/\" \/>\n<meta property=\"og:locale\" content=\"fr_FR\" \/>\n<meta property=\"og:type\" content=\"article\" \/>\n<meta property=\"og:title\" content=\"Kromschr\u00f6der ZT, ZTA et ZTI avec S11T - Blondeau\" \/>\n<meta property=\"og:description\" content=\"Les br\u00fbleurs pilotes ZT de Kromschr\u00f6der sont con\u00e7us pour l\u2019allumage s\u00e9curis\u00e9 des br\u00fbleurs \u00e0 gaz et, associ\u00e9s \u00e0 la vanne de r\u00e9gulation S11T, assurent une protection thermo\u00e9lectrique de la flamme. Ils utilisent une \u00e9lectrode d\u2019allumage pour l\u2019allumage, en combinaison avec un transformateur d\u2019allumage. Les br\u00fbleurs ZT sont compatibles avec le gaz naturel, le gaz de [&hellip;]\" \/>\n<meta property=\"og:url\" content=\"https:\/\/blondeau.be\/fr\/produit\/kromschroder-zt-zta-et-zti-avec-s11t\/\" \/>\n<meta property=\"og:site_name\" content=\"Blondeau\" \/>\n<meta property=\"article:modified_time\" content=\"2025-09-01T13:53:56+00:00\" \/>\n<meta property=\"og:image\" content=\"https:\/\/blondeau.be\/wp-content\/uploads\/2025\/02\/ZT.jpg\" \/>\n\t<meta property=\"og:image:width\" content=\"582\" \/>\n\t<meta property=\"og:image:height\" content=\"576\" \/>\n\t<meta property=\"og:image:type\" content=\"image\/jpeg\" \/>\n<meta name=\"twitter:card\" content=\"summary_large_image\" \/>\n<meta name=\"twitter:label1\" content=\"Dur\u00e9e de lecture estim\u00e9e\" \/>\n\t<meta name=\"twitter:data1\" content=\"1 minute\" \/>\n<script type=\"application\/ld+json\" class=\"yoast-schema-graph\">{\"@context\":\"https:\/\/schema.org\",\"@graph\":[{\"@type\":\"WebPage\",\"@id\":\"https:\/\/blondeau.be\/fr\/produit\/kromschroder-zt-zta-et-zti-avec-s11t\/\",\"url\":\"https:\/\/blondeau.be\/fr\/produit\/kromschroder-zt-zta-et-zti-avec-s11t\/\",\"name\":\"Kromschr\u00f6der ZT, ZTA et ZTI avec S11T - Blondeau\",\"isPartOf\":{\"@id\":\"https:\/\/blondeau.be\/fr\/#website\"},\"primaryImageOfPage\":{\"@id\":\"https:\/\/blondeau.be\/fr\/produit\/kromschroder-zt-zta-et-zti-avec-s11t\/#primaryimage\"},\"image\":{\"@id\":\"https:\/\/blondeau.be\/fr\/produit\/kromschroder-zt-zta-et-zti-avec-s11t\/#primaryimage\"},\"thumbnailUrl\":\"https:\/\/blondeau.be\/wp-content\/uploads\/2025\/02\/ZT.jpg\",\"datePublished\":\"2025-02-25T17:27:47+00:00\",\"dateModified\":\"2025-09-01T13:53:56+00:00\",\"breadcrumb\":{\"@id\":\"https:\/\/blondeau.be\/fr\/produit\/kromschroder-zt-zta-et-zti-avec-s11t\/#breadcrumb\"},\"inLanguage\":\"fr-FR\",\"potentialAction\":[{\"@type\":\"ReadAction\",\"target\":[\"https:\/\/blondeau.be\/fr\/produit\/kromschroder-zt-zta-et-zti-avec-s11t\/\"]}]},{\"@type\":\"ImageObject\",\"inLanguage\":\"fr-FR\",\"@id\":\"https:\/\/blondeau.be\/fr\/produit\/kromschroder-zt-zta-et-zti-avec-s11t\/#primaryimage\",\"url\":\"https:\/\/blondeau.be\/wp-content\/uploads\/2025\/02\/ZT.jpg\",\"contentUrl\":\"https:\/\/blondeau.be\/wp-content\/uploads\/2025\/02\/ZT.jpg\",\"width\":582,\"height\":576},{\"@type\":\"BreadcrumbList\",\"@id\":\"https:\/\/blondeau.be\/fr\/produit\/kromschroder-zt-zta-et-zti-avec-s11t\/#breadcrumb\",\"itemListElement\":[{\"@type\":\"ListItem\",\"position\":1,\"name\":\"Home\",\"item\":\"https:\/\/blondeau.be\/fr\/accueil\/\"},{\"@type\":\"ListItem\",\"position\":2,\"name\":\"Catalogue des produits\",\"item\":\"https:\/\/blondeau.be\/fr\/catalogue-des-produits\/\"},{\"@type\":\"ListItem\",\"position\":3,\"name\":\"Kromschr\u00f6der ZT, ZTA et ZTI avec S11T\"}]},{\"@type\":\"WebSite\",\"@id\":\"https:\/\/blondeau.be\/fr\/#website\",\"url\":\"https:\/\/blondeau.be\/fr\/\",\"name\":\"Blondeau\",\"description\":\"Industrial Heating\",\"publisher\":{\"@id\":\"https:\/\/blondeau.be\/fr\/#organization\"},\"potentialAction\":[{\"@type\":\"SearchAction\",\"target\":{\"@type\":\"EntryPoint\",\"urlTemplate\":\"https:\/\/blondeau.be\/fr\/?s={search_term_string}\"},\"query-input\":{\"@type\":\"PropertyValueSpecification\",\"valueRequired\":true,\"valueName\":\"search_term_string\"}}],\"inLanguage\":\"fr-FR\"},{\"@type\":\"Organization\",\"@id\":\"https:\/\/blondeau.be\/fr\/#organization\",\"name\":\"Blondeau\",\"url\":\"https:\/\/blondeau.be\/fr\/\",\"logo\":{\"@type\":\"ImageObject\",\"inLanguage\":\"fr-FR\",\"@id\":\"https:\/\/blondeau.be\/fr\/#\/schema\/logo\/image\/\",\"url\":\"https:\/\/blondeau.be\/wp-content\/uploads\/2025\/08\/Logo.jpg\",\"contentUrl\":\"https:\/\/blondeau.be\/wp-content\/uploads\/2025\/08\/Logo.jpg\",\"width\":600,\"height\":600,\"caption\":\"Blondeau\"},\"image\":{\"@id\":\"https:\/\/blondeau.be\/fr\/#\/schema\/logo\/image\/\"}}]}<\/script>\n<!-- \/ Yoast SEO plugin. -->","yoast_head_json":{"title":"Kromschr\u00f6der ZT, ZTA et ZTI avec S11T - Blondeau","robots":{"index":"index","follow":"follow","max-snippet":"max-snippet:-1","max-image-preview":"max-image-preview:large","max-video-preview":"max-video-preview:-1"},"canonical":"https:\/\/blondeau.be\/fr\/produit\/kromschroder-zt-zta-et-zti-avec-s11t\/","og_locale":"fr_FR","og_type":"article","og_title":"Kromschr\u00f6der ZT, ZTA et ZTI avec S11T - Blondeau","og_description":"Les br\u00fbleurs pilotes ZT de Kromschr\u00f6der sont con\u00e7us pour l\u2019allumage s\u00e9curis\u00e9 des br\u00fbleurs \u00e0 gaz et, associ\u00e9s \u00e0 la vanne de r\u00e9gulation S11T, assurent une protection thermo\u00e9lectrique de la flamme. Ils utilisent une \u00e9lectrode d\u2019allumage pour l\u2019allumage, en combinaison avec un transformateur d\u2019allumage. Les br\u00fbleurs ZT sont compatibles avec le gaz naturel, le gaz de [&hellip;]","og_url":"https:\/\/blondeau.be\/fr\/produit\/kromschroder-zt-zta-et-zti-avec-s11t\/","og_site_name":"Blondeau","article_modified_time":"2025-09-01T13:53:56+00:00","og_image":[{"width":582,"height":576,"url":"https:\/\/blondeau.be\/wp-content\/uploads\/2025\/02\/ZT.jpg","type":"image\/jpeg"}],"twitter_card":"summary_large_image","twitter_misc":{"Dur\u00e9e de lecture estim\u00e9e":"1 minute"},"schema":{"@context":"https:\/\/schema.org","@graph":[{"@type":"WebPage","@id":"https:\/\/blondeau.be\/fr\/produit\/kromschroder-zt-zta-et-zti-avec-s11t\/","url":"https:\/\/blondeau.be\/fr\/produit\/kromschroder-zt-zta-et-zti-avec-s11t\/","name":"Kromschr\u00f6der ZT, ZTA et ZTI avec S11T - Blondeau","isPartOf":{"@id":"https:\/\/blondeau.be\/fr\/#website"},"primaryImageOfPage":{"@id":"https:\/\/blondeau.be\/fr\/produit\/kromschroder-zt-zta-et-zti-avec-s11t\/#primaryimage"},"image":{"@id":"https:\/\/blondeau.be\/fr\/produit\/kromschroder-zt-zta-et-zti-avec-s11t\/#primaryimage"},"thumbnailUrl":"https:\/\/blondeau.be\/wp-content\/uploads\/2025\/02\/ZT.jpg","datePublished":"2025-02-25T17:27:47+00:00","dateModified":"2025-09-01T13:53:56+00:00","breadcrumb":{"@id":"https:\/\/blondeau.be\/fr\/produit\/kromschroder-zt-zta-et-zti-avec-s11t\/#breadcrumb"},"inLanguage":"fr-FR","potentialAction":[{"@type":"ReadAction","target":["https:\/\/blondeau.be\/fr\/produit\/kromschroder-zt-zta-et-zti-avec-s11t\/"]}]},{"@type":"ImageObject","inLanguage":"fr-FR","@id":"https:\/\/blondeau.be\/fr\/produit\/kromschroder-zt-zta-et-zti-avec-s11t\/#primaryimage","url":"https:\/\/blondeau.be\/wp-content\/uploads\/2025\/02\/ZT.jpg","contentUrl":"https:\/\/blondeau.be\/wp-content\/uploads\/2025\/02\/ZT.jpg","width":582,"height":576},{"@type":"BreadcrumbList","@id":"https:\/\/blondeau.be\/fr\/produit\/kromschroder-zt-zta-et-zti-avec-s11t\/#breadcrumb","itemListElement":[{"@type":"ListItem","position":1,"name":"Home","item":"https:\/\/blondeau.be\/fr\/accueil\/"},{"@type":"ListItem","position":2,"name":"Catalogue des produits","item":"https:\/\/blondeau.be\/fr\/catalogue-des-produits\/"},{"@type":"ListItem","position":3,"name":"Kromschr\u00f6der ZT, ZTA et ZTI avec S11T"}]},{"@type":"WebSite","@id":"https:\/\/blondeau.be\/fr\/#website","url":"https:\/\/blondeau.be\/fr\/","name":"Blondeau","description":"Industrial Heating","publisher":{"@id":"https:\/\/blondeau.be\/fr\/#organization"},"potentialAction":[{"@type":"SearchAction","target":{"@type":"EntryPoint","urlTemplate":"https:\/\/blondeau.be\/fr\/?s={search_term_string}"},"query-input":{"@type":"PropertyValueSpecification","valueRequired":true,"valueName":"search_term_string"}}],"inLanguage":"fr-FR"},{"@type":"Organization","@id":"https:\/\/blondeau.be\/fr\/#organization","name":"Blondeau","url":"https:\/\/blondeau.be\/fr\/","logo":{"@type":"ImageObject","inLanguage":"fr-FR","@id":"https:\/\/blondeau.be\/fr\/#\/schema\/logo\/image\/","url":"https:\/\/blondeau.be\/wp-content\/uploads\/2025\/08\/Logo.jpg","contentUrl":"https:\/\/blondeau.be\/wp-content\/uploads\/2025\/08\/Logo.jpg","width":600,"height":600,"caption":"Blondeau"},"image":{"@id":"https:\/\/blondeau.be\/fr\/#\/schema\/logo\/image\/"}}]}},"_links":{"self":[{"href":"https:\/\/blondeau.be\/fr\/wp-json\/wp\/v2\/product\/28060","targetHints":{"allow":["GET"]}}],"collection":[{"href":"https:\/\/blondeau.be\/fr\/wp-json\/wp\/v2\/product"}],"about":[{"href":"https:\/\/blondeau.be\/fr\/wp-json\/wp\/v2\/types\/product"}],"wp:featuredmedia":[{"embeddable":true,"href":"https:\/\/blondeau.be\/fr\/wp-json\/wp\/v2\/media\/28070"}],"wp:attachment":[{"href":"https:\/\/blondeau.be\/fr\/wp-json\/wp\/v2\/media?parent=28060"}],"wp:term":[{"taxonomy":"product_brand","embeddable":true,"href":"https:\/\/blondeau.be\/fr\/wp-json\/wp\/v2\/product_brand?post=28060"},{"taxonomy":"product_cat","embeddable":true,"href":"https:\/\/blondeau.be\/fr\/wp-json\/wp\/v2\/product_cat?post=28060"},{"taxonomy":"product_tag","embeddable":true,"href":"https:\/\/blondeau.be\/fr\/wp-json\/wp\/v2\/product_tag?post=28060"}],"curies":[{"name":"wp","href":"https:\/\/api.w.org\/{rel}","templated":true}]}}