{"id":28041,"date":"2025-02-28T20:53:44","date_gmt":"2025-02-28T18:53:44","guid":{"rendered":"https:\/\/blondeau.be\/product\/kromschroder-geh-gehv-leh\/"},"modified":"2025-09-01T16:08:57","modified_gmt":"2025-09-01T14:08:57","slug":"kromschroder-geh-gehv-leh","status":"publish","type":"product","link":"https:\/\/blondeau.be\/fr\/produit\/kromschroder-geh-gehv-leh\/","title":{"rendered":"Kromschr\u00f6der GEH &#8211; GEHV &#8211; LEH"},"content":{"rendered":"<p>Les vannes de r\u00e9glage GEHV, GEH et LEH sont con\u00e7ues pour assurer un r\u00e9glage pr\u00e9cis des d\u00e9bits de gaz et d&rsquo;air dans les applications industrielles o\u00f9 un contr\u00f4le fin est essentiel. Elles sont propos\u00e9es dans des diam\u00e8tres de DN 8 \u00e0 DN 50, avec des raccords filet\u00e9s internes ou une combinaison de filetages internes et externes. <\/p>\n<p><strong>Caract\u00e9ristiques et avantages :<\/strong><\/p>\n<ul>\n<li data-start=\"269\" data-end=\"389\"><strong data-start=\"269\" data-end=\"277\">GEHV<\/strong>: Pour gaz (max. 1 bar) et air (max. 4 bar), avec volant de commande et \u00e9chelle de r\u00e9glage pour un ajustement pr\u00e9cis.<\/li>\n<li data-start=\"269\" data-end=\"389\"><strong data-start=\"392\" data-end=\"399\">GEH<\/strong>: Convient pour le gaz jusqu&rsquo;\u00e0 1 bar, r\u00e9glable \u00e0 l&rsquo;aide d&rsquo;outils.<\/li>\n<li data-start=\"269\" data-end=\"389\"><strong data-start=\"473\" data-end=\"480\">LEH<\/strong>: Con\u00e7u pour l&rsquo;air jusqu&rsquo;\u00e0 4 bars, avec commande par volant.<\/li>\n<li style=\"list-style-type: none;\">\n<\/li>\n<\/ul>\n<p><strong>Documentation :<\/strong><\/p>\n","protected":false},"excerpt":{"rendered":"<p>Les vannes de r\u00e9glage GEHV, GEH et LEH sont con\u00e7ues pour assurer un r\u00e9glage pr\u00e9cis des d\u00e9bits de gaz et d&rsquo;air dans les applications industrielles o\u00f9 un contr\u00f4le fin est essentiel. Elles sont propos\u00e9es dans des diam\u00e8tres de DN 8 \u00e0 DN 50, avec des raccords filet\u00e9s internes ou une combinaison de filetages internes et [&hellip;]<\/p>\n","protected":false},"featured_media":28046,"template":"","meta":{"_acf_changed":false},"product_brand":[],"product_cat":[391],"product_tag":[392],"class_list":{"0":"post-28041","1":"product","2":"type-product","3":"status-publish","4":"has-post-thumbnail","6":"product_cat-vannes-gaz-manuels","7":"product_tag-vannes-gaz-manuels","9":"first","10":"instock","11":"taxable","12":"shipping-taxable","13":"product-type-simple"},"acf":[],"yoast_head":"<!-- This site is optimized with the Yoast SEO plugin v26.8 - https:\/\/yoast.com\/product\/yoast-seo-wordpress\/ -->\n<title>Kromschr\u00f6der GEH - GEHV - LEH - Blondeau<\/title>\n<meta name=\"robots\" content=\"index, follow, max-snippet:-1, max-image-preview:large, max-video-preview:-1\" \/>\n<link rel=\"canonical\" href=\"https:\/\/blondeau.be\/fr\/produit\/kromschroder-geh-gehv-leh\/\" \/>\n<meta property=\"og:locale\" content=\"fr_FR\" \/>\n<meta property=\"og:type\" content=\"article\" \/>\n<meta property=\"og:title\" content=\"Kromschr\u00f6der GEH - GEHV - LEH - Blondeau\" \/>\n<meta property=\"og:description\" content=\"Les vannes de r\u00e9glage GEHV, GEH et LEH sont con\u00e7ues pour assurer un r\u00e9glage pr\u00e9cis des d\u00e9bits de gaz et d&rsquo;air dans les applications industrielles o\u00f9 un contr\u00f4le fin est essentiel. Elles sont propos\u00e9es dans des diam\u00e8tres de DN 8 \u00e0 DN 50, avec des raccords filet\u00e9s internes ou une combinaison de filetages internes et [&hellip;]\" \/>\n<meta property=\"og:url\" content=\"https:\/\/blondeau.be\/fr\/produit\/kromschroder-geh-gehv-leh\/\" \/>\n<meta property=\"og:site_name\" content=\"Blondeau\" \/>\n<meta property=\"article:modified_time\" content=\"2025-09-01T14:08:57+00:00\" \/>\n<meta property=\"og:image\" content=\"https:\/\/blondeau.be\/wp-content\/uploads\/2025\/02\/GEH.jpg\" \/>\n\t<meta property=\"og:image:width\" content=\"547\" \/>\n\t<meta property=\"og:image:height\" content=\"465\" \/>\n\t<meta property=\"og:image:type\" content=\"image\/jpeg\" \/>\n<meta name=\"twitter:card\" content=\"summary_large_image\" \/>\n<meta name=\"twitter:label1\" content=\"Dur\u00e9e de lecture estim\u00e9e\" \/>\n\t<meta name=\"twitter:data1\" content=\"1 minute\" \/>\n<script type=\"application\/ld+json\" class=\"yoast-schema-graph\">{\"@context\":\"https:\/\/schema.org\",\"@graph\":[{\"@type\":\"WebPage\",\"@id\":\"https:\/\/blondeau.be\/fr\/produit\/kromschroder-geh-gehv-leh\/\",\"url\":\"https:\/\/blondeau.be\/fr\/produit\/kromschroder-geh-gehv-leh\/\",\"name\":\"Kromschr\u00f6der GEH - GEHV - LEH - Blondeau\",\"isPartOf\":{\"@id\":\"https:\/\/blondeau.be\/fr\/#website\"},\"primaryImageOfPage\":{\"@id\":\"https:\/\/blondeau.be\/fr\/produit\/kromschroder-geh-gehv-leh\/#primaryimage\"},\"image\":{\"@id\":\"https:\/\/blondeau.be\/fr\/produit\/kromschroder-geh-gehv-leh\/#primaryimage\"},\"thumbnailUrl\":\"https:\/\/blondeau.be\/wp-content\/uploads\/2025\/02\/GEH.jpg\",\"datePublished\":\"2025-02-28T18:53:44+00:00\",\"dateModified\":\"2025-09-01T14:08:57+00:00\",\"breadcrumb\":{\"@id\":\"https:\/\/blondeau.be\/fr\/produit\/kromschroder-geh-gehv-leh\/#breadcrumb\"},\"inLanguage\":\"fr-FR\",\"potentialAction\":[{\"@type\":\"ReadAction\",\"target\":[\"https:\/\/blondeau.be\/fr\/produit\/kromschroder-geh-gehv-leh\/\"]}]},{\"@type\":\"ImageObject\",\"inLanguage\":\"fr-FR\",\"@id\":\"https:\/\/blondeau.be\/fr\/produit\/kromschroder-geh-gehv-leh\/#primaryimage\",\"url\":\"https:\/\/blondeau.be\/wp-content\/uploads\/2025\/02\/GEH.jpg\",\"contentUrl\":\"https:\/\/blondeau.be\/wp-content\/uploads\/2025\/02\/GEH.jpg\",\"width\":547,\"height\":465},{\"@type\":\"BreadcrumbList\",\"@id\":\"https:\/\/blondeau.be\/fr\/produit\/kromschroder-geh-gehv-leh\/#breadcrumb\",\"itemListElement\":[{\"@type\":\"ListItem\",\"position\":1,\"name\":\"Home\",\"item\":\"https:\/\/blondeau.be\/fr\/accueil\/\"},{\"@type\":\"ListItem\",\"position\":2,\"name\":\"Catalogue des produits\",\"item\":\"https:\/\/blondeau.be\/fr\/catalogue-des-produits\/\"},{\"@type\":\"ListItem\",\"position\":3,\"name\":\"Kromschr\u00f6der GEH &#8211; GEHV &#8211; LEH\"}]},{\"@type\":\"WebSite\",\"@id\":\"https:\/\/blondeau.be\/fr\/#website\",\"url\":\"https:\/\/blondeau.be\/fr\/\",\"name\":\"Blondeau\",\"description\":\"Industrial Heating\",\"publisher\":{\"@id\":\"https:\/\/blondeau.be\/fr\/#organization\"},\"potentialAction\":[{\"@type\":\"SearchAction\",\"target\":{\"@type\":\"EntryPoint\",\"urlTemplate\":\"https:\/\/blondeau.be\/fr\/?s={search_term_string}\"},\"query-input\":{\"@type\":\"PropertyValueSpecification\",\"valueRequired\":true,\"valueName\":\"search_term_string\"}}],\"inLanguage\":\"fr-FR\"},{\"@type\":\"Organization\",\"@id\":\"https:\/\/blondeau.be\/fr\/#organization\",\"name\":\"Blondeau\",\"url\":\"https:\/\/blondeau.be\/fr\/\",\"logo\":{\"@type\":\"ImageObject\",\"inLanguage\":\"fr-FR\",\"@id\":\"https:\/\/blondeau.be\/fr\/#\/schema\/logo\/image\/\",\"url\":\"https:\/\/blondeau.be\/wp-content\/uploads\/2025\/08\/Logo.jpg\",\"contentUrl\":\"https:\/\/blondeau.be\/wp-content\/uploads\/2025\/08\/Logo.jpg\",\"width\":600,\"height\":600,\"caption\":\"Blondeau\"},\"image\":{\"@id\":\"https:\/\/blondeau.be\/fr\/#\/schema\/logo\/image\/\"}}]}<\/script>\n<!-- \/ Yoast SEO plugin. -->","yoast_head_json":{"title":"Kromschr\u00f6der GEH - GEHV - LEH - Blondeau","robots":{"index":"index","follow":"follow","max-snippet":"max-snippet:-1","max-image-preview":"max-image-preview:large","max-video-preview":"max-video-preview:-1"},"canonical":"https:\/\/blondeau.be\/fr\/produit\/kromschroder-geh-gehv-leh\/","og_locale":"fr_FR","og_type":"article","og_title":"Kromschr\u00f6der GEH - GEHV - LEH - Blondeau","og_description":"Les vannes de r\u00e9glage GEHV, GEH et LEH sont con\u00e7ues pour assurer un r\u00e9glage pr\u00e9cis des d\u00e9bits de gaz et d&rsquo;air dans les applications industrielles o\u00f9 un contr\u00f4le fin est essentiel. Elles sont propos\u00e9es dans des diam\u00e8tres de DN 8 \u00e0 DN 50, avec des raccords filet\u00e9s internes ou une combinaison de filetages internes et [&hellip;]","og_url":"https:\/\/blondeau.be\/fr\/produit\/kromschroder-geh-gehv-leh\/","og_site_name":"Blondeau","article_modified_time":"2025-09-01T14:08:57+00:00","og_image":[{"width":547,"height":465,"url":"https:\/\/blondeau.be\/wp-content\/uploads\/2025\/02\/GEH.jpg","type":"image\/jpeg"}],"twitter_card":"summary_large_image","twitter_misc":{"Dur\u00e9e de lecture estim\u00e9e":"1 minute"},"schema":{"@context":"https:\/\/schema.org","@graph":[{"@type":"WebPage","@id":"https:\/\/blondeau.be\/fr\/produit\/kromschroder-geh-gehv-leh\/","url":"https:\/\/blondeau.be\/fr\/produit\/kromschroder-geh-gehv-leh\/","name":"Kromschr\u00f6der GEH - GEHV - LEH - Blondeau","isPartOf":{"@id":"https:\/\/blondeau.be\/fr\/#website"},"primaryImageOfPage":{"@id":"https:\/\/blondeau.be\/fr\/produit\/kromschroder-geh-gehv-leh\/#primaryimage"},"image":{"@id":"https:\/\/blondeau.be\/fr\/produit\/kromschroder-geh-gehv-leh\/#primaryimage"},"thumbnailUrl":"https:\/\/blondeau.be\/wp-content\/uploads\/2025\/02\/GEH.jpg","datePublished":"2025-02-28T18:53:44+00:00","dateModified":"2025-09-01T14:08:57+00:00","breadcrumb":{"@id":"https:\/\/blondeau.be\/fr\/produit\/kromschroder-geh-gehv-leh\/#breadcrumb"},"inLanguage":"fr-FR","potentialAction":[{"@type":"ReadAction","target":["https:\/\/blondeau.be\/fr\/produit\/kromschroder-geh-gehv-leh\/"]}]},{"@type":"ImageObject","inLanguage":"fr-FR","@id":"https:\/\/blondeau.be\/fr\/produit\/kromschroder-geh-gehv-leh\/#primaryimage","url":"https:\/\/blondeau.be\/wp-content\/uploads\/2025\/02\/GEH.jpg","contentUrl":"https:\/\/blondeau.be\/wp-content\/uploads\/2025\/02\/GEH.jpg","width":547,"height":465},{"@type":"BreadcrumbList","@id":"https:\/\/blondeau.be\/fr\/produit\/kromschroder-geh-gehv-leh\/#breadcrumb","itemListElement":[{"@type":"ListItem","position":1,"name":"Home","item":"https:\/\/blondeau.be\/fr\/accueil\/"},{"@type":"ListItem","position":2,"name":"Catalogue des produits","item":"https:\/\/blondeau.be\/fr\/catalogue-des-produits\/"},{"@type":"ListItem","position":3,"name":"Kromschr\u00f6der GEH &#8211; GEHV &#8211; LEH"}]},{"@type":"WebSite","@id":"https:\/\/blondeau.be\/fr\/#website","url":"https:\/\/blondeau.be\/fr\/","name":"Blondeau","description":"Industrial Heating","publisher":{"@id":"https:\/\/blondeau.be\/fr\/#organization"},"potentialAction":[{"@type":"SearchAction","target":{"@type":"EntryPoint","urlTemplate":"https:\/\/blondeau.be\/fr\/?s={search_term_string}"},"query-input":{"@type":"PropertyValueSpecification","valueRequired":true,"valueName":"search_term_string"}}],"inLanguage":"fr-FR"},{"@type":"Organization","@id":"https:\/\/blondeau.be\/fr\/#organization","name":"Blondeau","url":"https:\/\/blondeau.be\/fr\/","logo":{"@type":"ImageObject","inLanguage":"fr-FR","@id":"https:\/\/blondeau.be\/fr\/#\/schema\/logo\/image\/","url":"https:\/\/blondeau.be\/wp-content\/uploads\/2025\/08\/Logo.jpg","contentUrl":"https:\/\/blondeau.be\/wp-content\/uploads\/2025\/08\/Logo.jpg","width":600,"height":600,"caption":"Blondeau"},"image":{"@id":"https:\/\/blondeau.be\/fr\/#\/schema\/logo\/image\/"}}]}},"_links":{"self":[{"href":"https:\/\/blondeau.be\/fr\/wp-json\/wp\/v2\/product\/28041","targetHints":{"allow":["GET"]}}],"collection":[{"href":"https:\/\/blondeau.be\/fr\/wp-json\/wp\/v2\/product"}],"about":[{"href":"https:\/\/blondeau.be\/fr\/wp-json\/wp\/v2\/types\/product"}],"wp:featuredmedia":[{"embeddable":true,"href":"https:\/\/blondeau.be\/fr\/wp-json\/wp\/v2\/media\/28046"}],"wp:attachment":[{"href":"https:\/\/blondeau.be\/fr\/wp-json\/wp\/v2\/media?parent=28041"}],"wp:term":[{"taxonomy":"product_brand","embeddable":true,"href":"https:\/\/blondeau.be\/fr\/wp-json\/wp\/v2\/product_brand?post=28041"},{"taxonomy":"product_cat","embeddable":true,"href":"https:\/\/blondeau.be\/fr\/wp-json\/wp\/v2\/product_cat?post=28041"},{"taxonomy":"product_tag","embeddable":true,"href":"https:\/\/blondeau.be\/fr\/wp-json\/wp\/v2\/product_tag?post=28041"}],"curies":[{"name":"wp","href":"https:\/\/api.w.org\/{rel}","templated":true}]}}