{"id":28040,"date":"2025-03-06T16:51:54","date_gmt":"2025-03-06T14:51:54","guid":{"rendered":"https:\/\/blondeau.be\/product\/eclipse-thermjet\/"},"modified":"2025-07-24T18:36:34","modified_gmt":"2025-07-24T16:36:34","slug":"eclipse-thermjet","status":"publish","type":"product","link":"https:\/\/blondeau.be\/fr\/produit\/eclipse-thermjet\/","title":{"rendered":"Eclipse ThermJet"},"content":{"rendered":"<p>Les <strong>br\u00fbleurs Eclipse ThermJet <\/strong>sont des br\u00fbleurs \u00e0 m\u00e9lange au nez, sp\u00e9cialement con\u00e7us pour les applications exigeant une vitesse de flamme \u00e9lev\u00e9e, une haute efficacit\u00e9 \u00e9nerg\u00e9tique et de faibles niveaux d\u2019\u00e9missions. Ils conviennent parfaitement aux fours, chambres de s\u00e9chage et autres proc\u00e9d\u00e9s thermiques utilis\u00e9s dans les industries du m\u00e9tal, du verre, de la c\u00e9ramique, ainsi que dans divers proc\u00e9d\u00e9s industriels.  . La vitesse \u00e9lev\u00e9e du gaz contribue \u00e0 une meilleure uniformit\u00e9 de la temp\u00e9rature, \u00e0 une qualit\u00e9 de produit optimis\u00e9e et am\u00e9liore l&rsquo;efficacit\u00e9 du four. Les br\u00fbleurs sont disponibles en deux versions de vitesse : haute (150\u202fm\/s) et moyenne (75\u202fm\/s), et edans14 tailles diff\u00e9rentes. Le ThermJet fonctionne aussi bien avec de l\u2019air ambiant froid qu\u2019avec de l\u2019air de combustion pr\u00e9chauff\u00e9, jusqu\u2019\u00e0 une temp\u00e9rature maximale de 400\u202f\u00b0C. Des brides de mesure int\u00e9gr\u00e9es pour le gaz et l\u2019air facilitent l\u2019installation ainsi que les r\u00e9glages. L\u2019orientation des entr\u00e9es d\u2019air et de gaz peut \u00eatre ajust\u00e9e ind\u00e9pendamment, par incr\u00e9ments de 90\u00b0.    <\/p>\n<p><strong>Caract\u00e9ristiques et avantages :<\/strong><\/p>\n<ul>\n \t<\/p>\n<li>Capacit\u00e9 de 40 kW \u00e0 5.280 kW<\/li>\n<li>Plage de r\u00e9gulation jusqu \u00ab \u00e0 10:1 (st\u0153chiom\u00e9trique) et jusqu \u00bb \u00e0 50:1 (avec un d\u00e9bit d&rsquo;air fixe)<\/li>\n<li>Temp\u00e9rature maximale du processus : 1540\u00b0C<\/li>\n<li>Ex\u00e9cution \u00e0 vitesse \u00e9lev\u00e9e ou moyenne<\/li>\n<li>Air pr\u00e9chauff\u00e9 jusqu&rsquo;\u00e0 400\u00b0C<\/li>\n<li>Combustible : gaz naturel, propane, butane et gaz \u00e0 faible teneur en calories<\/li>\n<\/ul>\n<p><strong>Documentation :<\/strong><\/p>\n","protected":false},"excerpt":{"rendered":"<p>Les br\u00fbleurs Eclipse ThermJet sont des br\u00fbleurs \u00e0 m\u00e9lange au nez, sp\u00e9cialement con\u00e7us pour les applications exigeant une vitesse de flamme \u00e9lev\u00e9e, une haute efficacit\u00e9 \u00e9nerg\u00e9tique et de faibles niveaux d\u2019\u00e9missions. Ils conviennent parfaitement aux fours, chambres de s\u00e9chage et autres proc\u00e9d\u00e9s thermiques utilis\u00e9s dans les industries du m\u00e9tal, du verre, de la c\u00e9ramique, ainsi [&hellip;]<\/p>\n","protected":false},"featured_media":28042,"template":"","meta":{"_acf_changed":false},"product_brand":[],"product_cat":[365],"product_tag":[366],"class_list":{"0":"post-28040","1":"product","2":"type-product","3":"status-publish","4":"has-post-thumbnail","6":"product_cat-bruleurs","7":"product_tag-bruleurs-melange","9":"first","10":"instock","11":"taxable","12":"shipping-taxable","13":"product-type-simple"},"acf":[],"yoast_head":"<!-- This site is optimized with the Yoast SEO plugin v26.8 - https:\/\/yoast.com\/product\/yoast-seo-wordpress\/ -->\n<title>Eclipse ThermJet - Blondeau<\/title>\n<meta name=\"robots\" content=\"index, follow, max-snippet:-1, max-image-preview:large, max-video-preview:-1\" \/>\n<link rel=\"canonical\" href=\"https:\/\/blondeau.be\/fr\/produit\/eclipse-thermjet\/\" \/>\n<meta property=\"og:locale\" content=\"fr_FR\" \/>\n<meta property=\"og:type\" content=\"article\" \/>\n<meta property=\"og:title\" content=\"Eclipse ThermJet - Blondeau\" \/>\n<meta property=\"og:description\" content=\"Les br\u00fbleurs Eclipse ThermJet sont des br\u00fbleurs \u00e0 m\u00e9lange au nez, sp\u00e9cialement con\u00e7us pour les applications exigeant une vitesse de flamme \u00e9lev\u00e9e, une haute efficacit\u00e9 \u00e9nerg\u00e9tique et de faibles niveaux d\u2019\u00e9missions. Ils conviennent parfaitement aux fours, chambres de s\u00e9chage et autres proc\u00e9d\u00e9s thermiques utilis\u00e9s dans les industries du m\u00e9tal, du verre, de la c\u00e9ramique, ainsi [&hellip;]\" \/>\n<meta property=\"og:url\" content=\"https:\/\/blondeau.be\/fr\/produit\/eclipse-thermjet\/\" \/>\n<meta property=\"og:site_name\" content=\"Blondeau\" \/>\n<meta property=\"article:modified_time\" content=\"2025-07-24T16:36:34+00:00\" \/>\n<meta property=\"og:image\" content=\"https:\/\/blondeau.be\/wp-content\/uploads\/2025\/03\/ThermJet-1-1.jpg\" \/>\n\t<meta property=\"og:image:width\" content=\"646\" \/>\n\t<meta property=\"og:image:height\" content=\"366\" \/>\n\t<meta property=\"og:image:type\" content=\"image\/jpeg\" \/>\n<meta name=\"twitter:card\" content=\"summary_large_image\" \/>\n<meta name=\"twitter:label1\" content=\"Dur\u00e9e de lecture estim\u00e9e\" \/>\n\t<meta name=\"twitter:data1\" content=\"1 minute\" \/>\n<script type=\"application\/ld+json\" class=\"yoast-schema-graph\">{\"@context\":\"https:\/\/schema.org\",\"@graph\":[{\"@type\":\"WebPage\",\"@id\":\"https:\/\/blondeau.be\/fr\/produit\/eclipse-thermjet\/\",\"url\":\"https:\/\/blondeau.be\/fr\/produit\/eclipse-thermjet\/\",\"name\":\"Eclipse ThermJet - Blondeau\",\"isPartOf\":{\"@id\":\"https:\/\/blondeau.be\/fr\/#website\"},\"primaryImageOfPage\":{\"@id\":\"https:\/\/blondeau.be\/fr\/produit\/eclipse-thermjet\/#primaryimage\"},\"image\":{\"@id\":\"https:\/\/blondeau.be\/fr\/produit\/eclipse-thermjet\/#primaryimage\"},\"thumbnailUrl\":\"https:\/\/blondeau.be\/wp-content\/uploads\/2025\/03\/ThermJet-1-1.jpg\",\"datePublished\":\"2025-03-06T14:51:54+00:00\",\"dateModified\":\"2025-07-24T16:36:34+00:00\",\"breadcrumb\":{\"@id\":\"https:\/\/blondeau.be\/fr\/produit\/eclipse-thermjet\/#breadcrumb\"},\"inLanguage\":\"fr-FR\",\"potentialAction\":[{\"@type\":\"ReadAction\",\"target\":[\"https:\/\/blondeau.be\/fr\/produit\/eclipse-thermjet\/\"]}]},{\"@type\":\"ImageObject\",\"inLanguage\":\"fr-FR\",\"@id\":\"https:\/\/blondeau.be\/fr\/produit\/eclipse-thermjet\/#primaryimage\",\"url\":\"https:\/\/blondeau.be\/wp-content\/uploads\/2025\/03\/ThermJet-1-1.jpg\",\"contentUrl\":\"https:\/\/blondeau.be\/wp-content\/uploads\/2025\/03\/ThermJet-1-1.jpg\",\"width\":646,\"height\":366},{\"@type\":\"BreadcrumbList\",\"@id\":\"https:\/\/blondeau.be\/fr\/produit\/eclipse-thermjet\/#breadcrumb\",\"itemListElement\":[{\"@type\":\"ListItem\",\"position\":1,\"name\":\"Home\",\"item\":\"https:\/\/blondeau.be\/fr\/accueil\/\"},{\"@type\":\"ListItem\",\"position\":2,\"name\":\"Catalogue des produits\",\"item\":\"https:\/\/blondeau.be\/fr\/catalogue-des-produits\/\"},{\"@type\":\"ListItem\",\"position\":3,\"name\":\"Eclipse ThermJet\"}]},{\"@type\":\"WebSite\",\"@id\":\"https:\/\/blondeau.be\/fr\/#website\",\"url\":\"https:\/\/blondeau.be\/fr\/\",\"name\":\"Blondeau\",\"description\":\"Industrial Heating\",\"publisher\":{\"@id\":\"https:\/\/blondeau.be\/fr\/#organization\"},\"potentialAction\":[{\"@type\":\"SearchAction\",\"target\":{\"@type\":\"EntryPoint\",\"urlTemplate\":\"https:\/\/blondeau.be\/fr\/?s={search_term_string}\"},\"query-input\":{\"@type\":\"PropertyValueSpecification\",\"valueRequired\":true,\"valueName\":\"search_term_string\"}}],\"inLanguage\":\"fr-FR\"},{\"@type\":\"Organization\",\"@id\":\"https:\/\/blondeau.be\/fr\/#organization\",\"name\":\"Blondeau\",\"url\":\"https:\/\/blondeau.be\/fr\/\",\"logo\":{\"@type\":\"ImageObject\",\"inLanguage\":\"fr-FR\",\"@id\":\"https:\/\/blondeau.be\/fr\/#\/schema\/logo\/image\/\",\"url\":\"https:\/\/blondeau.be\/wp-content\/uploads\/2025\/08\/Logo.jpg\",\"contentUrl\":\"https:\/\/blondeau.be\/wp-content\/uploads\/2025\/08\/Logo.jpg\",\"width\":600,\"height\":600,\"caption\":\"Blondeau\"},\"image\":{\"@id\":\"https:\/\/blondeau.be\/fr\/#\/schema\/logo\/image\/\"}}]}<\/script>\n<!-- \/ Yoast SEO plugin. -->","yoast_head_json":{"title":"Eclipse ThermJet - Blondeau","robots":{"index":"index","follow":"follow","max-snippet":"max-snippet:-1","max-image-preview":"max-image-preview:large","max-video-preview":"max-video-preview:-1"},"canonical":"https:\/\/blondeau.be\/fr\/produit\/eclipse-thermjet\/","og_locale":"fr_FR","og_type":"article","og_title":"Eclipse ThermJet - Blondeau","og_description":"Les br\u00fbleurs Eclipse ThermJet sont des br\u00fbleurs \u00e0 m\u00e9lange au nez, sp\u00e9cialement con\u00e7us pour les applications exigeant une vitesse de flamme \u00e9lev\u00e9e, une haute efficacit\u00e9 \u00e9nerg\u00e9tique et de faibles niveaux d\u2019\u00e9missions. Ils conviennent parfaitement aux fours, chambres de s\u00e9chage et autres proc\u00e9d\u00e9s thermiques utilis\u00e9s dans les industries du m\u00e9tal, du verre, de la c\u00e9ramique, ainsi [&hellip;]","og_url":"https:\/\/blondeau.be\/fr\/produit\/eclipse-thermjet\/","og_site_name":"Blondeau","article_modified_time":"2025-07-24T16:36:34+00:00","og_image":[{"width":646,"height":366,"url":"https:\/\/blondeau.be\/wp-content\/uploads\/2025\/03\/ThermJet-1-1.jpg","type":"image\/jpeg"}],"twitter_card":"summary_large_image","twitter_misc":{"Dur\u00e9e de lecture estim\u00e9e":"1 minute"},"schema":{"@context":"https:\/\/schema.org","@graph":[{"@type":"WebPage","@id":"https:\/\/blondeau.be\/fr\/produit\/eclipse-thermjet\/","url":"https:\/\/blondeau.be\/fr\/produit\/eclipse-thermjet\/","name":"Eclipse ThermJet - Blondeau","isPartOf":{"@id":"https:\/\/blondeau.be\/fr\/#website"},"primaryImageOfPage":{"@id":"https:\/\/blondeau.be\/fr\/produit\/eclipse-thermjet\/#primaryimage"},"image":{"@id":"https:\/\/blondeau.be\/fr\/produit\/eclipse-thermjet\/#primaryimage"},"thumbnailUrl":"https:\/\/blondeau.be\/wp-content\/uploads\/2025\/03\/ThermJet-1-1.jpg","datePublished":"2025-03-06T14:51:54+00:00","dateModified":"2025-07-24T16:36:34+00:00","breadcrumb":{"@id":"https:\/\/blondeau.be\/fr\/produit\/eclipse-thermjet\/#breadcrumb"},"inLanguage":"fr-FR","potentialAction":[{"@type":"ReadAction","target":["https:\/\/blondeau.be\/fr\/produit\/eclipse-thermjet\/"]}]},{"@type":"ImageObject","inLanguage":"fr-FR","@id":"https:\/\/blondeau.be\/fr\/produit\/eclipse-thermjet\/#primaryimage","url":"https:\/\/blondeau.be\/wp-content\/uploads\/2025\/03\/ThermJet-1-1.jpg","contentUrl":"https:\/\/blondeau.be\/wp-content\/uploads\/2025\/03\/ThermJet-1-1.jpg","width":646,"height":366},{"@type":"BreadcrumbList","@id":"https:\/\/blondeau.be\/fr\/produit\/eclipse-thermjet\/#breadcrumb","itemListElement":[{"@type":"ListItem","position":1,"name":"Home","item":"https:\/\/blondeau.be\/fr\/accueil\/"},{"@type":"ListItem","position":2,"name":"Catalogue des produits","item":"https:\/\/blondeau.be\/fr\/catalogue-des-produits\/"},{"@type":"ListItem","position":3,"name":"Eclipse ThermJet"}]},{"@type":"WebSite","@id":"https:\/\/blondeau.be\/fr\/#website","url":"https:\/\/blondeau.be\/fr\/","name":"Blondeau","description":"Industrial Heating","publisher":{"@id":"https:\/\/blondeau.be\/fr\/#organization"},"potentialAction":[{"@type":"SearchAction","target":{"@type":"EntryPoint","urlTemplate":"https:\/\/blondeau.be\/fr\/?s={search_term_string}"},"query-input":{"@type":"PropertyValueSpecification","valueRequired":true,"valueName":"search_term_string"}}],"inLanguage":"fr-FR"},{"@type":"Organization","@id":"https:\/\/blondeau.be\/fr\/#organization","name":"Blondeau","url":"https:\/\/blondeau.be\/fr\/","logo":{"@type":"ImageObject","inLanguage":"fr-FR","@id":"https:\/\/blondeau.be\/fr\/#\/schema\/logo\/image\/","url":"https:\/\/blondeau.be\/wp-content\/uploads\/2025\/08\/Logo.jpg","contentUrl":"https:\/\/blondeau.be\/wp-content\/uploads\/2025\/08\/Logo.jpg","width":600,"height":600,"caption":"Blondeau"},"image":{"@id":"https:\/\/blondeau.be\/fr\/#\/schema\/logo\/image\/"}}]}},"_links":{"self":[{"href":"https:\/\/blondeau.be\/fr\/wp-json\/wp\/v2\/product\/28040","targetHints":{"allow":["GET"]}}],"collection":[{"href":"https:\/\/blondeau.be\/fr\/wp-json\/wp\/v2\/product"}],"about":[{"href":"https:\/\/blondeau.be\/fr\/wp-json\/wp\/v2\/types\/product"}],"wp:featuredmedia":[{"embeddable":true,"href":"https:\/\/blondeau.be\/fr\/wp-json\/wp\/v2\/media\/28042"}],"wp:attachment":[{"href":"https:\/\/blondeau.be\/fr\/wp-json\/wp\/v2\/media?parent=28040"}],"wp:term":[{"taxonomy":"product_brand","embeddable":true,"href":"https:\/\/blondeau.be\/fr\/wp-json\/wp\/v2\/product_brand?post=28040"},{"taxonomy":"product_cat","embeddable":true,"href":"https:\/\/blondeau.be\/fr\/wp-json\/wp\/v2\/product_cat?post=28040"},{"taxonomy":"product_tag","embeddable":true,"href":"https:\/\/blondeau.be\/fr\/wp-json\/wp\/v2\/product_tag?post=28040"}],"curies":[{"name":"wp","href":"https:\/\/api.w.org\/{rel}","templated":true}]}}