{"id":28026,"date":"2025-03-04T19:47:46","date_gmt":"2025-03-04T17:47:46","guid":{"rendered":"https:\/\/blondeau.be\/product\/kromschroder-dkr-idr\/"},"modified":"2025-09-02T12:16:01","modified_gmt":"2025-09-02T10:16:01","slug":"kromschroder-dkr-idr","status":"publish","type":"product","link":"https:\/\/blondeau.be\/fr\/produit\/kromschroder-dkr-idr\/","title":{"rendered":"Kromschr\u00f6der DKR-IDR"},"content":{"rendered":"<p class=\"whitespace-normal break-words\">La vanne papillon <strong>DKR <\/strong>de Kromschr\u00f6der est d\u00e9velopp\u00e9e pour la r\u00e9gulation des d\u00e9bits d&rsquo;air et de gaz de combustion \u00e0 temp\u00e9ratures \u00e9lev\u00e9es dans diverses applications industrielles. Cette vanne de r\u00e9gulation se distingue par sa facilit\u00e9 d&rsquo;installation entre brides normalis\u00e9es et est con\u00e7ue pour un fonctionnement en service intermittent, avec une construction robuste garantissant une dur\u00e9e de vie op\u00e9rationnelle prolong\u00e9e. <\/p>\n<p class=\"whitespace-normal break-words\">La configuration <strong>IDR<\/strong> constitue un ensemble pr\u00e9assembl\u00e9 en usine associant la vanne papillon DKR \u00e0 un actionneur IC 50. Cette solution cl\u00e9 en main est sp\u00e9cifi\u00e9e pour les applications \u00e0 couple \u00e9lev\u00e9 n\u00e9cessitant jusqu&rsquo;\u00e0 30 Nm et assure une modulation pr\u00e9cise des d\u00e9bits d&rsquo;air et de gaz de combustion. Le positionnement de l&rsquo;actionneur par rapport \u00e0 la vanne papillon s&rsquo;effectue au moyen d&rsquo;accessoires de montage sp\u00e9cifiques \u00e0 l&rsquo;application, permettant une configuration optimale selon les exigences op\u00e9rationnelles.  <\/p>\n<p>&nbsp;<\/p>\n<p data-start=\"0\" data-end=\"455\"><strong>Caract\u00e9ristiques et avantages :<\/strong><\/p>\n<p>&nbsp;<\/p>\n<ul>\n<li>DN : 15 \u00e0 500, pour installation entre deux brides<\/li>\n<li>Max. 300 mbar<\/li>\n<li>Plage de contr\u00f4le : 1:10<\/li>\n<li>Avec r\u00e9glage manuel ou bout d&rsquo;arbre libre<\/li>\n<li>Temp\u00e9rature maximale du milieu : -20 \u00e0 650\u00b0C (selon le mod\u00e8le)<\/li>\n<li>Possibilit\u00e9 d&rsquo;utilisation avec r\u00e9glage manuel<\/li>\n<\/ul>\n<p><strong>Documentation :<\/strong><\/p>\n","protected":false},"excerpt":{"rendered":"<p>La vanne papillon DKR de Kromschr\u00f6der est d\u00e9velopp\u00e9e pour la r\u00e9gulation des d\u00e9bits d&rsquo;air et de gaz de combustion \u00e0 temp\u00e9ratures \u00e9lev\u00e9es dans diverses applications industrielles. Cette vanne de r\u00e9gulation se distingue par sa facilit\u00e9 d&rsquo;installation entre brides normalis\u00e9es et est con\u00e7ue pour un fonctionnement en service intermittent, avec une construction robuste garantissant une dur\u00e9e [&hellip;]<\/p>\n","protected":false},"featured_media":28027,"template":"","meta":{"_acf_changed":false},"product_brand":[],"product_cat":[388],"product_tag":[362],"class_list":{"0":"post-28026","1":"product","2":"type-product","3":"status-publish","4":"has-post-thumbnail","6":"product_cat-vannes-de-controle-fr","7":"product_tag-vannes-de-controle","9":"first","10":"instock","11":"taxable","12":"shipping-taxable","13":"product-type-simple"},"acf":[],"yoast_head":"<!-- This site is optimized with the Yoast SEO plugin v26.8 - https:\/\/yoast.com\/product\/yoast-seo-wordpress\/ -->\n<title>Kromschr\u00f6der DKR-IDR - Blondeau<\/title>\n<meta name=\"robots\" content=\"index, follow, max-snippet:-1, max-image-preview:large, max-video-preview:-1\" \/>\n<link rel=\"canonical\" href=\"https:\/\/blondeau.be\/fr\/produit\/kromschroder-dkr-idr\/\" \/>\n<meta property=\"og:locale\" content=\"fr_FR\" \/>\n<meta property=\"og:type\" content=\"article\" \/>\n<meta property=\"og:title\" content=\"Kromschr\u00f6der DKR-IDR - Blondeau\" \/>\n<meta property=\"og:description\" content=\"La vanne papillon DKR de Kromschr\u00f6der est d\u00e9velopp\u00e9e pour la r\u00e9gulation des d\u00e9bits d&rsquo;air et de gaz de combustion \u00e0 temp\u00e9ratures \u00e9lev\u00e9es dans diverses applications industrielles. Cette vanne de r\u00e9gulation se distingue par sa facilit\u00e9 d&rsquo;installation entre brides normalis\u00e9es et est con\u00e7ue pour un fonctionnement en service intermittent, avec une construction robuste garantissant une dur\u00e9e [&hellip;]\" \/>\n<meta property=\"og:url\" content=\"https:\/\/blondeau.be\/fr\/produit\/kromschroder-dkr-idr\/\" \/>\n<meta property=\"og:site_name\" content=\"Blondeau\" \/>\n<meta property=\"article:modified_time\" content=\"2025-09-02T10:16:01+00:00\" \/>\n<meta property=\"og:image\" content=\"https:\/\/blondeau.be\/wp-content\/uploads\/2025\/03\/DKR.jpg\" \/>\n\t<meta property=\"og:image:width\" content=\"545\" \/>\n\t<meta property=\"og:image:height\" content=\"477\" \/>\n\t<meta property=\"og:image:type\" content=\"image\/jpeg\" \/>\n<meta name=\"twitter:card\" content=\"summary_large_image\" \/>\n<meta name=\"twitter:label1\" content=\"Dur\u00e9e de lecture estim\u00e9e\" \/>\n\t<meta name=\"twitter:data1\" content=\"1 minute\" \/>\n<script type=\"application\/ld+json\" class=\"yoast-schema-graph\">{\"@context\":\"https:\/\/schema.org\",\"@graph\":[{\"@type\":\"WebPage\",\"@id\":\"https:\/\/blondeau.be\/fr\/produit\/kromschroder-dkr-idr\/\",\"url\":\"https:\/\/blondeau.be\/fr\/produit\/kromschroder-dkr-idr\/\",\"name\":\"Kromschr\u00f6der DKR-IDR - Blondeau\",\"isPartOf\":{\"@id\":\"https:\/\/blondeau.be\/fr\/#website\"},\"primaryImageOfPage\":{\"@id\":\"https:\/\/blondeau.be\/fr\/produit\/kromschroder-dkr-idr\/#primaryimage\"},\"image\":{\"@id\":\"https:\/\/blondeau.be\/fr\/produit\/kromschroder-dkr-idr\/#primaryimage\"},\"thumbnailUrl\":\"https:\/\/blondeau.be\/wp-content\/uploads\/2025\/03\/DKR.jpg\",\"datePublished\":\"2025-03-04T17:47:46+00:00\",\"dateModified\":\"2025-09-02T10:16:01+00:00\",\"breadcrumb\":{\"@id\":\"https:\/\/blondeau.be\/fr\/produit\/kromschroder-dkr-idr\/#breadcrumb\"},\"inLanguage\":\"fr-FR\",\"potentialAction\":[{\"@type\":\"ReadAction\",\"target\":[\"https:\/\/blondeau.be\/fr\/produit\/kromschroder-dkr-idr\/\"]}]},{\"@type\":\"ImageObject\",\"inLanguage\":\"fr-FR\",\"@id\":\"https:\/\/blondeau.be\/fr\/produit\/kromschroder-dkr-idr\/#primaryimage\",\"url\":\"https:\/\/blondeau.be\/wp-content\/uploads\/2025\/03\/DKR.jpg\",\"contentUrl\":\"https:\/\/blondeau.be\/wp-content\/uploads\/2025\/03\/DKR.jpg\",\"width\":545,\"height\":477},{\"@type\":\"BreadcrumbList\",\"@id\":\"https:\/\/blondeau.be\/fr\/produit\/kromschroder-dkr-idr\/#breadcrumb\",\"itemListElement\":[{\"@type\":\"ListItem\",\"position\":1,\"name\":\"Home\",\"item\":\"https:\/\/blondeau.be\/fr\/accueil\/\"},{\"@type\":\"ListItem\",\"position\":2,\"name\":\"Catalogue des produits\",\"item\":\"https:\/\/blondeau.be\/fr\/catalogue-des-produits\/\"},{\"@type\":\"ListItem\",\"position\":3,\"name\":\"Kromschr\u00f6der DKR-IDR\"}]},{\"@type\":\"WebSite\",\"@id\":\"https:\/\/blondeau.be\/fr\/#website\",\"url\":\"https:\/\/blondeau.be\/fr\/\",\"name\":\"Blondeau\",\"description\":\"Industrial Heating\",\"publisher\":{\"@id\":\"https:\/\/blondeau.be\/fr\/#organization\"},\"potentialAction\":[{\"@type\":\"SearchAction\",\"target\":{\"@type\":\"EntryPoint\",\"urlTemplate\":\"https:\/\/blondeau.be\/fr\/?s={search_term_string}\"},\"query-input\":{\"@type\":\"PropertyValueSpecification\",\"valueRequired\":true,\"valueName\":\"search_term_string\"}}],\"inLanguage\":\"fr-FR\"},{\"@type\":\"Organization\",\"@id\":\"https:\/\/blondeau.be\/fr\/#organization\",\"name\":\"Blondeau\",\"url\":\"https:\/\/blondeau.be\/fr\/\",\"logo\":{\"@type\":\"ImageObject\",\"inLanguage\":\"fr-FR\",\"@id\":\"https:\/\/blondeau.be\/fr\/#\/schema\/logo\/image\/\",\"url\":\"https:\/\/blondeau.be\/wp-content\/uploads\/2025\/08\/Logo.jpg\",\"contentUrl\":\"https:\/\/blondeau.be\/wp-content\/uploads\/2025\/08\/Logo.jpg\",\"width\":600,\"height\":600,\"caption\":\"Blondeau\"},\"image\":{\"@id\":\"https:\/\/blondeau.be\/fr\/#\/schema\/logo\/image\/\"}}]}<\/script>\n<!-- \/ Yoast SEO plugin. -->","yoast_head_json":{"title":"Kromschr\u00f6der DKR-IDR - Blondeau","robots":{"index":"index","follow":"follow","max-snippet":"max-snippet:-1","max-image-preview":"max-image-preview:large","max-video-preview":"max-video-preview:-1"},"canonical":"https:\/\/blondeau.be\/fr\/produit\/kromschroder-dkr-idr\/","og_locale":"fr_FR","og_type":"article","og_title":"Kromschr\u00f6der DKR-IDR - Blondeau","og_description":"La vanne papillon DKR de Kromschr\u00f6der est d\u00e9velopp\u00e9e pour la r\u00e9gulation des d\u00e9bits d&rsquo;air et de gaz de combustion \u00e0 temp\u00e9ratures \u00e9lev\u00e9es dans diverses applications industrielles. Cette vanne de r\u00e9gulation se distingue par sa facilit\u00e9 d&rsquo;installation entre brides normalis\u00e9es et est con\u00e7ue pour un fonctionnement en service intermittent, avec une construction robuste garantissant une dur\u00e9e [&hellip;]","og_url":"https:\/\/blondeau.be\/fr\/produit\/kromschroder-dkr-idr\/","og_site_name":"Blondeau","article_modified_time":"2025-09-02T10:16:01+00:00","og_image":[{"width":545,"height":477,"url":"https:\/\/blondeau.be\/wp-content\/uploads\/2025\/03\/DKR.jpg","type":"image\/jpeg"}],"twitter_card":"summary_large_image","twitter_misc":{"Dur\u00e9e de lecture estim\u00e9e":"1 minute"},"schema":{"@context":"https:\/\/schema.org","@graph":[{"@type":"WebPage","@id":"https:\/\/blondeau.be\/fr\/produit\/kromschroder-dkr-idr\/","url":"https:\/\/blondeau.be\/fr\/produit\/kromschroder-dkr-idr\/","name":"Kromschr\u00f6der DKR-IDR - Blondeau","isPartOf":{"@id":"https:\/\/blondeau.be\/fr\/#website"},"primaryImageOfPage":{"@id":"https:\/\/blondeau.be\/fr\/produit\/kromschroder-dkr-idr\/#primaryimage"},"image":{"@id":"https:\/\/blondeau.be\/fr\/produit\/kromschroder-dkr-idr\/#primaryimage"},"thumbnailUrl":"https:\/\/blondeau.be\/wp-content\/uploads\/2025\/03\/DKR.jpg","datePublished":"2025-03-04T17:47:46+00:00","dateModified":"2025-09-02T10:16:01+00:00","breadcrumb":{"@id":"https:\/\/blondeau.be\/fr\/produit\/kromschroder-dkr-idr\/#breadcrumb"},"inLanguage":"fr-FR","potentialAction":[{"@type":"ReadAction","target":["https:\/\/blondeau.be\/fr\/produit\/kromschroder-dkr-idr\/"]}]},{"@type":"ImageObject","inLanguage":"fr-FR","@id":"https:\/\/blondeau.be\/fr\/produit\/kromschroder-dkr-idr\/#primaryimage","url":"https:\/\/blondeau.be\/wp-content\/uploads\/2025\/03\/DKR.jpg","contentUrl":"https:\/\/blondeau.be\/wp-content\/uploads\/2025\/03\/DKR.jpg","width":545,"height":477},{"@type":"BreadcrumbList","@id":"https:\/\/blondeau.be\/fr\/produit\/kromschroder-dkr-idr\/#breadcrumb","itemListElement":[{"@type":"ListItem","position":1,"name":"Home","item":"https:\/\/blondeau.be\/fr\/accueil\/"},{"@type":"ListItem","position":2,"name":"Catalogue des produits","item":"https:\/\/blondeau.be\/fr\/catalogue-des-produits\/"},{"@type":"ListItem","position":3,"name":"Kromschr\u00f6der DKR-IDR"}]},{"@type":"WebSite","@id":"https:\/\/blondeau.be\/fr\/#website","url":"https:\/\/blondeau.be\/fr\/","name":"Blondeau","description":"Industrial Heating","publisher":{"@id":"https:\/\/blondeau.be\/fr\/#organization"},"potentialAction":[{"@type":"SearchAction","target":{"@type":"EntryPoint","urlTemplate":"https:\/\/blondeau.be\/fr\/?s={search_term_string}"},"query-input":{"@type":"PropertyValueSpecification","valueRequired":true,"valueName":"search_term_string"}}],"inLanguage":"fr-FR"},{"@type":"Organization","@id":"https:\/\/blondeau.be\/fr\/#organization","name":"Blondeau","url":"https:\/\/blondeau.be\/fr\/","logo":{"@type":"ImageObject","inLanguage":"fr-FR","@id":"https:\/\/blondeau.be\/fr\/#\/schema\/logo\/image\/","url":"https:\/\/blondeau.be\/wp-content\/uploads\/2025\/08\/Logo.jpg","contentUrl":"https:\/\/blondeau.be\/wp-content\/uploads\/2025\/08\/Logo.jpg","width":600,"height":600,"caption":"Blondeau"},"image":{"@id":"https:\/\/blondeau.be\/fr\/#\/schema\/logo\/image\/"}}]}},"_links":{"self":[{"href":"https:\/\/blondeau.be\/fr\/wp-json\/wp\/v2\/product\/28026","targetHints":{"allow":["GET"]}}],"collection":[{"href":"https:\/\/blondeau.be\/fr\/wp-json\/wp\/v2\/product"}],"about":[{"href":"https:\/\/blondeau.be\/fr\/wp-json\/wp\/v2\/types\/product"}],"wp:featuredmedia":[{"embeddable":true,"href":"https:\/\/blondeau.be\/fr\/wp-json\/wp\/v2\/media\/28027"}],"wp:attachment":[{"href":"https:\/\/blondeau.be\/fr\/wp-json\/wp\/v2\/media?parent=28026"}],"wp:term":[{"taxonomy":"product_brand","embeddable":true,"href":"https:\/\/blondeau.be\/fr\/wp-json\/wp\/v2\/product_brand?post=28026"},{"taxonomy":"product_cat","embeddable":true,"href":"https:\/\/blondeau.be\/fr\/wp-json\/wp\/v2\/product_cat?post=28026"},{"taxonomy":"product_tag","embeddable":true,"href":"https:\/\/blondeau.be\/fr\/wp-json\/wp\/v2\/product_tag?post=28026"}],"curies":[{"name":"wp","href":"https:\/\/api.w.org\/{rel}","templated":true}]}}