{"id":28018,"date":"2025-02-25T18:10:32","date_gmt":"2025-02-25T16:10:32","guid":{"rendered":"https:\/\/blondeau.be\/product\/kromschroder-zkih\/"},"modified":"2025-09-01T15:50:14","modified_gmt":"2025-09-01T13:50:14","slug":"kromschroder-zkih","status":"publish","type":"product","link":"https:\/\/blondeau.be\/fr\/produit\/kromschroder-zkih\/","title":{"rendered":"Kromschr\u00f6der ZKIH"},"content":{"rendered":"<p>Le <strong data-start=\"128\" data-end=\"149\">ZKIH <\/strong>de Kromschr\u00f6der est un br\u00fbleur pilote robuste \u00e0 air forc\u00e9, con\u00e7u pour garantir un allumage s\u00fbr des br\u00fbleurs \u00e0 gaz dans les fours industriels et les syst\u00e8mes de combustion. R\u00e9gl\u00e9 par d\u00e9faut pour le gaz naturel, il peut \u00eatre facilement adapt\u00e9 pour fonctionner au GPL ou au gaz de ville. Le ZKIH assure un allumage \u00e9lectrique fiable via une \u00e9lectrode d\u2019allumage distincte, ainsi qu\u2019un contr\u00f4le s\u00e9curis\u00e9 de la flamme gr\u00e2ce \u00e0 une \u00e9lectrode d\u2019ionisation. Sa conception compacte et ses diff\u00e9rentes longueurs disponibles permettent une int\u00e9gration flexible dans un large \u00e9ventail d\u2019installations. Pour les applications n\u00e9cessitant des br\u00fbleurs \u00e0 grande vitesse, la version <strong data-start=\"761\" data-end=\"778\">ZKIHB <\/strong>est \u00e9galement disponible.    <\/p>\n<p><strong>Caract\u00e9ristiques et avantages :<\/strong><\/p>\n<ul>\n<li>Puissance de 2 \u00e0 7 kW<\/li>\n<li>Convient pour le gaz naturel, le gaz de ville ou le GPL<\/li>\n<li>La longueur du tube du br\u00fbleur varie entre 150 et 1000\u202fmm, avec un raccordement filet\u00e9 et un bo\u00eetier \u00e9tanche aux \u00e9claboussures.<\/li>\n<li>Utilisation flexible, y compris en tant que br\u00fbleur ind\u00e9pendant<\/li>\n<li>Entretien facile gr\u00e2ce \u00e0 une conception simple<\/li>\n<\/ul>\n<p><strong>Documentation :<\/strong><\/p>\n","protected":false},"excerpt":{"rendered":"<p>Le ZKIH de Kromschr\u00f6der est un br\u00fbleur pilote robuste \u00e0 air forc\u00e9, con\u00e7u pour garantir un allumage s\u00fbr des br\u00fbleurs \u00e0 gaz dans les fours industriels et les syst\u00e8mes de combustion. R\u00e9gl\u00e9 par d\u00e9faut pour le gaz naturel, il peut \u00eatre facilement adapt\u00e9 pour fonctionner au GPL ou au gaz de ville. Le ZKIH assure [&hellip;]<\/p>\n","protected":false},"featured_media":28019,"template":"","meta":{"_acf_changed":false},"product_brand":[],"product_cat":[385],"product_tag":[386],"class_list":{"0":"post-28018","1":"product","2":"type-product","3":"status-publish","4":"has-post-thumbnail","6":"product_cat-bruleurs-pilotes","7":"product_tag-bruleurs-pilotes","9":"first","10":"instock","11":"taxable","12":"shipping-taxable","13":"product-type-simple"},"acf":[],"yoast_head":"<!-- This site is optimized with the Yoast SEO plugin v26.8 - https:\/\/yoast.com\/product\/yoast-seo-wordpress\/ -->\n<title>Kromschr\u00f6der ZKIH - Blondeau<\/title>\n<meta name=\"robots\" content=\"index, follow, max-snippet:-1, max-image-preview:large, max-video-preview:-1\" \/>\n<link rel=\"canonical\" href=\"https:\/\/blondeau.be\/fr\/produit\/kromschroder-zkih\/\" \/>\n<meta property=\"og:locale\" content=\"fr_FR\" \/>\n<meta property=\"og:type\" content=\"article\" \/>\n<meta property=\"og:title\" content=\"Kromschr\u00f6der ZKIH - Blondeau\" \/>\n<meta property=\"og:description\" content=\"Le ZKIH de Kromschr\u00f6der est un br\u00fbleur pilote robuste \u00e0 air forc\u00e9, con\u00e7u pour garantir un allumage s\u00fbr des br\u00fbleurs \u00e0 gaz dans les fours industriels et les syst\u00e8mes de combustion. R\u00e9gl\u00e9 par d\u00e9faut pour le gaz naturel, il peut \u00eatre facilement adapt\u00e9 pour fonctionner au GPL ou au gaz de ville. Le ZKIH assure [&hellip;]\" \/>\n<meta property=\"og:url\" content=\"https:\/\/blondeau.be\/fr\/produit\/kromschroder-zkih\/\" \/>\n<meta property=\"og:site_name\" content=\"Blondeau\" \/>\n<meta property=\"article:modified_time\" content=\"2025-09-01T13:50:14+00:00\" \/>\n<meta property=\"og:image\" content=\"https:\/\/blondeau.be\/wp-content\/uploads\/2025\/02\/ZKIH-1.jpg\" \/>\n\t<meta property=\"og:image:width\" content=\"645\" \/>\n\t<meta property=\"og:image:height\" content=\"376\" \/>\n\t<meta property=\"og:image:type\" content=\"image\/jpeg\" \/>\n<meta name=\"twitter:card\" content=\"summary_large_image\" \/>\n<meta name=\"twitter:label1\" content=\"Dur\u00e9e de lecture estim\u00e9e\" \/>\n\t<meta name=\"twitter:data1\" content=\"1 minute\" \/>\n<script type=\"application\/ld+json\" class=\"yoast-schema-graph\">{\"@context\":\"https:\/\/schema.org\",\"@graph\":[{\"@type\":\"WebPage\",\"@id\":\"https:\/\/blondeau.be\/fr\/produit\/kromschroder-zkih\/\",\"url\":\"https:\/\/blondeau.be\/fr\/produit\/kromschroder-zkih\/\",\"name\":\"Kromschr\u00f6der ZKIH - Blondeau\",\"isPartOf\":{\"@id\":\"https:\/\/blondeau.be\/fr\/#website\"},\"primaryImageOfPage\":{\"@id\":\"https:\/\/blondeau.be\/fr\/produit\/kromschroder-zkih\/#primaryimage\"},\"image\":{\"@id\":\"https:\/\/blondeau.be\/fr\/produit\/kromschroder-zkih\/#primaryimage\"},\"thumbnailUrl\":\"https:\/\/blondeau.be\/wp-content\/uploads\/2025\/02\/ZKIH-1.jpg\",\"datePublished\":\"2025-02-25T16:10:32+00:00\",\"dateModified\":\"2025-09-01T13:50:14+00:00\",\"breadcrumb\":{\"@id\":\"https:\/\/blondeau.be\/fr\/produit\/kromschroder-zkih\/#breadcrumb\"},\"inLanguage\":\"fr-FR\",\"potentialAction\":[{\"@type\":\"ReadAction\",\"target\":[\"https:\/\/blondeau.be\/fr\/produit\/kromschroder-zkih\/\"]}]},{\"@type\":\"ImageObject\",\"inLanguage\":\"fr-FR\",\"@id\":\"https:\/\/blondeau.be\/fr\/produit\/kromschroder-zkih\/#primaryimage\",\"url\":\"https:\/\/blondeau.be\/wp-content\/uploads\/2025\/02\/ZKIH-1.jpg\",\"contentUrl\":\"https:\/\/blondeau.be\/wp-content\/uploads\/2025\/02\/ZKIH-1.jpg\",\"width\":645,\"height\":376},{\"@type\":\"BreadcrumbList\",\"@id\":\"https:\/\/blondeau.be\/fr\/produit\/kromschroder-zkih\/#breadcrumb\",\"itemListElement\":[{\"@type\":\"ListItem\",\"position\":1,\"name\":\"Home\",\"item\":\"https:\/\/blondeau.be\/fr\/accueil\/\"},{\"@type\":\"ListItem\",\"position\":2,\"name\":\"Catalogue des produits\",\"item\":\"https:\/\/blondeau.be\/fr\/catalogue-des-produits\/\"},{\"@type\":\"ListItem\",\"position\":3,\"name\":\"Kromschr\u00f6der ZKIH\"}]},{\"@type\":\"WebSite\",\"@id\":\"https:\/\/blondeau.be\/fr\/#website\",\"url\":\"https:\/\/blondeau.be\/fr\/\",\"name\":\"Blondeau\",\"description\":\"Industrial Heating\",\"publisher\":{\"@id\":\"https:\/\/blondeau.be\/fr\/#organization\"},\"potentialAction\":[{\"@type\":\"SearchAction\",\"target\":{\"@type\":\"EntryPoint\",\"urlTemplate\":\"https:\/\/blondeau.be\/fr\/?s={search_term_string}\"},\"query-input\":{\"@type\":\"PropertyValueSpecification\",\"valueRequired\":true,\"valueName\":\"search_term_string\"}}],\"inLanguage\":\"fr-FR\"},{\"@type\":\"Organization\",\"@id\":\"https:\/\/blondeau.be\/fr\/#organization\",\"name\":\"Blondeau\",\"url\":\"https:\/\/blondeau.be\/fr\/\",\"logo\":{\"@type\":\"ImageObject\",\"inLanguage\":\"fr-FR\",\"@id\":\"https:\/\/blondeau.be\/fr\/#\/schema\/logo\/image\/\",\"url\":\"https:\/\/blondeau.be\/wp-content\/uploads\/2025\/08\/Logo.jpg\",\"contentUrl\":\"https:\/\/blondeau.be\/wp-content\/uploads\/2025\/08\/Logo.jpg\",\"width\":600,\"height\":600,\"caption\":\"Blondeau\"},\"image\":{\"@id\":\"https:\/\/blondeau.be\/fr\/#\/schema\/logo\/image\/\"}}]}<\/script>\n<!-- \/ Yoast SEO plugin. -->","yoast_head_json":{"title":"Kromschr\u00f6der ZKIH - Blondeau","robots":{"index":"index","follow":"follow","max-snippet":"max-snippet:-1","max-image-preview":"max-image-preview:large","max-video-preview":"max-video-preview:-1"},"canonical":"https:\/\/blondeau.be\/fr\/produit\/kromschroder-zkih\/","og_locale":"fr_FR","og_type":"article","og_title":"Kromschr\u00f6der ZKIH - Blondeau","og_description":"Le ZKIH de Kromschr\u00f6der est un br\u00fbleur pilote robuste \u00e0 air forc\u00e9, con\u00e7u pour garantir un allumage s\u00fbr des br\u00fbleurs \u00e0 gaz dans les fours industriels et les syst\u00e8mes de combustion. R\u00e9gl\u00e9 par d\u00e9faut pour le gaz naturel, il peut \u00eatre facilement adapt\u00e9 pour fonctionner au GPL ou au gaz de ville. Le ZKIH assure [&hellip;]","og_url":"https:\/\/blondeau.be\/fr\/produit\/kromschroder-zkih\/","og_site_name":"Blondeau","article_modified_time":"2025-09-01T13:50:14+00:00","og_image":[{"width":645,"height":376,"url":"https:\/\/blondeau.be\/wp-content\/uploads\/2025\/02\/ZKIH-1.jpg","type":"image\/jpeg"}],"twitter_card":"summary_large_image","twitter_misc":{"Dur\u00e9e de lecture estim\u00e9e":"1 minute"},"schema":{"@context":"https:\/\/schema.org","@graph":[{"@type":"WebPage","@id":"https:\/\/blondeau.be\/fr\/produit\/kromschroder-zkih\/","url":"https:\/\/blondeau.be\/fr\/produit\/kromschroder-zkih\/","name":"Kromschr\u00f6der ZKIH - Blondeau","isPartOf":{"@id":"https:\/\/blondeau.be\/fr\/#website"},"primaryImageOfPage":{"@id":"https:\/\/blondeau.be\/fr\/produit\/kromschroder-zkih\/#primaryimage"},"image":{"@id":"https:\/\/blondeau.be\/fr\/produit\/kromschroder-zkih\/#primaryimage"},"thumbnailUrl":"https:\/\/blondeau.be\/wp-content\/uploads\/2025\/02\/ZKIH-1.jpg","datePublished":"2025-02-25T16:10:32+00:00","dateModified":"2025-09-01T13:50:14+00:00","breadcrumb":{"@id":"https:\/\/blondeau.be\/fr\/produit\/kromschroder-zkih\/#breadcrumb"},"inLanguage":"fr-FR","potentialAction":[{"@type":"ReadAction","target":["https:\/\/blondeau.be\/fr\/produit\/kromschroder-zkih\/"]}]},{"@type":"ImageObject","inLanguage":"fr-FR","@id":"https:\/\/blondeau.be\/fr\/produit\/kromschroder-zkih\/#primaryimage","url":"https:\/\/blondeau.be\/wp-content\/uploads\/2025\/02\/ZKIH-1.jpg","contentUrl":"https:\/\/blondeau.be\/wp-content\/uploads\/2025\/02\/ZKIH-1.jpg","width":645,"height":376},{"@type":"BreadcrumbList","@id":"https:\/\/blondeau.be\/fr\/produit\/kromschroder-zkih\/#breadcrumb","itemListElement":[{"@type":"ListItem","position":1,"name":"Home","item":"https:\/\/blondeau.be\/fr\/accueil\/"},{"@type":"ListItem","position":2,"name":"Catalogue des produits","item":"https:\/\/blondeau.be\/fr\/catalogue-des-produits\/"},{"@type":"ListItem","position":3,"name":"Kromschr\u00f6der ZKIH"}]},{"@type":"WebSite","@id":"https:\/\/blondeau.be\/fr\/#website","url":"https:\/\/blondeau.be\/fr\/","name":"Blondeau","description":"Industrial Heating","publisher":{"@id":"https:\/\/blondeau.be\/fr\/#organization"},"potentialAction":[{"@type":"SearchAction","target":{"@type":"EntryPoint","urlTemplate":"https:\/\/blondeau.be\/fr\/?s={search_term_string}"},"query-input":{"@type":"PropertyValueSpecification","valueRequired":true,"valueName":"search_term_string"}}],"inLanguage":"fr-FR"},{"@type":"Organization","@id":"https:\/\/blondeau.be\/fr\/#organization","name":"Blondeau","url":"https:\/\/blondeau.be\/fr\/","logo":{"@type":"ImageObject","inLanguage":"fr-FR","@id":"https:\/\/blondeau.be\/fr\/#\/schema\/logo\/image\/","url":"https:\/\/blondeau.be\/wp-content\/uploads\/2025\/08\/Logo.jpg","contentUrl":"https:\/\/blondeau.be\/wp-content\/uploads\/2025\/08\/Logo.jpg","width":600,"height":600,"caption":"Blondeau"},"image":{"@id":"https:\/\/blondeau.be\/fr\/#\/schema\/logo\/image\/"}}]}},"_links":{"self":[{"href":"https:\/\/blondeau.be\/fr\/wp-json\/wp\/v2\/product\/28018","targetHints":{"allow":["GET"]}}],"collection":[{"href":"https:\/\/blondeau.be\/fr\/wp-json\/wp\/v2\/product"}],"about":[{"href":"https:\/\/blondeau.be\/fr\/wp-json\/wp\/v2\/types\/product"}],"wp:featuredmedia":[{"embeddable":true,"href":"https:\/\/blondeau.be\/fr\/wp-json\/wp\/v2\/media\/28019"}],"wp:attachment":[{"href":"https:\/\/blondeau.be\/fr\/wp-json\/wp\/v2\/media?parent=28018"}],"wp:term":[{"taxonomy":"product_brand","embeddable":true,"href":"https:\/\/blondeau.be\/fr\/wp-json\/wp\/v2\/product_brand?post=28018"},{"taxonomy":"product_cat","embeddable":true,"href":"https:\/\/blondeau.be\/fr\/wp-json\/wp\/v2\/product_cat?post=28018"},{"taxonomy":"product_tag","embeddable":true,"href":"https:\/\/blondeau.be\/fr\/wp-json\/wp\/v2\/product_tag?post=28018"}],"curies":[{"name":"wp","href":"https:\/\/api.w.org\/{rel}","templated":true}]}}