{"id":28009,"date":"2025-03-04T19:30:09","date_gmt":"2025-03-04T17:30:09","guid":{"rendered":"https:\/\/blondeau.be\/product\/kromschroder-vfc-ifc\/"},"modified":"2025-09-02T12:11:08","modified_gmt":"2025-09-02T10:11:08","slug":"kromschroder-vfc-ifc","status":"publish","type":"product","link":"https:\/\/blondeau.be\/fr\/produit\/kromschroder-vfc-ifc\/","title":{"rendered":"Kromschr\u00f6der VFC-IFC"},"content":{"rendered":"<p data-start=\"0\" data-end=\"155\">La <strong data-start=\"3\" data-end=\"10\">VFC<\/strong> de Kromschr\u00f6der est une vanne de r\u00e9gulation lin\u00e9aire con\u00e7ue pour un contr\u00f4le pr\u00e9cis des flux de gaz et d&rsquo;air dans diverses applications industrielles. L&rsquo;<strong>IFC<\/strong> se compose d&rsquo;une vanne VFC combin\u00e9e \u00e0 un servomoteur IC. <\/p>\n<p><strong>Caract\u00e9ristiques et avantages :<\/strong><\/p>\n<ul>\n<li>Relation lin\u00e9aire entre l&rsquo;angle de r\u00e9glage et le d\u00e9bit<\/li>\n<li>Pression maximale : 500 mbar<\/li>\n<li>Dimensions disponibles : DN 10 \u00e0 25,<\/li>\n<li>Raccordement : filetage femelle Rp<\/li>\n<li>Large plage de contr\u00f4le jusqu&rsquo;\u00e0 25:1<\/li>\n<li>Haute pr\u00e9cision de contr\u00f4le<\/li>\n<li>Certifi\u00e9 par l&rsquo;UE<\/li>\n<\/ul>\n<p><strong>Documentation :<\/strong><\/p>\n","protected":false},"excerpt":{"rendered":"<p>La VFC de Kromschr\u00f6der est une vanne de r\u00e9gulation lin\u00e9aire con\u00e7ue pour un contr\u00f4le pr\u00e9cis des flux de gaz et d&rsquo;air dans diverses applications industrielles. L&rsquo;IFC se compose d&rsquo;une vanne VFC combin\u00e9e \u00e0 un servomoteur IC. Caract\u00e9ristiques et avantages : Relation lin\u00e9aire entre l&rsquo;angle de r\u00e9glage et le d\u00e9bit Pression maximale : 500 mbar Dimensions [&hellip;]<\/p>\n","protected":false},"featured_media":28010,"template":"","meta":{"_acf_changed":false},"product_brand":[],"product_cat":[388],"product_tag":[362],"class_list":{"0":"post-28009","1":"product","2":"type-product","3":"status-publish","4":"has-post-thumbnail","6":"product_cat-vannes-de-controle-fr","7":"product_tag-vannes-de-controle","9":"first","10":"instock","11":"taxable","12":"shipping-taxable","13":"product-type-simple"},"acf":[],"yoast_head":"<!-- This site is optimized with the Yoast SEO plugin v26.8 - https:\/\/yoast.com\/product\/yoast-seo-wordpress\/ -->\n<title>Kromschr\u00f6der VFC-IFC - Blondeau<\/title>\n<meta name=\"robots\" content=\"index, follow, max-snippet:-1, max-image-preview:large, max-video-preview:-1\" \/>\n<link rel=\"canonical\" href=\"https:\/\/blondeau.be\/fr\/produit\/kromschroder-vfc-ifc\/\" \/>\n<meta property=\"og:locale\" content=\"fr_FR\" \/>\n<meta property=\"og:type\" content=\"article\" \/>\n<meta property=\"og:title\" content=\"Kromschr\u00f6der VFC-IFC - Blondeau\" \/>\n<meta property=\"og:description\" content=\"La VFC de Kromschr\u00f6der est une vanne de r\u00e9gulation lin\u00e9aire con\u00e7ue pour un contr\u00f4le pr\u00e9cis des flux de gaz et d&rsquo;air dans diverses applications industrielles. L&rsquo;IFC se compose d&rsquo;une vanne VFC combin\u00e9e \u00e0 un servomoteur IC. Caract\u00e9ristiques et avantages : Relation lin\u00e9aire entre l&rsquo;angle de r\u00e9glage et le d\u00e9bit Pression maximale : 500 mbar Dimensions [&hellip;]\" \/>\n<meta property=\"og:url\" content=\"https:\/\/blondeau.be\/fr\/produit\/kromschroder-vfc-ifc\/\" \/>\n<meta property=\"og:site_name\" content=\"Blondeau\" \/>\n<meta property=\"article:modified_time\" content=\"2025-09-02T10:11:08+00:00\" \/>\n<meta property=\"og:image\" content=\"https:\/\/blondeau.be\/wp-content\/uploads\/2025\/03\/IFC.jpg\" \/>\n\t<meta property=\"og:image:width\" content=\"405\" \/>\n\t<meta property=\"og:image:height\" content=\"417\" \/>\n\t<meta property=\"og:image:type\" content=\"image\/jpeg\" \/>\n<meta name=\"twitter:card\" content=\"summary_large_image\" \/>\n<meta name=\"twitter:label1\" content=\"Dur\u00e9e de lecture estim\u00e9e\" \/>\n\t<meta name=\"twitter:data1\" content=\"1 minute\" \/>\n<script type=\"application\/ld+json\" class=\"yoast-schema-graph\">{\"@context\":\"https:\/\/schema.org\",\"@graph\":[{\"@type\":\"WebPage\",\"@id\":\"https:\/\/blondeau.be\/fr\/produit\/kromschroder-vfc-ifc\/\",\"url\":\"https:\/\/blondeau.be\/fr\/produit\/kromschroder-vfc-ifc\/\",\"name\":\"Kromschr\u00f6der VFC-IFC - Blondeau\",\"isPartOf\":{\"@id\":\"https:\/\/blondeau.be\/fr\/#website\"},\"primaryImageOfPage\":{\"@id\":\"https:\/\/blondeau.be\/fr\/produit\/kromschroder-vfc-ifc\/#primaryimage\"},\"image\":{\"@id\":\"https:\/\/blondeau.be\/fr\/produit\/kromschroder-vfc-ifc\/#primaryimage\"},\"thumbnailUrl\":\"https:\/\/blondeau.be\/wp-content\/uploads\/2025\/03\/IFC.jpg\",\"datePublished\":\"2025-03-04T17:30:09+00:00\",\"dateModified\":\"2025-09-02T10:11:08+00:00\",\"breadcrumb\":{\"@id\":\"https:\/\/blondeau.be\/fr\/produit\/kromschroder-vfc-ifc\/#breadcrumb\"},\"inLanguage\":\"fr-FR\",\"potentialAction\":[{\"@type\":\"ReadAction\",\"target\":[\"https:\/\/blondeau.be\/fr\/produit\/kromschroder-vfc-ifc\/\"]}]},{\"@type\":\"ImageObject\",\"inLanguage\":\"fr-FR\",\"@id\":\"https:\/\/blondeau.be\/fr\/produit\/kromschroder-vfc-ifc\/#primaryimage\",\"url\":\"https:\/\/blondeau.be\/wp-content\/uploads\/2025\/03\/IFC.jpg\",\"contentUrl\":\"https:\/\/blondeau.be\/wp-content\/uploads\/2025\/03\/IFC.jpg\",\"width\":405,\"height\":417},{\"@type\":\"BreadcrumbList\",\"@id\":\"https:\/\/blondeau.be\/fr\/produit\/kromschroder-vfc-ifc\/#breadcrumb\",\"itemListElement\":[{\"@type\":\"ListItem\",\"position\":1,\"name\":\"Home\",\"item\":\"https:\/\/blondeau.be\/fr\/accueil\/\"},{\"@type\":\"ListItem\",\"position\":2,\"name\":\"Catalogue des produits\",\"item\":\"https:\/\/blondeau.be\/fr\/catalogue-des-produits\/\"},{\"@type\":\"ListItem\",\"position\":3,\"name\":\"Kromschr\u00f6der VFC-IFC\"}]},{\"@type\":\"WebSite\",\"@id\":\"https:\/\/blondeau.be\/fr\/#website\",\"url\":\"https:\/\/blondeau.be\/fr\/\",\"name\":\"Blondeau\",\"description\":\"Industrial Heating\",\"publisher\":{\"@id\":\"https:\/\/blondeau.be\/fr\/#organization\"},\"potentialAction\":[{\"@type\":\"SearchAction\",\"target\":{\"@type\":\"EntryPoint\",\"urlTemplate\":\"https:\/\/blondeau.be\/fr\/?s={search_term_string}\"},\"query-input\":{\"@type\":\"PropertyValueSpecification\",\"valueRequired\":true,\"valueName\":\"search_term_string\"}}],\"inLanguage\":\"fr-FR\"},{\"@type\":\"Organization\",\"@id\":\"https:\/\/blondeau.be\/fr\/#organization\",\"name\":\"Blondeau\",\"url\":\"https:\/\/blondeau.be\/fr\/\",\"logo\":{\"@type\":\"ImageObject\",\"inLanguage\":\"fr-FR\",\"@id\":\"https:\/\/blondeau.be\/fr\/#\/schema\/logo\/image\/\",\"url\":\"https:\/\/blondeau.be\/wp-content\/uploads\/2025\/08\/Logo.jpg\",\"contentUrl\":\"https:\/\/blondeau.be\/wp-content\/uploads\/2025\/08\/Logo.jpg\",\"width\":600,\"height\":600,\"caption\":\"Blondeau\"},\"image\":{\"@id\":\"https:\/\/blondeau.be\/fr\/#\/schema\/logo\/image\/\"}}]}<\/script>\n<!-- \/ Yoast SEO plugin. -->","yoast_head_json":{"title":"Kromschr\u00f6der VFC-IFC - Blondeau","robots":{"index":"index","follow":"follow","max-snippet":"max-snippet:-1","max-image-preview":"max-image-preview:large","max-video-preview":"max-video-preview:-1"},"canonical":"https:\/\/blondeau.be\/fr\/produit\/kromschroder-vfc-ifc\/","og_locale":"fr_FR","og_type":"article","og_title":"Kromschr\u00f6der VFC-IFC - Blondeau","og_description":"La VFC de Kromschr\u00f6der est une vanne de r\u00e9gulation lin\u00e9aire con\u00e7ue pour un contr\u00f4le pr\u00e9cis des flux de gaz et d&rsquo;air dans diverses applications industrielles. L&rsquo;IFC se compose d&rsquo;une vanne VFC combin\u00e9e \u00e0 un servomoteur IC. Caract\u00e9ristiques et avantages : Relation lin\u00e9aire entre l&rsquo;angle de r\u00e9glage et le d\u00e9bit Pression maximale : 500 mbar Dimensions [&hellip;]","og_url":"https:\/\/blondeau.be\/fr\/produit\/kromschroder-vfc-ifc\/","og_site_name":"Blondeau","article_modified_time":"2025-09-02T10:11:08+00:00","og_image":[{"width":405,"height":417,"url":"https:\/\/blondeau.be\/wp-content\/uploads\/2025\/03\/IFC.jpg","type":"image\/jpeg"}],"twitter_card":"summary_large_image","twitter_misc":{"Dur\u00e9e de lecture estim\u00e9e":"1 minute"},"schema":{"@context":"https:\/\/schema.org","@graph":[{"@type":"WebPage","@id":"https:\/\/blondeau.be\/fr\/produit\/kromschroder-vfc-ifc\/","url":"https:\/\/blondeau.be\/fr\/produit\/kromschroder-vfc-ifc\/","name":"Kromschr\u00f6der VFC-IFC - Blondeau","isPartOf":{"@id":"https:\/\/blondeau.be\/fr\/#website"},"primaryImageOfPage":{"@id":"https:\/\/blondeau.be\/fr\/produit\/kromschroder-vfc-ifc\/#primaryimage"},"image":{"@id":"https:\/\/blondeau.be\/fr\/produit\/kromschroder-vfc-ifc\/#primaryimage"},"thumbnailUrl":"https:\/\/blondeau.be\/wp-content\/uploads\/2025\/03\/IFC.jpg","datePublished":"2025-03-04T17:30:09+00:00","dateModified":"2025-09-02T10:11:08+00:00","breadcrumb":{"@id":"https:\/\/blondeau.be\/fr\/produit\/kromschroder-vfc-ifc\/#breadcrumb"},"inLanguage":"fr-FR","potentialAction":[{"@type":"ReadAction","target":["https:\/\/blondeau.be\/fr\/produit\/kromschroder-vfc-ifc\/"]}]},{"@type":"ImageObject","inLanguage":"fr-FR","@id":"https:\/\/blondeau.be\/fr\/produit\/kromschroder-vfc-ifc\/#primaryimage","url":"https:\/\/blondeau.be\/wp-content\/uploads\/2025\/03\/IFC.jpg","contentUrl":"https:\/\/blondeau.be\/wp-content\/uploads\/2025\/03\/IFC.jpg","width":405,"height":417},{"@type":"BreadcrumbList","@id":"https:\/\/blondeau.be\/fr\/produit\/kromschroder-vfc-ifc\/#breadcrumb","itemListElement":[{"@type":"ListItem","position":1,"name":"Home","item":"https:\/\/blondeau.be\/fr\/accueil\/"},{"@type":"ListItem","position":2,"name":"Catalogue des produits","item":"https:\/\/blondeau.be\/fr\/catalogue-des-produits\/"},{"@type":"ListItem","position":3,"name":"Kromschr\u00f6der VFC-IFC"}]},{"@type":"WebSite","@id":"https:\/\/blondeau.be\/fr\/#website","url":"https:\/\/blondeau.be\/fr\/","name":"Blondeau","description":"Industrial Heating","publisher":{"@id":"https:\/\/blondeau.be\/fr\/#organization"},"potentialAction":[{"@type":"SearchAction","target":{"@type":"EntryPoint","urlTemplate":"https:\/\/blondeau.be\/fr\/?s={search_term_string}"},"query-input":{"@type":"PropertyValueSpecification","valueRequired":true,"valueName":"search_term_string"}}],"inLanguage":"fr-FR"},{"@type":"Organization","@id":"https:\/\/blondeau.be\/fr\/#organization","name":"Blondeau","url":"https:\/\/blondeau.be\/fr\/","logo":{"@type":"ImageObject","inLanguage":"fr-FR","@id":"https:\/\/blondeau.be\/fr\/#\/schema\/logo\/image\/","url":"https:\/\/blondeau.be\/wp-content\/uploads\/2025\/08\/Logo.jpg","contentUrl":"https:\/\/blondeau.be\/wp-content\/uploads\/2025\/08\/Logo.jpg","width":600,"height":600,"caption":"Blondeau"},"image":{"@id":"https:\/\/blondeau.be\/fr\/#\/schema\/logo\/image\/"}}]}},"_links":{"self":[{"href":"https:\/\/blondeau.be\/fr\/wp-json\/wp\/v2\/product\/28009","targetHints":{"allow":["GET"]}}],"collection":[{"href":"https:\/\/blondeau.be\/fr\/wp-json\/wp\/v2\/product"}],"about":[{"href":"https:\/\/blondeau.be\/fr\/wp-json\/wp\/v2\/types\/product"}],"wp:featuredmedia":[{"embeddable":true,"href":"https:\/\/blondeau.be\/fr\/wp-json\/wp\/v2\/media\/28010"}],"wp:attachment":[{"href":"https:\/\/blondeau.be\/fr\/wp-json\/wp\/v2\/media?parent=28009"}],"wp:term":[{"taxonomy":"product_brand","embeddable":true,"href":"https:\/\/blondeau.be\/fr\/wp-json\/wp\/v2\/product_brand?post=28009"},{"taxonomy":"product_cat","embeddable":true,"href":"https:\/\/blondeau.be\/fr\/wp-json\/wp\/v2\/product_cat?post=28009"},{"taxonomy":"product_tag","embeddable":true,"href":"https:\/\/blondeau.be\/fr\/wp-json\/wp\/v2\/product_tag?post=28009"}],"curies":[{"name":"wp","href":"https:\/\/api.w.org\/{rel}","templated":true}]}}