{"id":28004,"date":"2025-02-25T13:25:03","date_gmt":"2025-02-25T11:25:03","guid":{"rendered":"https:\/\/blondeau.be\/product\/kromschroder-ecomax-le\/"},"modified":"2025-06-30T17:01:29","modified_gmt":"2025-06-30T15:01:29","slug":"kromschroder-ecomax-le","status":"publish","type":"product","link":"https:\/\/blondeau.be\/fr\/produit\/kromschroder-ecomax-le\/","title":{"rendered":"Kromschr\u00f6der ECOMAX-LE"},"content":{"rendered":"<p data-start=\"0\" data-end=\"96\">L\u2019<strong data-start=\"80\" data-end=\"94\">ECOMAX\u00ae LE <\/strong>est un br\u00fbleur auto-r\u00e9cup\u00e9ratif de derni\u00e8re g\u00e9n\u00e9ration, sp\u00e9cialement con\u00e7u pour r\u00e9duire les \u00e9missions de NO\u2093 et am\u00e9liorer l\u2019efficacit\u00e9 \u00e9nerg\u00e9tique. Il peut \u00eatre utilis\u00e9 aussi bien pour le chauffage direct qu\u2019indirect des syst\u00e8mes de fours. Au-del\u00e0 de 850\u202f\u00b0C, l\u2019ECOMAX\u00ae LE bascule automatiquement d\u2019une combustion avec flamme \u00e0 une combustion sans flamme, permettant ainsi de r\u00e9duire significativement les \u00e9missions de NO\u2093 \u00e0 moins de 100\u202fppm. De plus, ce br\u00fbleur est compatible avec une large gamme de gaz combustibles, notamment le gaz naturel, le gaz de ville, le GPL et les gaz \u00e0 faible pouvoir calorifique.   <\/p>\n<p>&nbsp;<\/p>\n<p data-start=\"98\" data-end=\"126\"><strong data-start=\"120\" data-end=\"146\">Caract\u00e9ristiques et avantages :<\/strong><\/p>\n<ul>\n<li data-start=\"0\" data-end=\"212\">Meilleure performance NO\u2093 de sa cat\u00e9gorie : &lt; 100 ppm NO\u2093 dans toutes les capacit\u00e9s sans flamme, jusqu&rsquo;\u00e0 seulement 25 ppm dans certaines gammes (corrig\u00e9es \u00e0 3% O\u2082), y compris les vannes air\/gaz, les tuyaux et les inserts et la tuyauterie.<\/li>\n<li data-start=\"213\" data-end=\"293\">Modes avec ou sans flamme : commutation \u00e0 une temp\u00e9rature de 850\u00b0C<\/li>\n<li data-start=\"294\" data-end=\"365\">Jusqu&rsquo;\u00e0 7 % d&rsquo;efficacit\u00e9 en plus par rapport \u00e0 l&rsquo;ECOMAX\u00ae standard<\/li>\n<li data-start=\"366\" data-end=\"449\">3 tailles de br\u00fbleurs d&rsquo;une capacit\u00e9 de 36 \u00e0 100 kW<\/li>\n<li data-start=\"450\" data-end=\"528\">Disponible avec r\u00e9cup\u00e9rateur m\u00e9tallique (..M) ou r\u00e9cup\u00e9rateur c\u00e9ramique (..C)<\/li>\n<li data-start=\"529\" data-end=\"619\">Compatible avec l\u2019encombrement de l\u2019ECOMAX\u00ae actuel, facilitant ainsi les mises \u00e0 niveau du syst\u00e8me.<\/li>\n<li data-start=\"620\" data-end=\"666\">Fourni avec les syst\u00e8mes de contr\u00f4le de la s\u00e9rie BCU4<\/li>\n<li data-start=\"667\" data-end=\"728\">Type de combustible : gaz naturel, pression d&rsquo;alimentation en gaz 80 mbar<\/li>\n<li data-start=\"667\" data-end=\"728\">Maintenance ais\u00e9e gr\u00e2ce \u00e0 la conception modulaire<\/li>\n<li data-start=\"729\" data-end=\"769\">Pression d&rsquo;alimentation air : 90 mbar<\/li>\n<li data-start=\"770\" data-end=\"804\">Vitesse de la flamme : 120 \u00e0 150 m\/s<\/li>\n<li data-start=\"805\" data-end=\"853\" data-is-last-node=\"\">Contr\u00f4le : ON\/OFF ou contr\u00f4le d&rsquo;impulsion HIGH\/LOW<\/li>\n<\/ul>\n<p><strong style=\"font-size: 1rem;\">Documentation :<\/strong><\/p>\n","protected":false},"excerpt":{"rendered":"<p>L\u2019ECOMAX\u00ae LE est un br\u00fbleur auto-r\u00e9cup\u00e9ratif de derni\u00e8re g\u00e9n\u00e9ration, sp\u00e9cialement con\u00e7u pour r\u00e9duire les \u00e9missions de NO\u2093 et am\u00e9liorer l\u2019efficacit\u00e9 \u00e9nerg\u00e9tique. Il peut \u00eatre utilis\u00e9 aussi bien pour le chauffage direct qu\u2019indirect des syst\u00e8mes de fours. Au-del\u00e0 de 850\u202f\u00b0C, l\u2019ECOMAX\u00ae LE bascule automatiquement d\u2019une combustion avec flamme \u00e0 une combustion sans flamme, permettant ainsi de [&hellip;]<\/p>\n","protected":false},"featured_media":28005,"template":"","meta":{"_acf_changed":false},"product_brand":[],"product_cat":[384],"product_tag":[366],"class_list":{"0":"post-28004","1":"product","2":"type-product","3":"status-publish","4":"has-post-thumbnail","6":"product_cat-bruleurs-melange-au-nez","7":"product_tag-bruleurs-melange","9":"first","10":"instock","11":"taxable","12":"shipping-taxable","13":"product-type-simple"},"acf":[],"yoast_head":"<!-- This site is optimized with the Yoast SEO plugin v26.8 - https:\/\/yoast.com\/product\/yoast-seo-wordpress\/ -->\n<title>Kromschr\u00f6der ECOMAX-LE - Blondeau<\/title>\n<meta name=\"robots\" content=\"index, follow, max-snippet:-1, max-image-preview:large, max-video-preview:-1\" \/>\n<link rel=\"canonical\" href=\"https:\/\/blondeau.be\/fr\/produit\/kromschroder-ecomax-le\/\" \/>\n<meta property=\"og:locale\" content=\"fr_FR\" \/>\n<meta property=\"og:type\" content=\"article\" \/>\n<meta property=\"og:title\" content=\"Kromschr\u00f6der ECOMAX-LE - Blondeau\" \/>\n<meta property=\"og:description\" content=\"L\u2019ECOMAX\u00ae LE est un br\u00fbleur auto-r\u00e9cup\u00e9ratif de derni\u00e8re g\u00e9n\u00e9ration, sp\u00e9cialement con\u00e7u pour r\u00e9duire les \u00e9missions de NO\u2093 et am\u00e9liorer l\u2019efficacit\u00e9 \u00e9nerg\u00e9tique. Il peut \u00eatre utilis\u00e9 aussi bien pour le chauffage direct qu\u2019indirect des syst\u00e8mes de fours. Au-del\u00e0 de 850\u202f\u00b0C, l\u2019ECOMAX\u00ae LE bascule automatiquement d\u2019une combustion avec flamme \u00e0 une combustion sans flamme, permettant ainsi de [&hellip;]\" \/>\n<meta property=\"og:url\" content=\"https:\/\/blondeau.be\/fr\/produit\/kromschroder-ecomax-le\/\" \/>\n<meta property=\"og:site_name\" content=\"Blondeau\" \/>\n<meta property=\"article:modified_time\" content=\"2025-06-30T15:01:29+00:00\" \/>\n<meta property=\"og:image\" content=\"https:\/\/blondeau.be\/wp-content\/uploads\/2025\/02\/Eco-LE.jpg\" \/>\n\t<meta property=\"og:image:width\" content=\"569\" \/>\n\t<meta property=\"og:image:height\" content=\"434\" \/>\n\t<meta property=\"og:image:type\" content=\"image\/jpeg\" \/>\n<meta name=\"twitter:card\" content=\"summary_large_image\" \/>\n<meta name=\"twitter:label1\" content=\"Dur\u00e9e de lecture estim\u00e9e\" \/>\n\t<meta name=\"twitter:data1\" content=\"1 minute\" \/>\n<script type=\"application\/ld+json\" class=\"yoast-schema-graph\">{\"@context\":\"https:\/\/schema.org\",\"@graph\":[{\"@type\":\"WebPage\",\"@id\":\"https:\/\/blondeau.be\/fr\/produit\/kromschroder-ecomax-le\/\",\"url\":\"https:\/\/blondeau.be\/fr\/produit\/kromschroder-ecomax-le\/\",\"name\":\"Kromschr\u00f6der ECOMAX-LE - Blondeau\",\"isPartOf\":{\"@id\":\"https:\/\/blondeau.be\/fr\/#website\"},\"primaryImageOfPage\":{\"@id\":\"https:\/\/blondeau.be\/fr\/produit\/kromschroder-ecomax-le\/#primaryimage\"},\"image\":{\"@id\":\"https:\/\/blondeau.be\/fr\/produit\/kromschroder-ecomax-le\/#primaryimage\"},\"thumbnailUrl\":\"https:\/\/blondeau.be\/wp-content\/uploads\/2025\/02\/Eco-LE.jpg\",\"datePublished\":\"2025-02-25T11:25:03+00:00\",\"dateModified\":\"2025-06-30T15:01:29+00:00\",\"breadcrumb\":{\"@id\":\"https:\/\/blondeau.be\/fr\/produit\/kromschroder-ecomax-le\/#breadcrumb\"},\"inLanguage\":\"fr-FR\",\"potentialAction\":[{\"@type\":\"ReadAction\",\"target\":[\"https:\/\/blondeau.be\/fr\/produit\/kromschroder-ecomax-le\/\"]}]},{\"@type\":\"ImageObject\",\"inLanguage\":\"fr-FR\",\"@id\":\"https:\/\/blondeau.be\/fr\/produit\/kromschroder-ecomax-le\/#primaryimage\",\"url\":\"https:\/\/blondeau.be\/wp-content\/uploads\/2025\/02\/Eco-LE.jpg\",\"contentUrl\":\"https:\/\/blondeau.be\/wp-content\/uploads\/2025\/02\/Eco-LE.jpg\",\"width\":569,\"height\":434},{\"@type\":\"BreadcrumbList\",\"@id\":\"https:\/\/blondeau.be\/fr\/produit\/kromschroder-ecomax-le\/#breadcrumb\",\"itemListElement\":[{\"@type\":\"ListItem\",\"position\":1,\"name\":\"Home\",\"item\":\"https:\/\/blondeau.be\/fr\/accueil\/\"},{\"@type\":\"ListItem\",\"position\":2,\"name\":\"Catalogue des produits\",\"item\":\"https:\/\/blondeau.be\/fr\/catalogue-des-produits\/\"},{\"@type\":\"ListItem\",\"position\":3,\"name\":\"Kromschr\u00f6der ECOMAX-LE\"}]},{\"@type\":\"WebSite\",\"@id\":\"https:\/\/blondeau.be\/fr\/#website\",\"url\":\"https:\/\/blondeau.be\/fr\/\",\"name\":\"Blondeau\",\"description\":\"Industrial Heating\",\"publisher\":{\"@id\":\"https:\/\/blondeau.be\/fr\/#organization\"},\"potentialAction\":[{\"@type\":\"SearchAction\",\"target\":{\"@type\":\"EntryPoint\",\"urlTemplate\":\"https:\/\/blondeau.be\/fr\/?s={search_term_string}\"},\"query-input\":{\"@type\":\"PropertyValueSpecification\",\"valueRequired\":true,\"valueName\":\"search_term_string\"}}],\"inLanguage\":\"fr-FR\"},{\"@type\":\"Organization\",\"@id\":\"https:\/\/blondeau.be\/fr\/#organization\",\"name\":\"Blondeau\",\"url\":\"https:\/\/blondeau.be\/fr\/\",\"logo\":{\"@type\":\"ImageObject\",\"inLanguage\":\"fr-FR\",\"@id\":\"https:\/\/blondeau.be\/fr\/#\/schema\/logo\/image\/\",\"url\":\"https:\/\/blondeau.be\/wp-content\/uploads\/2025\/08\/Logo.jpg\",\"contentUrl\":\"https:\/\/blondeau.be\/wp-content\/uploads\/2025\/08\/Logo.jpg\",\"width\":600,\"height\":600,\"caption\":\"Blondeau\"},\"image\":{\"@id\":\"https:\/\/blondeau.be\/fr\/#\/schema\/logo\/image\/\"}}]}<\/script>\n<!-- \/ Yoast SEO plugin. -->","yoast_head_json":{"title":"Kromschr\u00f6der ECOMAX-LE - Blondeau","robots":{"index":"index","follow":"follow","max-snippet":"max-snippet:-1","max-image-preview":"max-image-preview:large","max-video-preview":"max-video-preview:-1"},"canonical":"https:\/\/blondeau.be\/fr\/produit\/kromschroder-ecomax-le\/","og_locale":"fr_FR","og_type":"article","og_title":"Kromschr\u00f6der ECOMAX-LE - Blondeau","og_description":"L\u2019ECOMAX\u00ae LE est un br\u00fbleur auto-r\u00e9cup\u00e9ratif de derni\u00e8re g\u00e9n\u00e9ration, sp\u00e9cialement con\u00e7u pour r\u00e9duire les \u00e9missions de NO\u2093 et am\u00e9liorer l\u2019efficacit\u00e9 \u00e9nerg\u00e9tique. Il peut \u00eatre utilis\u00e9 aussi bien pour le chauffage direct qu\u2019indirect des syst\u00e8mes de fours. Au-del\u00e0 de 850\u202f\u00b0C, l\u2019ECOMAX\u00ae LE bascule automatiquement d\u2019une combustion avec flamme \u00e0 une combustion sans flamme, permettant ainsi de [&hellip;]","og_url":"https:\/\/blondeau.be\/fr\/produit\/kromschroder-ecomax-le\/","og_site_name":"Blondeau","article_modified_time":"2025-06-30T15:01:29+00:00","og_image":[{"width":569,"height":434,"url":"https:\/\/blondeau.be\/wp-content\/uploads\/2025\/02\/Eco-LE.jpg","type":"image\/jpeg"}],"twitter_card":"summary_large_image","twitter_misc":{"Dur\u00e9e de lecture estim\u00e9e":"1 minute"},"schema":{"@context":"https:\/\/schema.org","@graph":[{"@type":"WebPage","@id":"https:\/\/blondeau.be\/fr\/produit\/kromschroder-ecomax-le\/","url":"https:\/\/blondeau.be\/fr\/produit\/kromschroder-ecomax-le\/","name":"Kromschr\u00f6der ECOMAX-LE - Blondeau","isPartOf":{"@id":"https:\/\/blondeau.be\/fr\/#website"},"primaryImageOfPage":{"@id":"https:\/\/blondeau.be\/fr\/produit\/kromschroder-ecomax-le\/#primaryimage"},"image":{"@id":"https:\/\/blondeau.be\/fr\/produit\/kromschroder-ecomax-le\/#primaryimage"},"thumbnailUrl":"https:\/\/blondeau.be\/wp-content\/uploads\/2025\/02\/Eco-LE.jpg","datePublished":"2025-02-25T11:25:03+00:00","dateModified":"2025-06-30T15:01:29+00:00","breadcrumb":{"@id":"https:\/\/blondeau.be\/fr\/produit\/kromschroder-ecomax-le\/#breadcrumb"},"inLanguage":"fr-FR","potentialAction":[{"@type":"ReadAction","target":["https:\/\/blondeau.be\/fr\/produit\/kromschroder-ecomax-le\/"]}]},{"@type":"ImageObject","inLanguage":"fr-FR","@id":"https:\/\/blondeau.be\/fr\/produit\/kromschroder-ecomax-le\/#primaryimage","url":"https:\/\/blondeau.be\/wp-content\/uploads\/2025\/02\/Eco-LE.jpg","contentUrl":"https:\/\/blondeau.be\/wp-content\/uploads\/2025\/02\/Eco-LE.jpg","width":569,"height":434},{"@type":"BreadcrumbList","@id":"https:\/\/blondeau.be\/fr\/produit\/kromschroder-ecomax-le\/#breadcrumb","itemListElement":[{"@type":"ListItem","position":1,"name":"Home","item":"https:\/\/blondeau.be\/fr\/accueil\/"},{"@type":"ListItem","position":2,"name":"Catalogue des produits","item":"https:\/\/blondeau.be\/fr\/catalogue-des-produits\/"},{"@type":"ListItem","position":3,"name":"Kromschr\u00f6der ECOMAX-LE"}]},{"@type":"WebSite","@id":"https:\/\/blondeau.be\/fr\/#website","url":"https:\/\/blondeau.be\/fr\/","name":"Blondeau","description":"Industrial Heating","publisher":{"@id":"https:\/\/blondeau.be\/fr\/#organization"},"potentialAction":[{"@type":"SearchAction","target":{"@type":"EntryPoint","urlTemplate":"https:\/\/blondeau.be\/fr\/?s={search_term_string}"},"query-input":{"@type":"PropertyValueSpecification","valueRequired":true,"valueName":"search_term_string"}}],"inLanguage":"fr-FR"},{"@type":"Organization","@id":"https:\/\/blondeau.be\/fr\/#organization","name":"Blondeau","url":"https:\/\/blondeau.be\/fr\/","logo":{"@type":"ImageObject","inLanguage":"fr-FR","@id":"https:\/\/blondeau.be\/fr\/#\/schema\/logo\/image\/","url":"https:\/\/blondeau.be\/wp-content\/uploads\/2025\/08\/Logo.jpg","contentUrl":"https:\/\/blondeau.be\/wp-content\/uploads\/2025\/08\/Logo.jpg","width":600,"height":600,"caption":"Blondeau"},"image":{"@id":"https:\/\/blondeau.be\/fr\/#\/schema\/logo\/image\/"}}]}},"_links":{"self":[{"href":"https:\/\/blondeau.be\/fr\/wp-json\/wp\/v2\/product\/28004","targetHints":{"allow":["GET"]}}],"collection":[{"href":"https:\/\/blondeau.be\/fr\/wp-json\/wp\/v2\/product"}],"about":[{"href":"https:\/\/blondeau.be\/fr\/wp-json\/wp\/v2\/types\/product"}],"wp:featuredmedia":[{"embeddable":true,"href":"https:\/\/blondeau.be\/fr\/wp-json\/wp\/v2\/media\/28005"}],"wp:attachment":[{"href":"https:\/\/blondeau.be\/fr\/wp-json\/wp\/v2\/media?parent=28004"}],"wp:term":[{"taxonomy":"product_brand","embeddable":true,"href":"https:\/\/blondeau.be\/fr\/wp-json\/wp\/v2\/product_brand?post=28004"},{"taxonomy":"product_cat","embeddable":true,"href":"https:\/\/blondeau.be\/fr\/wp-json\/wp\/v2\/product_cat?post=28004"},{"taxonomy":"product_tag","embeddable":true,"href":"https:\/\/blondeau.be\/fr\/wp-json\/wp\/v2\/product_tag?post=28004"}],"curies":[{"name":"wp","href":"https:\/\/api.w.org\/{rel}","templated":true}]}}