{"id":27996,"date":"2025-02-25T13:05:52","date_gmt":"2025-02-25T11:05:52","guid":{"rendered":"https:\/\/blondeau.be\/product\/kromschroder-ecomax\/"},"modified":"2025-09-01T15:06:02","modified_gmt":"2025-09-01T13:06:02","slug":"kromschroder-ecomax","status":"publish","type":"product","link":"https:\/\/blondeau.be\/fr\/produit\/kromschroder-ecomax\/","title":{"rendered":"Kromschr\u00f6der ECOMAX"},"content":{"rendered":"<p data-start=\"0\" data-end=\"96\">Le br\u00fbleur <strong data-start=\"108\" data-end=\"127\">ECOMAX\u00ae<\/strong> est un br\u00fbleur auto-r\u00e9cup\u00e9ratif con\u00e7u pour le chauffage direct ou indirect des syst\u00e8mes de fours. Il est \u00e9quip\u00e9 d\u2019\u00e9changeurs de chaleur int\u00e9gr\u00e9s, disponibles en trois configurations \u2014 tube c\u00e9ramique, tube nervur\u00e9 en acier moul\u00e9 ou tube plat \u2014 et couvre une plage de puissance allant de 25 \u00e0 500\u202fkW. Ces br\u00fbleurs sont compatibles avec divers types de gaz, tels que le gaz naturel, le gaz de ville, le GPL et les gaz \u00e0 faible pouvoir calorifique. La version <a href=\"https:\/\/blondeau.be\/fr\/produit\/kromschroder-ecomax-le\/\" target=\"_blank\" rel=\"noopener\"><strong data-start=\"539\" data-end=\"561\">ECOMAX\u00ae<\/strong><\/a> LE a \u00e9t\u00e9 sp\u00e9cialement d\u00e9velopp\u00e9e pour r\u00e9duire les \u00e9missions de NO\u2093 et am\u00e9liorer l\u2019efficacit\u00e9 \u00e9nerg\u00e9tique, gr\u00e2ce \u00e0 un r\u00e9cup\u00e9rateur int\u00e9gr\u00e9 et \u00e0 une technologie de combustion avanc\u00e9e.<\/p>\n<p>&nbsp;<\/p>\n<p data-start=\"98\" data-end=\"126\"><strong data-start=\"120\" data-end=\"146\">Caract\u00e9ristiques et avantages :<\/strong><\/p>\n<ul data-start=\"127\" data-end=\"517\" data-is-only-node=\"\" data-is-last-node=\"\">\n<li data-start=\"127\" data-end=\"223\">\u00c9conomique et \u00e9conome en \u00e9nergie gr\u00e2ce au pr\u00e9chauffage interne de l&rsquo;air jusqu&rsquo;\u00e0 650\u00b0C<\/li>\n<li data-start=\"127\" data-end=\"223\">3 versions : avec r\u00e9cup\u00e9rateur \u00e0 tube c\u00e9ramique, r\u00e9cup\u00e9rateur \u00e0 tube nervur\u00e9 en acier moul\u00e9 ou r\u00e9cup\u00e9rateur \u00e0 tube plat<\/li>\n<li data-start=\"349\" data-end=\"378\">7 tailles de 25 \u00e0 500 kW<\/li>\n<li data-start=\"379\" data-end=\"413\">Allumage et surveillance direct<\/li>\n<li data-start=\"462\" data-end=\"496\">Vitesse de la flamme : 120 \u00e0 150 m\/s<\/li>\n<li data-start=\"497\" data-end=\"517\" data-is-last-node=\"\">Contr\u00f4le : ON\/OFF<\/li>\n<\/ul>\n<p><strong style=\"font-size: 1rem;\">Documentation :<\/strong><\/p>\n","protected":false},"excerpt":{"rendered":"<p>Le br\u00fbleur ECOMAX\u00ae est un br\u00fbleur auto-r\u00e9cup\u00e9ratif con\u00e7u pour le chauffage direct ou indirect des syst\u00e8mes de fours. Il est \u00e9quip\u00e9 d\u2019\u00e9changeurs de chaleur int\u00e9gr\u00e9s, disponibles en trois configurations \u2014 tube c\u00e9ramique, tube nervur\u00e9 en acier moul\u00e9 ou tube plat \u2014 et couvre une plage de puissance allant de 25 \u00e0 500\u202fkW. Ces br\u00fbleurs sont [&hellip;]<\/p>\n","protected":false},"featured_media":27997,"template":"","meta":{"_acf_changed":false},"product_brand":[],"product_cat":[384],"product_tag":[366],"class_list":{"0":"post-27996","1":"product","2":"type-product","3":"status-publish","4":"has-post-thumbnail","6":"product_cat-bruleurs-melange-au-nez","7":"product_tag-bruleurs-melange","9":"first","10":"instock","11":"taxable","12":"shipping-taxable","13":"product-type-simple"},"acf":[],"yoast_head":"<!-- This site is optimized with the Yoast SEO plugin v26.8 - https:\/\/yoast.com\/product\/yoast-seo-wordpress\/ -->\n<title>Kromschr\u00f6der ECOMAX - Blondeau<\/title>\n<meta name=\"robots\" content=\"index, follow, max-snippet:-1, max-image-preview:large, max-video-preview:-1\" \/>\n<link rel=\"canonical\" href=\"https:\/\/blondeau.be\/fr\/produit\/kromschroder-ecomax\/\" \/>\n<meta property=\"og:locale\" content=\"fr_FR\" \/>\n<meta property=\"og:type\" content=\"article\" \/>\n<meta property=\"og:title\" content=\"Kromschr\u00f6der ECOMAX - Blondeau\" \/>\n<meta property=\"og:description\" content=\"Le br\u00fbleur ECOMAX\u00ae est un br\u00fbleur auto-r\u00e9cup\u00e9ratif con\u00e7u pour le chauffage direct ou indirect des syst\u00e8mes de fours. Il est \u00e9quip\u00e9 d\u2019\u00e9changeurs de chaleur int\u00e9gr\u00e9s, disponibles en trois configurations \u2014 tube c\u00e9ramique, tube nervur\u00e9 en acier moul\u00e9 ou tube plat \u2014 et couvre une plage de puissance allant de 25 \u00e0 500\u202fkW. Ces br\u00fbleurs sont [&hellip;]\" \/>\n<meta property=\"og:url\" content=\"https:\/\/blondeau.be\/fr\/produit\/kromschroder-ecomax\/\" \/>\n<meta property=\"og:site_name\" content=\"Blondeau\" \/>\n<meta property=\"article:modified_time\" content=\"2025-09-01T13:06:02+00:00\" \/>\n<meta property=\"og:image\" content=\"https:\/\/blondeau.be\/wp-content\/uploads\/2025\/02\/ecomax-2.jpg\" \/>\n\t<meta property=\"og:image:width\" content=\"656\" \/>\n\t<meta property=\"og:image:height\" content=\"473\" \/>\n\t<meta property=\"og:image:type\" content=\"image\/jpeg\" \/>\n<meta name=\"twitter:card\" content=\"summary_large_image\" \/>\n<meta name=\"twitter:label1\" content=\"Dur\u00e9e de lecture estim\u00e9e\" \/>\n\t<meta name=\"twitter:data1\" content=\"1 minute\" \/>\n<script type=\"application\/ld+json\" class=\"yoast-schema-graph\">{\"@context\":\"https:\/\/schema.org\",\"@graph\":[{\"@type\":\"WebPage\",\"@id\":\"https:\/\/blondeau.be\/fr\/produit\/kromschroder-ecomax\/\",\"url\":\"https:\/\/blondeau.be\/fr\/produit\/kromschroder-ecomax\/\",\"name\":\"Kromschr\u00f6der ECOMAX - Blondeau\",\"isPartOf\":{\"@id\":\"https:\/\/blondeau.be\/fr\/#website\"},\"primaryImageOfPage\":{\"@id\":\"https:\/\/blondeau.be\/fr\/produit\/kromschroder-ecomax\/#primaryimage\"},\"image\":{\"@id\":\"https:\/\/blondeau.be\/fr\/produit\/kromschroder-ecomax\/#primaryimage\"},\"thumbnailUrl\":\"https:\/\/blondeau.be\/wp-content\/uploads\/2025\/02\/ecomax-2.jpg\",\"datePublished\":\"2025-02-25T11:05:52+00:00\",\"dateModified\":\"2025-09-01T13:06:02+00:00\",\"breadcrumb\":{\"@id\":\"https:\/\/blondeau.be\/fr\/produit\/kromschroder-ecomax\/#breadcrumb\"},\"inLanguage\":\"fr-FR\",\"potentialAction\":[{\"@type\":\"ReadAction\",\"target\":[\"https:\/\/blondeau.be\/fr\/produit\/kromschroder-ecomax\/\"]}]},{\"@type\":\"ImageObject\",\"inLanguage\":\"fr-FR\",\"@id\":\"https:\/\/blondeau.be\/fr\/produit\/kromschroder-ecomax\/#primaryimage\",\"url\":\"https:\/\/blondeau.be\/wp-content\/uploads\/2025\/02\/ecomax-2.jpg\",\"contentUrl\":\"https:\/\/blondeau.be\/wp-content\/uploads\/2025\/02\/ecomax-2.jpg\",\"width\":656,\"height\":473},{\"@type\":\"BreadcrumbList\",\"@id\":\"https:\/\/blondeau.be\/fr\/produit\/kromschroder-ecomax\/#breadcrumb\",\"itemListElement\":[{\"@type\":\"ListItem\",\"position\":1,\"name\":\"Home\",\"item\":\"https:\/\/blondeau.be\/fr\/accueil\/\"},{\"@type\":\"ListItem\",\"position\":2,\"name\":\"Catalogue des produits\",\"item\":\"https:\/\/blondeau.be\/fr\/catalogue-des-produits\/\"},{\"@type\":\"ListItem\",\"position\":3,\"name\":\"Kromschr\u00f6der ECOMAX\"}]},{\"@type\":\"WebSite\",\"@id\":\"https:\/\/blondeau.be\/fr\/#website\",\"url\":\"https:\/\/blondeau.be\/fr\/\",\"name\":\"Blondeau\",\"description\":\"Industrial Heating\",\"publisher\":{\"@id\":\"https:\/\/blondeau.be\/fr\/#organization\"},\"potentialAction\":[{\"@type\":\"SearchAction\",\"target\":{\"@type\":\"EntryPoint\",\"urlTemplate\":\"https:\/\/blondeau.be\/fr\/?s={search_term_string}\"},\"query-input\":{\"@type\":\"PropertyValueSpecification\",\"valueRequired\":true,\"valueName\":\"search_term_string\"}}],\"inLanguage\":\"fr-FR\"},{\"@type\":\"Organization\",\"@id\":\"https:\/\/blondeau.be\/fr\/#organization\",\"name\":\"Blondeau\",\"url\":\"https:\/\/blondeau.be\/fr\/\",\"logo\":{\"@type\":\"ImageObject\",\"inLanguage\":\"fr-FR\",\"@id\":\"https:\/\/blondeau.be\/fr\/#\/schema\/logo\/image\/\",\"url\":\"https:\/\/blondeau.be\/wp-content\/uploads\/2025\/08\/Logo.jpg\",\"contentUrl\":\"https:\/\/blondeau.be\/wp-content\/uploads\/2025\/08\/Logo.jpg\",\"width\":600,\"height\":600,\"caption\":\"Blondeau\"},\"image\":{\"@id\":\"https:\/\/blondeau.be\/fr\/#\/schema\/logo\/image\/\"}}]}<\/script>\n<!-- \/ Yoast SEO plugin. -->","yoast_head_json":{"title":"Kromschr\u00f6der ECOMAX - Blondeau","robots":{"index":"index","follow":"follow","max-snippet":"max-snippet:-1","max-image-preview":"max-image-preview:large","max-video-preview":"max-video-preview:-1"},"canonical":"https:\/\/blondeau.be\/fr\/produit\/kromschroder-ecomax\/","og_locale":"fr_FR","og_type":"article","og_title":"Kromschr\u00f6der ECOMAX - Blondeau","og_description":"Le br\u00fbleur ECOMAX\u00ae est un br\u00fbleur auto-r\u00e9cup\u00e9ratif con\u00e7u pour le chauffage direct ou indirect des syst\u00e8mes de fours. Il est \u00e9quip\u00e9 d\u2019\u00e9changeurs de chaleur int\u00e9gr\u00e9s, disponibles en trois configurations \u2014 tube c\u00e9ramique, tube nervur\u00e9 en acier moul\u00e9 ou tube plat \u2014 et couvre une plage de puissance allant de 25 \u00e0 500\u202fkW. Ces br\u00fbleurs sont [&hellip;]","og_url":"https:\/\/blondeau.be\/fr\/produit\/kromschroder-ecomax\/","og_site_name":"Blondeau","article_modified_time":"2025-09-01T13:06:02+00:00","og_image":[{"width":656,"height":473,"url":"https:\/\/blondeau.be\/wp-content\/uploads\/2025\/02\/ecomax-2.jpg","type":"image\/jpeg"}],"twitter_card":"summary_large_image","twitter_misc":{"Dur\u00e9e de lecture estim\u00e9e":"1 minute"},"schema":{"@context":"https:\/\/schema.org","@graph":[{"@type":"WebPage","@id":"https:\/\/blondeau.be\/fr\/produit\/kromschroder-ecomax\/","url":"https:\/\/blondeau.be\/fr\/produit\/kromschroder-ecomax\/","name":"Kromschr\u00f6der ECOMAX - Blondeau","isPartOf":{"@id":"https:\/\/blondeau.be\/fr\/#website"},"primaryImageOfPage":{"@id":"https:\/\/blondeau.be\/fr\/produit\/kromschroder-ecomax\/#primaryimage"},"image":{"@id":"https:\/\/blondeau.be\/fr\/produit\/kromschroder-ecomax\/#primaryimage"},"thumbnailUrl":"https:\/\/blondeau.be\/wp-content\/uploads\/2025\/02\/ecomax-2.jpg","datePublished":"2025-02-25T11:05:52+00:00","dateModified":"2025-09-01T13:06:02+00:00","breadcrumb":{"@id":"https:\/\/blondeau.be\/fr\/produit\/kromschroder-ecomax\/#breadcrumb"},"inLanguage":"fr-FR","potentialAction":[{"@type":"ReadAction","target":["https:\/\/blondeau.be\/fr\/produit\/kromschroder-ecomax\/"]}]},{"@type":"ImageObject","inLanguage":"fr-FR","@id":"https:\/\/blondeau.be\/fr\/produit\/kromschroder-ecomax\/#primaryimage","url":"https:\/\/blondeau.be\/wp-content\/uploads\/2025\/02\/ecomax-2.jpg","contentUrl":"https:\/\/blondeau.be\/wp-content\/uploads\/2025\/02\/ecomax-2.jpg","width":656,"height":473},{"@type":"BreadcrumbList","@id":"https:\/\/blondeau.be\/fr\/produit\/kromschroder-ecomax\/#breadcrumb","itemListElement":[{"@type":"ListItem","position":1,"name":"Home","item":"https:\/\/blondeau.be\/fr\/accueil\/"},{"@type":"ListItem","position":2,"name":"Catalogue des produits","item":"https:\/\/blondeau.be\/fr\/catalogue-des-produits\/"},{"@type":"ListItem","position":3,"name":"Kromschr\u00f6der ECOMAX"}]},{"@type":"WebSite","@id":"https:\/\/blondeau.be\/fr\/#website","url":"https:\/\/blondeau.be\/fr\/","name":"Blondeau","description":"Industrial Heating","publisher":{"@id":"https:\/\/blondeau.be\/fr\/#organization"},"potentialAction":[{"@type":"SearchAction","target":{"@type":"EntryPoint","urlTemplate":"https:\/\/blondeau.be\/fr\/?s={search_term_string}"},"query-input":{"@type":"PropertyValueSpecification","valueRequired":true,"valueName":"search_term_string"}}],"inLanguage":"fr-FR"},{"@type":"Organization","@id":"https:\/\/blondeau.be\/fr\/#organization","name":"Blondeau","url":"https:\/\/blondeau.be\/fr\/","logo":{"@type":"ImageObject","inLanguage":"fr-FR","@id":"https:\/\/blondeau.be\/fr\/#\/schema\/logo\/image\/","url":"https:\/\/blondeau.be\/wp-content\/uploads\/2025\/08\/Logo.jpg","contentUrl":"https:\/\/blondeau.be\/wp-content\/uploads\/2025\/08\/Logo.jpg","width":600,"height":600,"caption":"Blondeau"},"image":{"@id":"https:\/\/blondeau.be\/fr\/#\/schema\/logo\/image\/"}}]}},"_links":{"self":[{"href":"https:\/\/blondeau.be\/fr\/wp-json\/wp\/v2\/product\/27996","targetHints":{"allow":["GET"]}}],"collection":[{"href":"https:\/\/blondeau.be\/fr\/wp-json\/wp\/v2\/product"}],"about":[{"href":"https:\/\/blondeau.be\/fr\/wp-json\/wp\/v2\/types\/product"}],"wp:featuredmedia":[{"embeddable":true,"href":"https:\/\/blondeau.be\/fr\/wp-json\/wp\/v2\/media\/27997"}],"wp:attachment":[{"href":"https:\/\/blondeau.be\/fr\/wp-json\/wp\/v2\/media?parent=27996"}],"wp:term":[{"taxonomy":"product_brand","embeddable":true,"href":"https:\/\/blondeau.be\/fr\/wp-json\/wp\/v2\/product_brand?post=27996"},{"taxonomy":"product_cat","embeddable":true,"href":"https:\/\/blondeau.be\/fr\/wp-json\/wp\/v2\/product_cat?post=27996"},{"taxonomy":"product_tag","embeddable":true,"href":"https:\/\/blondeau.be\/fr\/wp-json\/wp\/v2\/product_tag?post=27996"}],"curies":[{"name":"wp","href":"https:\/\/api.w.org\/{rel}","templated":true}]}}