{"id":27986,"date":"2025-02-25T17:48:24","date_gmt":"2025-02-25T15:48:24","guid":{"rendered":"https:\/\/blondeau.be\/product\/kromschroder-zmi\/"},"modified":"2025-09-01T15:48:30","modified_gmt":"2025-09-01T13:48:30","slug":"kromschroder-zmi","status":"publish","type":"product","link":"https:\/\/blondeau.be\/fr\/produit\/kromschroder-zmi\/","title":{"rendered":"Kromschr\u00f6der ZMI"},"content":{"rendered":"<p>Le <strong data-start=\"112\" data-end=\"119\">ZMI <\/strong>est un br\u00fbleur pilote \u00e0 air forc\u00e9, sp\u00e9cialement d\u00e9velopp\u00e9 pour assurer un allumage s\u00e9curis\u00e9 et une surveillance efficace de la flamme des br\u00fbleurs \u00e0 gaz dans les fours industriels. Il est principalement utilis\u00e9 dans des secteurs tels que la m\u00e9tallurgie, l\u2019industrie c\u00e9ramique et les m\u00e9taux non ferreux. Le ZMI fonctionne avec une \u00e9lectrode unique pour l\u2019allumage et le contr\u00f4le par ionisation, garantissant un allumage \u00e9lectrique fiable et une supervision s\u00fbre de la flamme. Gr\u00e2ce \u00e0 sa conception compacte et \u00e0 son syst\u00e8me de fixation r\u00e9glable, il s\u2019int\u00e8gre facilement dans une grande vari\u00e9t\u00e9 d\u2019installations. Pour les applications \u00e0 haute temp\u00e9rature, la version <strong data-start=\"716\" data-end=\"732\">ZMIC <\/strong>est disponible, dot\u00e9e d\u2019une pointe en c\u00e9ramique offrant une dur\u00e9e de vie prolong\u00e9e et une flamme plus pr\u00e9cise et mieux concentr\u00e9e.    <\/p>\n<p><strong>Caract\u00e9ristiques et avantages :<\/strong><\/p>\n<ul>\n<li>Le br\u00fbleur a une puissance allant de 0,8 \u00e0 3,4 kW.<\/li>\n<li>Convient pour le gaz naturel, le gaz de ville ou le GPL<\/li>\n<li>La longueur du tube du br\u00fbleur varie entre 150 et 1000 mm, avec un raccord filet\u00e9.<\/li>\n<li>Utilisation polyvalente, \u00e9galement comme br\u00fbleur autonome<\/li>\n<li>Entretien facile gr\u00e2ce \u00e0 une conception simple<\/li>\n<li>Option : ZMIC avec pointe en c\u00e9ramique<\/li>\n<\/ul>\n<p><strong>Documentation :<\/strong><\/p>\n","protected":false},"excerpt":{"rendered":"<p>Le ZMI est un br\u00fbleur pilote \u00e0 air forc\u00e9, sp\u00e9cialement d\u00e9velopp\u00e9 pour assurer un allumage s\u00e9curis\u00e9 et une surveillance efficace de la flamme des br\u00fbleurs \u00e0 gaz dans les fours industriels. Il est principalement utilis\u00e9 dans des secteurs tels que la m\u00e9tallurgie, l\u2019industrie c\u00e9ramique et les m\u00e9taux non ferreux. Le ZMI fonctionne avec une \u00e9lectrode [&hellip;]<\/p>\n","protected":false},"featured_media":27991,"template":"","meta":{"_acf_changed":false},"product_brand":[],"product_cat":[385],"product_tag":[386],"class_list":{"0":"post-27986","1":"product","2":"type-product","3":"status-publish","4":"has-post-thumbnail","6":"product_cat-bruleurs-pilotes","7":"product_tag-bruleurs-pilotes","9":"first","10":"instock","11":"taxable","12":"shipping-taxable","13":"product-type-simple"},"acf":[],"yoast_head":"<!-- This site is optimized with the Yoast SEO plugin v26.8 - https:\/\/yoast.com\/product\/yoast-seo-wordpress\/ -->\n<title>Kromschr\u00f6der ZMI - Blondeau<\/title>\n<meta name=\"robots\" content=\"index, follow, max-snippet:-1, max-image-preview:large, max-video-preview:-1\" \/>\n<link rel=\"canonical\" href=\"https:\/\/blondeau.be\/fr\/produit\/kromschroder-zmi\/\" \/>\n<meta property=\"og:locale\" content=\"fr_FR\" \/>\n<meta property=\"og:type\" content=\"article\" \/>\n<meta property=\"og:title\" content=\"Kromschr\u00f6der ZMI - Blondeau\" \/>\n<meta property=\"og:description\" content=\"Le ZMI est un br\u00fbleur pilote \u00e0 air forc\u00e9, sp\u00e9cialement d\u00e9velopp\u00e9 pour assurer un allumage s\u00e9curis\u00e9 et une surveillance efficace de la flamme des br\u00fbleurs \u00e0 gaz dans les fours industriels. Il est principalement utilis\u00e9 dans des secteurs tels que la m\u00e9tallurgie, l\u2019industrie c\u00e9ramique et les m\u00e9taux non ferreux. Le ZMI fonctionne avec une \u00e9lectrode [&hellip;]\" \/>\n<meta property=\"og:url\" content=\"https:\/\/blondeau.be\/fr\/produit\/kromschroder-zmi\/\" \/>\n<meta property=\"og:site_name\" content=\"Blondeau\" \/>\n<meta property=\"article:modified_time\" content=\"2025-09-01T13:48:30+00:00\" \/>\n<meta property=\"og:image\" content=\"https:\/\/blondeau.be\/wp-content\/uploads\/2025\/02\/ZMI.jpg\" \/>\n\t<meta property=\"og:image:width\" content=\"704\" \/>\n\t<meta property=\"og:image:height\" content=\"465\" \/>\n\t<meta property=\"og:image:type\" content=\"image\/jpeg\" \/>\n<meta name=\"twitter:card\" content=\"summary_large_image\" \/>\n<meta name=\"twitter:label1\" content=\"Dur\u00e9e de lecture estim\u00e9e\" \/>\n\t<meta name=\"twitter:data1\" content=\"2 minutes\" \/>\n<script type=\"application\/ld+json\" class=\"yoast-schema-graph\">{\"@context\":\"https:\/\/schema.org\",\"@graph\":[{\"@type\":\"WebPage\",\"@id\":\"https:\/\/blondeau.be\/fr\/produit\/kromschroder-zmi\/\",\"url\":\"https:\/\/blondeau.be\/fr\/produit\/kromschroder-zmi\/\",\"name\":\"Kromschr\u00f6der ZMI - Blondeau\",\"isPartOf\":{\"@id\":\"https:\/\/blondeau.be\/fr\/#website\"},\"primaryImageOfPage\":{\"@id\":\"https:\/\/blondeau.be\/fr\/produit\/kromschroder-zmi\/#primaryimage\"},\"image\":{\"@id\":\"https:\/\/blondeau.be\/fr\/produit\/kromschroder-zmi\/#primaryimage\"},\"thumbnailUrl\":\"https:\/\/blondeau.be\/wp-content\/uploads\/2025\/02\/ZMI.jpg\",\"datePublished\":\"2025-02-25T15:48:24+00:00\",\"dateModified\":\"2025-09-01T13:48:30+00:00\",\"breadcrumb\":{\"@id\":\"https:\/\/blondeau.be\/fr\/produit\/kromschroder-zmi\/#breadcrumb\"},\"inLanguage\":\"fr-FR\",\"potentialAction\":[{\"@type\":\"ReadAction\",\"target\":[\"https:\/\/blondeau.be\/fr\/produit\/kromschroder-zmi\/\"]}]},{\"@type\":\"ImageObject\",\"inLanguage\":\"fr-FR\",\"@id\":\"https:\/\/blondeau.be\/fr\/produit\/kromschroder-zmi\/#primaryimage\",\"url\":\"https:\/\/blondeau.be\/wp-content\/uploads\/2025\/02\/ZMI.jpg\",\"contentUrl\":\"https:\/\/blondeau.be\/wp-content\/uploads\/2025\/02\/ZMI.jpg\",\"width\":704,\"height\":465},{\"@type\":\"BreadcrumbList\",\"@id\":\"https:\/\/blondeau.be\/fr\/produit\/kromschroder-zmi\/#breadcrumb\",\"itemListElement\":[{\"@type\":\"ListItem\",\"position\":1,\"name\":\"Home\",\"item\":\"https:\/\/blondeau.be\/fr\/accueil\/\"},{\"@type\":\"ListItem\",\"position\":2,\"name\":\"Catalogue des produits\",\"item\":\"https:\/\/blondeau.be\/fr\/catalogue-des-produits\/\"},{\"@type\":\"ListItem\",\"position\":3,\"name\":\"Kromschr\u00f6der ZMI\"}]},{\"@type\":\"WebSite\",\"@id\":\"https:\/\/blondeau.be\/fr\/#website\",\"url\":\"https:\/\/blondeau.be\/fr\/\",\"name\":\"Blondeau\",\"description\":\"Industrial Heating\",\"publisher\":{\"@id\":\"https:\/\/blondeau.be\/fr\/#organization\"},\"potentialAction\":[{\"@type\":\"SearchAction\",\"target\":{\"@type\":\"EntryPoint\",\"urlTemplate\":\"https:\/\/blondeau.be\/fr\/?s={search_term_string}\"},\"query-input\":{\"@type\":\"PropertyValueSpecification\",\"valueRequired\":true,\"valueName\":\"search_term_string\"}}],\"inLanguage\":\"fr-FR\"},{\"@type\":\"Organization\",\"@id\":\"https:\/\/blondeau.be\/fr\/#organization\",\"name\":\"Blondeau\",\"url\":\"https:\/\/blondeau.be\/fr\/\",\"logo\":{\"@type\":\"ImageObject\",\"inLanguage\":\"fr-FR\",\"@id\":\"https:\/\/blondeau.be\/fr\/#\/schema\/logo\/image\/\",\"url\":\"https:\/\/blondeau.be\/wp-content\/uploads\/2025\/08\/Logo.jpg\",\"contentUrl\":\"https:\/\/blondeau.be\/wp-content\/uploads\/2025\/08\/Logo.jpg\",\"width\":600,\"height\":600,\"caption\":\"Blondeau\"},\"image\":{\"@id\":\"https:\/\/blondeau.be\/fr\/#\/schema\/logo\/image\/\"}}]}<\/script>\n<!-- \/ Yoast SEO plugin. -->","yoast_head_json":{"title":"Kromschr\u00f6der ZMI - Blondeau","robots":{"index":"index","follow":"follow","max-snippet":"max-snippet:-1","max-image-preview":"max-image-preview:large","max-video-preview":"max-video-preview:-1"},"canonical":"https:\/\/blondeau.be\/fr\/produit\/kromschroder-zmi\/","og_locale":"fr_FR","og_type":"article","og_title":"Kromschr\u00f6der ZMI - Blondeau","og_description":"Le ZMI est un br\u00fbleur pilote \u00e0 air forc\u00e9, sp\u00e9cialement d\u00e9velopp\u00e9 pour assurer un allumage s\u00e9curis\u00e9 et une surveillance efficace de la flamme des br\u00fbleurs \u00e0 gaz dans les fours industriels. Il est principalement utilis\u00e9 dans des secteurs tels que la m\u00e9tallurgie, l\u2019industrie c\u00e9ramique et les m\u00e9taux non ferreux. Le ZMI fonctionne avec une \u00e9lectrode [&hellip;]","og_url":"https:\/\/blondeau.be\/fr\/produit\/kromschroder-zmi\/","og_site_name":"Blondeau","article_modified_time":"2025-09-01T13:48:30+00:00","og_image":[{"width":704,"height":465,"url":"https:\/\/blondeau.be\/wp-content\/uploads\/2025\/02\/ZMI.jpg","type":"image\/jpeg"}],"twitter_card":"summary_large_image","twitter_misc":{"Dur\u00e9e de lecture estim\u00e9e":"2 minutes"},"schema":{"@context":"https:\/\/schema.org","@graph":[{"@type":"WebPage","@id":"https:\/\/blondeau.be\/fr\/produit\/kromschroder-zmi\/","url":"https:\/\/blondeau.be\/fr\/produit\/kromschroder-zmi\/","name":"Kromschr\u00f6der ZMI - Blondeau","isPartOf":{"@id":"https:\/\/blondeau.be\/fr\/#website"},"primaryImageOfPage":{"@id":"https:\/\/blondeau.be\/fr\/produit\/kromschroder-zmi\/#primaryimage"},"image":{"@id":"https:\/\/blondeau.be\/fr\/produit\/kromschroder-zmi\/#primaryimage"},"thumbnailUrl":"https:\/\/blondeau.be\/wp-content\/uploads\/2025\/02\/ZMI.jpg","datePublished":"2025-02-25T15:48:24+00:00","dateModified":"2025-09-01T13:48:30+00:00","breadcrumb":{"@id":"https:\/\/blondeau.be\/fr\/produit\/kromschroder-zmi\/#breadcrumb"},"inLanguage":"fr-FR","potentialAction":[{"@type":"ReadAction","target":["https:\/\/blondeau.be\/fr\/produit\/kromschroder-zmi\/"]}]},{"@type":"ImageObject","inLanguage":"fr-FR","@id":"https:\/\/blondeau.be\/fr\/produit\/kromschroder-zmi\/#primaryimage","url":"https:\/\/blondeau.be\/wp-content\/uploads\/2025\/02\/ZMI.jpg","contentUrl":"https:\/\/blondeau.be\/wp-content\/uploads\/2025\/02\/ZMI.jpg","width":704,"height":465},{"@type":"BreadcrumbList","@id":"https:\/\/blondeau.be\/fr\/produit\/kromschroder-zmi\/#breadcrumb","itemListElement":[{"@type":"ListItem","position":1,"name":"Home","item":"https:\/\/blondeau.be\/fr\/accueil\/"},{"@type":"ListItem","position":2,"name":"Catalogue des produits","item":"https:\/\/blondeau.be\/fr\/catalogue-des-produits\/"},{"@type":"ListItem","position":3,"name":"Kromschr\u00f6der ZMI"}]},{"@type":"WebSite","@id":"https:\/\/blondeau.be\/fr\/#website","url":"https:\/\/blondeau.be\/fr\/","name":"Blondeau","description":"Industrial Heating","publisher":{"@id":"https:\/\/blondeau.be\/fr\/#organization"},"potentialAction":[{"@type":"SearchAction","target":{"@type":"EntryPoint","urlTemplate":"https:\/\/blondeau.be\/fr\/?s={search_term_string}"},"query-input":{"@type":"PropertyValueSpecification","valueRequired":true,"valueName":"search_term_string"}}],"inLanguage":"fr-FR"},{"@type":"Organization","@id":"https:\/\/blondeau.be\/fr\/#organization","name":"Blondeau","url":"https:\/\/blondeau.be\/fr\/","logo":{"@type":"ImageObject","inLanguage":"fr-FR","@id":"https:\/\/blondeau.be\/fr\/#\/schema\/logo\/image\/","url":"https:\/\/blondeau.be\/wp-content\/uploads\/2025\/08\/Logo.jpg","contentUrl":"https:\/\/blondeau.be\/wp-content\/uploads\/2025\/08\/Logo.jpg","width":600,"height":600,"caption":"Blondeau"},"image":{"@id":"https:\/\/blondeau.be\/fr\/#\/schema\/logo\/image\/"}}]}},"_links":{"self":[{"href":"https:\/\/blondeau.be\/fr\/wp-json\/wp\/v2\/product\/27986","targetHints":{"allow":["GET"]}}],"collection":[{"href":"https:\/\/blondeau.be\/fr\/wp-json\/wp\/v2\/product"}],"about":[{"href":"https:\/\/blondeau.be\/fr\/wp-json\/wp\/v2\/types\/product"}],"wp:featuredmedia":[{"embeddable":true,"href":"https:\/\/blondeau.be\/fr\/wp-json\/wp\/v2\/media\/27991"}],"wp:attachment":[{"href":"https:\/\/blondeau.be\/fr\/wp-json\/wp\/v2\/media?parent=27986"}],"wp:term":[{"taxonomy":"product_brand","embeddable":true,"href":"https:\/\/blondeau.be\/fr\/wp-json\/wp\/v2\/product_brand?post=27986"},{"taxonomy":"product_cat","embeddable":true,"href":"https:\/\/blondeau.be\/fr\/wp-json\/wp\/v2\/product_cat?post=27986"},{"taxonomy":"product_tag","embeddable":true,"href":"https:\/\/blondeau.be\/fr\/wp-json\/wp\/v2\/product_tag?post=27986"}],"curies":[{"name":"wp","href":"https:\/\/api.w.org\/{rel}","templated":true}]}}