{"id":27978,"date":"2025-02-25T09:48:05","date_gmt":"2025-02-25T07:48:05","guid":{"rendered":"https:\/\/blondeau.be\/product\/kromschroder-bio-bioa-biow-zio-ziow\/"},"modified":"2025-09-05T10:05:58","modified_gmt":"2025-09-05T08:05:58","slug":"kromschroder-bio-bioa-biow-zio-ziow","status":"publish","type":"product","link":"https:\/\/blondeau.be\/fr\/produit\/kromschroder-bio-bioa-biow-zio-ziow\/","title":{"rendered":"Kromschr\u00f6der BIO, BIOA, BIOW, ZIO, ZIOW"},"content":{"rendered":"<p data-start=\"90\" data-end=\"264\">Ces br\u00fbleurs, \u00e9quip\u00e9s de corps en fonte d&rsquo;acier (BIC), en aluminium (BICA) ou en t\u00f4le d&rsquo;acier (ZIC), sont sp\u00e9cifiquement con\u00e7us pour le chauffage des installations thermiques industrielles. Associ\u00e9s \u00e0 un bloc br\u00fbleur en b\u00e9ton r\u00e9fractaire ou \u00e0 un tube br\u00fbleur allong\u00e9 et r\u00e9sistant \u00e0 la chaleur, ils sont adapt\u00e9s au chauffage des installations thermiques industrielles. <\/p>\n<p data-start=\"266\" data-end=\"294\"><strong data-start=\"120\" data-end=\"146\">Caract\u00e9ristiques et avantages :<\/strong><\/p>\n<ul data-start=\"295\" data-end=\"829\" data-is-only-node=\"\" data-is-last-node=\"\">\n<li data-start=\"295\" data-end=\"325\">Taille du br\u00fbleur : 50 \u00e0 200<\/li>\n<li data-start=\"326\" data-end=\"354\">Puissance : 40 \u00e0 1000 kW<\/li>\n<li data-start=\"355\" data-end=\"440\">Applications : convient pour l&rsquo;air froid, l&rsquo;air chaud, les flammes plates et les applications \u00e0 haute temp\u00e9rature<\/li>\n<li data-start=\"441\" data-end=\"590\">gaz naturel, gaz de cokerie, gaz de ville, gaz liqu\u00e9fi\u00e9s, ainsi que, sur demande, du m\u00e9thane d\u2019origine biologique ou des gaz \u00e0 faible pouvoir calorifique<\/li>\n<li data-start=\"591\" data-end=\"624\">Longueur du br\u00fbleur : 50 \u00e0 1000 mm<\/li>\n<li data-start=\"625\" data-end=\"657\">Raccordement au gaz : filet\u00e9<\/li>\n<li data-start=\"658\" data-end=\"725\">Raccordement d&rsquo;air : filetage ou bride (BIOA : raccord de tuyauterie)<\/li>\n<li data-start=\"726\" data-end=\"829\" data-is-last-node=\"\">Versions disponibles : br\u00fbleur avec lance d&rsquo;allumage int\u00e9gr\u00e9e et bo\u00eetier avec isolation interne<\/li>\n<li data-start=\"0\" data-end=\"69\">Diff\u00e9rentes formes de flammes peuvent \u00eatre obtenues en utilisant des blocs de br\u00fbleurs de g\u00e9om\u00e9tries diff\u00e9rentes.<\/li>\n<li data-start=\"184\" data-end=\"240\">Large gamme de puissance jusqu&rsquo;\u00e0 1000 kW (3782 \u00d7 10\u00b3 BTU\/h)<\/li>\n<li data-start=\"335\" data-end=\"377\" data-is-last-node=\"\">Pr\u00e9chauffage de l&rsquo;air jusqu&rsquo;\u00e0 600\u00b0C<\/li>\n<\/ul>\n<p><strong>Documentation :<\/strong><\/p>\n","protected":false},"excerpt":{"rendered":"<p>Ces br\u00fbleurs, \u00e9quip\u00e9s de corps en fonte d&rsquo;acier (BIC), en aluminium (BICA) ou en t\u00f4le d&rsquo;acier (ZIC), sont sp\u00e9cifiquement con\u00e7us pour le chauffage des installations thermiques industrielles. Associ\u00e9s \u00e0 un bloc br\u00fbleur en b\u00e9ton r\u00e9fractaire ou \u00e0 un tube br\u00fbleur allong\u00e9 et r\u00e9sistant \u00e0 la chaleur, ils sont adapt\u00e9s au chauffage des installations thermiques industrielles. [&hellip;]<\/p>\n","protected":false},"featured_media":27984,"template":"","meta":{"_acf_changed":false},"product_brand":[],"product_cat":[384],"product_tag":[366],"class_list":{"0":"post-27978","1":"product","2":"type-product","3":"status-publish","4":"has-post-thumbnail","6":"product_cat-bruleurs-melange-au-nez","7":"product_tag-bruleurs-melange","9":"first","10":"instock","11":"taxable","12":"shipping-taxable","13":"product-type-simple"},"acf":[],"yoast_head":"<!-- This site is optimized with the Yoast SEO plugin v26.8 - https:\/\/yoast.com\/product\/yoast-seo-wordpress\/ -->\n<title>Kromschr\u00f6der BIO, BIOA, BIOW, ZIO, ZIOW - Blondeau<\/title>\n<meta name=\"robots\" content=\"index, follow, max-snippet:-1, max-image-preview:large, max-video-preview:-1\" \/>\n<link rel=\"canonical\" href=\"https:\/\/blondeau.be\/fr\/produit\/kromschroder-bio-bioa-biow-zio-ziow\/\" \/>\n<meta property=\"og:locale\" content=\"fr_FR\" \/>\n<meta property=\"og:type\" content=\"article\" \/>\n<meta property=\"og:title\" content=\"Kromschr\u00f6der BIO, BIOA, BIOW, ZIO, ZIOW - Blondeau\" \/>\n<meta property=\"og:description\" content=\"Ces br\u00fbleurs, \u00e9quip\u00e9s de corps en fonte d&rsquo;acier (BIC), en aluminium (BICA) ou en t\u00f4le d&rsquo;acier (ZIC), sont sp\u00e9cifiquement con\u00e7us pour le chauffage des installations thermiques industrielles. Associ\u00e9s \u00e0 un bloc br\u00fbleur en b\u00e9ton r\u00e9fractaire ou \u00e0 un tube br\u00fbleur allong\u00e9 et r\u00e9sistant \u00e0 la chaleur, ils sont adapt\u00e9s au chauffage des installations thermiques industrielles. [&hellip;]\" \/>\n<meta property=\"og:url\" content=\"https:\/\/blondeau.be\/fr\/produit\/kromschroder-bio-bioa-biow-zio-ziow\/\" \/>\n<meta property=\"og:site_name\" content=\"Blondeau\" \/>\n<meta property=\"article:modified_time\" content=\"2025-09-05T08:05:58+00:00\" \/>\n<meta property=\"og:image\" content=\"https:\/\/blondeau.be\/wp-content\/uploads\/2025\/02\/Bio-1-1.jpg\" \/>\n\t<meta property=\"og:image:width\" content=\"566\" \/>\n\t<meta property=\"og:image:height\" content=\"504\" \/>\n\t<meta property=\"og:image:type\" content=\"image\/jpeg\" \/>\n<meta name=\"twitter:card\" content=\"summary_large_image\" \/>\n<meta name=\"twitter:label1\" content=\"Dur\u00e9e de lecture estim\u00e9e\" \/>\n\t<meta name=\"twitter:data1\" content=\"1 minute\" \/>\n<script type=\"application\/ld+json\" class=\"yoast-schema-graph\">{\"@context\":\"https:\/\/schema.org\",\"@graph\":[{\"@type\":\"WebPage\",\"@id\":\"https:\/\/blondeau.be\/fr\/produit\/kromschroder-bio-bioa-biow-zio-ziow\/\",\"url\":\"https:\/\/blondeau.be\/fr\/produit\/kromschroder-bio-bioa-biow-zio-ziow\/\",\"name\":\"Kromschr\u00f6der BIO, BIOA, BIOW, ZIO, ZIOW - Blondeau\",\"isPartOf\":{\"@id\":\"https:\/\/blondeau.be\/fr\/#website\"},\"primaryImageOfPage\":{\"@id\":\"https:\/\/blondeau.be\/fr\/produit\/kromschroder-bio-bioa-biow-zio-ziow\/#primaryimage\"},\"image\":{\"@id\":\"https:\/\/blondeau.be\/fr\/produit\/kromschroder-bio-bioa-biow-zio-ziow\/#primaryimage\"},\"thumbnailUrl\":\"https:\/\/blondeau.be\/wp-content\/uploads\/2025\/02\/Bio-1-1.jpg\",\"datePublished\":\"2025-02-25T07:48:05+00:00\",\"dateModified\":\"2025-09-05T08:05:58+00:00\",\"breadcrumb\":{\"@id\":\"https:\/\/blondeau.be\/fr\/produit\/kromschroder-bio-bioa-biow-zio-ziow\/#breadcrumb\"},\"inLanguage\":\"fr-FR\",\"potentialAction\":[{\"@type\":\"ReadAction\",\"target\":[\"https:\/\/blondeau.be\/fr\/produit\/kromschroder-bio-bioa-biow-zio-ziow\/\"]}]},{\"@type\":\"ImageObject\",\"inLanguage\":\"fr-FR\",\"@id\":\"https:\/\/blondeau.be\/fr\/produit\/kromschroder-bio-bioa-biow-zio-ziow\/#primaryimage\",\"url\":\"https:\/\/blondeau.be\/wp-content\/uploads\/2025\/02\/Bio-1-1.jpg\",\"contentUrl\":\"https:\/\/blondeau.be\/wp-content\/uploads\/2025\/02\/Bio-1-1.jpg\",\"width\":566,\"height\":504},{\"@type\":\"BreadcrumbList\",\"@id\":\"https:\/\/blondeau.be\/fr\/produit\/kromschroder-bio-bioa-biow-zio-ziow\/#breadcrumb\",\"itemListElement\":[{\"@type\":\"ListItem\",\"position\":1,\"name\":\"Home\",\"item\":\"https:\/\/blondeau.be\/fr\/accueil\/\"},{\"@type\":\"ListItem\",\"position\":2,\"name\":\"Catalogue des produits\",\"item\":\"https:\/\/blondeau.be\/fr\/catalogue-des-produits\/\"},{\"@type\":\"ListItem\",\"position\":3,\"name\":\"Kromschr\u00f6der BIO, BIOA, BIOW, ZIO, ZIOW\"}]},{\"@type\":\"WebSite\",\"@id\":\"https:\/\/blondeau.be\/fr\/#website\",\"url\":\"https:\/\/blondeau.be\/fr\/\",\"name\":\"Blondeau\",\"description\":\"Industrial Heating\",\"publisher\":{\"@id\":\"https:\/\/blondeau.be\/fr\/#organization\"},\"potentialAction\":[{\"@type\":\"SearchAction\",\"target\":{\"@type\":\"EntryPoint\",\"urlTemplate\":\"https:\/\/blondeau.be\/fr\/?s={search_term_string}\"},\"query-input\":{\"@type\":\"PropertyValueSpecification\",\"valueRequired\":true,\"valueName\":\"search_term_string\"}}],\"inLanguage\":\"fr-FR\"},{\"@type\":\"Organization\",\"@id\":\"https:\/\/blondeau.be\/fr\/#organization\",\"name\":\"Blondeau\",\"url\":\"https:\/\/blondeau.be\/fr\/\",\"logo\":{\"@type\":\"ImageObject\",\"inLanguage\":\"fr-FR\",\"@id\":\"https:\/\/blondeau.be\/fr\/#\/schema\/logo\/image\/\",\"url\":\"https:\/\/blondeau.be\/wp-content\/uploads\/2025\/08\/Logo.jpg\",\"contentUrl\":\"https:\/\/blondeau.be\/wp-content\/uploads\/2025\/08\/Logo.jpg\",\"width\":600,\"height\":600,\"caption\":\"Blondeau\"},\"image\":{\"@id\":\"https:\/\/blondeau.be\/fr\/#\/schema\/logo\/image\/\"}}]}<\/script>\n<!-- \/ Yoast SEO plugin. -->","yoast_head_json":{"title":"Kromschr\u00f6der BIO, BIOA, BIOW, ZIO, ZIOW - Blondeau","robots":{"index":"index","follow":"follow","max-snippet":"max-snippet:-1","max-image-preview":"max-image-preview:large","max-video-preview":"max-video-preview:-1"},"canonical":"https:\/\/blondeau.be\/fr\/produit\/kromschroder-bio-bioa-biow-zio-ziow\/","og_locale":"fr_FR","og_type":"article","og_title":"Kromschr\u00f6der BIO, BIOA, BIOW, ZIO, ZIOW - Blondeau","og_description":"Ces br\u00fbleurs, \u00e9quip\u00e9s de corps en fonte d&rsquo;acier (BIC), en aluminium (BICA) ou en t\u00f4le d&rsquo;acier (ZIC), sont sp\u00e9cifiquement con\u00e7us pour le chauffage des installations thermiques industrielles. Associ\u00e9s \u00e0 un bloc br\u00fbleur en b\u00e9ton r\u00e9fractaire ou \u00e0 un tube br\u00fbleur allong\u00e9 et r\u00e9sistant \u00e0 la chaleur, ils sont adapt\u00e9s au chauffage des installations thermiques industrielles. [&hellip;]","og_url":"https:\/\/blondeau.be\/fr\/produit\/kromschroder-bio-bioa-biow-zio-ziow\/","og_site_name":"Blondeau","article_modified_time":"2025-09-05T08:05:58+00:00","og_image":[{"width":566,"height":504,"url":"https:\/\/blondeau.be\/wp-content\/uploads\/2025\/02\/Bio-1-1.jpg","type":"image\/jpeg"}],"twitter_card":"summary_large_image","twitter_misc":{"Dur\u00e9e de lecture estim\u00e9e":"1 minute"},"schema":{"@context":"https:\/\/schema.org","@graph":[{"@type":"WebPage","@id":"https:\/\/blondeau.be\/fr\/produit\/kromschroder-bio-bioa-biow-zio-ziow\/","url":"https:\/\/blondeau.be\/fr\/produit\/kromschroder-bio-bioa-biow-zio-ziow\/","name":"Kromschr\u00f6der BIO, BIOA, BIOW, ZIO, ZIOW - Blondeau","isPartOf":{"@id":"https:\/\/blondeau.be\/fr\/#website"},"primaryImageOfPage":{"@id":"https:\/\/blondeau.be\/fr\/produit\/kromschroder-bio-bioa-biow-zio-ziow\/#primaryimage"},"image":{"@id":"https:\/\/blondeau.be\/fr\/produit\/kromschroder-bio-bioa-biow-zio-ziow\/#primaryimage"},"thumbnailUrl":"https:\/\/blondeau.be\/wp-content\/uploads\/2025\/02\/Bio-1-1.jpg","datePublished":"2025-02-25T07:48:05+00:00","dateModified":"2025-09-05T08:05:58+00:00","breadcrumb":{"@id":"https:\/\/blondeau.be\/fr\/produit\/kromschroder-bio-bioa-biow-zio-ziow\/#breadcrumb"},"inLanguage":"fr-FR","potentialAction":[{"@type":"ReadAction","target":["https:\/\/blondeau.be\/fr\/produit\/kromschroder-bio-bioa-biow-zio-ziow\/"]}]},{"@type":"ImageObject","inLanguage":"fr-FR","@id":"https:\/\/blondeau.be\/fr\/produit\/kromschroder-bio-bioa-biow-zio-ziow\/#primaryimage","url":"https:\/\/blondeau.be\/wp-content\/uploads\/2025\/02\/Bio-1-1.jpg","contentUrl":"https:\/\/blondeau.be\/wp-content\/uploads\/2025\/02\/Bio-1-1.jpg","width":566,"height":504},{"@type":"BreadcrumbList","@id":"https:\/\/blondeau.be\/fr\/produit\/kromschroder-bio-bioa-biow-zio-ziow\/#breadcrumb","itemListElement":[{"@type":"ListItem","position":1,"name":"Home","item":"https:\/\/blondeau.be\/fr\/accueil\/"},{"@type":"ListItem","position":2,"name":"Catalogue des produits","item":"https:\/\/blondeau.be\/fr\/catalogue-des-produits\/"},{"@type":"ListItem","position":3,"name":"Kromschr\u00f6der BIO, BIOA, BIOW, ZIO, ZIOW"}]},{"@type":"WebSite","@id":"https:\/\/blondeau.be\/fr\/#website","url":"https:\/\/blondeau.be\/fr\/","name":"Blondeau","description":"Industrial Heating","publisher":{"@id":"https:\/\/blondeau.be\/fr\/#organization"},"potentialAction":[{"@type":"SearchAction","target":{"@type":"EntryPoint","urlTemplate":"https:\/\/blondeau.be\/fr\/?s={search_term_string}"},"query-input":{"@type":"PropertyValueSpecification","valueRequired":true,"valueName":"search_term_string"}}],"inLanguage":"fr-FR"},{"@type":"Organization","@id":"https:\/\/blondeau.be\/fr\/#organization","name":"Blondeau","url":"https:\/\/blondeau.be\/fr\/","logo":{"@type":"ImageObject","inLanguage":"fr-FR","@id":"https:\/\/blondeau.be\/fr\/#\/schema\/logo\/image\/","url":"https:\/\/blondeau.be\/wp-content\/uploads\/2025\/08\/Logo.jpg","contentUrl":"https:\/\/blondeau.be\/wp-content\/uploads\/2025\/08\/Logo.jpg","width":600,"height":600,"caption":"Blondeau"},"image":{"@id":"https:\/\/blondeau.be\/fr\/#\/schema\/logo\/image\/"}}]}},"_links":{"self":[{"href":"https:\/\/blondeau.be\/fr\/wp-json\/wp\/v2\/product\/27978","targetHints":{"allow":["GET"]}}],"collection":[{"href":"https:\/\/blondeau.be\/fr\/wp-json\/wp\/v2\/product"}],"about":[{"href":"https:\/\/blondeau.be\/fr\/wp-json\/wp\/v2\/types\/product"}],"wp:featuredmedia":[{"embeddable":true,"href":"https:\/\/blondeau.be\/fr\/wp-json\/wp\/v2\/media\/27984"}],"wp:attachment":[{"href":"https:\/\/blondeau.be\/fr\/wp-json\/wp\/v2\/media?parent=27978"}],"wp:term":[{"taxonomy":"product_brand","embeddable":true,"href":"https:\/\/blondeau.be\/fr\/wp-json\/wp\/v2\/product_brand?post=27978"},{"taxonomy":"product_cat","embeddable":true,"href":"https:\/\/blondeau.be\/fr\/wp-json\/wp\/v2\/product_cat?post=27978"},{"taxonomy":"product_tag","embeddable":true,"href":"https:\/\/blondeau.be\/fr\/wp-json\/wp\/v2\/product_tag?post=27978"}],"curies":[{"name":"wp","href":"https:\/\/api.w.org\/{rel}","templated":true}]}}