{"id":27970,"date":"2025-03-18T20:51:09","date_gmt":"2025-03-18T18:51:09","guid":{"rendered":"https:\/\/blondeau.be\/product\/accessoires-kromschroder-valvario\/"},"modified":"2025-07-23T18:24:29","modified_gmt":"2025-07-23T16:24:29","slug":"accessoires-kromschroder-valvario","status":"publish","type":"product","link":"https:\/\/blondeau.be\/fr\/produit\/accessoires-kromschroder-valvario\/","title":{"rendered":"Accessoires Kromschr\u00f6der Valvario"},"content":{"rendered":"<p data-start=\"0\" data-end=\"172\">La s\u00e9rie <strong>ValVario<\/strong> de Kromschr\u00f6der comprend une gamme de vannes modulaires pour le contr\u00f4le de l&rsquo;air et du carburant. Les accessoires pour ces vannes comprennent les <strong>VMF<\/strong>, <strong>VMO<\/strong>, <strong>VMV<\/strong> et <strong>VBY<\/strong>. <\/p>\n<ul>\n<li><strong>VMF (module de filtration)<\/strong>: Ce module contient un \u00e9l\u00e9ment filtrant rempla\u00e7able qui emp\u00eache les contaminants d&rsquo;atteindre les composants suivants.<\/li>\n<li><strong>VMO <\/strong>(Bride de mesure) : La VMO est une bride de mesure compacte qui permet de mesurer le d\u00e9bit de combustible. Elle peut \u00e9galement faire office de vanne d&rsquo;\u00e9tranglement lorsqu&rsquo;elle est utilis\u00e9e en combinaison avec les \u00e9lectrovannes \u00e0 gaz ValVario et les vannes de r\u00e9gulation de gaz. <\/li>\n<li><strong>VMV <\/strong>(Vanne de r\u00e9glage fin) : Ce module est utilis\u00e9 pour le r\u00e9glage pr\u00e9cis du d\u00e9bit de gaz ou d&rsquo;air vers les br\u00fbleurs \u00e0 gaz ou les appareils \u00e0 gaz, permettant ainsi un contr\u00f4le pr\u00e9cis du processus de combustion.<\/li>\n<li><strong>VBY <\/strong>(Vanne de d\u00e9rivation) : Vanne d&rsquo;arr\u00eat automatique pour la r\u00e9gulation des d\u00e9bits de gaz de d\u00e9rivation ou de gaz pilote, con\u00e7ue pour un montage direct sur les \u00e9lectrovannes Kromschr\u00f6der telles que les VAS et VCS.<\/li>\n<li style=\"list-style-type: none;\">\n<\/li>\n<\/ul>\n<p data-start=\"0\" data-end=\"172\"><strong>Caract\u00e9ristiques et avantages :<\/strong><\/p>\n<ul>\n<li>Diam\u00e8tres nominaux (DN) : 10 \u00e0 65<\/li>\n<li>Max. 500 mbar<\/li>\n<li>Certification UE<\/li>\n<li>Convient pour l&rsquo;hydrog\u00e8ne<\/li>\n<\/ul>\n<p><strong>Documentation :<\/strong><\/p>\n","protected":false},"excerpt":{"rendered":"<p>La s\u00e9rie ValVario de Kromschr\u00f6der comprend une gamme de vannes modulaires pour le contr\u00f4le de l&rsquo;air et du carburant. Les accessoires pour ces vannes comprennent les VMF, VMO, VMV et VBY. VMF (module de filtration): Ce module contient un \u00e9l\u00e9ment filtrant rempla\u00e7able qui emp\u00eache les contaminants d&rsquo;atteindre les composants suivants. VMO (Bride de mesure) : [&hellip;]<\/p>\n","protected":false},"featured_media":27976,"template":"","meta":{"_acf_changed":false},"product_brand":[],"product_cat":[347],"product_tag":[348],"class_list":{"0":"post-27970","1":"product","2":"type-product","3":"status-publish","4":"has-post-thumbnail","6":"product_cat-electrovannes","7":"product_tag-electrovannes","9":"first","10":"instock","11":"taxable","12":"shipping-taxable","13":"product-type-simple"},"acf":[],"yoast_head":"<!-- This site is optimized with the Yoast SEO plugin v26.8 - https:\/\/yoast.com\/product\/yoast-seo-wordpress\/ -->\n<title>Accessoires Kromschr\u00f6der Valvario - Blondeau<\/title>\n<meta name=\"robots\" content=\"index, follow, max-snippet:-1, max-image-preview:large, max-video-preview:-1\" \/>\n<link rel=\"canonical\" href=\"https:\/\/blondeau.be\/fr\/produit\/accessoires-kromschroder-valvario\/\" \/>\n<meta property=\"og:locale\" content=\"fr_FR\" \/>\n<meta property=\"og:type\" content=\"article\" \/>\n<meta property=\"og:title\" content=\"Accessoires Kromschr\u00f6der Valvario - Blondeau\" \/>\n<meta property=\"og:description\" content=\"La s\u00e9rie ValVario de Kromschr\u00f6der comprend une gamme de vannes modulaires pour le contr\u00f4le de l&rsquo;air et du carburant. Les accessoires pour ces vannes comprennent les VMF, VMO, VMV et VBY. VMF (module de filtration): Ce module contient un \u00e9l\u00e9ment filtrant rempla\u00e7able qui emp\u00eache les contaminants d&rsquo;atteindre les composants suivants. VMO (Bride de mesure) : [&hellip;]\" \/>\n<meta property=\"og:url\" content=\"https:\/\/blondeau.be\/fr\/produit\/accessoires-kromschroder-valvario\/\" \/>\n<meta property=\"og:site_name\" content=\"Blondeau\" \/>\n<meta property=\"article:modified_time\" content=\"2025-07-23T16:24:29+00:00\" \/>\n<meta property=\"og:image\" content=\"https:\/\/blondeau.be\/wp-content\/uploads\/2025\/03\/VM-1.jpg\" \/>\n\t<meta property=\"og:image:width\" content=\"432\" \/>\n\t<meta property=\"og:image:height\" content=\"434\" \/>\n\t<meta property=\"og:image:type\" content=\"image\/jpeg\" \/>\n<meta name=\"twitter:card\" content=\"summary_large_image\" \/>\n<meta name=\"twitter:label1\" content=\"Dur\u00e9e de lecture estim\u00e9e\" \/>\n\t<meta name=\"twitter:data1\" content=\"1 minute\" \/>\n<script type=\"application\/ld+json\" class=\"yoast-schema-graph\">{\"@context\":\"https:\/\/schema.org\",\"@graph\":[{\"@type\":\"WebPage\",\"@id\":\"https:\/\/blondeau.be\/fr\/produit\/accessoires-kromschroder-valvario\/\",\"url\":\"https:\/\/blondeau.be\/fr\/produit\/accessoires-kromschroder-valvario\/\",\"name\":\"Accessoires Kromschr\u00f6der Valvario - Blondeau\",\"isPartOf\":{\"@id\":\"https:\/\/blondeau.be\/fr\/#website\"},\"primaryImageOfPage\":{\"@id\":\"https:\/\/blondeau.be\/fr\/produit\/accessoires-kromschroder-valvario\/#primaryimage\"},\"image\":{\"@id\":\"https:\/\/blondeau.be\/fr\/produit\/accessoires-kromschroder-valvario\/#primaryimage\"},\"thumbnailUrl\":\"https:\/\/blondeau.be\/wp-content\/uploads\/2025\/03\/VM-1.jpg\",\"datePublished\":\"2025-03-18T18:51:09+00:00\",\"dateModified\":\"2025-07-23T16:24:29+00:00\",\"breadcrumb\":{\"@id\":\"https:\/\/blondeau.be\/fr\/produit\/accessoires-kromschroder-valvario\/#breadcrumb\"},\"inLanguage\":\"fr-FR\",\"potentialAction\":[{\"@type\":\"ReadAction\",\"target\":[\"https:\/\/blondeau.be\/fr\/produit\/accessoires-kromschroder-valvario\/\"]}]},{\"@type\":\"ImageObject\",\"inLanguage\":\"fr-FR\",\"@id\":\"https:\/\/blondeau.be\/fr\/produit\/accessoires-kromschroder-valvario\/#primaryimage\",\"url\":\"https:\/\/blondeau.be\/wp-content\/uploads\/2025\/03\/VM-1.jpg\",\"contentUrl\":\"https:\/\/blondeau.be\/wp-content\/uploads\/2025\/03\/VM-1.jpg\",\"width\":432,\"height\":434},{\"@type\":\"BreadcrumbList\",\"@id\":\"https:\/\/blondeau.be\/fr\/produit\/accessoires-kromschroder-valvario\/#breadcrumb\",\"itemListElement\":[{\"@type\":\"ListItem\",\"position\":1,\"name\":\"Home\",\"item\":\"https:\/\/blondeau.be\/fr\/accueil\/\"},{\"@type\":\"ListItem\",\"position\":2,\"name\":\"Catalogue des produits\",\"item\":\"https:\/\/blondeau.be\/fr\/catalogue-des-produits\/\"},{\"@type\":\"ListItem\",\"position\":3,\"name\":\"Accessoires Kromschr\u00f6der Valvario\"}]},{\"@type\":\"WebSite\",\"@id\":\"https:\/\/blondeau.be\/fr\/#website\",\"url\":\"https:\/\/blondeau.be\/fr\/\",\"name\":\"Blondeau\",\"description\":\"Industrial Heating\",\"publisher\":{\"@id\":\"https:\/\/blondeau.be\/fr\/#organization\"},\"potentialAction\":[{\"@type\":\"SearchAction\",\"target\":{\"@type\":\"EntryPoint\",\"urlTemplate\":\"https:\/\/blondeau.be\/fr\/?s={search_term_string}\"},\"query-input\":{\"@type\":\"PropertyValueSpecification\",\"valueRequired\":true,\"valueName\":\"search_term_string\"}}],\"inLanguage\":\"fr-FR\"},{\"@type\":\"Organization\",\"@id\":\"https:\/\/blondeau.be\/fr\/#organization\",\"name\":\"Blondeau\",\"url\":\"https:\/\/blondeau.be\/fr\/\",\"logo\":{\"@type\":\"ImageObject\",\"inLanguage\":\"fr-FR\",\"@id\":\"https:\/\/blondeau.be\/fr\/#\/schema\/logo\/image\/\",\"url\":\"https:\/\/blondeau.be\/wp-content\/uploads\/2025\/08\/Logo.jpg\",\"contentUrl\":\"https:\/\/blondeau.be\/wp-content\/uploads\/2025\/08\/Logo.jpg\",\"width\":600,\"height\":600,\"caption\":\"Blondeau\"},\"image\":{\"@id\":\"https:\/\/blondeau.be\/fr\/#\/schema\/logo\/image\/\"}}]}<\/script>\n<!-- \/ Yoast SEO plugin. -->","yoast_head_json":{"title":"Accessoires Kromschr\u00f6der Valvario - Blondeau","robots":{"index":"index","follow":"follow","max-snippet":"max-snippet:-1","max-image-preview":"max-image-preview:large","max-video-preview":"max-video-preview:-1"},"canonical":"https:\/\/blondeau.be\/fr\/produit\/accessoires-kromschroder-valvario\/","og_locale":"fr_FR","og_type":"article","og_title":"Accessoires Kromschr\u00f6der Valvario - Blondeau","og_description":"La s\u00e9rie ValVario de Kromschr\u00f6der comprend une gamme de vannes modulaires pour le contr\u00f4le de l&rsquo;air et du carburant. Les accessoires pour ces vannes comprennent les VMF, VMO, VMV et VBY. VMF (module de filtration): Ce module contient un \u00e9l\u00e9ment filtrant rempla\u00e7able qui emp\u00eache les contaminants d&rsquo;atteindre les composants suivants. VMO (Bride de mesure) : [&hellip;]","og_url":"https:\/\/blondeau.be\/fr\/produit\/accessoires-kromschroder-valvario\/","og_site_name":"Blondeau","article_modified_time":"2025-07-23T16:24:29+00:00","og_image":[{"width":432,"height":434,"url":"https:\/\/blondeau.be\/wp-content\/uploads\/2025\/03\/VM-1.jpg","type":"image\/jpeg"}],"twitter_card":"summary_large_image","twitter_misc":{"Dur\u00e9e de lecture estim\u00e9e":"1 minute"},"schema":{"@context":"https:\/\/schema.org","@graph":[{"@type":"WebPage","@id":"https:\/\/blondeau.be\/fr\/produit\/accessoires-kromschroder-valvario\/","url":"https:\/\/blondeau.be\/fr\/produit\/accessoires-kromschroder-valvario\/","name":"Accessoires Kromschr\u00f6der Valvario - Blondeau","isPartOf":{"@id":"https:\/\/blondeau.be\/fr\/#website"},"primaryImageOfPage":{"@id":"https:\/\/blondeau.be\/fr\/produit\/accessoires-kromschroder-valvario\/#primaryimage"},"image":{"@id":"https:\/\/blondeau.be\/fr\/produit\/accessoires-kromschroder-valvario\/#primaryimage"},"thumbnailUrl":"https:\/\/blondeau.be\/wp-content\/uploads\/2025\/03\/VM-1.jpg","datePublished":"2025-03-18T18:51:09+00:00","dateModified":"2025-07-23T16:24:29+00:00","breadcrumb":{"@id":"https:\/\/blondeau.be\/fr\/produit\/accessoires-kromschroder-valvario\/#breadcrumb"},"inLanguage":"fr-FR","potentialAction":[{"@type":"ReadAction","target":["https:\/\/blondeau.be\/fr\/produit\/accessoires-kromschroder-valvario\/"]}]},{"@type":"ImageObject","inLanguage":"fr-FR","@id":"https:\/\/blondeau.be\/fr\/produit\/accessoires-kromschroder-valvario\/#primaryimage","url":"https:\/\/blondeau.be\/wp-content\/uploads\/2025\/03\/VM-1.jpg","contentUrl":"https:\/\/blondeau.be\/wp-content\/uploads\/2025\/03\/VM-1.jpg","width":432,"height":434},{"@type":"BreadcrumbList","@id":"https:\/\/blondeau.be\/fr\/produit\/accessoires-kromschroder-valvario\/#breadcrumb","itemListElement":[{"@type":"ListItem","position":1,"name":"Home","item":"https:\/\/blondeau.be\/fr\/accueil\/"},{"@type":"ListItem","position":2,"name":"Catalogue des produits","item":"https:\/\/blondeau.be\/fr\/catalogue-des-produits\/"},{"@type":"ListItem","position":3,"name":"Accessoires Kromschr\u00f6der Valvario"}]},{"@type":"WebSite","@id":"https:\/\/blondeau.be\/fr\/#website","url":"https:\/\/blondeau.be\/fr\/","name":"Blondeau","description":"Industrial Heating","publisher":{"@id":"https:\/\/blondeau.be\/fr\/#organization"},"potentialAction":[{"@type":"SearchAction","target":{"@type":"EntryPoint","urlTemplate":"https:\/\/blondeau.be\/fr\/?s={search_term_string}"},"query-input":{"@type":"PropertyValueSpecification","valueRequired":true,"valueName":"search_term_string"}}],"inLanguage":"fr-FR"},{"@type":"Organization","@id":"https:\/\/blondeau.be\/fr\/#organization","name":"Blondeau","url":"https:\/\/blondeau.be\/fr\/","logo":{"@type":"ImageObject","inLanguage":"fr-FR","@id":"https:\/\/blondeau.be\/fr\/#\/schema\/logo\/image\/","url":"https:\/\/blondeau.be\/wp-content\/uploads\/2025\/08\/Logo.jpg","contentUrl":"https:\/\/blondeau.be\/wp-content\/uploads\/2025\/08\/Logo.jpg","width":600,"height":600,"caption":"Blondeau"},"image":{"@id":"https:\/\/blondeau.be\/fr\/#\/schema\/logo\/image\/"}}]}},"_links":{"self":[{"href":"https:\/\/blondeau.be\/fr\/wp-json\/wp\/v2\/product\/27970","targetHints":{"allow":["GET"]}}],"collection":[{"href":"https:\/\/blondeau.be\/fr\/wp-json\/wp\/v2\/product"}],"about":[{"href":"https:\/\/blondeau.be\/fr\/wp-json\/wp\/v2\/types\/product"}],"wp:featuredmedia":[{"embeddable":true,"href":"https:\/\/blondeau.be\/fr\/wp-json\/wp\/v2\/media\/27976"}],"wp:attachment":[{"href":"https:\/\/blondeau.be\/fr\/wp-json\/wp\/v2\/media?parent=27970"}],"wp:term":[{"taxonomy":"product_brand","embeddable":true,"href":"https:\/\/blondeau.be\/fr\/wp-json\/wp\/v2\/product_brand?post=27970"},{"taxonomy":"product_cat","embeddable":true,"href":"https:\/\/blondeau.be\/fr\/wp-json\/wp\/v2\/product_cat?post=27970"},{"taxonomy":"product_tag","embeddable":true,"href":"https:\/\/blondeau.be\/fr\/wp-json\/wp\/v2\/product_tag?post=27970"}],"curies":[{"name":"wp","href":"https:\/\/api.w.org\/{rel}","templated":true}]}}