{"id":27946,"date":"2025-03-17T17:48:33","date_gmt":"2025-03-17T15:48:33","guid":{"rendered":"https:\/\/blondeau.be\/product\/fema-dcm-dnm\/"},"modified":"2025-07-30T15:06:58","modified_gmt":"2025-07-30T13:06:58","slug":"fema-dcm-dnm","status":"publish","type":"product","link":"https:\/\/blondeau.be\/fr\/produit\/fema-dcm-dnm\/","title":{"rendered":"FEMA DCM \/ DNM"},"content":{"rendered":"<p>Les pressostats <strong>FEMA DCM et DNM<\/strong> sont des pressostats universels de contr\u00f4le de surpression, utilisables aussi bien en construction m\u00e9canique g\u00e9n\u00e9rale que dans les syst\u00e8mes pneumatiques et hydrauliques. Ils sont \u00e9quip\u00e9s d\u2019un bo\u00eetier robuste en aluminium moul\u00e9 sous pression, r\u00e9sistant \u00e0 l\u2019eau de mer. La s\u00e9rie DCM est sp\u00e9cialement con\u00e7ue pour des applications \u00e0 pression d\u00e9croissante : la valeur de pression r\u00e9gl\u00e9e sur l\u2019\u00e9chelle correspond ainsi au point de commutation lors de la baisse de pression. Le point de r\u00e9enclenchement d\u00e9pend du diff\u00e9rentiel de commutation, qui varie selon le mod\u00e8le. Ce diff\u00e9rentiel n\u2019est pas r\u00e9glable sur les mod\u00e8les DCM et DNM.     <\/p>\n<p><strong>Caract\u00e9ristiques et avantages :<\/strong><\/p>\n<ul>\n \t<\/p>\n<li>Calibr\u00e9 pour la pression descendante<\/li>\n<li>Large gamme de contr\u00f4le<\/li>\n<li>Filetage int\u00e9rieur G1\/4 \u00ab , filetage ext\u00e9rieur G1\/2 \u00bb.<\/li>\n<li>Homologu\u00e9 SIL2 selon la norme IEC 61508-2<\/li>\n<\/ul>\n<p><strong>Documentation :<\/strong><\/p>\n<p>&nbsp;<\/p>\n","protected":false},"excerpt":{"rendered":"<p>Les pressostats FEMA DCM et DNM sont des pressostats universels de contr\u00f4le de surpression, utilisables aussi bien en construction m\u00e9canique g\u00e9n\u00e9rale que dans les syst\u00e8mes pneumatiques et hydrauliques. Ils sont \u00e9quip\u00e9s d\u2019un bo\u00eetier robuste en aluminium moul\u00e9 sous pression, r\u00e9sistant \u00e0 l\u2019eau de mer. La s\u00e9rie DCM est sp\u00e9cialement con\u00e7ue pour des applications \u00e0 pression [&hellip;]<\/p>\n","protected":false},"featured_media":27948,"template":"","meta":{"_acf_changed":false},"product_brand":[],"product_cat":[381],"product_tag":[352],"class_list":{"0":"post-27946","1":"product","2":"type-product","3":"status-publish","4":"has-post-thumbnail","6":"product_cat-pressostats-fr","7":"product_tag-pressostats","9":"first","10":"instock","11":"taxable","12":"shipping-taxable","13":"product-type-simple"},"acf":[],"yoast_head":"<!-- This site is optimized with the Yoast SEO plugin v26.8 - https:\/\/yoast.com\/product\/yoast-seo-wordpress\/ -->\n<title>FEMA DCM \/ DNM - Blondeau<\/title>\n<meta name=\"robots\" content=\"index, follow, max-snippet:-1, max-image-preview:large, max-video-preview:-1\" \/>\n<link rel=\"canonical\" href=\"https:\/\/blondeau.be\/fr\/produit\/fema-dcm-dnm\/\" \/>\n<meta property=\"og:locale\" content=\"fr_FR\" \/>\n<meta property=\"og:type\" content=\"article\" \/>\n<meta property=\"og:title\" content=\"FEMA DCM \/ DNM - Blondeau\" \/>\n<meta property=\"og:description\" content=\"Les pressostats FEMA DCM et DNM sont des pressostats universels de contr\u00f4le de surpression, utilisables aussi bien en construction m\u00e9canique g\u00e9n\u00e9rale que dans les syst\u00e8mes pneumatiques et hydrauliques. Ils sont \u00e9quip\u00e9s d\u2019un bo\u00eetier robuste en aluminium moul\u00e9 sous pression, r\u00e9sistant \u00e0 l\u2019eau de mer. La s\u00e9rie DCM est sp\u00e9cialement con\u00e7ue pour des applications \u00e0 pression [&hellip;]\" \/>\n<meta property=\"og:url\" content=\"https:\/\/blondeau.be\/fr\/produit\/fema-dcm-dnm\/\" \/>\n<meta property=\"og:site_name\" content=\"Blondeau\" \/>\n<meta property=\"article:modified_time\" content=\"2025-07-30T13:06:58+00:00\" \/>\n<meta property=\"og:image\" content=\"https:\/\/blondeau.be\/wp-content\/uploads\/2025\/03\/Fema-DCM.jpg\" \/>\n\t<meta property=\"og:image:width\" content=\"423\" \/>\n\t<meta property=\"og:image:height\" content=\"359\" \/>\n\t<meta property=\"og:image:type\" content=\"image\/jpeg\" \/>\n<meta name=\"twitter:card\" content=\"summary_large_image\" \/>\n<meta name=\"twitter:label1\" content=\"Dur\u00e9e de lecture estim\u00e9e\" \/>\n\t<meta name=\"twitter:data1\" content=\"1 minute\" \/>\n<script type=\"application\/ld+json\" class=\"yoast-schema-graph\">{\"@context\":\"https:\/\/schema.org\",\"@graph\":[{\"@type\":\"WebPage\",\"@id\":\"https:\/\/blondeau.be\/fr\/produit\/fema-dcm-dnm\/\",\"url\":\"https:\/\/blondeau.be\/fr\/produit\/fema-dcm-dnm\/\",\"name\":\"FEMA DCM \/ DNM - Blondeau\",\"isPartOf\":{\"@id\":\"https:\/\/blondeau.be\/fr\/#website\"},\"primaryImageOfPage\":{\"@id\":\"https:\/\/blondeau.be\/fr\/produit\/fema-dcm-dnm\/#primaryimage\"},\"image\":{\"@id\":\"https:\/\/blondeau.be\/fr\/produit\/fema-dcm-dnm\/#primaryimage\"},\"thumbnailUrl\":\"https:\/\/blondeau.be\/wp-content\/uploads\/2025\/03\/Fema-DCM.jpg\",\"datePublished\":\"2025-03-17T15:48:33+00:00\",\"dateModified\":\"2025-07-30T13:06:58+00:00\",\"breadcrumb\":{\"@id\":\"https:\/\/blondeau.be\/fr\/produit\/fema-dcm-dnm\/#breadcrumb\"},\"inLanguage\":\"fr-FR\",\"potentialAction\":[{\"@type\":\"ReadAction\",\"target\":[\"https:\/\/blondeau.be\/fr\/produit\/fema-dcm-dnm\/\"]}]},{\"@type\":\"ImageObject\",\"inLanguage\":\"fr-FR\",\"@id\":\"https:\/\/blondeau.be\/fr\/produit\/fema-dcm-dnm\/#primaryimage\",\"url\":\"https:\/\/blondeau.be\/wp-content\/uploads\/2025\/03\/Fema-DCM.jpg\",\"contentUrl\":\"https:\/\/blondeau.be\/wp-content\/uploads\/2025\/03\/Fema-DCM.jpg\",\"width\":423,\"height\":359},{\"@type\":\"BreadcrumbList\",\"@id\":\"https:\/\/blondeau.be\/fr\/produit\/fema-dcm-dnm\/#breadcrumb\",\"itemListElement\":[{\"@type\":\"ListItem\",\"position\":1,\"name\":\"Home\",\"item\":\"https:\/\/blondeau.be\/fr\/accueil\/\"},{\"@type\":\"ListItem\",\"position\":2,\"name\":\"Catalogue des produits\",\"item\":\"https:\/\/blondeau.be\/fr\/catalogue-des-produits\/\"},{\"@type\":\"ListItem\",\"position\":3,\"name\":\"FEMA DCM \/ DNM\"}]},{\"@type\":\"WebSite\",\"@id\":\"https:\/\/blondeau.be\/fr\/#website\",\"url\":\"https:\/\/blondeau.be\/fr\/\",\"name\":\"Blondeau\",\"description\":\"Industrial Heating\",\"publisher\":{\"@id\":\"https:\/\/blondeau.be\/fr\/#organization\"},\"potentialAction\":[{\"@type\":\"SearchAction\",\"target\":{\"@type\":\"EntryPoint\",\"urlTemplate\":\"https:\/\/blondeau.be\/fr\/?s={search_term_string}\"},\"query-input\":{\"@type\":\"PropertyValueSpecification\",\"valueRequired\":true,\"valueName\":\"search_term_string\"}}],\"inLanguage\":\"fr-FR\"},{\"@type\":\"Organization\",\"@id\":\"https:\/\/blondeau.be\/fr\/#organization\",\"name\":\"Blondeau\",\"url\":\"https:\/\/blondeau.be\/fr\/\",\"logo\":{\"@type\":\"ImageObject\",\"inLanguage\":\"fr-FR\",\"@id\":\"https:\/\/blondeau.be\/fr\/#\/schema\/logo\/image\/\",\"url\":\"https:\/\/blondeau.be\/wp-content\/uploads\/2025\/08\/Logo.jpg\",\"contentUrl\":\"https:\/\/blondeau.be\/wp-content\/uploads\/2025\/08\/Logo.jpg\",\"width\":600,\"height\":600,\"caption\":\"Blondeau\"},\"image\":{\"@id\":\"https:\/\/blondeau.be\/fr\/#\/schema\/logo\/image\/\"}}]}<\/script>\n<!-- \/ Yoast SEO plugin. -->","yoast_head_json":{"title":"FEMA DCM \/ DNM - Blondeau","robots":{"index":"index","follow":"follow","max-snippet":"max-snippet:-1","max-image-preview":"max-image-preview:large","max-video-preview":"max-video-preview:-1"},"canonical":"https:\/\/blondeau.be\/fr\/produit\/fema-dcm-dnm\/","og_locale":"fr_FR","og_type":"article","og_title":"FEMA DCM \/ DNM - Blondeau","og_description":"Les pressostats FEMA DCM et DNM sont des pressostats universels de contr\u00f4le de surpression, utilisables aussi bien en construction m\u00e9canique g\u00e9n\u00e9rale que dans les syst\u00e8mes pneumatiques et hydrauliques. Ils sont \u00e9quip\u00e9s d\u2019un bo\u00eetier robuste en aluminium moul\u00e9 sous pression, r\u00e9sistant \u00e0 l\u2019eau de mer. La s\u00e9rie DCM est sp\u00e9cialement con\u00e7ue pour des applications \u00e0 pression [&hellip;]","og_url":"https:\/\/blondeau.be\/fr\/produit\/fema-dcm-dnm\/","og_site_name":"Blondeau","article_modified_time":"2025-07-30T13:06:58+00:00","og_image":[{"width":423,"height":359,"url":"https:\/\/blondeau.be\/wp-content\/uploads\/2025\/03\/Fema-DCM.jpg","type":"image\/jpeg"}],"twitter_card":"summary_large_image","twitter_misc":{"Dur\u00e9e de lecture estim\u00e9e":"1 minute"},"schema":{"@context":"https:\/\/schema.org","@graph":[{"@type":"WebPage","@id":"https:\/\/blondeau.be\/fr\/produit\/fema-dcm-dnm\/","url":"https:\/\/blondeau.be\/fr\/produit\/fema-dcm-dnm\/","name":"FEMA DCM \/ DNM - Blondeau","isPartOf":{"@id":"https:\/\/blondeau.be\/fr\/#website"},"primaryImageOfPage":{"@id":"https:\/\/blondeau.be\/fr\/produit\/fema-dcm-dnm\/#primaryimage"},"image":{"@id":"https:\/\/blondeau.be\/fr\/produit\/fema-dcm-dnm\/#primaryimage"},"thumbnailUrl":"https:\/\/blondeau.be\/wp-content\/uploads\/2025\/03\/Fema-DCM.jpg","datePublished":"2025-03-17T15:48:33+00:00","dateModified":"2025-07-30T13:06:58+00:00","breadcrumb":{"@id":"https:\/\/blondeau.be\/fr\/produit\/fema-dcm-dnm\/#breadcrumb"},"inLanguage":"fr-FR","potentialAction":[{"@type":"ReadAction","target":["https:\/\/blondeau.be\/fr\/produit\/fema-dcm-dnm\/"]}]},{"@type":"ImageObject","inLanguage":"fr-FR","@id":"https:\/\/blondeau.be\/fr\/produit\/fema-dcm-dnm\/#primaryimage","url":"https:\/\/blondeau.be\/wp-content\/uploads\/2025\/03\/Fema-DCM.jpg","contentUrl":"https:\/\/blondeau.be\/wp-content\/uploads\/2025\/03\/Fema-DCM.jpg","width":423,"height":359},{"@type":"BreadcrumbList","@id":"https:\/\/blondeau.be\/fr\/produit\/fema-dcm-dnm\/#breadcrumb","itemListElement":[{"@type":"ListItem","position":1,"name":"Home","item":"https:\/\/blondeau.be\/fr\/accueil\/"},{"@type":"ListItem","position":2,"name":"Catalogue des produits","item":"https:\/\/blondeau.be\/fr\/catalogue-des-produits\/"},{"@type":"ListItem","position":3,"name":"FEMA DCM \/ DNM"}]},{"@type":"WebSite","@id":"https:\/\/blondeau.be\/fr\/#website","url":"https:\/\/blondeau.be\/fr\/","name":"Blondeau","description":"Industrial Heating","publisher":{"@id":"https:\/\/blondeau.be\/fr\/#organization"},"potentialAction":[{"@type":"SearchAction","target":{"@type":"EntryPoint","urlTemplate":"https:\/\/blondeau.be\/fr\/?s={search_term_string}"},"query-input":{"@type":"PropertyValueSpecification","valueRequired":true,"valueName":"search_term_string"}}],"inLanguage":"fr-FR"},{"@type":"Organization","@id":"https:\/\/blondeau.be\/fr\/#organization","name":"Blondeau","url":"https:\/\/blondeau.be\/fr\/","logo":{"@type":"ImageObject","inLanguage":"fr-FR","@id":"https:\/\/blondeau.be\/fr\/#\/schema\/logo\/image\/","url":"https:\/\/blondeau.be\/wp-content\/uploads\/2025\/08\/Logo.jpg","contentUrl":"https:\/\/blondeau.be\/wp-content\/uploads\/2025\/08\/Logo.jpg","width":600,"height":600,"caption":"Blondeau"},"image":{"@id":"https:\/\/blondeau.be\/fr\/#\/schema\/logo\/image\/"}}]}},"_links":{"self":[{"href":"https:\/\/blondeau.be\/fr\/wp-json\/wp\/v2\/product\/27946","targetHints":{"allow":["GET"]}}],"collection":[{"href":"https:\/\/blondeau.be\/fr\/wp-json\/wp\/v2\/product"}],"about":[{"href":"https:\/\/blondeau.be\/fr\/wp-json\/wp\/v2\/types\/product"}],"wp:featuredmedia":[{"embeddable":true,"href":"https:\/\/blondeau.be\/fr\/wp-json\/wp\/v2\/media\/27948"}],"wp:attachment":[{"href":"https:\/\/blondeau.be\/fr\/wp-json\/wp\/v2\/media?parent=27946"}],"wp:term":[{"taxonomy":"product_brand","embeddable":true,"href":"https:\/\/blondeau.be\/fr\/wp-json\/wp\/v2\/product_brand?post=27946"},{"taxonomy":"product_cat","embeddable":true,"href":"https:\/\/blondeau.be\/fr\/wp-json\/wp\/v2\/product_cat?post=27946"},{"taxonomy":"product_tag","embeddable":true,"href":"https:\/\/blondeau.be\/fr\/wp-json\/wp\/v2\/product_tag?post=27946"}],"curies":[{"name":"wp","href":"https:\/\/api.w.org\/{rel}","templated":true}]}}