{"id":27938,"date":"2025-02-18T17:38:31","date_gmt":"2025-02-18T15:38:31","guid":{"rendered":"https:\/\/blondeau.be\/product\/eclipse-ratioair\/"},"modified":"2025-07-23T16:00:58","modified_gmt":"2025-07-23T14:00:58","slug":"eclipse-ratioair","status":"publish","type":"product","link":"https:\/\/blondeau.be\/fr\/produit\/eclipse-ratioair\/","title":{"rendered":"Eclipse RatioAir"},"content":{"rendered":"<p>Les br\u00fbleurs <strong>Eclipse RatioAir<\/strong> sont des br\u00fbleurs compacts con\u00e7us pour le chauffage de l\u2019air dans des applications exigeant une vitesse de flamme \u00e9lev\u00e9e, un exc\u00e8s d\u2019air important et des temp\u00e9ratures de four \u00e9lev\u00e9es. Le contr\u00f4le du br\u00fbleur s\u2019effectue au moyen d\u2019une vanne papillon d\u2019air \u00e0 entra\u00eenement direct, tandis que le gaz est maintenu en permanence dans le bon rapport gr\u00e2ce \u00e0 un r\u00e9gulateur de pression proportionnel. Disponibles avec trois types de tubes de flamme (standard, moyenne ou haute vitesse), les br\u00fbleurs RatioAir sont capables de g\u00e9n\u00e9rer des vitesses de flamme allant jusqu&rsquo;\u00e0 150 m\u00e8tres par seconde. Cela permet d&rsquo;am\u00e9liorer l&rsquo;uniformit\u00e9 de la temp\u00e9rature, la qualit\u00e9 du produit et l&rsquo;efficacit\u00e9 \u00e9nerg\u00e9tique.   <\/p>\n<p><strong>Caract\u00e9ristiques et avantages :<\/strong><\/p>\n<ul>\n \t<\/p>\n<li>11 mod\u00e8les avec capacit\u00e9 allant de 70kW \u00e0 5 300kW<\/li>\n<li>Plage de contr\u00f4le jusqu&rsquo;\u00e0 30:1<\/li>\n<li>Temp\u00e9rature de process maximale jusqu&rsquo;\u00e0 1370\u00b0C<\/li>\n<li>Vitesse de flamme jusqu&rsquo;\u00e0 150 m\/sec<\/li>\n<li>Combustible : gaz naturel, propane, butane et gaz \u00e0 faible teneur en calories<\/li>\n<li style=\"text-align: left;\">Le br\u00fbleur peut \u00eatre fourni individuellement ou d\u00e9j\u00e0 enti\u00e8rement assembl\u00e9 avec la conduite de gaz et l&rsquo;armoire de contr\u00f4le (voir aussi les mod\u00e8les <a href=\"https:\/\/blondeau.be\/fr\/produit\/eclipse-heatpak\/\">Heatpak)<\/a>.<\/li>\n<\/ul>\n<p><strong>Documentation :<\/strong><\/p>\n","protected":false},"excerpt":{"rendered":"<p>Les br\u00fbleurs Eclipse RatioAir sont des br\u00fbleurs compacts con\u00e7us pour le chauffage de l\u2019air dans des applications exigeant une vitesse de flamme \u00e9lev\u00e9e, un exc\u00e8s d\u2019air important et des temp\u00e9ratures de four \u00e9lev\u00e9es. Le contr\u00f4le du br\u00fbleur s\u2019effectue au moyen d\u2019une vanne papillon d\u2019air \u00e0 entra\u00eenement direct, tandis que le gaz est maintenu en permanence [&hellip;]<\/p>\n","protected":false},"featured_media":27940,"template":"","meta":{"_acf_changed":false},"product_brand":[],"product_cat":[365],"product_tag":[366],"class_list":{"0":"post-27938","1":"product","2":"type-product","3":"status-publish","4":"has-post-thumbnail","6":"product_cat-bruleurs","7":"product_tag-bruleurs-melange","9":"first","10":"instock","11":"taxable","12":"shipping-taxable","13":"product-type-simple"},"acf":[],"yoast_head":"<!-- This site is optimized with the Yoast SEO plugin v26.8 - https:\/\/yoast.com\/product\/yoast-seo-wordpress\/ -->\n<title>Eclipse RatioAir - Blondeau<\/title>\n<meta name=\"robots\" content=\"index, follow, max-snippet:-1, max-image-preview:large, max-video-preview:-1\" \/>\n<link rel=\"canonical\" href=\"https:\/\/blondeau.be\/fr\/produit\/eclipse-ratioair\/\" \/>\n<meta property=\"og:locale\" content=\"fr_FR\" \/>\n<meta property=\"og:type\" content=\"article\" \/>\n<meta property=\"og:title\" content=\"Eclipse RatioAir - Blondeau\" \/>\n<meta property=\"og:description\" content=\"Les br\u00fbleurs Eclipse RatioAir sont des br\u00fbleurs compacts con\u00e7us pour le chauffage de l\u2019air dans des applications exigeant une vitesse de flamme \u00e9lev\u00e9e, un exc\u00e8s d\u2019air important et des temp\u00e9ratures de four \u00e9lev\u00e9es. Le contr\u00f4le du br\u00fbleur s\u2019effectue au moyen d\u2019une vanne papillon d\u2019air \u00e0 entra\u00eenement direct, tandis que le gaz est maintenu en permanence [&hellip;]\" \/>\n<meta property=\"og:url\" content=\"https:\/\/blondeau.be\/fr\/produit\/eclipse-ratioair\/\" \/>\n<meta property=\"og:site_name\" content=\"Blondeau\" \/>\n<meta property=\"article:modified_time\" content=\"2025-07-23T14:00:58+00:00\" \/>\n<meta property=\"og:image\" content=\"https:\/\/blondeau.be\/wp-content\/uploads\/2025\/02\/RatioAir-1.jpg\" \/>\n\t<meta property=\"og:image:width\" content=\"550\" \/>\n\t<meta property=\"og:image:height\" content=\"562\" \/>\n\t<meta property=\"og:image:type\" content=\"image\/jpeg\" \/>\n<meta name=\"twitter:card\" content=\"summary_large_image\" \/>\n<meta name=\"twitter:label1\" content=\"Dur\u00e9e de lecture estim\u00e9e\" \/>\n\t<meta name=\"twitter:data1\" content=\"1 minute\" \/>\n<script type=\"application\/ld+json\" class=\"yoast-schema-graph\">{\"@context\":\"https:\/\/schema.org\",\"@graph\":[{\"@type\":\"WebPage\",\"@id\":\"https:\/\/blondeau.be\/fr\/produit\/eclipse-ratioair\/\",\"url\":\"https:\/\/blondeau.be\/fr\/produit\/eclipse-ratioair\/\",\"name\":\"Eclipse RatioAir - Blondeau\",\"isPartOf\":{\"@id\":\"https:\/\/blondeau.be\/fr\/#website\"},\"primaryImageOfPage\":{\"@id\":\"https:\/\/blondeau.be\/fr\/produit\/eclipse-ratioair\/#primaryimage\"},\"image\":{\"@id\":\"https:\/\/blondeau.be\/fr\/produit\/eclipse-ratioair\/#primaryimage\"},\"thumbnailUrl\":\"https:\/\/blondeau.be\/wp-content\/uploads\/2025\/02\/RatioAir-1.jpg\",\"datePublished\":\"2025-02-18T15:38:31+00:00\",\"dateModified\":\"2025-07-23T14:00:58+00:00\",\"breadcrumb\":{\"@id\":\"https:\/\/blondeau.be\/fr\/produit\/eclipse-ratioair\/#breadcrumb\"},\"inLanguage\":\"fr-FR\",\"potentialAction\":[{\"@type\":\"ReadAction\",\"target\":[\"https:\/\/blondeau.be\/fr\/produit\/eclipse-ratioair\/\"]}]},{\"@type\":\"ImageObject\",\"inLanguage\":\"fr-FR\",\"@id\":\"https:\/\/blondeau.be\/fr\/produit\/eclipse-ratioair\/#primaryimage\",\"url\":\"https:\/\/blondeau.be\/wp-content\/uploads\/2025\/02\/RatioAir-1.jpg\",\"contentUrl\":\"https:\/\/blondeau.be\/wp-content\/uploads\/2025\/02\/RatioAir-1.jpg\",\"width\":550,\"height\":562},{\"@type\":\"BreadcrumbList\",\"@id\":\"https:\/\/blondeau.be\/fr\/produit\/eclipse-ratioair\/#breadcrumb\",\"itemListElement\":[{\"@type\":\"ListItem\",\"position\":1,\"name\":\"Home\",\"item\":\"https:\/\/blondeau.be\/fr\/accueil\/\"},{\"@type\":\"ListItem\",\"position\":2,\"name\":\"Catalogue des produits\",\"item\":\"https:\/\/blondeau.be\/fr\/catalogue-des-produits\/\"},{\"@type\":\"ListItem\",\"position\":3,\"name\":\"Eclipse RatioAir\"}]},{\"@type\":\"WebSite\",\"@id\":\"https:\/\/blondeau.be\/fr\/#website\",\"url\":\"https:\/\/blondeau.be\/fr\/\",\"name\":\"Blondeau\",\"description\":\"Industrial Heating\",\"publisher\":{\"@id\":\"https:\/\/blondeau.be\/fr\/#organization\"},\"potentialAction\":[{\"@type\":\"SearchAction\",\"target\":{\"@type\":\"EntryPoint\",\"urlTemplate\":\"https:\/\/blondeau.be\/fr\/?s={search_term_string}\"},\"query-input\":{\"@type\":\"PropertyValueSpecification\",\"valueRequired\":true,\"valueName\":\"search_term_string\"}}],\"inLanguage\":\"fr-FR\"},{\"@type\":\"Organization\",\"@id\":\"https:\/\/blondeau.be\/fr\/#organization\",\"name\":\"Blondeau\",\"url\":\"https:\/\/blondeau.be\/fr\/\",\"logo\":{\"@type\":\"ImageObject\",\"inLanguage\":\"fr-FR\",\"@id\":\"https:\/\/blondeau.be\/fr\/#\/schema\/logo\/image\/\",\"url\":\"https:\/\/blondeau.be\/wp-content\/uploads\/2025\/08\/Logo.jpg\",\"contentUrl\":\"https:\/\/blondeau.be\/wp-content\/uploads\/2025\/08\/Logo.jpg\",\"width\":600,\"height\":600,\"caption\":\"Blondeau\"},\"image\":{\"@id\":\"https:\/\/blondeau.be\/fr\/#\/schema\/logo\/image\/\"}}]}<\/script>\n<!-- \/ Yoast SEO plugin. -->","yoast_head_json":{"title":"Eclipse RatioAir - Blondeau","robots":{"index":"index","follow":"follow","max-snippet":"max-snippet:-1","max-image-preview":"max-image-preview:large","max-video-preview":"max-video-preview:-1"},"canonical":"https:\/\/blondeau.be\/fr\/produit\/eclipse-ratioair\/","og_locale":"fr_FR","og_type":"article","og_title":"Eclipse RatioAir - Blondeau","og_description":"Les br\u00fbleurs Eclipse RatioAir sont des br\u00fbleurs compacts con\u00e7us pour le chauffage de l\u2019air dans des applications exigeant une vitesse de flamme \u00e9lev\u00e9e, un exc\u00e8s d\u2019air important et des temp\u00e9ratures de four \u00e9lev\u00e9es. Le contr\u00f4le du br\u00fbleur s\u2019effectue au moyen d\u2019une vanne papillon d\u2019air \u00e0 entra\u00eenement direct, tandis que le gaz est maintenu en permanence [&hellip;]","og_url":"https:\/\/blondeau.be\/fr\/produit\/eclipse-ratioair\/","og_site_name":"Blondeau","article_modified_time":"2025-07-23T14:00:58+00:00","og_image":[{"width":550,"height":562,"url":"https:\/\/blondeau.be\/wp-content\/uploads\/2025\/02\/RatioAir-1.jpg","type":"image\/jpeg"}],"twitter_card":"summary_large_image","twitter_misc":{"Dur\u00e9e de lecture estim\u00e9e":"1 minute"},"schema":{"@context":"https:\/\/schema.org","@graph":[{"@type":"WebPage","@id":"https:\/\/blondeau.be\/fr\/produit\/eclipse-ratioair\/","url":"https:\/\/blondeau.be\/fr\/produit\/eclipse-ratioair\/","name":"Eclipse RatioAir - Blondeau","isPartOf":{"@id":"https:\/\/blondeau.be\/fr\/#website"},"primaryImageOfPage":{"@id":"https:\/\/blondeau.be\/fr\/produit\/eclipse-ratioair\/#primaryimage"},"image":{"@id":"https:\/\/blondeau.be\/fr\/produit\/eclipse-ratioair\/#primaryimage"},"thumbnailUrl":"https:\/\/blondeau.be\/wp-content\/uploads\/2025\/02\/RatioAir-1.jpg","datePublished":"2025-02-18T15:38:31+00:00","dateModified":"2025-07-23T14:00:58+00:00","breadcrumb":{"@id":"https:\/\/blondeau.be\/fr\/produit\/eclipse-ratioair\/#breadcrumb"},"inLanguage":"fr-FR","potentialAction":[{"@type":"ReadAction","target":["https:\/\/blondeau.be\/fr\/produit\/eclipse-ratioair\/"]}]},{"@type":"ImageObject","inLanguage":"fr-FR","@id":"https:\/\/blondeau.be\/fr\/produit\/eclipse-ratioair\/#primaryimage","url":"https:\/\/blondeau.be\/wp-content\/uploads\/2025\/02\/RatioAir-1.jpg","contentUrl":"https:\/\/blondeau.be\/wp-content\/uploads\/2025\/02\/RatioAir-1.jpg","width":550,"height":562},{"@type":"BreadcrumbList","@id":"https:\/\/blondeau.be\/fr\/produit\/eclipse-ratioair\/#breadcrumb","itemListElement":[{"@type":"ListItem","position":1,"name":"Home","item":"https:\/\/blondeau.be\/fr\/accueil\/"},{"@type":"ListItem","position":2,"name":"Catalogue des produits","item":"https:\/\/blondeau.be\/fr\/catalogue-des-produits\/"},{"@type":"ListItem","position":3,"name":"Eclipse RatioAir"}]},{"@type":"WebSite","@id":"https:\/\/blondeau.be\/fr\/#website","url":"https:\/\/blondeau.be\/fr\/","name":"Blondeau","description":"Industrial Heating","publisher":{"@id":"https:\/\/blondeau.be\/fr\/#organization"},"potentialAction":[{"@type":"SearchAction","target":{"@type":"EntryPoint","urlTemplate":"https:\/\/blondeau.be\/fr\/?s={search_term_string}"},"query-input":{"@type":"PropertyValueSpecification","valueRequired":true,"valueName":"search_term_string"}}],"inLanguage":"fr-FR"},{"@type":"Organization","@id":"https:\/\/blondeau.be\/fr\/#organization","name":"Blondeau","url":"https:\/\/blondeau.be\/fr\/","logo":{"@type":"ImageObject","inLanguage":"fr-FR","@id":"https:\/\/blondeau.be\/fr\/#\/schema\/logo\/image\/","url":"https:\/\/blondeau.be\/wp-content\/uploads\/2025\/08\/Logo.jpg","contentUrl":"https:\/\/blondeau.be\/wp-content\/uploads\/2025\/08\/Logo.jpg","width":600,"height":600,"caption":"Blondeau"},"image":{"@id":"https:\/\/blondeau.be\/fr\/#\/schema\/logo\/image\/"}}]}},"_links":{"self":[{"href":"https:\/\/blondeau.be\/fr\/wp-json\/wp\/v2\/product\/27938","targetHints":{"allow":["GET"]}}],"collection":[{"href":"https:\/\/blondeau.be\/fr\/wp-json\/wp\/v2\/product"}],"about":[{"href":"https:\/\/blondeau.be\/fr\/wp-json\/wp\/v2\/types\/product"}],"wp:featuredmedia":[{"embeddable":true,"href":"https:\/\/blondeau.be\/fr\/wp-json\/wp\/v2\/media\/27940"}],"wp:attachment":[{"href":"https:\/\/blondeau.be\/fr\/wp-json\/wp\/v2\/media?parent=27938"}],"wp:term":[{"taxonomy":"product_brand","embeddable":true,"href":"https:\/\/blondeau.be\/fr\/wp-json\/wp\/v2\/product_brand?post=27938"},{"taxonomy":"product_cat","embeddable":true,"href":"https:\/\/blondeau.be\/fr\/wp-json\/wp\/v2\/product_cat?post=27938"},{"taxonomy":"product_tag","embeddable":true,"href":"https:\/\/blondeau.be\/fr\/wp-json\/wp\/v2\/product_tag?post=27938"}],"curies":[{"name":"wp","href":"https:\/\/api.w.org\/{rel}","templated":true}]}}