{"id":27937,"date":"2025-03-11T18:53:02","date_gmt":"2025-03-11T16:53:02","guid":{"rendered":"https:\/\/blondeau.be\/product\/kromschroder-vaa\/"},"modified":"2025-09-01T17:34:36","modified_gmt":"2025-09-01T15:34:36","slug":"kromschroder-vaa","status":"publish","type":"product","link":"https:\/\/blondeau.be\/fr\/produit\/kromschroder-vaa\/","title":{"rendered":"Kromschr\u00f6der VAA"},"content":{"rendered":"<p data-start=\"0\" data-end=\"172\">La <strong>VAA <\/strong>de Kromschr\u00f6der est une \u00e9lectrovanne de contr\u00f4le d&rsquo;air sp\u00e9cialement con\u00e7ue pour les syst\u00e8mes de br\u00fbleurs industriels afin de contr\u00f4ler avec pr\u00e9cision l&rsquo;alimentation en air.<\/p>\n<p data-start=\"0\" data-end=\"172\"><strong>Caract\u00e9ristiques et avantages :<\/strong><\/p>\n<ul>\n<li>Tailles disponibles : 1 \u00e0 3<\/li>\n<li>Diam\u00e8tres nominaux (DN) : 10 \u00e0 65<\/li>\n<li>Raccords : filet\u00e9s ou \u00e0 bride<\/li>\n<li>Modes de fonctionnement : ouverture et fermeture rapides ou ouverture lente et fermeture rapide<\/li>\n<li>Tensions secteur : 24 V DC, 120 V AC ou 230 V AC<\/li>\n<li>IP 65<\/li>\n<li>Pression d&rsquo;entr\u00e9e max. 500 mbar pression d&rsquo;entr\u00e9e<\/li>\n<li>Certifi\u00e9 par l&rsquo;UE<\/li>\n<\/ul>\n<p><strong>Documentation :<\/strong><\/p>\n","protected":false},"excerpt":{"rendered":"<p>La VAA de Kromschr\u00f6der est une \u00e9lectrovanne de contr\u00f4le d&rsquo;air sp\u00e9cialement con\u00e7ue pour les syst\u00e8mes de br\u00fbleurs industriels afin de contr\u00f4ler avec pr\u00e9cision l&rsquo;alimentation en air. Caract\u00e9ristiques et avantages : Tailles disponibles : 1 \u00e0 3 Diam\u00e8tres nominaux (DN) : 10 \u00e0 65 Raccords : filet\u00e9s ou \u00e0 bride Modes de fonctionnement : ouverture et [&hellip;]<\/p>\n","protected":false},"featured_media":27939,"template":"","meta":{"_acf_changed":false},"product_brand":[],"product_cat":[347],"product_tag":[348],"class_list":{"0":"post-27937","1":"product","2":"type-product","3":"status-publish","4":"has-post-thumbnail","6":"product_cat-electrovannes","7":"product_tag-electrovannes","9":"first","10":"instock","11":"taxable","12":"shipping-taxable","13":"product-type-simple"},"acf":[],"yoast_head":"<!-- This site is optimized with the Yoast SEO plugin v26.8 - https:\/\/yoast.com\/product\/yoast-seo-wordpress\/ -->\n<title>Kromschr\u00f6der VAA - Blondeau<\/title>\n<meta name=\"robots\" content=\"index, follow, max-snippet:-1, max-image-preview:large, max-video-preview:-1\" \/>\n<link rel=\"canonical\" href=\"https:\/\/blondeau.be\/fr\/produit\/kromschroder-vaa\/\" \/>\n<meta property=\"og:locale\" content=\"fr_FR\" \/>\n<meta property=\"og:type\" content=\"article\" \/>\n<meta property=\"og:title\" content=\"Kromschr\u00f6der VAA - Blondeau\" \/>\n<meta property=\"og:description\" content=\"La VAA de Kromschr\u00f6der est une \u00e9lectrovanne de contr\u00f4le d&rsquo;air sp\u00e9cialement con\u00e7ue pour les syst\u00e8mes de br\u00fbleurs industriels afin de contr\u00f4ler avec pr\u00e9cision l&rsquo;alimentation en air. Caract\u00e9ristiques et avantages : Tailles disponibles : 1 \u00e0 3 Diam\u00e8tres nominaux (DN) : 10 \u00e0 65 Raccords : filet\u00e9s ou \u00e0 bride Modes de fonctionnement : ouverture et [&hellip;]\" \/>\n<meta property=\"og:url\" content=\"https:\/\/blondeau.be\/fr\/produit\/kromschroder-vaa\/\" \/>\n<meta property=\"og:site_name\" content=\"Blondeau\" \/>\n<meta property=\"article:modified_time\" content=\"2025-09-01T15:34:36+00:00\" \/>\n<meta property=\"og:image\" content=\"https:\/\/blondeau.be\/wp-content\/uploads\/2025\/03\/VAA.jpg\" \/>\n\t<meta property=\"og:image:width\" content=\"627\" \/>\n\t<meta property=\"og:image:height\" content=\"576\" \/>\n\t<meta property=\"og:image:type\" content=\"image\/jpeg\" \/>\n<meta name=\"twitter:card\" content=\"summary_large_image\" \/>\n<meta name=\"twitter:label1\" content=\"Dur\u00e9e de lecture estim\u00e9e\" \/>\n\t<meta name=\"twitter:data1\" content=\"1 minute\" \/>\n<script type=\"application\/ld+json\" class=\"yoast-schema-graph\">{\"@context\":\"https:\/\/schema.org\",\"@graph\":[{\"@type\":\"WebPage\",\"@id\":\"https:\/\/blondeau.be\/fr\/produit\/kromschroder-vaa\/\",\"url\":\"https:\/\/blondeau.be\/fr\/produit\/kromschroder-vaa\/\",\"name\":\"Kromschr\u00f6der VAA - Blondeau\",\"isPartOf\":{\"@id\":\"https:\/\/blondeau.be\/fr\/#website\"},\"primaryImageOfPage\":{\"@id\":\"https:\/\/blondeau.be\/fr\/produit\/kromschroder-vaa\/#primaryimage\"},\"image\":{\"@id\":\"https:\/\/blondeau.be\/fr\/produit\/kromschroder-vaa\/#primaryimage\"},\"thumbnailUrl\":\"https:\/\/blondeau.be\/wp-content\/uploads\/2025\/03\/VAA.jpg\",\"datePublished\":\"2025-03-11T16:53:02+00:00\",\"dateModified\":\"2025-09-01T15:34:36+00:00\",\"breadcrumb\":{\"@id\":\"https:\/\/blondeau.be\/fr\/produit\/kromschroder-vaa\/#breadcrumb\"},\"inLanguage\":\"fr-FR\",\"potentialAction\":[{\"@type\":\"ReadAction\",\"target\":[\"https:\/\/blondeau.be\/fr\/produit\/kromschroder-vaa\/\"]}]},{\"@type\":\"ImageObject\",\"inLanguage\":\"fr-FR\",\"@id\":\"https:\/\/blondeau.be\/fr\/produit\/kromschroder-vaa\/#primaryimage\",\"url\":\"https:\/\/blondeau.be\/wp-content\/uploads\/2025\/03\/VAA.jpg\",\"contentUrl\":\"https:\/\/blondeau.be\/wp-content\/uploads\/2025\/03\/VAA.jpg\",\"width\":627,\"height\":576},{\"@type\":\"BreadcrumbList\",\"@id\":\"https:\/\/blondeau.be\/fr\/produit\/kromschroder-vaa\/#breadcrumb\",\"itemListElement\":[{\"@type\":\"ListItem\",\"position\":1,\"name\":\"Home\",\"item\":\"https:\/\/blondeau.be\/fr\/accueil\/\"},{\"@type\":\"ListItem\",\"position\":2,\"name\":\"Catalogue des produits\",\"item\":\"https:\/\/blondeau.be\/fr\/catalogue-des-produits\/\"},{\"@type\":\"ListItem\",\"position\":3,\"name\":\"Kromschr\u00f6der VAA\"}]},{\"@type\":\"WebSite\",\"@id\":\"https:\/\/blondeau.be\/fr\/#website\",\"url\":\"https:\/\/blondeau.be\/fr\/\",\"name\":\"Blondeau\",\"description\":\"Industrial Heating\",\"publisher\":{\"@id\":\"https:\/\/blondeau.be\/fr\/#organization\"},\"potentialAction\":[{\"@type\":\"SearchAction\",\"target\":{\"@type\":\"EntryPoint\",\"urlTemplate\":\"https:\/\/blondeau.be\/fr\/?s={search_term_string}\"},\"query-input\":{\"@type\":\"PropertyValueSpecification\",\"valueRequired\":true,\"valueName\":\"search_term_string\"}}],\"inLanguage\":\"fr-FR\"},{\"@type\":\"Organization\",\"@id\":\"https:\/\/blondeau.be\/fr\/#organization\",\"name\":\"Blondeau\",\"url\":\"https:\/\/blondeau.be\/fr\/\",\"logo\":{\"@type\":\"ImageObject\",\"inLanguage\":\"fr-FR\",\"@id\":\"https:\/\/blondeau.be\/fr\/#\/schema\/logo\/image\/\",\"url\":\"https:\/\/blondeau.be\/wp-content\/uploads\/2025\/08\/Logo.jpg\",\"contentUrl\":\"https:\/\/blondeau.be\/wp-content\/uploads\/2025\/08\/Logo.jpg\",\"width\":600,\"height\":600,\"caption\":\"Blondeau\"},\"image\":{\"@id\":\"https:\/\/blondeau.be\/fr\/#\/schema\/logo\/image\/\"}}]}<\/script>\n<!-- \/ Yoast SEO plugin. -->","yoast_head_json":{"title":"Kromschr\u00f6der VAA - Blondeau","robots":{"index":"index","follow":"follow","max-snippet":"max-snippet:-1","max-image-preview":"max-image-preview:large","max-video-preview":"max-video-preview:-1"},"canonical":"https:\/\/blondeau.be\/fr\/produit\/kromschroder-vaa\/","og_locale":"fr_FR","og_type":"article","og_title":"Kromschr\u00f6der VAA - Blondeau","og_description":"La VAA de Kromschr\u00f6der est une \u00e9lectrovanne de contr\u00f4le d&rsquo;air sp\u00e9cialement con\u00e7ue pour les syst\u00e8mes de br\u00fbleurs industriels afin de contr\u00f4ler avec pr\u00e9cision l&rsquo;alimentation en air. Caract\u00e9ristiques et avantages : Tailles disponibles : 1 \u00e0 3 Diam\u00e8tres nominaux (DN) : 10 \u00e0 65 Raccords : filet\u00e9s ou \u00e0 bride Modes de fonctionnement : ouverture et [&hellip;]","og_url":"https:\/\/blondeau.be\/fr\/produit\/kromschroder-vaa\/","og_site_name":"Blondeau","article_modified_time":"2025-09-01T15:34:36+00:00","og_image":[{"width":627,"height":576,"url":"https:\/\/blondeau.be\/wp-content\/uploads\/2025\/03\/VAA.jpg","type":"image\/jpeg"}],"twitter_card":"summary_large_image","twitter_misc":{"Dur\u00e9e de lecture estim\u00e9e":"1 minute"},"schema":{"@context":"https:\/\/schema.org","@graph":[{"@type":"WebPage","@id":"https:\/\/blondeau.be\/fr\/produit\/kromschroder-vaa\/","url":"https:\/\/blondeau.be\/fr\/produit\/kromschroder-vaa\/","name":"Kromschr\u00f6der VAA - Blondeau","isPartOf":{"@id":"https:\/\/blondeau.be\/fr\/#website"},"primaryImageOfPage":{"@id":"https:\/\/blondeau.be\/fr\/produit\/kromschroder-vaa\/#primaryimage"},"image":{"@id":"https:\/\/blondeau.be\/fr\/produit\/kromschroder-vaa\/#primaryimage"},"thumbnailUrl":"https:\/\/blondeau.be\/wp-content\/uploads\/2025\/03\/VAA.jpg","datePublished":"2025-03-11T16:53:02+00:00","dateModified":"2025-09-01T15:34:36+00:00","breadcrumb":{"@id":"https:\/\/blondeau.be\/fr\/produit\/kromschroder-vaa\/#breadcrumb"},"inLanguage":"fr-FR","potentialAction":[{"@type":"ReadAction","target":["https:\/\/blondeau.be\/fr\/produit\/kromschroder-vaa\/"]}]},{"@type":"ImageObject","inLanguage":"fr-FR","@id":"https:\/\/blondeau.be\/fr\/produit\/kromschroder-vaa\/#primaryimage","url":"https:\/\/blondeau.be\/wp-content\/uploads\/2025\/03\/VAA.jpg","contentUrl":"https:\/\/blondeau.be\/wp-content\/uploads\/2025\/03\/VAA.jpg","width":627,"height":576},{"@type":"BreadcrumbList","@id":"https:\/\/blondeau.be\/fr\/produit\/kromschroder-vaa\/#breadcrumb","itemListElement":[{"@type":"ListItem","position":1,"name":"Home","item":"https:\/\/blondeau.be\/fr\/accueil\/"},{"@type":"ListItem","position":2,"name":"Catalogue des produits","item":"https:\/\/blondeau.be\/fr\/catalogue-des-produits\/"},{"@type":"ListItem","position":3,"name":"Kromschr\u00f6der VAA"}]},{"@type":"WebSite","@id":"https:\/\/blondeau.be\/fr\/#website","url":"https:\/\/blondeau.be\/fr\/","name":"Blondeau","description":"Industrial Heating","publisher":{"@id":"https:\/\/blondeau.be\/fr\/#organization"},"potentialAction":[{"@type":"SearchAction","target":{"@type":"EntryPoint","urlTemplate":"https:\/\/blondeau.be\/fr\/?s={search_term_string}"},"query-input":{"@type":"PropertyValueSpecification","valueRequired":true,"valueName":"search_term_string"}}],"inLanguage":"fr-FR"},{"@type":"Organization","@id":"https:\/\/blondeau.be\/fr\/#organization","name":"Blondeau","url":"https:\/\/blondeau.be\/fr\/","logo":{"@type":"ImageObject","inLanguage":"fr-FR","@id":"https:\/\/blondeau.be\/fr\/#\/schema\/logo\/image\/","url":"https:\/\/blondeau.be\/wp-content\/uploads\/2025\/08\/Logo.jpg","contentUrl":"https:\/\/blondeau.be\/wp-content\/uploads\/2025\/08\/Logo.jpg","width":600,"height":600,"caption":"Blondeau"},"image":{"@id":"https:\/\/blondeau.be\/fr\/#\/schema\/logo\/image\/"}}]}},"_links":{"self":[{"href":"https:\/\/blondeau.be\/fr\/wp-json\/wp\/v2\/product\/27937","targetHints":{"allow":["GET"]}}],"collection":[{"href":"https:\/\/blondeau.be\/fr\/wp-json\/wp\/v2\/product"}],"about":[{"href":"https:\/\/blondeau.be\/fr\/wp-json\/wp\/v2\/types\/product"}],"wp:featuredmedia":[{"embeddable":true,"href":"https:\/\/blondeau.be\/fr\/wp-json\/wp\/v2\/media\/27939"}],"wp:attachment":[{"href":"https:\/\/blondeau.be\/fr\/wp-json\/wp\/v2\/media?parent=27937"}],"wp:term":[{"taxonomy":"product_brand","embeddable":true,"href":"https:\/\/blondeau.be\/fr\/wp-json\/wp\/v2\/product_brand?post=27937"},{"taxonomy":"product_cat","embeddable":true,"href":"https:\/\/blondeau.be\/fr\/wp-json\/wp\/v2\/product_cat?post=27937"},{"taxonomy":"product_tag","embeddable":true,"href":"https:\/\/blondeau.be\/fr\/wp-json\/wp\/v2\/product_tag?post=27937"}],"curies":[{"name":"wp","href":"https:\/\/api.w.org\/{rel}","templated":true}]}}