{"id":27932,"date":"2025-02-24T19:05:02","date_gmt":"2025-02-24T17:05:02","guid":{"rendered":"https:\/\/blondeau.be\/product\/hauck-beta-bbc\/"},"modified":"2025-08-29T12:34:34","modified_gmt":"2025-08-29T10:34:34","slug":"hauck-beta-bbc","status":"publish","type":"product","link":"https:\/\/blondeau.be\/fr\/produit\/hauck-beta-bbc\/","title":{"rendered":"Hauck Beta BBC"},"content":{"rendered":"<p data-start=\"890\" data-end=\"1372\">Le <strong>BBC<\/strong> est con\u00e7u pour \u00eatre durable et pour durer longtemps, en utilisation continue ou intermittente, dans divers environnements de chauffage. Ses faibles exigences en mati\u00e8re de pression d&rsquo;air et de combustible en font un br\u00fbleur polyvalent id\u00e9al pour des applications telles que les r\u00e9chauffeurs de fluides thermiques, les oxydants, les fours rotatifs, les chaudi\u00e8res \u00e0 gypse, les r\u00e9chauffeurs d&rsquo;air et les incin\u00e9rateurs. Le BBC peut \u00e9galement fonctionner dans des applications sous pression ou sous vide.  <\/p>\n<p data-start=\"890\" data-end=\"1372\"><strong data-start=\"367\" data-end=\"393\">Caract\u00e9ristiques et avantages :<\/strong><\/p>\n<ul data-start=\"1403\" data-end=\"2141\" data-is-only-node=\"\" data-is-last-node=\"\">\n<li data-start=\"1403\" data-end=\"1477\">Plage de capacit\u00e9 : 760 \u00e0 28 920 kW<\/li>\n<li data-start=\"1478\" data-end=\"1593\">Combustibles : Tout combustible industriel propre ayant un pouvoir calorifique sup\u00e9rieur \u00e0 19,7 MJ\/nm\u00b3.<\/li>\n<li data-start=\"1594\" data-end=\"1637\">Choix de l&rsquo;alliage ou de la tuile r\u00e9fractaire<\/li>\n<li data-start=\"1638\" data-end=\"1712\">Le taux de r\u00e9duction d\u00e9pend du type de carburant et de l&rsquo;exc\u00e8s d&rsquo;air.<\/li>\n<li data-start=\"1713\" data-end=\"1758\">Conception robuste en acier de haute qualit\u00e9<\/li>\n<li data-start=\"1759\" data-end=\"1800\">Faibles exigences en mati\u00e8re de pression d&rsquo;air et de carburant<\/li>\n<li data-start=\"1801\" data-end=\"1882\">Con\u00e7u pour fonctionner dans une large gamme de rapports air\/carburant<\/li>\n<li data-start=\"1883\" data-end=\"1902\">Contr\u00f4le de la flamme par UV<\/li>\n<li data-start=\"1903\" data-end=\"1969\">Versions isol\u00e9es pour l&rsquo;air pr\u00e9chauff\u00e9 jusqu&rsquo;\u00e0 480\u00b0C<\/li>\n<li data-start=\"1970\" data-end=\"1990\">Allumage de la veilleuse<\/li>\n<li data-start=\"1991\" data-end=\"2053\">Atomisation \u00e0 basse pression pour les huiles l\u00e9g\u00e8res ou le propane liquide<\/li>\n<li data-start=\"2054\" data-end=\"2141\" data-is-last-node=\"\">Pulv\u00e9risation d&rsquo;air comprim\u00e9 disponible pour les hautes altitudes ou les carburants lourds<\/li>\n<\/ul>\n<p><strong>Documentation :<\/strong><\/p>\n<p>&nbsp;<\/p>\n","protected":false},"excerpt":{"rendered":"<p>Le BBC est con\u00e7u pour \u00eatre durable et pour durer longtemps, en utilisation continue ou intermittente, dans divers environnements de chauffage. Ses faibles exigences en mati\u00e8re de pression d&rsquo;air et de combustible en font un br\u00fbleur polyvalent id\u00e9al pour des applications telles que les r\u00e9chauffeurs de fluides thermiques, les oxydants, les fours rotatifs, les chaudi\u00e8res [&hellip;]<\/p>\n","protected":false},"featured_media":28350,"template":"","meta":{"_acf_changed":false},"product_brand":[],"product_cat":[380],"product_tag":[366],"class_list":{"0":"post-27932","1":"product","2":"type-product","3":"status-publish","4":"has-post-thumbnail","6":"product_cat-bruleurs-fr-2","7":"product_tag-bruleurs-melange","9":"first","10":"instock","11":"taxable","12":"shipping-taxable","13":"product-type-simple"},"acf":[],"yoast_head":"<!-- This site is optimized with the Yoast SEO plugin v26.8 - https:\/\/yoast.com\/product\/yoast-seo-wordpress\/ -->\n<title>Hauck Beta BBC - Blondeau<\/title>\n<meta name=\"robots\" content=\"index, follow, max-snippet:-1, max-image-preview:large, max-video-preview:-1\" \/>\n<link rel=\"canonical\" href=\"https:\/\/blondeau.be\/fr\/produit\/hauck-beta-bbc\/\" \/>\n<meta property=\"og:locale\" content=\"fr_FR\" \/>\n<meta property=\"og:type\" content=\"article\" \/>\n<meta property=\"og:title\" content=\"Hauck Beta BBC - Blondeau\" \/>\n<meta property=\"og:description\" content=\"Le BBC est con\u00e7u pour \u00eatre durable et pour durer longtemps, en utilisation continue ou intermittente, dans divers environnements de chauffage. Ses faibles exigences en mati\u00e8re de pression d&rsquo;air et de combustible en font un br\u00fbleur polyvalent id\u00e9al pour des applications telles que les r\u00e9chauffeurs de fluides thermiques, les oxydants, les fours rotatifs, les chaudi\u00e8res [&hellip;]\" \/>\n<meta property=\"og:url\" content=\"https:\/\/blondeau.be\/fr\/produit\/hauck-beta-bbc\/\" \/>\n<meta property=\"og:site_name\" content=\"Blondeau\" \/>\n<meta property=\"article:modified_time\" content=\"2025-08-29T10:34:34+00:00\" \/>\n<meta property=\"og:image\" content=\"https:\/\/blondeau.be\/wp-content\/uploads\/2025\/02\/Hauck-1.jpg\" \/>\n\t<meta property=\"og:image:width\" content=\"419\" \/>\n\t<meta property=\"og:image:height\" content=\"369\" \/>\n\t<meta property=\"og:image:type\" content=\"image\/jpeg\" \/>\n<meta name=\"twitter:card\" content=\"summary_large_image\" \/>\n<meta name=\"twitter:label1\" content=\"Dur\u00e9e de lecture estim\u00e9e\" \/>\n\t<meta name=\"twitter:data1\" content=\"1 minute\" \/>\n<script type=\"application\/ld+json\" class=\"yoast-schema-graph\">{\"@context\":\"https:\/\/schema.org\",\"@graph\":[{\"@type\":\"WebPage\",\"@id\":\"https:\/\/blondeau.be\/fr\/produit\/hauck-beta-bbc\/\",\"url\":\"https:\/\/blondeau.be\/fr\/produit\/hauck-beta-bbc\/\",\"name\":\"Hauck Beta BBC - Blondeau\",\"isPartOf\":{\"@id\":\"https:\/\/blondeau.be\/fr\/#website\"},\"primaryImageOfPage\":{\"@id\":\"https:\/\/blondeau.be\/fr\/produit\/hauck-beta-bbc\/#primaryimage\"},\"image\":{\"@id\":\"https:\/\/blondeau.be\/fr\/produit\/hauck-beta-bbc\/#primaryimage\"},\"thumbnailUrl\":\"https:\/\/blondeau.be\/wp-content\/uploads\/2025\/02\/Hauck-1.jpg\",\"datePublished\":\"2025-02-24T17:05:02+00:00\",\"dateModified\":\"2025-08-29T10:34:34+00:00\",\"breadcrumb\":{\"@id\":\"https:\/\/blondeau.be\/fr\/produit\/hauck-beta-bbc\/#breadcrumb\"},\"inLanguage\":\"fr-FR\",\"potentialAction\":[{\"@type\":\"ReadAction\",\"target\":[\"https:\/\/blondeau.be\/fr\/produit\/hauck-beta-bbc\/\"]}]},{\"@type\":\"ImageObject\",\"inLanguage\":\"fr-FR\",\"@id\":\"https:\/\/blondeau.be\/fr\/produit\/hauck-beta-bbc\/#primaryimage\",\"url\":\"https:\/\/blondeau.be\/wp-content\/uploads\/2025\/02\/Hauck-1.jpg\",\"contentUrl\":\"https:\/\/blondeau.be\/wp-content\/uploads\/2025\/02\/Hauck-1.jpg\",\"width\":419,\"height\":369},{\"@type\":\"BreadcrumbList\",\"@id\":\"https:\/\/blondeau.be\/fr\/produit\/hauck-beta-bbc\/#breadcrumb\",\"itemListElement\":[{\"@type\":\"ListItem\",\"position\":1,\"name\":\"Home\",\"item\":\"https:\/\/blondeau.be\/fr\/accueil\/\"},{\"@type\":\"ListItem\",\"position\":2,\"name\":\"Catalogue des produits\",\"item\":\"https:\/\/blondeau.be\/fr\/catalogue-des-produits\/\"},{\"@type\":\"ListItem\",\"position\":3,\"name\":\"Hauck Beta BBC\"}]},{\"@type\":\"WebSite\",\"@id\":\"https:\/\/blondeau.be\/fr\/#website\",\"url\":\"https:\/\/blondeau.be\/fr\/\",\"name\":\"Blondeau\",\"description\":\"Industrial Heating\",\"publisher\":{\"@id\":\"https:\/\/blondeau.be\/fr\/#organization\"},\"potentialAction\":[{\"@type\":\"SearchAction\",\"target\":{\"@type\":\"EntryPoint\",\"urlTemplate\":\"https:\/\/blondeau.be\/fr\/?s={search_term_string}\"},\"query-input\":{\"@type\":\"PropertyValueSpecification\",\"valueRequired\":true,\"valueName\":\"search_term_string\"}}],\"inLanguage\":\"fr-FR\"},{\"@type\":\"Organization\",\"@id\":\"https:\/\/blondeau.be\/fr\/#organization\",\"name\":\"Blondeau\",\"url\":\"https:\/\/blondeau.be\/fr\/\",\"logo\":{\"@type\":\"ImageObject\",\"inLanguage\":\"fr-FR\",\"@id\":\"https:\/\/blondeau.be\/fr\/#\/schema\/logo\/image\/\",\"url\":\"https:\/\/blondeau.be\/wp-content\/uploads\/2025\/08\/Logo.jpg\",\"contentUrl\":\"https:\/\/blondeau.be\/wp-content\/uploads\/2025\/08\/Logo.jpg\",\"width\":600,\"height\":600,\"caption\":\"Blondeau\"},\"image\":{\"@id\":\"https:\/\/blondeau.be\/fr\/#\/schema\/logo\/image\/\"}}]}<\/script>\n<!-- \/ Yoast SEO plugin. -->","yoast_head_json":{"title":"Hauck Beta BBC - Blondeau","robots":{"index":"index","follow":"follow","max-snippet":"max-snippet:-1","max-image-preview":"max-image-preview:large","max-video-preview":"max-video-preview:-1"},"canonical":"https:\/\/blondeau.be\/fr\/produit\/hauck-beta-bbc\/","og_locale":"fr_FR","og_type":"article","og_title":"Hauck Beta BBC - Blondeau","og_description":"Le BBC est con\u00e7u pour \u00eatre durable et pour durer longtemps, en utilisation continue ou intermittente, dans divers environnements de chauffage. Ses faibles exigences en mati\u00e8re de pression d&rsquo;air et de combustible en font un br\u00fbleur polyvalent id\u00e9al pour des applications telles que les r\u00e9chauffeurs de fluides thermiques, les oxydants, les fours rotatifs, les chaudi\u00e8res [&hellip;]","og_url":"https:\/\/blondeau.be\/fr\/produit\/hauck-beta-bbc\/","og_site_name":"Blondeau","article_modified_time":"2025-08-29T10:34:34+00:00","og_image":[{"width":419,"height":369,"url":"https:\/\/blondeau.be\/wp-content\/uploads\/2025\/02\/Hauck-1.jpg","type":"image\/jpeg"}],"twitter_card":"summary_large_image","twitter_misc":{"Dur\u00e9e de lecture estim\u00e9e":"1 minute"},"schema":{"@context":"https:\/\/schema.org","@graph":[{"@type":"WebPage","@id":"https:\/\/blondeau.be\/fr\/produit\/hauck-beta-bbc\/","url":"https:\/\/blondeau.be\/fr\/produit\/hauck-beta-bbc\/","name":"Hauck Beta BBC - Blondeau","isPartOf":{"@id":"https:\/\/blondeau.be\/fr\/#website"},"primaryImageOfPage":{"@id":"https:\/\/blondeau.be\/fr\/produit\/hauck-beta-bbc\/#primaryimage"},"image":{"@id":"https:\/\/blondeau.be\/fr\/produit\/hauck-beta-bbc\/#primaryimage"},"thumbnailUrl":"https:\/\/blondeau.be\/wp-content\/uploads\/2025\/02\/Hauck-1.jpg","datePublished":"2025-02-24T17:05:02+00:00","dateModified":"2025-08-29T10:34:34+00:00","breadcrumb":{"@id":"https:\/\/blondeau.be\/fr\/produit\/hauck-beta-bbc\/#breadcrumb"},"inLanguage":"fr-FR","potentialAction":[{"@type":"ReadAction","target":["https:\/\/blondeau.be\/fr\/produit\/hauck-beta-bbc\/"]}]},{"@type":"ImageObject","inLanguage":"fr-FR","@id":"https:\/\/blondeau.be\/fr\/produit\/hauck-beta-bbc\/#primaryimage","url":"https:\/\/blondeau.be\/wp-content\/uploads\/2025\/02\/Hauck-1.jpg","contentUrl":"https:\/\/blondeau.be\/wp-content\/uploads\/2025\/02\/Hauck-1.jpg","width":419,"height":369},{"@type":"BreadcrumbList","@id":"https:\/\/blondeau.be\/fr\/produit\/hauck-beta-bbc\/#breadcrumb","itemListElement":[{"@type":"ListItem","position":1,"name":"Home","item":"https:\/\/blondeau.be\/fr\/accueil\/"},{"@type":"ListItem","position":2,"name":"Catalogue des produits","item":"https:\/\/blondeau.be\/fr\/catalogue-des-produits\/"},{"@type":"ListItem","position":3,"name":"Hauck Beta BBC"}]},{"@type":"WebSite","@id":"https:\/\/blondeau.be\/fr\/#website","url":"https:\/\/blondeau.be\/fr\/","name":"Blondeau","description":"Industrial Heating","publisher":{"@id":"https:\/\/blondeau.be\/fr\/#organization"},"potentialAction":[{"@type":"SearchAction","target":{"@type":"EntryPoint","urlTemplate":"https:\/\/blondeau.be\/fr\/?s={search_term_string}"},"query-input":{"@type":"PropertyValueSpecification","valueRequired":true,"valueName":"search_term_string"}}],"inLanguage":"fr-FR"},{"@type":"Organization","@id":"https:\/\/blondeau.be\/fr\/#organization","name":"Blondeau","url":"https:\/\/blondeau.be\/fr\/","logo":{"@type":"ImageObject","inLanguage":"fr-FR","@id":"https:\/\/blondeau.be\/fr\/#\/schema\/logo\/image\/","url":"https:\/\/blondeau.be\/wp-content\/uploads\/2025\/08\/Logo.jpg","contentUrl":"https:\/\/blondeau.be\/wp-content\/uploads\/2025\/08\/Logo.jpg","width":600,"height":600,"caption":"Blondeau"},"image":{"@id":"https:\/\/blondeau.be\/fr\/#\/schema\/logo\/image\/"}}]}},"_links":{"self":[{"href":"https:\/\/blondeau.be\/fr\/wp-json\/wp\/v2\/product\/27932","targetHints":{"allow":["GET"]}}],"collection":[{"href":"https:\/\/blondeau.be\/fr\/wp-json\/wp\/v2\/product"}],"about":[{"href":"https:\/\/blondeau.be\/fr\/wp-json\/wp\/v2\/types\/product"}],"wp:featuredmedia":[{"embeddable":true,"href":"https:\/\/blondeau.be\/fr\/wp-json\/wp\/v2\/media\/28350"}],"wp:attachment":[{"href":"https:\/\/blondeau.be\/fr\/wp-json\/wp\/v2\/media?parent=27932"}],"wp:term":[{"taxonomy":"product_brand","embeddable":true,"href":"https:\/\/blondeau.be\/fr\/wp-json\/wp\/v2\/product_brand?post=27932"},{"taxonomy":"product_cat","embeddable":true,"href":"https:\/\/blondeau.be\/fr\/wp-json\/wp\/v2\/product_cat?post=27932"},{"taxonomy":"product_tag","embeddable":true,"href":"https:\/\/blondeau.be\/fr\/wp-json\/wp\/v2\/product_tag?post=27932"}],"curies":[{"name":"wp","href":"https:\/\/api.w.org\/{rel}","templated":true}]}}