{"id":27926,"date":"2025-02-18T17:35:27","date_gmt":"2025-02-18T15:35:27","guid":{"rendered":"https:\/\/blondeau.be\/product\/maxon-optima-sls\/"},"modified":"2025-06-27T11:18:58","modified_gmt":"2025-06-27T09:18:58","slug":"maxon-optima-sls","status":"publish","type":"product","link":"https:\/\/blondeau.be\/fr\/produit\/maxon-optima-sls\/","title":{"rendered":"Maxon Optima SLS"},"content":{"rendered":"<p data-start=\"80\" data-end=\"378\"><strong>L\u2019OPTIMA\u2122 SLS<\/strong> est un br\u00fbleur \u00e0 m\u00e9lange au nez, con\u00e7u pour offrir des performances de combustion exceptionnelles avec des \u00e9missions ultra-faibles de NOx et de CO. Il convient \u00e0 une large vari\u00e9t\u00e9 d\u2019applications industrielles, telles que les s\u00e9cheurs par pulv\u00e9risation, les s\u00e9cheurs flash, les lits fluidis\u00e9s, les s\u00e9cheurs de papier, les r\u00e9chauffeurs d\u2019air, les fours et autres proc\u00e9d\u00e9s thermiques exigeants. <\/p>\n<p data-start=\"380\" data-end=\"720\">La conception enti\u00e8rement m\u00e9tallique du br\u00fbleur garantit une combustion compacte, stable et homog\u00e8ne, avec une flamme enti\u00e8rement confin\u00e9e \u00e0 l\u2019int\u00e9rieur du tube du br\u00fbleur. Gr\u00e2ce \u00e0 la technologie avanc\u00e9e SLS\u2122, les \u00e9missions de NOx sont significativement r\u00e9duites en limitant la formation de \u00ab\u202fprompt NOx\u202f\u00bb dans le champ d\u2019\u00e9coulement r\u00e9actif. <\/p>\n<p data-start=\"722\" data-end=\"999\">Cette technologie associe un pr\u00e9m\u00e9lange gaz\/air stabilis\u00e9 et pauvre \u00e0 la flexibilit\u00e9 et aux avantages d\u2019un br\u00fbleur \u00e0 m\u00e9lange par buse. L\u2019int\u00e9gration de la technologie SLS\u2122 dans les produits MAXON permet d\u2019atteindre des niveaux d\u2019\u00e9missions extr\u00eamement faibles, sans compromis sur les performances ni sur la fiabilit\u00e9. <\/p>\n<p data-start=\"0\" data-end=\"416\"><strong>Caract\u00e9ristiques et avantages :<\/strong><\/p>\n<ul>\n<li data-start=\"1487\" data-end=\"2279\">Production de chaleur extr\u00eamement propre et fiable, avec des \u00e9missions de NOx et de CO tr\u00e8s faibles, favorisant le respect des objectifs environnementaux.<\/li>\n<li data-start=\"1487\" data-end=\"2279\">Capacit\u00e9 thermique \u00e9lev\u00e9e combin\u00e9e \u00e0 une g\u00e9om\u00e9trie de flamme compacte et robuste<\/li>\n<li data-start=\"1487\" data-end=\"2279\">Contr\u00f4le intelligent du rapport carburant\/air pour un fonctionnement stable et un rendement \u00e9nerg\u00e9tique optimal<\/li>\n<li data-start=\"1487\" data-end=\"2279\">Assistance directe \u00e0 distance via une passerelle de communication optionnelle<\/li>\n<li data-start=\"1487\" data-end=\"2279\">Construction tout acier et alliages r\u00e9sistants \u00e0 la chaleur pour un poids r\u00e9duit et une durabilit\u00e9 accrue<\/li>\n<li data-start=\"1487\" data-end=\"2279\">Combustible flexible : convient pour le gaz naturel, le propane et le butane<\/li>\n<li data-start=\"1487\" data-end=\"2279\">Configurable de mani\u00e8re modulaire pour des applications telles que les s\u00e9choirs, les r\u00e9chauffeurs d&rsquo;air, les fours, les machines \u00e0 papier et divers autres processus thermiques.<\/li>\n<\/ul>\n<p><strong style=\"font-size: 1rem;\">Documentation :<\/strong><\/p>\n","protected":false},"excerpt":{"rendered":"<p>L\u2019OPTIMA\u2122 SLS est un br\u00fbleur \u00e0 m\u00e9lange au nez, con\u00e7u pour offrir des performances de combustion exceptionnelles avec des \u00e9missions ultra-faibles de NOx et de CO. Il convient \u00e0 une large vari\u00e9t\u00e9 d\u2019applications industrielles, telles que les s\u00e9cheurs par pulv\u00e9risation, les s\u00e9cheurs flash, les lits fluidis\u00e9s, les s\u00e9cheurs de papier, les r\u00e9chauffeurs d\u2019air, les fours [&hellip;]<\/p>\n","protected":false},"featured_media":27928,"template":"","meta":{"_acf_changed":false},"product_brand":[],"product_cat":[374],"product_tag":[366],"class_list":{"0":"post-27926","1":"product","2":"type-product","3":"status-publish","4":"has-post-thumbnail","6":"product_cat-bruleurs-fr","7":"product_tag-bruleurs-melange","9":"first","10":"instock","11":"taxable","12":"shipping-taxable","13":"product-type-simple"},"acf":[],"yoast_head":"<!-- This site is optimized with the Yoast SEO plugin v26.8 - https:\/\/yoast.com\/product\/yoast-seo-wordpress\/ -->\n<title>Maxon Optima SLS - Blondeau<\/title>\n<meta name=\"robots\" content=\"index, follow, max-snippet:-1, max-image-preview:large, max-video-preview:-1\" \/>\n<link rel=\"canonical\" href=\"https:\/\/blondeau.be\/fr\/produit\/maxon-optima-sls\/\" \/>\n<meta property=\"og:locale\" content=\"fr_FR\" \/>\n<meta property=\"og:type\" content=\"article\" \/>\n<meta property=\"og:title\" content=\"Maxon Optima SLS - Blondeau\" \/>\n<meta property=\"og:description\" content=\"L\u2019OPTIMA\u2122 SLS est un br\u00fbleur \u00e0 m\u00e9lange au nez, con\u00e7u pour offrir des performances de combustion exceptionnelles avec des \u00e9missions ultra-faibles de NOx et de CO. Il convient \u00e0 une large vari\u00e9t\u00e9 d\u2019applications industrielles, telles que les s\u00e9cheurs par pulv\u00e9risation, les s\u00e9cheurs flash, les lits fluidis\u00e9s, les s\u00e9cheurs de papier, les r\u00e9chauffeurs d\u2019air, les fours [&hellip;]\" \/>\n<meta property=\"og:url\" content=\"https:\/\/blondeau.be\/fr\/produit\/maxon-optima-sls\/\" \/>\n<meta property=\"og:site_name\" content=\"Blondeau\" \/>\n<meta property=\"article:modified_time\" content=\"2025-06-27T09:18:58+00:00\" \/>\n<meta property=\"og:image\" content=\"https:\/\/blondeau.be\/wp-content\/uploads\/2025\/02\/Optima.jpg\" \/>\n\t<meta property=\"og:image:width\" content=\"659\" \/>\n\t<meta property=\"og:image:height\" content=\"576\" \/>\n\t<meta property=\"og:image:type\" content=\"image\/jpeg\" \/>\n<meta name=\"twitter:card\" content=\"summary_large_image\" \/>\n<meta name=\"twitter:label1\" content=\"Dur\u00e9e de lecture estim\u00e9e\" \/>\n\t<meta name=\"twitter:data1\" content=\"2 minutes\" \/>\n<script type=\"application\/ld+json\" class=\"yoast-schema-graph\">{\"@context\":\"https:\/\/schema.org\",\"@graph\":[{\"@type\":\"WebPage\",\"@id\":\"https:\/\/blondeau.be\/fr\/produit\/maxon-optima-sls\/\",\"url\":\"https:\/\/blondeau.be\/fr\/produit\/maxon-optima-sls\/\",\"name\":\"Maxon Optima SLS - Blondeau\",\"isPartOf\":{\"@id\":\"https:\/\/blondeau.be\/fr\/#website\"},\"primaryImageOfPage\":{\"@id\":\"https:\/\/blondeau.be\/fr\/produit\/maxon-optima-sls\/#primaryimage\"},\"image\":{\"@id\":\"https:\/\/blondeau.be\/fr\/produit\/maxon-optima-sls\/#primaryimage\"},\"thumbnailUrl\":\"https:\/\/blondeau.be\/wp-content\/uploads\/2025\/02\/Optima.jpg\",\"datePublished\":\"2025-02-18T15:35:27+00:00\",\"dateModified\":\"2025-06-27T09:18:58+00:00\",\"breadcrumb\":{\"@id\":\"https:\/\/blondeau.be\/fr\/produit\/maxon-optima-sls\/#breadcrumb\"},\"inLanguage\":\"fr-FR\",\"potentialAction\":[{\"@type\":\"ReadAction\",\"target\":[\"https:\/\/blondeau.be\/fr\/produit\/maxon-optima-sls\/\"]}]},{\"@type\":\"ImageObject\",\"inLanguage\":\"fr-FR\",\"@id\":\"https:\/\/blondeau.be\/fr\/produit\/maxon-optima-sls\/#primaryimage\",\"url\":\"https:\/\/blondeau.be\/wp-content\/uploads\/2025\/02\/Optima.jpg\",\"contentUrl\":\"https:\/\/blondeau.be\/wp-content\/uploads\/2025\/02\/Optima.jpg\",\"width\":659,\"height\":576},{\"@type\":\"BreadcrumbList\",\"@id\":\"https:\/\/blondeau.be\/fr\/produit\/maxon-optima-sls\/#breadcrumb\",\"itemListElement\":[{\"@type\":\"ListItem\",\"position\":1,\"name\":\"Home\",\"item\":\"https:\/\/blondeau.be\/fr\/accueil\/\"},{\"@type\":\"ListItem\",\"position\":2,\"name\":\"Catalogue des produits\",\"item\":\"https:\/\/blondeau.be\/fr\/catalogue-des-produits\/\"},{\"@type\":\"ListItem\",\"position\":3,\"name\":\"Maxon Optima SLS\"}]},{\"@type\":\"WebSite\",\"@id\":\"https:\/\/blondeau.be\/fr\/#website\",\"url\":\"https:\/\/blondeau.be\/fr\/\",\"name\":\"Blondeau\",\"description\":\"Industrial Heating\",\"publisher\":{\"@id\":\"https:\/\/blondeau.be\/fr\/#organization\"},\"potentialAction\":[{\"@type\":\"SearchAction\",\"target\":{\"@type\":\"EntryPoint\",\"urlTemplate\":\"https:\/\/blondeau.be\/fr\/?s={search_term_string}\"},\"query-input\":{\"@type\":\"PropertyValueSpecification\",\"valueRequired\":true,\"valueName\":\"search_term_string\"}}],\"inLanguage\":\"fr-FR\"},{\"@type\":\"Organization\",\"@id\":\"https:\/\/blondeau.be\/fr\/#organization\",\"name\":\"Blondeau\",\"url\":\"https:\/\/blondeau.be\/fr\/\",\"logo\":{\"@type\":\"ImageObject\",\"inLanguage\":\"fr-FR\",\"@id\":\"https:\/\/blondeau.be\/fr\/#\/schema\/logo\/image\/\",\"url\":\"https:\/\/blondeau.be\/wp-content\/uploads\/2025\/08\/Logo.jpg\",\"contentUrl\":\"https:\/\/blondeau.be\/wp-content\/uploads\/2025\/08\/Logo.jpg\",\"width\":600,\"height\":600,\"caption\":\"Blondeau\"},\"image\":{\"@id\":\"https:\/\/blondeau.be\/fr\/#\/schema\/logo\/image\/\"}}]}<\/script>\n<!-- \/ Yoast SEO plugin. -->","yoast_head_json":{"title":"Maxon Optima SLS - Blondeau","robots":{"index":"index","follow":"follow","max-snippet":"max-snippet:-1","max-image-preview":"max-image-preview:large","max-video-preview":"max-video-preview:-1"},"canonical":"https:\/\/blondeau.be\/fr\/produit\/maxon-optima-sls\/","og_locale":"fr_FR","og_type":"article","og_title":"Maxon Optima SLS - Blondeau","og_description":"L\u2019OPTIMA\u2122 SLS est un br\u00fbleur \u00e0 m\u00e9lange au nez, con\u00e7u pour offrir des performances de combustion exceptionnelles avec des \u00e9missions ultra-faibles de NOx et de CO. Il convient \u00e0 une large vari\u00e9t\u00e9 d\u2019applications industrielles, telles que les s\u00e9cheurs par pulv\u00e9risation, les s\u00e9cheurs flash, les lits fluidis\u00e9s, les s\u00e9cheurs de papier, les r\u00e9chauffeurs d\u2019air, les fours [&hellip;]","og_url":"https:\/\/blondeau.be\/fr\/produit\/maxon-optima-sls\/","og_site_name":"Blondeau","article_modified_time":"2025-06-27T09:18:58+00:00","og_image":[{"width":659,"height":576,"url":"https:\/\/blondeau.be\/wp-content\/uploads\/2025\/02\/Optima.jpg","type":"image\/jpeg"}],"twitter_card":"summary_large_image","twitter_misc":{"Dur\u00e9e de lecture estim\u00e9e":"2 minutes"},"schema":{"@context":"https:\/\/schema.org","@graph":[{"@type":"WebPage","@id":"https:\/\/blondeau.be\/fr\/produit\/maxon-optima-sls\/","url":"https:\/\/blondeau.be\/fr\/produit\/maxon-optima-sls\/","name":"Maxon Optima SLS - Blondeau","isPartOf":{"@id":"https:\/\/blondeau.be\/fr\/#website"},"primaryImageOfPage":{"@id":"https:\/\/blondeau.be\/fr\/produit\/maxon-optima-sls\/#primaryimage"},"image":{"@id":"https:\/\/blondeau.be\/fr\/produit\/maxon-optima-sls\/#primaryimage"},"thumbnailUrl":"https:\/\/blondeau.be\/wp-content\/uploads\/2025\/02\/Optima.jpg","datePublished":"2025-02-18T15:35:27+00:00","dateModified":"2025-06-27T09:18:58+00:00","breadcrumb":{"@id":"https:\/\/blondeau.be\/fr\/produit\/maxon-optima-sls\/#breadcrumb"},"inLanguage":"fr-FR","potentialAction":[{"@type":"ReadAction","target":["https:\/\/blondeau.be\/fr\/produit\/maxon-optima-sls\/"]}]},{"@type":"ImageObject","inLanguage":"fr-FR","@id":"https:\/\/blondeau.be\/fr\/produit\/maxon-optima-sls\/#primaryimage","url":"https:\/\/blondeau.be\/wp-content\/uploads\/2025\/02\/Optima.jpg","contentUrl":"https:\/\/blondeau.be\/wp-content\/uploads\/2025\/02\/Optima.jpg","width":659,"height":576},{"@type":"BreadcrumbList","@id":"https:\/\/blondeau.be\/fr\/produit\/maxon-optima-sls\/#breadcrumb","itemListElement":[{"@type":"ListItem","position":1,"name":"Home","item":"https:\/\/blondeau.be\/fr\/accueil\/"},{"@type":"ListItem","position":2,"name":"Catalogue des produits","item":"https:\/\/blondeau.be\/fr\/catalogue-des-produits\/"},{"@type":"ListItem","position":3,"name":"Maxon Optima SLS"}]},{"@type":"WebSite","@id":"https:\/\/blondeau.be\/fr\/#website","url":"https:\/\/blondeau.be\/fr\/","name":"Blondeau","description":"Industrial Heating","publisher":{"@id":"https:\/\/blondeau.be\/fr\/#organization"},"potentialAction":[{"@type":"SearchAction","target":{"@type":"EntryPoint","urlTemplate":"https:\/\/blondeau.be\/fr\/?s={search_term_string}"},"query-input":{"@type":"PropertyValueSpecification","valueRequired":true,"valueName":"search_term_string"}}],"inLanguage":"fr-FR"},{"@type":"Organization","@id":"https:\/\/blondeau.be\/fr\/#organization","name":"Blondeau","url":"https:\/\/blondeau.be\/fr\/","logo":{"@type":"ImageObject","inLanguage":"fr-FR","@id":"https:\/\/blondeau.be\/fr\/#\/schema\/logo\/image\/","url":"https:\/\/blondeau.be\/wp-content\/uploads\/2025\/08\/Logo.jpg","contentUrl":"https:\/\/blondeau.be\/wp-content\/uploads\/2025\/08\/Logo.jpg","width":600,"height":600,"caption":"Blondeau"},"image":{"@id":"https:\/\/blondeau.be\/fr\/#\/schema\/logo\/image\/"}}]}},"_links":{"self":[{"href":"https:\/\/blondeau.be\/fr\/wp-json\/wp\/v2\/product\/27926","targetHints":{"allow":["GET"]}}],"collection":[{"href":"https:\/\/blondeau.be\/fr\/wp-json\/wp\/v2\/product"}],"about":[{"href":"https:\/\/blondeau.be\/fr\/wp-json\/wp\/v2\/types\/product"}],"wp:featuredmedia":[{"embeddable":true,"href":"https:\/\/blondeau.be\/fr\/wp-json\/wp\/v2\/media\/27928"}],"wp:attachment":[{"href":"https:\/\/blondeau.be\/fr\/wp-json\/wp\/v2\/media?parent=27926"}],"wp:term":[{"taxonomy":"product_brand","embeddable":true,"href":"https:\/\/blondeau.be\/fr\/wp-json\/wp\/v2\/product_brand?post=27926"},{"taxonomy":"product_cat","embeddable":true,"href":"https:\/\/blondeau.be\/fr\/wp-json\/wp\/v2\/product_cat?post=27926"},{"taxonomy":"product_tag","embeddable":true,"href":"https:\/\/blondeau.be\/fr\/wp-json\/wp\/v2\/product_tag?post=27926"}],"curies":[{"name":"wp","href":"https:\/\/api.w.org\/{rel}","templated":true}]}}