{"id":27921,"date":"2025-02-18T17:54:54","date_gmt":"2025-02-18T15:54:54","guid":{"rendered":"https:\/\/blondeau.be\/product\/indisponible-fin-de-serie\/"},"modified":"2025-06-25T13:28:05","modified_gmt":"2025-06-25T11:28:05","slug":"indisponible-fin-de-serie","status":"publish","type":"product","link":"https:\/\/blondeau.be\/fr\/produit\/indisponible-fin-de-serie\/","title":{"rendered":"Indisponible \/ Fin de s\u00e9rie"},"content":{"rendered":"<ul>\n<li><a class=\"sample-product-description text-center d-block body1 pt-3\" href=\"https:\/\/process.honeywell.com\/us\/en\/products\/thermal-solutions\/burners-and-heat-exchangers\/discontinued-burners-and-heat-exchangers\/ecostar-iib\" target=\"_blank\" rel=\"noopener\">EcoStar IIB<\/a><\/li>\n<li><a class=\"sample-product-description text-center d-block body1 pt-3\" href=\"https:\/\/process.honeywell.com\/us\/en\/products\/thermal-solutions\/burners-and-heat-exchangers\/discontinued-burners-and-heat-exchangers\/immersopak\" target=\"_blank\" rel=\"noopener\">ImmersoPak<\/a><\/li>\n<li><a class=\"sample-product-description text-center d-block body1 pt-3\" href=\"https:\/\/process.honeywell.com\/us\/en\/products\/thermal-solutions\/burners-and-heat-exchangers\/discontinued-burners-and-heat-exchangers\/blast-tips\" target=\"_blank\" rel=\"noopener\">Conseils pour l&rsquo;explosion<\/a><\/li>\n<li><a class=\"sample-product-description text-center d-block body1 pt-3\" href=\"https:\/\/process.honeywell.com\/us\/en\/products\/thermal-solutions\/burners-and-heat-exchangers\/discontinued-burners-and-heat-exchangers\/eclipse-pilots\" target=\"_blank\" rel=\"noopener\">Pilotes Eclipse<\/a><\/li>\n<li><a class=\"sample-product-description text-center d-block body1 pt-3\" href=\"https:\/\/process.honeywell.com\/us\/en\/products\/thermal-solutions\/burners-and-heat-exchangers\/discontinued-burners-and-heat-exchangers\/thermjet-self-recuperative-burner\" target=\"_blank\" rel=\"noopener\">Br\u00fbleur auto-r\u00e9cup\u00e9rateur ThermJet<\/a><\/li>\n<li><a class=\"sample-product-description text-center d-block body1 pt-3\" href=\"https:\/\/process.honeywell.com\/us\/en\/products\/thermal-solutions\/burners-and-heat-exchangers\/discontinued-burners-and-heat-exchangers\/wide-range\" target=\"_blank\" rel=\"noopener\">WIDE-RANGE\u00ae (LARGE GAMME)<\/a><\/li>\n<li><a class=\"sample-product-description text-center d-block body1 pt-3\" href=\"https:\/\/process.honeywell.com\/us\/en\/products\/thermal-solutions\/burners-and-heat-exchangers\/discontinued-burners-and-heat-exchangers\/cctv\" target=\"_blank\" rel=\"noopener\">T\u00c9L\u00c9VISION EN CIRCUIT FERM\u00c9<\/a><\/li>\n<li><a class=\"sample-product-description text-center d-block body1 pt-3\" href=\"https:\/\/process.honeywell.com\/us\/en\/products\/thermal-solutions\/burners-and-heat-exchangers\/discontinued-burners-and-heat-exchangers\/valupak\" target=\"_blank\" rel=\"noopener\">ValuPak<\/a><\/li>\n<li><a class=\"sample-product-description text-center d-block body1 pt-3\" href=\"https:\/\/process.honeywell.com\/us\/en\/products\/thermal-solutions\/burners-and-heat-exchangers\/discontinued-burners-and-heat-exchangers\/gtcpa\" target=\"_blank\" rel=\"noopener\">GTCPA<\/a><\/li>\n<li><a class=\"sample-product-description text-center d-block body1 pt-3\" href=\"https:\/\/process.honeywell.com\/us\/en\/products\/thermal-solutions\/burners-and-heat-exchangers\/discontinued-burners-and-heat-exchangers\/ovenpak-ii\" target=\"_blank\" rel=\"noopener\">OvenPak II<\/a><\/li>\n<li><a class=\"sample-product-description text-center d-block body1 pt-3\" href=\"https:\/\/process.honeywell.com\/us\/en\/products\/thermal-solutions\/burners-and-heat-exchangers\/discontinued-burners-and-heat-exchangers\/780p\" target=\"_blank\" rel=\"noopener\">780P<\/a><\/li>\n<li><a class=\"sample-product-description text-center d-block body1 pt-3\" href=\"https:\/\/process.honeywell.com\/us\/en\/products\/thermal-solutions\/burners-and-heat-exchangers\/discontinued-burners-and-heat-exchangers\/delta-te\" target=\"_blank\" rel=\"noopener\">Delta-TE<\/a><\/li>\n<li><a class=\"sample-product-description text-center d-block body1 pt-3\" href=\"https:\/\/process.honeywell.com\/us\/en\/products\/thermal-solutions\/burners-and-heat-exchangers\/discontinued-burners-and-heat-exchangers\/gt-ng\" target=\"_blank\" rel=\"noopener\">GT-NG<\/a><\/li>\n<li><a class=\"sample-product-description text-center d-block body1 pt-3\" href=\"https:\/\/process.honeywell.com\/us\/en\/products\/thermal-solutions\/burners-and-heat-exchangers\/discontinued-burners-and-heat-exchangers\/kinedizer\" target=\"_blank\" rel=\"noopener\">Kinedizer<\/a><\/li>\n<li><a class=\"sample-product-description text-center d-block body1 pt-3\" href=\"https:\/\/process.honeywell.com\/us\/en\/products\/thermal-solutions\/burners-and-heat-exchangers\/discontinued-burners-and-heat-exchangers\/extensojet\" target=\"_blank\" rel=\"noopener\">ExtensoJet<\/a><\/li>\n<li><a class=\"sample-product-description text-center d-block body1 pt-3\" href=\"https:\/\/process.honeywell.com\/us\/en\/products\/thermal-solutions\/burners-and-heat-exchangers\/discontinued-burners-and-heat-exchangers\/multifire\" target=\"_blank\" rel=\"noopener\">MultiFire<\/a><\/li>\n<li><a class=\"sample-product-description text-center d-block body1 pt-3\" href=\"https:\/\/process.honeywell.com\/us\/en\/products\/thermal-solutions\/burners-and-heat-exchangers\/discontinued-burners-and-heat-exchangers\/forehearth-burners\" target=\"_blank\" rel=\"noopener\">Br\u00fbleurs d&rsquo;avant-corps<\/a><\/li>\n<li><a class=\"sample-product-description text-center d-block body1 pt-3\" href=\"https:\/\/process.honeywell.com\/us\/en\/products\/thermal-solutions\/burners-and-heat-exchangers\/discontinued-burners-and-heat-exchangers\/sealed-nozzle\" target=\"_blank\" rel=\"noopener\">Buse \u00e9tanche<\/a><\/li>\n<li><a class=\"sample-product-description text-center d-block body1 pt-3\" href=\"https:\/\/process.honeywell.com\/us\/en\/products\/thermal-solutions\/burners-and-heat-exchangers\/discontinued-burners-and-heat-exchangers\/svg\" target=\"_blank\" rel=\"noopener\">SVG<\/a><\/li>\n<li><a class=\"sample-product-description text-center d-block body1 pt-3\" href=\"https:\/\/process.honeywell.com\/us\/en\/products\/thermal-solutions\/burners-and-heat-exchangers\/discontinued-burners-and-heat-exchangers\/03fa\" target=\"_blank\" rel=\"noopener\">03FA<\/a><\/li>\n<li><a class=\"sample-product-description text-center d-block body1 pt-3\" href=\"https:\/\/process.honeywell.com\/us\/en\/products\/thermal-solutions\/burners-and-heat-exchangers\/discontinued-burners-and-heat-exchangers\/airjector\" target=\"_blank\" rel=\"noopener\">AirJector<\/a><\/li>\n<li><a class=\"sample-product-description text-center d-block body1 pt-3\" href=\"https:\/\/process.honeywell.com\/us\/en\/products\/thermal-solutions\/burners-and-heat-exchangers\/discontinued-burners-and-heat-exchangers\/brightfire-original\" target=\"_blank\" rel=\"noopener\">Brightfire (Original)<\/a><\/li>\n<li><a class=\"sample-product-description text-center d-block body1 pt-3\" href=\"https:\/\/process.honeywell.com\/us\/en\/products\/thermal-solutions\/burners-and-heat-exchangers\/discontinued-burners-and-heat-exchangers\/cyclomax\" target=\"_blank\" rel=\"noopener\">CYCLOMAX\u00ae &#8211; LE<\/a><\/li>\n<li><a class=\"sample-product-description text-center d-block body1 pt-3\" href=\"https:\/\/process.honeywell.com\/us\/en\/products\/thermal-solutions\/burners-and-heat-exchangers\/discontinued-burners-and-heat-exchangers\/incino-pak\" target=\"_blank\" rel=\"noopener\">INCINO-PAK<\/a><\/li>\n<li><a class=\"sample-product-description text-center d-block body1 pt-3\" href=\"https:\/\/process.honeywell.com\/us\/en\/products\/thermal-solutions\/burners-and-heat-exchangers\/discontinued-burners-and-heat-exchangers\/lp-tee-vari-set-mixers\" target=\"_blank\" rel=\"noopener\">M\u00e9langeurs LP, Tee, Vari-Set<\/a><\/li>\n<li><a class=\"sample-product-description text-center d-block body1 pt-3\" href=\"https:\/\/process.honeywell.com\/us\/en\/products\/thermal-solutions\/burners-and-heat-exchangers\/discontinued-burners-and-heat-exchangers\/oxy-therm-fh\" target=\"_blank\" rel=\"noopener\">Oxy-Therm\u00ae FH<\/a><\/li>\n<li><a class=\"sample-product-description text-center d-block body1 pt-3\" href=\"https:\/\/process.honeywell.com\/us\/en\/products\/thermal-solutions\/burners-and-heat-exchangers\/discontinued-burners-and-heat-exchangers\/wrasp\" target=\"_blank\" rel=\"noopener\">WRASP<\/a><\/li>\n<li><a href=\"https:\/\/process.honeywell.com\/us\/en\/products\/thermal-solutions\/burners-and-heat-exchangers\/line-and-duct-burners\/apx-burner-line-burner\">Br\u00fbleur de ligne APX<\/a><\/li>\n<li><a href=\"https:\/\/process.honeywell.com\/us\/en\/products\/thermal-solutions\/burners-and-heat-exchangers\/line-and-duct-burners\/combustifume\">Combustifume<\/a><\/li>\n<\/ul>\n","protected":false},"excerpt":{"rendered":"<p>EcoStar IIB ImmersoPak Conseils pour l&rsquo;explosion Pilotes Eclipse Br\u00fbleur auto-r\u00e9cup\u00e9rateur ThermJet WIDE-RANGE\u00ae (LARGE GAMME) T\u00c9L\u00c9VISION EN CIRCUIT FERM\u00c9 ValuPak GTCPA OvenPak II 780P Delta-TE GT-NG Kinedizer ExtensoJet MultiFire Br\u00fbleurs d&rsquo;avant-corps Buse \u00e9tanche SVG 03FA AirJector Brightfire (Original) CYCLOMAX\u00ae &#8211; LE INCINO-PAK M\u00e9langeurs LP, Tee, Vari-Set Oxy-Therm\u00ae FH WRASP Br\u00fbleur de ligne APX Combustifume<\/p>\n","protected":false},"featured_media":27924,"template":"","meta":{"_acf_changed":false},"product_brand":[],"product_cat":[374,365],"product_tag":[376,366],"class_list":{"0":"post-27921","1":"product","2":"type-product","3":"status-publish","4":"has-post-thumbnail","6":"product_cat-bruleurs-fr","7":"product_cat-bruleurs","8":"product_tag-bruleurs-de-canal","9":"product_tag-bruleurs-melange","11":"first","12":"instock","13":"taxable","14":"shipping-taxable","15":"product-type-simple"},"acf":[],"yoast_head":"<!-- This site is optimized with the Yoast SEO plugin v26.8 - https:\/\/yoast.com\/product\/yoast-seo-wordpress\/ -->\n<title>Indisponible \/ Fin de s\u00e9rie - Blondeau<\/title>\n<meta name=\"robots\" content=\"index, follow, max-snippet:-1, max-image-preview:large, max-video-preview:-1\" \/>\n<link rel=\"canonical\" href=\"https:\/\/blondeau.be\/fr\/produit\/indisponible-fin-de-serie\/\" \/>\n<meta property=\"og:locale\" content=\"fr_FR\" \/>\n<meta property=\"og:type\" content=\"article\" \/>\n<meta property=\"og:title\" content=\"Indisponible \/ Fin de s\u00e9rie - Blondeau\" \/>\n<meta property=\"og:description\" content=\"EcoStar IIB ImmersoPak Conseils pour l&rsquo;explosion Pilotes Eclipse Br\u00fbleur auto-r\u00e9cup\u00e9rateur ThermJet WIDE-RANGE\u00ae (LARGE GAMME) T\u00c9L\u00c9VISION EN CIRCUIT FERM\u00c9 ValuPak GTCPA OvenPak II 780P Delta-TE GT-NG Kinedizer ExtensoJet MultiFire Br\u00fbleurs d&rsquo;avant-corps Buse \u00e9tanche SVG 03FA AirJector Brightfire (Original) CYCLOMAX\u00ae &#8211; LE INCINO-PAK M\u00e9langeurs LP, Tee, Vari-Set Oxy-Therm\u00ae FH WRASP Br\u00fbleur de ligne APX Combustifume\" \/>\n<meta property=\"og:url\" content=\"https:\/\/blondeau.be\/fr\/produit\/indisponible-fin-de-serie\/\" \/>\n<meta property=\"og:site_name\" content=\"Blondeau\" \/>\n<meta property=\"article:modified_time\" content=\"2025-06-25T11:28:05+00:00\" \/>\n<meta property=\"og:image\" content=\"https:\/\/blondeau.be\/wp-content\/uploads\/2025\/02\/Discontinued.jpg\" \/>\n\t<meta property=\"og:image:width\" content=\"953\" \/>\n\t<meta property=\"og:image:height\" content=\"655\" \/>\n\t<meta property=\"og:image:type\" content=\"image\/jpeg\" \/>\n<meta name=\"twitter:card\" content=\"summary_large_image\" \/>\n<script type=\"application\/ld+json\" class=\"yoast-schema-graph\">{\"@context\":\"https:\/\/schema.org\",\"@graph\":[{\"@type\":\"WebPage\",\"@id\":\"https:\/\/blondeau.be\/fr\/produit\/indisponible-fin-de-serie\/\",\"url\":\"https:\/\/blondeau.be\/fr\/produit\/indisponible-fin-de-serie\/\",\"name\":\"Indisponible \/ Fin de s\u00e9rie - Blondeau\",\"isPartOf\":{\"@id\":\"https:\/\/blondeau.be\/fr\/#website\"},\"primaryImageOfPage\":{\"@id\":\"https:\/\/blondeau.be\/fr\/produit\/indisponible-fin-de-serie\/#primaryimage\"},\"image\":{\"@id\":\"https:\/\/blondeau.be\/fr\/produit\/indisponible-fin-de-serie\/#primaryimage\"},\"thumbnailUrl\":\"https:\/\/blondeau.be\/wp-content\/uploads\/2025\/02\/Discontinued.jpg\",\"datePublished\":\"2025-02-18T15:54:54+00:00\",\"dateModified\":\"2025-06-25T11:28:05+00:00\",\"breadcrumb\":{\"@id\":\"https:\/\/blondeau.be\/fr\/produit\/indisponible-fin-de-serie\/#breadcrumb\"},\"inLanguage\":\"fr-FR\",\"potentialAction\":[{\"@type\":\"ReadAction\",\"target\":[\"https:\/\/blondeau.be\/fr\/produit\/indisponible-fin-de-serie\/\"]}]},{\"@type\":\"ImageObject\",\"inLanguage\":\"fr-FR\",\"@id\":\"https:\/\/blondeau.be\/fr\/produit\/indisponible-fin-de-serie\/#primaryimage\",\"url\":\"https:\/\/blondeau.be\/wp-content\/uploads\/2025\/02\/Discontinued.jpg\",\"contentUrl\":\"https:\/\/blondeau.be\/wp-content\/uploads\/2025\/02\/Discontinued.jpg\",\"width\":953,\"height\":655},{\"@type\":\"BreadcrumbList\",\"@id\":\"https:\/\/blondeau.be\/fr\/produit\/indisponible-fin-de-serie\/#breadcrumb\",\"itemListElement\":[{\"@type\":\"ListItem\",\"position\":1,\"name\":\"Home\",\"item\":\"https:\/\/blondeau.be\/fr\/accueil\/\"},{\"@type\":\"ListItem\",\"position\":2,\"name\":\"Catalogue des produits\",\"item\":\"https:\/\/blondeau.be\/fr\/catalogue-des-produits\/\"},{\"@type\":\"ListItem\",\"position\":3,\"name\":\"Indisponible \/ Fin de s\u00e9rie\"}]},{\"@type\":\"WebSite\",\"@id\":\"https:\/\/blondeau.be\/fr\/#website\",\"url\":\"https:\/\/blondeau.be\/fr\/\",\"name\":\"Blondeau\",\"description\":\"Industrial Heating\",\"publisher\":{\"@id\":\"https:\/\/blondeau.be\/fr\/#organization\"},\"potentialAction\":[{\"@type\":\"SearchAction\",\"target\":{\"@type\":\"EntryPoint\",\"urlTemplate\":\"https:\/\/blondeau.be\/fr\/?s={search_term_string}\"},\"query-input\":{\"@type\":\"PropertyValueSpecification\",\"valueRequired\":true,\"valueName\":\"search_term_string\"}}],\"inLanguage\":\"fr-FR\"},{\"@type\":\"Organization\",\"@id\":\"https:\/\/blondeau.be\/fr\/#organization\",\"name\":\"Blondeau\",\"url\":\"https:\/\/blondeau.be\/fr\/\",\"logo\":{\"@type\":\"ImageObject\",\"inLanguage\":\"fr-FR\",\"@id\":\"https:\/\/blondeau.be\/fr\/#\/schema\/logo\/image\/\",\"url\":\"https:\/\/blondeau.be\/wp-content\/uploads\/2025\/08\/Logo.jpg\",\"contentUrl\":\"https:\/\/blondeau.be\/wp-content\/uploads\/2025\/08\/Logo.jpg\",\"width\":600,\"height\":600,\"caption\":\"Blondeau\"},\"image\":{\"@id\":\"https:\/\/blondeau.be\/fr\/#\/schema\/logo\/image\/\"}}]}<\/script>\n<!-- \/ Yoast SEO plugin. -->","yoast_head_json":{"title":"Indisponible \/ Fin de s\u00e9rie - Blondeau","robots":{"index":"index","follow":"follow","max-snippet":"max-snippet:-1","max-image-preview":"max-image-preview:large","max-video-preview":"max-video-preview:-1"},"canonical":"https:\/\/blondeau.be\/fr\/produit\/indisponible-fin-de-serie\/","og_locale":"fr_FR","og_type":"article","og_title":"Indisponible \/ Fin de s\u00e9rie - Blondeau","og_description":"EcoStar IIB ImmersoPak Conseils pour l&rsquo;explosion Pilotes Eclipse Br\u00fbleur auto-r\u00e9cup\u00e9rateur ThermJet WIDE-RANGE\u00ae (LARGE GAMME) T\u00c9L\u00c9VISION EN CIRCUIT FERM\u00c9 ValuPak GTCPA OvenPak II 780P Delta-TE GT-NG Kinedizer ExtensoJet MultiFire Br\u00fbleurs d&rsquo;avant-corps Buse \u00e9tanche SVG 03FA AirJector Brightfire (Original) CYCLOMAX\u00ae &#8211; LE INCINO-PAK M\u00e9langeurs LP, Tee, Vari-Set Oxy-Therm\u00ae FH WRASP Br\u00fbleur de ligne APX Combustifume","og_url":"https:\/\/blondeau.be\/fr\/produit\/indisponible-fin-de-serie\/","og_site_name":"Blondeau","article_modified_time":"2025-06-25T11:28:05+00:00","og_image":[{"width":953,"height":655,"url":"https:\/\/blondeau.be\/wp-content\/uploads\/2025\/02\/Discontinued.jpg","type":"image\/jpeg"}],"twitter_card":"summary_large_image","schema":{"@context":"https:\/\/schema.org","@graph":[{"@type":"WebPage","@id":"https:\/\/blondeau.be\/fr\/produit\/indisponible-fin-de-serie\/","url":"https:\/\/blondeau.be\/fr\/produit\/indisponible-fin-de-serie\/","name":"Indisponible \/ Fin de s\u00e9rie - Blondeau","isPartOf":{"@id":"https:\/\/blondeau.be\/fr\/#website"},"primaryImageOfPage":{"@id":"https:\/\/blondeau.be\/fr\/produit\/indisponible-fin-de-serie\/#primaryimage"},"image":{"@id":"https:\/\/blondeau.be\/fr\/produit\/indisponible-fin-de-serie\/#primaryimage"},"thumbnailUrl":"https:\/\/blondeau.be\/wp-content\/uploads\/2025\/02\/Discontinued.jpg","datePublished":"2025-02-18T15:54:54+00:00","dateModified":"2025-06-25T11:28:05+00:00","breadcrumb":{"@id":"https:\/\/blondeau.be\/fr\/produit\/indisponible-fin-de-serie\/#breadcrumb"},"inLanguage":"fr-FR","potentialAction":[{"@type":"ReadAction","target":["https:\/\/blondeau.be\/fr\/produit\/indisponible-fin-de-serie\/"]}]},{"@type":"ImageObject","inLanguage":"fr-FR","@id":"https:\/\/blondeau.be\/fr\/produit\/indisponible-fin-de-serie\/#primaryimage","url":"https:\/\/blondeau.be\/wp-content\/uploads\/2025\/02\/Discontinued.jpg","contentUrl":"https:\/\/blondeau.be\/wp-content\/uploads\/2025\/02\/Discontinued.jpg","width":953,"height":655},{"@type":"BreadcrumbList","@id":"https:\/\/blondeau.be\/fr\/produit\/indisponible-fin-de-serie\/#breadcrumb","itemListElement":[{"@type":"ListItem","position":1,"name":"Home","item":"https:\/\/blondeau.be\/fr\/accueil\/"},{"@type":"ListItem","position":2,"name":"Catalogue des produits","item":"https:\/\/blondeau.be\/fr\/catalogue-des-produits\/"},{"@type":"ListItem","position":3,"name":"Indisponible \/ Fin de s\u00e9rie"}]},{"@type":"WebSite","@id":"https:\/\/blondeau.be\/fr\/#website","url":"https:\/\/blondeau.be\/fr\/","name":"Blondeau","description":"Industrial Heating","publisher":{"@id":"https:\/\/blondeau.be\/fr\/#organization"},"potentialAction":[{"@type":"SearchAction","target":{"@type":"EntryPoint","urlTemplate":"https:\/\/blondeau.be\/fr\/?s={search_term_string}"},"query-input":{"@type":"PropertyValueSpecification","valueRequired":true,"valueName":"search_term_string"}}],"inLanguage":"fr-FR"},{"@type":"Organization","@id":"https:\/\/blondeau.be\/fr\/#organization","name":"Blondeau","url":"https:\/\/blondeau.be\/fr\/","logo":{"@type":"ImageObject","inLanguage":"fr-FR","@id":"https:\/\/blondeau.be\/fr\/#\/schema\/logo\/image\/","url":"https:\/\/blondeau.be\/wp-content\/uploads\/2025\/08\/Logo.jpg","contentUrl":"https:\/\/blondeau.be\/wp-content\/uploads\/2025\/08\/Logo.jpg","width":600,"height":600,"caption":"Blondeau"},"image":{"@id":"https:\/\/blondeau.be\/fr\/#\/schema\/logo\/image\/"}}]}},"_links":{"self":[{"href":"https:\/\/blondeau.be\/fr\/wp-json\/wp\/v2\/product\/27921","targetHints":{"allow":["GET"]}}],"collection":[{"href":"https:\/\/blondeau.be\/fr\/wp-json\/wp\/v2\/product"}],"about":[{"href":"https:\/\/blondeau.be\/fr\/wp-json\/wp\/v2\/types\/product"}],"wp:featuredmedia":[{"embeddable":true,"href":"https:\/\/blondeau.be\/fr\/wp-json\/wp\/v2\/media\/27924"}],"wp:attachment":[{"href":"https:\/\/blondeau.be\/fr\/wp-json\/wp\/v2\/media?parent=27921"}],"wp:term":[{"taxonomy":"product_brand","embeddable":true,"href":"https:\/\/blondeau.be\/fr\/wp-json\/wp\/v2\/product_brand?post=27921"},{"taxonomy":"product_cat","embeddable":true,"href":"https:\/\/blondeau.be\/fr\/wp-json\/wp\/v2\/product_cat?post=27921"},{"taxonomy":"product_tag","embeddable":true,"href":"https:\/\/blondeau.be\/fr\/wp-json\/wp\/v2\/product_tag?post=27921"}],"curies":[{"name":"wp","href":"https:\/\/api.w.org\/{rel}","templated":true}]}}