{"id":27913,"date":"2025-02-18T17:11:49","date_gmt":"2025-02-18T15:11:49","guid":{"rendered":"https:\/\/blondeau.be\/product\/maxon-m-pakt\/"},"modified":"2025-06-27T10:57:49","modified_gmt":"2025-06-27T08:57:49","slug":"maxon-m-pakt","status":"publish","type":"product","link":"https:\/\/blondeau.be\/fr\/produit\/maxon-m-pakt\/","title":{"rendered":"Maxon M-Pakt"},"content":{"rendered":"<p data-start=\"89\" data-end=\"346\">Le br\u00fbleur <strong>M-PAKT\u00ae<\/strong> Ultra Low NOx garantit des \u00e9missions de NOx et de CO exceptionnellement faibles, tout en conservant la qualit\u00e9 et la fiabilit\u00e9 l\u00e9gendaires de MAXON. Dans la majorit\u00e9 des applications, les \u00e9missions de NOx restent inf\u00e9rieures \u00e0 9 ppm, et celles de CO en dessous de 20 ppm.<br \/>Le M-PAKT\u00ae est id\u00e9al pour le chauffage de l\u2019air dans les fours et s\u00e9choirs des ateliers de peinture, de l\u2019industrie du papier et du textile, des boulangeries industrielles, des s\u00e9choirs \u00e0 grains, ainsi que dans de nombreux autres proc\u00e9d\u00e9s thermiques industriels o\u00f9 la r\u00e9duction des \u00e9missions est primordiale.  <\/p>\n<p data-start=\"89\" data-end=\"346\">Ce br\u00fbleur int\u00e8gre la technologie brevet\u00e9e SLS\u2122, qui permet de r\u00e9duire la formation de NOx \u00ab prompt \u00bb dans le champ d\u2019\u00e9coulement r\u00e9actif. En combinant un pr\u00e9m\u00e9lange gaz\/air stabilis\u00e9 et pauvre avec la flexibilit\u00e9 d\u2019un br\u00fbleur \u00e0 tuy\u00e8re, le M-PAKT\u00ae assure une combustion avanc\u00e9e, efficace et \u00e0 tr\u00e8s faible impact environnemental. <\/p>\n<p data-start=\"626\" data-end=\"1159\"><strong>Caract\u00e9ristiques et avantages :<\/strong><\/p>\n<ul>\n<li data-start=\"1194\" data-end=\"1504\">Produit des \u00e9missions de NOx et de CO extr\u00eamement faibles<\/li>\n<li data-start=\"1194\" data-end=\"1504\">Utilisable avec du gaz naturel ou du propane<\/li>\n<li data-start=\"1194\" data-end=\"1504\">La flamme reste quasiment enti\u00e8rement confin\u00e9e \u00e0 l\u2019int\u00e9rieur du manchon d\u2019\u00e9chappement, assurant une combustion stable, s\u00fbre et parfaitement contr\u00f4l\u00e9e.<\/li>\n<li data-start=\"1194\" data-end=\"1504\">Conception compacte et int\u00e9gr\u00e9e, compatible avec diverses m\u00e9thodes de modulation<\/li>\n<li data-start=\"1194\" data-end=\"1504\">Bo\u00eetier ext\u00e9rieur robuste en acier, avec composants internes en acier inoxydable pour une durabilit\u00e9 maximale<\/li>\n<\/ul>\n<p><strong style=\"font-size: 1rem;\">Documentation :<\/strong><\/p>\n","protected":false},"excerpt":{"rendered":"<p>Le br\u00fbleur M-PAKT\u00ae Ultra Low NOx garantit des \u00e9missions de NOx et de CO exceptionnellement faibles, tout en conservant la qualit\u00e9 et la fiabilit\u00e9 l\u00e9gendaires de MAXON. Dans la majorit\u00e9 des applications, les \u00e9missions de NOx restent inf\u00e9rieures \u00e0 9 ppm, et celles de CO en dessous de 20 ppm.Le M-PAKT\u00ae est id\u00e9al pour le [&hellip;]<\/p>\n","protected":false},"featured_media":27915,"template":"","meta":{"_acf_changed":false},"product_brand":[],"product_cat":[374],"product_tag":[366],"class_list":{"0":"post-27913","1":"product","2":"type-product","3":"status-publish","4":"has-post-thumbnail","6":"product_cat-bruleurs-fr","7":"product_tag-bruleurs-melange","9":"first","10":"instock","11":"taxable","12":"shipping-taxable","13":"product-type-simple"},"acf":[],"yoast_head":"<!-- This site is optimized with the Yoast SEO plugin v26.8 - https:\/\/yoast.com\/product\/yoast-seo-wordpress\/ -->\n<title>Maxon M-Pakt - Blondeau<\/title>\n<meta name=\"robots\" content=\"index, follow, max-snippet:-1, max-image-preview:large, max-video-preview:-1\" \/>\n<link rel=\"canonical\" href=\"https:\/\/blondeau.be\/fr\/produit\/maxon-m-pakt\/\" \/>\n<meta property=\"og:locale\" content=\"fr_FR\" \/>\n<meta property=\"og:type\" content=\"article\" \/>\n<meta property=\"og:title\" content=\"Maxon M-Pakt - Blondeau\" \/>\n<meta property=\"og:description\" content=\"Le br\u00fbleur M-PAKT\u00ae Ultra Low NOx garantit des \u00e9missions de NOx et de CO exceptionnellement faibles, tout en conservant la qualit\u00e9 et la fiabilit\u00e9 l\u00e9gendaires de MAXON. Dans la majorit\u00e9 des applications, les \u00e9missions de NOx restent inf\u00e9rieures \u00e0 9 ppm, et celles de CO en dessous de 20 ppm.Le M-PAKT\u00ae est id\u00e9al pour le [&hellip;]\" \/>\n<meta property=\"og:url\" content=\"https:\/\/blondeau.be\/fr\/produit\/maxon-m-pakt\/\" \/>\n<meta property=\"og:site_name\" content=\"Blondeau\" \/>\n<meta property=\"article:modified_time\" content=\"2025-06-27T08:57:49+00:00\" \/>\n<meta property=\"og:image\" content=\"https:\/\/blondeau.be\/wp-content\/uploads\/2025\/02\/Mpakt-2.jpg\" \/>\n\t<meta property=\"og:image:width\" content=\"943\" \/>\n\t<meta property=\"og:image:height\" content=\"612\" \/>\n\t<meta property=\"og:image:type\" content=\"image\/jpeg\" \/>\n<meta name=\"twitter:card\" content=\"summary_large_image\" \/>\n<meta name=\"twitter:label1\" content=\"Dur\u00e9e de lecture estim\u00e9e\" \/>\n\t<meta name=\"twitter:data1\" content=\"1 minute\" \/>\n<script type=\"application\/ld+json\" class=\"yoast-schema-graph\">{\"@context\":\"https:\/\/schema.org\",\"@graph\":[{\"@type\":\"WebPage\",\"@id\":\"https:\/\/blondeau.be\/fr\/produit\/maxon-m-pakt\/\",\"url\":\"https:\/\/blondeau.be\/fr\/produit\/maxon-m-pakt\/\",\"name\":\"Maxon M-Pakt - Blondeau\",\"isPartOf\":{\"@id\":\"https:\/\/blondeau.be\/fr\/#website\"},\"primaryImageOfPage\":{\"@id\":\"https:\/\/blondeau.be\/fr\/produit\/maxon-m-pakt\/#primaryimage\"},\"image\":{\"@id\":\"https:\/\/blondeau.be\/fr\/produit\/maxon-m-pakt\/#primaryimage\"},\"thumbnailUrl\":\"https:\/\/blondeau.be\/wp-content\/uploads\/2025\/02\/Mpakt-2.jpg\",\"datePublished\":\"2025-02-18T15:11:49+00:00\",\"dateModified\":\"2025-06-27T08:57:49+00:00\",\"breadcrumb\":{\"@id\":\"https:\/\/blondeau.be\/fr\/produit\/maxon-m-pakt\/#breadcrumb\"},\"inLanguage\":\"fr-FR\",\"potentialAction\":[{\"@type\":\"ReadAction\",\"target\":[\"https:\/\/blondeau.be\/fr\/produit\/maxon-m-pakt\/\"]}]},{\"@type\":\"ImageObject\",\"inLanguage\":\"fr-FR\",\"@id\":\"https:\/\/blondeau.be\/fr\/produit\/maxon-m-pakt\/#primaryimage\",\"url\":\"https:\/\/blondeau.be\/wp-content\/uploads\/2025\/02\/Mpakt-2.jpg\",\"contentUrl\":\"https:\/\/blondeau.be\/wp-content\/uploads\/2025\/02\/Mpakt-2.jpg\",\"width\":943,\"height\":612},{\"@type\":\"BreadcrumbList\",\"@id\":\"https:\/\/blondeau.be\/fr\/produit\/maxon-m-pakt\/#breadcrumb\",\"itemListElement\":[{\"@type\":\"ListItem\",\"position\":1,\"name\":\"Home\",\"item\":\"https:\/\/blondeau.be\/fr\/accueil\/\"},{\"@type\":\"ListItem\",\"position\":2,\"name\":\"Catalogue des produits\",\"item\":\"https:\/\/blondeau.be\/fr\/catalogue-des-produits\/\"},{\"@type\":\"ListItem\",\"position\":3,\"name\":\"Maxon M-Pakt\"}]},{\"@type\":\"WebSite\",\"@id\":\"https:\/\/blondeau.be\/fr\/#website\",\"url\":\"https:\/\/blondeau.be\/fr\/\",\"name\":\"Blondeau\",\"description\":\"Industrial Heating\",\"publisher\":{\"@id\":\"https:\/\/blondeau.be\/fr\/#organization\"},\"potentialAction\":[{\"@type\":\"SearchAction\",\"target\":{\"@type\":\"EntryPoint\",\"urlTemplate\":\"https:\/\/blondeau.be\/fr\/?s={search_term_string}\"},\"query-input\":{\"@type\":\"PropertyValueSpecification\",\"valueRequired\":true,\"valueName\":\"search_term_string\"}}],\"inLanguage\":\"fr-FR\"},{\"@type\":\"Organization\",\"@id\":\"https:\/\/blondeau.be\/fr\/#organization\",\"name\":\"Blondeau\",\"url\":\"https:\/\/blondeau.be\/fr\/\",\"logo\":{\"@type\":\"ImageObject\",\"inLanguage\":\"fr-FR\",\"@id\":\"https:\/\/blondeau.be\/fr\/#\/schema\/logo\/image\/\",\"url\":\"https:\/\/blondeau.be\/wp-content\/uploads\/2025\/08\/Logo.jpg\",\"contentUrl\":\"https:\/\/blondeau.be\/wp-content\/uploads\/2025\/08\/Logo.jpg\",\"width\":600,\"height\":600,\"caption\":\"Blondeau\"},\"image\":{\"@id\":\"https:\/\/blondeau.be\/fr\/#\/schema\/logo\/image\/\"}}]}<\/script>\n<!-- \/ Yoast SEO plugin. -->","yoast_head_json":{"title":"Maxon M-Pakt - Blondeau","robots":{"index":"index","follow":"follow","max-snippet":"max-snippet:-1","max-image-preview":"max-image-preview:large","max-video-preview":"max-video-preview:-1"},"canonical":"https:\/\/blondeau.be\/fr\/produit\/maxon-m-pakt\/","og_locale":"fr_FR","og_type":"article","og_title":"Maxon M-Pakt - Blondeau","og_description":"Le br\u00fbleur M-PAKT\u00ae Ultra Low NOx garantit des \u00e9missions de NOx et de CO exceptionnellement faibles, tout en conservant la qualit\u00e9 et la fiabilit\u00e9 l\u00e9gendaires de MAXON. Dans la majorit\u00e9 des applications, les \u00e9missions de NOx restent inf\u00e9rieures \u00e0 9 ppm, et celles de CO en dessous de 20 ppm.Le M-PAKT\u00ae est id\u00e9al pour le [&hellip;]","og_url":"https:\/\/blondeau.be\/fr\/produit\/maxon-m-pakt\/","og_site_name":"Blondeau","article_modified_time":"2025-06-27T08:57:49+00:00","og_image":[{"width":943,"height":612,"url":"https:\/\/blondeau.be\/wp-content\/uploads\/2025\/02\/Mpakt-2.jpg","type":"image\/jpeg"}],"twitter_card":"summary_large_image","twitter_misc":{"Dur\u00e9e de lecture estim\u00e9e":"1 minute"},"schema":{"@context":"https:\/\/schema.org","@graph":[{"@type":"WebPage","@id":"https:\/\/blondeau.be\/fr\/produit\/maxon-m-pakt\/","url":"https:\/\/blondeau.be\/fr\/produit\/maxon-m-pakt\/","name":"Maxon M-Pakt - Blondeau","isPartOf":{"@id":"https:\/\/blondeau.be\/fr\/#website"},"primaryImageOfPage":{"@id":"https:\/\/blondeau.be\/fr\/produit\/maxon-m-pakt\/#primaryimage"},"image":{"@id":"https:\/\/blondeau.be\/fr\/produit\/maxon-m-pakt\/#primaryimage"},"thumbnailUrl":"https:\/\/blondeau.be\/wp-content\/uploads\/2025\/02\/Mpakt-2.jpg","datePublished":"2025-02-18T15:11:49+00:00","dateModified":"2025-06-27T08:57:49+00:00","breadcrumb":{"@id":"https:\/\/blondeau.be\/fr\/produit\/maxon-m-pakt\/#breadcrumb"},"inLanguage":"fr-FR","potentialAction":[{"@type":"ReadAction","target":["https:\/\/blondeau.be\/fr\/produit\/maxon-m-pakt\/"]}]},{"@type":"ImageObject","inLanguage":"fr-FR","@id":"https:\/\/blondeau.be\/fr\/produit\/maxon-m-pakt\/#primaryimage","url":"https:\/\/blondeau.be\/wp-content\/uploads\/2025\/02\/Mpakt-2.jpg","contentUrl":"https:\/\/blondeau.be\/wp-content\/uploads\/2025\/02\/Mpakt-2.jpg","width":943,"height":612},{"@type":"BreadcrumbList","@id":"https:\/\/blondeau.be\/fr\/produit\/maxon-m-pakt\/#breadcrumb","itemListElement":[{"@type":"ListItem","position":1,"name":"Home","item":"https:\/\/blondeau.be\/fr\/accueil\/"},{"@type":"ListItem","position":2,"name":"Catalogue des produits","item":"https:\/\/blondeau.be\/fr\/catalogue-des-produits\/"},{"@type":"ListItem","position":3,"name":"Maxon M-Pakt"}]},{"@type":"WebSite","@id":"https:\/\/blondeau.be\/fr\/#website","url":"https:\/\/blondeau.be\/fr\/","name":"Blondeau","description":"Industrial Heating","publisher":{"@id":"https:\/\/blondeau.be\/fr\/#organization"},"potentialAction":[{"@type":"SearchAction","target":{"@type":"EntryPoint","urlTemplate":"https:\/\/blondeau.be\/fr\/?s={search_term_string}"},"query-input":{"@type":"PropertyValueSpecification","valueRequired":true,"valueName":"search_term_string"}}],"inLanguage":"fr-FR"},{"@type":"Organization","@id":"https:\/\/blondeau.be\/fr\/#organization","name":"Blondeau","url":"https:\/\/blondeau.be\/fr\/","logo":{"@type":"ImageObject","inLanguage":"fr-FR","@id":"https:\/\/blondeau.be\/fr\/#\/schema\/logo\/image\/","url":"https:\/\/blondeau.be\/wp-content\/uploads\/2025\/08\/Logo.jpg","contentUrl":"https:\/\/blondeau.be\/wp-content\/uploads\/2025\/08\/Logo.jpg","width":600,"height":600,"caption":"Blondeau"},"image":{"@id":"https:\/\/blondeau.be\/fr\/#\/schema\/logo\/image\/"}}]}},"_links":{"self":[{"href":"https:\/\/blondeau.be\/fr\/wp-json\/wp\/v2\/product\/27913","targetHints":{"allow":["GET"]}}],"collection":[{"href":"https:\/\/blondeau.be\/fr\/wp-json\/wp\/v2\/product"}],"about":[{"href":"https:\/\/blondeau.be\/fr\/wp-json\/wp\/v2\/types\/product"}],"wp:featuredmedia":[{"embeddable":true,"href":"https:\/\/blondeau.be\/fr\/wp-json\/wp\/v2\/media\/27915"}],"wp:attachment":[{"href":"https:\/\/blondeau.be\/fr\/wp-json\/wp\/v2\/media?parent=27913"}],"wp:term":[{"taxonomy":"product_brand","embeddable":true,"href":"https:\/\/blondeau.be\/fr\/wp-json\/wp\/v2\/product_brand?post=27913"},{"taxonomy":"product_cat","embeddable":true,"href":"https:\/\/blondeau.be\/fr\/wp-json\/wp\/v2\/product_cat?post=27913"},{"taxonomy":"product_tag","embeddable":true,"href":"https:\/\/blondeau.be\/fr\/wp-json\/wp\/v2\/product_tag?post=27913"}],"curies":[{"name":"wp","href":"https:\/\/api.w.org\/{rel}","templated":true}]}}