{"id":27896,"date":"2025-02-18T16:37:45","date_gmt":"2025-02-18T14:37:45","guid":{"rendered":"https:\/\/blondeau.be\/product\/maxon-ovenpak-le\/"},"modified":"2025-06-26T16:36:25","modified_gmt":"2025-06-26T14:36:25","slug":"maxon-ovenpak-le","status":"publish","type":"product","link":"https:\/\/blondeau.be\/fr\/produit\/maxon-ovenpak-le\/","title":{"rendered":"Maxon Ovenpak LE"},"content":{"rendered":"<p>Les br\u00fbleurs <strong>OVENPAK LE\u00ae<\/strong> sont des br\u00fbleurs \u00e0 gaz \u00e0 m\u00e9lange au nez, con\u00e7us pour une large gamme d\u2019applications industrielles de chauffage direct n\u00e9cessitant une combustion propre, de faibles \u00e9missions de NOx et une large plage de r\u00e9gulation. Compatibles avec presque tous les types de gaz combustibles, les br\u00fbleurs OVENPAK LE\u00ae fonctionnent \u00e0 basse pression de gaz. Leur conception simple les rend particuli\u00e8rement adapt\u00e9s \u00e0 de nombreux proc\u00e9d\u00e9s thermiques industriels.  <\/p>\n<p><strong>Caract\u00e9ristiques et avantages :<\/strong><\/p>\n<ul>\n<li data-start=\"50\" data-end=\"87\">Fonctionne \u00e0 de faibles pressions de gaz<\/li>\n<li data-start=\"88\" data-end=\"150\">Assure une combustion propre avec tous les combustibles gazeux purs, tout en garantissant de faibles \u00e9missions de NOx et de CO<\/li>\n<li data-start=\"151\" data-end=\"215\">Conception compacte permettant une installation efficace et une mise en service simplifi\u00e9e<\/li>\n<li data-start=\"358\" data-end=\"411\" data-is-last-node=\"\">Large plage de modulation pour une flexibilit\u00e9 maximale<\/li>\n<\/ul>\n<p data-start=\"627\" data-end=\"913\" data-is-last-node=\"\"><strong>Documentation :<\/strong><\/p>\n","protected":false},"excerpt":{"rendered":"<p>Les br\u00fbleurs OVENPAK LE\u00ae sont des br\u00fbleurs \u00e0 gaz \u00e0 m\u00e9lange au nez, con\u00e7us pour une large gamme d\u2019applications industrielles de chauffage direct n\u00e9cessitant une combustion propre, de faibles \u00e9missions de NOx et une large plage de r\u00e9gulation. Compatibles avec presque tous les types de gaz combustibles, les br\u00fbleurs OVENPAK LE\u00ae fonctionnent \u00e0 basse pression [&hellip;]<\/p>\n","protected":false},"featured_media":27901,"template":"","meta":{"_acf_changed":false},"product_brand":[],"product_cat":[374],"product_tag":[366],"class_list":{"0":"post-27896","1":"product","2":"type-product","3":"status-publish","4":"has-post-thumbnail","6":"product_cat-bruleurs-fr","7":"product_tag-bruleurs-melange","9":"first","10":"instock","11":"taxable","12":"shipping-taxable","13":"product-type-simple"},"acf":[],"yoast_head":"<!-- This site is optimized with the Yoast SEO plugin v26.8 - https:\/\/yoast.com\/product\/yoast-seo-wordpress\/ -->\n<title>Maxon Ovenpak LE - Blondeau<\/title>\n<meta name=\"robots\" content=\"index, follow, max-snippet:-1, max-image-preview:large, max-video-preview:-1\" \/>\n<link rel=\"canonical\" href=\"https:\/\/blondeau.be\/fr\/produit\/maxon-ovenpak-le\/\" \/>\n<meta property=\"og:locale\" content=\"fr_FR\" \/>\n<meta property=\"og:type\" content=\"article\" \/>\n<meta property=\"og:title\" content=\"Maxon Ovenpak LE - Blondeau\" \/>\n<meta property=\"og:description\" content=\"Les br\u00fbleurs OVENPAK LE\u00ae sont des br\u00fbleurs \u00e0 gaz \u00e0 m\u00e9lange au nez, con\u00e7us pour une large gamme d\u2019applications industrielles de chauffage direct n\u00e9cessitant une combustion propre, de faibles \u00e9missions de NOx et une large plage de r\u00e9gulation. Compatibles avec presque tous les types de gaz combustibles, les br\u00fbleurs OVENPAK LE\u00ae fonctionnent \u00e0 basse pression [&hellip;]\" \/>\n<meta property=\"og:url\" content=\"https:\/\/blondeau.be\/fr\/produit\/maxon-ovenpak-le\/\" \/>\n<meta property=\"og:site_name\" content=\"Blondeau\" \/>\n<meta property=\"article:modified_time\" content=\"2025-06-26T14:36:25+00:00\" \/>\n<meta property=\"og:image\" content=\"https:\/\/blondeau.be\/wp-content\/uploads\/2025\/02\/Ovenpak-LE.jpg\" \/>\n\t<meta property=\"og:image:width\" content=\"494\" \/>\n\t<meta property=\"og:image:height\" content=\"439\" \/>\n\t<meta property=\"og:image:type\" content=\"image\/jpeg\" \/>\n<meta name=\"twitter:card\" content=\"summary_large_image\" \/>\n<meta name=\"twitter:label1\" content=\"Dur\u00e9e de lecture estim\u00e9e\" \/>\n\t<meta name=\"twitter:data1\" content=\"1 minute\" \/>\n<script type=\"application\/ld+json\" class=\"yoast-schema-graph\">{\"@context\":\"https:\/\/schema.org\",\"@graph\":[{\"@type\":\"WebPage\",\"@id\":\"https:\/\/blondeau.be\/fr\/produit\/maxon-ovenpak-le\/\",\"url\":\"https:\/\/blondeau.be\/fr\/produit\/maxon-ovenpak-le\/\",\"name\":\"Maxon Ovenpak LE - Blondeau\",\"isPartOf\":{\"@id\":\"https:\/\/blondeau.be\/fr\/#website\"},\"primaryImageOfPage\":{\"@id\":\"https:\/\/blondeau.be\/fr\/produit\/maxon-ovenpak-le\/#primaryimage\"},\"image\":{\"@id\":\"https:\/\/blondeau.be\/fr\/produit\/maxon-ovenpak-le\/#primaryimage\"},\"thumbnailUrl\":\"https:\/\/blondeau.be\/wp-content\/uploads\/2025\/02\/Ovenpak-LE.jpg\",\"datePublished\":\"2025-02-18T14:37:45+00:00\",\"dateModified\":\"2025-06-26T14:36:25+00:00\",\"breadcrumb\":{\"@id\":\"https:\/\/blondeau.be\/fr\/produit\/maxon-ovenpak-le\/#breadcrumb\"},\"inLanguage\":\"fr-FR\",\"potentialAction\":[{\"@type\":\"ReadAction\",\"target\":[\"https:\/\/blondeau.be\/fr\/produit\/maxon-ovenpak-le\/\"]}]},{\"@type\":\"ImageObject\",\"inLanguage\":\"fr-FR\",\"@id\":\"https:\/\/blondeau.be\/fr\/produit\/maxon-ovenpak-le\/#primaryimage\",\"url\":\"https:\/\/blondeau.be\/wp-content\/uploads\/2025\/02\/Ovenpak-LE.jpg\",\"contentUrl\":\"https:\/\/blondeau.be\/wp-content\/uploads\/2025\/02\/Ovenpak-LE.jpg\",\"width\":494,\"height\":439},{\"@type\":\"BreadcrumbList\",\"@id\":\"https:\/\/blondeau.be\/fr\/produit\/maxon-ovenpak-le\/#breadcrumb\",\"itemListElement\":[{\"@type\":\"ListItem\",\"position\":1,\"name\":\"Home\",\"item\":\"https:\/\/blondeau.be\/fr\/accueil\/\"},{\"@type\":\"ListItem\",\"position\":2,\"name\":\"Catalogue des produits\",\"item\":\"https:\/\/blondeau.be\/fr\/catalogue-des-produits\/\"},{\"@type\":\"ListItem\",\"position\":3,\"name\":\"Maxon Ovenpak LE\"}]},{\"@type\":\"WebSite\",\"@id\":\"https:\/\/blondeau.be\/fr\/#website\",\"url\":\"https:\/\/blondeau.be\/fr\/\",\"name\":\"Blondeau\",\"description\":\"Industrial Heating\",\"publisher\":{\"@id\":\"https:\/\/blondeau.be\/fr\/#organization\"},\"potentialAction\":[{\"@type\":\"SearchAction\",\"target\":{\"@type\":\"EntryPoint\",\"urlTemplate\":\"https:\/\/blondeau.be\/fr\/?s={search_term_string}\"},\"query-input\":{\"@type\":\"PropertyValueSpecification\",\"valueRequired\":true,\"valueName\":\"search_term_string\"}}],\"inLanguage\":\"fr-FR\"},{\"@type\":\"Organization\",\"@id\":\"https:\/\/blondeau.be\/fr\/#organization\",\"name\":\"Blondeau\",\"url\":\"https:\/\/blondeau.be\/fr\/\",\"logo\":{\"@type\":\"ImageObject\",\"inLanguage\":\"fr-FR\",\"@id\":\"https:\/\/blondeau.be\/fr\/#\/schema\/logo\/image\/\",\"url\":\"https:\/\/blondeau.be\/wp-content\/uploads\/2025\/08\/Logo.jpg\",\"contentUrl\":\"https:\/\/blondeau.be\/wp-content\/uploads\/2025\/08\/Logo.jpg\",\"width\":600,\"height\":600,\"caption\":\"Blondeau\"},\"image\":{\"@id\":\"https:\/\/blondeau.be\/fr\/#\/schema\/logo\/image\/\"}}]}<\/script>\n<!-- \/ Yoast SEO plugin. -->","yoast_head_json":{"title":"Maxon Ovenpak LE - Blondeau","robots":{"index":"index","follow":"follow","max-snippet":"max-snippet:-1","max-image-preview":"max-image-preview:large","max-video-preview":"max-video-preview:-1"},"canonical":"https:\/\/blondeau.be\/fr\/produit\/maxon-ovenpak-le\/","og_locale":"fr_FR","og_type":"article","og_title":"Maxon Ovenpak LE - Blondeau","og_description":"Les br\u00fbleurs OVENPAK LE\u00ae sont des br\u00fbleurs \u00e0 gaz \u00e0 m\u00e9lange au nez, con\u00e7us pour une large gamme d\u2019applications industrielles de chauffage direct n\u00e9cessitant une combustion propre, de faibles \u00e9missions de NOx et une large plage de r\u00e9gulation. Compatibles avec presque tous les types de gaz combustibles, les br\u00fbleurs OVENPAK LE\u00ae fonctionnent \u00e0 basse pression [&hellip;]","og_url":"https:\/\/blondeau.be\/fr\/produit\/maxon-ovenpak-le\/","og_site_name":"Blondeau","article_modified_time":"2025-06-26T14:36:25+00:00","og_image":[{"width":494,"height":439,"url":"https:\/\/blondeau.be\/wp-content\/uploads\/2025\/02\/Ovenpak-LE.jpg","type":"image\/jpeg"}],"twitter_card":"summary_large_image","twitter_misc":{"Dur\u00e9e de lecture estim\u00e9e":"1 minute"},"schema":{"@context":"https:\/\/schema.org","@graph":[{"@type":"WebPage","@id":"https:\/\/blondeau.be\/fr\/produit\/maxon-ovenpak-le\/","url":"https:\/\/blondeau.be\/fr\/produit\/maxon-ovenpak-le\/","name":"Maxon Ovenpak LE - Blondeau","isPartOf":{"@id":"https:\/\/blondeau.be\/fr\/#website"},"primaryImageOfPage":{"@id":"https:\/\/blondeau.be\/fr\/produit\/maxon-ovenpak-le\/#primaryimage"},"image":{"@id":"https:\/\/blondeau.be\/fr\/produit\/maxon-ovenpak-le\/#primaryimage"},"thumbnailUrl":"https:\/\/blondeau.be\/wp-content\/uploads\/2025\/02\/Ovenpak-LE.jpg","datePublished":"2025-02-18T14:37:45+00:00","dateModified":"2025-06-26T14:36:25+00:00","breadcrumb":{"@id":"https:\/\/blondeau.be\/fr\/produit\/maxon-ovenpak-le\/#breadcrumb"},"inLanguage":"fr-FR","potentialAction":[{"@type":"ReadAction","target":["https:\/\/blondeau.be\/fr\/produit\/maxon-ovenpak-le\/"]}]},{"@type":"ImageObject","inLanguage":"fr-FR","@id":"https:\/\/blondeau.be\/fr\/produit\/maxon-ovenpak-le\/#primaryimage","url":"https:\/\/blondeau.be\/wp-content\/uploads\/2025\/02\/Ovenpak-LE.jpg","contentUrl":"https:\/\/blondeau.be\/wp-content\/uploads\/2025\/02\/Ovenpak-LE.jpg","width":494,"height":439},{"@type":"BreadcrumbList","@id":"https:\/\/blondeau.be\/fr\/produit\/maxon-ovenpak-le\/#breadcrumb","itemListElement":[{"@type":"ListItem","position":1,"name":"Home","item":"https:\/\/blondeau.be\/fr\/accueil\/"},{"@type":"ListItem","position":2,"name":"Catalogue des produits","item":"https:\/\/blondeau.be\/fr\/catalogue-des-produits\/"},{"@type":"ListItem","position":3,"name":"Maxon Ovenpak LE"}]},{"@type":"WebSite","@id":"https:\/\/blondeau.be\/fr\/#website","url":"https:\/\/blondeau.be\/fr\/","name":"Blondeau","description":"Industrial Heating","publisher":{"@id":"https:\/\/blondeau.be\/fr\/#organization"},"potentialAction":[{"@type":"SearchAction","target":{"@type":"EntryPoint","urlTemplate":"https:\/\/blondeau.be\/fr\/?s={search_term_string}"},"query-input":{"@type":"PropertyValueSpecification","valueRequired":true,"valueName":"search_term_string"}}],"inLanguage":"fr-FR"},{"@type":"Organization","@id":"https:\/\/blondeau.be\/fr\/#organization","name":"Blondeau","url":"https:\/\/blondeau.be\/fr\/","logo":{"@type":"ImageObject","inLanguage":"fr-FR","@id":"https:\/\/blondeau.be\/fr\/#\/schema\/logo\/image\/","url":"https:\/\/blondeau.be\/wp-content\/uploads\/2025\/08\/Logo.jpg","contentUrl":"https:\/\/blondeau.be\/wp-content\/uploads\/2025\/08\/Logo.jpg","width":600,"height":600,"caption":"Blondeau"},"image":{"@id":"https:\/\/blondeau.be\/fr\/#\/schema\/logo\/image\/"}}]}},"_links":{"self":[{"href":"https:\/\/blondeau.be\/fr\/wp-json\/wp\/v2\/product\/27896","targetHints":{"allow":["GET"]}}],"collection":[{"href":"https:\/\/blondeau.be\/fr\/wp-json\/wp\/v2\/product"}],"about":[{"href":"https:\/\/blondeau.be\/fr\/wp-json\/wp\/v2\/types\/product"}],"wp:featuredmedia":[{"embeddable":true,"href":"https:\/\/blondeau.be\/fr\/wp-json\/wp\/v2\/media\/27901"}],"wp:attachment":[{"href":"https:\/\/blondeau.be\/fr\/wp-json\/wp\/v2\/media?parent=27896"}],"wp:term":[{"taxonomy":"product_brand","embeddable":true,"href":"https:\/\/blondeau.be\/fr\/wp-json\/wp\/v2\/product_brand?post=27896"},{"taxonomy":"product_cat","embeddable":true,"href":"https:\/\/blondeau.be\/fr\/wp-json\/wp\/v2\/product_cat?post=27896"},{"taxonomy":"product_tag","embeddable":true,"href":"https:\/\/blondeau.be\/fr\/wp-json\/wp\/v2\/product_tag?post=27896"}],"curies":[{"name":"wp","href":"https:\/\/api.w.org\/{rel}","templated":true}]}}