{"id":27895,"date":"2025-02-14T19:37:21","date_gmt":"2025-02-14T17:37:21","guid":{"rendered":"https:\/\/blondeau.be\/product\/maxon-uni-rad\/"},"modified":"2025-06-26T18:18:06","modified_gmt":"2025-06-26T16:18:06","slug":"maxon-uni-rad","status":"publish","type":"product","link":"https:\/\/blondeau.be\/fr\/produit\/maxon-uni-rad\/","title":{"rendered":"Maxon Uni-Rad"},"content":{"rendered":"<p data-start=\"78\" data-end=\"613\">Le br\u00fbleur \u00e0 tube radiant <strong>UNI-RAD<\/strong> g\u00e9n\u00e8re une flamme extr\u00eamement stable et lumineuse, assurant un transfert de chaleur optimal \u00e0 travers le tube radiant vers l\u2019int\u00e9rieur du four. Son syst\u00e8me d\u2019allumage continu brevet\u00e9 garantit un allumage fiable \u00e0 chaque mise en marche. Le syst\u00e8me UNI-RAD \u2014 compos\u00e9 d\u2019un br\u00fbleur et d\u2019un r\u00e9cup\u00e9rateur \u2014 a \u00e9t\u00e9 sp\u00e9cialement con\u00e7u et optimis\u00e9 pour une utilisation avec des tubes radiants de forme W ou U. Il est principalement utilis\u00e9 dans les lignes de traitement thermique de l\u2019industrie m\u00e9tallurgique.   <\/p>\n<p data-start=\"384\" data-end=\"806\"><strong>Caract\u00e9ristiques et avantages :<\/strong><\/p>\n<ul>\n<li data-start=\"384\" data-end=\"806\">Le syst\u00e8me d\u2019allumage brevet\u00e9 permet d\u2019allonger la dur\u00e9e de vie des tubes radiants<\/li>\n<li data-start=\"384\" data-end=\"806\">Possibilit\u00e9 de fonctionnement avec de l\u2019air de combustion pr\u00e9chauff\u00e9 jusqu\u2019\u00e0 650\u202f\u00b0C, pour une meilleure efficacit\u00e9 \u00e9nerg\u00e9tique et des co\u00fbts r\u00e9duits<\/li>\n<li data-start=\"384\" data-end=\"806\">Compatible avec la surveillance de flamme par scanner infrarouge (IR) et ultraviolet (UV)<\/li>\n<li data-start=\"384\" data-end=\"806\">Longueur de flamme r\u00e9glable en fonction de chaque application de proc\u00e9d\u00e9<\/li>\n<li>Compatible avec un fonctionnement \u00e0 100\u202f% hydrog\u00e8ne<\/li>\n<\/ul>\n<p data-start=\"627\" data-end=\"913\" data-is-last-node=\"\"><strong>Documentation :<\/strong><\/p>\n","protected":false},"excerpt":{"rendered":"<p>Le br\u00fbleur \u00e0 tube radiant UNI-RAD g\u00e9n\u00e8re une flamme extr\u00eamement stable et lumineuse, assurant un transfert de chaleur optimal \u00e0 travers le tube radiant vers l\u2019int\u00e9rieur du four. Son syst\u00e8me d\u2019allumage continu brevet\u00e9 garantit un allumage fiable \u00e0 chaque mise en marche. Le syst\u00e8me UNI-RAD \u2014 compos\u00e9 d\u2019un br\u00fbleur et d\u2019un r\u00e9cup\u00e9rateur \u2014 a \u00e9t\u00e9 [&hellip;]<\/p>\n","protected":false},"featured_media":27897,"template":"","meta":{"_acf_changed":false},"product_brand":[],"product_cat":[374],"product_tag":[366],"class_list":{"0":"post-27895","1":"product","2":"type-product","3":"status-publish","4":"has-post-thumbnail","6":"product_cat-bruleurs-fr","7":"product_tag-bruleurs-melange","9":"first","10":"instock","11":"taxable","12":"shipping-taxable","13":"product-type-simple"},"acf":[],"yoast_head":"<!-- This site is optimized with the Yoast SEO plugin v26.8 - https:\/\/yoast.com\/product\/yoast-seo-wordpress\/ -->\n<title>Maxon Uni-Rad - Blondeau<\/title>\n<meta name=\"robots\" content=\"index, follow, max-snippet:-1, max-image-preview:large, max-video-preview:-1\" \/>\n<link rel=\"canonical\" href=\"https:\/\/blondeau.be\/fr\/produit\/maxon-uni-rad\/\" \/>\n<meta property=\"og:locale\" content=\"fr_FR\" \/>\n<meta property=\"og:type\" content=\"article\" \/>\n<meta property=\"og:title\" content=\"Maxon Uni-Rad - Blondeau\" \/>\n<meta property=\"og:description\" content=\"Le br\u00fbleur \u00e0 tube radiant UNI-RAD g\u00e9n\u00e8re une flamme extr\u00eamement stable et lumineuse, assurant un transfert de chaleur optimal \u00e0 travers le tube radiant vers l\u2019int\u00e9rieur du four. Son syst\u00e8me d\u2019allumage continu brevet\u00e9 garantit un allumage fiable \u00e0 chaque mise en marche. Le syst\u00e8me UNI-RAD \u2014 compos\u00e9 d\u2019un br\u00fbleur et d\u2019un r\u00e9cup\u00e9rateur \u2014 a \u00e9t\u00e9 [&hellip;]\" \/>\n<meta property=\"og:url\" content=\"https:\/\/blondeau.be\/fr\/produit\/maxon-uni-rad\/\" \/>\n<meta property=\"og:site_name\" content=\"Blondeau\" \/>\n<meta property=\"article:modified_time\" content=\"2025-06-26T16:18:06+00:00\" \/>\n<meta property=\"og:image\" content=\"https:\/\/blondeau.be\/wp-content\/uploads\/2025\/02\/UNI-RAD\u00ae-Radiant-Tube-1.jpg\" \/>\n\t<meta property=\"og:image:width\" content=\"338\" \/>\n\t<meta property=\"og:image:height\" content=\"275\" \/>\n\t<meta property=\"og:image:type\" content=\"image\/jpeg\" \/>\n<meta name=\"twitter:card\" content=\"summary_large_image\" \/>\n<meta name=\"twitter:label1\" content=\"Dur\u00e9e de lecture estim\u00e9e\" \/>\n\t<meta name=\"twitter:data1\" content=\"1 minute\" \/>\n<script type=\"application\/ld+json\" class=\"yoast-schema-graph\">{\"@context\":\"https:\/\/schema.org\",\"@graph\":[{\"@type\":\"WebPage\",\"@id\":\"https:\/\/blondeau.be\/fr\/produit\/maxon-uni-rad\/\",\"url\":\"https:\/\/blondeau.be\/fr\/produit\/maxon-uni-rad\/\",\"name\":\"Maxon Uni-Rad - Blondeau\",\"isPartOf\":{\"@id\":\"https:\/\/blondeau.be\/fr\/#website\"},\"primaryImageOfPage\":{\"@id\":\"https:\/\/blondeau.be\/fr\/produit\/maxon-uni-rad\/#primaryimage\"},\"image\":{\"@id\":\"https:\/\/blondeau.be\/fr\/produit\/maxon-uni-rad\/#primaryimage\"},\"thumbnailUrl\":\"https:\/\/blondeau.be\/wp-content\/uploads\/2025\/02\/UNI-RAD\u00ae-Radiant-Tube-1.jpg\",\"datePublished\":\"2025-02-14T17:37:21+00:00\",\"dateModified\":\"2025-06-26T16:18:06+00:00\",\"breadcrumb\":{\"@id\":\"https:\/\/blondeau.be\/fr\/produit\/maxon-uni-rad\/#breadcrumb\"},\"inLanguage\":\"fr-FR\",\"potentialAction\":[{\"@type\":\"ReadAction\",\"target\":[\"https:\/\/blondeau.be\/fr\/produit\/maxon-uni-rad\/\"]}]},{\"@type\":\"ImageObject\",\"inLanguage\":\"fr-FR\",\"@id\":\"https:\/\/blondeau.be\/fr\/produit\/maxon-uni-rad\/#primaryimage\",\"url\":\"https:\/\/blondeau.be\/wp-content\/uploads\/2025\/02\/UNI-RAD\u00ae-Radiant-Tube-1.jpg\",\"contentUrl\":\"https:\/\/blondeau.be\/wp-content\/uploads\/2025\/02\/UNI-RAD\u00ae-Radiant-Tube-1.jpg\",\"width\":338,\"height\":275},{\"@type\":\"BreadcrumbList\",\"@id\":\"https:\/\/blondeau.be\/fr\/produit\/maxon-uni-rad\/#breadcrumb\",\"itemListElement\":[{\"@type\":\"ListItem\",\"position\":1,\"name\":\"Home\",\"item\":\"https:\/\/blondeau.be\/fr\/accueil\/\"},{\"@type\":\"ListItem\",\"position\":2,\"name\":\"Catalogue des produits\",\"item\":\"https:\/\/blondeau.be\/fr\/catalogue-des-produits\/\"},{\"@type\":\"ListItem\",\"position\":3,\"name\":\"Maxon Uni-Rad\"}]},{\"@type\":\"WebSite\",\"@id\":\"https:\/\/blondeau.be\/fr\/#website\",\"url\":\"https:\/\/blondeau.be\/fr\/\",\"name\":\"Blondeau\",\"description\":\"Industrial Heating\",\"publisher\":{\"@id\":\"https:\/\/blondeau.be\/fr\/#organization\"},\"potentialAction\":[{\"@type\":\"SearchAction\",\"target\":{\"@type\":\"EntryPoint\",\"urlTemplate\":\"https:\/\/blondeau.be\/fr\/?s={search_term_string}\"},\"query-input\":{\"@type\":\"PropertyValueSpecification\",\"valueRequired\":true,\"valueName\":\"search_term_string\"}}],\"inLanguage\":\"fr-FR\"},{\"@type\":\"Organization\",\"@id\":\"https:\/\/blondeau.be\/fr\/#organization\",\"name\":\"Blondeau\",\"url\":\"https:\/\/blondeau.be\/fr\/\",\"logo\":{\"@type\":\"ImageObject\",\"inLanguage\":\"fr-FR\",\"@id\":\"https:\/\/blondeau.be\/fr\/#\/schema\/logo\/image\/\",\"url\":\"https:\/\/blondeau.be\/wp-content\/uploads\/2025\/08\/Logo.jpg\",\"contentUrl\":\"https:\/\/blondeau.be\/wp-content\/uploads\/2025\/08\/Logo.jpg\",\"width\":600,\"height\":600,\"caption\":\"Blondeau\"},\"image\":{\"@id\":\"https:\/\/blondeau.be\/fr\/#\/schema\/logo\/image\/\"}}]}<\/script>\n<!-- \/ Yoast SEO plugin. -->","yoast_head_json":{"title":"Maxon Uni-Rad - Blondeau","robots":{"index":"index","follow":"follow","max-snippet":"max-snippet:-1","max-image-preview":"max-image-preview:large","max-video-preview":"max-video-preview:-1"},"canonical":"https:\/\/blondeau.be\/fr\/produit\/maxon-uni-rad\/","og_locale":"fr_FR","og_type":"article","og_title":"Maxon Uni-Rad - Blondeau","og_description":"Le br\u00fbleur \u00e0 tube radiant UNI-RAD g\u00e9n\u00e8re une flamme extr\u00eamement stable et lumineuse, assurant un transfert de chaleur optimal \u00e0 travers le tube radiant vers l\u2019int\u00e9rieur du four. Son syst\u00e8me d\u2019allumage continu brevet\u00e9 garantit un allumage fiable \u00e0 chaque mise en marche. Le syst\u00e8me UNI-RAD \u2014 compos\u00e9 d\u2019un br\u00fbleur et d\u2019un r\u00e9cup\u00e9rateur \u2014 a \u00e9t\u00e9 [&hellip;]","og_url":"https:\/\/blondeau.be\/fr\/produit\/maxon-uni-rad\/","og_site_name":"Blondeau","article_modified_time":"2025-06-26T16:18:06+00:00","og_image":[{"width":338,"height":275,"url":"https:\/\/blondeau.be\/wp-content\/uploads\/2025\/02\/UNI-RAD\u00ae-Radiant-Tube-1.jpg","type":"image\/jpeg"}],"twitter_card":"summary_large_image","twitter_misc":{"Dur\u00e9e de lecture estim\u00e9e":"1 minute"},"schema":{"@context":"https:\/\/schema.org","@graph":[{"@type":"WebPage","@id":"https:\/\/blondeau.be\/fr\/produit\/maxon-uni-rad\/","url":"https:\/\/blondeau.be\/fr\/produit\/maxon-uni-rad\/","name":"Maxon Uni-Rad - Blondeau","isPartOf":{"@id":"https:\/\/blondeau.be\/fr\/#website"},"primaryImageOfPage":{"@id":"https:\/\/blondeau.be\/fr\/produit\/maxon-uni-rad\/#primaryimage"},"image":{"@id":"https:\/\/blondeau.be\/fr\/produit\/maxon-uni-rad\/#primaryimage"},"thumbnailUrl":"https:\/\/blondeau.be\/wp-content\/uploads\/2025\/02\/UNI-RAD\u00ae-Radiant-Tube-1.jpg","datePublished":"2025-02-14T17:37:21+00:00","dateModified":"2025-06-26T16:18:06+00:00","breadcrumb":{"@id":"https:\/\/blondeau.be\/fr\/produit\/maxon-uni-rad\/#breadcrumb"},"inLanguage":"fr-FR","potentialAction":[{"@type":"ReadAction","target":["https:\/\/blondeau.be\/fr\/produit\/maxon-uni-rad\/"]}]},{"@type":"ImageObject","inLanguage":"fr-FR","@id":"https:\/\/blondeau.be\/fr\/produit\/maxon-uni-rad\/#primaryimage","url":"https:\/\/blondeau.be\/wp-content\/uploads\/2025\/02\/UNI-RAD\u00ae-Radiant-Tube-1.jpg","contentUrl":"https:\/\/blondeau.be\/wp-content\/uploads\/2025\/02\/UNI-RAD\u00ae-Radiant-Tube-1.jpg","width":338,"height":275},{"@type":"BreadcrumbList","@id":"https:\/\/blondeau.be\/fr\/produit\/maxon-uni-rad\/#breadcrumb","itemListElement":[{"@type":"ListItem","position":1,"name":"Home","item":"https:\/\/blondeau.be\/fr\/accueil\/"},{"@type":"ListItem","position":2,"name":"Catalogue des produits","item":"https:\/\/blondeau.be\/fr\/catalogue-des-produits\/"},{"@type":"ListItem","position":3,"name":"Maxon Uni-Rad"}]},{"@type":"WebSite","@id":"https:\/\/blondeau.be\/fr\/#website","url":"https:\/\/blondeau.be\/fr\/","name":"Blondeau","description":"Industrial Heating","publisher":{"@id":"https:\/\/blondeau.be\/fr\/#organization"},"potentialAction":[{"@type":"SearchAction","target":{"@type":"EntryPoint","urlTemplate":"https:\/\/blondeau.be\/fr\/?s={search_term_string}"},"query-input":{"@type":"PropertyValueSpecification","valueRequired":true,"valueName":"search_term_string"}}],"inLanguage":"fr-FR"},{"@type":"Organization","@id":"https:\/\/blondeau.be\/fr\/#organization","name":"Blondeau","url":"https:\/\/blondeau.be\/fr\/","logo":{"@type":"ImageObject","inLanguage":"fr-FR","@id":"https:\/\/blondeau.be\/fr\/#\/schema\/logo\/image\/","url":"https:\/\/blondeau.be\/wp-content\/uploads\/2025\/08\/Logo.jpg","contentUrl":"https:\/\/blondeau.be\/wp-content\/uploads\/2025\/08\/Logo.jpg","width":600,"height":600,"caption":"Blondeau"},"image":{"@id":"https:\/\/blondeau.be\/fr\/#\/schema\/logo\/image\/"}}]}},"_links":{"self":[{"href":"https:\/\/blondeau.be\/fr\/wp-json\/wp\/v2\/product\/27895","targetHints":{"allow":["GET"]}}],"collection":[{"href":"https:\/\/blondeau.be\/fr\/wp-json\/wp\/v2\/product"}],"about":[{"href":"https:\/\/blondeau.be\/fr\/wp-json\/wp\/v2\/types\/product"}],"wp:featuredmedia":[{"embeddable":true,"href":"https:\/\/blondeau.be\/fr\/wp-json\/wp\/v2\/media\/27897"}],"wp:attachment":[{"href":"https:\/\/blondeau.be\/fr\/wp-json\/wp\/v2\/media?parent=27895"}],"wp:term":[{"taxonomy":"product_brand","embeddable":true,"href":"https:\/\/blondeau.be\/fr\/wp-json\/wp\/v2\/product_brand?post=27895"},{"taxonomy":"product_cat","embeddable":true,"href":"https:\/\/blondeau.be\/fr\/wp-json\/wp\/v2\/product_cat?post=27895"},{"taxonomy":"product_tag","embeddable":true,"href":"https:\/\/blondeau.be\/fr\/wp-json\/wp\/v2\/product_tag?post=27895"}],"curies":[{"name":"wp","href":"https:\/\/api.w.org\/{rel}","templated":true}]}}