{"id":27881,"date":"2025-02-14T18:55:30","date_gmt":"2025-02-14T16:55:30","guid":{"rendered":"https:\/\/blondeau.be\/product\/maxon-kinemax\/"},"modified":"2025-06-26T18:06:55","modified_gmt":"2025-06-26T16:06:55","slug":"maxon-kinemax","status":"publish","type":"product","link":"https:\/\/blondeau.be\/fr\/produit\/maxon-kinemax\/","title":{"rendered":"Maxon Kinemax"},"content":{"rendered":"<p>Le <strong>KINEMAX\u00ae<\/strong> est un br\u00fbleur \u00e0 m\u00e9lange au nez, avec une vitesse moyenne des gaz de combustion, con\u00e7u pour une utilisation dans des fours \u00e0 haute temp\u00e9rature. Gr\u00e2ce \u00e0 une vitesse accrue des gaz en sortie, il favorise la circulation interne de l\u2019air dans le four, ce qui am\u00e9liore l\u2019uniformit\u00e9 de la temp\u00e9rature. Les applications typiques incluent les post-br\u00fbleurs thermiques, les fours de forge, de recuit, de fusion et les fours \u00e0 c\u00e9ramique. Le br\u00fbleur peut \u00e9galement \u00eatre utilis\u00e9 dans certaines applications \u00e0 air chaud.   <\/p>\n<p data-start=\"0\" data-end=\"270\"><strong>Caract\u00e9ristiques et avantages :<\/strong><\/p>\n<ul>\n<li>Vitesse d&rsquo;\u00e9chappement jusqu&rsquo;\u00e0 85 m\/s<\/li>\n<li>Plage de modulation jusqu&rsquo;\u00e0 48:1<\/li>\n<li>Disponible en 5 puissances de 110 kW \u00e0 2.348 kW<\/li>\n<li>R\u00e9duction de la consommation de carburant gr\u00e2ce \u00e0 l&rsquo;utilisation d&rsquo;air de combustion pr\u00e9chauff\u00e9 (jusqu&rsquo;\u00e0 425\u00b0C)<\/li>\n<li>Bloc r\u00e9fractaire adapt\u00e9 \u00e0 des temp\u00e9ratures de four jusqu&rsquo;\u00e0 1.427 \u00b0C (versions sp\u00e9ciales jusqu&rsquo;\u00e0 1 650 \u00b0C disponibles)<\/li>\n<li>Plaque arri\u00e8re d\u00e9montable pour faciliter l\u2019acc\u00e8s lors des op\u00e9rations de maintenance ou de contr\u00f4le<\/li>\n<li>Adapt\u00e9 \u00e0 l&rsquo;utilisation d&rsquo;air de combustion enrichi en oxyg\u00e8ne<\/li>\n<\/ul>\n<p data-start=\"627\" data-end=\"913\" data-is-last-node=\"\"><strong>Documentation :<\/strong><\/p>\n","protected":false},"excerpt":{"rendered":"<p>Le KINEMAX\u00ae est un br\u00fbleur \u00e0 m\u00e9lange au nez, avec une vitesse moyenne des gaz de combustion, con\u00e7u pour une utilisation dans des fours \u00e0 haute temp\u00e9rature. Gr\u00e2ce \u00e0 une vitesse accrue des gaz en sortie, il favorise la circulation interne de l\u2019air dans le four, ce qui am\u00e9liore l\u2019uniformit\u00e9 de la temp\u00e9rature. Les applications [&hellip;]<\/p>\n","protected":false},"featured_media":27883,"template":"","meta":{"_acf_changed":false},"product_brand":[],"product_cat":[374],"product_tag":[366],"class_list":{"0":"post-27881","1":"product","2":"type-product","3":"status-publish","4":"has-post-thumbnail","6":"product_cat-bruleurs-fr","7":"product_tag-bruleurs-melange","9":"first","10":"instock","11":"taxable","12":"shipping-taxable","13":"product-type-simple"},"acf":[],"yoast_head":"<!-- This site is optimized with the Yoast SEO plugin v26.8 - https:\/\/yoast.com\/product\/yoast-seo-wordpress\/ -->\n<title>Maxon Kinemax - Blondeau<\/title>\n<meta name=\"robots\" content=\"index, follow, max-snippet:-1, max-image-preview:large, max-video-preview:-1\" \/>\n<link rel=\"canonical\" href=\"https:\/\/blondeau.be\/fr\/produit\/maxon-kinemax\/\" \/>\n<meta property=\"og:locale\" content=\"fr_FR\" \/>\n<meta property=\"og:type\" content=\"article\" \/>\n<meta property=\"og:title\" content=\"Maxon Kinemax - Blondeau\" \/>\n<meta property=\"og:description\" content=\"Le KINEMAX\u00ae est un br\u00fbleur \u00e0 m\u00e9lange au nez, avec une vitesse moyenne des gaz de combustion, con\u00e7u pour une utilisation dans des fours \u00e0 haute temp\u00e9rature. Gr\u00e2ce \u00e0 une vitesse accrue des gaz en sortie, il favorise la circulation interne de l\u2019air dans le four, ce qui am\u00e9liore l\u2019uniformit\u00e9 de la temp\u00e9rature. Les applications [&hellip;]\" \/>\n<meta property=\"og:url\" content=\"https:\/\/blondeau.be\/fr\/produit\/maxon-kinemax\/\" \/>\n<meta property=\"og:site_name\" content=\"Blondeau\" \/>\n<meta property=\"article:modified_time\" content=\"2025-06-26T16:06:55+00:00\" \/>\n<meta property=\"og:image\" content=\"https:\/\/blondeau.be\/wp-content\/uploads\/2025\/02\/Kinemax.jpg\" \/>\n\t<meta property=\"og:image:width\" content=\"694\" \/>\n\t<meta property=\"og:image:height\" content=\"576\" \/>\n\t<meta property=\"og:image:type\" content=\"image\/jpeg\" \/>\n<meta name=\"twitter:card\" content=\"summary_large_image\" \/>\n<meta name=\"twitter:label1\" content=\"Dur\u00e9e de lecture estim\u00e9e\" \/>\n\t<meta name=\"twitter:data1\" content=\"1 minute\" \/>\n<script type=\"application\/ld+json\" class=\"yoast-schema-graph\">{\"@context\":\"https:\/\/schema.org\",\"@graph\":[{\"@type\":\"WebPage\",\"@id\":\"https:\/\/blondeau.be\/fr\/produit\/maxon-kinemax\/\",\"url\":\"https:\/\/blondeau.be\/fr\/produit\/maxon-kinemax\/\",\"name\":\"Maxon Kinemax - Blondeau\",\"isPartOf\":{\"@id\":\"https:\/\/blondeau.be\/fr\/#website\"},\"primaryImageOfPage\":{\"@id\":\"https:\/\/blondeau.be\/fr\/produit\/maxon-kinemax\/#primaryimage\"},\"image\":{\"@id\":\"https:\/\/blondeau.be\/fr\/produit\/maxon-kinemax\/#primaryimage\"},\"thumbnailUrl\":\"https:\/\/blondeau.be\/wp-content\/uploads\/2025\/02\/Kinemax.jpg\",\"datePublished\":\"2025-02-14T16:55:30+00:00\",\"dateModified\":\"2025-06-26T16:06:55+00:00\",\"breadcrumb\":{\"@id\":\"https:\/\/blondeau.be\/fr\/produit\/maxon-kinemax\/#breadcrumb\"},\"inLanguage\":\"fr-FR\",\"potentialAction\":[{\"@type\":\"ReadAction\",\"target\":[\"https:\/\/blondeau.be\/fr\/produit\/maxon-kinemax\/\"]}]},{\"@type\":\"ImageObject\",\"inLanguage\":\"fr-FR\",\"@id\":\"https:\/\/blondeau.be\/fr\/produit\/maxon-kinemax\/#primaryimage\",\"url\":\"https:\/\/blondeau.be\/wp-content\/uploads\/2025\/02\/Kinemax.jpg\",\"contentUrl\":\"https:\/\/blondeau.be\/wp-content\/uploads\/2025\/02\/Kinemax.jpg\",\"width\":694,\"height\":576},{\"@type\":\"BreadcrumbList\",\"@id\":\"https:\/\/blondeau.be\/fr\/produit\/maxon-kinemax\/#breadcrumb\",\"itemListElement\":[{\"@type\":\"ListItem\",\"position\":1,\"name\":\"Home\",\"item\":\"https:\/\/blondeau.be\/fr\/accueil\/\"},{\"@type\":\"ListItem\",\"position\":2,\"name\":\"Catalogue des produits\",\"item\":\"https:\/\/blondeau.be\/fr\/catalogue-des-produits\/\"},{\"@type\":\"ListItem\",\"position\":3,\"name\":\"Maxon Kinemax\"}]},{\"@type\":\"WebSite\",\"@id\":\"https:\/\/blondeau.be\/fr\/#website\",\"url\":\"https:\/\/blondeau.be\/fr\/\",\"name\":\"Blondeau\",\"description\":\"Industrial Heating\",\"publisher\":{\"@id\":\"https:\/\/blondeau.be\/fr\/#organization\"},\"potentialAction\":[{\"@type\":\"SearchAction\",\"target\":{\"@type\":\"EntryPoint\",\"urlTemplate\":\"https:\/\/blondeau.be\/fr\/?s={search_term_string}\"},\"query-input\":{\"@type\":\"PropertyValueSpecification\",\"valueRequired\":true,\"valueName\":\"search_term_string\"}}],\"inLanguage\":\"fr-FR\"},{\"@type\":\"Organization\",\"@id\":\"https:\/\/blondeau.be\/fr\/#organization\",\"name\":\"Blondeau\",\"url\":\"https:\/\/blondeau.be\/fr\/\",\"logo\":{\"@type\":\"ImageObject\",\"inLanguage\":\"fr-FR\",\"@id\":\"https:\/\/blondeau.be\/fr\/#\/schema\/logo\/image\/\",\"url\":\"https:\/\/blondeau.be\/wp-content\/uploads\/2025\/08\/Logo.jpg\",\"contentUrl\":\"https:\/\/blondeau.be\/wp-content\/uploads\/2025\/08\/Logo.jpg\",\"width\":600,\"height\":600,\"caption\":\"Blondeau\"},\"image\":{\"@id\":\"https:\/\/blondeau.be\/fr\/#\/schema\/logo\/image\/\"}}]}<\/script>\n<!-- \/ Yoast SEO plugin. -->","yoast_head_json":{"title":"Maxon Kinemax - Blondeau","robots":{"index":"index","follow":"follow","max-snippet":"max-snippet:-1","max-image-preview":"max-image-preview:large","max-video-preview":"max-video-preview:-1"},"canonical":"https:\/\/blondeau.be\/fr\/produit\/maxon-kinemax\/","og_locale":"fr_FR","og_type":"article","og_title":"Maxon Kinemax - Blondeau","og_description":"Le KINEMAX\u00ae est un br\u00fbleur \u00e0 m\u00e9lange au nez, avec une vitesse moyenne des gaz de combustion, con\u00e7u pour une utilisation dans des fours \u00e0 haute temp\u00e9rature. Gr\u00e2ce \u00e0 une vitesse accrue des gaz en sortie, il favorise la circulation interne de l\u2019air dans le four, ce qui am\u00e9liore l\u2019uniformit\u00e9 de la temp\u00e9rature. Les applications [&hellip;]","og_url":"https:\/\/blondeau.be\/fr\/produit\/maxon-kinemax\/","og_site_name":"Blondeau","article_modified_time":"2025-06-26T16:06:55+00:00","og_image":[{"width":694,"height":576,"url":"https:\/\/blondeau.be\/wp-content\/uploads\/2025\/02\/Kinemax.jpg","type":"image\/jpeg"}],"twitter_card":"summary_large_image","twitter_misc":{"Dur\u00e9e de lecture estim\u00e9e":"1 minute"},"schema":{"@context":"https:\/\/schema.org","@graph":[{"@type":"WebPage","@id":"https:\/\/blondeau.be\/fr\/produit\/maxon-kinemax\/","url":"https:\/\/blondeau.be\/fr\/produit\/maxon-kinemax\/","name":"Maxon Kinemax - Blondeau","isPartOf":{"@id":"https:\/\/blondeau.be\/fr\/#website"},"primaryImageOfPage":{"@id":"https:\/\/blondeau.be\/fr\/produit\/maxon-kinemax\/#primaryimage"},"image":{"@id":"https:\/\/blondeau.be\/fr\/produit\/maxon-kinemax\/#primaryimage"},"thumbnailUrl":"https:\/\/blondeau.be\/wp-content\/uploads\/2025\/02\/Kinemax.jpg","datePublished":"2025-02-14T16:55:30+00:00","dateModified":"2025-06-26T16:06:55+00:00","breadcrumb":{"@id":"https:\/\/blondeau.be\/fr\/produit\/maxon-kinemax\/#breadcrumb"},"inLanguage":"fr-FR","potentialAction":[{"@type":"ReadAction","target":["https:\/\/blondeau.be\/fr\/produit\/maxon-kinemax\/"]}]},{"@type":"ImageObject","inLanguage":"fr-FR","@id":"https:\/\/blondeau.be\/fr\/produit\/maxon-kinemax\/#primaryimage","url":"https:\/\/blondeau.be\/wp-content\/uploads\/2025\/02\/Kinemax.jpg","contentUrl":"https:\/\/blondeau.be\/wp-content\/uploads\/2025\/02\/Kinemax.jpg","width":694,"height":576},{"@type":"BreadcrumbList","@id":"https:\/\/blondeau.be\/fr\/produit\/maxon-kinemax\/#breadcrumb","itemListElement":[{"@type":"ListItem","position":1,"name":"Home","item":"https:\/\/blondeau.be\/fr\/accueil\/"},{"@type":"ListItem","position":2,"name":"Catalogue des produits","item":"https:\/\/blondeau.be\/fr\/catalogue-des-produits\/"},{"@type":"ListItem","position":3,"name":"Maxon Kinemax"}]},{"@type":"WebSite","@id":"https:\/\/blondeau.be\/fr\/#website","url":"https:\/\/blondeau.be\/fr\/","name":"Blondeau","description":"Industrial Heating","publisher":{"@id":"https:\/\/blondeau.be\/fr\/#organization"},"potentialAction":[{"@type":"SearchAction","target":{"@type":"EntryPoint","urlTemplate":"https:\/\/blondeau.be\/fr\/?s={search_term_string}"},"query-input":{"@type":"PropertyValueSpecification","valueRequired":true,"valueName":"search_term_string"}}],"inLanguage":"fr-FR"},{"@type":"Organization","@id":"https:\/\/blondeau.be\/fr\/#organization","name":"Blondeau","url":"https:\/\/blondeau.be\/fr\/","logo":{"@type":"ImageObject","inLanguage":"fr-FR","@id":"https:\/\/blondeau.be\/fr\/#\/schema\/logo\/image\/","url":"https:\/\/blondeau.be\/wp-content\/uploads\/2025\/08\/Logo.jpg","contentUrl":"https:\/\/blondeau.be\/wp-content\/uploads\/2025\/08\/Logo.jpg","width":600,"height":600,"caption":"Blondeau"},"image":{"@id":"https:\/\/blondeau.be\/fr\/#\/schema\/logo\/image\/"}}]}},"_links":{"self":[{"href":"https:\/\/blondeau.be\/fr\/wp-json\/wp\/v2\/product\/27881","targetHints":{"allow":["GET"]}}],"collection":[{"href":"https:\/\/blondeau.be\/fr\/wp-json\/wp\/v2\/product"}],"about":[{"href":"https:\/\/blondeau.be\/fr\/wp-json\/wp\/v2\/types\/product"}],"wp:featuredmedia":[{"embeddable":true,"href":"https:\/\/blondeau.be\/fr\/wp-json\/wp\/v2\/media\/27883"}],"wp:attachment":[{"href":"https:\/\/blondeau.be\/fr\/wp-json\/wp\/v2\/media?parent=27881"}],"wp:term":[{"taxonomy":"product_brand","embeddable":true,"href":"https:\/\/blondeau.be\/fr\/wp-json\/wp\/v2\/product_brand?post=27881"},{"taxonomy":"product_cat","embeddable":true,"href":"https:\/\/blondeau.be\/fr\/wp-json\/wp\/v2\/product_cat?post=27881"},{"taxonomy":"product_tag","embeddable":true,"href":"https:\/\/blondeau.be\/fr\/wp-json\/wp\/v2\/product_tag?post=27881"}],"curies":[{"name":"wp","href":"https:\/\/api.w.org\/{rel}","templated":true}]}}