{"id":27865,"date":"2025-03-25T19:15:01","date_gmt":"2025-03-25T17:15:01","guid":{"rendered":"https:\/\/blondeau.be\/product\/kromschroder-bcu-370\/"},"modified":"2025-09-04T12:05:07","modified_gmt":"2025-09-04T10:05:07","slug":"kromschroder-bcu-370","status":"publish","type":"product","link":"https:\/\/blondeau.be\/fr\/produit\/kromschroder-bcu-370\/","title":{"rendered":"Kromschr\u00f6der BCU 370"},"content":{"rendered":"<p class=\"\" data-start=\"0\" data-end=\"164\">Le <strong>BCU 370 de<\/strong> Kromschr\u00f6der est un contr\u00f4leur de br\u00fbleur automatique qui contr\u00f4le, allume et surveille les br\u00fbleurs industriels \u00e0 tirage forc\u00e9 de capacit\u00e9 illimit\u00e9e <span class=\"relative -mx-px my-[-0.2rem] rounded px-px py-[0.2rem]\">ou les br\u00fbleurs allum\u00e9s \u00e0 l&rsquo;aide d&rsquo;une veilleuse <\/span>, convenant aussi bien au fonctionnement <span class=\"relative -mx-px my-[-0.2rem] rounded px-px py-[0.2rem]\">intermittent (avec UVS <\/span>) qu&rsquo;au fonctionnement continu (avec UVC).  <span class=\"relative -mx-px my-[-0.2rem] rounded px-px py-[0.2rem]\">  Le contr\u00f4leur du br\u00fbleur active le ventilateur et positionne la vanne papillon connect\u00e9e pour la pr\u00e9ventilation et l&rsquo;allumage. Apr\u00e8s la pr\u00e9ventilation et le d\u00e9marrage du br\u00fbleur, le BCU 370 envoie un signal de validation \u00e0 un contr\u00f4leur externe, qui positionne la vanne papillon en fonction de la demande de puissance. Une fois le fonctionnement du br\u00fbleur termin\u00e9, la post-ventilation a lieu.  <\/span><\/p>\n<p data-start=\"0\" data-end=\"164\"><strong>Caract\u00e9ristiques et avantages :<\/strong><\/p>\n<ul>\n<li><span class=\"relative -mx-px my-[-0.2rem] rounded px-px py-[0.2rem]\">Con\u00e7u pour \u00eatre mont\u00e9 \u00e0 proximit\u00e9 imm\u00e9diate du br\u00fbleur \u00e0 surveiller<\/span><\/li>\n<li><span class=\"relative -mx-px my-[-0.2rem] rounded px-px py-[0.2rem]\">D\u00e9tection de flamme par capteurs UV ou par ionisation<\/span><\/li>\n<li>Contr\u00f4le la pression du gaz et de l&rsquo;air. Une fonction int\u00e9gr\u00e9e de contr\u00f4le de l&rsquo;\u00e9tanch\u00e9it\u00e9, disponible en option, permet de surveiller les vannes \u00e0 l&rsquo;aide d&rsquo;un pressostat externe. <\/li>\n<li>Gr\u00e2ce \u00e0 l&rsquo;interface PROFIBUS-DP optionnelle, le BCU 370 peut \u00eatre int\u00e9gr\u00e9 dans des syst\u00e8mes de bus de terrain standardis\u00e9s, ce qui simplifie le c\u00e2blage.<\/li>\n<li>Les param\u00e8tres peuvent \u00eatre facilement ajust\u00e9s \u00e0 l&rsquo;aide du logiciel BCSoft.<\/li>\n<li>Tension secteur : 230 V-50\/60 Hz ou 120 V-50\/60 Hz<\/li>\n<li><span class=\"relative -mx-px my-[-0.2rem] rounded px-px py-[0.2rem]\">Certification UE<\/span><\/li>\n<\/ul>\n<p><strong>Documentation :<\/strong><\/p>\n","protected":false},"excerpt":{"rendered":"<p>Le BCU 370 de Kromschr\u00f6der est un contr\u00f4leur de br\u00fbleur automatique qui contr\u00f4le, allume et surveille les br\u00fbleurs industriels \u00e0 tirage forc\u00e9 de capacit\u00e9 illimit\u00e9e ou les br\u00fbleurs allum\u00e9s \u00e0 l&rsquo;aide d&rsquo;une veilleuse , convenant aussi bien au fonctionnement intermittent (avec UVS ) qu&rsquo;au fonctionnement continu (avec UVC). Le contr\u00f4leur du br\u00fbleur active le ventilateur [&hellip;]<\/p>\n","protected":false},"featured_media":27871,"template":"","meta":{"_acf_changed":false},"product_brand":[],"product_cat":[340],"product_tag":[331],"class_list":{"0":"post-27865","1":"product","2":"type-product","3":"status-publish","4":"has-post-thumbnail","6":"product_cat-coffrets-de-commande-fr","7":"product_tag-coffrets-de-commande","9":"first","10":"instock","11":"taxable","12":"shipping-taxable","13":"product-type-simple"},"acf":[],"yoast_head":"<!-- This site is optimized with the Yoast SEO plugin v26.8 - https:\/\/yoast.com\/product\/yoast-seo-wordpress\/ -->\n<title>Kromschr\u00f6der BCU 370 - Blondeau<\/title>\n<meta name=\"robots\" content=\"index, follow, max-snippet:-1, max-image-preview:large, max-video-preview:-1\" \/>\n<link rel=\"canonical\" href=\"https:\/\/blondeau.be\/fr\/produit\/kromschroder-bcu-370\/\" \/>\n<meta property=\"og:locale\" content=\"fr_FR\" \/>\n<meta property=\"og:type\" content=\"article\" \/>\n<meta property=\"og:title\" content=\"Kromschr\u00f6der BCU 370 - Blondeau\" \/>\n<meta property=\"og:description\" content=\"Le BCU 370 de Kromschr\u00f6der est un contr\u00f4leur de br\u00fbleur automatique qui contr\u00f4le, allume et surveille les br\u00fbleurs industriels \u00e0 tirage forc\u00e9 de capacit\u00e9 illimit\u00e9e ou les br\u00fbleurs allum\u00e9s \u00e0 l&rsquo;aide d&rsquo;une veilleuse , convenant aussi bien au fonctionnement intermittent (avec UVS ) qu&rsquo;au fonctionnement continu (avec UVC). Le contr\u00f4leur du br\u00fbleur active le ventilateur [&hellip;]\" \/>\n<meta property=\"og:url\" content=\"https:\/\/blondeau.be\/fr\/produit\/kromschroder-bcu-370\/\" \/>\n<meta property=\"og:site_name\" content=\"Blondeau\" \/>\n<meta property=\"article:modified_time\" content=\"2025-09-04T10:05:07+00:00\" \/>\n<meta property=\"og:image\" content=\"https:\/\/blondeau.be\/wp-content\/uploads\/2025\/03\/BCU-370.jpg\" \/>\n\t<meta property=\"og:image:width\" content=\"482\" \/>\n\t<meta property=\"og:image:height\" content=\"576\" \/>\n\t<meta property=\"og:image:type\" content=\"image\/jpeg\" \/>\n<meta name=\"twitter:card\" content=\"summary_large_image\" \/>\n<meta name=\"twitter:label1\" content=\"Dur\u00e9e de lecture estim\u00e9e\" \/>\n\t<meta name=\"twitter:data1\" content=\"2 minutes\" \/>\n<script type=\"application\/ld+json\" class=\"yoast-schema-graph\">{\"@context\":\"https:\/\/schema.org\",\"@graph\":[{\"@type\":\"WebPage\",\"@id\":\"https:\/\/blondeau.be\/fr\/produit\/kromschroder-bcu-370\/\",\"url\":\"https:\/\/blondeau.be\/fr\/produit\/kromschroder-bcu-370\/\",\"name\":\"Kromschr\u00f6der BCU 370 - Blondeau\",\"isPartOf\":{\"@id\":\"https:\/\/blondeau.be\/fr\/#website\"},\"primaryImageOfPage\":{\"@id\":\"https:\/\/blondeau.be\/fr\/produit\/kromschroder-bcu-370\/#primaryimage\"},\"image\":{\"@id\":\"https:\/\/blondeau.be\/fr\/produit\/kromschroder-bcu-370\/#primaryimage\"},\"thumbnailUrl\":\"https:\/\/blondeau.be\/wp-content\/uploads\/2025\/03\/BCU-370.jpg\",\"datePublished\":\"2025-03-25T17:15:01+00:00\",\"dateModified\":\"2025-09-04T10:05:07+00:00\",\"breadcrumb\":{\"@id\":\"https:\/\/blondeau.be\/fr\/produit\/kromschroder-bcu-370\/#breadcrumb\"},\"inLanguage\":\"fr-FR\",\"potentialAction\":[{\"@type\":\"ReadAction\",\"target\":[\"https:\/\/blondeau.be\/fr\/produit\/kromschroder-bcu-370\/\"]}]},{\"@type\":\"ImageObject\",\"inLanguage\":\"fr-FR\",\"@id\":\"https:\/\/blondeau.be\/fr\/produit\/kromschroder-bcu-370\/#primaryimage\",\"url\":\"https:\/\/blondeau.be\/wp-content\/uploads\/2025\/03\/BCU-370.jpg\",\"contentUrl\":\"https:\/\/blondeau.be\/wp-content\/uploads\/2025\/03\/BCU-370.jpg\",\"width\":482,\"height\":576},{\"@type\":\"BreadcrumbList\",\"@id\":\"https:\/\/blondeau.be\/fr\/produit\/kromschroder-bcu-370\/#breadcrumb\",\"itemListElement\":[{\"@type\":\"ListItem\",\"position\":1,\"name\":\"Home\",\"item\":\"https:\/\/blondeau.be\/fr\/accueil\/\"},{\"@type\":\"ListItem\",\"position\":2,\"name\":\"Catalogue des produits\",\"item\":\"https:\/\/blondeau.be\/fr\/catalogue-des-produits\/\"},{\"@type\":\"ListItem\",\"position\":3,\"name\":\"Kromschr\u00f6der BCU 370\"}]},{\"@type\":\"WebSite\",\"@id\":\"https:\/\/blondeau.be\/fr\/#website\",\"url\":\"https:\/\/blondeau.be\/fr\/\",\"name\":\"Blondeau\",\"description\":\"Industrial Heating\",\"publisher\":{\"@id\":\"https:\/\/blondeau.be\/fr\/#organization\"},\"potentialAction\":[{\"@type\":\"SearchAction\",\"target\":{\"@type\":\"EntryPoint\",\"urlTemplate\":\"https:\/\/blondeau.be\/fr\/?s={search_term_string}\"},\"query-input\":{\"@type\":\"PropertyValueSpecification\",\"valueRequired\":true,\"valueName\":\"search_term_string\"}}],\"inLanguage\":\"fr-FR\"},{\"@type\":\"Organization\",\"@id\":\"https:\/\/blondeau.be\/fr\/#organization\",\"name\":\"Blondeau\",\"url\":\"https:\/\/blondeau.be\/fr\/\",\"logo\":{\"@type\":\"ImageObject\",\"inLanguage\":\"fr-FR\",\"@id\":\"https:\/\/blondeau.be\/fr\/#\/schema\/logo\/image\/\",\"url\":\"https:\/\/blondeau.be\/wp-content\/uploads\/2025\/08\/Logo.jpg\",\"contentUrl\":\"https:\/\/blondeau.be\/wp-content\/uploads\/2025\/08\/Logo.jpg\",\"width\":600,\"height\":600,\"caption\":\"Blondeau\"},\"image\":{\"@id\":\"https:\/\/blondeau.be\/fr\/#\/schema\/logo\/image\/\"}}]}<\/script>\n<!-- \/ Yoast SEO plugin. -->","yoast_head_json":{"title":"Kromschr\u00f6der BCU 370 - Blondeau","robots":{"index":"index","follow":"follow","max-snippet":"max-snippet:-1","max-image-preview":"max-image-preview:large","max-video-preview":"max-video-preview:-1"},"canonical":"https:\/\/blondeau.be\/fr\/produit\/kromschroder-bcu-370\/","og_locale":"fr_FR","og_type":"article","og_title":"Kromschr\u00f6der BCU 370 - Blondeau","og_description":"Le BCU 370 de Kromschr\u00f6der est un contr\u00f4leur de br\u00fbleur automatique qui contr\u00f4le, allume et surveille les br\u00fbleurs industriels \u00e0 tirage forc\u00e9 de capacit\u00e9 illimit\u00e9e ou les br\u00fbleurs allum\u00e9s \u00e0 l&rsquo;aide d&rsquo;une veilleuse , convenant aussi bien au fonctionnement intermittent (avec UVS ) qu&rsquo;au fonctionnement continu (avec UVC). Le contr\u00f4leur du br\u00fbleur active le ventilateur [&hellip;]","og_url":"https:\/\/blondeau.be\/fr\/produit\/kromschroder-bcu-370\/","og_site_name":"Blondeau","article_modified_time":"2025-09-04T10:05:07+00:00","og_image":[{"width":482,"height":576,"url":"https:\/\/blondeau.be\/wp-content\/uploads\/2025\/03\/BCU-370.jpg","type":"image\/jpeg"}],"twitter_card":"summary_large_image","twitter_misc":{"Dur\u00e9e de lecture estim\u00e9e":"2 minutes"},"schema":{"@context":"https:\/\/schema.org","@graph":[{"@type":"WebPage","@id":"https:\/\/blondeau.be\/fr\/produit\/kromschroder-bcu-370\/","url":"https:\/\/blondeau.be\/fr\/produit\/kromschroder-bcu-370\/","name":"Kromschr\u00f6der BCU 370 - Blondeau","isPartOf":{"@id":"https:\/\/blondeau.be\/fr\/#website"},"primaryImageOfPage":{"@id":"https:\/\/blondeau.be\/fr\/produit\/kromschroder-bcu-370\/#primaryimage"},"image":{"@id":"https:\/\/blondeau.be\/fr\/produit\/kromschroder-bcu-370\/#primaryimage"},"thumbnailUrl":"https:\/\/blondeau.be\/wp-content\/uploads\/2025\/03\/BCU-370.jpg","datePublished":"2025-03-25T17:15:01+00:00","dateModified":"2025-09-04T10:05:07+00:00","breadcrumb":{"@id":"https:\/\/blondeau.be\/fr\/produit\/kromschroder-bcu-370\/#breadcrumb"},"inLanguage":"fr-FR","potentialAction":[{"@type":"ReadAction","target":["https:\/\/blondeau.be\/fr\/produit\/kromschroder-bcu-370\/"]}]},{"@type":"ImageObject","inLanguage":"fr-FR","@id":"https:\/\/blondeau.be\/fr\/produit\/kromschroder-bcu-370\/#primaryimage","url":"https:\/\/blondeau.be\/wp-content\/uploads\/2025\/03\/BCU-370.jpg","contentUrl":"https:\/\/blondeau.be\/wp-content\/uploads\/2025\/03\/BCU-370.jpg","width":482,"height":576},{"@type":"BreadcrumbList","@id":"https:\/\/blondeau.be\/fr\/produit\/kromschroder-bcu-370\/#breadcrumb","itemListElement":[{"@type":"ListItem","position":1,"name":"Home","item":"https:\/\/blondeau.be\/fr\/accueil\/"},{"@type":"ListItem","position":2,"name":"Catalogue des produits","item":"https:\/\/blondeau.be\/fr\/catalogue-des-produits\/"},{"@type":"ListItem","position":3,"name":"Kromschr\u00f6der BCU 370"}]},{"@type":"WebSite","@id":"https:\/\/blondeau.be\/fr\/#website","url":"https:\/\/blondeau.be\/fr\/","name":"Blondeau","description":"Industrial Heating","publisher":{"@id":"https:\/\/blondeau.be\/fr\/#organization"},"potentialAction":[{"@type":"SearchAction","target":{"@type":"EntryPoint","urlTemplate":"https:\/\/blondeau.be\/fr\/?s={search_term_string}"},"query-input":{"@type":"PropertyValueSpecification","valueRequired":true,"valueName":"search_term_string"}}],"inLanguage":"fr-FR"},{"@type":"Organization","@id":"https:\/\/blondeau.be\/fr\/#organization","name":"Blondeau","url":"https:\/\/blondeau.be\/fr\/","logo":{"@type":"ImageObject","inLanguage":"fr-FR","@id":"https:\/\/blondeau.be\/fr\/#\/schema\/logo\/image\/","url":"https:\/\/blondeau.be\/wp-content\/uploads\/2025\/08\/Logo.jpg","contentUrl":"https:\/\/blondeau.be\/wp-content\/uploads\/2025\/08\/Logo.jpg","width":600,"height":600,"caption":"Blondeau"},"image":{"@id":"https:\/\/blondeau.be\/fr\/#\/schema\/logo\/image\/"}}]}},"_links":{"self":[{"href":"https:\/\/blondeau.be\/fr\/wp-json\/wp\/v2\/product\/27865","targetHints":{"allow":["GET"]}}],"collection":[{"href":"https:\/\/blondeau.be\/fr\/wp-json\/wp\/v2\/product"}],"about":[{"href":"https:\/\/blondeau.be\/fr\/wp-json\/wp\/v2\/types\/product"}],"wp:featuredmedia":[{"embeddable":true,"href":"https:\/\/blondeau.be\/fr\/wp-json\/wp\/v2\/media\/27871"}],"wp:attachment":[{"href":"https:\/\/blondeau.be\/fr\/wp-json\/wp\/v2\/media?parent=27865"}],"wp:term":[{"taxonomy":"product_brand","embeddable":true,"href":"https:\/\/blondeau.be\/fr\/wp-json\/wp\/v2\/product_brand?post=27865"},{"taxonomy":"product_cat","embeddable":true,"href":"https:\/\/blondeau.be\/fr\/wp-json\/wp\/v2\/product_cat?post=27865"},{"taxonomy":"product_tag","embeddable":true,"href":"https:\/\/blondeau.be\/fr\/wp-json\/wp\/v2\/product_tag?post=27865"}],"curies":[{"name":"wp","href":"https:\/\/api.w.org\/{rel}","templated":true}]}}