{"id":27864,"date":"2025-03-26T16:21:19","date_gmt":"2025-03-26T14:21:19","guid":{"rendered":"https:\/\/blondeau.be\/product\/kromschroder-ifd-258\/"},"modified":"2025-09-04T13:52:55","modified_gmt":"2025-09-04T11:52:55","slug":"kromschroder-ifd-258","status":"publish","type":"product","link":"https:\/\/blondeau.be\/fr\/produit\/kromschroder-ifd-258\/","title":{"rendered":"Kromschr\u00f6der IFD 258"},"content":{"rendered":"<p class=\"\" data-start=\"0\" data-end=\"164\">L&rsquo;<strong data-start=\"3\" data-end=\"14\">IFD 258<\/strong> de Kromschr\u00f6der est un contr\u00f4leur de br\u00fbleur compact qui allume et surveille les br\u00fbleurs industriels \u00e0 gaz \u00e0 allumage direct avec une puissance illimit\u00e9e. Gr\u00e2ce \u00e0 sa conception enti\u00e8rement \u00e9lectronique, il r\u00e9agit rapidement aux diff\u00e9rentes exigences du processus et convient donc \u00e9galement aux commutations fr\u00e9quentes. Il peut \u00eatre utilis\u00e9 pour des br\u00fbleurs atmosph\u00e9riques modulants ou \u00e0 \u00e9tages ou des br\u00fbleurs \u00e0 tirage forc\u00e9 dans des applications \u00e0 br\u00fbleurs multiples, en utilisant un syst\u00e8me de contr\u00f4le central pour la pr\u00e9-ventilation et la surveillance.  <\/p>\n<p data-start=\"0\" data-end=\"164\"><strong>Caract\u00e9ristiques et avantages :<\/strong><\/p>\n<ul>\n<li><span class=\"relative -mx-px my-[-0.2rem] rounded px-px py-[0.2rem]\">D\u00e9tection de flamme par capteurs UV ou par ionisation<\/span><\/li>\n<li>Pour les br\u00fbleurs intermittents et continus<\/li>\n<li>Possibilit\u00e9 d&rsquo;allumage et de surveillance avec une seule \u00e9lectrode<\/li>\n<li>Tension secteur : 230 V-50\/60 Hz ou 120 V-50\/60 Hz<\/li>\n<li><span class=\"relative -mx-px my-[-0.2rem] rounded px-px py-[0.2rem]\">Certifi\u00e9 par l&rsquo;UE<\/span><\/li>\n<\/ul>\n<p><strong>Documentation :<\/strong><\/p>\n","protected":false},"excerpt":{"rendered":"<p>L&rsquo;IFD 258 de Kromschr\u00f6der est un contr\u00f4leur de br\u00fbleur compact qui allume et surveille les br\u00fbleurs industriels \u00e0 gaz \u00e0 allumage direct avec une puissance illimit\u00e9e. Gr\u00e2ce \u00e0 sa conception enti\u00e8rement \u00e9lectronique, il r\u00e9agit rapidement aux diff\u00e9rentes exigences du processus et convient donc \u00e9galement aux commutations fr\u00e9quentes. Il peut \u00eatre utilis\u00e9 pour des br\u00fbleurs atmosph\u00e9riques [&hellip;]<\/p>\n","protected":false},"featured_media":27869,"template":"","meta":{"_acf_changed":false},"product_brand":[],"product_cat":[340],"product_tag":[331],"class_list":{"0":"post-27864","1":"product","2":"type-product","3":"status-publish","4":"has-post-thumbnail","6":"product_cat-coffrets-de-commande-fr","7":"product_tag-coffrets-de-commande","9":"first","10":"instock","11":"taxable","12":"shipping-taxable","13":"product-type-simple"},"acf":[],"yoast_head":"<!-- This site is optimized with the Yoast SEO plugin v26.8 - https:\/\/yoast.com\/product\/yoast-seo-wordpress\/ -->\n<title>Kromschr\u00f6der IFD 258 - Blondeau<\/title>\n<meta name=\"robots\" content=\"index, follow, max-snippet:-1, max-image-preview:large, max-video-preview:-1\" \/>\n<link rel=\"canonical\" href=\"https:\/\/blondeau.be\/fr\/produit\/kromschroder-ifd-258\/\" \/>\n<meta property=\"og:locale\" content=\"fr_FR\" \/>\n<meta property=\"og:type\" content=\"article\" \/>\n<meta property=\"og:title\" content=\"Kromschr\u00f6der IFD 258 - Blondeau\" \/>\n<meta property=\"og:description\" content=\"L&rsquo;IFD 258 de Kromschr\u00f6der est un contr\u00f4leur de br\u00fbleur compact qui allume et surveille les br\u00fbleurs industriels \u00e0 gaz \u00e0 allumage direct avec une puissance illimit\u00e9e. Gr\u00e2ce \u00e0 sa conception enti\u00e8rement \u00e9lectronique, il r\u00e9agit rapidement aux diff\u00e9rentes exigences du processus et convient donc \u00e9galement aux commutations fr\u00e9quentes. Il peut \u00eatre utilis\u00e9 pour des br\u00fbleurs atmosph\u00e9riques [&hellip;]\" \/>\n<meta property=\"og:url\" content=\"https:\/\/blondeau.be\/fr\/produit\/kromschroder-ifd-258\/\" \/>\n<meta property=\"og:site_name\" content=\"Blondeau\" \/>\n<meta property=\"article:modified_time\" content=\"2025-09-04T11:52:55+00:00\" \/>\n<meta property=\"og:image\" content=\"https:\/\/blondeau.be\/wp-content\/uploads\/2025\/03\/Re_IFD_244-3.jpg\" \/>\n\t<meta property=\"og:image:width\" content=\"633\" \/>\n\t<meta property=\"og:image:height\" content=\"497\" \/>\n\t<meta property=\"og:image:type\" content=\"image\/jpeg\" \/>\n<meta name=\"twitter:card\" content=\"summary_large_image\" \/>\n<meta name=\"twitter:label1\" content=\"Dur\u00e9e de lecture estim\u00e9e\" \/>\n\t<meta name=\"twitter:data1\" content=\"1 minute\" \/>\n<script type=\"application\/ld+json\" class=\"yoast-schema-graph\">{\"@context\":\"https:\/\/schema.org\",\"@graph\":[{\"@type\":\"WebPage\",\"@id\":\"https:\/\/blondeau.be\/fr\/produit\/kromschroder-ifd-258\/\",\"url\":\"https:\/\/blondeau.be\/fr\/produit\/kromschroder-ifd-258\/\",\"name\":\"Kromschr\u00f6der IFD 258 - Blondeau\",\"isPartOf\":{\"@id\":\"https:\/\/blondeau.be\/fr\/#website\"},\"primaryImageOfPage\":{\"@id\":\"https:\/\/blondeau.be\/fr\/produit\/kromschroder-ifd-258\/#primaryimage\"},\"image\":{\"@id\":\"https:\/\/blondeau.be\/fr\/produit\/kromschroder-ifd-258\/#primaryimage\"},\"thumbnailUrl\":\"https:\/\/blondeau.be\/wp-content\/uploads\/2025\/03\/Re_IFD_244-3.jpg\",\"datePublished\":\"2025-03-26T14:21:19+00:00\",\"dateModified\":\"2025-09-04T11:52:55+00:00\",\"breadcrumb\":{\"@id\":\"https:\/\/blondeau.be\/fr\/produit\/kromschroder-ifd-258\/#breadcrumb\"},\"inLanguage\":\"fr-FR\",\"potentialAction\":[{\"@type\":\"ReadAction\",\"target\":[\"https:\/\/blondeau.be\/fr\/produit\/kromschroder-ifd-258\/\"]}]},{\"@type\":\"ImageObject\",\"inLanguage\":\"fr-FR\",\"@id\":\"https:\/\/blondeau.be\/fr\/produit\/kromschroder-ifd-258\/#primaryimage\",\"url\":\"https:\/\/blondeau.be\/wp-content\/uploads\/2025\/03\/Re_IFD_244-3.jpg\",\"contentUrl\":\"https:\/\/blondeau.be\/wp-content\/uploads\/2025\/03\/Re_IFD_244-3.jpg\",\"width\":633,\"height\":497},{\"@type\":\"BreadcrumbList\",\"@id\":\"https:\/\/blondeau.be\/fr\/produit\/kromschroder-ifd-258\/#breadcrumb\",\"itemListElement\":[{\"@type\":\"ListItem\",\"position\":1,\"name\":\"Home\",\"item\":\"https:\/\/blondeau.be\/fr\/accueil\/\"},{\"@type\":\"ListItem\",\"position\":2,\"name\":\"Catalogue des produits\",\"item\":\"https:\/\/blondeau.be\/fr\/catalogue-des-produits\/\"},{\"@type\":\"ListItem\",\"position\":3,\"name\":\"Kromschr\u00f6der IFD 258\"}]},{\"@type\":\"WebSite\",\"@id\":\"https:\/\/blondeau.be\/fr\/#website\",\"url\":\"https:\/\/blondeau.be\/fr\/\",\"name\":\"Blondeau\",\"description\":\"Industrial Heating\",\"publisher\":{\"@id\":\"https:\/\/blondeau.be\/fr\/#organization\"},\"potentialAction\":[{\"@type\":\"SearchAction\",\"target\":{\"@type\":\"EntryPoint\",\"urlTemplate\":\"https:\/\/blondeau.be\/fr\/?s={search_term_string}\"},\"query-input\":{\"@type\":\"PropertyValueSpecification\",\"valueRequired\":true,\"valueName\":\"search_term_string\"}}],\"inLanguage\":\"fr-FR\"},{\"@type\":\"Organization\",\"@id\":\"https:\/\/blondeau.be\/fr\/#organization\",\"name\":\"Blondeau\",\"url\":\"https:\/\/blondeau.be\/fr\/\",\"logo\":{\"@type\":\"ImageObject\",\"inLanguage\":\"fr-FR\",\"@id\":\"https:\/\/blondeau.be\/fr\/#\/schema\/logo\/image\/\",\"url\":\"https:\/\/blondeau.be\/wp-content\/uploads\/2025\/08\/Logo.jpg\",\"contentUrl\":\"https:\/\/blondeau.be\/wp-content\/uploads\/2025\/08\/Logo.jpg\",\"width\":600,\"height\":600,\"caption\":\"Blondeau\"},\"image\":{\"@id\":\"https:\/\/blondeau.be\/fr\/#\/schema\/logo\/image\/\"}}]}<\/script>\n<!-- \/ Yoast SEO plugin. -->","yoast_head_json":{"title":"Kromschr\u00f6der IFD 258 - Blondeau","robots":{"index":"index","follow":"follow","max-snippet":"max-snippet:-1","max-image-preview":"max-image-preview:large","max-video-preview":"max-video-preview:-1"},"canonical":"https:\/\/blondeau.be\/fr\/produit\/kromschroder-ifd-258\/","og_locale":"fr_FR","og_type":"article","og_title":"Kromschr\u00f6der IFD 258 - Blondeau","og_description":"L&rsquo;IFD 258 de Kromschr\u00f6der est un contr\u00f4leur de br\u00fbleur compact qui allume et surveille les br\u00fbleurs industriels \u00e0 gaz \u00e0 allumage direct avec une puissance illimit\u00e9e. Gr\u00e2ce \u00e0 sa conception enti\u00e8rement \u00e9lectronique, il r\u00e9agit rapidement aux diff\u00e9rentes exigences du processus et convient donc \u00e9galement aux commutations fr\u00e9quentes. Il peut \u00eatre utilis\u00e9 pour des br\u00fbleurs atmosph\u00e9riques [&hellip;]","og_url":"https:\/\/blondeau.be\/fr\/produit\/kromschroder-ifd-258\/","og_site_name":"Blondeau","article_modified_time":"2025-09-04T11:52:55+00:00","og_image":[{"width":633,"height":497,"url":"https:\/\/blondeau.be\/wp-content\/uploads\/2025\/03\/Re_IFD_244-3.jpg","type":"image\/jpeg"}],"twitter_card":"summary_large_image","twitter_misc":{"Dur\u00e9e de lecture estim\u00e9e":"1 minute"},"schema":{"@context":"https:\/\/schema.org","@graph":[{"@type":"WebPage","@id":"https:\/\/blondeau.be\/fr\/produit\/kromschroder-ifd-258\/","url":"https:\/\/blondeau.be\/fr\/produit\/kromschroder-ifd-258\/","name":"Kromschr\u00f6der IFD 258 - Blondeau","isPartOf":{"@id":"https:\/\/blondeau.be\/fr\/#website"},"primaryImageOfPage":{"@id":"https:\/\/blondeau.be\/fr\/produit\/kromschroder-ifd-258\/#primaryimage"},"image":{"@id":"https:\/\/blondeau.be\/fr\/produit\/kromschroder-ifd-258\/#primaryimage"},"thumbnailUrl":"https:\/\/blondeau.be\/wp-content\/uploads\/2025\/03\/Re_IFD_244-3.jpg","datePublished":"2025-03-26T14:21:19+00:00","dateModified":"2025-09-04T11:52:55+00:00","breadcrumb":{"@id":"https:\/\/blondeau.be\/fr\/produit\/kromschroder-ifd-258\/#breadcrumb"},"inLanguage":"fr-FR","potentialAction":[{"@type":"ReadAction","target":["https:\/\/blondeau.be\/fr\/produit\/kromschroder-ifd-258\/"]}]},{"@type":"ImageObject","inLanguage":"fr-FR","@id":"https:\/\/blondeau.be\/fr\/produit\/kromschroder-ifd-258\/#primaryimage","url":"https:\/\/blondeau.be\/wp-content\/uploads\/2025\/03\/Re_IFD_244-3.jpg","contentUrl":"https:\/\/blondeau.be\/wp-content\/uploads\/2025\/03\/Re_IFD_244-3.jpg","width":633,"height":497},{"@type":"BreadcrumbList","@id":"https:\/\/blondeau.be\/fr\/produit\/kromschroder-ifd-258\/#breadcrumb","itemListElement":[{"@type":"ListItem","position":1,"name":"Home","item":"https:\/\/blondeau.be\/fr\/accueil\/"},{"@type":"ListItem","position":2,"name":"Catalogue des produits","item":"https:\/\/blondeau.be\/fr\/catalogue-des-produits\/"},{"@type":"ListItem","position":3,"name":"Kromschr\u00f6der IFD 258"}]},{"@type":"WebSite","@id":"https:\/\/blondeau.be\/fr\/#website","url":"https:\/\/blondeau.be\/fr\/","name":"Blondeau","description":"Industrial Heating","publisher":{"@id":"https:\/\/blondeau.be\/fr\/#organization"},"potentialAction":[{"@type":"SearchAction","target":{"@type":"EntryPoint","urlTemplate":"https:\/\/blondeau.be\/fr\/?s={search_term_string}"},"query-input":{"@type":"PropertyValueSpecification","valueRequired":true,"valueName":"search_term_string"}}],"inLanguage":"fr-FR"},{"@type":"Organization","@id":"https:\/\/blondeau.be\/fr\/#organization","name":"Blondeau","url":"https:\/\/blondeau.be\/fr\/","logo":{"@type":"ImageObject","inLanguage":"fr-FR","@id":"https:\/\/blondeau.be\/fr\/#\/schema\/logo\/image\/","url":"https:\/\/blondeau.be\/wp-content\/uploads\/2025\/08\/Logo.jpg","contentUrl":"https:\/\/blondeau.be\/wp-content\/uploads\/2025\/08\/Logo.jpg","width":600,"height":600,"caption":"Blondeau"},"image":{"@id":"https:\/\/blondeau.be\/fr\/#\/schema\/logo\/image\/"}}]}},"_links":{"self":[{"href":"https:\/\/blondeau.be\/fr\/wp-json\/wp\/v2\/product\/27864","targetHints":{"allow":["GET"]}}],"collection":[{"href":"https:\/\/blondeau.be\/fr\/wp-json\/wp\/v2\/product"}],"about":[{"href":"https:\/\/blondeau.be\/fr\/wp-json\/wp\/v2\/types\/product"}],"wp:featuredmedia":[{"embeddable":true,"href":"https:\/\/blondeau.be\/fr\/wp-json\/wp\/v2\/media\/27869"}],"wp:attachment":[{"href":"https:\/\/blondeau.be\/fr\/wp-json\/wp\/v2\/media?parent=27864"}],"wp:term":[{"taxonomy":"product_brand","embeddable":true,"href":"https:\/\/blondeau.be\/fr\/wp-json\/wp\/v2\/product_brand?post=27864"},{"taxonomy":"product_cat","embeddable":true,"href":"https:\/\/blondeau.be\/fr\/wp-json\/wp\/v2\/product_cat?post=27864"},{"taxonomy":"product_tag","embeddable":true,"href":"https:\/\/blondeau.be\/fr\/wp-json\/wp\/v2\/product_tag?post=27864"}],"curies":[{"name":"wp","href":"https:\/\/api.w.org\/{rel}","templated":true}]}}