{"id":27852,"date":"2025-03-25T19:43:42","date_gmt":"2025-03-25T17:43:42","guid":{"rendered":"https:\/\/blondeau.be\/product\/kromschroder-fcu-500-505\/"},"modified":"2025-09-04T13:47:05","modified_gmt":"2025-09-04T11:47:05","slug":"kromschroder-fcu-500-505","status":"publish","type":"product","link":"https:\/\/blondeau.be\/fr\/produit\/kromschroder-fcu-500-505\/","title":{"rendered":"Kromschr\u00f6der FCU 500-505"},"content":{"rendered":"<p class=\"\" data-start=\"0\" data-end=\"164\"><span class=\"relative -mx-px my-[-0.2rem] rounded px-px py-[0.2rem]\">Les <strong>FCU 500<\/strong> et <strong>FCU 505<\/strong> de Kromschr\u00f6der sont des syst\u00e8mes de protection des fours con\u00e7us pour surveiller et contr\u00f4ler les fonctions de s\u00e9curit\u00e9 centrales telles que gasmin, gasmax, airmin, pr\u00e9ventilation, contr\u00f4le de la densit\u00e9, fonctionnement \u00e0 haute temp\u00e9rature ou d\u00e9clenchement du d\u00e9marrage pour les unit\u00e9s de contr\u00f4le des br\u00fbleurs, dans les fours industriels \u00e0 br\u00fbleurs multiples. Le FCU 500 contr\u00f4le plusieurs zones en tant que commande centrale du syst\u00e8me de protection du four. Le FCU 505 prend en charge le contr\u00f4le de la protection et de la puissance dans une zone du four.<\/span><\/p>\n<p data-start=\"0\" data-end=\"164\"><strong>Caract\u00e9ristiques et avantages :<\/strong><\/p>\n<ul>\n<li>Disponible en option avec un contr\u00f4leur de temp\u00e9rature de s\u00e9curit\u00e9 int\u00e9gr\u00e9 ou un limiteur de temp\u00e9rature de s\u00e9curit\u00e9, un contr\u00f4le de densit\u00e9 int\u00e9gr\u00e9 et une interface pour contr\u00f4ler la capacit\u00e9 de l&rsquo;actionneur ou une interface de convertisseur de fr\u00e9quence.<\/li>\n<li>Gr\u00e2ce au programme BCSoft, les param\u00e8tres, les analyses et les informations de diagnostic peuvent \u00eatre lus \u00e0 partir du FCU par l&rsquo;interm\u00e9diaire de l&rsquo;adaptateur optique disponible en option. Tous les param\u00e8tres valides sont stock\u00e9s sur une carte \u00e0 puce int\u00e9gr\u00e9e. Cette carte peut \u00eatre retir\u00e9e de l&rsquo;ancienne unit\u00e9 et ins\u00e9r\u00e9e dans un nouveau FCU pour transf\u00e9rer les param\u00e8tres, par exemple lors du remplacement de l&rsquo;unit\u00e9.  <\/li>\n<li>L&rsquo;unit\u00e9 de contr\u00f4le externe OCU est disponible en option. L&rsquo;OCU peut \u00eatre install\u00e9e dans la porte de l&rsquo;armoire de commande pour remplacer les unit\u00e9s de commande standard. <\/li>\n<li>Le module de bus BCM 500 en option permet de connecter le FCU \u00e0 une interface de bus de terrain dans un r\u00e9seau PROFINET ou Modbus TCP.<\/li>\n<li><span class=\"relative -mx-px my-[-0.2rem] rounded px-px py-[0.2rem]\">Prise en charge de la d\u00e9tection de flamme via des capteurs UV ou l&rsquo;ionisation (via le BCU)<\/span><\/li>\n<li>Tension secteur : 230 V-50\/60 Hz ou 120 V-50\/60 Hz<\/li>\n<li><span class=\"relative -mx-px my-[-0.2rem] rounded px-px py-[0.2rem]\">Certification UE<\/span><\/li>\n<li>Montage sur rail DIN dans l&rsquo;armoire de commande<\/li>\n<\/ul>\n","protected":false},"excerpt":{"rendered":"<p>Les FCU 500 et FCU 505 de Kromschr\u00f6der sont des syst\u00e8mes de protection des fours con\u00e7us pour surveiller et contr\u00f4ler les fonctions de s\u00e9curit\u00e9 centrales telles que gasmin, gasmax, airmin, pr\u00e9ventilation, contr\u00f4le de la densit\u00e9, fonctionnement \u00e0 haute temp\u00e9rature ou d\u00e9clenchement du d\u00e9marrage pour les unit\u00e9s de contr\u00f4le des br\u00fbleurs, dans les fours industriels \u00e0 [&hellip;]<\/p>\n","protected":false},"featured_media":27857,"template":"","meta":{"_acf_changed":false},"product_brand":[],"product_cat":[340],"product_tag":[331],"class_list":{"0":"post-27852","1":"product","2":"type-product","3":"status-publish","4":"has-post-thumbnail","6":"product_cat-coffrets-de-commande-fr","7":"product_tag-coffrets-de-commande","9":"first","10":"instock","11":"taxable","12":"shipping-taxable","13":"product-type-simple"},"acf":[],"yoast_head":"<!-- This site is optimized with the Yoast SEO plugin v26.8 - https:\/\/yoast.com\/product\/yoast-seo-wordpress\/ -->\n<title>Kromschr\u00f6der FCU 500-505 - Blondeau<\/title>\n<meta name=\"robots\" content=\"index, follow, max-snippet:-1, max-image-preview:large, max-video-preview:-1\" \/>\n<link rel=\"canonical\" href=\"https:\/\/blondeau.be\/fr\/produit\/kromschroder-fcu-500-505\/\" \/>\n<meta property=\"og:locale\" content=\"fr_FR\" \/>\n<meta property=\"og:type\" content=\"article\" \/>\n<meta property=\"og:title\" content=\"Kromschr\u00f6der FCU 500-505 - Blondeau\" \/>\n<meta property=\"og:description\" content=\"Les FCU 500 et FCU 505 de Kromschr\u00f6der sont des syst\u00e8mes de protection des fours con\u00e7us pour surveiller et contr\u00f4ler les fonctions de s\u00e9curit\u00e9 centrales telles que gasmin, gasmax, airmin, pr\u00e9ventilation, contr\u00f4le de la densit\u00e9, fonctionnement \u00e0 haute temp\u00e9rature ou d\u00e9clenchement du d\u00e9marrage pour les unit\u00e9s de contr\u00f4le des br\u00fbleurs, dans les fours industriels \u00e0 [&hellip;]\" \/>\n<meta property=\"og:url\" content=\"https:\/\/blondeau.be\/fr\/produit\/kromschroder-fcu-500-505\/\" \/>\n<meta property=\"og:site_name\" content=\"Blondeau\" \/>\n<meta property=\"article:modified_time\" content=\"2025-09-04T11:47:05+00:00\" \/>\n<meta property=\"og:image\" content=\"https:\/\/blondeau.be\/wp-content\/uploads\/2025\/03\/FCU.jpg\" \/>\n\t<meta property=\"og:image:width\" content=\"586\" \/>\n\t<meta property=\"og:image:height\" content=\"576\" \/>\n\t<meta property=\"og:image:type\" content=\"image\/jpeg\" \/>\n<meta name=\"twitter:card\" content=\"summary_large_image\" \/>\n<meta name=\"twitter:label1\" content=\"Dur\u00e9e de lecture estim\u00e9e\" \/>\n\t<meta name=\"twitter:data1\" content=\"2 minutes\" \/>\n<script type=\"application\/ld+json\" class=\"yoast-schema-graph\">{\"@context\":\"https:\/\/schema.org\",\"@graph\":[{\"@type\":\"WebPage\",\"@id\":\"https:\/\/blondeau.be\/fr\/produit\/kromschroder-fcu-500-505\/\",\"url\":\"https:\/\/blondeau.be\/fr\/produit\/kromschroder-fcu-500-505\/\",\"name\":\"Kromschr\u00f6der FCU 500-505 - Blondeau\",\"isPartOf\":{\"@id\":\"https:\/\/blondeau.be\/fr\/#website\"},\"primaryImageOfPage\":{\"@id\":\"https:\/\/blondeau.be\/fr\/produit\/kromschroder-fcu-500-505\/#primaryimage\"},\"image\":{\"@id\":\"https:\/\/blondeau.be\/fr\/produit\/kromschroder-fcu-500-505\/#primaryimage\"},\"thumbnailUrl\":\"https:\/\/blondeau.be\/wp-content\/uploads\/2025\/03\/FCU.jpg\",\"datePublished\":\"2025-03-25T17:43:42+00:00\",\"dateModified\":\"2025-09-04T11:47:05+00:00\",\"breadcrumb\":{\"@id\":\"https:\/\/blondeau.be\/fr\/produit\/kromschroder-fcu-500-505\/#breadcrumb\"},\"inLanguage\":\"fr-FR\",\"potentialAction\":[{\"@type\":\"ReadAction\",\"target\":[\"https:\/\/blondeau.be\/fr\/produit\/kromschroder-fcu-500-505\/\"]}]},{\"@type\":\"ImageObject\",\"inLanguage\":\"fr-FR\",\"@id\":\"https:\/\/blondeau.be\/fr\/produit\/kromschroder-fcu-500-505\/#primaryimage\",\"url\":\"https:\/\/blondeau.be\/wp-content\/uploads\/2025\/03\/FCU.jpg\",\"contentUrl\":\"https:\/\/blondeau.be\/wp-content\/uploads\/2025\/03\/FCU.jpg\",\"width\":586,\"height\":576},{\"@type\":\"BreadcrumbList\",\"@id\":\"https:\/\/blondeau.be\/fr\/produit\/kromschroder-fcu-500-505\/#breadcrumb\",\"itemListElement\":[{\"@type\":\"ListItem\",\"position\":1,\"name\":\"Home\",\"item\":\"https:\/\/blondeau.be\/fr\/accueil\/\"},{\"@type\":\"ListItem\",\"position\":2,\"name\":\"Catalogue des produits\",\"item\":\"https:\/\/blondeau.be\/fr\/catalogue-des-produits\/\"},{\"@type\":\"ListItem\",\"position\":3,\"name\":\"Kromschr\u00f6der FCU 500-505\"}]},{\"@type\":\"WebSite\",\"@id\":\"https:\/\/blondeau.be\/fr\/#website\",\"url\":\"https:\/\/blondeau.be\/fr\/\",\"name\":\"Blondeau\",\"description\":\"Industrial Heating\",\"publisher\":{\"@id\":\"https:\/\/blondeau.be\/fr\/#organization\"},\"potentialAction\":[{\"@type\":\"SearchAction\",\"target\":{\"@type\":\"EntryPoint\",\"urlTemplate\":\"https:\/\/blondeau.be\/fr\/?s={search_term_string}\"},\"query-input\":{\"@type\":\"PropertyValueSpecification\",\"valueRequired\":true,\"valueName\":\"search_term_string\"}}],\"inLanguage\":\"fr-FR\"},{\"@type\":\"Organization\",\"@id\":\"https:\/\/blondeau.be\/fr\/#organization\",\"name\":\"Blondeau\",\"url\":\"https:\/\/blondeau.be\/fr\/\",\"logo\":{\"@type\":\"ImageObject\",\"inLanguage\":\"fr-FR\",\"@id\":\"https:\/\/blondeau.be\/fr\/#\/schema\/logo\/image\/\",\"url\":\"https:\/\/blondeau.be\/wp-content\/uploads\/2025\/08\/Logo.jpg\",\"contentUrl\":\"https:\/\/blondeau.be\/wp-content\/uploads\/2025\/08\/Logo.jpg\",\"width\":600,\"height\":600,\"caption\":\"Blondeau\"},\"image\":{\"@id\":\"https:\/\/blondeau.be\/fr\/#\/schema\/logo\/image\/\"}}]}<\/script>\n<!-- \/ Yoast SEO plugin. -->","yoast_head_json":{"title":"Kromschr\u00f6der FCU 500-505 - Blondeau","robots":{"index":"index","follow":"follow","max-snippet":"max-snippet:-1","max-image-preview":"max-image-preview:large","max-video-preview":"max-video-preview:-1"},"canonical":"https:\/\/blondeau.be\/fr\/produit\/kromschroder-fcu-500-505\/","og_locale":"fr_FR","og_type":"article","og_title":"Kromschr\u00f6der FCU 500-505 - Blondeau","og_description":"Les FCU 500 et FCU 505 de Kromschr\u00f6der sont des syst\u00e8mes de protection des fours con\u00e7us pour surveiller et contr\u00f4ler les fonctions de s\u00e9curit\u00e9 centrales telles que gasmin, gasmax, airmin, pr\u00e9ventilation, contr\u00f4le de la densit\u00e9, fonctionnement \u00e0 haute temp\u00e9rature ou d\u00e9clenchement du d\u00e9marrage pour les unit\u00e9s de contr\u00f4le des br\u00fbleurs, dans les fours industriels \u00e0 [&hellip;]","og_url":"https:\/\/blondeau.be\/fr\/produit\/kromschroder-fcu-500-505\/","og_site_name":"Blondeau","article_modified_time":"2025-09-04T11:47:05+00:00","og_image":[{"width":586,"height":576,"url":"https:\/\/blondeau.be\/wp-content\/uploads\/2025\/03\/FCU.jpg","type":"image\/jpeg"}],"twitter_card":"summary_large_image","twitter_misc":{"Dur\u00e9e de lecture estim\u00e9e":"2 minutes"},"schema":{"@context":"https:\/\/schema.org","@graph":[{"@type":"WebPage","@id":"https:\/\/blondeau.be\/fr\/produit\/kromschroder-fcu-500-505\/","url":"https:\/\/blondeau.be\/fr\/produit\/kromschroder-fcu-500-505\/","name":"Kromschr\u00f6der FCU 500-505 - Blondeau","isPartOf":{"@id":"https:\/\/blondeau.be\/fr\/#website"},"primaryImageOfPage":{"@id":"https:\/\/blondeau.be\/fr\/produit\/kromschroder-fcu-500-505\/#primaryimage"},"image":{"@id":"https:\/\/blondeau.be\/fr\/produit\/kromschroder-fcu-500-505\/#primaryimage"},"thumbnailUrl":"https:\/\/blondeau.be\/wp-content\/uploads\/2025\/03\/FCU.jpg","datePublished":"2025-03-25T17:43:42+00:00","dateModified":"2025-09-04T11:47:05+00:00","breadcrumb":{"@id":"https:\/\/blondeau.be\/fr\/produit\/kromschroder-fcu-500-505\/#breadcrumb"},"inLanguage":"fr-FR","potentialAction":[{"@type":"ReadAction","target":["https:\/\/blondeau.be\/fr\/produit\/kromschroder-fcu-500-505\/"]}]},{"@type":"ImageObject","inLanguage":"fr-FR","@id":"https:\/\/blondeau.be\/fr\/produit\/kromschroder-fcu-500-505\/#primaryimage","url":"https:\/\/blondeau.be\/wp-content\/uploads\/2025\/03\/FCU.jpg","contentUrl":"https:\/\/blondeau.be\/wp-content\/uploads\/2025\/03\/FCU.jpg","width":586,"height":576},{"@type":"BreadcrumbList","@id":"https:\/\/blondeau.be\/fr\/produit\/kromschroder-fcu-500-505\/#breadcrumb","itemListElement":[{"@type":"ListItem","position":1,"name":"Home","item":"https:\/\/blondeau.be\/fr\/accueil\/"},{"@type":"ListItem","position":2,"name":"Catalogue des produits","item":"https:\/\/blondeau.be\/fr\/catalogue-des-produits\/"},{"@type":"ListItem","position":3,"name":"Kromschr\u00f6der FCU 500-505"}]},{"@type":"WebSite","@id":"https:\/\/blondeau.be\/fr\/#website","url":"https:\/\/blondeau.be\/fr\/","name":"Blondeau","description":"Industrial Heating","publisher":{"@id":"https:\/\/blondeau.be\/fr\/#organization"},"potentialAction":[{"@type":"SearchAction","target":{"@type":"EntryPoint","urlTemplate":"https:\/\/blondeau.be\/fr\/?s={search_term_string}"},"query-input":{"@type":"PropertyValueSpecification","valueRequired":true,"valueName":"search_term_string"}}],"inLanguage":"fr-FR"},{"@type":"Organization","@id":"https:\/\/blondeau.be\/fr\/#organization","name":"Blondeau","url":"https:\/\/blondeau.be\/fr\/","logo":{"@type":"ImageObject","inLanguage":"fr-FR","@id":"https:\/\/blondeau.be\/fr\/#\/schema\/logo\/image\/","url":"https:\/\/blondeau.be\/wp-content\/uploads\/2025\/08\/Logo.jpg","contentUrl":"https:\/\/blondeau.be\/wp-content\/uploads\/2025\/08\/Logo.jpg","width":600,"height":600,"caption":"Blondeau"},"image":{"@id":"https:\/\/blondeau.be\/fr\/#\/schema\/logo\/image\/"}}]}},"_links":{"self":[{"href":"https:\/\/blondeau.be\/fr\/wp-json\/wp\/v2\/product\/27852","targetHints":{"allow":["GET"]}}],"collection":[{"href":"https:\/\/blondeau.be\/fr\/wp-json\/wp\/v2\/product"}],"about":[{"href":"https:\/\/blondeau.be\/fr\/wp-json\/wp\/v2\/types\/product"}],"wp:featuredmedia":[{"embeddable":true,"href":"https:\/\/blondeau.be\/fr\/wp-json\/wp\/v2\/media\/27857"}],"wp:attachment":[{"href":"https:\/\/blondeau.be\/fr\/wp-json\/wp\/v2\/media?parent=27852"}],"wp:term":[{"taxonomy":"product_brand","embeddable":true,"href":"https:\/\/blondeau.be\/fr\/wp-json\/wp\/v2\/product_brand?post=27852"},{"taxonomy":"product_cat","embeddable":true,"href":"https:\/\/blondeau.be\/fr\/wp-json\/wp\/v2\/product_cat?post=27852"},{"taxonomy":"product_tag","embeddable":true,"href":"https:\/\/blondeau.be\/fr\/wp-json\/wp\/v2\/product_tag?post=27852"}],"curies":[{"name":"wp","href":"https:\/\/api.w.org\/{rel}","templated":true}]}}