{"id":27851,"date":"2025-03-24T18:01:12","date_gmt":"2025-03-24T16:01:12","guid":{"rendered":"https:\/\/blondeau.be\/product\/kromschroder-bcu-460-465\/"},"modified":"2025-09-04T11:51:23","modified_gmt":"2025-09-04T09:51:23","slug":"kromschroder-bcu-460-465","status":"publish","type":"product","link":"https:\/\/blondeau.be\/fr\/produit\/kromschroder-bcu-460-465\/","title":{"rendered":"Kromschr\u00f6der BCU 460-465"},"content":{"rendered":"<p class=\"\" data-start=\"0\" data-end=\"164\">Les <strong>BCU 460 <\/strong>et <strong>BCU 465 <\/strong>de Kromschr\u00f6der sont des syst\u00e8mes de contr\u00f4le de br\u00fbleur avanc\u00e9s qui int\u00e8grent des composants essentiels tels que le contr\u00f4le automatique du br\u00fbleur, le transformateur d&rsquo;allumage, les modes de fonctionnement manuel\/automatique et les indications d&rsquo;\u00e9tat dans un bo\u00eetier m\u00e9tallique compact. Cette solution int\u00e9gr\u00e9e \u00e9limine le besoin d&rsquo;une armoire de commande de br\u00fbleur locale s\u00e9par\u00e9e, ce qui simplifie l&rsquo;installation et la maintenance. Con\u00e7ues pour r\u00e9pondre aux exigences de diverses industries, notamment la m\u00e9tallurgie, la c\u00e9ramique, l&rsquo;agroalimentaire et l&rsquo;automobile, ces unit\u00e9s constituent une solution fiable et efficace de contr\u00f4le des br\u00fbleurs pour les applications complexes.  <\/p>\n<p data-start=\"0\" data-end=\"164\"><strong>Caract\u00e9ristiques et avantages :<\/strong><\/p>\n<ul>\n<li class=\"whitespace-normal break-words\">Convient aux br\u00fbleurs industriels \u00e0 allumage direct avec une puissance illimit\u00e9e en modes de fonctionnement intermittent et continu. Les br\u00fbleurs peuvent \u00eatre modulants ou contr\u00f4l\u00e9s par paliers. <\/li>\n<li class=\"whitespace-normal break-words\">Con\u00e7ue pour \u00eatre mont\u00e9e \u00e0 proximit\u00e9 directe du br\u00fbleur \u00e0 surveiller, elle simplifie l&rsquo;int\u00e9gration du syst\u00e8me et r\u00e9duit la charge du contr\u00f4leur central du four en prenant en charge les t\u00e2ches sp\u00e9cifiques au br\u00fbleur, telles que le red\u00e9marrage en toute s\u00e9curit\u00e9 apr\u00e8s une interruption du processus.<\/li>\n<li class=\"whitespace-normal break-words\">Surveillance du d\u00e9bit d&rsquo;air et de gaz disponible en option<\/li>\n<li class=\"whitespace-normal break-words\">Module de puissance interchangeable LM 400 pour la commutation de sorties telles que des entra\u00eenements et des vannes pour la commande de br\u00fbleurs<\/li>\n<li class=\"whitespace-normal break-words\">Tension d&rsquo;alimentation : 230 V-50\/60 Hz ou 120 V-50\/60 Hz<\/li>\n<li class=\"whitespace-normal break-words\">Fonctions de s\u00e9curit\u00e9 selon EN 746-2 et EN 676, avec classification SIL 3 (DIN EN 62061), \u00e9quivalent \u00e0 PL e (ISO EN 13849)<\/li>\n<li class=\"whitespace-normal break-words\">Carte \u00e0 puce int\u00e9gr\u00e9e pour le stockage de tous les param\u00e8tres valides. La carte \u00e0 puce est transf\u00e9rable d&rsquo;un appareil \u00e0 l&rsquo;autre pour faciliter le transfert des param\u00e8tres en cas de remplacement. Les param\u00e8tres peuvent \u00eatre r\u00e9gl\u00e9s et lus via le logiciel PC BCSoft avec interface optique.  <\/li>\n<li class=\"whitespace-normal break-words\">Prise en charge de la d\u00e9tection de flamme via des capteurs UV, des sondes d&rsquo;ionisation ou via la temp\u00e9rature ambiante du four.<\/li>\n<li class=\"whitespace-normal break-words\">Syst\u00e8me de d\u00e9tection des fuites et module de communication par bus PROFINET (BCM) disponibles en option<\/li>\n<\/ul>\n<p><strong>Documentation :<\/strong><\/p>\n","protected":false},"excerpt":{"rendered":"<p>Les BCU 460 et BCU 465 de Kromschr\u00f6der sont des syst\u00e8mes de contr\u00f4le de br\u00fbleur avanc\u00e9s qui int\u00e8grent des composants essentiels tels que le contr\u00f4le automatique du br\u00fbleur, le transformateur d&rsquo;allumage, les modes de fonctionnement manuel\/automatique et les indications d&rsquo;\u00e9tat dans un bo\u00eetier m\u00e9tallique compact. Cette solution int\u00e9gr\u00e9e \u00e9limine le besoin d&rsquo;une armoire de commande [&hellip;]<\/p>\n","protected":false},"featured_media":27856,"template":"","meta":{"_acf_changed":false},"product_brand":[],"product_cat":[340],"product_tag":[331],"class_list":{"0":"post-27851","1":"product","2":"type-product","3":"status-publish","4":"has-post-thumbnail","6":"product_cat-coffrets-de-commande-fr","7":"product_tag-coffrets-de-commande","9":"first","10":"instock","11":"taxable","12":"shipping-taxable","13":"product-type-simple"},"acf":[],"yoast_head":"<!-- This site is optimized with the Yoast SEO plugin v26.8 - https:\/\/yoast.com\/product\/yoast-seo-wordpress\/ -->\n<title>Kromschr\u00f6der BCU 460-465 - Blondeau<\/title>\n<meta name=\"robots\" content=\"index, follow, max-snippet:-1, max-image-preview:large, max-video-preview:-1\" \/>\n<link rel=\"canonical\" href=\"https:\/\/blondeau.be\/fr\/produit\/kromschroder-bcu-460-465\/\" \/>\n<meta property=\"og:locale\" content=\"fr_FR\" \/>\n<meta property=\"og:type\" content=\"article\" \/>\n<meta property=\"og:title\" content=\"Kromschr\u00f6der BCU 460-465 - Blondeau\" \/>\n<meta property=\"og:description\" content=\"Les BCU 460 et BCU 465 de Kromschr\u00f6der sont des syst\u00e8mes de contr\u00f4le de br\u00fbleur avanc\u00e9s qui int\u00e8grent des composants essentiels tels que le contr\u00f4le automatique du br\u00fbleur, le transformateur d&rsquo;allumage, les modes de fonctionnement manuel\/automatique et les indications d&rsquo;\u00e9tat dans un bo\u00eetier m\u00e9tallique compact. Cette solution int\u00e9gr\u00e9e \u00e9limine le besoin d&rsquo;une armoire de commande [&hellip;]\" \/>\n<meta property=\"og:url\" content=\"https:\/\/blondeau.be\/fr\/produit\/kromschroder-bcu-460-465\/\" \/>\n<meta property=\"og:site_name\" content=\"Blondeau\" \/>\n<meta property=\"article:modified_time\" content=\"2025-09-04T09:51:23+00:00\" \/>\n<meta property=\"og:image\" content=\"https:\/\/blondeau.be\/wp-content\/uploads\/2025\/03\/BCU-4-3.jpg\" \/>\n\t<meta property=\"og:image:width\" content=\"551\" \/>\n\t<meta property=\"og:image:height\" content=\"525\" \/>\n\t<meta property=\"og:image:type\" content=\"image\/jpeg\" \/>\n<meta name=\"twitter:card\" content=\"summary_large_image\" \/>\n<meta name=\"twitter:label1\" content=\"Dur\u00e9e de lecture estim\u00e9e\" \/>\n\t<meta name=\"twitter:data1\" content=\"2 minutes\" \/>\n<script type=\"application\/ld+json\" class=\"yoast-schema-graph\">{\"@context\":\"https:\/\/schema.org\",\"@graph\":[{\"@type\":\"WebPage\",\"@id\":\"https:\/\/blondeau.be\/fr\/produit\/kromschroder-bcu-460-465\/\",\"url\":\"https:\/\/blondeau.be\/fr\/produit\/kromschroder-bcu-460-465\/\",\"name\":\"Kromschr\u00f6der BCU 460-465 - Blondeau\",\"isPartOf\":{\"@id\":\"https:\/\/blondeau.be\/fr\/#website\"},\"primaryImageOfPage\":{\"@id\":\"https:\/\/blondeau.be\/fr\/produit\/kromschroder-bcu-460-465\/#primaryimage\"},\"image\":{\"@id\":\"https:\/\/blondeau.be\/fr\/produit\/kromschroder-bcu-460-465\/#primaryimage\"},\"thumbnailUrl\":\"https:\/\/blondeau.be\/wp-content\/uploads\/2025\/03\/BCU-4-3.jpg\",\"datePublished\":\"2025-03-24T16:01:12+00:00\",\"dateModified\":\"2025-09-04T09:51:23+00:00\",\"breadcrumb\":{\"@id\":\"https:\/\/blondeau.be\/fr\/produit\/kromschroder-bcu-460-465\/#breadcrumb\"},\"inLanguage\":\"fr-FR\",\"potentialAction\":[{\"@type\":\"ReadAction\",\"target\":[\"https:\/\/blondeau.be\/fr\/produit\/kromschroder-bcu-460-465\/\"]}]},{\"@type\":\"ImageObject\",\"inLanguage\":\"fr-FR\",\"@id\":\"https:\/\/blondeau.be\/fr\/produit\/kromschroder-bcu-460-465\/#primaryimage\",\"url\":\"https:\/\/blondeau.be\/wp-content\/uploads\/2025\/03\/BCU-4-3.jpg\",\"contentUrl\":\"https:\/\/blondeau.be\/wp-content\/uploads\/2025\/03\/BCU-4-3.jpg\",\"width\":551,\"height\":525},{\"@type\":\"BreadcrumbList\",\"@id\":\"https:\/\/blondeau.be\/fr\/produit\/kromschroder-bcu-460-465\/#breadcrumb\",\"itemListElement\":[{\"@type\":\"ListItem\",\"position\":1,\"name\":\"Home\",\"item\":\"https:\/\/blondeau.be\/fr\/accueil\/\"},{\"@type\":\"ListItem\",\"position\":2,\"name\":\"Catalogue des produits\",\"item\":\"https:\/\/blondeau.be\/fr\/catalogue-des-produits\/\"},{\"@type\":\"ListItem\",\"position\":3,\"name\":\"Kromschr\u00f6der BCU 460-465\"}]},{\"@type\":\"WebSite\",\"@id\":\"https:\/\/blondeau.be\/fr\/#website\",\"url\":\"https:\/\/blondeau.be\/fr\/\",\"name\":\"Blondeau\",\"description\":\"Industrial Heating\",\"publisher\":{\"@id\":\"https:\/\/blondeau.be\/fr\/#organization\"},\"potentialAction\":[{\"@type\":\"SearchAction\",\"target\":{\"@type\":\"EntryPoint\",\"urlTemplate\":\"https:\/\/blondeau.be\/fr\/?s={search_term_string}\"},\"query-input\":{\"@type\":\"PropertyValueSpecification\",\"valueRequired\":true,\"valueName\":\"search_term_string\"}}],\"inLanguage\":\"fr-FR\"},{\"@type\":\"Organization\",\"@id\":\"https:\/\/blondeau.be\/fr\/#organization\",\"name\":\"Blondeau\",\"url\":\"https:\/\/blondeau.be\/fr\/\",\"logo\":{\"@type\":\"ImageObject\",\"inLanguage\":\"fr-FR\",\"@id\":\"https:\/\/blondeau.be\/fr\/#\/schema\/logo\/image\/\",\"url\":\"https:\/\/blondeau.be\/wp-content\/uploads\/2025\/08\/Logo.jpg\",\"contentUrl\":\"https:\/\/blondeau.be\/wp-content\/uploads\/2025\/08\/Logo.jpg\",\"width\":600,\"height\":600,\"caption\":\"Blondeau\"},\"image\":{\"@id\":\"https:\/\/blondeau.be\/fr\/#\/schema\/logo\/image\/\"}}]}<\/script>\n<!-- \/ Yoast SEO plugin. -->","yoast_head_json":{"title":"Kromschr\u00f6der BCU 460-465 - Blondeau","robots":{"index":"index","follow":"follow","max-snippet":"max-snippet:-1","max-image-preview":"max-image-preview:large","max-video-preview":"max-video-preview:-1"},"canonical":"https:\/\/blondeau.be\/fr\/produit\/kromschroder-bcu-460-465\/","og_locale":"fr_FR","og_type":"article","og_title":"Kromschr\u00f6der BCU 460-465 - Blondeau","og_description":"Les BCU 460 et BCU 465 de Kromschr\u00f6der sont des syst\u00e8mes de contr\u00f4le de br\u00fbleur avanc\u00e9s qui int\u00e8grent des composants essentiels tels que le contr\u00f4le automatique du br\u00fbleur, le transformateur d&rsquo;allumage, les modes de fonctionnement manuel\/automatique et les indications d&rsquo;\u00e9tat dans un bo\u00eetier m\u00e9tallique compact. Cette solution int\u00e9gr\u00e9e \u00e9limine le besoin d&rsquo;une armoire de commande [&hellip;]","og_url":"https:\/\/blondeau.be\/fr\/produit\/kromschroder-bcu-460-465\/","og_site_name":"Blondeau","article_modified_time":"2025-09-04T09:51:23+00:00","og_image":[{"width":551,"height":525,"url":"https:\/\/blondeau.be\/wp-content\/uploads\/2025\/03\/BCU-4-3.jpg","type":"image\/jpeg"}],"twitter_card":"summary_large_image","twitter_misc":{"Dur\u00e9e de lecture estim\u00e9e":"2 minutes"},"schema":{"@context":"https:\/\/schema.org","@graph":[{"@type":"WebPage","@id":"https:\/\/blondeau.be\/fr\/produit\/kromschroder-bcu-460-465\/","url":"https:\/\/blondeau.be\/fr\/produit\/kromschroder-bcu-460-465\/","name":"Kromschr\u00f6der BCU 460-465 - Blondeau","isPartOf":{"@id":"https:\/\/blondeau.be\/fr\/#website"},"primaryImageOfPage":{"@id":"https:\/\/blondeau.be\/fr\/produit\/kromschroder-bcu-460-465\/#primaryimage"},"image":{"@id":"https:\/\/blondeau.be\/fr\/produit\/kromschroder-bcu-460-465\/#primaryimage"},"thumbnailUrl":"https:\/\/blondeau.be\/wp-content\/uploads\/2025\/03\/BCU-4-3.jpg","datePublished":"2025-03-24T16:01:12+00:00","dateModified":"2025-09-04T09:51:23+00:00","breadcrumb":{"@id":"https:\/\/blondeau.be\/fr\/produit\/kromschroder-bcu-460-465\/#breadcrumb"},"inLanguage":"fr-FR","potentialAction":[{"@type":"ReadAction","target":["https:\/\/blondeau.be\/fr\/produit\/kromschroder-bcu-460-465\/"]}]},{"@type":"ImageObject","inLanguage":"fr-FR","@id":"https:\/\/blondeau.be\/fr\/produit\/kromschroder-bcu-460-465\/#primaryimage","url":"https:\/\/blondeau.be\/wp-content\/uploads\/2025\/03\/BCU-4-3.jpg","contentUrl":"https:\/\/blondeau.be\/wp-content\/uploads\/2025\/03\/BCU-4-3.jpg","width":551,"height":525},{"@type":"BreadcrumbList","@id":"https:\/\/blondeau.be\/fr\/produit\/kromschroder-bcu-460-465\/#breadcrumb","itemListElement":[{"@type":"ListItem","position":1,"name":"Home","item":"https:\/\/blondeau.be\/fr\/accueil\/"},{"@type":"ListItem","position":2,"name":"Catalogue des produits","item":"https:\/\/blondeau.be\/fr\/catalogue-des-produits\/"},{"@type":"ListItem","position":3,"name":"Kromschr\u00f6der BCU 460-465"}]},{"@type":"WebSite","@id":"https:\/\/blondeau.be\/fr\/#website","url":"https:\/\/blondeau.be\/fr\/","name":"Blondeau","description":"Industrial Heating","publisher":{"@id":"https:\/\/blondeau.be\/fr\/#organization"},"potentialAction":[{"@type":"SearchAction","target":{"@type":"EntryPoint","urlTemplate":"https:\/\/blondeau.be\/fr\/?s={search_term_string}"},"query-input":{"@type":"PropertyValueSpecification","valueRequired":true,"valueName":"search_term_string"}}],"inLanguage":"fr-FR"},{"@type":"Organization","@id":"https:\/\/blondeau.be\/fr\/#organization","name":"Blondeau","url":"https:\/\/blondeau.be\/fr\/","logo":{"@type":"ImageObject","inLanguage":"fr-FR","@id":"https:\/\/blondeau.be\/fr\/#\/schema\/logo\/image\/","url":"https:\/\/blondeau.be\/wp-content\/uploads\/2025\/08\/Logo.jpg","contentUrl":"https:\/\/blondeau.be\/wp-content\/uploads\/2025\/08\/Logo.jpg","width":600,"height":600,"caption":"Blondeau"},"image":{"@id":"https:\/\/blondeau.be\/fr\/#\/schema\/logo\/image\/"}}]}},"_links":{"self":[{"href":"https:\/\/blondeau.be\/fr\/wp-json\/wp\/v2\/product\/27851","targetHints":{"allow":["GET"]}}],"collection":[{"href":"https:\/\/blondeau.be\/fr\/wp-json\/wp\/v2\/product"}],"about":[{"href":"https:\/\/blondeau.be\/fr\/wp-json\/wp\/v2\/types\/product"}],"wp:featuredmedia":[{"embeddable":true,"href":"https:\/\/blondeau.be\/fr\/wp-json\/wp\/v2\/media\/27856"}],"wp:attachment":[{"href":"https:\/\/blondeau.be\/fr\/wp-json\/wp\/v2\/media?parent=27851"}],"wp:term":[{"taxonomy":"product_brand","embeddable":true,"href":"https:\/\/blondeau.be\/fr\/wp-json\/wp\/v2\/product_brand?post=27851"},{"taxonomy":"product_cat","embeddable":true,"href":"https:\/\/blondeau.be\/fr\/wp-json\/wp\/v2\/product_cat?post=27851"},{"taxonomy":"product_tag","embeddable":true,"href":"https:\/\/blondeau.be\/fr\/wp-json\/wp\/v2\/product_tag?post=27851"}],"curies":[{"name":"wp","href":"https:\/\/api.w.org\/{rel}","templated":true}]}}