{"id":27838,"date":"2025-03-24T16:09:38","date_gmt":"2025-03-24T14:09:38","guid":{"rendered":"https:\/\/blondeau.be\/product\/kromschroder-bcu-580\/"},"modified":"2025-09-04T11:48:49","modified_gmt":"2025-09-04T09:48:49","slug":"kromschroder-bcu-580","status":"publish","type":"product","link":"https:\/\/blondeau.be\/fr\/produit\/kromschroder-bcu-580\/","title":{"rendered":"Kromschr\u00f6der BCU 580"},"content":{"rendered":"<p class=\"\" data-start=\"0\" data-end=\"164\"><span class=\"relative -mx-px my-[-0.2rem] rounded px-px py-[0.2rem]\">Le <strong>BCU 580<\/strong> de Kromschr\u00f6der est un contr\u00f4leur de br\u00fbleur adapt\u00e9 \u00e0 la surveillance et \u00e0 la commande de br\u00fbleurs modulants ou \u00e0 \u00e9tages pour des applications avec plusieurs br\u00fbleurs et une alimentation centrale en air, \u00e0 la fois en fonctionnement intermittent et continu (en combinaison avec le capteur UV UVS, seul le fonctionnement intermittent est possible).  <\/span><\/p>\n<p data-start=\"0\" data-end=\"164\"><strong>Caract\u00e9ristiques et avantages :<\/strong><\/p>\n<ul>\n<li data-start=\"0\" data-end=\"164\">Pour les br\u00fbleurs d&rsquo;allumage et les br\u00fbleurs principaux avec une puissance illimit\u00e9e en fonctionnement intermittent ou continu. L&rsquo;allumage et les br\u00fbleurs principaux peuvent \u00eatre surveill\u00e9s ind\u00e9pendamment l&rsquo;un de l&rsquo;autre. <\/li>\n<li data-start=\"0\" data-end=\"164\"><span class=\"relative -mx-px my-[-0.2rem] rounded px-px py-[0.2rem]\" style=\"font-size: 1rem;\">Contr\u00f4le de la flamme par capteur UV ou ionisation<\/span><\/li>\n<li data-start=\"0\" data-end=\"164\">Tension secteur : 230 V-50\/60 Hz ou 120 V-50\/60 Hz<\/li>\n<li data-start=\"0\" data-end=\"164\"><span class=\"relative -mx-px my-[-0.2rem] rounded px-px py-[0.2rem]\">Montage sur rail DIN dans l&rsquo;armoire de commande<\/span><\/li>\n<li data-start=\"0\" data-end=\"164\"><span class=\"relative -mx-px my-[-0.2rem] rounded px-px py-[0.2rem]\">Fonctions de s\u00e9curit\u00e9 conformes aux normes EN 746-2 et EN 676, et r\u00e9pondant aux normes SIL 3 (DIN EN 62061), correspondant \u00e0 PL e (ISO EN 13849)<\/span><\/li>\n<li data-start=\"0\" data-end=\"164\">Unit\u00e9 de contr\u00f4le externe (OCU) disponible en option pour un fonctionnement \u00e0 distance, ainsi qu&rsquo;un syst\u00e8me de test d&rsquo;\u00e9tanch\u00e9it\u00e9 ou un module de contr\u00f4le de l&rsquo;alimentation et de communication par bus (BCM)<\/li>\n<li data-start=\"0\" data-end=\"164\">Tous les param\u00e8tres valides sont stock\u00e9s sur une carte \u00e0 puce int\u00e9gr\u00e9e. La carte \u00e0 puce peut \u00eatre retir\u00e9e de l&rsquo;ancienne unit\u00e9 et ins\u00e9r\u00e9e dans une nouvelle BCU pour transf\u00e9rer les param\u00e8tres, par exemple lors du remplacement de l&rsquo;unit\u00e9. <\/li>\n<\/ul>\n<p><strong>Documentation :<\/strong><\/p>\n","protected":false},"excerpt":{"rendered":"<p>Le BCU 580 de Kromschr\u00f6der est un contr\u00f4leur de br\u00fbleur adapt\u00e9 \u00e0 la surveillance et \u00e0 la commande de br\u00fbleurs modulants ou \u00e0 \u00e9tages pour des applications avec plusieurs br\u00fbleurs et une alimentation centrale en air, \u00e0 la fois en fonctionnement intermittent et continu (en combinaison avec le capteur UV UVS, seul le fonctionnement intermittent [&hellip;]<\/p>\n","protected":false},"featured_media":28290,"template":"","meta":{"_acf_changed":false},"product_brand":[],"product_cat":[340],"product_tag":[331],"class_list":{"0":"post-27838","1":"product","2":"type-product","3":"status-publish","4":"has-post-thumbnail","6":"product_cat-coffrets-de-commande-fr","7":"product_tag-coffrets-de-commande","9":"first","10":"instock","11":"taxable","12":"shipping-taxable","13":"product-type-simple"},"acf":[],"yoast_head":"<!-- This site is optimized with the Yoast SEO plugin v26.8 - https:\/\/yoast.com\/product\/yoast-seo-wordpress\/ -->\n<title>Kromschr\u00f6der BCU 580 - Blondeau<\/title>\n<meta name=\"robots\" content=\"index, follow, max-snippet:-1, max-image-preview:large, max-video-preview:-1\" \/>\n<link rel=\"canonical\" href=\"https:\/\/blondeau.be\/fr\/produit\/kromschroder-bcu-580\/\" \/>\n<meta property=\"og:locale\" content=\"fr_FR\" \/>\n<meta property=\"og:type\" content=\"article\" \/>\n<meta property=\"og:title\" content=\"Kromschr\u00f6der BCU 580 - Blondeau\" \/>\n<meta property=\"og:description\" content=\"Le BCU 580 de Kromschr\u00f6der est un contr\u00f4leur de br\u00fbleur adapt\u00e9 \u00e0 la surveillance et \u00e0 la commande de br\u00fbleurs modulants ou \u00e0 \u00e9tages pour des applications avec plusieurs br\u00fbleurs et une alimentation centrale en air, \u00e0 la fois en fonctionnement intermittent et continu (en combinaison avec le capteur UV UVS, seul le fonctionnement intermittent [&hellip;]\" \/>\n<meta property=\"og:url\" content=\"https:\/\/blondeau.be\/fr\/produit\/kromschroder-bcu-580\/\" \/>\n<meta property=\"og:site_name\" content=\"Blondeau\" \/>\n<meta property=\"article:modified_time\" content=\"2025-09-04T09:48:49+00:00\" \/>\n<meta property=\"og:image\" content=\"https:\/\/blondeau.be\/wp-content\/uploads\/2025\/01\/pmt-hps-re-fcu-500.webp\" \/>\n\t<meta property=\"og:image:width\" content=\"586\" \/>\n\t<meta property=\"og:image:height\" content=\"576\" \/>\n\t<meta property=\"og:image:type\" content=\"image\/webp\" \/>\n<meta name=\"twitter:card\" content=\"summary_large_image\" \/>\n<meta name=\"twitter:label1\" content=\"Dur\u00e9e de lecture estim\u00e9e\" \/>\n\t<meta name=\"twitter:data1\" content=\"2 minutes\" \/>\n<script type=\"application\/ld+json\" class=\"yoast-schema-graph\">{\"@context\":\"https:\/\/schema.org\",\"@graph\":[{\"@type\":\"WebPage\",\"@id\":\"https:\/\/blondeau.be\/fr\/produit\/kromschroder-bcu-580\/\",\"url\":\"https:\/\/blondeau.be\/fr\/produit\/kromschroder-bcu-580\/\",\"name\":\"Kromschr\u00f6der BCU 580 - Blondeau\",\"isPartOf\":{\"@id\":\"https:\/\/blondeau.be\/fr\/#website\"},\"primaryImageOfPage\":{\"@id\":\"https:\/\/blondeau.be\/fr\/produit\/kromschroder-bcu-580\/#primaryimage\"},\"image\":{\"@id\":\"https:\/\/blondeau.be\/fr\/produit\/kromschroder-bcu-580\/#primaryimage\"},\"thumbnailUrl\":\"https:\/\/blondeau.be\/wp-content\/uploads\/2025\/01\/pmt-hps-re-fcu-500.webp\",\"datePublished\":\"2025-03-24T14:09:38+00:00\",\"dateModified\":\"2025-09-04T09:48:49+00:00\",\"breadcrumb\":{\"@id\":\"https:\/\/blondeau.be\/fr\/produit\/kromschroder-bcu-580\/#breadcrumb\"},\"inLanguage\":\"fr-FR\",\"potentialAction\":[{\"@type\":\"ReadAction\",\"target\":[\"https:\/\/blondeau.be\/fr\/produit\/kromschroder-bcu-580\/\"]}]},{\"@type\":\"ImageObject\",\"inLanguage\":\"fr-FR\",\"@id\":\"https:\/\/blondeau.be\/fr\/produit\/kromschroder-bcu-580\/#primaryimage\",\"url\":\"https:\/\/blondeau.be\/wp-content\/uploads\/2025\/01\/pmt-hps-re-fcu-500.webp\",\"contentUrl\":\"https:\/\/blondeau.be\/wp-content\/uploads\/2025\/01\/pmt-hps-re-fcu-500.webp\",\"width\":586,\"height\":576},{\"@type\":\"BreadcrumbList\",\"@id\":\"https:\/\/blondeau.be\/fr\/produit\/kromschroder-bcu-580\/#breadcrumb\",\"itemListElement\":[{\"@type\":\"ListItem\",\"position\":1,\"name\":\"Home\",\"item\":\"https:\/\/blondeau.be\/fr\/accueil\/\"},{\"@type\":\"ListItem\",\"position\":2,\"name\":\"Catalogue des produits\",\"item\":\"https:\/\/blondeau.be\/fr\/catalogue-des-produits\/\"},{\"@type\":\"ListItem\",\"position\":3,\"name\":\"Kromschr\u00f6der BCU 580\"}]},{\"@type\":\"WebSite\",\"@id\":\"https:\/\/blondeau.be\/fr\/#website\",\"url\":\"https:\/\/blondeau.be\/fr\/\",\"name\":\"Blondeau\",\"description\":\"Industrial Heating\",\"publisher\":{\"@id\":\"https:\/\/blondeau.be\/fr\/#organization\"},\"potentialAction\":[{\"@type\":\"SearchAction\",\"target\":{\"@type\":\"EntryPoint\",\"urlTemplate\":\"https:\/\/blondeau.be\/fr\/?s={search_term_string}\"},\"query-input\":{\"@type\":\"PropertyValueSpecification\",\"valueRequired\":true,\"valueName\":\"search_term_string\"}}],\"inLanguage\":\"fr-FR\"},{\"@type\":\"Organization\",\"@id\":\"https:\/\/blondeau.be\/fr\/#organization\",\"name\":\"Blondeau\",\"url\":\"https:\/\/blondeau.be\/fr\/\",\"logo\":{\"@type\":\"ImageObject\",\"inLanguage\":\"fr-FR\",\"@id\":\"https:\/\/blondeau.be\/fr\/#\/schema\/logo\/image\/\",\"url\":\"https:\/\/blondeau.be\/wp-content\/uploads\/2025\/08\/Logo.jpg\",\"contentUrl\":\"https:\/\/blondeau.be\/wp-content\/uploads\/2025\/08\/Logo.jpg\",\"width\":600,\"height\":600,\"caption\":\"Blondeau\"},\"image\":{\"@id\":\"https:\/\/blondeau.be\/fr\/#\/schema\/logo\/image\/\"}}]}<\/script>\n<!-- \/ Yoast SEO plugin. -->","yoast_head_json":{"title":"Kromschr\u00f6der BCU 580 - Blondeau","robots":{"index":"index","follow":"follow","max-snippet":"max-snippet:-1","max-image-preview":"max-image-preview:large","max-video-preview":"max-video-preview:-1"},"canonical":"https:\/\/blondeau.be\/fr\/produit\/kromschroder-bcu-580\/","og_locale":"fr_FR","og_type":"article","og_title":"Kromschr\u00f6der BCU 580 - Blondeau","og_description":"Le BCU 580 de Kromschr\u00f6der est un contr\u00f4leur de br\u00fbleur adapt\u00e9 \u00e0 la surveillance et \u00e0 la commande de br\u00fbleurs modulants ou \u00e0 \u00e9tages pour des applications avec plusieurs br\u00fbleurs et une alimentation centrale en air, \u00e0 la fois en fonctionnement intermittent et continu (en combinaison avec le capteur UV UVS, seul le fonctionnement intermittent [&hellip;]","og_url":"https:\/\/blondeau.be\/fr\/produit\/kromschroder-bcu-580\/","og_site_name":"Blondeau","article_modified_time":"2025-09-04T09:48:49+00:00","og_image":[{"width":586,"height":576,"url":"https:\/\/blondeau.be\/wp-content\/uploads\/2025\/01\/pmt-hps-re-fcu-500.webp","type":"image\/webp"}],"twitter_card":"summary_large_image","twitter_misc":{"Dur\u00e9e de lecture estim\u00e9e":"2 minutes"},"schema":{"@context":"https:\/\/schema.org","@graph":[{"@type":"WebPage","@id":"https:\/\/blondeau.be\/fr\/produit\/kromschroder-bcu-580\/","url":"https:\/\/blondeau.be\/fr\/produit\/kromschroder-bcu-580\/","name":"Kromschr\u00f6der BCU 580 - Blondeau","isPartOf":{"@id":"https:\/\/blondeau.be\/fr\/#website"},"primaryImageOfPage":{"@id":"https:\/\/blondeau.be\/fr\/produit\/kromschroder-bcu-580\/#primaryimage"},"image":{"@id":"https:\/\/blondeau.be\/fr\/produit\/kromschroder-bcu-580\/#primaryimage"},"thumbnailUrl":"https:\/\/blondeau.be\/wp-content\/uploads\/2025\/01\/pmt-hps-re-fcu-500.webp","datePublished":"2025-03-24T14:09:38+00:00","dateModified":"2025-09-04T09:48:49+00:00","breadcrumb":{"@id":"https:\/\/blondeau.be\/fr\/produit\/kromschroder-bcu-580\/#breadcrumb"},"inLanguage":"fr-FR","potentialAction":[{"@type":"ReadAction","target":["https:\/\/blondeau.be\/fr\/produit\/kromschroder-bcu-580\/"]}]},{"@type":"ImageObject","inLanguage":"fr-FR","@id":"https:\/\/blondeau.be\/fr\/produit\/kromschroder-bcu-580\/#primaryimage","url":"https:\/\/blondeau.be\/wp-content\/uploads\/2025\/01\/pmt-hps-re-fcu-500.webp","contentUrl":"https:\/\/blondeau.be\/wp-content\/uploads\/2025\/01\/pmt-hps-re-fcu-500.webp","width":586,"height":576},{"@type":"BreadcrumbList","@id":"https:\/\/blondeau.be\/fr\/produit\/kromschroder-bcu-580\/#breadcrumb","itemListElement":[{"@type":"ListItem","position":1,"name":"Home","item":"https:\/\/blondeau.be\/fr\/accueil\/"},{"@type":"ListItem","position":2,"name":"Catalogue des produits","item":"https:\/\/blondeau.be\/fr\/catalogue-des-produits\/"},{"@type":"ListItem","position":3,"name":"Kromschr\u00f6der BCU 580"}]},{"@type":"WebSite","@id":"https:\/\/blondeau.be\/fr\/#website","url":"https:\/\/blondeau.be\/fr\/","name":"Blondeau","description":"Industrial Heating","publisher":{"@id":"https:\/\/blondeau.be\/fr\/#organization"},"potentialAction":[{"@type":"SearchAction","target":{"@type":"EntryPoint","urlTemplate":"https:\/\/blondeau.be\/fr\/?s={search_term_string}"},"query-input":{"@type":"PropertyValueSpecification","valueRequired":true,"valueName":"search_term_string"}}],"inLanguage":"fr-FR"},{"@type":"Organization","@id":"https:\/\/blondeau.be\/fr\/#organization","name":"Blondeau","url":"https:\/\/blondeau.be\/fr\/","logo":{"@type":"ImageObject","inLanguage":"fr-FR","@id":"https:\/\/blondeau.be\/fr\/#\/schema\/logo\/image\/","url":"https:\/\/blondeau.be\/wp-content\/uploads\/2025\/08\/Logo.jpg","contentUrl":"https:\/\/blondeau.be\/wp-content\/uploads\/2025\/08\/Logo.jpg","width":600,"height":600,"caption":"Blondeau"},"image":{"@id":"https:\/\/blondeau.be\/fr\/#\/schema\/logo\/image\/"}}]}},"_links":{"self":[{"href":"https:\/\/blondeau.be\/fr\/wp-json\/wp\/v2\/product\/27838","targetHints":{"allow":["GET"]}}],"collection":[{"href":"https:\/\/blondeau.be\/fr\/wp-json\/wp\/v2\/product"}],"about":[{"href":"https:\/\/blondeau.be\/fr\/wp-json\/wp\/v2\/types\/product"}],"wp:featuredmedia":[{"embeddable":true,"href":"https:\/\/blondeau.be\/fr\/wp-json\/wp\/v2\/media\/28290"}],"wp:attachment":[{"href":"https:\/\/blondeau.be\/fr\/wp-json\/wp\/v2\/media?parent=27838"}],"wp:term":[{"taxonomy":"product_brand","embeddable":true,"href":"https:\/\/blondeau.be\/fr\/wp-json\/wp\/v2\/product_brand?post=27838"},{"taxonomy":"product_cat","embeddable":true,"href":"https:\/\/blondeau.be\/fr\/wp-json\/wp\/v2\/product_cat?post=27838"},{"taxonomy":"product_tag","embeddable":true,"href":"https:\/\/blondeau.be\/fr\/wp-json\/wp\/v2\/product_tag?post=27838"}],"curies":[{"name":"wp","href":"https:\/\/api.w.org\/{rel}","templated":true}]}}