{"id":27830,"date":"2025-03-18T18:35:28","date_gmt":"2025-03-18T16:35:28","guid":{"rendered":"https:\/\/blondeau.be\/product\/honeywell-slate\/"},"modified":"2025-09-02T12:24:35","modified_gmt":"2025-09-02T10:24:35","slug":"honeywell-slate","status":"publish","type":"product","link":"https:\/\/blondeau.be\/fr\/produit\/honeywell-slate\/","title":{"rendered":"Honeywell SLATE"},"content":{"rendered":"<p>Gr\u00e2ce \u00e0 l&rsquo;int\u00e9gration r\u00e9volutionnaire de la s\u00e9curit\u00e9 configurable et de la logique programmable, le <strong>syst\u00e8me de gestion de la combustion Honeywell SLATE<\/strong> peut \u00eatre facilement personnalis\u00e9 pour pratiquement n&rsquo;importe quelle application dans n&rsquo;importe quel secteur, en moins de temps et avec beaucoup moins de complexit\u00e9. Le sch\u00e9ma d&rsquo;E\/S universel vous permet de choisir comment utiliser chaque module, et l&rsquo;\u00e9cran tactile personnalisable ou le navigateur web PC (optimis\u00e9 pour Chrome) facilitent la modification de l&rsquo;exp\u00e9rience de l&rsquo;utilisateur final. Le contr\u00f4le de br\u00fbleurs, la production de vapeur, les fours et fournaux, les chaudi\u00e8res commerciales et industrielles, le chauffage de l&rsquo;air et les applications de chauffage de processus sont des domaines d&rsquo;application id\u00e9aux pour SLATE\u2122.  <\/p>\n<p><strong>Caract\u00e9ristiques et avantages :<\/strong><\/p>\n<ul>\n<li>Configurable pour n&rsquo;importe quelle application dans n&rsquo;importe quel secteur<\/li>\n<li>Sch\u00e9ma d&rsquo;E\/S universel<\/li>\n<li>Ecran tactile personnalisable<\/li>\n<\/ul>\n<p><strong>Documentation :<\/strong><\/p>\n","protected":false},"excerpt":{"rendered":"<p>Gr\u00e2ce \u00e0 l&rsquo;int\u00e9gration r\u00e9volutionnaire de la s\u00e9curit\u00e9 configurable et de la logique programmable, le syst\u00e8me de gestion de la combustion Honeywell SLATE peut \u00eatre facilement personnalis\u00e9 pour pratiquement n&rsquo;importe quelle application dans n&rsquo;importe quel secteur, en moins de temps et avec beaucoup moins de complexit\u00e9. Le sch\u00e9ma d&rsquo;E\/S universel vous permet de choisir comment utiliser [&hellip;]<\/p>\n","protected":false},"featured_media":28915,"template":"","meta":{"_acf_changed":false},"product_brand":[],"product_cat":[330],"product_tag":[331],"class_list":{"0":"post-27830","1":"product","2":"type-product","3":"status-publish","4":"has-post-thumbnail","6":"product_cat-commande-de-bruleurs","7":"product_tag-coffrets-de-commande","9":"first","10":"instock","11":"taxable","12":"shipping-taxable","13":"product-type-simple"},"acf":[],"yoast_head":"<!-- This site is optimized with the Yoast SEO plugin v26.8 - https:\/\/yoast.com\/product\/yoast-seo-wordpress\/ -->\n<title>Honeywell SLATE - Blondeau<\/title>\n<meta name=\"robots\" content=\"index, follow, max-snippet:-1, max-image-preview:large, max-video-preview:-1\" \/>\n<link rel=\"canonical\" href=\"https:\/\/blondeau.be\/fr\/produit\/honeywell-slate\/\" \/>\n<meta property=\"og:locale\" content=\"fr_FR\" \/>\n<meta property=\"og:type\" content=\"article\" \/>\n<meta property=\"og:title\" content=\"Honeywell SLATE - Blondeau\" \/>\n<meta property=\"og:description\" content=\"Gr\u00e2ce \u00e0 l&rsquo;int\u00e9gration r\u00e9volutionnaire de la s\u00e9curit\u00e9 configurable et de la logique programmable, le syst\u00e8me de gestion de la combustion Honeywell SLATE peut \u00eatre facilement personnalis\u00e9 pour pratiquement n&rsquo;importe quelle application dans n&rsquo;importe quel secteur, en moins de temps et avec beaucoup moins de complexit\u00e9. Le sch\u00e9ma d&rsquo;E\/S universel vous permet de choisir comment utiliser [&hellip;]\" \/>\n<meta property=\"og:url\" content=\"https:\/\/blondeau.be\/fr\/produit\/honeywell-slate\/\" \/>\n<meta property=\"og:site_name\" content=\"Blondeau\" \/>\n<meta property=\"article:modified_time\" content=\"2025-09-02T10:24:35+00:00\" \/>\n<meta property=\"og:image\" content=\"https:\/\/blondeau.be\/wp-content\/uploads\/2025\/03\/Hon-SLATE-1.jpg\" \/>\n\t<meta property=\"og:image:width\" content=\"660\" \/>\n\t<meta property=\"og:image:height\" content=\"312\" \/>\n\t<meta property=\"og:image:type\" content=\"image\/jpeg\" \/>\n<meta name=\"twitter:card\" content=\"summary_large_image\" \/>\n<meta name=\"twitter:label1\" content=\"Dur\u00e9e de lecture estim\u00e9e\" \/>\n\t<meta name=\"twitter:data1\" content=\"1 minute\" \/>\n<script type=\"application\/ld+json\" class=\"yoast-schema-graph\">{\"@context\":\"https:\/\/schema.org\",\"@graph\":[{\"@type\":\"WebPage\",\"@id\":\"https:\/\/blondeau.be\/fr\/produit\/honeywell-slate\/\",\"url\":\"https:\/\/blondeau.be\/fr\/produit\/honeywell-slate\/\",\"name\":\"Honeywell SLATE - Blondeau\",\"isPartOf\":{\"@id\":\"https:\/\/blondeau.be\/fr\/#website\"},\"primaryImageOfPage\":{\"@id\":\"https:\/\/blondeau.be\/fr\/produit\/honeywell-slate\/#primaryimage\"},\"image\":{\"@id\":\"https:\/\/blondeau.be\/fr\/produit\/honeywell-slate\/#primaryimage\"},\"thumbnailUrl\":\"https:\/\/blondeau.be\/wp-content\/uploads\/2025\/03\/Hon-SLATE-1.jpg\",\"datePublished\":\"2025-03-18T16:35:28+00:00\",\"dateModified\":\"2025-09-02T10:24:35+00:00\",\"breadcrumb\":{\"@id\":\"https:\/\/blondeau.be\/fr\/produit\/honeywell-slate\/#breadcrumb\"},\"inLanguage\":\"fr-FR\",\"potentialAction\":[{\"@type\":\"ReadAction\",\"target\":[\"https:\/\/blondeau.be\/fr\/produit\/honeywell-slate\/\"]}]},{\"@type\":\"ImageObject\",\"inLanguage\":\"fr-FR\",\"@id\":\"https:\/\/blondeau.be\/fr\/produit\/honeywell-slate\/#primaryimage\",\"url\":\"https:\/\/blondeau.be\/wp-content\/uploads\/2025\/03\/Hon-SLATE-1.jpg\",\"contentUrl\":\"https:\/\/blondeau.be\/wp-content\/uploads\/2025\/03\/Hon-SLATE-1.jpg\",\"width\":660,\"height\":312},{\"@type\":\"BreadcrumbList\",\"@id\":\"https:\/\/blondeau.be\/fr\/produit\/honeywell-slate\/#breadcrumb\",\"itemListElement\":[{\"@type\":\"ListItem\",\"position\":1,\"name\":\"Home\",\"item\":\"https:\/\/blondeau.be\/fr\/accueil\/\"},{\"@type\":\"ListItem\",\"position\":2,\"name\":\"Catalogue des produits\",\"item\":\"https:\/\/blondeau.be\/fr\/catalogue-des-produits\/\"},{\"@type\":\"ListItem\",\"position\":3,\"name\":\"Honeywell SLATE\"}]},{\"@type\":\"WebSite\",\"@id\":\"https:\/\/blondeau.be\/fr\/#website\",\"url\":\"https:\/\/blondeau.be\/fr\/\",\"name\":\"Blondeau\",\"description\":\"Industrial Heating\",\"publisher\":{\"@id\":\"https:\/\/blondeau.be\/fr\/#organization\"},\"potentialAction\":[{\"@type\":\"SearchAction\",\"target\":{\"@type\":\"EntryPoint\",\"urlTemplate\":\"https:\/\/blondeau.be\/fr\/?s={search_term_string}\"},\"query-input\":{\"@type\":\"PropertyValueSpecification\",\"valueRequired\":true,\"valueName\":\"search_term_string\"}}],\"inLanguage\":\"fr-FR\"},{\"@type\":\"Organization\",\"@id\":\"https:\/\/blondeau.be\/fr\/#organization\",\"name\":\"Blondeau\",\"url\":\"https:\/\/blondeau.be\/fr\/\",\"logo\":{\"@type\":\"ImageObject\",\"inLanguage\":\"fr-FR\",\"@id\":\"https:\/\/blondeau.be\/fr\/#\/schema\/logo\/image\/\",\"url\":\"https:\/\/blondeau.be\/wp-content\/uploads\/2025\/08\/Logo.jpg\",\"contentUrl\":\"https:\/\/blondeau.be\/wp-content\/uploads\/2025\/08\/Logo.jpg\",\"width\":600,\"height\":600,\"caption\":\"Blondeau\"},\"image\":{\"@id\":\"https:\/\/blondeau.be\/fr\/#\/schema\/logo\/image\/\"}}]}<\/script>\n<!-- \/ Yoast SEO plugin. -->","yoast_head_json":{"title":"Honeywell SLATE - Blondeau","robots":{"index":"index","follow":"follow","max-snippet":"max-snippet:-1","max-image-preview":"max-image-preview:large","max-video-preview":"max-video-preview:-1"},"canonical":"https:\/\/blondeau.be\/fr\/produit\/honeywell-slate\/","og_locale":"fr_FR","og_type":"article","og_title":"Honeywell SLATE - Blondeau","og_description":"Gr\u00e2ce \u00e0 l&rsquo;int\u00e9gration r\u00e9volutionnaire de la s\u00e9curit\u00e9 configurable et de la logique programmable, le syst\u00e8me de gestion de la combustion Honeywell SLATE peut \u00eatre facilement personnalis\u00e9 pour pratiquement n&rsquo;importe quelle application dans n&rsquo;importe quel secteur, en moins de temps et avec beaucoup moins de complexit\u00e9. Le sch\u00e9ma d&rsquo;E\/S universel vous permet de choisir comment utiliser [&hellip;]","og_url":"https:\/\/blondeau.be\/fr\/produit\/honeywell-slate\/","og_site_name":"Blondeau","article_modified_time":"2025-09-02T10:24:35+00:00","og_image":[{"width":660,"height":312,"url":"https:\/\/blondeau.be\/wp-content\/uploads\/2025\/03\/Hon-SLATE-1.jpg","type":"image\/jpeg"}],"twitter_card":"summary_large_image","twitter_misc":{"Dur\u00e9e de lecture estim\u00e9e":"1 minute"},"schema":{"@context":"https:\/\/schema.org","@graph":[{"@type":"WebPage","@id":"https:\/\/blondeau.be\/fr\/produit\/honeywell-slate\/","url":"https:\/\/blondeau.be\/fr\/produit\/honeywell-slate\/","name":"Honeywell SLATE - Blondeau","isPartOf":{"@id":"https:\/\/blondeau.be\/fr\/#website"},"primaryImageOfPage":{"@id":"https:\/\/blondeau.be\/fr\/produit\/honeywell-slate\/#primaryimage"},"image":{"@id":"https:\/\/blondeau.be\/fr\/produit\/honeywell-slate\/#primaryimage"},"thumbnailUrl":"https:\/\/blondeau.be\/wp-content\/uploads\/2025\/03\/Hon-SLATE-1.jpg","datePublished":"2025-03-18T16:35:28+00:00","dateModified":"2025-09-02T10:24:35+00:00","breadcrumb":{"@id":"https:\/\/blondeau.be\/fr\/produit\/honeywell-slate\/#breadcrumb"},"inLanguage":"fr-FR","potentialAction":[{"@type":"ReadAction","target":["https:\/\/blondeau.be\/fr\/produit\/honeywell-slate\/"]}]},{"@type":"ImageObject","inLanguage":"fr-FR","@id":"https:\/\/blondeau.be\/fr\/produit\/honeywell-slate\/#primaryimage","url":"https:\/\/blondeau.be\/wp-content\/uploads\/2025\/03\/Hon-SLATE-1.jpg","contentUrl":"https:\/\/blondeau.be\/wp-content\/uploads\/2025\/03\/Hon-SLATE-1.jpg","width":660,"height":312},{"@type":"BreadcrumbList","@id":"https:\/\/blondeau.be\/fr\/produit\/honeywell-slate\/#breadcrumb","itemListElement":[{"@type":"ListItem","position":1,"name":"Home","item":"https:\/\/blondeau.be\/fr\/accueil\/"},{"@type":"ListItem","position":2,"name":"Catalogue des produits","item":"https:\/\/blondeau.be\/fr\/catalogue-des-produits\/"},{"@type":"ListItem","position":3,"name":"Honeywell SLATE"}]},{"@type":"WebSite","@id":"https:\/\/blondeau.be\/fr\/#website","url":"https:\/\/blondeau.be\/fr\/","name":"Blondeau","description":"Industrial Heating","publisher":{"@id":"https:\/\/blondeau.be\/fr\/#organization"},"potentialAction":[{"@type":"SearchAction","target":{"@type":"EntryPoint","urlTemplate":"https:\/\/blondeau.be\/fr\/?s={search_term_string}"},"query-input":{"@type":"PropertyValueSpecification","valueRequired":true,"valueName":"search_term_string"}}],"inLanguage":"fr-FR"},{"@type":"Organization","@id":"https:\/\/blondeau.be\/fr\/#organization","name":"Blondeau","url":"https:\/\/blondeau.be\/fr\/","logo":{"@type":"ImageObject","inLanguage":"fr-FR","@id":"https:\/\/blondeau.be\/fr\/#\/schema\/logo\/image\/","url":"https:\/\/blondeau.be\/wp-content\/uploads\/2025\/08\/Logo.jpg","contentUrl":"https:\/\/blondeau.be\/wp-content\/uploads\/2025\/08\/Logo.jpg","width":600,"height":600,"caption":"Blondeau"},"image":{"@id":"https:\/\/blondeau.be\/fr\/#\/schema\/logo\/image\/"}}]}},"_links":{"self":[{"href":"https:\/\/blondeau.be\/fr\/wp-json\/wp\/v2\/product\/27830","targetHints":{"allow":["GET"]}}],"collection":[{"href":"https:\/\/blondeau.be\/fr\/wp-json\/wp\/v2\/product"}],"about":[{"href":"https:\/\/blondeau.be\/fr\/wp-json\/wp\/v2\/types\/product"}],"wp:featuredmedia":[{"embeddable":true,"href":"https:\/\/blondeau.be\/fr\/wp-json\/wp\/v2\/media\/28915"}],"wp:attachment":[{"href":"https:\/\/blondeau.be\/fr\/wp-json\/wp\/v2\/media?parent=27830"}],"wp:term":[{"taxonomy":"product_brand","embeddable":true,"href":"https:\/\/blondeau.be\/fr\/wp-json\/wp\/v2\/product_brand?post=27830"},{"taxonomy":"product_cat","embeddable":true,"href":"https:\/\/blondeau.be\/fr\/wp-json\/wp\/v2\/product_cat?post=27830"},{"taxonomy":"product_tag","embeddable":true,"href":"https:\/\/blondeau.be\/fr\/wp-json\/wp\/v2\/product_tag?post=27830"}],"curies":[{"name":"wp","href":"https:\/\/api.w.org\/{rel}","templated":true}]}}