{"id":27829,"date":"2025-03-21T13:09:42","date_gmt":"2025-03-21T11:09:42","guid":{"rendered":"https:\/\/blondeau.be\/product\/kromschroder-uvs\/"},"modified":"2025-09-04T14:09:43","modified_gmt":"2025-09-04T12:09:43","slug":"kromschroder-uvs","status":"publish","type":"product","link":"https:\/\/blondeau.be\/fr\/produit\/kromschroder-uvs\/","title":{"rendered":"Kromschr\u00f6der UVS"},"content":{"rendered":"<p>L&rsquo;<strong data-start=\"3\" data-end=\"10\">UVS<\/strong> de Kromschr\u00f6der est un dispositif de d\u00e9tection de flamme UV utilis\u00e9 pour une surveillance fiable de la flamme dans les br\u00fbleurs \u00e0 gaz et \u00e0 mazout en combinaison avec les automates de br\u00fbleur IFD, les relais de flamme FDU ou les contr\u00f4leurs de br\u00fbleur BCU de Kromschr\u00f6der. L&rsquo;appareil d\u00e9tecte le rayonnement UV d&rsquo;une flamme et assure un arr\u00eat rapide et s\u00fbr en cas de d\u00e9faillance de la flamme. <\/p>\n<p><strong>Caract\u00e9ristiques et avantages :<\/strong><\/p>\n<ul>\n<li data-start=\"644\" data-end=\"688\">Insensible aux interf\u00e9rences gr\u00e2ce \u00e0 l&rsquo;insensibilit\u00e9 \u00e0 la lumi\u00e8re du jour, au rayonnement infrarouge et aux lampes \u00e0 incandescence<\/li>\n<li data-start=\"644\" data-end=\"688\">Pour les br\u00fbleurs \u00e0 fonctionnement intermittent<\/li>\n<li data-start=\"644\" data-end=\"688\">Remplace l&rsquo;UVS 1 et l&rsquo;UVS 6<\/li>\n<li data-start=\"644\" data-end=\"688\">IP54 (UVS 5) ou IP65 (UVS 10)<\/li>\n<li data-start=\"644\" data-end=\"688\">Options possibles :\n<ul>\n<li data-start=\"644\" data-end=\"688\">Verre de quartz<\/li>\n<li data-start=\"644\" data-end=\"688\">Lentille \u00e0 quartz<\/li>\n<li data-start=\"644\" data-end=\"688\">Raccordement de l&rsquo;air de refroidissement<\/li>\n<\/ul>\n<\/li>\n<li data-start=\"644\" data-end=\"688\">Certifi\u00e9 par l&rsquo;UE<\/li>\n<\/ul>\n<p><strong>Documentation :<\/strong><\/p>\n","protected":false},"excerpt":{"rendered":"<p>L&rsquo;UVS de Kromschr\u00f6der est un dispositif de d\u00e9tection de flamme UV utilis\u00e9 pour une surveillance fiable de la flamme dans les br\u00fbleurs \u00e0 gaz et \u00e0 mazout en combinaison avec les automates de br\u00fbleur IFD, les relais de flamme FDU ou les contr\u00f4leurs de br\u00fbleur BCU de Kromschr\u00f6der. L&rsquo;appareil d\u00e9tecte le rayonnement UV d&rsquo;une flamme [&hellip;]<\/p>\n","protected":false},"featured_media":27832,"template":"","meta":{"_acf_changed":false},"product_brand":[],"product_cat":[358],"product_tag":[321],"class_list":{"0":"post-27829","1":"product","2":"type-product","3":"status-publish","4":"has-post-thumbnail","6":"product_cat-detection-de-flamme-fr","7":"product_tag-detection-de-flamme","9":"first","10":"instock","11":"taxable","12":"shipping-taxable","13":"product-type-simple"},"acf":[],"yoast_head":"<!-- This site is optimized with the Yoast SEO plugin v26.8 - https:\/\/yoast.com\/product\/yoast-seo-wordpress\/ -->\n<title>Kromschr\u00f6der UVS - Blondeau<\/title>\n<meta name=\"robots\" content=\"index, follow, max-snippet:-1, max-image-preview:large, max-video-preview:-1\" \/>\n<link rel=\"canonical\" href=\"https:\/\/blondeau.be\/fr\/produit\/kromschroder-uvs\/\" \/>\n<meta property=\"og:locale\" content=\"fr_FR\" \/>\n<meta property=\"og:type\" content=\"article\" \/>\n<meta property=\"og:title\" content=\"Kromschr\u00f6der UVS - Blondeau\" \/>\n<meta property=\"og:description\" content=\"L&rsquo;UVS de Kromschr\u00f6der est un dispositif de d\u00e9tection de flamme UV utilis\u00e9 pour une surveillance fiable de la flamme dans les br\u00fbleurs \u00e0 gaz et \u00e0 mazout en combinaison avec les automates de br\u00fbleur IFD, les relais de flamme FDU ou les contr\u00f4leurs de br\u00fbleur BCU de Kromschr\u00f6der. L&rsquo;appareil d\u00e9tecte le rayonnement UV d&rsquo;une flamme [&hellip;]\" \/>\n<meta property=\"og:url\" content=\"https:\/\/blondeau.be\/fr\/produit\/kromschroder-uvs\/\" \/>\n<meta property=\"og:site_name\" content=\"Blondeau\" \/>\n<meta property=\"article:modified_time\" content=\"2025-09-04T12:09:43+00:00\" \/>\n<meta property=\"og:image\" content=\"https:\/\/blondeau.be\/wp-content\/uploads\/2025\/03\/UVS-1.jpg\" \/>\n\t<meta property=\"og:image:width\" content=\"409\" \/>\n\t<meta property=\"og:image:height\" content=\"444\" \/>\n\t<meta property=\"og:image:type\" content=\"image\/jpeg\" \/>\n<meta name=\"twitter:card\" content=\"summary_large_image\" \/>\n<meta name=\"twitter:label1\" content=\"Dur\u00e9e de lecture estim\u00e9e\" \/>\n\t<meta name=\"twitter:data1\" content=\"1 minute\" \/>\n<script type=\"application\/ld+json\" class=\"yoast-schema-graph\">{\"@context\":\"https:\/\/schema.org\",\"@graph\":[{\"@type\":\"WebPage\",\"@id\":\"https:\/\/blondeau.be\/fr\/produit\/kromschroder-uvs\/\",\"url\":\"https:\/\/blondeau.be\/fr\/produit\/kromschroder-uvs\/\",\"name\":\"Kromschr\u00f6der UVS - Blondeau\",\"isPartOf\":{\"@id\":\"https:\/\/blondeau.be\/fr\/#website\"},\"primaryImageOfPage\":{\"@id\":\"https:\/\/blondeau.be\/fr\/produit\/kromschroder-uvs\/#primaryimage\"},\"image\":{\"@id\":\"https:\/\/blondeau.be\/fr\/produit\/kromschroder-uvs\/#primaryimage\"},\"thumbnailUrl\":\"https:\/\/blondeau.be\/wp-content\/uploads\/2025\/03\/UVS-1.jpg\",\"datePublished\":\"2025-03-21T11:09:42+00:00\",\"dateModified\":\"2025-09-04T12:09:43+00:00\",\"breadcrumb\":{\"@id\":\"https:\/\/blondeau.be\/fr\/produit\/kromschroder-uvs\/#breadcrumb\"},\"inLanguage\":\"fr-FR\",\"potentialAction\":[{\"@type\":\"ReadAction\",\"target\":[\"https:\/\/blondeau.be\/fr\/produit\/kromschroder-uvs\/\"]}]},{\"@type\":\"ImageObject\",\"inLanguage\":\"fr-FR\",\"@id\":\"https:\/\/blondeau.be\/fr\/produit\/kromschroder-uvs\/#primaryimage\",\"url\":\"https:\/\/blondeau.be\/wp-content\/uploads\/2025\/03\/UVS-1.jpg\",\"contentUrl\":\"https:\/\/blondeau.be\/wp-content\/uploads\/2025\/03\/UVS-1.jpg\",\"width\":409,\"height\":444},{\"@type\":\"BreadcrumbList\",\"@id\":\"https:\/\/blondeau.be\/fr\/produit\/kromschroder-uvs\/#breadcrumb\",\"itemListElement\":[{\"@type\":\"ListItem\",\"position\":1,\"name\":\"Home\",\"item\":\"https:\/\/blondeau.be\/fr\/accueil\/\"},{\"@type\":\"ListItem\",\"position\":2,\"name\":\"Catalogue des produits\",\"item\":\"https:\/\/blondeau.be\/fr\/catalogue-des-produits\/\"},{\"@type\":\"ListItem\",\"position\":3,\"name\":\"Kromschr\u00f6der UVS\"}]},{\"@type\":\"WebSite\",\"@id\":\"https:\/\/blondeau.be\/fr\/#website\",\"url\":\"https:\/\/blondeau.be\/fr\/\",\"name\":\"Blondeau\",\"description\":\"Industrial Heating\",\"publisher\":{\"@id\":\"https:\/\/blondeau.be\/fr\/#organization\"},\"potentialAction\":[{\"@type\":\"SearchAction\",\"target\":{\"@type\":\"EntryPoint\",\"urlTemplate\":\"https:\/\/blondeau.be\/fr\/?s={search_term_string}\"},\"query-input\":{\"@type\":\"PropertyValueSpecification\",\"valueRequired\":true,\"valueName\":\"search_term_string\"}}],\"inLanguage\":\"fr-FR\"},{\"@type\":\"Organization\",\"@id\":\"https:\/\/blondeau.be\/fr\/#organization\",\"name\":\"Blondeau\",\"url\":\"https:\/\/blondeau.be\/fr\/\",\"logo\":{\"@type\":\"ImageObject\",\"inLanguage\":\"fr-FR\",\"@id\":\"https:\/\/blondeau.be\/fr\/#\/schema\/logo\/image\/\",\"url\":\"https:\/\/blondeau.be\/wp-content\/uploads\/2025\/08\/Logo.jpg\",\"contentUrl\":\"https:\/\/blondeau.be\/wp-content\/uploads\/2025\/08\/Logo.jpg\",\"width\":600,\"height\":600,\"caption\":\"Blondeau\"},\"image\":{\"@id\":\"https:\/\/blondeau.be\/fr\/#\/schema\/logo\/image\/\"}}]}<\/script>\n<!-- \/ Yoast SEO plugin. -->","yoast_head_json":{"title":"Kromschr\u00f6der UVS - Blondeau","robots":{"index":"index","follow":"follow","max-snippet":"max-snippet:-1","max-image-preview":"max-image-preview:large","max-video-preview":"max-video-preview:-1"},"canonical":"https:\/\/blondeau.be\/fr\/produit\/kromschroder-uvs\/","og_locale":"fr_FR","og_type":"article","og_title":"Kromschr\u00f6der UVS - Blondeau","og_description":"L&rsquo;UVS de Kromschr\u00f6der est un dispositif de d\u00e9tection de flamme UV utilis\u00e9 pour une surveillance fiable de la flamme dans les br\u00fbleurs \u00e0 gaz et \u00e0 mazout en combinaison avec les automates de br\u00fbleur IFD, les relais de flamme FDU ou les contr\u00f4leurs de br\u00fbleur BCU de Kromschr\u00f6der. L&rsquo;appareil d\u00e9tecte le rayonnement UV d&rsquo;une flamme [&hellip;]","og_url":"https:\/\/blondeau.be\/fr\/produit\/kromschroder-uvs\/","og_site_name":"Blondeau","article_modified_time":"2025-09-04T12:09:43+00:00","og_image":[{"width":409,"height":444,"url":"https:\/\/blondeau.be\/wp-content\/uploads\/2025\/03\/UVS-1.jpg","type":"image\/jpeg"}],"twitter_card":"summary_large_image","twitter_misc":{"Dur\u00e9e de lecture estim\u00e9e":"1 minute"},"schema":{"@context":"https:\/\/schema.org","@graph":[{"@type":"WebPage","@id":"https:\/\/blondeau.be\/fr\/produit\/kromschroder-uvs\/","url":"https:\/\/blondeau.be\/fr\/produit\/kromschroder-uvs\/","name":"Kromschr\u00f6der UVS - Blondeau","isPartOf":{"@id":"https:\/\/blondeau.be\/fr\/#website"},"primaryImageOfPage":{"@id":"https:\/\/blondeau.be\/fr\/produit\/kromschroder-uvs\/#primaryimage"},"image":{"@id":"https:\/\/blondeau.be\/fr\/produit\/kromschroder-uvs\/#primaryimage"},"thumbnailUrl":"https:\/\/blondeau.be\/wp-content\/uploads\/2025\/03\/UVS-1.jpg","datePublished":"2025-03-21T11:09:42+00:00","dateModified":"2025-09-04T12:09:43+00:00","breadcrumb":{"@id":"https:\/\/blondeau.be\/fr\/produit\/kromschroder-uvs\/#breadcrumb"},"inLanguage":"fr-FR","potentialAction":[{"@type":"ReadAction","target":["https:\/\/blondeau.be\/fr\/produit\/kromschroder-uvs\/"]}]},{"@type":"ImageObject","inLanguage":"fr-FR","@id":"https:\/\/blondeau.be\/fr\/produit\/kromschroder-uvs\/#primaryimage","url":"https:\/\/blondeau.be\/wp-content\/uploads\/2025\/03\/UVS-1.jpg","contentUrl":"https:\/\/blondeau.be\/wp-content\/uploads\/2025\/03\/UVS-1.jpg","width":409,"height":444},{"@type":"BreadcrumbList","@id":"https:\/\/blondeau.be\/fr\/produit\/kromschroder-uvs\/#breadcrumb","itemListElement":[{"@type":"ListItem","position":1,"name":"Home","item":"https:\/\/blondeau.be\/fr\/accueil\/"},{"@type":"ListItem","position":2,"name":"Catalogue des produits","item":"https:\/\/blondeau.be\/fr\/catalogue-des-produits\/"},{"@type":"ListItem","position":3,"name":"Kromschr\u00f6der UVS"}]},{"@type":"WebSite","@id":"https:\/\/blondeau.be\/fr\/#website","url":"https:\/\/blondeau.be\/fr\/","name":"Blondeau","description":"Industrial Heating","publisher":{"@id":"https:\/\/blondeau.be\/fr\/#organization"},"potentialAction":[{"@type":"SearchAction","target":{"@type":"EntryPoint","urlTemplate":"https:\/\/blondeau.be\/fr\/?s={search_term_string}"},"query-input":{"@type":"PropertyValueSpecification","valueRequired":true,"valueName":"search_term_string"}}],"inLanguage":"fr-FR"},{"@type":"Organization","@id":"https:\/\/blondeau.be\/fr\/#organization","name":"Blondeau","url":"https:\/\/blondeau.be\/fr\/","logo":{"@type":"ImageObject","inLanguage":"fr-FR","@id":"https:\/\/blondeau.be\/fr\/#\/schema\/logo\/image\/","url":"https:\/\/blondeau.be\/wp-content\/uploads\/2025\/08\/Logo.jpg","contentUrl":"https:\/\/blondeau.be\/wp-content\/uploads\/2025\/08\/Logo.jpg","width":600,"height":600,"caption":"Blondeau"},"image":{"@id":"https:\/\/blondeau.be\/fr\/#\/schema\/logo\/image\/"}}]}},"_links":{"self":[{"href":"https:\/\/blondeau.be\/fr\/wp-json\/wp\/v2\/product\/27829","targetHints":{"allow":["GET"]}}],"collection":[{"href":"https:\/\/blondeau.be\/fr\/wp-json\/wp\/v2\/product"}],"about":[{"href":"https:\/\/blondeau.be\/fr\/wp-json\/wp\/v2\/types\/product"}],"wp:featuredmedia":[{"embeddable":true,"href":"https:\/\/blondeau.be\/fr\/wp-json\/wp\/v2\/media\/27832"}],"wp:attachment":[{"href":"https:\/\/blondeau.be\/fr\/wp-json\/wp\/v2\/media?parent=27829"}],"wp:term":[{"taxonomy":"product_brand","embeddable":true,"href":"https:\/\/blondeau.be\/fr\/wp-json\/wp\/v2\/product_brand?post=27829"},{"taxonomy":"product_cat","embeddable":true,"href":"https:\/\/blondeau.be\/fr\/wp-json\/wp\/v2\/product_cat?post=27829"},{"taxonomy":"product_tag","embeddable":true,"href":"https:\/\/blondeau.be\/fr\/wp-json\/wp\/v2\/product_tag?post=27829"}],"curies":[{"name":"wp","href":"https:\/\/api.w.org\/{rel}","templated":true}]}}