{"id":27825,"date":"2025-03-21T12:09:01","date_gmt":"2025-03-21T10:09:01","guid":{"rendered":"https:\/\/blondeau.be\/product\/kromschroder-cps\/"},"modified":"2025-09-02T12:28:24","modified_gmt":"2025-09-02T10:28:24","slug":"kromschroder-cps","status":"publish","type":"product","link":"https:\/\/blondeau.be\/fr\/produit\/kromschroder-cps\/","title":{"rendered":"Kromschr\u00f6der CPS"},"content":{"rendered":"<p data-start=\"0\" data-end=\"226\">Le CPS de Kromschr\u00f6der est un pressostat destin\u00e9 \u00e0 la surveillance de l&rsquo;air ou des gaz ininflammables dans les syst\u00e8mes de climatisation, de ventilation et d&rsquo;extraction, adapt\u00e9 \u00e0 la surpression, \u00e0 la d\u00e9pression et \u00e0 la pression diff\u00e9rentielle.<\/p>\n<p><\/p>\n<p data-start=\"0\" data-end=\"226\"><strong>Caract\u00e9ristiques et avantages :<\/strong><\/p>\n<p><\/p>\n<ul data-start=\"261\" data-end=\"827\">\n<li data-start=\"355\" data-end=\"389\">Plage de pression : 20 \u00e0 4000 Pa<\/li>\n<li data-start=\"390\" data-end=\"446\">Certifi\u00e9 CE, conforme \u00e0 la directive RoHS<\/li>\n<li data-start=\"447\" data-end=\"504\">Point de commutation r\u00e9glable par cadran<\/li>\n<\/ul>\n<p><strong>Documentation :<\/strong><\/p>\n","protected":false},"excerpt":{"rendered":"<p>Le CPS de Kromschr\u00f6der est un pressostat destin\u00e9 \u00e0 la surveillance de l&rsquo;air ou des gaz ininflammables dans les syst\u00e8mes de climatisation, de ventilation et d&rsquo;extraction, adapt\u00e9 \u00e0 la surpression, \u00e0 la d\u00e9pression et \u00e0 la pression diff\u00e9rentielle. Caract\u00e9ristiques et avantages : Plage de pression : 20 \u00e0 4000 Pa Certifi\u00e9 CE, conforme \u00e0 la [&hellip;]<\/p>\n","protected":false},"featured_media":27827,"template":"","meta":{"_acf_changed":false},"product_brand":[],"product_cat":[351],"product_tag":[352],"class_list":{"0":"post-27825","1":"product","2":"type-product","3":"status-publish","4":"has-post-thumbnail","6":"product_cat-pressostats","7":"product_tag-pressostats","9":"first","10":"instock","11":"taxable","12":"shipping-taxable","13":"product-type-simple"},"acf":[],"yoast_head":"<!-- This site is optimized with the Yoast SEO plugin v26.8 - https:\/\/yoast.com\/product\/yoast-seo-wordpress\/ -->\n<title>Kromschr\u00f6der CPS - Blondeau<\/title>\n<meta name=\"robots\" content=\"index, follow, max-snippet:-1, max-image-preview:large, max-video-preview:-1\" \/>\n<link rel=\"canonical\" href=\"https:\/\/blondeau.be\/fr\/produit\/kromschroder-cps\/\" \/>\n<meta property=\"og:locale\" content=\"fr_FR\" \/>\n<meta property=\"og:type\" content=\"article\" \/>\n<meta property=\"og:title\" content=\"Kromschr\u00f6der CPS - Blondeau\" \/>\n<meta property=\"og:description\" content=\"Le CPS de Kromschr\u00f6der est un pressostat destin\u00e9 \u00e0 la surveillance de l&rsquo;air ou des gaz ininflammables dans les syst\u00e8mes de climatisation, de ventilation et d&rsquo;extraction, adapt\u00e9 \u00e0 la surpression, \u00e0 la d\u00e9pression et \u00e0 la pression diff\u00e9rentielle. Caract\u00e9ristiques et avantages : Plage de pression : 20 \u00e0 4000 Pa Certifi\u00e9 CE, conforme \u00e0 la [&hellip;]\" \/>\n<meta property=\"og:url\" content=\"https:\/\/blondeau.be\/fr\/produit\/kromschroder-cps\/\" \/>\n<meta property=\"og:site_name\" content=\"Blondeau\" \/>\n<meta property=\"article:modified_time\" content=\"2025-09-02T10:28:24+00:00\" \/>\n<meta property=\"og:image\" content=\"https:\/\/blondeau.be\/wp-content\/uploads\/2025\/03\/CPS.jpg\" \/>\n\t<meta property=\"og:image:width\" content=\"558\" \/>\n\t<meta property=\"og:image:height\" content=\"576\" \/>\n\t<meta property=\"og:image:type\" content=\"image\/jpeg\" \/>\n<meta name=\"twitter:card\" content=\"summary_large_image\" \/>\n<meta name=\"twitter:label1\" content=\"Dur\u00e9e de lecture estim\u00e9e\" \/>\n\t<meta name=\"twitter:data1\" content=\"1 minute\" \/>\n<script type=\"application\/ld+json\" class=\"yoast-schema-graph\">{\"@context\":\"https:\/\/schema.org\",\"@graph\":[{\"@type\":\"WebPage\",\"@id\":\"https:\/\/blondeau.be\/fr\/produit\/kromschroder-cps\/\",\"url\":\"https:\/\/blondeau.be\/fr\/produit\/kromschroder-cps\/\",\"name\":\"Kromschr\u00f6der CPS - Blondeau\",\"isPartOf\":{\"@id\":\"https:\/\/blondeau.be\/fr\/#website\"},\"primaryImageOfPage\":{\"@id\":\"https:\/\/blondeau.be\/fr\/produit\/kromschroder-cps\/#primaryimage\"},\"image\":{\"@id\":\"https:\/\/blondeau.be\/fr\/produit\/kromschroder-cps\/#primaryimage\"},\"thumbnailUrl\":\"https:\/\/blondeau.be\/wp-content\/uploads\/2025\/03\/CPS.jpg\",\"datePublished\":\"2025-03-21T10:09:01+00:00\",\"dateModified\":\"2025-09-02T10:28:24+00:00\",\"breadcrumb\":{\"@id\":\"https:\/\/blondeau.be\/fr\/produit\/kromschroder-cps\/#breadcrumb\"},\"inLanguage\":\"fr-FR\",\"potentialAction\":[{\"@type\":\"ReadAction\",\"target\":[\"https:\/\/blondeau.be\/fr\/produit\/kromschroder-cps\/\"]}]},{\"@type\":\"ImageObject\",\"inLanguage\":\"fr-FR\",\"@id\":\"https:\/\/blondeau.be\/fr\/produit\/kromschroder-cps\/#primaryimage\",\"url\":\"https:\/\/blondeau.be\/wp-content\/uploads\/2025\/03\/CPS.jpg\",\"contentUrl\":\"https:\/\/blondeau.be\/wp-content\/uploads\/2025\/03\/CPS.jpg\",\"width\":558,\"height\":576},{\"@type\":\"BreadcrumbList\",\"@id\":\"https:\/\/blondeau.be\/fr\/produit\/kromschroder-cps\/#breadcrumb\",\"itemListElement\":[{\"@type\":\"ListItem\",\"position\":1,\"name\":\"Home\",\"item\":\"https:\/\/blondeau.be\/fr\/accueil\/\"},{\"@type\":\"ListItem\",\"position\":2,\"name\":\"Catalogue des produits\",\"item\":\"https:\/\/blondeau.be\/fr\/catalogue-des-produits\/\"},{\"@type\":\"ListItem\",\"position\":3,\"name\":\"Kromschr\u00f6der CPS\"}]},{\"@type\":\"WebSite\",\"@id\":\"https:\/\/blondeau.be\/fr\/#website\",\"url\":\"https:\/\/blondeau.be\/fr\/\",\"name\":\"Blondeau\",\"description\":\"Industrial Heating\",\"publisher\":{\"@id\":\"https:\/\/blondeau.be\/fr\/#organization\"},\"potentialAction\":[{\"@type\":\"SearchAction\",\"target\":{\"@type\":\"EntryPoint\",\"urlTemplate\":\"https:\/\/blondeau.be\/fr\/?s={search_term_string}\"},\"query-input\":{\"@type\":\"PropertyValueSpecification\",\"valueRequired\":true,\"valueName\":\"search_term_string\"}}],\"inLanguage\":\"fr-FR\"},{\"@type\":\"Organization\",\"@id\":\"https:\/\/blondeau.be\/fr\/#organization\",\"name\":\"Blondeau\",\"url\":\"https:\/\/blondeau.be\/fr\/\",\"logo\":{\"@type\":\"ImageObject\",\"inLanguage\":\"fr-FR\",\"@id\":\"https:\/\/blondeau.be\/fr\/#\/schema\/logo\/image\/\",\"url\":\"https:\/\/blondeau.be\/wp-content\/uploads\/2025\/08\/Logo.jpg\",\"contentUrl\":\"https:\/\/blondeau.be\/wp-content\/uploads\/2025\/08\/Logo.jpg\",\"width\":600,\"height\":600,\"caption\":\"Blondeau\"},\"image\":{\"@id\":\"https:\/\/blondeau.be\/fr\/#\/schema\/logo\/image\/\"}}]}<\/script>\n<!-- \/ Yoast SEO plugin. -->","yoast_head_json":{"title":"Kromschr\u00f6der CPS - Blondeau","robots":{"index":"index","follow":"follow","max-snippet":"max-snippet:-1","max-image-preview":"max-image-preview:large","max-video-preview":"max-video-preview:-1"},"canonical":"https:\/\/blondeau.be\/fr\/produit\/kromschroder-cps\/","og_locale":"fr_FR","og_type":"article","og_title":"Kromschr\u00f6der CPS - Blondeau","og_description":"Le CPS de Kromschr\u00f6der est un pressostat destin\u00e9 \u00e0 la surveillance de l&rsquo;air ou des gaz ininflammables dans les syst\u00e8mes de climatisation, de ventilation et d&rsquo;extraction, adapt\u00e9 \u00e0 la surpression, \u00e0 la d\u00e9pression et \u00e0 la pression diff\u00e9rentielle. Caract\u00e9ristiques et avantages : Plage de pression : 20 \u00e0 4000 Pa Certifi\u00e9 CE, conforme \u00e0 la [&hellip;]","og_url":"https:\/\/blondeau.be\/fr\/produit\/kromschroder-cps\/","og_site_name":"Blondeau","article_modified_time":"2025-09-02T10:28:24+00:00","og_image":[{"width":558,"height":576,"url":"https:\/\/blondeau.be\/wp-content\/uploads\/2025\/03\/CPS.jpg","type":"image\/jpeg"}],"twitter_card":"summary_large_image","twitter_misc":{"Dur\u00e9e de lecture estim\u00e9e":"1 minute"},"schema":{"@context":"https:\/\/schema.org","@graph":[{"@type":"WebPage","@id":"https:\/\/blondeau.be\/fr\/produit\/kromschroder-cps\/","url":"https:\/\/blondeau.be\/fr\/produit\/kromschroder-cps\/","name":"Kromschr\u00f6der CPS - Blondeau","isPartOf":{"@id":"https:\/\/blondeau.be\/fr\/#website"},"primaryImageOfPage":{"@id":"https:\/\/blondeau.be\/fr\/produit\/kromschroder-cps\/#primaryimage"},"image":{"@id":"https:\/\/blondeau.be\/fr\/produit\/kromschroder-cps\/#primaryimage"},"thumbnailUrl":"https:\/\/blondeau.be\/wp-content\/uploads\/2025\/03\/CPS.jpg","datePublished":"2025-03-21T10:09:01+00:00","dateModified":"2025-09-02T10:28:24+00:00","breadcrumb":{"@id":"https:\/\/blondeau.be\/fr\/produit\/kromschroder-cps\/#breadcrumb"},"inLanguage":"fr-FR","potentialAction":[{"@type":"ReadAction","target":["https:\/\/blondeau.be\/fr\/produit\/kromschroder-cps\/"]}]},{"@type":"ImageObject","inLanguage":"fr-FR","@id":"https:\/\/blondeau.be\/fr\/produit\/kromschroder-cps\/#primaryimage","url":"https:\/\/blondeau.be\/wp-content\/uploads\/2025\/03\/CPS.jpg","contentUrl":"https:\/\/blondeau.be\/wp-content\/uploads\/2025\/03\/CPS.jpg","width":558,"height":576},{"@type":"BreadcrumbList","@id":"https:\/\/blondeau.be\/fr\/produit\/kromschroder-cps\/#breadcrumb","itemListElement":[{"@type":"ListItem","position":1,"name":"Home","item":"https:\/\/blondeau.be\/fr\/accueil\/"},{"@type":"ListItem","position":2,"name":"Catalogue des produits","item":"https:\/\/blondeau.be\/fr\/catalogue-des-produits\/"},{"@type":"ListItem","position":3,"name":"Kromschr\u00f6der CPS"}]},{"@type":"WebSite","@id":"https:\/\/blondeau.be\/fr\/#website","url":"https:\/\/blondeau.be\/fr\/","name":"Blondeau","description":"Industrial Heating","publisher":{"@id":"https:\/\/blondeau.be\/fr\/#organization"},"potentialAction":[{"@type":"SearchAction","target":{"@type":"EntryPoint","urlTemplate":"https:\/\/blondeau.be\/fr\/?s={search_term_string}"},"query-input":{"@type":"PropertyValueSpecification","valueRequired":true,"valueName":"search_term_string"}}],"inLanguage":"fr-FR"},{"@type":"Organization","@id":"https:\/\/blondeau.be\/fr\/#organization","name":"Blondeau","url":"https:\/\/blondeau.be\/fr\/","logo":{"@type":"ImageObject","inLanguage":"fr-FR","@id":"https:\/\/blondeau.be\/fr\/#\/schema\/logo\/image\/","url":"https:\/\/blondeau.be\/wp-content\/uploads\/2025\/08\/Logo.jpg","contentUrl":"https:\/\/blondeau.be\/wp-content\/uploads\/2025\/08\/Logo.jpg","width":600,"height":600,"caption":"Blondeau"},"image":{"@id":"https:\/\/blondeau.be\/fr\/#\/schema\/logo\/image\/"}}]}},"_links":{"self":[{"href":"https:\/\/blondeau.be\/fr\/wp-json\/wp\/v2\/product\/27825","targetHints":{"allow":["GET"]}}],"collection":[{"href":"https:\/\/blondeau.be\/fr\/wp-json\/wp\/v2\/product"}],"about":[{"href":"https:\/\/blondeau.be\/fr\/wp-json\/wp\/v2\/types\/product"}],"wp:featuredmedia":[{"embeddable":true,"href":"https:\/\/blondeau.be\/fr\/wp-json\/wp\/v2\/media\/27827"}],"wp:attachment":[{"href":"https:\/\/blondeau.be\/fr\/wp-json\/wp\/v2\/media?parent=27825"}],"wp:term":[{"taxonomy":"product_brand","embeddable":true,"href":"https:\/\/blondeau.be\/fr\/wp-json\/wp\/v2\/product_brand?post=27825"},{"taxonomy":"product_cat","embeddable":true,"href":"https:\/\/blondeau.be\/fr\/wp-json\/wp\/v2\/product_cat?post=27825"},{"taxonomy":"product_tag","embeddable":true,"href":"https:\/\/blondeau.be\/fr\/wp-json\/wp\/v2\/product_tag?post=27825"}],"curies":[{"name":"wp","href":"https:\/\/api.w.org\/{rel}","templated":true}]}}