{"id":27822,"date":"2025-03-20T19:19:42","date_gmt":"2025-03-20T17:19:42","guid":{"rendered":"https:\/\/blondeau.be\/product\/honeywell-c7061\/"},"modified":"2025-06-25T12:08:24","modified_gmt":"2025-06-25T10:08:24","slug":"honeywell-c7061","status":"publish","type":"product","link":"https:\/\/blondeau.be\/fr\/produit\/honeywell-c7061\/","title":{"rendered":"Honeywell C7061"},"content":{"rendered":"<p>Les <strong>capteurs de flamme UV Honeywell C7061<\/strong> d\u00e9tectent le rayonnement ultraviolet \u00e9mis lors de la combustion de la plupart des combustibles contenant du carbone, tels que le gaz naturel, le gaz de p\u00e9trole liqu\u00e9fi\u00e9 et le p\u00e9trole. Elles sont utilis\u00e9es avec les <a href=\"https:\/\/blondeau.be\/fr\/catalogus\/honeywell-fr\/distributeurs-de-bruleurs\/\">syst\u00e8mes de contr\u00f4le des br\u00fbleurs Honeywell<\/a> pour la surveillance de la flamme <strong>en fonctionnement continu<\/strong> dans les applications de br\u00fbleurs industriels. <\/p>\n<p><strong>Caract\u00e9ristiques et avantages :<\/strong><br \/>\n<\/p>\n<ul>\n<li>Homologu\u00e9 pour une utilisation en fonctionnement continu par autosurveillance dynamique<\/li>\n<li>Peut \u00eatre mont\u00e9 horizontalement, verticalement ou \u00e0 n&rsquo;importe quel autre angle<\/li>\n<li>Temp\u00e9rature ambiante : -40\u00b0C \u00e0 +80\u00b0C<\/li>\n<li>Deux d\u00e9tecteurs de flamme peuvent \u00eatre connect\u00e9s en parall\u00e8le pour r\u00e9duire les arr\u00eats intempestifs dans les applications de d\u00e9tection de flamme difficiles.<\/li>\n<li>Les mod\u00e8les C7061F1 sont homologu\u00e9s ATEX pour une utilisation en zone dangereuse.<\/li>\n<li>Homologu\u00e9 CE conform\u00e9ment \u00e0 la norme EN298 (uniquement lorsqu&rsquo;il est utilis\u00e9 avec les amplificateurs de flamme et\/ou les r\u00e9gulateurs de br\u00fbleur Honeywell appropri\u00e9s).<\/li>\n<\/ul>\n<p><strong>Documentation :<\/strong><br \/><\/p>\n","protected":false},"excerpt":{"rendered":"<p>Les capteurs de flamme UV Honeywell C7061 d\u00e9tectent le rayonnement ultraviolet \u00e9mis lors de la combustion de la plupart des combustibles contenant du carbone, tels que le gaz naturel, le gaz de p\u00e9trole liqu\u00e9fi\u00e9 et le p\u00e9trole. Elles sont utilis\u00e9es avec les syst\u00e8mes de contr\u00f4le des br\u00fbleurs Honeywell pour la surveillance de la flamme en [&hellip;]<\/p>\n","protected":false},"featured_media":26971,"template":"","meta":{"_acf_changed":false},"product_brand":[],"product_cat":[319],"product_tag":[321],"class_list":{"0":"post-27822","1":"product","2":"type-product","3":"status-publish","4":"has-post-thumbnail","6":"product_cat-detection-de-flamme","7":"product_tag-detection-de-flamme","9":"first","10":"instock","11":"taxable","12":"shipping-taxable","13":"product-type-simple"},"acf":[],"yoast_head":"<!-- This site is optimized with the Yoast SEO plugin v26.8 - https:\/\/yoast.com\/product\/yoast-seo-wordpress\/ -->\n<title>Honeywell C7061 - Blondeau<\/title>\n<meta name=\"robots\" content=\"index, follow, max-snippet:-1, max-image-preview:large, max-video-preview:-1\" \/>\n<link rel=\"canonical\" href=\"https:\/\/blondeau.be\/fr\/produit\/honeywell-c7061\/\" \/>\n<meta property=\"og:locale\" content=\"fr_FR\" \/>\n<meta property=\"og:type\" content=\"article\" \/>\n<meta property=\"og:title\" content=\"Honeywell C7061 - Blondeau\" \/>\n<meta property=\"og:description\" content=\"Les capteurs de flamme UV Honeywell C7061 d\u00e9tectent le rayonnement ultraviolet \u00e9mis lors de la combustion de la plupart des combustibles contenant du carbone, tels que le gaz naturel, le gaz de p\u00e9trole liqu\u00e9fi\u00e9 et le p\u00e9trole. Elles sont utilis\u00e9es avec les syst\u00e8mes de contr\u00f4le des br\u00fbleurs Honeywell pour la surveillance de la flamme en [&hellip;]\" \/>\n<meta property=\"og:url\" content=\"https:\/\/blondeau.be\/fr\/produit\/honeywell-c7061\/\" \/>\n<meta property=\"og:site_name\" content=\"Blondeau\" \/>\n<meta property=\"article:modified_time\" content=\"2025-06-25T10:08:24+00:00\" \/>\n<meta property=\"og:image\" content=\"https:\/\/blondeau.be\/wp-content\/uploads\/2025\/03\/Hon-C7061-3-2.jpg\" \/>\n\t<meta property=\"og:image:width\" content=\"397\" \/>\n\t<meta property=\"og:image:height\" content=\"325\" \/>\n\t<meta property=\"og:image:type\" content=\"image\/jpeg\" \/>\n<meta name=\"twitter:card\" content=\"summary_large_image\" \/>\n<meta name=\"twitter:label1\" content=\"Dur\u00e9e de lecture estim\u00e9e\" \/>\n\t<meta name=\"twitter:data1\" content=\"1 minute\" \/>\n<script type=\"application\/ld+json\" class=\"yoast-schema-graph\">{\"@context\":\"https:\/\/schema.org\",\"@graph\":[{\"@type\":\"WebPage\",\"@id\":\"https:\/\/blondeau.be\/fr\/produit\/honeywell-c7061\/\",\"url\":\"https:\/\/blondeau.be\/fr\/produit\/honeywell-c7061\/\",\"name\":\"Honeywell C7061 - Blondeau\",\"isPartOf\":{\"@id\":\"https:\/\/blondeau.be\/fr\/#website\"},\"primaryImageOfPage\":{\"@id\":\"https:\/\/blondeau.be\/fr\/produit\/honeywell-c7061\/#primaryimage\"},\"image\":{\"@id\":\"https:\/\/blondeau.be\/fr\/produit\/honeywell-c7061\/#primaryimage\"},\"thumbnailUrl\":\"https:\/\/blondeau.be\/wp-content\/uploads\/2025\/03\/Hon-C7061-3-2.jpg\",\"datePublished\":\"2025-03-20T17:19:42+00:00\",\"dateModified\":\"2025-06-25T10:08:24+00:00\",\"breadcrumb\":{\"@id\":\"https:\/\/blondeau.be\/fr\/produit\/honeywell-c7061\/#breadcrumb\"},\"inLanguage\":\"fr-FR\",\"potentialAction\":[{\"@type\":\"ReadAction\",\"target\":[\"https:\/\/blondeau.be\/fr\/produit\/honeywell-c7061\/\"]}]},{\"@type\":\"ImageObject\",\"inLanguage\":\"fr-FR\",\"@id\":\"https:\/\/blondeau.be\/fr\/produit\/honeywell-c7061\/#primaryimage\",\"url\":\"https:\/\/blondeau.be\/wp-content\/uploads\/2025\/03\/Hon-C7061-3-2.jpg\",\"contentUrl\":\"https:\/\/blondeau.be\/wp-content\/uploads\/2025\/03\/Hon-C7061-3-2.jpg\",\"width\":397,\"height\":325},{\"@type\":\"BreadcrumbList\",\"@id\":\"https:\/\/blondeau.be\/fr\/produit\/honeywell-c7061\/#breadcrumb\",\"itemListElement\":[{\"@type\":\"ListItem\",\"position\":1,\"name\":\"Home\",\"item\":\"https:\/\/blondeau.be\/fr\/accueil\/\"},{\"@type\":\"ListItem\",\"position\":2,\"name\":\"Catalogue des produits\",\"item\":\"https:\/\/blondeau.be\/fr\/catalogue-des-produits\/\"},{\"@type\":\"ListItem\",\"position\":3,\"name\":\"Honeywell C7061\"}]},{\"@type\":\"WebSite\",\"@id\":\"https:\/\/blondeau.be\/fr\/#website\",\"url\":\"https:\/\/blondeau.be\/fr\/\",\"name\":\"Blondeau\",\"description\":\"Industrial Heating\",\"publisher\":{\"@id\":\"https:\/\/blondeau.be\/fr\/#organization\"},\"potentialAction\":[{\"@type\":\"SearchAction\",\"target\":{\"@type\":\"EntryPoint\",\"urlTemplate\":\"https:\/\/blondeau.be\/fr\/?s={search_term_string}\"},\"query-input\":{\"@type\":\"PropertyValueSpecification\",\"valueRequired\":true,\"valueName\":\"search_term_string\"}}],\"inLanguage\":\"fr-FR\"},{\"@type\":\"Organization\",\"@id\":\"https:\/\/blondeau.be\/fr\/#organization\",\"name\":\"Blondeau\",\"url\":\"https:\/\/blondeau.be\/fr\/\",\"logo\":{\"@type\":\"ImageObject\",\"inLanguage\":\"fr-FR\",\"@id\":\"https:\/\/blondeau.be\/fr\/#\/schema\/logo\/image\/\",\"url\":\"https:\/\/blondeau.be\/wp-content\/uploads\/2025\/08\/Logo.jpg\",\"contentUrl\":\"https:\/\/blondeau.be\/wp-content\/uploads\/2025\/08\/Logo.jpg\",\"width\":600,\"height\":600,\"caption\":\"Blondeau\"},\"image\":{\"@id\":\"https:\/\/blondeau.be\/fr\/#\/schema\/logo\/image\/\"}}]}<\/script>\n<!-- \/ Yoast SEO plugin. -->","yoast_head_json":{"title":"Honeywell C7061 - Blondeau","robots":{"index":"index","follow":"follow","max-snippet":"max-snippet:-1","max-image-preview":"max-image-preview:large","max-video-preview":"max-video-preview:-1"},"canonical":"https:\/\/blondeau.be\/fr\/produit\/honeywell-c7061\/","og_locale":"fr_FR","og_type":"article","og_title":"Honeywell C7061 - Blondeau","og_description":"Les capteurs de flamme UV Honeywell C7061 d\u00e9tectent le rayonnement ultraviolet \u00e9mis lors de la combustion de la plupart des combustibles contenant du carbone, tels que le gaz naturel, le gaz de p\u00e9trole liqu\u00e9fi\u00e9 et le p\u00e9trole. Elles sont utilis\u00e9es avec les syst\u00e8mes de contr\u00f4le des br\u00fbleurs Honeywell pour la surveillance de la flamme en [&hellip;]","og_url":"https:\/\/blondeau.be\/fr\/produit\/honeywell-c7061\/","og_site_name":"Blondeau","article_modified_time":"2025-06-25T10:08:24+00:00","og_image":[{"width":397,"height":325,"url":"https:\/\/blondeau.be\/wp-content\/uploads\/2025\/03\/Hon-C7061-3-2.jpg","type":"image\/jpeg"}],"twitter_card":"summary_large_image","twitter_misc":{"Dur\u00e9e de lecture estim\u00e9e":"1 minute"},"schema":{"@context":"https:\/\/schema.org","@graph":[{"@type":"WebPage","@id":"https:\/\/blondeau.be\/fr\/produit\/honeywell-c7061\/","url":"https:\/\/blondeau.be\/fr\/produit\/honeywell-c7061\/","name":"Honeywell C7061 - Blondeau","isPartOf":{"@id":"https:\/\/blondeau.be\/fr\/#website"},"primaryImageOfPage":{"@id":"https:\/\/blondeau.be\/fr\/produit\/honeywell-c7061\/#primaryimage"},"image":{"@id":"https:\/\/blondeau.be\/fr\/produit\/honeywell-c7061\/#primaryimage"},"thumbnailUrl":"https:\/\/blondeau.be\/wp-content\/uploads\/2025\/03\/Hon-C7061-3-2.jpg","datePublished":"2025-03-20T17:19:42+00:00","dateModified":"2025-06-25T10:08:24+00:00","breadcrumb":{"@id":"https:\/\/blondeau.be\/fr\/produit\/honeywell-c7061\/#breadcrumb"},"inLanguage":"fr-FR","potentialAction":[{"@type":"ReadAction","target":["https:\/\/blondeau.be\/fr\/produit\/honeywell-c7061\/"]}]},{"@type":"ImageObject","inLanguage":"fr-FR","@id":"https:\/\/blondeau.be\/fr\/produit\/honeywell-c7061\/#primaryimage","url":"https:\/\/blondeau.be\/wp-content\/uploads\/2025\/03\/Hon-C7061-3-2.jpg","contentUrl":"https:\/\/blondeau.be\/wp-content\/uploads\/2025\/03\/Hon-C7061-3-2.jpg","width":397,"height":325},{"@type":"BreadcrumbList","@id":"https:\/\/blondeau.be\/fr\/produit\/honeywell-c7061\/#breadcrumb","itemListElement":[{"@type":"ListItem","position":1,"name":"Home","item":"https:\/\/blondeau.be\/fr\/accueil\/"},{"@type":"ListItem","position":2,"name":"Catalogue des produits","item":"https:\/\/blondeau.be\/fr\/catalogue-des-produits\/"},{"@type":"ListItem","position":3,"name":"Honeywell C7061"}]},{"@type":"WebSite","@id":"https:\/\/blondeau.be\/fr\/#website","url":"https:\/\/blondeau.be\/fr\/","name":"Blondeau","description":"Industrial Heating","publisher":{"@id":"https:\/\/blondeau.be\/fr\/#organization"},"potentialAction":[{"@type":"SearchAction","target":{"@type":"EntryPoint","urlTemplate":"https:\/\/blondeau.be\/fr\/?s={search_term_string}"},"query-input":{"@type":"PropertyValueSpecification","valueRequired":true,"valueName":"search_term_string"}}],"inLanguage":"fr-FR"},{"@type":"Organization","@id":"https:\/\/blondeau.be\/fr\/#organization","name":"Blondeau","url":"https:\/\/blondeau.be\/fr\/","logo":{"@type":"ImageObject","inLanguage":"fr-FR","@id":"https:\/\/blondeau.be\/fr\/#\/schema\/logo\/image\/","url":"https:\/\/blondeau.be\/wp-content\/uploads\/2025\/08\/Logo.jpg","contentUrl":"https:\/\/blondeau.be\/wp-content\/uploads\/2025\/08\/Logo.jpg","width":600,"height":600,"caption":"Blondeau"},"image":{"@id":"https:\/\/blondeau.be\/fr\/#\/schema\/logo\/image\/"}}]}},"_links":{"self":[{"href":"https:\/\/blondeau.be\/fr\/wp-json\/wp\/v2\/product\/27822","targetHints":{"allow":["GET"]}}],"collection":[{"href":"https:\/\/blondeau.be\/fr\/wp-json\/wp\/v2\/product"}],"about":[{"href":"https:\/\/blondeau.be\/fr\/wp-json\/wp\/v2\/types\/product"}],"wp:featuredmedia":[{"embeddable":true,"href":"https:\/\/blondeau.be\/fr\/wp-json\/wp\/v2\/media\/26971"}],"wp:attachment":[{"href":"https:\/\/blondeau.be\/fr\/wp-json\/wp\/v2\/media?parent=27822"}],"wp:term":[{"taxonomy":"product_brand","embeddable":true,"href":"https:\/\/blondeau.be\/fr\/wp-json\/wp\/v2\/product_brand?post=27822"},{"taxonomy":"product_cat","embeddable":true,"href":"https:\/\/blondeau.be\/fr\/wp-json\/wp\/v2\/product_cat?post=27822"},{"taxonomy":"product_tag","embeddable":true,"href":"https:\/\/blondeau.be\/fr\/wp-json\/wp\/v2\/product_tag?post=27822"}],"curies":[{"name":"wp","href":"https:\/\/api.w.org\/{rel}","templated":true}]}}