{"id":27813,"date":"2025-02-18T18:31:02","date_gmt":"2025-02-18T16:31:02","guid":{"rendered":"https:\/\/blondeau.be\/product\/eclipse-heatpak\/"},"modified":"2025-07-23T18:04:50","modified_gmt":"2025-07-23T16:04:50","slug":"eclipse-heatpak","status":"publish","type":"product","link":"https:\/\/blondeau.be\/fr\/produit\/eclipse-heatpak\/","title":{"rendered":"Eclipse HeatPak"},"content":{"rendered":"<p>Les <strong>HeatPaks d&rsquo;Eclipse <\/strong>sont des syst\u00e8mes de br\u00fbleurs enti\u00e8rement pr\u00e9assembl\u00e9s et pr\u00e9c\u00e2bl\u00e9s, con\u00e7us \u00e0 partir des br\u00fbleurs \u00e0 air chaud robustes et fiables <a href=\"https:\/\/blondeau.be\/fr\/produit\/eclipse-ratioair\/\">RatioAir<\/a> et <a href=\"https:\/\/blondeau.be\/fr\/produit\/eclipse-ratiomatic\/\">RatioMatic<\/a>. \u00c9quip\u00e9s d\u2019un ventilateur d\u2019air de combustion int\u00e9gr\u00e9, d\u2019une ligne de gaz et d\u2019une armoire de commande automatique, les HeatPaks s\u2019installent rapidement et facilement dans vos applications de traitement thermique. <\/p>\n<ul>\n \t<\/p>\n<li>Le RatioAir Heatpak (RAHP) offre une plus large plage de r\u00e9gulation et une plus grande flexibilit\u00e9.<\/li>\n<li>Le RatioMatic Heatpak (RMHP) produit une flamme tr\u00e8s stable et uniforme et permet de r\u00e9duire les \u00e9missions, m\u00eame \u00e0 des temp\u00e9ratures de processus plus basses et \u00e0 des longueurs de flamme plus courtes.<\/li>\n<\/ul>\n<p>&nbsp;<br \/>\n<br \/>\n<strong>Caract\u00e9ristiques et avantages :<\/strong><\/p>\n<ul>\n \t<\/p>\n<li>Capacit\u00e9 de 100kw \u00e0 1 100kW<\/li>\n<li>Facile \u00e0 installer gr\u00e2ce \u00e0 une conception compacte et un pr\u00e9assemblage et pr\u00e9c\u00e2blage complets.<\/li>\n<li>Combustible : gaz naturel, propane, butane<\/li>\n<\/ul>\n<p><strong>Documentation :<\/strong><\/p>\n","protected":false},"excerpt":{"rendered":"<p>Les HeatPaks d&rsquo;Eclipse sont des syst\u00e8mes de br\u00fbleurs enti\u00e8rement pr\u00e9assembl\u00e9s et pr\u00e9c\u00e2bl\u00e9s, con\u00e7us \u00e0 partir des br\u00fbleurs \u00e0 air chaud robustes et fiables RatioAir et RatioMatic. \u00c9quip\u00e9s d\u2019un ventilateur d\u2019air de combustion int\u00e9gr\u00e9, d\u2019une ligne de gaz et d\u2019une armoire de commande automatique, les HeatPaks s\u2019installent rapidement et facilement dans vos applications de traitement thermique. [&hellip;]<\/p>\n","protected":false},"featured_media":27816,"template":"","meta":{"_acf_changed":false},"product_brand":[],"product_cat":[365],"product_tag":[366],"class_list":{"0":"post-27813","1":"product","2":"type-product","3":"status-publish","4":"has-post-thumbnail","6":"product_cat-bruleurs","7":"product_tag-bruleurs-melange","9":"first","10":"instock","11":"taxable","12":"shipping-taxable","13":"product-type-simple"},"acf":[],"yoast_head":"<!-- This site is optimized with the Yoast SEO plugin v26.8 - https:\/\/yoast.com\/product\/yoast-seo-wordpress\/ -->\n<title>Eclipse HeatPak - Blondeau<\/title>\n<meta name=\"robots\" content=\"index, follow, max-snippet:-1, max-image-preview:large, max-video-preview:-1\" \/>\n<link rel=\"canonical\" href=\"https:\/\/blondeau.be\/fr\/produit\/eclipse-heatpak\/\" \/>\n<meta property=\"og:locale\" content=\"fr_FR\" \/>\n<meta property=\"og:type\" content=\"article\" \/>\n<meta property=\"og:title\" content=\"Eclipse HeatPak - Blondeau\" \/>\n<meta property=\"og:description\" content=\"Les HeatPaks d&rsquo;Eclipse sont des syst\u00e8mes de br\u00fbleurs enti\u00e8rement pr\u00e9assembl\u00e9s et pr\u00e9c\u00e2bl\u00e9s, con\u00e7us \u00e0 partir des br\u00fbleurs \u00e0 air chaud robustes et fiables RatioAir et RatioMatic. \u00c9quip\u00e9s d\u2019un ventilateur d\u2019air de combustion int\u00e9gr\u00e9, d\u2019une ligne de gaz et d\u2019une armoire de commande automatique, les HeatPaks s\u2019installent rapidement et facilement dans vos applications de traitement thermique. [&hellip;]\" \/>\n<meta property=\"og:url\" content=\"https:\/\/blondeau.be\/fr\/produit\/eclipse-heatpak\/\" \/>\n<meta property=\"og:site_name\" content=\"Blondeau\" \/>\n<meta property=\"article:modified_time\" content=\"2025-07-23T16:04:50+00:00\" \/>\n<meta property=\"og:image\" content=\"https:\/\/blondeau.be\/wp-content\/uploads\/2025\/02\/HeatPak-1-1.jpg\" \/>\n\t<meta property=\"og:image:width\" content=\"498\" \/>\n\t<meta property=\"og:image:height\" content=\"428\" \/>\n\t<meta property=\"og:image:type\" content=\"image\/jpeg\" \/>\n<meta name=\"twitter:card\" content=\"summary_large_image\" \/>\n<meta name=\"twitter:label1\" content=\"Dur\u00e9e de lecture estim\u00e9e\" \/>\n\t<meta name=\"twitter:data1\" content=\"1 minute\" \/>\n<script type=\"application\/ld+json\" class=\"yoast-schema-graph\">{\"@context\":\"https:\/\/schema.org\",\"@graph\":[{\"@type\":\"WebPage\",\"@id\":\"https:\/\/blondeau.be\/fr\/produit\/eclipse-heatpak\/\",\"url\":\"https:\/\/blondeau.be\/fr\/produit\/eclipse-heatpak\/\",\"name\":\"Eclipse HeatPak - Blondeau\",\"isPartOf\":{\"@id\":\"https:\/\/blondeau.be\/fr\/#website\"},\"primaryImageOfPage\":{\"@id\":\"https:\/\/blondeau.be\/fr\/produit\/eclipse-heatpak\/#primaryimage\"},\"image\":{\"@id\":\"https:\/\/blondeau.be\/fr\/produit\/eclipse-heatpak\/#primaryimage\"},\"thumbnailUrl\":\"https:\/\/blondeau.be\/wp-content\/uploads\/2025\/02\/HeatPak-1-1.jpg\",\"datePublished\":\"2025-02-18T16:31:02+00:00\",\"dateModified\":\"2025-07-23T16:04:50+00:00\",\"breadcrumb\":{\"@id\":\"https:\/\/blondeau.be\/fr\/produit\/eclipse-heatpak\/#breadcrumb\"},\"inLanguage\":\"fr-FR\",\"potentialAction\":[{\"@type\":\"ReadAction\",\"target\":[\"https:\/\/blondeau.be\/fr\/produit\/eclipse-heatpak\/\"]}]},{\"@type\":\"ImageObject\",\"inLanguage\":\"fr-FR\",\"@id\":\"https:\/\/blondeau.be\/fr\/produit\/eclipse-heatpak\/#primaryimage\",\"url\":\"https:\/\/blondeau.be\/wp-content\/uploads\/2025\/02\/HeatPak-1-1.jpg\",\"contentUrl\":\"https:\/\/blondeau.be\/wp-content\/uploads\/2025\/02\/HeatPak-1-1.jpg\",\"width\":498,\"height\":428},{\"@type\":\"BreadcrumbList\",\"@id\":\"https:\/\/blondeau.be\/fr\/produit\/eclipse-heatpak\/#breadcrumb\",\"itemListElement\":[{\"@type\":\"ListItem\",\"position\":1,\"name\":\"Home\",\"item\":\"https:\/\/blondeau.be\/fr\/accueil\/\"},{\"@type\":\"ListItem\",\"position\":2,\"name\":\"Catalogue des produits\",\"item\":\"https:\/\/blondeau.be\/fr\/catalogue-des-produits\/\"},{\"@type\":\"ListItem\",\"position\":3,\"name\":\"Eclipse HeatPak\"}]},{\"@type\":\"WebSite\",\"@id\":\"https:\/\/blondeau.be\/fr\/#website\",\"url\":\"https:\/\/blondeau.be\/fr\/\",\"name\":\"Blondeau\",\"description\":\"Industrial Heating\",\"publisher\":{\"@id\":\"https:\/\/blondeau.be\/fr\/#organization\"},\"potentialAction\":[{\"@type\":\"SearchAction\",\"target\":{\"@type\":\"EntryPoint\",\"urlTemplate\":\"https:\/\/blondeau.be\/fr\/?s={search_term_string}\"},\"query-input\":{\"@type\":\"PropertyValueSpecification\",\"valueRequired\":true,\"valueName\":\"search_term_string\"}}],\"inLanguage\":\"fr-FR\"},{\"@type\":\"Organization\",\"@id\":\"https:\/\/blondeau.be\/fr\/#organization\",\"name\":\"Blondeau\",\"url\":\"https:\/\/blondeau.be\/fr\/\",\"logo\":{\"@type\":\"ImageObject\",\"inLanguage\":\"fr-FR\",\"@id\":\"https:\/\/blondeau.be\/fr\/#\/schema\/logo\/image\/\",\"url\":\"https:\/\/blondeau.be\/wp-content\/uploads\/2025\/08\/Logo.jpg\",\"contentUrl\":\"https:\/\/blondeau.be\/wp-content\/uploads\/2025\/08\/Logo.jpg\",\"width\":600,\"height\":600,\"caption\":\"Blondeau\"},\"image\":{\"@id\":\"https:\/\/blondeau.be\/fr\/#\/schema\/logo\/image\/\"}}]}<\/script>\n<!-- \/ Yoast SEO plugin. -->","yoast_head_json":{"title":"Eclipse HeatPak - Blondeau","robots":{"index":"index","follow":"follow","max-snippet":"max-snippet:-1","max-image-preview":"max-image-preview:large","max-video-preview":"max-video-preview:-1"},"canonical":"https:\/\/blondeau.be\/fr\/produit\/eclipse-heatpak\/","og_locale":"fr_FR","og_type":"article","og_title":"Eclipse HeatPak - Blondeau","og_description":"Les HeatPaks d&rsquo;Eclipse sont des syst\u00e8mes de br\u00fbleurs enti\u00e8rement pr\u00e9assembl\u00e9s et pr\u00e9c\u00e2bl\u00e9s, con\u00e7us \u00e0 partir des br\u00fbleurs \u00e0 air chaud robustes et fiables RatioAir et RatioMatic. \u00c9quip\u00e9s d\u2019un ventilateur d\u2019air de combustion int\u00e9gr\u00e9, d\u2019une ligne de gaz et d\u2019une armoire de commande automatique, les HeatPaks s\u2019installent rapidement et facilement dans vos applications de traitement thermique. [&hellip;]","og_url":"https:\/\/blondeau.be\/fr\/produit\/eclipse-heatpak\/","og_site_name":"Blondeau","article_modified_time":"2025-07-23T16:04:50+00:00","og_image":[{"width":498,"height":428,"url":"https:\/\/blondeau.be\/wp-content\/uploads\/2025\/02\/HeatPak-1-1.jpg","type":"image\/jpeg"}],"twitter_card":"summary_large_image","twitter_misc":{"Dur\u00e9e de lecture estim\u00e9e":"1 minute"},"schema":{"@context":"https:\/\/schema.org","@graph":[{"@type":"WebPage","@id":"https:\/\/blondeau.be\/fr\/produit\/eclipse-heatpak\/","url":"https:\/\/blondeau.be\/fr\/produit\/eclipse-heatpak\/","name":"Eclipse HeatPak - Blondeau","isPartOf":{"@id":"https:\/\/blondeau.be\/fr\/#website"},"primaryImageOfPage":{"@id":"https:\/\/blondeau.be\/fr\/produit\/eclipse-heatpak\/#primaryimage"},"image":{"@id":"https:\/\/blondeau.be\/fr\/produit\/eclipse-heatpak\/#primaryimage"},"thumbnailUrl":"https:\/\/blondeau.be\/wp-content\/uploads\/2025\/02\/HeatPak-1-1.jpg","datePublished":"2025-02-18T16:31:02+00:00","dateModified":"2025-07-23T16:04:50+00:00","breadcrumb":{"@id":"https:\/\/blondeau.be\/fr\/produit\/eclipse-heatpak\/#breadcrumb"},"inLanguage":"fr-FR","potentialAction":[{"@type":"ReadAction","target":["https:\/\/blondeau.be\/fr\/produit\/eclipse-heatpak\/"]}]},{"@type":"ImageObject","inLanguage":"fr-FR","@id":"https:\/\/blondeau.be\/fr\/produit\/eclipse-heatpak\/#primaryimage","url":"https:\/\/blondeau.be\/wp-content\/uploads\/2025\/02\/HeatPak-1-1.jpg","contentUrl":"https:\/\/blondeau.be\/wp-content\/uploads\/2025\/02\/HeatPak-1-1.jpg","width":498,"height":428},{"@type":"BreadcrumbList","@id":"https:\/\/blondeau.be\/fr\/produit\/eclipse-heatpak\/#breadcrumb","itemListElement":[{"@type":"ListItem","position":1,"name":"Home","item":"https:\/\/blondeau.be\/fr\/accueil\/"},{"@type":"ListItem","position":2,"name":"Catalogue des produits","item":"https:\/\/blondeau.be\/fr\/catalogue-des-produits\/"},{"@type":"ListItem","position":3,"name":"Eclipse HeatPak"}]},{"@type":"WebSite","@id":"https:\/\/blondeau.be\/fr\/#website","url":"https:\/\/blondeau.be\/fr\/","name":"Blondeau","description":"Industrial Heating","publisher":{"@id":"https:\/\/blondeau.be\/fr\/#organization"},"potentialAction":[{"@type":"SearchAction","target":{"@type":"EntryPoint","urlTemplate":"https:\/\/blondeau.be\/fr\/?s={search_term_string}"},"query-input":{"@type":"PropertyValueSpecification","valueRequired":true,"valueName":"search_term_string"}}],"inLanguage":"fr-FR"},{"@type":"Organization","@id":"https:\/\/blondeau.be\/fr\/#organization","name":"Blondeau","url":"https:\/\/blondeau.be\/fr\/","logo":{"@type":"ImageObject","inLanguage":"fr-FR","@id":"https:\/\/blondeau.be\/fr\/#\/schema\/logo\/image\/","url":"https:\/\/blondeau.be\/wp-content\/uploads\/2025\/08\/Logo.jpg","contentUrl":"https:\/\/blondeau.be\/wp-content\/uploads\/2025\/08\/Logo.jpg","width":600,"height":600,"caption":"Blondeau"},"image":{"@id":"https:\/\/blondeau.be\/fr\/#\/schema\/logo\/image\/"}}]}},"_links":{"self":[{"href":"https:\/\/blondeau.be\/fr\/wp-json\/wp\/v2\/product\/27813","targetHints":{"allow":["GET"]}}],"collection":[{"href":"https:\/\/blondeau.be\/fr\/wp-json\/wp\/v2\/product"}],"about":[{"href":"https:\/\/blondeau.be\/fr\/wp-json\/wp\/v2\/types\/product"}],"wp:featuredmedia":[{"embeddable":true,"href":"https:\/\/blondeau.be\/fr\/wp-json\/wp\/v2\/media\/27816"}],"wp:attachment":[{"href":"https:\/\/blondeau.be\/fr\/wp-json\/wp\/v2\/media?parent=27813"}],"wp:term":[{"taxonomy":"product_brand","embeddable":true,"href":"https:\/\/blondeau.be\/fr\/wp-json\/wp\/v2\/product_brand?post=27813"},{"taxonomy":"product_cat","embeddable":true,"href":"https:\/\/blondeau.be\/fr\/wp-json\/wp\/v2\/product_cat?post=27813"},{"taxonomy":"product_tag","embeddable":true,"href":"https:\/\/blondeau.be\/fr\/wp-json\/wp\/v2\/product_tag?post=27813"}],"curies":[{"name":"wp","href":"https:\/\/api.w.org\/{rel}","templated":true}]}}