{"id":27804,"date":"2025-02-21T19:14:38","date_gmt":"2025-02-21T17:14:38","guid":{"rendered":"https:\/\/blondeau.be\/product\/maxon-smartlink-smartfire\/"},"modified":"2025-06-27T12:34:06","modified_gmt":"2025-06-27T10:34:06","slug":"maxon-smartlink-smartfire","status":"publish","type":"product","link":"https:\/\/blondeau.be\/fr\/produit\/maxon-smartlink-smartfire\/","title":{"rendered":"Maxon Smartlink &amp; Smartfire"},"content":{"rendered":"<p data-start=\"65\" data-end=\"331\">Le <strong data-start=\"68\" data-end=\"81\">SMARTFIRE <\/strong>de Maxon est un syst\u00e8me de r\u00e9gulation avanc\u00e9 qui garantit un fonctionnement efficace et fiable des br\u00fbleurs industriels. Il assure un contr\u00f4le pr\u00e9cis du rapport air\/combustible et est compatible avec un large \u00e9ventail de types de combustibles. <\/p>\n<p data-start=\"333\" data-end=\"509\">Le module de communication <strong data-start=\"336\" data-end=\"349\">SMARTLINK <\/strong>permet des connexions sans fil entre le br\u00fbleur et les syst\u00e8mes externes, simplifiant la surveillance, la configuration et l\u2019int\u00e9gration.<\/p>\n<p data-start=\"511\" data-end=\"834\">Les deux syst\u00e8mes offrent des capacit\u00e9s avanc\u00e9es d\u2019analyse de donn\u00e9es et de surveillance en temps r\u00e9el, contribuant \u00e0 renforcer la s\u00e9curit\u00e9, \u00e0 am\u00e9liorer les performances et \u00e0 r\u00e9duire les co\u00fbts d\u2019exploitation. SMARTFIRE et SMARTLINK permettent aux entreprises d\u2019optimiser leur consommation d\u2019\u00e9nergie et de maximiser l\u2019efficacit\u00e9 de leurs syst\u00e8mes de combustion. <\/p>\n<p>&nbsp;<\/p>\n<ul>\n<li><a class=\"sample-product-description text-center d-block body1 pt-3\" href=\"https:\/\/process.honeywell.com\/us\/en\/products\/thermal-solutions\/fuel-and-air-delivery\/smartlink-smartfire\/smartlink-ds-intelligent-control-actuator-series\">S\u00e9rie d&rsquo;actionneurs de contr\u00f4le intelligents SMARTLINK\u00ae DS<\/a><\/li>\n<li><a class=\"sample-product-description text-center d-block body1 pt-3\" href=\"https:\/\/process.honeywell.com\/us\/en\/products\/thermal-solutions\/fuel-and-air-delivery\/smartlink-smartfire\/smartlink-mrv-electronic-ratio-valves\">SMARTLINK\u00ae MRV Valves de rapport \u00e9lectroniques<\/a><\/li>\n<li><a class=\"sample-product-description text-center d-block body1 pt-3\" href=\"https:\/\/process.honeywell.com\/us\/en\/products\/thermal-solutions\/fuel-and-air-delivery\/smartlink-smartfire\/smartlink-cv-electronic-valves\">Vannes \u00e9lectroniques SMARTLINK\u00ae CV<\/a><\/li>\n<li><a class=\"sample-product-description text-center d-block body1 pt-3\" href=\"https:\/\/process.honeywell.com\/us\/en\/products\/thermal-solutions\/fuel-and-air-delivery\/smartlink-smartfire\/smartlink-meter\">Compteur SMARTLINK<\/a><\/li>\n<li><a class=\"sample-product-description text-center d-block body1 pt-3\" href=\"https:\/\/process.honeywell.com\/us\/en\/products\/thermal-solutions\/fuel-and-air-delivery\/smartlink-smartfire\/smartfire-intelligent-combustion-control-system\">Syst\u00e8me intelligent de contr\u00f4le de la combustion SMARTFIRE\u00ae.<\/a><\/li>\n<\/ul>\n<p>&nbsp;<\/p>\n","protected":false},"excerpt":{"rendered":"<p>Le SMARTFIRE de Maxon est un syst\u00e8me de r\u00e9gulation avanc\u00e9 qui garantit un fonctionnement efficace et fiable des br\u00fbleurs industriels. Il assure un contr\u00f4le pr\u00e9cis du rapport air\/combustible et est compatible avec un large \u00e9ventail de types de combustibles. Le module de communication SMARTLINK permet des connexions sans fil entre le br\u00fbleur et les syst\u00e8mes [&hellip;]<\/p>\n","protected":false},"featured_media":27806,"template":"","meta":{"_acf_changed":false},"product_brand":[],"product_cat":[361],"product_tag":[362],"class_list":{"0":"post-27804","1":"product","2":"type-product","3":"status-publish","4":"has-post-thumbnail","6":"product_cat-vannes-de-controle","7":"product_tag-vannes-de-controle","9":"first","10":"instock","11":"taxable","12":"shipping-taxable","13":"product-type-simple"},"acf":[],"yoast_head":"<!-- This site is optimized with the Yoast SEO plugin v26.8 - https:\/\/yoast.com\/product\/yoast-seo-wordpress\/ -->\n<title>Maxon Smartlink &amp; Smartfire - Blondeau<\/title>\n<meta name=\"robots\" content=\"index, follow, max-snippet:-1, max-image-preview:large, max-video-preview:-1\" \/>\n<link rel=\"canonical\" href=\"https:\/\/blondeau.be\/fr\/produit\/maxon-smartlink-smartfire\/\" \/>\n<meta property=\"og:locale\" content=\"fr_FR\" \/>\n<meta property=\"og:type\" content=\"article\" \/>\n<meta property=\"og:title\" content=\"Maxon Smartlink &amp; Smartfire - Blondeau\" \/>\n<meta property=\"og:description\" content=\"Le SMARTFIRE de Maxon est un syst\u00e8me de r\u00e9gulation avanc\u00e9 qui garantit un fonctionnement efficace et fiable des br\u00fbleurs industriels. Il assure un contr\u00f4le pr\u00e9cis du rapport air\/combustible et est compatible avec un large \u00e9ventail de types de combustibles. Le module de communication SMARTLINK permet des connexions sans fil entre le br\u00fbleur et les syst\u00e8mes [&hellip;]\" \/>\n<meta property=\"og:url\" content=\"https:\/\/blondeau.be\/fr\/produit\/maxon-smartlink-smartfire\/\" \/>\n<meta property=\"og:site_name\" content=\"Blondeau\" \/>\n<meta property=\"article:modified_time\" content=\"2025-06-27T10:34:06+00:00\" \/>\n<meta property=\"og:image\" content=\"https:\/\/blondeau.be\/wp-content\/uploads\/2025\/02\/Smartlink.jpg\" \/>\n\t<meta property=\"og:image:width\" content=\"508\" \/>\n\t<meta property=\"og:image:height\" content=\"576\" \/>\n\t<meta property=\"og:image:type\" content=\"image\/jpeg\" \/>\n<meta name=\"twitter:card\" content=\"summary_large_image\" \/>\n<meta name=\"twitter:label1\" content=\"Dur\u00e9e de lecture estim\u00e9e\" \/>\n\t<meta name=\"twitter:data1\" content=\"1 minute\" \/>\n<script type=\"application\/ld+json\" class=\"yoast-schema-graph\">{\"@context\":\"https:\/\/schema.org\",\"@graph\":[{\"@type\":\"WebPage\",\"@id\":\"https:\/\/blondeau.be\/fr\/produit\/maxon-smartlink-smartfire\/\",\"url\":\"https:\/\/blondeau.be\/fr\/produit\/maxon-smartlink-smartfire\/\",\"name\":\"Maxon Smartlink &amp; Smartfire - Blondeau\",\"isPartOf\":{\"@id\":\"https:\/\/blondeau.be\/fr\/#website\"},\"primaryImageOfPage\":{\"@id\":\"https:\/\/blondeau.be\/fr\/produit\/maxon-smartlink-smartfire\/#primaryimage\"},\"image\":{\"@id\":\"https:\/\/blondeau.be\/fr\/produit\/maxon-smartlink-smartfire\/#primaryimage\"},\"thumbnailUrl\":\"https:\/\/blondeau.be\/wp-content\/uploads\/2025\/02\/Smartlink.jpg\",\"datePublished\":\"2025-02-21T17:14:38+00:00\",\"dateModified\":\"2025-06-27T10:34:06+00:00\",\"breadcrumb\":{\"@id\":\"https:\/\/blondeau.be\/fr\/produit\/maxon-smartlink-smartfire\/#breadcrumb\"},\"inLanguage\":\"fr-FR\",\"potentialAction\":[{\"@type\":\"ReadAction\",\"target\":[\"https:\/\/blondeau.be\/fr\/produit\/maxon-smartlink-smartfire\/\"]}]},{\"@type\":\"ImageObject\",\"inLanguage\":\"fr-FR\",\"@id\":\"https:\/\/blondeau.be\/fr\/produit\/maxon-smartlink-smartfire\/#primaryimage\",\"url\":\"https:\/\/blondeau.be\/wp-content\/uploads\/2025\/02\/Smartlink.jpg\",\"contentUrl\":\"https:\/\/blondeau.be\/wp-content\/uploads\/2025\/02\/Smartlink.jpg\",\"width\":508,\"height\":576},{\"@type\":\"BreadcrumbList\",\"@id\":\"https:\/\/blondeau.be\/fr\/produit\/maxon-smartlink-smartfire\/#breadcrumb\",\"itemListElement\":[{\"@type\":\"ListItem\",\"position\":1,\"name\":\"Home\",\"item\":\"https:\/\/blondeau.be\/fr\/accueil\/\"},{\"@type\":\"ListItem\",\"position\":2,\"name\":\"Catalogue des produits\",\"item\":\"https:\/\/blondeau.be\/fr\/catalogue-des-produits\/\"},{\"@type\":\"ListItem\",\"position\":3,\"name\":\"Maxon Smartlink &amp; Smartfire\"}]},{\"@type\":\"WebSite\",\"@id\":\"https:\/\/blondeau.be\/fr\/#website\",\"url\":\"https:\/\/blondeau.be\/fr\/\",\"name\":\"Blondeau\",\"description\":\"Industrial Heating\",\"publisher\":{\"@id\":\"https:\/\/blondeau.be\/fr\/#organization\"},\"potentialAction\":[{\"@type\":\"SearchAction\",\"target\":{\"@type\":\"EntryPoint\",\"urlTemplate\":\"https:\/\/blondeau.be\/fr\/?s={search_term_string}\"},\"query-input\":{\"@type\":\"PropertyValueSpecification\",\"valueRequired\":true,\"valueName\":\"search_term_string\"}}],\"inLanguage\":\"fr-FR\"},{\"@type\":\"Organization\",\"@id\":\"https:\/\/blondeau.be\/fr\/#organization\",\"name\":\"Blondeau\",\"url\":\"https:\/\/blondeau.be\/fr\/\",\"logo\":{\"@type\":\"ImageObject\",\"inLanguage\":\"fr-FR\",\"@id\":\"https:\/\/blondeau.be\/fr\/#\/schema\/logo\/image\/\",\"url\":\"https:\/\/blondeau.be\/wp-content\/uploads\/2025\/08\/Logo.jpg\",\"contentUrl\":\"https:\/\/blondeau.be\/wp-content\/uploads\/2025\/08\/Logo.jpg\",\"width\":600,\"height\":600,\"caption\":\"Blondeau\"},\"image\":{\"@id\":\"https:\/\/blondeau.be\/fr\/#\/schema\/logo\/image\/\"}}]}<\/script>\n<!-- \/ Yoast SEO plugin. -->","yoast_head_json":{"title":"Maxon Smartlink &amp; Smartfire - Blondeau","robots":{"index":"index","follow":"follow","max-snippet":"max-snippet:-1","max-image-preview":"max-image-preview:large","max-video-preview":"max-video-preview:-1"},"canonical":"https:\/\/blondeau.be\/fr\/produit\/maxon-smartlink-smartfire\/","og_locale":"fr_FR","og_type":"article","og_title":"Maxon Smartlink &amp; Smartfire - Blondeau","og_description":"Le SMARTFIRE de Maxon est un syst\u00e8me de r\u00e9gulation avanc\u00e9 qui garantit un fonctionnement efficace et fiable des br\u00fbleurs industriels. Il assure un contr\u00f4le pr\u00e9cis du rapport air\/combustible et est compatible avec un large \u00e9ventail de types de combustibles. Le module de communication SMARTLINK permet des connexions sans fil entre le br\u00fbleur et les syst\u00e8mes [&hellip;]","og_url":"https:\/\/blondeau.be\/fr\/produit\/maxon-smartlink-smartfire\/","og_site_name":"Blondeau","article_modified_time":"2025-06-27T10:34:06+00:00","og_image":[{"width":508,"height":576,"url":"https:\/\/blondeau.be\/wp-content\/uploads\/2025\/02\/Smartlink.jpg","type":"image\/jpeg"}],"twitter_card":"summary_large_image","twitter_misc":{"Dur\u00e9e de lecture estim\u00e9e":"1 minute"},"schema":{"@context":"https:\/\/schema.org","@graph":[{"@type":"WebPage","@id":"https:\/\/blondeau.be\/fr\/produit\/maxon-smartlink-smartfire\/","url":"https:\/\/blondeau.be\/fr\/produit\/maxon-smartlink-smartfire\/","name":"Maxon Smartlink &amp; Smartfire - Blondeau","isPartOf":{"@id":"https:\/\/blondeau.be\/fr\/#website"},"primaryImageOfPage":{"@id":"https:\/\/blondeau.be\/fr\/produit\/maxon-smartlink-smartfire\/#primaryimage"},"image":{"@id":"https:\/\/blondeau.be\/fr\/produit\/maxon-smartlink-smartfire\/#primaryimage"},"thumbnailUrl":"https:\/\/blondeau.be\/wp-content\/uploads\/2025\/02\/Smartlink.jpg","datePublished":"2025-02-21T17:14:38+00:00","dateModified":"2025-06-27T10:34:06+00:00","breadcrumb":{"@id":"https:\/\/blondeau.be\/fr\/produit\/maxon-smartlink-smartfire\/#breadcrumb"},"inLanguage":"fr-FR","potentialAction":[{"@type":"ReadAction","target":["https:\/\/blondeau.be\/fr\/produit\/maxon-smartlink-smartfire\/"]}]},{"@type":"ImageObject","inLanguage":"fr-FR","@id":"https:\/\/blondeau.be\/fr\/produit\/maxon-smartlink-smartfire\/#primaryimage","url":"https:\/\/blondeau.be\/wp-content\/uploads\/2025\/02\/Smartlink.jpg","contentUrl":"https:\/\/blondeau.be\/wp-content\/uploads\/2025\/02\/Smartlink.jpg","width":508,"height":576},{"@type":"BreadcrumbList","@id":"https:\/\/blondeau.be\/fr\/produit\/maxon-smartlink-smartfire\/#breadcrumb","itemListElement":[{"@type":"ListItem","position":1,"name":"Home","item":"https:\/\/blondeau.be\/fr\/accueil\/"},{"@type":"ListItem","position":2,"name":"Catalogue des produits","item":"https:\/\/blondeau.be\/fr\/catalogue-des-produits\/"},{"@type":"ListItem","position":3,"name":"Maxon Smartlink &amp; Smartfire"}]},{"@type":"WebSite","@id":"https:\/\/blondeau.be\/fr\/#website","url":"https:\/\/blondeau.be\/fr\/","name":"Blondeau","description":"Industrial Heating","publisher":{"@id":"https:\/\/blondeau.be\/fr\/#organization"},"potentialAction":[{"@type":"SearchAction","target":{"@type":"EntryPoint","urlTemplate":"https:\/\/blondeau.be\/fr\/?s={search_term_string}"},"query-input":{"@type":"PropertyValueSpecification","valueRequired":true,"valueName":"search_term_string"}}],"inLanguage":"fr-FR"},{"@type":"Organization","@id":"https:\/\/blondeau.be\/fr\/#organization","name":"Blondeau","url":"https:\/\/blondeau.be\/fr\/","logo":{"@type":"ImageObject","inLanguage":"fr-FR","@id":"https:\/\/blondeau.be\/fr\/#\/schema\/logo\/image\/","url":"https:\/\/blondeau.be\/wp-content\/uploads\/2025\/08\/Logo.jpg","contentUrl":"https:\/\/blondeau.be\/wp-content\/uploads\/2025\/08\/Logo.jpg","width":600,"height":600,"caption":"Blondeau"},"image":{"@id":"https:\/\/blondeau.be\/fr\/#\/schema\/logo\/image\/"}}]}},"_links":{"self":[{"href":"https:\/\/blondeau.be\/fr\/wp-json\/wp\/v2\/product\/27804","targetHints":{"allow":["GET"]}}],"collection":[{"href":"https:\/\/blondeau.be\/fr\/wp-json\/wp\/v2\/product"}],"about":[{"href":"https:\/\/blondeau.be\/fr\/wp-json\/wp\/v2\/types\/product"}],"wp:featuredmedia":[{"embeddable":true,"href":"https:\/\/blondeau.be\/fr\/wp-json\/wp\/v2\/media\/27806"}],"wp:attachment":[{"href":"https:\/\/blondeau.be\/fr\/wp-json\/wp\/v2\/media?parent=27804"}],"wp:term":[{"taxonomy":"product_brand","embeddable":true,"href":"https:\/\/blondeau.be\/fr\/wp-json\/wp\/v2\/product_brand?post=27804"},{"taxonomy":"product_cat","embeddable":true,"href":"https:\/\/blondeau.be\/fr\/wp-json\/wp\/v2\/product_cat?post=27804"},{"taxonomy":"product_tag","embeddable":true,"href":"https:\/\/blondeau.be\/fr\/wp-json\/wp\/v2\/product_tag?post=27804"}],"curies":[{"name":"wp","href":"https:\/\/api.w.org\/{rel}","templated":true}]}}