{"id":27796,"date":"2025-02-21T18:41:44","date_gmt":"2025-02-21T16:41:44","guid":{"rendered":"https:\/\/blondeau.be\/product\/maxon-soupapes-de-securite-electromecaniques\/"},"modified":"2025-06-27T12:15:34","modified_gmt":"2025-06-27T10:15:34","slug":"maxon-soupapes-de-securite-electromecaniques","status":"publish","type":"product","link":"https:\/\/blondeau.be\/fr\/produit\/maxon-soupapes-de-securite-electromecaniques\/","title":{"rendered":"Maxon Soupapes de s\u00e9curit\u00e9 \u00e9lectrom\u00e9caniques"},"content":{"rendered":"<p data-start=\"0\" data-end=\"490\">Les vannes de s\u00e9curit\u00e9s \u00e9lectrom\u00e9caniques MAXON sont \u00e9quip\u00e9es d\u2019un si\u00e8ge m\u00e9tallique robuste, garantissant une longue dur\u00e9e de vie et un fonctionnement fiable. Divers mat\u00e9riaux optionnels pour le bo\u00eetier et les raccordements assurent des performances optimales, m\u00eame dans des environnements expos\u00e9s \u00e0 des carburants tr\u00e8s corrosifs ou \u00e0 l\u2019oxyg\u00e8ne pur. <\/p>\n<p data-start=\"0\" data-end=\"490\"><strong>Caract\u00e9ristiques et avantages :<\/strong><\/p>\n<ul>\n<li>Fonctionnement rapide et fiable : les vannes \u00e0 commande \u00e9lectrique dot\u00e9es d&rsquo;un puissant ressort de fermeture se ferment en moins d&rsquo;une seconde.<\/li>\n<li>Convient aux environnements explosifs : approuv\u00e9 pour les applications non combustibles, classe I<\/li>\n<li>Compatible SIL 3 : enti\u00e8rement certifi\u00e9 selon la norme IEC 61508<\/li>\n<li>Affichage clair de l&rsquo;\u00e9tat : \u00e9quip\u00e9 d&rsquo;un indicateur visuel de position<\/li>\n<li>Large gamme de temp\u00e9ratures : convient aux temp\u00e9ratures ambiantes et aux temp\u00e9ratures des gaz de -28 \u00b0C \u00e0 +60 \u00b0C<\/li>\n<li>Grande souplesse d&rsquo;application : disponible dans des tailles de tuyaux allant de \u00be\u00a0\u00bb (DN20) \u00e0 6&Prime; (DN150), convenant \u00e0 des pressions allant jusqu&rsquo;\u00e0 8,6 bars.<\/li>\n<li>Choix du type de fonctionnement : disponible en version normalement ferm\u00e9e (NC) et normalement ouverte (NO)<\/li>\n<\/ul>\n<p><strong style=\"font-size: 1rem;\">Documentation :<\/strong><\/p>\n","protected":false},"excerpt":{"rendered":"<p>Les vannes de s\u00e9curit\u00e9s \u00e9lectrom\u00e9caniques MAXON sont \u00e9quip\u00e9es d\u2019un si\u00e8ge m\u00e9tallique robuste, garantissant une longue dur\u00e9e de vie et un fonctionnement fiable. Divers mat\u00e9riaux optionnels pour le bo\u00eetier et les raccordements assurent des performances optimales, m\u00eame dans des environnements expos\u00e9s \u00e0 des carburants tr\u00e8s corrosifs ou \u00e0 l\u2019oxyg\u00e8ne pur. Caract\u00e9ristiques et avantages : Fonctionnement rapide [&hellip;]<\/p>\n","protected":false},"featured_media":27797,"template":"","meta":{"_acf_changed":false},"product_brand":[],"product_cat":[359],"product_tag":[360],"class_list":{"0":"post-27796","1":"product","2":"type-product","3":"status-publish","4":"has-post-thumbnail","6":"product_cat-vannes-de-securite","7":"product_tag-vannes-de-securite","9":"first","10":"instock","11":"taxable","12":"shipping-taxable","13":"product-type-simple"},"acf":[],"yoast_head":"<!-- This site is optimized with the Yoast SEO plugin v26.8 - https:\/\/yoast.com\/product\/yoast-seo-wordpress\/ -->\n<title>Maxon Soupapes de s\u00e9curit\u00e9 \u00e9lectrom\u00e9caniques - Blondeau<\/title>\n<meta name=\"robots\" content=\"index, follow, max-snippet:-1, max-image-preview:large, max-video-preview:-1\" \/>\n<link rel=\"canonical\" href=\"https:\/\/blondeau.be\/fr\/produit\/maxon-soupapes-de-securite-electromecaniques\/\" \/>\n<meta property=\"og:locale\" content=\"fr_FR\" \/>\n<meta property=\"og:type\" content=\"article\" \/>\n<meta property=\"og:title\" content=\"Maxon Soupapes de s\u00e9curit\u00e9 \u00e9lectrom\u00e9caniques - Blondeau\" \/>\n<meta property=\"og:description\" content=\"Les vannes de s\u00e9curit\u00e9s \u00e9lectrom\u00e9caniques MAXON sont \u00e9quip\u00e9es d\u2019un si\u00e8ge m\u00e9tallique robuste, garantissant une longue dur\u00e9e de vie et un fonctionnement fiable. Divers mat\u00e9riaux optionnels pour le bo\u00eetier et les raccordements assurent des performances optimales, m\u00eame dans des environnements expos\u00e9s \u00e0 des carburants tr\u00e8s corrosifs ou \u00e0 l\u2019oxyg\u00e8ne pur. Caract\u00e9ristiques et avantages : Fonctionnement rapide [&hellip;]\" \/>\n<meta property=\"og:url\" content=\"https:\/\/blondeau.be\/fr\/produit\/maxon-soupapes-de-securite-electromecaniques\/\" \/>\n<meta property=\"og:site_name\" content=\"Blondeau\" \/>\n<meta property=\"article:modified_time\" content=\"2025-06-27T10:15:34+00:00\" \/>\n<meta property=\"og:image\" content=\"https:\/\/blondeau.be\/wp-content\/uploads\/2025\/02\/Elektro-mechanische-klep-Maxon.jpg\" \/>\n\t<meta property=\"og:image:width\" content=\"500\" \/>\n\t<meta property=\"og:image:height\" content=\"500\" \/>\n\t<meta property=\"og:image:type\" content=\"image\/jpeg\" \/>\n<meta name=\"twitter:card\" content=\"summary_large_image\" \/>\n<meta name=\"twitter:label1\" content=\"Dur\u00e9e de lecture estim\u00e9e\" \/>\n\t<meta name=\"twitter:data1\" content=\"1 minute\" \/>\n<script type=\"application\/ld+json\" class=\"yoast-schema-graph\">{\"@context\":\"https:\/\/schema.org\",\"@graph\":[{\"@type\":\"WebPage\",\"@id\":\"https:\/\/blondeau.be\/fr\/produit\/maxon-soupapes-de-securite-electromecaniques\/\",\"url\":\"https:\/\/blondeau.be\/fr\/produit\/maxon-soupapes-de-securite-electromecaniques\/\",\"name\":\"Maxon Soupapes de s\u00e9curit\u00e9 \u00e9lectrom\u00e9caniques - Blondeau\",\"isPartOf\":{\"@id\":\"https:\/\/blondeau.be\/fr\/#website\"},\"primaryImageOfPage\":{\"@id\":\"https:\/\/blondeau.be\/fr\/produit\/maxon-soupapes-de-securite-electromecaniques\/#primaryimage\"},\"image\":{\"@id\":\"https:\/\/blondeau.be\/fr\/produit\/maxon-soupapes-de-securite-electromecaniques\/#primaryimage\"},\"thumbnailUrl\":\"https:\/\/blondeau.be\/wp-content\/uploads\/2025\/02\/Elektro-mechanische-klep-Maxon.jpg\",\"datePublished\":\"2025-02-21T16:41:44+00:00\",\"dateModified\":\"2025-06-27T10:15:34+00:00\",\"breadcrumb\":{\"@id\":\"https:\/\/blondeau.be\/fr\/produit\/maxon-soupapes-de-securite-electromecaniques\/#breadcrumb\"},\"inLanguage\":\"fr-FR\",\"potentialAction\":[{\"@type\":\"ReadAction\",\"target\":[\"https:\/\/blondeau.be\/fr\/produit\/maxon-soupapes-de-securite-electromecaniques\/\"]}]},{\"@type\":\"ImageObject\",\"inLanguage\":\"fr-FR\",\"@id\":\"https:\/\/blondeau.be\/fr\/produit\/maxon-soupapes-de-securite-electromecaniques\/#primaryimage\",\"url\":\"https:\/\/blondeau.be\/wp-content\/uploads\/2025\/02\/Elektro-mechanische-klep-Maxon.jpg\",\"contentUrl\":\"https:\/\/blondeau.be\/wp-content\/uploads\/2025\/02\/Elektro-mechanische-klep-Maxon.jpg\",\"width\":500,\"height\":500},{\"@type\":\"BreadcrumbList\",\"@id\":\"https:\/\/blondeau.be\/fr\/produit\/maxon-soupapes-de-securite-electromecaniques\/#breadcrumb\",\"itemListElement\":[{\"@type\":\"ListItem\",\"position\":1,\"name\":\"Home\",\"item\":\"https:\/\/blondeau.be\/fr\/accueil\/\"},{\"@type\":\"ListItem\",\"position\":2,\"name\":\"Catalogue des produits\",\"item\":\"https:\/\/blondeau.be\/fr\/catalogue-des-produits\/\"},{\"@type\":\"ListItem\",\"position\":3,\"name\":\"Maxon Soupapes de s\u00e9curit\u00e9 \u00e9lectrom\u00e9caniques\"}]},{\"@type\":\"WebSite\",\"@id\":\"https:\/\/blondeau.be\/fr\/#website\",\"url\":\"https:\/\/blondeau.be\/fr\/\",\"name\":\"Blondeau\",\"description\":\"Industrial Heating\",\"publisher\":{\"@id\":\"https:\/\/blondeau.be\/fr\/#organization\"},\"potentialAction\":[{\"@type\":\"SearchAction\",\"target\":{\"@type\":\"EntryPoint\",\"urlTemplate\":\"https:\/\/blondeau.be\/fr\/?s={search_term_string}\"},\"query-input\":{\"@type\":\"PropertyValueSpecification\",\"valueRequired\":true,\"valueName\":\"search_term_string\"}}],\"inLanguage\":\"fr-FR\"},{\"@type\":\"Organization\",\"@id\":\"https:\/\/blondeau.be\/fr\/#organization\",\"name\":\"Blondeau\",\"url\":\"https:\/\/blondeau.be\/fr\/\",\"logo\":{\"@type\":\"ImageObject\",\"inLanguage\":\"fr-FR\",\"@id\":\"https:\/\/blondeau.be\/fr\/#\/schema\/logo\/image\/\",\"url\":\"https:\/\/blondeau.be\/wp-content\/uploads\/2025\/08\/Logo.jpg\",\"contentUrl\":\"https:\/\/blondeau.be\/wp-content\/uploads\/2025\/08\/Logo.jpg\",\"width\":600,\"height\":600,\"caption\":\"Blondeau\"},\"image\":{\"@id\":\"https:\/\/blondeau.be\/fr\/#\/schema\/logo\/image\/\"}}]}<\/script>\n<!-- \/ Yoast SEO plugin. -->","yoast_head_json":{"title":"Maxon Soupapes de s\u00e9curit\u00e9 \u00e9lectrom\u00e9caniques - Blondeau","robots":{"index":"index","follow":"follow","max-snippet":"max-snippet:-1","max-image-preview":"max-image-preview:large","max-video-preview":"max-video-preview:-1"},"canonical":"https:\/\/blondeau.be\/fr\/produit\/maxon-soupapes-de-securite-electromecaniques\/","og_locale":"fr_FR","og_type":"article","og_title":"Maxon Soupapes de s\u00e9curit\u00e9 \u00e9lectrom\u00e9caniques - Blondeau","og_description":"Les vannes de s\u00e9curit\u00e9s \u00e9lectrom\u00e9caniques MAXON sont \u00e9quip\u00e9es d\u2019un si\u00e8ge m\u00e9tallique robuste, garantissant une longue dur\u00e9e de vie et un fonctionnement fiable. Divers mat\u00e9riaux optionnels pour le bo\u00eetier et les raccordements assurent des performances optimales, m\u00eame dans des environnements expos\u00e9s \u00e0 des carburants tr\u00e8s corrosifs ou \u00e0 l\u2019oxyg\u00e8ne pur. Caract\u00e9ristiques et avantages : Fonctionnement rapide [&hellip;]","og_url":"https:\/\/blondeau.be\/fr\/produit\/maxon-soupapes-de-securite-electromecaniques\/","og_site_name":"Blondeau","article_modified_time":"2025-06-27T10:15:34+00:00","og_image":[{"width":500,"height":500,"url":"https:\/\/blondeau.be\/wp-content\/uploads\/2025\/02\/Elektro-mechanische-klep-Maxon.jpg","type":"image\/jpeg"}],"twitter_card":"summary_large_image","twitter_misc":{"Dur\u00e9e de lecture estim\u00e9e":"1 minute"},"schema":{"@context":"https:\/\/schema.org","@graph":[{"@type":"WebPage","@id":"https:\/\/blondeau.be\/fr\/produit\/maxon-soupapes-de-securite-electromecaniques\/","url":"https:\/\/blondeau.be\/fr\/produit\/maxon-soupapes-de-securite-electromecaniques\/","name":"Maxon Soupapes de s\u00e9curit\u00e9 \u00e9lectrom\u00e9caniques - Blondeau","isPartOf":{"@id":"https:\/\/blondeau.be\/fr\/#website"},"primaryImageOfPage":{"@id":"https:\/\/blondeau.be\/fr\/produit\/maxon-soupapes-de-securite-electromecaniques\/#primaryimage"},"image":{"@id":"https:\/\/blondeau.be\/fr\/produit\/maxon-soupapes-de-securite-electromecaniques\/#primaryimage"},"thumbnailUrl":"https:\/\/blondeau.be\/wp-content\/uploads\/2025\/02\/Elektro-mechanische-klep-Maxon.jpg","datePublished":"2025-02-21T16:41:44+00:00","dateModified":"2025-06-27T10:15:34+00:00","breadcrumb":{"@id":"https:\/\/blondeau.be\/fr\/produit\/maxon-soupapes-de-securite-electromecaniques\/#breadcrumb"},"inLanguage":"fr-FR","potentialAction":[{"@type":"ReadAction","target":["https:\/\/blondeau.be\/fr\/produit\/maxon-soupapes-de-securite-electromecaniques\/"]}]},{"@type":"ImageObject","inLanguage":"fr-FR","@id":"https:\/\/blondeau.be\/fr\/produit\/maxon-soupapes-de-securite-electromecaniques\/#primaryimage","url":"https:\/\/blondeau.be\/wp-content\/uploads\/2025\/02\/Elektro-mechanische-klep-Maxon.jpg","contentUrl":"https:\/\/blondeau.be\/wp-content\/uploads\/2025\/02\/Elektro-mechanische-klep-Maxon.jpg","width":500,"height":500},{"@type":"BreadcrumbList","@id":"https:\/\/blondeau.be\/fr\/produit\/maxon-soupapes-de-securite-electromecaniques\/#breadcrumb","itemListElement":[{"@type":"ListItem","position":1,"name":"Home","item":"https:\/\/blondeau.be\/fr\/accueil\/"},{"@type":"ListItem","position":2,"name":"Catalogue des produits","item":"https:\/\/blondeau.be\/fr\/catalogue-des-produits\/"},{"@type":"ListItem","position":3,"name":"Maxon Soupapes de s\u00e9curit\u00e9 \u00e9lectrom\u00e9caniques"}]},{"@type":"WebSite","@id":"https:\/\/blondeau.be\/fr\/#website","url":"https:\/\/blondeau.be\/fr\/","name":"Blondeau","description":"Industrial Heating","publisher":{"@id":"https:\/\/blondeau.be\/fr\/#organization"},"potentialAction":[{"@type":"SearchAction","target":{"@type":"EntryPoint","urlTemplate":"https:\/\/blondeau.be\/fr\/?s={search_term_string}"},"query-input":{"@type":"PropertyValueSpecification","valueRequired":true,"valueName":"search_term_string"}}],"inLanguage":"fr-FR"},{"@type":"Organization","@id":"https:\/\/blondeau.be\/fr\/#organization","name":"Blondeau","url":"https:\/\/blondeau.be\/fr\/","logo":{"@type":"ImageObject","inLanguage":"fr-FR","@id":"https:\/\/blondeau.be\/fr\/#\/schema\/logo\/image\/","url":"https:\/\/blondeau.be\/wp-content\/uploads\/2025\/08\/Logo.jpg","contentUrl":"https:\/\/blondeau.be\/wp-content\/uploads\/2025\/08\/Logo.jpg","width":600,"height":600,"caption":"Blondeau"},"image":{"@id":"https:\/\/blondeau.be\/fr\/#\/schema\/logo\/image\/"}}]}},"_links":{"self":[{"href":"https:\/\/blondeau.be\/fr\/wp-json\/wp\/v2\/product\/27796","targetHints":{"allow":["GET"]}}],"collection":[{"href":"https:\/\/blondeau.be\/fr\/wp-json\/wp\/v2\/product"}],"about":[{"href":"https:\/\/blondeau.be\/fr\/wp-json\/wp\/v2\/types\/product"}],"wp:featuredmedia":[{"embeddable":true,"href":"https:\/\/blondeau.be\/fr\/wp-json\/wp\/v2\/media\/27797"}],"wp:attachment":[{"href":"https:\/\/blondeau.be\/fr\/wp-json\/wp\/v2\/media?parent=27796"}],"wp:term":[{"taxonomy":"product_brand","embeddable":true,"href":"https:\/\/blondeau.be\/fr\/wp-json\/wp\/v2\/product_brand?post=27796"},{"taxonomy":"product_cat","embeddable":true,"href":"https:\/\/blondeau.be\/fr\/wp-json\/wp\/v2\/product_cat?post=27796"},{"taxonomy":"product_tag","embeddable":true,"href":"https:\/\/blondeau.be\/fr\/wp-json\/wp\/v2\/product_tag?post=27796"}],"curies":[{"name":"wp","href":"https:\/\/api.w.org\/{rel}","templated":true}]}}