{"id":27787,"date":"2025-03-21T13:48:06","date_gmt":"2025-03-21T11:48:06","guid":{"rendered":"https:\/\/blondeau.be\/product\/kromschroder-uvc\/"},"modified":"2025-09-04T14:20:21","modified_gmt":"2025-09-04T12:20:21","slug":"kromschroder-uvc","status":"publish","type":"product","link":"https:\/\/blondeau.be\/fr\/produit\/kromschroder-uvc\/","title":{"rendered":"Kromschr\u00f6der UVC"},"content":{"rendered":"<p>L&rsquo;<strong data-start=\"3\" data-end=\"10\">UVC<\/strong> de Kromschr\u00f6der est un d\u00e9tecteur de flamme UV utilis\u00e9 pour une surveillance fiable de la flamme dans les br\u00fbleurs \u00e0 gaz et \u00e0 mazout en combinaison avec les automates de br\u00fbleur IFD de Kromschr\u00f6der, les relais de flamme FDU ou les commandes de br\u00fbleur BCU. L&rsquo;appareil d\u00e9tecte le rayonnement UV d&rsquo;une flamme et assure un arr\u00eat rapide et s\u00fbr en cas de d\u00e9faillance de la flamme. <\/p>\n<p><strong>Caract\u00e9ristiques et avantages :<\/strong><\/p>\n<ul>\n<li data-start=\"644\" data-end=\"688\">Insensible aux interf\u00e9rences gr\u00e2ce \u00e0 l&rsquo;insensibilit\u00e9 \u00e0 la lumi\u00e8re du jour, au rayonnement infrarouge et aux lampes \u00e0 incandescence<\/li>\n<li data-start=\"644\" data-end=\"688\">Pour les br\u00fbleurs en fonctionnement continu<\/li>\n<li data-start=\"644\" data-end=\"688\">IP65<\/li>\n<li data-start=\"644\" data-end=\"688\">Options possibles :\n<ul>\n<li data-start=\"644\" data-end=\"688\">Verre de quartz<\/li>\n<li data-start=\"644\" data-end=\"688\">Lentille \u00e0 quartz<\/li>\n<li data-start=\"644\" data-end=\"688\">Raccordement de l&rsquo;air de refroidissement<\/li>\n<\/ul>\n<\/li>\n<li data-start=\"644\" data-end=\"688\">Certification UE<\/li>\n<\/ul>\n<p><strong>Documentation :<\/strong><\/p>\n","protected":false},"excerpt":{"rendered":"<p>L&rsquo;UVC de Kromschr\u00f6der est un d\u00e9tecteur de flamme UV utilis\u00e9 pour une surveillance fiable de la flamme dans les br\u00fbleurs \u00e0 gaz et \u00e0 mazout en combinaison avec les automates de br\u00fbleur IFD de Kromschr\u00f6der, les relais de flamme FDU ou les commandes de br\u00fbleur BCU. L&rsquo;appareil d\u00e9tecte le rayonnement UV d&rsquo;une flamme et assure [&hellip;]<\/p>\n","protected":false},"featured_media":27789,"template":"","meta":{"_acf_changed":false},"product_brand":[],"product_cat":[358],"product_tag":[321],"class_list":{"0":"post-27787","1":"product","2":"type-product","3":"status-publish","4":"has-post-thumbnail","6":"product_cat-detection-de-flamme-fr","7":"product_tag-detection-de-flamme","9":"first","10":"instock","11":"taxable","12":"shipping-taxable","13":"product-type-simple"},"acf":[],"yoast_head":"<!-- This site is optimized with the Yoast SEO plugin v26.8 - https:\/\/yoast.com\/product\/yoast-seo-wordpress\/ -->\n<title>Kromschr\u00f6der UVC - Blondeau<\/title>\n<meta name=\"robots\" content=\"index, follow, max-snippet:-1, max-image-preview:large, max-video-preview:-1\" \/>\n<link rel=\"canonical\" href=\"https:\/\/blondeau.be\/fr\/produit\/kromschroder-uvc\/\" \/>\n<meta property=\"og:locale\" content=\"fr_FR\" \/>\n<meta property=\"og:type\" content=\"article\" \/>\n<meta property=\"og:title\" content=\"Kromschr\u00f6der UVC - Blondeau\" \/>\n<meta property=\"og:description\" content=\"L&rsquo;UVC de Kromschr\u00f6der est un d\u00e9tecteur de flamme UV utilis\u00e9 pour une surveillance fiable de la flamme dans les br\u00fbleurs \u00e0 gaz et \u00e0 mazout en combinaison avec les automates de br\u00fbleur IFD de Kromschr\u00f6der, les relais de flamme FDU ou les commandes de br\u00fbleur BCU. L&rsquo;appareil d\u00e9tecte le rayonnement UV d&rsquo;une flamme et assure [&hellip;]\" \/>\n<meta property=\"og:url\" content=\"https:\/\/blondeau.be\/fr\/produit\/kromschroder-uvc\/\" \/>\n<meta property=\"og:site_name\" content=\"Blondeau\" \/>\n<meta property=\"article:modified_time\" content=\"2025-09-04T12:20:21+00:00\" \/>\n<meta property=\"og:image\" content=\"https:\/\/blondeau.be\/wp-content\/uploads\/2025\/03\/UVC-1.jpg\" \/>\n\t<meta property=\"og:image:width\" content=\"557\" \/>\n\t<meta property=\"og:image:height\" content=\"438\" \/>\n\t<meta property=\"og:image:type\" content=\"image\/jpeg\" \/>\n<meta name=\"twitter:card\" content=\"summary_large_image\" \/>\n<meta name=\"twitter:label1\" content=\"Dur\u00e9e de lecture estim\u00e9e\" \/>\n\t<meta name=\"twitter:data1\" content=\"1 minute\" \/>\n<script type=\"application\/ld+json\" class=\"yoast-schema-graph\">{\"@context\":\"https:\/\/schema.org\",\"@graph\":[{\"@type\":\"WebPage\",\"@id\":\"https:\/\/blondeau.be\/fr\/produit\/kromschroder-uvc\/\",\"url\":\"https:\/\/blondeau.be\/fr\/produit\/kromschroder-uvc\/\",\"name\":\"Kromschr\u00f6der UVC - Blondeau\",\"isPartOf\":{\"@id\":\"https:\/\/blondeau.be\/fr\/#website\"},\"primaryImageOfPage\":{\"@id\":\"https:\/\/blondeau.be\/fr\/produit\/kromschroder-uvc\/#primaryimage\"},\"image\":{\"@id\":\"https:\/\/blondeau.be\/fr\/produit\/kromschroder-uvc\/#primaryimage\"},\"thumbnailUrl\":\"https:\/\/blondeau.be\/wp-content\/uploads\/2025\/03\/UVC-1.jpg\",\"datePublished\":\"2025-03-21T11:48:06+00:00\",\"dateModified\":\"2025-09-04T12:20:21+00:00\",\"breadcrumb\":{\"@id\":\"https:\/\/blondeau.be\/fr\/produit\/kromschroder-uvc\/#breadcrumb\"},\"inLanguage\":\"fr-FR\",\"potentialAction\":[{\"@type\":\"ReadAction\",\"target\":[\"https:\/\/blondeau.be\/fr\/produit\/kromschroder-uvc\/\"]}]},{\"@type\":\"ImageObject\",\"inLanguage\":\"fr-FR\",\"@id\":\"https:\/\/blondeau.be\/fr\/produit\/kromschroder-uvc\/#primaryimage\",\"url\":\"https:\/\/blondeau.be\/wp-content\/uploads\/2025\/03\/UVC-1.jpg\",\"contentUrl\":\"https:\/\/blondeau.be\/wp-content\/uploads\/2025\/03\/UVC-1.jpg\",\"width\":557,\"height\":438},{\"@type\":\"BreadcrumbList\",\"@id\":\"https:\/\/blondeau.be\/fr\/produit\/kromschroder-uvc\/#breadcrumb\",\"itemListElement\":[{\"@type\":\"ListItem\",\"position\":1,\"name\":\"Home\",\"item\":\"https:\/\/blondeau.be\/fr\/accueil\/\"},{\"@type\":\"ListItem\",\"position\":2,\"name\":\"Catalogue des produits\",\"item\":\"https:\/\/blondeau.be\/fr\/catalogue-des-produits\/\"},{\"@type\":\"ListItem\",\"position\":3,\"name\":\"Kromschr\u00f6der UVC\"}]},{\"@type\":\"WebSite\",\"@id\":\"https:\/\/blondeau.be\/fr\/#website\",\"url\":\"https:\/\/blondeau.be\/fr\/\",\"name\":\"Blondeau\",\"description\":\"Industrial Heating\",\"publisher\":{\"@id\":\"https:\/\/blondeau.be\/fr\/#organization\"},\"potentialAction\":[{\"@type\":\"SearchAction\",\"target\":{\"@type\":\"EntryPoint\",\"urlTemplate\":\"https:\/\/blondeau.be\/fr\/?s={search_term_string}\"},\"query-input\":{\"@type\":\"PropertyValueSpecification\",\"valueRequired\":true,\"valueName\":\"search_term_string\"}}],\"inLanguage\":\"fr-FR\"},{\"@type\":\"Organization\",\"@id\":\"https:\/\/blondeau.be\/fr\/#organization\",\"name\":\"Blondeau\",\"url\":\"https:\/\/blondeau.be\/fr\/\",\"logo\":{\"@type\":\"ImageObject\",\"inLanguage\":\"fr-FR\",\"@id\":\"https:\/\/blondeau.be\/fr\/#\/schema\/logo\/image\/\",\"url\":\"https:\/\/blondeau.be\/wp-content\/uploads\/2025\/08\/Logo.jpg\",\"contentUrl\":\"https:\/\/blondeau.be\/wp-content\/uploads\/2025\/08\/Logo.jpg\",\"width\":600,\"height\":600,\"caption\":\"Blondeau\"},\"image\":{\"@id\":\"https:\/\/blondeau.be\/fr\/#\/schema\/logo\/image\/\"}}]}<\/script>\n<!-- \/ Yoast SEO plugin. -->","yoast_head_json":{"title":"Kromschr\u00f6der UVC - Blondeau","robots":{"index":"index","follow":"follow","max-snippet":"max-snippet:-1","max-image-preview":"max-image-preview:large","max-video-preview":"max-video-preview:-1"},"canonical":"https:\/\/blondeau.be\/fr\/produit\/kromschroder-uvc\/","og_locale":"fr_FR","og_type":"article","og_title":"Kromschr\u00f6der UVC - Blondeau","og_description":"L&rsquo;UVC de Kromschr\u00f6der est un d\u00e9tecteur de flamme UV utilis\u00e9 pour une surveillance fiable de la flamme dans les br\u00fbleurs \u00e0 gaz et \u00e0 mazout en combinaison avec les automates de br\u00fbleur IFD de Kromschr\u00f6der, les relais de flamme FDU ou les commandes de br\u00fbleur BCU. L&rsquo;appareil d\u00e9tecte le rayonnement UV d&rsquo;une flamme et assure [&hellip;]","og_url":"https:\/\/blondeau.be\/fr\/produit\/kromschroder-uvc\/","og_site_name":"Blondeau","article_modified_time":"2025-09-04T12:20:21+00:00","og_image":[{"width":557,"height":438,"url":"https:\/\/blondeau.be\/wp-content\/uploads\/2025\/03\/UVC-1.jpg","type":"image\/jpeg"}],"twitter_card":"summary_large_image","twitter_misc":{"Dur\u00e9e de lecture estim\u00e9e":"1 minute"},"schema":{"@context":"https:\/\/schema.org","@graph":[{"@type":"WebPage","@id":"https:\/\/blondeau.be\/fr\/produit\/kromschroder-uvc\/","url":"https:\/\/blondeau.be\/fr\/produit\/kromschroder-uvc\/","name":"Kromschr\u00f6der UVC - Blondeau","isPartOf":{"@id":"https:\/\/blondeau.be\/fr\/#website"},"primaryImageOfPage":{"@id":"https:\/\/blondeau.be\/fr\/produit\/kromschroder-uvc\/#primaryimage"},"image":{"@id":"https:\/\/blondeau.be\/fr\/produit\/kromschroder-uvc\/#primaryimage"},"thumbnailUrl":"https:\/\/blondeau.be\/wp-content\/uploads\/2025\/03\/UVC-1.jpg","datePublished":"2025-03-21T11:48:06+00:00","dateModified":"2025-09-04T12:20:21+00:00","breadcrumb":{"@id":"https:\/\/blondeau.be\/fr\/produit\/kromschroder-uvc\/#breadcrumb"},"inLanguage":"fr-FR","potentialAction":[{"@type":"ReadAction","target":["https:\/\/blondeau.be\/fr\/produit\/kromschroder-uvc\/"]}]},{"@type":"ImageObject","inLanguage":"fr-FR","@id":"https:\/\/blondeau.be\/fr\/produit\/kromschroder-uvc\/#primaryimage","url":"https:\/\/blondeau.be\/wp-content\/uploads\/2025\/03\/UVC-1.jpg","contentUrl":"https:\/\/blondeau.be\/wp-content\/uploads\/2025\/03\/UVC-1.jpg","width":557,"height":438},{"@type":"BreadcrumbList","@id":"https:\/\/blondeau.be\/fr\/produit\/kromschroder-uvc\/#breadcrumb","itemListElement":[{"@type":"ListItem","position":1,"name":"Home","item":"https:\/\/blondeau.be\/fr\/accueil\/"},{"@type":"ListItem","position":2,"name":"Catalogue des produits","item":"https:\/\/blondeau.be\/fr\/catalogue-des-produits\/"},{"@type":"ListItem","position":3,"name":"Kromschr\u00f6der UVC"}]},{"@type":"WebSite","@id":"https:\/\/blondeau.be\/fr\/#website","url":"https:\/\/blondeau.be\/fr\/","name":"Blondeau","description":"Industrial Heating","publisher":{"@id":"https:\/\/blondeau.be\/fr\/#organization"},"potentialAction":[{"@type":"SearchAction","target":{"@type":"EntryPoint","urlTemplate":"https:\/\/blondeau.be\/fr\/?s={search_term_string}"},"query-input":{"@type":"PropertyValueSpecification","valueRequired":true,"valueName":"search_term_string"}}],"inLanguage":"fr-FR"},{"@type":"Organization","@id":"https:\/\/blondeau.be\/fr\/#organization","name":"Blondeau","url":"https:\/\/blondeau.be\/fr\/","logo":{"@type":"ImageObject","inLanguage":"fr-FR","@id":"https:\/\/blondeau.be\/fr\/#\/schema\/logo\/image\/","url":"https:\/\/blondeau.be\/wp-content\/uploads\/2025\/08\/Logo.jpg","contentUrl":"https:\/\/blondeau.be\/wp-content\/uploads\/2025\/08\/Logo.jpg","width":600,"height":600,"caption":"Blondeau"},"image":{"@id":"https:\/\/blondeau.be\/fr\/#\/schema\/logo\/image\/"}}]}},"_links":{"self":[{"href":"https:\/\/blondeau.be\/fr\/wp-json\/wp\/v2\/product\/27787","targetHints":{"allow":["GET"]}}],"collection":[{"href":"https:\/\/blondeau.be\/fr\/wp-json\/wp\/v2\/product"}],"about":[{"href":"https:\/\/blondeau.be\/fr\/wp-json\/wp\/v2\/types\/product"}],"wp:featuredmedia":[{"embeddable":true,"href":"https:\/\/blondeau.be\/fr\/wp-json\/wp\/v2\/media\/27789"}],"wp:attachment":[{"href":"https:\/\/blondeau.be\/fr\/wp-json\/wp\/v2\/media?parent=27787"}],"wp:term":[{"taxonomy":"product_brand","embeddable":true,"href":"https:\/\/blondeau.be\/fr\/wp-json\/wp\/v2\/product_brand?post=27787"},{"taxonomy":"product_cat","embeddable":true,"href":"https:\/\/blondeau.be\/fr\/wp-json\/wp\/v2\/product_cat?post=27787"},{"taxonomy":"product_tag","embeddable":true,"href":"https:\/\/blondeau.be\/fr\/wp-json\/wp\/v2\/product_tag?post=27787"}],"curies":[{"name":"wp","href":"https:\/\/api.w.org\/{rel}","templated":true}]}}