{"id":27765,"date":"2025-03-21T11:14:02","date_gmt":"2025-03-21T09:14:02","guid":{"rendered":"https:\/\/blondeau.be\/product\/kromschroder-dg-smart\/"},"modified":"2025-07-29T11:39:12","modified_gmt":"2025-07-29T09:39:12","slug":"kromschroder-dg-smart","status":"publish","type":"product","link":"https:\/\/blondeau.be\/fr\/produit\/kromschroder-dg-smart\/","title":{"rendered":"Kromschr\u00f6der DG Smart"},"content":{"rendered":"<p>Le <strong data-start=\"3\" data-end=\"15\">DG Smart<\/strong> de Kromschr\u00f6der est un pressostat num\u00e9rique utilis\u00e9 pour surveiller les flux de gaz et d&rsquo;air dans les applications industrielles. L&rsquo;appareil offre des mesures pr\u00e9cises, une communication num\u00e9rique via IO-Link et un \u00e9cran convivial pour une configuration ais\u00e9e. Les fonctions intelligentes permettent au DG Smart d&rsquo;effectuer des diagnostics et une surveillance en temps r\u00e9el, ce qui contribue \u00e0 la maintenance pr\u00e9dictive et \u00e0 l&rsquo;am\u00e9lioration de la s\u00e9curit\u00e9 des processus.  <\/p>\n<p><strong>Caract\u00e9ristiques et avantages :<\/strong><\/p>\n<ul>\n<li>Manom\u00e8tre et capteur de pression en un seul appareil<\/li>\n<li>Permet une maintenance pr\u00e9ventive<\/li>\n<li>Capacit\u00e9 SIL2 selon IEC 61508, via une sortie analogique 4-20mA \u00e0 s\u00e9curit\u00e9 int\u00e9gr\u00e9e<\/li>\n<li>Protocole de bus Modbus TCP<\/li>\n<li>IP65<\/li>\n<\/ul>\n<p><strong>Documentation :<\/strong><\/p>\n","protected":false},"excerpt":{"rendered":"<p>Le DG Smart de Kromschr\u00f6der est un pressostat num\u00e9rique utilis\u00e9 pour surveiller les flux de gaz et d&rsquo;air dans les applications industrielles. L&rsquo;appareil offre des mesures pr\u00e9cises, une communication num\u00e9rique via IO-Link et un \u00e9cran convivial pour une configuration ais\u00e9e. Les fonctions intelligentes permettent au DG Smart d&rsquo;effectuer des diagnostics et une surveillance en temps [&hellip;]<\/p>\n","protected":false},"featured_media":27769,"template":"","meta":{"_acf_changed":false},"product_brand":[],"product_cat":[351],"product_tag":[352],"class_list":{"0":"post-27765","1":"product","2":"type-product","3":"status-publish","4":"has-post-thumbnail","6":"product_cat-pressostats","7":"product_tag-pressostats","9":"first","10":"instock","11":"taxable","12":"shipping-taxable","13":"product-type-simple"},"acf":[],"yoast_head":"<!-- This site is optimized with the Yoast SEO plugin v26.8 - https:\/\/yoast.com\/product\/yoast-seo-wordpress\/ -->\n<title>Kromschr\u00f6der DG Smart - Blondeau<\/title>\n<meta name=\"robots\" content=\"index, follow, max-snippet:-1, max-image-preview:large, max-video-preview:-1\" \/>\n<link rel=\"canonical\" href=\"https:\/\/blondeau.be\/fr\/produit\/kromschroder-dg-smart\/\" \/>\n<meta property=\"og:locale\" content=\"fr_FR\" \/>\n<meta property=\"og:type\" content=\"article\" \/>\n<meta property=\"og:title\" content=\"Kromschr\u00f6der DG Smart - Blondeau\" \/>\n<meta property=\"og:description\" content=\"Le DG Smart de Kromschr\u00f6der est un pressostat num\u00e9rique utilis\u00e9 pour surveiller les flux de gaz et d&rsquo;air dans les applications industrielles. L&rsquo;appareil offre des mesures pr\u00e9cises, une communication num\u00e9rique via IO-Link et un \u00e9cran convivial pour une configuration ais\u00e9e. Les fonctions intelligentes permettent au DG Smart d&rsquo;effectuer des diagnostics et une surveillance en temps [&hellip;]\" \/>\n<meta property=\"og:url\" content=\"https:\/\/blondeau.be\/fr\/produit\/kromschroder-dg-smart\/\" \/>\n<meta property=\"og:site_name\" content=\"Blondeau\" \/>\n<meta property=\"article:modified_time\" content=\"2025-07-29T09:39:12+00:00\" \/>\n<meta property=\"og:image\" content=\"https:\/\/blondeau.be\/wp-content\/uploads\/2025\/03\/DG-Smart.jpg\" \/>\n\t<meta property=\"og:image:width\" content=\"358\" \/>\n\t<meta property=\"og:image:height\" content=\"382\" \/>\n\t<meta property=\"og:image:type\" content=\"image\/jpeg\" \/>\n<meta name=\"twitter:card\" content=\"summary_large_image\" \/>\n<meta name=\"twitter:label1\" content=\"Dur\u00e9e de lecture estim\u00e9e\" \/>\n\t<meta name=\"twitter:data1\" content=\"1 minute\" \/>\n<script type=\"application\/ld+json\" class=\"yoast-schema-graph\">{\"@context\":\"https:\/\/schema.org\",\"@graph\":[{\"@type\":\"WebPage\",\"@id\":\"https:\/\/blondeau.be\/fr\/produit\/kromschroder-dg-smart\/\",\"url\":\"https:\/\/blondeau.be\/fr\/produit\/kromschroder-dg-smart\/\",\"name\":\"Kromschr\u00f6der DG Smart - Blondeau\",\"isPartOf\":{\"@id\":\"https:\/\/blondeau.be\/fr\/#website\"},\"primaryImageOfPage\":{\"@id\":\"https:\/\/blondeau.be\/fr\/produit\/kromschroder-dg-smart\/#primaryimage\"},\"image\":{\"@id\":\"https:\/\/blondeau.be\/fr\/produit\/kromschroder-dg-smart\/#primaryimage\"},\"thumbnailUrl\":\"https:\/\/blondeau.be\/wp-content\/uploads\/2025\/03\/DG-Smart.jpg\",\"datePublished\":\"2025-03-21T09:14:02+00:00\",\"dateModified\":\"2025-07-29T09:39:12+00:00\",\"breadcrumb\":{\"@id\":\"https:\/\/blondeau.be\/fr\/produit\/kromschroder-dg-smart\/#breadcrumb\"},\"inLanguage\":\"fr-FR\",\"potentialAction\":[{\"@type\":\"ReadAction\",\"target\":[\"https:\/\/blondeau.be\/fr\/produit\/kromschroder-dg-smart\/\"]}]},{\"@type\":\"ImageObject\",\"inLanguage\":\"fr-FR\",\"@id\":\"https:\/\/blondeau.be\/fr\/produit\/kromschroder-dg-smart\/#primaryimage\",\"url\":\"https:\/\/blondeau.be\/wp-content\/uploads\/2025\/03\/DG-Smart.jpg\",\"contentUrl\":\"https:\/\/blondeau.be\/wp-content\/uploads\/2025\/03\/DG-Smart.jpg\",\"width\":358,\"height\":382},{\"@type\":\"BreadcrumbList\",\"@id\":\"https:\/\/blondeau.be\/fr\/produit\/kromschroder-dg-smart\/#breadcrumb\",\"itemListElement\":[{\"@type\":\"ListItem\",\"position\":1,\"name\":\"Home\",\"item\":\"https:\/\/blondeau.be\/fr\/accueil\/\"},{\"@type\":\"ListItem\",\"position\":2,\"name\":\"Catalogue des produits\",\"item\":\"https:\/\/blondeau.be\/fr\/catalogue-des-produits\/\"},{\"@type\":\"ListItem\",\"position\":3,\"name\":\"Kromschr\u00f6der DG Smart\"}]},{\"@type\":\"WebSite\",\"@id\":\"https:\/\/blondeau.be\/fr\/#website\",\"url\":\"https:\/\/blondeau.be\/fr\/\",\"name\":\"Blondeau\",\"description\":\"Industrial Heating\",\"publisher\":{\"@id\":\"https:\/\/blondeau.be\/fr\/#organization\"},\"potentialAction\":[{\"@type\":\"SearchAction\",\"target\":{\"@type\":\"EntryPoint\",\"urlTemplate\":\"https:\/\/blondeau.be\/fr\/?s={search_term_string}\"},\"query-input\":{\"@type\":\"PropertyValueSpecification\",\"valueRequired\":true,\"valueName\":\"search_term_string\"}}],\"inLanguage\":\"fr-FR\"},{\"@type\":\"Organization\",\"@id\":\"https:\/\/blondeau.be\/fr\/#organization\",\"name\":\"Blondeau\",\"url\":\"https:\/\/blondeau.be\/fr\/\",\"logo\":{\"@type\":\"ImageObject\",\"inLanguage\":\"fr-FR\",\"@id\":\"https:\/\/blondeau.be\/fr\/#\/schema\/logo\/image\/\",\"url\":\"https:\/\/blondeau.be\/wp-content\/uploads\/2025\/08\/Logo.jpg\",\"contentUrl\":\"https:\/\/blondeau.be\/wp-content\/uploads\/2025\/08\/Logo.jpg\",\"width\":600,\"height\":600,\"caption\":\"Blondeau\"},\"image\":{\"@id\":\"https:\/\/blondeau.be\/fr\/#\/schema\/logo\/image\/\"}}]}<\/script>\n<!-- \/ Yoast SEO plugin. -->","yoast_head_json":{"title":"Kromschr\u00f6der DG Smart - Blondeau","robots":{"index":"index","follow":"follow","max-snippet":"max-snippet:-1","max-image-preview":"max-image-preview:large","max-video-preview":"max-video-preview:-1"},"canonical":"https:\/\/blondeau.be\/fr\/produit\/kromschroder-dg-smart\/","og_locale":"fr_FR","og_type":"article","og_title":"Kromschr\u00f6der DG Smart - Blondeau","og_description":"Le DG Smart de Kromschr\u00f6der est un pressostat num\u00e9rique utilis\u00e9 pour surveiller les flux de gaz et d&rsquo;air dans les applications industrielles. L&rsquo;appareil offre des mesures pr\u00e9cises, une communication num\u00e9rique via IO-Link et un \u00e9cran convivial pour une configuration ais\u00e9e. Les fonctions intelligentes permettent au DG Smart d&rsquo;effectuer des diagnostics et une surveillance en temps [&hellip;]","og_url":"https:\/\/blondeau.be\/fr\/produit\/kromschroder-dg-smart\/","og_site_name":"Blondeau","article_modified_time":"2025-07-29T09:39:12+00:00","og_image":[{"width":358,"height":382,"url":"https:\/\/blondeau.be\/wp-content\/uploads\/2025\/03\/DG-Smart.jpg","type":"image\/jpeg"}],"twitter_card":"summary_large_image","twitter_misc":{"Dur\u00e9e de lecture estim\u00e9e":"1 minute"},"schema":{"@context":"https:\/\/schema.org","@graph":[{"@type":"WebPage","@id":"https:\/\/blondeau.be\/fr\/produit\/kromschroder-dg-smart\/","url":"https:\/\/blondeau.be\/fr\/produit\/kromschroder-dg-smart\/","name":"Kromschr\u00f6der DG Smart - Blondeau","isPartOf":{"@id":"https:\/\/blondeau.be\/fr\/#website"},"primaryImageOfPage":{"@id":"https:\/\/blondeau.be\/fr\/produit\/kromschroder-dg-smart\/#primaryimage"},"image":{"@id":"https:\/\/blondeau.be\/fr\/produit\/kromschroder-dg-smart\/#primaryimage"},"thumbnailUrl":"https:\/\/blondeau.be\/wp-content\/uploads\/2025\/03\/DG-Smart.jpg","datePublished":"2025-03-21T09:14:02+00:00","dateModified":"2025-07-29T09:39:12+00:00","breadcrumb":{"@id":"https:\/\/blondeau.be\/fr\/produit\/kromschroder-dg-smart\/#breadcrumb"},"inLanguage":"fr-FR","potentialAction":[{"@type":"ReadAction","target":["https:\/\/blondeau.be\/fr\/produit\/kromschroder-dg-smart\/"]}]},{"@type":"ImageObject","inLanguage":"fr-FR","@id":"https:\/\/blondeau.be\/fr\/produit\/kromschroder-dg-smart\/#primaryimage","url":"https:\/\/blondeau.be\/wp-content\/uploads\/2025\/03\/DG-Smart.jpg","contentUrl":"https:\/\/blondeau.be\/wp-content\/uploads\/2025\/03\/DG-Smart.jpg","width":358,"height":382},{"@type":"BreadcrumbList","@id":"https:\/\/blondeau.be\/fr\/produit\/kromschroder-dg-smart\/#breadcrumb","itemListElement":[{"@type":"ListItem","position":1,"name":"Home","item":"https:\/\/blondeau.be\/fr\/accueil\/"},{"@type":"ListItem","position":2,"name":"Catalogue des produits","item":"https:\/\/blondeau.be\/fr\/catalogue-des-produits\/"},{"@type":"ListItem","position":3,"name":"Kromschr\u00f6der DG Smart"}]},{"@type":"WebSite","@id":"https:\/\/blondeau.be\/fr\/#website","url":"https:\/\/blondeau.be\/fr\/","name":"Blondeau","description":"Industrial Heating","publisher":{"@id":"https:\/\/blondeau.be\/fr\/#organization"},"potentialAction":[{"@type":"SearchAction","target":{"@type":"EntryPoint","urlTemplate":"https:\/\/blondeau.be\/fr\/?s={search_term_string}"},"query-input":{"@type":"PropertyValueSpecification","valueRequired":true,"valueName":"search_term_string"}}],"inLanguage":"fr-FR"},{"@type":"Organization","@id":"https:\/\/blondeau.be\/fr\/#organization","name":"Blondeau","url":"https:\/\/blondeau.be\/fr\/","logo":{"@type":"ImageObject","inLanguage":"fr-FR","@id":"https:\/\/blondeau.be\/fr\/#\/schema\/logo\/image\/","url":"https:\/\/blondeau.be\/wp-content\/uploads\/2025\/08\/Logo.jpg","contentUrl":"https:\/\/blondeau.be\/wp-content\/uploads\/2025\/08\/Logo.jpg","width":600,"height":600,"caption":"Blondeau"},"image":{"@id":"https:\/\/blondeau.be\/fr\/#\/schema\/logo\/image\/"}}]}},"_links":{"self":[{"href":"https:\/\/blondeau.be\/fr\/wp-json\/wp\/v2\/product\/27765","targetHints":{"allow":["GET"]}}],"collection":[{"href":"https:\/\/blondeau.be\/fr\/wp-json\/wp\/v2\/product"}],"about":[{"href":"https:\/\/blondeau.be\/fr\/wp-json\/wp\/v2\/types\/product"}],"wp:featuredmedia":[{"embeddable":true,"href":"https:\/\/blondeau.be\/fr\/wp-json\/wp\/v2\/media\/27769"}],"wp:attachment":[{"href":"https:\/\/blondeau.be\/fr\/wp-json\/wp\/v2\/media?parent=27765"}],"wp:term":[{"taxonomy":"product_brand","embeddable":true,"href":"https:\/\/blondeau.be\/fr\/wp-json\/wp\/v2\/product_brand?post=27765"},{"taxonomy":"product_cat","embeddable":true,"href":"https:\/\/blondeau.be\/fr\/wp-json\/wp\/v2\/product_cat?post=27765"},{"taxonomy":"product_tag","embeddable":true,"href":"https:\/\/blondeau.be\/fr\/wp-json\/wp\/v2\/product_tag?post=27765"}],"curies":[{"name":"wp","href":"https:\/\/api.w.org\/{rel}","templated":true}]}}