{"id":27764,"date":"2025-03-20T19:00:19","date_gmt":"2025-03-20T17:00:19","guid":{"rendered":"https:\/\/blondeau.be\/product\/kromschroder-dl\/"},"modified":"2025-09-02T12:25:32","modified_gmt":"2025-09-02T10:25:32","slug":"kromschroder-dl","status":"publish","type":"product","link":"https:\/\/blondeau.be\/fr\/produit\/kromschroder-dl\/","title":{"rendered":"Kromschr\u00f6der DL"},"content":{"rendered":"<p>Le <strong>DL<\/strong> de Kromschr\u00f6der est un pressostat utilis\u00e9 pour contr\u00f4ler les flux d&rsquo;air et les gaz de combustion dans les syst\u00e8mes de combustion industriels. Il se d\u00e9clenche \u00e0 une valeur de pression pr\u00e9d\u00e9finie et assure un fonctionnement s\u00fbr des br\u00fbleurs \u00e0 gaz et des ventilateurs. La s\u00e9rie DL est compacte, fiable et adapt\u00e9e \u00e0 diff\u00e9rentes plages de pression.  <\/p>\n<p><strong>Caract\u00e9ristiques et avantages :<\/strong><\/p>\n<ul>\n<li>Plage de contr\u00f4le : -1,5 &#8211; 150 mbar (selon le type)<\/li>\n<li>Valeur IP en fonction du type<\/li>\n<li>Pression d&rsquo;entr\u00e9e maximale : 50, 150 ou 300 mbar<\/li>\n<li>Raccordement : fiche ou presse-\u00e9toupe<\/li>\n<li>Voyant lumineux pour le retour d&rsquo;information<\/li>\n<li>Certifi\u00e9 par l&rsquo;UE<\/li>\n<\/ul>\n<p><strong>Documentation :<\/strong><\/p>\n","protected":false},"excerpt":{"rendered":"<p>Le DL de Kromschr\u00f6der est un pressostat utilis\u00e9 pour contr\u00f4ler les flux d&rsquo;air et les gaz de combustion dans les syst\u00e8mes de combustion industriels. Il se d\u00e9clenche \u00e0 une valeur de pression pr\u00e9d\u00e9finie et assure un fonctionnement s\u00fbr des br\u00fbleurs \u00e0 gaz et des ventilateurs. La s\u00e9rie DL est compacte, fiable et adapt\u00e9e \u00e0 diff\u00e9rentes [&hellip;]<\/p>\n","protected":false},"featured_media":27766,"template":"","meta":{"_acf_changed":false},"product_brand":[],"product_cat":[351],"product_tag":[352],"class_list":{"0":"post-27764","1":"product","2":"type-product","3":"status-publish","4":"has-post-thumbnail","6":"product_cat-pressostats","7":"product_tag-pressostats","9":"first","10":"instock","11":"taxable","12":"shipping-taxable","13":"product-type-simple"},"acf":[],"yoast_head":"<!-- This site is optimized with the Yoast SEO plugin v26.8 - https:\/\/yoast.com\/product\/yoast-seo-wordpress\/ -->\n<title>Kromschr\u00f6der DL - Blondeau<\/title>\n<meta name=\"robots\" content=\"index, follow, max-snippet:-1, max-image-preview:large, max-video-preview:-1\" \/>\n<link rel=\"canonical\" href=\"https:\/\/blondeau.be\/fr\/produit\/kromschroder-dl\/\" \/>\n<meta property=\"og:locale\" content=\"fr_FR\" \/>\n<meta property=\"og:type\" content=\"article\" \/>\n<meta property=\"og:title\" content=\"Kromschr\u00f6der DL - Blondeau\" \/>\n<meta property=\"og:description\" content=\"Le DL de Kromschr\u00f6der est un pressostat utilis\u00e9 pour contr\u00f4ler les flux d&rsquo;air et les gaz de combustion dans les syst\u00e8mes de combustion industriels. Il se d\u00e9clenche \u00e0 une valeur de pression pr\u00e9d\u00e9finie et assure un fonctionnement s\u00fbr des br\u00fbleurs \u00e0 gaz et des ventilateurs. La s\u00e9rie DL est compacte, fiable et adapt\u00e9e \u00e0 diff\u00e9rentes [&hellip;]\" \/>\n<meta property=\"og:url\" content=\"https:\/\/blondeau.be\/fr\/produit\/kromschroder-dl\/\" \/>\n<meta property=\"og:site_name\" content=\"Blondeau\" \/>\n<meta property=\"article:modified_time\" content=\"2025-09-02T10:25:32+00:00\" \/>\n<meta property=\"og:image\" content=\"https:\/\/blondeau.be\/wp-content\/uploads\/2025\/03\/DL.jpg\" \/>\n\t<meta property=\"og:image:width\" content=\"358\" \/>\n\t<meta property=\"og:image:height\" content=\"329\" \/>\n\t<meta property=\"og:image:type\" content=\"image\/jpeg\" \/>\n<meta name=\"twitter:card\" content=\"summary_large_image\" \/>\n<meta name=\"twitter:label1\" content=\"Dur\u00e9e de lecture estim\u00e9e\" \/>\n\t<meta name=\"twitter:data1\" content=\"1 minute\" \/>\n<script type=\"application\/ld+json\" class=\"yoast-schema-graph\">{\"@context\":\"https:\/\/schema.org\",\"@graph\":[{\"@type\":\"WebPage\",\"@id\":\"https:\/\/blondeau.be\/fr\/produit\/kromschroder-dl\/\",\"url\":\"https:\/\/blondeau.be\/fr\/produit\/kromschroder-dl\/\",\"name\":\"Kromschr\u00f6der DL - Blondeau\",\"isPartOf\":{\"@id\":\"https:\/\/blondeau.be\/fr\/#website\"},\"primaryImageOfPage\":{\"@id\":\"https:\/\/blondeau.be\/fr\/produit\/kromschroder-dl\/#primaryimage\"},\"image\":{\"@id\":\"https:\/\/blondeau.be\/fr\/produit\/kromschroder-dl\/#primaryimage\"},\"thumbnailUrl\":\"https:\/\/blondeau.be\/wp-content\/uploads\/2025\/03\/DL.jpg\",\"datePublished\":\"2025-03-20T17:00:19+00:00\",\"dateModified\":\"2025-09-02T10:25:32+00:00\",\"breadcrumb\":{\"@id\":\"https:\/\/blondeau.be\/fr\/produit\/kromschroder-dl\/#breadcrumb\"},\"inLanguage\":\"fr-FR\",\"potentialAction\":[{\"@type\":\"ReadAction\",\"target\":[\"https:\/\/blondeau.be\/fr\/produit\/kromschroder-dl\/\"]}]},{\"@type\":\"ImageObject\",\"inLanguage\":\"fr-FR\",\"@id\":\"https:\/\/blondeau.be\/fr\/produit\/kromschroder-dl\/#primaryimage\",\"url\":\"https:\/\/blondeau.be\/wp-content\/uploads\/2025\/03\/DL.jpg\",\"contentUrl\":\"https:\/\/blondeau.be\/wp-content\/uploads\/2025\/03\/DL.jpg\",\"width\":358,\"height\":329},{\"@type\":\"BreadcrumbList\",\"@id\":\"https:\/\/blondeau.be\/fr\/produit\/kromschroder-dl\/#breadcrumb\",\"itemListElement\":[{\"@type\":\"ListItem\",\"position\":1,\"name\":\"Home\",\"item\":\"https:\/\/blondeau.be\/fr\/accueil\/\"},{\"@type\":\"ListItem\",\"position\":2,\"name\":\"Catalogue des produits\",\"item\":\"https:\/\/blondeau.be\/fr\/catalogue-des-produits\/\"},{\"@type\":\"ListItem\",\"position\":3,\"name\":\"Kromschr\u00f6der DL\"}]},{\"@type\":\"WebSite\",\"@id\":\"https:\/\/blondeau.be\/fr\/#website\",\"url\":\"https:\/\/blondeau.be\/fr\/\",\"name\":\"Blondeau\",\"description\":\"Industrial Heating\",\"publisher\":{\"@id\":\"https:\/\/blondeau.be\/fr\/#organization\"},\"potentialAction\":[{\"@type\":\"SearchAction\",\"target\":{\"@type\":\"EntryPoint\",\"urlTemplate\":\"https:\/\/blondeau.be\/fr\/?s={search_term_string}\"},\"query-input\":{\"@type\":\"PropertyValueSpecification\",\"valueRequired\":true,\"valueName\":\"search_term_string\"}}],\"inLanguage\":\"fr-FR\"},{\"@type\":\"Organization\",\"@id\":\"https:\/\/blondeau.be\/fr\/#organization\",\"name\":\"Blondeau\",\"url\":\"https:\/\/blondeau.be\/fr\/\",\"logo\":{\"@type\":\"ImageObject\",\"inLanguage\":\"fr-FR\",\"@id\":\"https:\/\/blondeau.be\/fr\/#\/schema\/logo\/image\/\",\"url\":\"https:\/\/blondeau.be\/wp-content\/uploads\/2025\/08\/Logo.jpg\",\"contentUrl\":\"https:\/\/blondeau.be\/wp-content\/uploads\/2025\/08\/Logo.jpg\",\"width\":600,\"height\":600,\"caption\":\"Blondeau\"},\"image\":{\"@id\":\"https:\/\/blondeau.be\/fr\/#\/schema\/logo\/image\/\"}}]}<\/script>\n<!-- \/ Yoast SEO plugin. -->","yoast_head_json":{"title":"Kromschr\u00f6der DL - Blondeau","robots":{"index":"index","follow":"follow","max-snippet":"max-snippet:-1","max-image-preview":"max-image-preview:large","max-video-preview":"max-video-preview:-1"},"canonical":"https:\/\/blondeau.be\/fr\/produit\/kromschroder-dl\/","og_locale":"fr_FR","og_type":"article","og_title":"Kromschr\u00f6der DL - Blondeau","og_description":"Le DL de Kromschr\u00f6der est un pressostat utilis\u00e9 pour contr\u00f4ler les flux d&rsquo;air et les gaz de combustion dans les syst\u00e8mes de combustion industriels. Il se d\u00e9clenche \u00e0 une valeur de pression pr\u00e9d\u00e9finie et assure un fonctionnement s\u00fbr des br\u00fbleurs \u00e0 gaz et des ventilateurs. La s\u00e9rie DL est compacte, fiable et adapt\u00e9e \u00e0 diff\u00e9rentes [&hellip;]","og_url":"https:\/\/blondeau.be\/fr\/produit\/kromschroder-dl\/","og_site_name":"Blondeau","article_modified_time":"2025-09-02T10:25:32+00:00","og_image":[{"width":358,"height":329,"url":"https:\/\/blondeau.be\/wp-content\/uploads\/2025\/03\/DL.jpg","type":"image\/jpeg"}],"twitter_card":"summary_large_image","twitter_misc":{"Dur\u00e9e de lecture estim\u00e9e":"1 minute"},"schema":{"@context":"https:\/\/schema.org","@graph":[{"@type":"WebPage","@id":"https:\/\/blondeau.be\/fr\/produit\/kromschroder-dl\/","url":"https:\/\/blondeau.be\/fr\/produit\/kromschroder-dl\/","name":"Kromschr\u00f6der DL - Blondeau","isPartOf":{"@id":"https:\/\/blondeau.be\/fr\/#website"},"primaryImageOfPage":{"@id":"https:\/\/blondeau.be\/fr\/produit\/kromschroder-dl\/#primaryimage"},"image":{"@id":"https:\/\/blondeau.be\/fr\/produit\/kromschroder-dl\/#primaryimage"},"thumbnailUrl":"https:\/\/blondeau.be\/wp-content\/uploads\/2025\/03\/DL.jpg","datePublished":"2025-03-20T17:00:19+00:00","dateModified":"2025-09-02T10:25:32+00:00","breadcrumb":{"@id":"https:\/\/blondeau.be\/fr\/produit\/kromschroder-dl\/#breadcrumb"},"inLanguage":"fr-FR","potentialAction":[{"@type":"ReadAction","target":["https:\/\/blondeau.be\/fr\/produit\/kromschroder-dl\/"]}]},{"@type":"ImageObject","inLanguage":"fr-FR","@id":"https:\/\/blondeau.be\/fr\/produit\/kromschroder-dl\/#primaryimage","url":"https:\/\/blondeau.be\/wp-content\/uploads\/2025\/03\/DL.jpg","contentUrl":"https:\/\/blondeau.be\/wp-content\/uploads\/2025\/03\/DL.jpg","width":358,"height":329},{"@type":"BreadcrumbList","@id":"https:\/\/blondeau.be\/fr\/produit\/kromschroder-dl\/#breadcrumb","itemListElement":[{"@type":"ListItem","position":1,"name":"Home","item":"https:\/\/blondeau.be\/fr\/accueil\/"},{"@type":"ListItem","position":2,"name":"Catalogue des produits","item":"https:\/\/blondeau.be\/fr\/catalogue-des-produits\/"},{"@type":"ListItem","position":3,"name":"Kromschr\u00f6der DL"}]},{"@type":"WebSite","@id":"https:\/\/blondeau.be\/fr\/#website","url":"https:\/\/blondeau.be\/fr\/","name":"Blondeau","description":"Industrial Heating","publisher":{"@id":"https:\/\/blondeau.be\/fr\/#organization"},"potentialAction":[{"@type":"SearchAction","target":{"@type":"EntryPoint","urlTemplate":"https:\/\/blondeau.be\/fr\/?s={search_term_string}"},"query-input":{"@type":"PropertyValueSpecification","valueRequired":true,"valueName":"search_term_string"}}],"inLanguage":"fr-FR"},{"@type":"Organization","@id":"https:\/\/blondeau.be\/fr\/#organization","name":"Blondeau","url":"https:\/\/blondeau.be\/fr\/","logo":{"@type":"ImageObject","inLanguage":"fr-FR","@id":"https:\/\/blondeau.be\/fr\/#\/schema\/logo\/image\/","url":"https:\/\/blondeau.be\/wp-content\/uploads\/2025\/08\/Logo.jpg","contentUrl":"https:\/\/blondeau.be\/wp-content\/uploads\/2025\/08\/Logo.jpg","width":600,"height":600,"caption":"Blondeau"},"image":{"@id":"https:\/\/blondeau.be\/fr\/#\/schema\/logo\/image\/"}}]}},"_links":{"self":[{"href":"https:\/\/blondeau.be\/fr\/wp-json\/wp\/v2\/product\/27764","targetHints":{"allow":["GET"]}}],"collection":[{"href":"https:\/\/blondeau.be\/fr\/wp-json\/wp\/v2\/product"}],"about":[{"href":"https:\/\/blondeau.be\/fr\/wp-json\/wp\/v2\/types\/product"}],"wp:featuredmedia":[{"embeddable":true,"href":"https:\/\/blondeau.be\/fr\/wp-json\/wp\/v2\/media\/27766"}],"wp:attachment":[{"href":"https:\/\/blondeau.be\/fr\/wp-json\/wp\/v2\/media?parent=27764"}],"wp:term":[{"taxonomy":"product_brand","embeddable":true,"href":"https:\/\/blondeau.be\/fr\/wp-json\/wp\/v2\/product_brand?post=27764"},{"taxonomy":"product_cat","embeddable":true,"href":"https:\/\/blondeau.be\/fr\/wp-json\/wp\/v2\/product_cat?post=27764"},{"taxonomy":"product_tag","embeddable":true,"href":"https:\/\/blondeau.be\/fr\/wp-json\/wp\/v2\/product_tag?post=27764"}],"curies":[{"name":"wp","href":"https:\/\/api.w.org\/{rel}","templated":true}]}}