{"id":27749,"date":"2025-03-18T18:25:43","date_gmt":"2025-03-18T16:25:43","guid":{"rendered":"https:\/\/blondeau.be\/product\/kromschroder-vg\/"},"modified":"2025-09-01T17:41:24","modified_gmt":"2025-09-01T15:41:24","slug":"kromschroder-vg","status":"publish","type":"product","link":"https:\/\/blondeau.be\/fr\/produit\/kromschroder-vg\/","title":{"rendered":"Kromschr\u00f6der VG"},"content":{"rendered":"<p data-start=\"0\" data-end=\"172\">Les \u00e9lectrovannes <strong data-start=\"3\" data-end=\"26\">VG <\/strong>de Kromschr\u00f6der sont des vannes de s\u00e9curit\u00e9 utilis\u00e9es pour s\u00e9curiser et contr\u00f4ler l&rsquo;alimentation en gaz et en air dans diverses applications de processus industriels.<\/p>\n<p><\/p>\n<p data-start=\"0\" data-end=\"172\"><strong>Caract\u00e9ristiques et avantages :<\/strong><\/p>\n<p><\/p>\n<ul>\n<li>Diam\u00e8tres nominaux (DN) : 6 \u00e0 65<\/li>\n<li>Raccords : filet\u00e9s ou \u00e0 bride<\/li>\n<li>Modes de fonctionnement : ouverture et fermeture rapides ou ouverture lente et fermeture rapide<\/li>\n<li>Tensions secteur : 24 V DC, 120 V AC ou 230 V AC<\/li>\n<li>IP 54<\/li>\n<li>Pression d&rsquo;entr\u00e9e max. 100 mbar \u00e0 1,8 bar de pression d&rsquo;entr\u00e9e (selon la version)<\/li>\n<li>Certification UE<\/li>\n<li>Normalement ferm\u00e9<\/li>\n<li>Convient \u00e0 l&rsquo;hydrog\u00e8ne<\/li>\n<\/ul>\n<p><strong>Documentation :<\/strong><\/p>\n","protected":false},"excerpt":{"rendered":"<p>Les \u00e9lectrovannes VG de Kromschr\u00f6der sont des vannes de s\u00e9curit\u00e9 utilis\u00e9es pour s\u00e9curiser et contr\u00f4ler l&rsquo;alimentation en gaz et en air dans diverses applications de processus industriels. Caract\u00e9ristiques et avantages : Diam\u00e8tres nominaux (DN) : 6 \u00e0 65 Raccords : filet\u00e9s ou \u00e0 bride Modes de fonctionnement : ouverture et fermeture rapides ou ouverture lente [&hellip;]<\/p>\n","protected":false},"featured_media":27750,"template":"","meta":{"_acf_changed":false},"product_brand":[],"product_cat":[347],"product_tag":[348],"class_list":{"0":"post-27749","1":"product","2":"type-product","3":"status-publish","4":"has-post-thumbnail","6":"product_cat-electrovannes","7":"product_tag-electrovannes","9":"first","10":"instock","11":"taxable","12":"shipping-taxable","13":"product-type-simple"},"acf":[],"yoast_head":"<!-- This site is optimized with the Yoast SEO plugin v26.8 - https:\/\/yoast.com\/product\/yoast-seo-wordpress\/ -->\n<title>Kromschr\u00f6der VG - Blondeau<\/title>\n<meta name=\"robots\" content=\"index, follow, max-snippet:-1, max-image-preview:large, max-video-preview:-1\" \/>\n<link rel=\"canonical\" href=\"https:\/\/blondeau.be\/fr\/produit\/kromschroder-vg\/\" \/>\n<meta property=\"og:locale\" content=\"fr_FR\" \/>\n<meta property=\"og:type\" content=\"article\" \/>\n<meta property=\"og:title\" content=\"Kromschr\u00f6der VG - Blondeau\" \/>\n<meta property=\"og:description\" content=\"Les \u00e9lectrovannes VG de Kromschr\u00f6der sont des vannes de s\u00e9curit\u00e9 utilis\u00e9es pour s\u00e9curiser et contr\u00f4ler l&rsquo;alimentation en gaz et en air dans diverses applications de processus industriels. Caract\u00e9ristiques et avantages : Diam\u00e8tres nominaux (DN) : 6 \u00e0 65 Raccords : filet\u00e9s ou \u00e0 bride Modes de fonctionnement : ouverture et fermeture rapides ou ouverture lente [&hellip;]\" \/>\n<meta property=\"og:url\" content=\"https:\/\/blondeau.be\/fr\/produit\/kromschroder-vg\/\" \/>\n<meta property=\"og:site_name\" content=\"Blondeau\" \/>\n<meta property=\"article:modified_time\" content=\"2025-09-01T15:41:24+00:00\" \/>\n<meta property=\"og:image\" content=\"https:\/\/blondeau.be\/wp-content\/uploads\/2025\/03\/VG.jpg\" \/>\n\t<meta property=\"og:image:width\" content=\"542\" \/>\n\t<meta property=\"og:image:height\" content=\"576\" \/>\n\t<meta property=\"og:image:type\" content=\"image\/jpeg\" \/>\n<meta name=\"twitter:card\" content=\"summary_large_image\" \/>\n<meta name=\"twitter:label1\" content=\"Dur\u00e9e de lecture estim\u00e9e\" \/>\n\t<meta name=\"twitter:data1\" content=\"1 minute\" \/>\n<script type=\"application\/ld+json\" class=\"yoast-schema-graph\">{\"@context\":\"https:\/\/schema.org\",\"@graph\":[{\"@type\":\"WebPage\",\"@id\":\"https:\/\/blondeau.be\/fr\/produit\/kromschroder-vg\/\",\"url\":\"https:\/\/blondeau.be\/fr\/produit\/kromschroder-vg\/\",\"name\":\"Kromschr\u00f6der VG - Blondeau\",\"isPartOf\":{\"@id\":\"https:\/\/blondeau.be\/fr\/#website\"},\"primaryImageOfPage\":{\"@id\":\"https:\/\/blondeau.be\/fr\/produit\/kromschroder-vg\/#primaryimage\"},\"image\":{\"@id\":\"https:\/\/blondeau.be\/fr\/produit\/kromschroder-vg\/#primaryimage\"},\"thumbnailUrl\":\"https:\/\/blondeau.be\/wp-content\/uploads\/2025\/03\/VG.jpg\",\"datePublished\":\"2025-03-18T16:25:43+00:00\",\"dateModified\":\"2025-09-01T15:41:24+00:00\",\"breadcrumb\":{\"@id\":\"https:\/\/blondeau.be\/fr\/produit\/kromschroder-vg\/#breadcrumb\"},\"inLanguage\":\"fr-FR\",\"potentialAction\":[{\"@type\":\"ReadAction\",\"target\":[\"https:\/\/blondeau.be\/fr\/produit\/kromschroder-vg\/\"]}]},{\"@type\":\"ImageObject\",\"inLanguage\":\"fr-FR\",\"@id\":\"https:\/\/blondeau.be\/fr\/produit\/kromschroder-vg\/#primaryimage\",\"url\":\"https:\/\/blondeau.be\/wp-content\/uploads\/2025\/03\/VG.jpg\",\"contentUrl\":\"https:\/\/blondeau.be\/wp-content\/uploads\/2025\/03\/VG.jpg\",\"width\":542,\"height\":576},{\"@type\":\"BreadcrumbList\",\"@id\":\"https:\/\/blondeau.be\/fr\/produit\/kromschroder-vg\/#breadcrumb\",\"itemListElement\":[{\"@type\":\"ListItem\",\"position\":1,\"name\":\"Home\",\"item\":\"https:\/\/blondeau.be\/fr\/accueil\/\"},{\"@type\":\"ListItem\",\"position\":2,\"name\":\"Catalogue des produits\",\"item\":\"https:\/\/blondeau.be\/fr\/catalogue-des-produits\/\"},{\"@type\":\"ListItem\",\"position\":3,\"name\":\"Kromschr\u00f6der VG\"}]},{\"@type\":\"WebSite\",\"@id\":\"https:\/\/blondeau.be\/fr\/#website\",\"url\":\"https:\/\/blondeau.be\/fr\/\",\"name\":\"Blondeau\",\"description\":\"Industrial Heating\",\"publisher\":{\"@id\":\"https:\/\/blondeau.be\/fr\/#organization\"},\"potentialAction\":[{\"@type\":\"SearchAction\",\"target\":{\"@type\":\"EntryPoint\",\"urlTemplate\":\"https:\/\/blondeau.be\/fr\/?s={search_term_string}\"},\"query-input\":{\"@type\":\"PropertyValueSpecification\",\"valueRequired\":true,\"valueName\":\"search_term_string\"}}],\"inLanguage\":\"fr-FR\"},{\"@type\":\"Organization\",\"@id\":\"https:\/\/blondeau.be\/fr\/#organization\",\"name\":\"Blondeau\",\"url\":\"https:\/\/blondeau.be\/fr\/\",\"logo\":{\"@type\":\"ImageObject\",\"inLanguage\":\"fr-FR\",\"@id\":\"https:\/\/blondeau.be\/fr\/#\/schema\/logo\/image\/\",\"url\":\"https:\/\/blondeau.be\/wp-content\/uploads\/2025\/08\/Logo.jpg\",\"contentUrl\":\"https:\/\/blondeau.be\/wp-content\/uploads\/2025\/08\/Logo.jpg\",\"width\":600,\"height\":600,\"caption\":\"Blondeau\"},\"image\":{\"@id\":\"https:\/\/blondeau.be\/fr\/#\/schema\/logo\/image\/\"}}]}<\/script>\n<!-- \/ Yoast SEO plugin. -->","yoast_head_json":{"title":"Kromschr\u00f6der VG - Blondeau","robots":{"index":"index","follow":"follow","max-snippet":"max-snippet:-1","max-image-preview":"max-image-preview:large","max-video-preview":"max-video-preview:-1"},"canonical":"https:\/\/blondeau.be\/fr\/produit\/kromschroder-vg\/","og_locale":"fr_FR","og_type":"article","og_title":"Kromschr\u00f6der VG - Blondeau","og_description":"Les \u00e9lectrovannes VG de Kromschr\u00f6der sont des vannes de s\u00e9curit\u00e9 utilis\u00e9es pour s\u00e9curiser et contr\u00f4ler l&rsquo;alimentation en gaz et en air dans diverses applications de processus industriels. Caract\u00e9ristiques et avantages : Diam\u00e8tres nominaux (DN) : 6 \u00e0 65 Raccords : filet\u00e9s ou \u00e0 bride Modes de fonctionnement : ouverture et fermeture rapides ou ouverture lente [&hellip;]","og_url":"https:\/\/blondeau.be\/fr\/produit\/kromschroder-vg\/","og_site_name":"Blondeau","article_modified_time":"2025-09-01T15:41:24+00:00","og_image":[{"width":542,"height":576,"url":"https:\/\/blondeau.be\/wp-content\/uploads\/2025\/03\/VG.jpg","type":"image\/jpeg"}],"twitter_card":"summary_large_image","twitter_misc":{"Dur\u00e9e de lecture estim\u00e9e":"1 minute"},"schema":{"@context":"https:\/\/schema.org","@graph":[{"@type":"WebPage","@id":"https:\/\/blondeau.be\/fr\/produit\/kromschroder-vg\/","url":"https:\/\/blondeau.be\/fr\/produit\/kromschroder-vg\/","name":"Kromschr\u00f6der VG - Blondeau","isPartOf":{"@id":"https:\/\/blondeau.be\/fr\/#website"},"primaryImageOfPage":{"@id":"https:\/\/blondeau.be\/fr\/produit\/kromschroder-vg\/#primaryimage"},"image":{"@id":"https:\/\/blondeau.be\/fr\/produit\/kromschroder-vg\/#primaryimage"},"thumbnailUrl":"https:\/\/blondeau.be\/wp-content\/uploads\/2025\/03\/VG.jpg","datePublished":"2025-03-18T16:25:43+00:00","dateModified":"2025-09-01T15:41:24+00:00","breadcrumb":{"@id":"https:\/\/blondeau.be\/fr\/produit\/kromschroder-vg\/#breadcrumb"},"inLanguage":"fr-FR","potentialAction":[{"@type":"ReadAction","target":["https:\/\/blondeau.be\/fr\/produit\/kromschroder-vg\/"]}]},{"@type":"ImageObject","inLanguage":"fr-FR","@id":"https:\/\/blondeau.be\/fr\/produit\/kromschroder-vg\/#primaryimage","url":"https:\/\/blondeau.be\/wp-content\/uploads\/2025\/03\/VG.jpg","contentUrl":"https:\/\/blondeau.be\/wp-content\/uploads\/2025\/03\/VG.jpg","width":542,"height":576},{"@type":"BreadcrumbList","@id":"https:\/\/blondeau.be\/fr\/produit\/kromschroder-vg\/#breadcrumb","itemListElement":[{"@type":"ListItem","position":1,"name":"Home","item":"https:\/\/blondeau.be\/fr\/accueil\/"},{"@type":"ListItem","position":2,"name":"Catalogue des produits","item":"https:\/\/blondeau.be\/fr\/catalogue-des-produits\/"},{"@type":"ListItem","position":3,"name":"Kromschr\u00f6der VG"}]},{"@type":"WebSite","@id":"https:\/\/blondeau.be\/fr\/#website","url":"https:\/\/blondeau.be\/fr\/","name":"Blondeau","description":"Industrial Heating","publisher":{"@id":"https:\/\/blondeau.be\/fr\/#organization"},"potentialAction":[{"@type":"SearchAction","target":{"@type":"EntryPoint","urlTemplate":"https:\/\/blondeau.be\/fr\/?s={search_term_string}"},"query-input":{"@type":"PropertyValueSpecification","valueRequired":true,"valueName":"search_term_string"}}],"inLanguage":"fr-FR"},{"@type":"Organization","@id":"https:\/\/blondeau.be\/fr\/#organization","name":"Blondeau","url":"https:\/\/blondeau.be\/fr\/","logo":{"@type":"ImageObject","inLanguage":"fr-FR","@id":"https:\/\/blondeau.be\/fr\/#\/schema\/logo\/image\/","url":"https:\/\/blondeau.be\/wp-content\/uploads\/2025\/08\/Logo.jpg","contentUrl":"https:\/\/blondeau.be\/wp-content\/uploads\/2025\/08\/Logo.jpg","width":600,"height":600,"caption":"Blondeau"},"image":{"@id":"https:\/\/blondeau.be\/fr\/#\/schema\/logo\/image\/"}}]}},"_links":{"self":[{"href":"https:\/\/blondeau.be\/fr\/wp-json\/wp\/v2\/product\/27749","targetHints":{"allow":["GET"]}}],"collection":[{"href":"https:\/\/blondeau.be\/fr\/wp-json\/wp\/v2\/product"}],"about":[{"href":"https:\/\/blondeau.be\/fr\/wp-json\/wp\/v2\/types\/product"}],"wp:featuredmedia":[{"embeddable":true,"href":"https:\/\/blondeau.be\/fr\/wp-json\/wp\/v2\/media\/27750"}],"wp:attachment":[{"href":"https:\/\/blondeau.be\/fr\/wp-json\/wp\/v2\/media?parent=27749"}],"wp:term":[{"taxonomy":"product_brand","embeddable":true,"href":"https:\/\/blondeau.be\/fr\/wp-json\/wp\/v2\/product_brand?post=27749"},{"taxonomy":"product_cat","embeddable":true,"href":"https:\/\/blondeau.be\/fr\/wp-json\/wp\/v2\/product_cat?post=27749"},{"taxonomy":"product_tag","embeddable":true,"href":"https:\/\/blondeau.be\/fr\/wp-json\/wp\/v2\/product_tag?post=27749"}],"curies":[{"name":"wp","href":"https:\/\/api.w.org\/{rel}","templated":true}]}}