{"id":27738,"date":"2025-03-30T22:34:22","date_gmt":"2025-03-30T20:34:22","guid":{"rendered":"https:\/\/blondeau.be\/product\/honeywell-ec-rm-7830\/"},"modified":"2025-09-02T10:19:12","modified_gmt":"2025-09-02T08:19:12","slug":"honeywell-ec-rm-7830","status":"publish","type":"product","link":"https:\/\/blondeau.be\/fr\/produit\/honeywell-ec-rm-7830\/","title":{"rendered":"Honeywell EC\/RM 7830"},"content":{"rendered":"<p><strong>Le module relais Honeywell EC7830 (230VAC) ou RM7830 (120VAC)<\/strong> est un contr\u00f4le de br\u00fbleur int\u00e9gr\u00e9 bas\u00e9 sur un microprocesseur pour les br\u00fbleurs \u00e0 gaz \u00e0 allumage automatique <strong>avec commande marche\/arr\u00eat (on\/off)<\/strong>. La base, l&rsquo;amplificateur et la carte de purge (temps de pr\u00e9-purge) sont n\u00e9cessaires pour compl\u00e9ter le syst\u00e8me et sont s\u00e9lectionn\u00e9s en fonction des conditions de processus souhait\u00e9es. L&rsquo;afficheur optionnel peut \u00eatre mont\u00e9 sur le module de relais ou sur la face avant d&rsquo;un panneau de porte. L&rsquo;afficheur peut \u00e9galement \u00eatre mont\u00e9 \u00e0 distance du panneau, \u00e0 condition que cela soit approuv\u00e9 pour l&rsquo;application. Les fonctions de base de l&rsquo;EC\/RM7830 comprennent le s\u00e9quencement automatique des br\u00fbleurs, la surveillance de la flamme, l&rsquo;indication de l&rsquo;\u00e9tat du syst\u00e8me, le diagnostic du syst\u00e8me ou l&rsquo;autodiagnostic et le d\u00e9pannage.    <\/p>\n<p><strong>Caract\u00e9ristiques et avantages :<\/strong><br \/>\n<br \/>&nbsp;<\/p>\n<ul>\n<li>Amplificateurs de flamme interchangeables et enfichables en fonction des param\u00e8tres de processus souhait\u00e9s<\/li>\n<li>Pr\u00e9servation des fichiers historiques et de l&rsquo;\u00e9tat des s\u00e9quences apr\u00e8s une coupure de courant<\/li>\n<li>Tentatives d&rsquo;allumage : 1 ou 5 (s\u00e9lection par num\u00e9ro de mod\u00e8le)<\/li>\n<li>R\u00e9initialisation \u00e0 distance<\/li>\n<li>Module d&rsquo;affichage \u00e0 distance<\/li>\n<li>Les donn\u00e9es suivantes concernant le contr\u00f4le du br\u00fbleur sont disponibles sur le module d&rsquo;affichage (en option) :\n<ul>\n<li>Puissance du signal de la flamme<\/li>\n<li>\u00c9tat du verrouillage\/de l&rsquo;alarme<\/li>\n<li>\u00c9tat de la s\u00e9quence<\/li>\n<li>Nombre total de cycles de travail<\/li>\n<li>Nombre total d&rsquo;heures de fonctionnement<\/li>\n<li>Historique des failles avec les six failles les plus r\u00e9centes<\/li>\n<li>Informations de diagnostic (type d&rsquo;amplificateur de flamme, temps de r\u00e9ponse en cas de d\u00e9faillance de la flamme, \u00e9tat marche\/arr\u00eat de toutes les entr\u00e9es et sorties num\u00e9riques, temps de pr\u00e9-purge s\u00e9lectionn\u00e9, \u00e9tat des cavaliers de configuration, &#8230;)<\/li>\n<\/ul>\n<\/li>\n<\/ul>\n<p><strong>Documentation :<\/strong><br \/><\/p>\n","protected":false},"excerpt":{"rendered":"<p>Le module relais Honeywell EC7830 (230VAC) ou RM7830 (120VAC) est un contr\u00f4le de br\u00fbleur int\u00e9gr\u00e9 bas\u00e9 sur un microprocesseur pour les br\u00fbleurs \u00e0 gaz \u00e0 allumage automatique avec commande marche\/arr\u00eat (on\/off). La base, l&rsquo;amplificateur et la carte de purge (temps de pr\u00e9-purge) sont n\u00e9cessaires pour compl\u00e9ter le syst\u00e8me et sont s\u00e9lectionn\u00e9s en fonction des conditions [&hellip;]<\/p>\n","protected":false},"featured_media":26807,"template":"","meta":{"_acf_changed":false},"product_brand":[],"product_cat":[330],"product_tag":[331],"class_list":{"0":"post-27738","1":"product","2":"type-product","3":"status-publish","4":"has-post-thumbnail","6":"product_cat-commande-de-bruleurs","7":"product_tag-coffrets-de-commande","9":"first","10":"instock","11":"taxable","12":"shipping-taxable","13":"product-type-simple"},"acf":[],"yoast_head":"<!-- This site is optimized with the Yoast SEO plugin v26.8 - https:\/\/yoast.com\/product\/yoast-seo-wordpress\/ -->\n<title>Honeywell EC\/RM 7830 - Blondeau<\/title>\n<meta name=\"robots\" content=\"index, follow, max-snippet:-1, max-image-preview:large, max-video-preview:-1\" \/>\n<link rel=\"canonical\" href=\"https:\/\/blondeau.be\/fr\/produit\/honeywell-ec-rm-7830\/\" \/>\n<meta property=\"og:locale\" content=\"fr_FR\" \/>\n<meta property=\"og:type\" content=\"article\" \/>\n<meta property=\"og:title\" content=\"Honeywell EC\/RM 7830 - Blondeau\" \/>\n<meta property=\"og:description\" content=\"Le module relais Honeywell EC7830 (230VAC) ou RM7830 (120VAC) est un contr\u00f4le de br\u00fbleur int\u00e9gr\u00e9 bas\u00e9 sur un microprocesseur pour les br\u00fbleurs \u00e0 gaz \u00e0 allumage automatique avec commande marche\/arr\u00eat (on\/off). La base, l&rsquo;amplificateur et la carte de purge (temps de pr\u00e9-purge) sont n\u00e9cessaires pour compl\u00e9ter le syst\u00e8me et sont s\u00e9lectionn\u00e9s en fonction des conditions [&hellip;]\" \/>\n<meta property=\"og:url\" content=\"https:\/\/blondeau.be\/fr\/produit\/honeywell-ec-rm-7830\/\" \/>\n<meta property=\"og:site_name\" content=\"Blondeau\" \/>\n<meta property=\"article:modified_time\" content=\"2025-09-02T08:19:12+00:00\" \/>\n<meta property=\"og:image\" content=\"https:\/\/blondeau.be\/wp-content\/uploads\/2025\/03\/Hon-EC-RM-7850.jpg\" \/>\n\t<meta property=\"og:image:width\" content=\"438\" \/>\n\t<meta property=\"og:image:height\" content=\"388\" \/>\n\t<meta property=\"og:image:type\" content=\"image\/jpeg\" \/>\n<meta name=\"twitter:card\" content=\"summary_large_image\" \/>\n<meta name=\"twitter:label1\" content=\"Dur\u00e9e de lecture estim\u00e9e\" \/>\n\t<meta name=\"twitter:data1\" content=\"1 minute\" \/>\n<script type=\"application\/ld+json\" class=\"yoast-schema-graph\">{\"@context\":\"https:\/\/schema.org\",\"@graph\":[{\"@type\":\"WebPage\",\"@id\":\"https:\/\/blondeau.be\/fr\/produit\/honeywell-ec-rm-7830\/\",\"url\":\"https:\/\/blondeau.be\/fr\/produit\/honeywell-ec-rm-7830\/\",\"name\":\"Honeywell EC\/RM 7830 - Blondeau\",\"isPartOf\":{\"@id\":\"https:\/\/blondeau.be\/fr\/#website\"},\"primaryImageOfPage\":{\"@id\":\"https:\/\/blondeau.be\/fr\/produit\/honeywell-ec-rm-7830\/#primaryimage\"},\"image\":{\"@id\":\"https:\/\/blondeau.be\/fr\/produit\/honeywell-ec-rm-7830\/#primaryimage\"},\"thumbnailUrl\":\"https:\/\/blondeau.be\/wp-content\/uploads\/2025\/03\/Hon-EC-RM-7850.jpg\",\"datePublished\":\"2025-03-30T20:34:22+00:00\",\"dateModified\":\"2025-09-02T08:19:12+00:00\",\"breadcrumb\":{\"@id\":\"https:\/\/blondeau.be\/fr\/produit\/honeywell-ec-rm-7830\/#breadcrumb\"},\"inLanguage\":\"fr-FR\",\"potentialAction\":[{\"@type\":\"ReadAction\",\"target\":[\"https:\/\/blondeau.be\/fr\/produit\/honeywell-ec-rm-7830\/\"]}]},{\"@type\":\"ImageObject\",\"inLanguage\":\"fr-FR\",\"@id\":\"https:\/\/blondeau.be\/fr\/produit\/honeywell-ec-rm-7830\/#primaryimage\",\"url\":\"https:\/\/blondeau.be\/wp-content\/uploads\/2025\/03\/Hon-EC-RM-7850.jpg\",\"contentUrl\":\"https:\/\/blondeau.be\/wp-content\/uploads\/2025\/03\/Hon-EC-RM-7850.jpg\",\"width\":438,\"height\":388},{\"@type\":\"BreadcrumbList\",\"@id\":\"https:\/\/blondeau.be\/fr\/produit\/honeywell-ec-rm-7830\/#breadcrumb\",\"itemListElement\":[{\"@type\":\"ListItem\",\"position\":1,\"name\":\"Home\",\"item\":\"https:\/\/blondeau.be\/fr\/accueil\/\"},{\"@type\":\"ListItem\",\"position\":2,\"name\":\"Catalogue des produits\",\"item\":\"https:\/\/blondeau.be\/fr\/catalogue-des-produits\/\"},{\"@type\":\"ListItem\",\"position\":3,\"name\":\"Honeywell EC\/RM 7830\"}]},{\"@type\":\"WebSite\",\"@id\":\"https:\/\/blondeau.be\/fr\/#website\",\"url\":\"https:\/\/blondeau.be\/fr\/\",\"name\":\"Blondeau\",\"description\":\"Industrial Heating\",\"publisher\":{\"@id\":\"https:\/\/blondeau.be\/fr\/#organization\"},\"potentialAction\":[{\"@type\":\"SearchAction\",\"target\":{\"@type\":\"EntryPoint\",\"urlTemplate\":\"https:\/\/blondeau.be\/fr\/?s={search_term_string}\"},\"query-input\":{\"@type\":\"PropertyValueSpecification\",\"valueRequired\":true,\"valueName\":\"search_term_string\"}}],\"inLanguage\":\"fr-FR\"},{\"@type\":\"Organization\",\"@id\":\"https:\/\/blondeau.be\/fr\/#organization\",\"name\":\"Blondeau\",\"url\":\"https:\/\/blondeau.be\/fr\/\",\"logo\":{\"@type\":\"ImageObject\",\"inLanguage\":\"fr-FR\",\"@id\":\"https:\/\/blondeau.be\/fr\/#\/schema\/logo\/image\/\",\"url\":\"https:\/\/blondeau.be\/wp-content\/uploads\/2025\/08\/Logo.jpg\",\"contentUrl\":\"https:\/\/blondeau.be\/wp-content\/uploads\/2025\/08\/Logo.jpg\",\"width\":600,\"height\":600,\"caption\":\"Blondeau\"},\"image\":{\"@id\":\"https:\/\/blondeau.be\/fr\/#\/schema\/logo\/image\/\"}}]}<\/script>\n<!-- \/ Yoast SEO plugin. -->","yoast_head_json":{"title":"Honeywell EC\/RM 7830 - Blondeau","robots":{"index":"index","follow":"follow","max-snippet":"max-snippet:-1","max-image-preview":"max-image-preview:large","max-video-preview":"max-video-preview:-1"},"canonical":"https:\/\/blondeau.be\/fr\/produit\/honeywell-ec-rm-7830\/","og_locale":"fr_FR","og_type":"article","og_title":"Honeywell EC\/RM 7830 - Blondeau","og_description":"Le module relais Honeywell EC7830 (230VAC) ou RM7830 (120VAC) est un contr\u00f4le de br\u00fbleur int\u00e9gr\u00e9 bas\u00e9 sur un microprocesseur pour les br\u00fbleurs \u00e0 gaz \u00e0 allumage automatique avec commande marche\/arr\u00eat (on\/off). La base, l&rsquo;amplificateur et la carte de purge (temps de pr\u00e9-purge) sont n\u00e9cessaires pour compl\u00e9ter le syst\u00e8me et sont s\u00e9lectionn\u00e9s en fonction des conditions [&hellip;]","og_url":"https:\/\/blondeau.be\/fr\/produit\/honeywell-ec-rm-7830\/","og_site_name":"Blondeau","article_modified_time":"2025-09-02T08:19:12+00:00","og_image":[{"width":438,"height":388,"url":"https:\/\/blondeau.be\/wp-content\/uploads\/2025\/03\/Hon-EC-RM-7850.jpg","type":"image\/jpeg"}],"twitter_card":"summary_large_image","twitter_misc":{"Dur\u00e9e de lecture estim\u00e9e":"1 minute"},"schema":{"@context":"https:\/\/schema.org","@graph":[{"@type":"WebPage","@id":"https:\/\/blondeau.be\/fr\/produit\/honeywell-ec-rm-7830\/","url":"https:\/\/blondeau.be\/fr\/produit\/honeywell-ec-rm-7830\/","name":"Honeywell EC\/RM 7830 - Blondeau","isPartOf":{"@id":"https:\/\/blondeau.be\/fr\/#website"},"primaryImageOfPage":{"@id":"https:\/\/blondeau.be\/fr\/produit\/honeywell-ec-rm-7830\/#primaryimage"},"image":{"@id":"https:\/\/blondeau.be\/fr\/produit\/honeywell-ec-rm-7830\/#primaryimage"},"thumbnailUrl":"https:\/\/blondeau.be\/wp-content\/uploads\/2025\/03\/Hon-EC-RM-7850.jpg","datePublished":"2025-03-30T20:34:22+00:00","dateModified":"2025-09-02T08:19:12+00:00","breadcrumb":{"@id":"https:\/\/blondeau.be\/fr\/produit\/honeywell-ec-rm-7830\/#breadcrumb"},"inLanguage":"fr-FR","potentialAction":[{"@type":"ReadAction","target":["https:\/\/blondeau.be\/fr\/produit\/honeywell-ec-rm-7830\/"]}]},{"@type":"ImageObject","inLanguage":"fr-FR","@id":"https:\/\/blondeau.be\/fr\/produit\/honeywell-ec-rm-7830\/#primaryimage","url":"https:\/\/blondeau.be\/wp-content\/uploads\/2025\/03\/Hon-EC-RM-7850.jpg","contentUrl":"https:\/\/blondeau.be\/wp-content\/uploads\/2025\/03\/Hon-EC-RM-7850.jpg","width":438,"height":388},{"@type":"BreadcrumbList","@id":"https:\/\/blondeau.be\/fr\/produit\/honeywell-ec-rm-7830\/#breadcrumb","itemListElement":[{"@type":"ListItem","position":1,"name":"Home","item":"https:\/\/blondeau.be\/fr\/accueil\/"},{"@type":"ListItem","position":2,"name":"Catalogue des produits","item":"https:\/\/blondeau.be\/fr\/catalogue-des-produits\/"},{"@type":"ListItem","position":3,"name":"Honeywell EC\/RM 7830"}]},{"@type":"WebSite","@id":"https:\/\/blondeau.be\/fr\/#website","url":"https:\/\/blondeau.be\/fr\/","name":"Blondeau","description":"Industrial Heating","publisher":{"@id":"https:\/\/blondeau.be\/fr\/#organization"},"potentialAction":[{"@type":"SearchAction","target":{"@type":"EntryPoint","urlTemplate":"https:\/\/blondeau.be\/fr\/?s={search_term_string}"},"query-input":{"@type":"PropertyValueSpecification","valueRequired":true,"valueName":"search_term_string"}}],"inLanguage":"fr-FR"},{"@type":"Organization","@id":"https:\/\/blondeau.be\/fr\/#organization","name":"Blondeau","url":"https:\/\/blondeau.be\/fr\/","logo":{"@type":"ImageObject","inLanguage":"fr-FR","@id":"https:\/\/blondeau.be\/fr\/#\/schema\/logo\/image\/","url":"https:\/\/blondeau.be\/wp-content\/uploads\/2025\/08\/Logo.jpg","contentUrl":"https:\/\/blondeau.be\/wp-content\/uploads\/2025\/08\/Logo.jpg","width":600,"height":600,"caption":"Blondeau"},"image":{"@id":"https:\/\/blondeau.be\/fr\/#\/schema\/logo\/image\/"}}]}},"_links":{"self":[{"href":"https:\/\/blondeau.be\/fr\/wp-json\/wp\/v2\/product\/27738","targetHints":{"allow":["GET"]}}],"collection":[{"href":"https:\/\/blondeau.be\/fr\/wp-json\/wp\/v2\/product"}],"about":[{"href":"https:\/\/blondeau.be\/fr\/wp-json\/wp\/v2\/types\/product"}],"wp:featuredmedia":[{"embeddable":true,"href":"https:\/\/blondeau.be\/fr\/wp-json\/wp\/v2\/media\/26807"}],"wp:attachment":[{"href":"https:\/\/blondeau.be\/fr\/wp-json\/wp\/v2\/media?parent=27738"}],"wp:term":[{"taxonomy":"product_brand","embeddable":true,"href":"https:\/\/blondeau.be\/fr\/wp-json\/wp\/v2\/product_brand?post=27738"},{"taxonomy":"product_cat","embeddable":true,"href":"https:\/\/blondeau.be\/fr\/wp-json\/wp\/v2\/product_cat?post=27738"},{"taxonomy":"product_tag","embeddable":true,"href":"https:\/\/blondeau.be\/fr\/wp-json\/wp\/v2\/product_tag?post=27738"}],"curies":[{"name":"wp","href":"https:\/\/api.w.org\/{rel}","templated":true}]}}