{"id":27734,"date":"2025-03-26T19:12:58","date_gmt":"2025-03-26T17:12:58","guid":{"rendered":"https:\/\/blondeau.be\/product\/accessoires-kromschroder\/"},"modified":"2025-06-25T12:06:08","modified_gmt":"2025-06-25T10:06:08","slug":"accessoires-kromschroder","status":"publish","type":"product","link":"https:\/\/blondeau.be\/fr\/produit\/accessoires-kromschroder\/","title":{"rendered":"Accessoires Kromschr\u00f6der"},"content":{"rendered":"<p class=\"\" data-start=\"0\" data-end=\"120\">Divers accessoires sont utilis\u00e9s dans une conduite de gaz pour assurer un fonctionnement s\u00fbr et efficace du syst\u00e8me de gaz. Ces composants jouent un r\u00f4le crucial dans le contr\u00f4le, la mesure et la s\u00e9curisation du flux de gaz. En fonction de l&rsquo;application sp\u00e9cifique et des exigences de l&rsquo;installation, diff\u00e9rents accessoires peuvent \u00eatre int\u00e9gr\u00e9s pour optimiser les performances et la fiabilit\u00e9 du syst\u00e8me.  <\/p>\n<ul>\n<li data-start=\"0\" data-end=\"120\"><a class=\"sample-product-description text-center d-block body1 pt-3\" href=\"https:\/\/process.honeywell.com\/us\/en\/products\/thermal-solutions\/fuel-and-air-delivery\/accessories\/fuel-delivery-accessories\/non-return-gas-valves-grs-grsf\" target=\"_blank\" rel=\"noopener\">Clapets anti-retour de gaz GRS, GRSF<\/a><\/li>\n<li data-start=\"0\" data-end=\"120\"><a class=\"sample-product-description text-center d-block body1 pt-3\" href=\"https:\/\/process.honeywell.com\/us\/en\/products\/thermal-solutions\/fuel-and-air-delivery\/accessories\/fuel-delivery-accessories\/other-fuel-delivery-accessories\" target=\"_blank\" rel=\"noopener\">Autres accessoires d&rsquo;alimentation en carburant<\/a><\/li>\n<li data-start=\"0\" data-end=\"120\"><a class=\"sample-product-description text-center d-block body1 pt-3\" href=\"https:\/\/process.honeywell.com\/us\/en\/products\/thermal-solutions\/fuel-and-air-delivery\/accessories\/fuel-delivery-accessories\/stainless-steel-bellows-units-eko\" target=\"_blank\" rel=\"noopener\">Unit\u00e9s de soufflet en acier inoxydable EKO<\/a><\/li>\n<li data-start=\"0\" data-end=\"120\"><a class=\"sample-product-description text-center d-block body1 pt-3\" href=\"https:\/\/process.honeywell.com\/us\/en\/products\/thermal-solutions\/fuel-and-air-delivery\/accessories\/fuel-delivery-accessories\/stainless-steel-flexible-tubes-es\" target=\"_blank\" rel=\"noopener\">Tubes flexibles en acier inoxydable ES<\/a><\/li>\n<\/ul>\n","protected":false},"excerpt":{"rendered":"<p>Divers accessoires sont utilis\u00e9s dans une conduite de gaz pour assurer un fonctionnement s\u00fbr et efficace du syst\u00e8me de gaz. Ces composants jouent un r\u00f4le crucial dans le contr\u00f4le, la mesure et la s\u00e9curisation du flux de gaz. En fonction de l&rsquo;application sp\u00e9cifique et des exigences de l&rsquo;installation, diff\u00e9rents accessoires peuvent \u00eatre int\u00e9gr\u00e9s pour optimiser [&hellip;]<\/p>\n","protected":false},"featured_media":26718,"template":"","meta":{"_acf_changed":false},"product_brand":[],"product_cat":[344],"product_tag":[],"class_list":{"0":"post-27734","1":"product","2":"type-product","3":"status-publish","4":"has-post-thumbnail","6":"product_cat-accessoires-fr","8":"first","9":"instock","10":"taxable","11":"shipping-taxable","12":"product-type-simple"},"acf":[],"yoast_head":"<!-- This site is optimized with the Yoast SEO plugin v26.8 - https:\/\/yoast.com\/product\/yoast-seo-wordpress\/ -->\n<title>Accessoires Kromschr\u00f6der - Blondeau<\/title>\n<meta name=\"robots\" content=\"index, follow, max-snippet:-1, max-image-preview:large, max-video-preview:-1\" \/>\n<link rel=\"canonical\" href=\"https:\/\/blondeau.be\/fr\/produit\/accessoires-kromschroder\/\" \/>\n<meta property=\"og:locale\" content=\"fr_FR\" \/>\n<meta property=\"og:type\" content=\"article\" \/>\n<meta property=\"og:title\" content=\"Accessoires Kromschr\u00f6der - Blondeau\" \/>\n<meta property=\"og:description\" content=\"Divers accessoires sont utilis\u00e9s dans une conduite de gaz pour assurer un fonctionnement s\u00fbr et efficace du syst\u00e8me de gaz. Ces composants jouent un r\u00f4le crucial dans le contr\u00f4le, la mesure et la s\u00e9curisation du flux de gaz. En fonction de l&rsquo;application sp\u00e9cifique et des exigences de l&rsquo;installation, diff\u00e9rents accessoires peuvent \u00eatre int\u00e9gr\u00e9s pour optimiser [&hellip;]\" \/>\n<meta property=\"og:url\" content=\"https:\/\/blondeau.be\/fr\/produit\/accessoires-kromschroder\/\" \/>\n<meta property=\"og:site_name\" content=\"Blondeau\" \/>\n<meta property=\"article:modified_time\" content=\"2025-06-25T10:06:08+00:00\" \/>\n<meta property=\"og:image\" content=\"https:\/\/blondeau.be\/wp-content\/uploads\/2025\/03\/Accessoires-1.jpg\" \/>\n\t<meta property=\"og:image:width\" content=\"762\" \/>\n\t<meta property=\"og:image:height\" content=\"540\" \/>\n\t<meta property=\"og:image:type\" content=\"image\/jpeg\" \/>\n<meta name=\"twitter:card\" content=\"summary_large_image\" \/>\n<script type=\"application\/ld+json\" class=\"yoast-schema-graph\">{\"@context\":\"https:\/\/schema.org\",\"@graph\":[{\"@type\":\"WebPage\",\"@id\":\"https:\/\/blondeau.be\/fr\/produit\/accessoires-kromschroder\/\",\"url\":\"https:\/\/blondeau.be\/fr\/produit\/accessoires-kromschroder\/\",\"name\":\"Accessoires Kromschr\u00f6der - Blondeau\",\"isPartOf\":{\"@id\":\"https:\/\/blondeau.be\/fr\/#website\"},\"primaryImageOfPage\":{\"@id\":\"https:\/\/blondeau.be\/fr\/produit\/accessoires-kromschroder\/#primaryimage\"},\"image\":{\"@id\":\"https:\/\/blondeau.be\/fr\/produit\/accessoires-kromschroder\/#primaryimage\"},\"thumbnailUrl\":\"https:\/\/blondeau.be\/wp-content\/uploads\/2025\/03\/Accessoires-1.jpg\",\"datePublished\":\"2025-03-26T17:12:58+00:00\",\"dateModified\":\"2025-06-25T10:06:08+00:00\",\"breadcrumb\":{\"@id\":\"https:\/\/blondeau.be\/fr\/produit\/accessoires-kromschroder\/#breadcrumb\"},\"inLanguage\":\"fr-FR\",\"potentialAction\":[{\"@type\":\"ReadAction\",\"target\":[\"https:\/\/blondeau.be\/fr\/produit\/accessoires-kromschroder\/\"]}]},{\"@type\":\"ImageObject\",\"inLanguage\":\"fr-FR\",\"@id\":\"https:\/\/blondeau.be\/fr\/produit\/accessoires-kromschroder\/#primaryimage\",\"url\":\"https:\/\/blondeau.be\/wp-content\/uploads\/2025\/03\/Accessoires-1.jpg\",\"contentUrl\":\"https:\/\/blondeau.be\/wp-content\/uploads\/2025\/03\/Accessoires-1.jpg\",\"width\":762,\"height\":540},{\"@type\":\"BreadcrumbList\",\"@id\":\"https:\/\/blondeau.be\/fr\/produit\/accessoires-kromschroder\/#breadcrumb\",\"itemListElement\":[{\"@type\":\"ListItem\",\"position\":1,\"name\":\"Home\",\"item\":\"https:\/\/blondeau.be\/fr\/accueil\/\"},{\"@type\":\"ListItem\",\"position\":2,\"name\":\"Catalogue des produits\",\"item\":\"https:\/\/blondeau.be\/fr\/catalogue-des-produits\/\"},{\"@type\":\"ListItem\",\"position\":3,\"name\":\"Accessoires Kromschr\u00f6der\"}]},{\"@type\":\"WebSite\",\"@id\":\"https:\/\/blondeau.be\/fr\/#website\",\"url\":\"https:\/\/blondeau.be\/fr\/\",\"name\":\"Blondeau\",\"description\":\"Industrial Heating\",\"publisher\":{\"@id\":\"https:\/\/blondeau.be\/fr\/#organization\"},\"potentialAction\":[{\"@type\":\"SearchAction\",\"target\":{\"@type\":\"EntryPoint\",\"urlTemplate\":\"https:\/\/blondeau.be\/fr\/?s={search_term_string}\"},\"query-input\":{\"@type\":\"PropertyValueSpecification\",\"valueRequired\":true,\"valueName\":\"search_term_string\"}}],\"inLanguage\":\"fr-FR\"},{\"@type\":\"Organization\",\"@id\":\"https:\/\/blondeau.be\/fr\/#organization\",\"name\":\"Blondeau\",\"url\":\"https:\/\/blondeau.be\/fr\/\",\"logo\":{\"@type\":\"ImageObject\",\"inLanguage\":\"fr-FR\",\"@id\":\"https:\/\/blondeau.be\/fr\/#\/schema\/logo\/image\/\",\"url\":\"https:\/\/blondeau.be\/wp-content\/uploads\/2025\/08\/Logo.jpg\",\"contentUrl\":\"https:\/\/blondeau.be\/wp-content\/uploads\/2025\/08\/Logo.jpg\",\"width\":600,\"height\":600,\"caption\":\"Blondeau\"},\"image\":{\"@id\":\"https:\/\/blondeau.be\/fr\/#\/schema\/logo\/image\/\"}}]}<\/script>\n<!-- \/ Yoast SEO plugin. -->","yoast_head_json":{"title":"Accessoires Kromschr\u00f6der - Blondeau","robots":{"index":"index","follow":"follow","max-snippet":"max-snippet:-1","max-image-preview":"max-image-preview:large","max-video-preview":"max-video-preview:-1"},"canonical":"https:\/\/blondeau.be\/fr\/produit\/accessoires-kromschroder\/","og_locale":"fr_FR","og_type":"article","og_title":"Accessoires Kromschr\u00f6der - Blondeau","og_description":"Divers accessoires sont utilis\u00e9s dans une conduite de gaz pour assurer un fonctionnement s\u00fbr et efficace du syst\u00e8me de gaz. Ces composants jouent un r\u00f4le crucial dans le contr\u00f4le, la mesure et la s\u00e9curisation du flux de gaz. En fonction de l&rsquo;application sp\u00e9cifique et des exigences de l&rsquo;installation, diff\u00e9rents accessoires peuvent \u00eatre int\u00e9gr\u00e9s pour optimiser [&hellip;]","og_url":"https:\/\/blondeau.be\/fr\/produit\/accessoires-kromschroder\/","og_site_name":"Blondeau","article_modified_time":"2025-06-25T10:06:08+00:00","og_image":[{"width":762,"height":540,"url":"https:\/\/blondeau.be\/wp-content\/uploads\/2025\/03\/Accessoires-1.jpg","type":"image\/jpeg"}],"twitter_card":"summary_large_image","schema":{"@context":"https:\/\/schema.org","@graph":[{"@type":"WebPage","@id":"https:\/\/blondeau.be\/fr\/produit\/accessoires-kromschroder\/","url":"https:\/\/blondeau.be\/fr\/produit\/accessoires-kromschroder\/","name":"Accessoires Kromschr\u00f6der - Blondeau","isPartOf":{"@id":"https:\/\/blondeau.be\/fr\/#website"},"primaryImageOfPage":{"@id":"https:\/\/blondeau.be\/fr\/produit\/accessoires-kromschroder\/#primaryimage"},"image":{"@id":"https:\/\/blondeau.be\/fr\/produit\/accessoires-kromschroder\/#primaryimage"},"thumbnailUrl":"https:\/\/blondeau.be\/wp-content\/uploads\/2025\/03\/Accessoires-1.jpg","datePublished":"2025-03-26T17:12:58+00:00","dateModified":"2025-06-25T10:06:08+00:00","breadcrumb":{"@id":"https:\/\/blondeau.be\/fr\/produit\/accessoires-kromschroder\/#breadcrumb"},"inLanguage":"fr-FR","potentialAction":[{"@type":"ReadAction","target":["https:\/\/blondeau.be\/fr\/produit\/accessoires-kromschroder\/"]}]},{"@type":"ImageObject","inLanguage":"fr-FR","@id":"https:\/\/blondeau.be\/fr\/produit\/accessoires-kromschroder\/#primaryimage","url":"https:\/\/blondeau.be\/wp-content\/uploads\/2025\/03\/Accessoires-1.jpg","contentUrl":"https:\/\/blondeau.be\/wp-content\/uploads\/2025\/03\/Accessoires-1.jpg","width":762,"height":540},{"@type":"BreadcrumbList","@id":"https:\/\/blondeau.be\/fr\/produit\/accessoires-kromschroder\/#breadcrumb","itemListElement":[{"@type":"ListItem","position":1,"name":"Home","item":"https:\/\/blondeau.be\/fr\/accueil\/"},{"@type":"ListItem","position":2,"name":"Catalogue des produits","item":"https:\/\/blondeau.be\/fr\/catalogue-des-produits\/"},{"@type":"ListItem","position":3,"name":"Accessoires Kromschr\u00f6der"}]},{"@type":"WebSite","@id":"https:\/\/blondeau.be\/fr\/#website","url":"https:\/\/blondeau.be\/fr\/","name":"Blondeau","description":"Industrial Heating","publisher":{"@id":"https:\/\/blondeau.be\/fr\/#organization"},"potentialAction":[{"@type":"SearchAction","target":{"@type":"EntryPoint","urlTemplate":"https:\/\/blondeau.be\/fr\/?s={search_term_string}"},"query-input":{"@type":"PropertyValueSpecification","valueRequired":true,"valueName":"search_term_string"}}],"inLanguage":"fr-FR"},{"@type":"Organization","@id":"https:\/\/blondeau.be\/fr\/#organization","name":"Blondeau","url":"https:\/\/blondeau.be\/fr\/","logo":{"@type":"ImageObject","inLanguage":"fr-FR","@id":"https:\/\/blondeau.be\/fr\/#\/schema\/logo\/image\/","url":"https:\/\/blondeau.be\/wp-content\/uploads\/2025\/08\/Logo.jpg","contentUrl":"https:\/\/blondeau.be\/wp-content\/uploads\/2025\/08\/Logo.jpg","width":600,"height":600,"caption":"Blondeau"},"image":{"@id":"https:\/\/blondeau.be\/fr\/#\/schema\/logo\/image\/"}}]}},"_links":{"self":[{"href":"https:\/\/blondeau.be\/fr\/wp-json\/wp\/v2\/product\/27734","targetHints":{"allow":["GET"]}}],"collection":[{"href":"https:\/\/blondeau.be\/fr\/wp-json\/wp\/v2\/product"}],"about":[{"href":"https:\/\/blondeau.be\/fr\/wp-json\/wp\/v2\/types\/product"}],"wp:featuredmedia":[{"embeddable":true,"href":"https:\/\/blondeau.be\/fr\/wp-json\/wp\/v2\/media\/26718"}],"wp:attachment":[{"href":"https:\/\/blondeau.be\/fr\/wp-json\/wp\/v2\/media?parent=27734"}],"wp:term":[{"taxonomy":"product_brand","embeddable":true,"href":"https:\/\/blondeau.be\/fr\/wp-json\/wp\/v2\/product_brand?post=27734"},{"taxonomy":"product_cat","embeddable":true,"href":"https:\/\/blondeau.be\/fr\/wp-json\/wp\/v2\/product_cat?post=27734"},{"taxonomy":"product_tag","embeddable":true,"href":"https:\/\/blondeau.be\/fr\/wp-json\/wp\/v2\/product_tag?post=27734"}],"curies":[{"name":"wp","href":"https:\/\/api.w.org\/{rel}","templated":true}]}}